{"id":746,"date":"2014-10-19T21:07:45","date_gmt":"2014-10-20T02:07:45","guid":{"rendered":"http:\/\/test.blackjackinfo.com\/?page_id=746"},"modified":"2020-02-18T17:58:23","modified_gmt":"2020-02-18T23:58:23","slug":"lecon-15-cours-avance-partie-3","status":"publish","type":"page","link":"https:\/\/www.blackjackinfo.com\/fr\/blackjack-school\/lesson-15-advanced-course-part-3\/","title":{"rendered":"Le\u00e7on 15 - Le cours avanc\u00e9 - Partie 3"},"content":{"rendered":"<h3>Variations de la strat\u00e9gie de base : Double ?<\/h3>\n<p><b>La possibilit\u00e9 de doubler votre mise en \u00e9change de l'acceptation d'une seule carte suppl\u00e9mentaire est une option tr\u00e8s puissante pour le joueur, si elle est utilis\u00e9e correctement.<\/b>  Je ne peux pas vous dire combien de fois j'ai vu des joueurs doubler des mains comme 7 ou 8 contre une carte de 6 du croupier et se lamenter ensuite sur leur sort lorsqu'ils perdent.  Oui, le croupier est tr\u00e8s vuln\u00e9rable avec un 6, mais le fait de placer une mise suppl\u00e9mentaire change les math\u00e9matiques de la main, donc tous les doubles doivent \u00eatre bien r\u00e9fl\u00e9chis.  Par exemple, dans une partie \u00e0 six jeux o\u00f9 le croupier se tient sur A-6, doubler une main de 8 contre le 6 du croupier a un rendement total de 10,31 TPC3T, alors que toucher la main rapporte 12,31 TPC3T et le risque est moindre !<\/p>\n<p><b>Cela dit, il y a un moment o\u00f9 il vaut la peine de doubler un 8 contre un 6 du croupier, et c'est lorsqu'il reste une proportion plus \u00e9lev\u00e9e que la normale de 10 dans le jeu.<\/b>  Ce point est d\u00e9termin\u00e9, bien s\u00fbr, par le compte r\u00e9el.  Plus le compte r\u00e9el est positif, plus il est rentable de doubler.  Inversement, lorsque le compte devient n\u00e9gatif, il devient plus avantageux de toucher certaines mains plut\u00f4t que de doubler.<br \/>\n<div class=\"row\" style=\"margin-bottom:20px\">\n    <div class=\"col-sm-12\">\n                <h2>Les meilleurs casinos en ligne des Etats-Unis <span\n                class=\"flag-icon flag-icon-us\"><\/span><\/h2>\n\n        \n                \n        <div class=\"ranking-table text-center\">\n            <div class=\"row flex ad-row\">\n                <div class=\"col-sm-3\">\n                    <div class=\"row flex\">\n\n                        <div class=\"col-sm-3\">\n                            <div class=\"ranking-number text-center\">\n\n                                1                                \n                            <\/div>\n                        <\/div>\n                        <div class=\"col-sm-9\">\n                            <img decoding=\"async\" src=\"https:\/\/www.blackjackinfo.com\/files\/bovada.png\" data-no-auto-translation=\"\">\n                        <\/div>\n                    <\/div>\n                <\/div>\n                <div class=\"col-sm-4\">\n                    <div class=\"bonus-text text-center\"><span class=\"red\">100% jusqu'\u00e0 $1 000<\/span><\/div>\n\t\t\t\t\t\n\n                <\/div>\n                <div class=\"col-sm-2\">\n                    <a class=\"btn btn-wire\" href=\"\/fr\/casino\/bovada\/\">R\u00e9vision<\/a>\n\n                <\/div>\n                <div class=\"col-sm-3\">\n                    <a rel=\"nofollow\" target=\"_blank\" class=\"btn btn-blue\" href=\"\/goto\/goto\/\">Jouer\n                        Maintenant<\/a>\n\t\t\t\t\t\t\n\n                <\/div>\n            <\/div>\n        <\/div>\n\n\n\n        \n                \n        <div class=\"ranking-table text-center\">\n            <div class=\"row flex ad-row\">\n                <div class=\"col-sm-3\">\n                    <div class=\"row flex\">\n\n                        <div class=\"col-sm-3\">\n                            <div class=\"ranking-number text-center\">\n\n                                2                                \n                            <\/div>\n                        <\/div>\n                        <div class=\"col-sm-9\">\n                            <img decoding=\"async\" src=\"https:\/\/www.blackjackinfo.com\/files\/ignition-casino-logo.png\" data-no-auto-translation=\"\">\n                        <\/div>\n                    <\/div>\n                <\/div>\n                <div class=\"col-sm-4\">\n                    <div class=\"bonus-text text-center\"><span class=\"red\">100% jusqu'\u00e0 $1 000<\/span><\/div>\n\t\t\t\t\t\n\n                <\/div>\n                <div class=\"col-sm-2\">\n                    <a class=\"btn btn-wire\" href=\"\/fr\/casino\/ignition-casino\/\">R\u00e9vision<\/a>\n\n                <\/div>\n                <div class=\"col-sm-3\">\n                    <a rel=\"nofollow\" target=\"_blank\" class=\"btn btn-blue\" href=\"\/goto\/goto\/\">Jouer\n                        Maintenant<\/a>\n\t\t\t\t\t\t\n\n                <\/div>\n            <\/div>\n        <\/div>\n\n\n\n        \n                \n        <div class=\"ranking-table text-center\">\n            <div class=\"row flex ad-row\">\n                <div class=\"col-sm-3\">\n                    <div class=\"row flex\">\n\n                        <div class=\"col-sm-3\">\n                            <div class=\"ranking-number text-center\">\n\n                                3                                \n                            <\/div>\n                        <\/div>\n                        <div class=\"col-sm-9\">\n                            <img decoding=\"async\" src=\"https:\/\/www.blackjackinfo.com\/files\/VipSlots-500x250_dark.svg\" data-no-auto-translation=\"\">\n                        <\/div>\n                    <\/div>\n                <\/div>\n                <div class=\"col-sm-4\">\n                    <div class=\"bonus-text text-center\"><span class=\"red\">100 SPINS GRATUITS sur Secret Life of Cats<\/span><\/div>\n\t\t\t\t\t\n\n                <\/div>\n                <div class=\"col-sm-2\">\n                    <a class=\"btn btn-wire\" href=\"\/fr\/casino\/vipslots-casino\/\">R\u00e9vision<\/a>\n\n                <\/div>\n                <div class=\"col-sm-3\">\n                    <a rel=\"nofollow\" target=\"_blank\" class=\"btn btn-blue\" href=\"\/goto\/goto\/\">Jouer\n                        Maintenant<\/a>\n\t\t\t\t\t\t\n\n                <\/div>\n            <\/div>\n        <\/div>\n\n\n\n        \n                \n        <div class=\"ranking-table text-center\">\n            <div class=\"row flex ad-row\">\n                <div class=\"col-sm-3\">\n                    <div class=\"row flex\">\n\n                        <div class=\"col-sm-3\">\n                            <div class=\"ranking-number text-center\">\n\n                                4                                \n                            <\/div>\n                        <\/div>\n                        <div class=\"col-sm-9\">\n                            <img decoding=\"async\" src=\"https:\/\/www.blackjackinfo.com\/files\/vegas_casino_online.png\" data-no-auto-translation=\"\">\n                        <\/div>\n                    <\/div>\n                <\/div>\n                <div class=\"col-sm-4\">\n                    <div class=\"bonus-text text-center\"><span class=\"red\">300% jusqu'\u00e0 $3,000<\/span><\/div>\n\t\t\t\t\t\n\n                <\/div>\n                <div class=\"col-sm-2\">\n                    <a class=\"btn btn-wire\" href=\"\/fr\/casino\/vegas-casino-online-2\/\">R\u00e9vision<\/a>\n\n                <\/div>\n                <div class=\"col-sm-3\">\n                    <a rel=\"nofollow\" target=\"_blank\" class=\"btn btn-blue\" href=\"\/goto\/goto\/\">Jouer\n                        Maintenant<\/a>\n\t\t\t\t\t\t\n\n                <\/div>\n            <\/div>\n        <\/div>\n\n\n\n        \n                \n        <div class=\"ranking-table text-center\">\n            <div class=\"row flex ad-row\">\n                <div class=\"col-sm-3\">\n                    <div class=\"row flex\">\n\n                        <div class=\"col-sm-3\">\n                            <div class=\"ranking-number text-center\">\n\n                                5                                \n                            <\/div>\n                        <\/div>\n                        <div class=\"col-sm-9\">\n                            <img decoding=\"async\" src=\"https:\/\/www.blackjackinfo.com\/files\/cafe-casino-logo.svg\" data-no-auto-translation=\"\">\n                        <\/div>\n                    <\/div>\n                <\/div>\n                <div class=\"col-sm-4\">\n                    <div class=\"bonus-text text-center\"><span class=\"red\">250% jusqu'\u00e0 $1,500<\/span><\/div>\n\t\t\t\t\t\n\n                <\/div>\n                <div class=\"col-sm-2\">\n                    <a class=\"btn btn-wire\" href=\"\/fr\/casino\/cafe-casino\/\">R\u00e9vision<\/a>\n\n                <\/div>\n                <div class=\"col-sm-3\">\n                    <a rel=\"nofollow\" target=\"_blank\" class=\"btn btn-blue\" href=\"\/goto\/goto\/\">Jouer\n                        Maintenant<\/a>\n\t\t\t\t\t\t\n\n                <\/div>\n            <\/div>\n        <\/div>\n\n\n\n            <\/div>\n<\/div><\/p>\n<p><b>Tout comme vous utilisez des flashcards pour apprendre les variations hit\/stand, cr\u00e9ez un jeu pour le doublage.<\/b> Voici les chiffres dont vous avez besoin :<\/p>\n<h3>Variations de la strat\u00e9gie de base Six jeux, le croupier reste sur A-6<\/h3>\n<div class=\"bji-note\">\nNote de l'\u00e9diteur de BlackjackInfo.com :<\/p>\n<p>Il existe de l\u00e9g\u00e8res diff\u00e9rences entre les indices du ma\u00eetre de jeu publi\u00e9s ici et les indices optimis\u00e9s figurant sur le site Internet de l'Union europ\u00e9enne.<br \/>\nBlackjackInfo <a href=\"http:\/\/www.amazon.com\/dp\/0982119178\/?tag=theblackjacbasic\">Cartes de strat\u00e9gie avanc\u00e9e pour le blackjack<\/a>.<\/p>\n<p>Ces diff\u00e9rences sont g\u00e9n\u00e9ralement dues \u00e0 l'utilisation par le ma\u00eetre du jeu de calculs peu enclins \u00e0 prendre des risques.  Je maintiens que pour la majorit\u00e9 des<br \/>\ndes joueurs (qui ne jouent pas pr\u00e8s du maximum de la fraction Kelly de leur bankroll), les index simples sont pr\u00e9f\u00e9rables aux index simples.<br \/>\nles indices ajust\u00e9s au risque. Dans tous les cas o\u00f9 les indices \u00e0 risque diff\u00e8rent des indices normaux, m\u00eame de plusieurs points,<br \/>\nles d\u00e9cisions sont assez proches et l'effet du choix d'un style d'indice par rapport \u00e0 un autre est minime.<\/p>\n<\/div>\n<h2 class=\"text-center\">Doublage en douceur<\/h2>\n<div class=\"row\">\n<div class=\"col-sm-10 col-center\">\n<div class=\"overflow-scroll\">\n<table class=\"data-table\" border=\"1\" cellspacing=\"0\" cellpadding=\"0\" style=\"border-spacing:0px\">\n<tbody>\n<tr>\n<td>A-2 vs. 4<\/td>\n<td>Double \u00e0 3.<\/td>\n<td width=\"50%\">(Vous avez compris ?  La strat\u00e9gie de base dit de HIT A-2 contre un 4, mais si le vrai compte est 3 ou plus, vous devriez doubler).<\/td>\n<\/tr>\n<tr>\n<td>A-2 vs. 5<\/td>\n<td>Double \u00e0 0.<\/td>\n<td>(Ne vous m\u00e9prenez pas.  La strat\u00e9gie de base dit de DOUBLER A-2 contre un 5, mais si le compte est n\u00e9gatif, il suffit de le frapper ; ne doublez que lorsque le compte est de 0 ou plus).<\/td>\n<\/tr>\n<tr>\n<td>A-2 vs. 6<\/td>\n<td>Double \u00e0 -1.<\/td>\n<td>(ou plus). Tant que le compte reste sup\u00e9rieur \u00e0 -1, vous doublerez ; d\u00e8s qu'il descend en dessous de -1, vous ne ferez que frapper - puis, avec un peu de chance, vous quitterez la table si le compte ne s'am\u00e9liore pas).<\/td>\n<\/tr>\n<tr>\n<td>A-3 vs. 4<\/td>\n<td>Double \u00e0 1.<\/td>\n<\/tr>\n<tr>\n<td>A-3 vs. 5<\/td>\n<td>Double \u00e0 -1.<\/td>\n<\/tr>\n<tr>\n<td>A-4 vs. 4<\/td>\n<td>Double \u00e0 0.<\/td>\n<\/tr>\n<tr>\n<td>A-7 vs. 2<\/td>\n<td>Double \u00e0 1.<\/td>\n<\/tr>\n<tr>\n<td>A-8 vs. 4<\/td>\n<td>Double \u00e0 5.<\/td>\n<\/tr>\n<tr>\n<td>A-8 vs. 5<\/td>\n<td>Double \u00e0 2.<\/td>\n<\/tr>\n<tr>\n<td>A-8 vs. 6<\/td>\n<td>Double \u00e0 1.<\/td>\n<\/tr>\n<tr>\n<td>A-9 vs. 5<\/td>\n<td>Double \u00e0 6.<\/td>\n<\/tr>\n<tr>\n<td>A-9 vs. 6<\/td>\n<td>Double \u00e0 5.<\/td>\n<\/tr>\n<\/tbody>\n<\/table>\n<\/div>\n<\/div>\n<\/div>\n<h2 class=\"text-center\">Doublement dur<\/h2>\n<div class=\"row\">\n<div class=\"col-sm-10 col-center\">\n<div class=\"overflow-scroll\">\n<table class=\"data-table text-center\">\n<tbody>\n<tr>\n<td>8 contre 5<\/td>\n<td>Double \u00e0 6.<\/td>\n<\/tr>\n<tr>\n<td>8 contre 6<\/td>\n<td>Double \u00e0 3.<\/td>\n<\/tr>\n<tr>\n<td>9 contre 2<\/td>\n<td>Double \u00e0 2.<\/td>\n<\/tr>\n<tr>\n<td>9 contre 3<\/td>\n<td>Double \u00e0 0.<\/td>\n<\/tr>\n<tr>\n<td>9 contre 7<\/td>\n<td>Double \u00e0 6.<\/td>\n<\/tr>\n<tr>\n<td>10 contre 9<\/td>\n<td>Double \u00e0 -2.<\/td>\n<\/tr>\n<tr>\n<td>11 contre A<\/td>\n<td>Double \u00e0 1.<\/td>\n<\/tr>\n<\/tbody>\n<\/table>\n<\/div>\n<\/div>\n<\/div>\n<h3>Devoirs<\/h3>\n<p>Cr\u00e9ez une s\u00e9rie de flashcards pour ces variations et commencez \u00e0 les int\u00e9grer \u00e0 votre jeu.<\/p>","protected":false},"excerpt":{"rendered":"<p>Basic Strategy Variations: Double? The opportunity to double your bet in return for agreeing to accept only one more card is a very powerful option for the player, if it&#8217;s utilized correctly. I can&#8217;t tell you how often I see players double hands like 7 or 8 against a dealer&#8217;s up card of 6 and [&hellip;]<\/p>\n","protected":false},"author":2,"featured_media":0,"parent":634,"menu_order":0,"comment_status":"open","ping_status":"open","template":"page-blackjack-school.php","meta":{"_acf_changed":false,"footnotes":""},"tags":[],"class_list":["post-746","page","type-page","status-publish","hentry"],"acf":[],"yoast_head":"<!-- This site is optimized with the Yoast SEO plugin v26.6 - https:\/\/yoast.com\/wordpress\/plugins\/seo\/ -->\n<title>Blackjack School \u1408 Lesson 15 - The Advanced Course - Part 3<\/title>\n<meta name=\"description\" content=\"Lesson 15 in the GameMaster&#039;s Free Blackjack School - Double down strategy variations.\" \/>\n<meta name=\"robots\" content=\"index, follow, max-snippet:-1, max-image-preview:large, max-video-preview:-1\" \/>\n<link rel=\"canonical\" href=\"https:\/\/www.blackjackinfo.com\/fr\/ecole-de-blackjack\/lecon-15-cours-avance-partie-3\/\" \/>\n<meta property=\"og:locale\" content=\"fr_FR\" \/>\n<meta property=\"og:type\" content=\"article\" \/>\n<meta property=\"og:title\" content=\"Blackjack School \u1408 Lesson 15 - The Advanced Course - Part 3\" \/>\n<meta property=\"og:description\" content=\"Lesson 15 in the GameMaster&#039;s Free Blackjack School - Double down strategy variations.\" \/>\n<meta property=\"og:url\" content=\"https:\/\/www.blackjackinfo.com\/fr\/ecole-de-blackjack\/lecon-15-cours-avance-partie-3\/\" \/>\n<meta property=\"og:site_name\" content=\"BlackjackInfo.com\" \/>\n<meta property=\"article:modified_time\" content=\"2020-02-18T23:58:23+00:00\" \/>\n<meta name=\"twitter:label1\" content=\"Dur\u00e9e de lecture estim\u00e9e\" \/>\n\t<meta name=\"twitter:data1\" content=\"3 minutes\" \/>\n<script type=\"application\/ld+json\" class=\"yoast-schema-graph\">{\"@context\":\"https:\/\/schema.org\",\"@graph\":[{\"@type\":\"WebPage\",\"@id\":\"https:\/\/www.blackjackinfo.com\/blackjack-school\/lesson-15-advanced-course-part-3\/\",\"url\":\"https:\/\/www.blackjackinfo.com\/blackjack-school\/lesson-15-advanced-course-part-3\/\",\"name\":\"Blackjack School \u1408 Lesson 15 - The Advanced Course - Part 3\",\"isPartOf\":{\"@id\":\"https:\/\/www.blackjackinfo.com\/#website\"},\"datePublished\":\"2014-10-20T02:07:45+00:00\",\"dateModified\":\"2020-02-18T23:58:23+00:00\",\"description\":\"Lesson 15 in the GameMaster's Free Blackjack School - Double down strategy variations.\",\"breadcrumb\":{\"@id\":\"https:\/\/www.blackjackinfo.com\/blackjack-school\/lesson-15-advanced-course-part-3\/#breadcrumb\"},\"inLanguage\":\"fr-FR\",\"potentialAction\":[{\"@type\":\"ReadAction\",\"target\":[\"https:\/\/www.blackjackinfo.com\/blackjack-school\/lesson-15-advanced-course-part-3\/\"]}]},{\"@type\":\"BreadcrumbList\",\"@id\":\"https:\/\/www.blackjackinfo.com\/blackjack-school\/lesson-15-advanced-course-part-3\/#breadcrumb\",\"itemListElement\":[{\"@type\":\"ListItem\",\"position\":1,\"name\":\"Home\",\"item\":\"https:\/\/www.blackjackinfo.com\/\"},{\"@type\":\"ListItem\",\"position\":2,\"name\":\"Blackjack School &#8211; A Free 24-Lesson Class on Card Counting\",\"item\":\"https:\/\/www.blackjackinfo.com\/blackjack-school\/\"},{\"@type\":\"ListItem\",\"position\":3,\"name\":\"Lesson 15 &#8211; The Advanced Course &#8211; Part 3\"}]},{\"@type\":\"WebSite\",\"@id\":\"https:\/\/www.blackjackinfo.com\/#website\",\"url\":\"https:\/\/www.blackjackinfo.com\/\",\"name\":\"BlackjackInfo.com\",\"description\":\"Because Winning is More Fun!\",\"potentialAction\":[{\"@type\":\"SearchAction\",\"target\":{\"@type\":\"EntryPoint\",\"urlTemplate\":\"https:\/\/www.blackjackinfo.com\/?s={search_term_string}\"},\"query-input\":{\"@type\":\"PropertyValueSpecification\",\"valueRequired\":true,\"valueName\":\"search_term_string\"}}],\"inLanguage\":\"fr-FR\"}]}<\/script>\n<!-- \/ Yoast SEO plugin. -->","yoast_head_json":{"title":"Blackjack School \u1408 Le\u00e7on 15 - Le cours avanc\u00e9 - Partie 3","description":"Le\u00e7on 15 de l'\u00e9cole gratuite de blackjack du GameMaster - Variations de la strat\u00e9gie du double down.","robots":{"index":"index","follow":"follow","max-snippet":"max-snippet:-1","max-image-preview":"max-image-preview:large","max-video-preview":"max-video-preview:-1"},"canonical":"https:\/\/www.blackjackinfo.com\/fr\/ecole-de-blackjack\/lecon-15-cours-avance-partie-3\/","og_locale":"fr_FR","og_type":"article","og_title":"Blackjack School \u1408 Lesson 15 - The Advanced Course - Part 3","og_description":"Lesson 15 in the GameMaster's Free Blackjack School - Double down strategy variations.","og_url":"https:\/\/www.blackjackinfo.com\/fr\/ecole-de-blackjack\/lecon-15-cours-avance-partie-3\/","og_site_name":"BlackjackInfo.com","article_modified_time":"2020-02-18T23:58:23+00:00","twitter_misc":{"Dur\u00e9e de lecture estim\u00e9e":"3 minutes"},"schema":{"@context":"https:\/\/schema.org","@graph":[{"@type":"WebPage","@id":"https:\/\/www.blackjackinfo.com\/blackjack-school\/lesson-15-advanced-course-part-3\/","url":"https:\/\/www.blackjackinfo.com\/blackjack-school\/lesson-15-advanced-course-part-3\/","name":"Blackjack School \u1408 Le\u00e7on 15 - Le cours avanc\u00e9 - Partie 3","isPartOf":{"@id":"https:\/\/www.blackjackinfo.com\/#website"},"datePublished":"2014-10-20T02:07:45+00:00","dateModified":"2020-02-18T23:58:23+00:00","description":"Le\u00e7on 15 de l'\u00e9cole gratuite de blackjack du GameMaster - Variations de la strat\u00e9gie du double down.","breadcrumb":{"@id":"https:\/\/www.blackjackinfo.com\/blackjack-school\/lesson-15-advanced-course-part-3\/#breadcrumb"},"inLanguage":"fr-FR","potentialAction":[{"@type":"ReadAction","target":["https:\/\/www.blackjackinfo.com\/blackjack-school\/lesson-15-advanced-course-part-3\/"]}]},{"@type":"BreadcrumbList","@id":"https:\/\/www.blackjackinfo.com\/blackjack-school\/lesson-15-advanced-course-part-3\/#breadcrumb","itemListElement":[{"@type":"ListItem","position":1,"name":"Home","item":"https:\/\/www.blackjackinfo.com\/"},{"@type":"ListItem","position":2,"name":"Blackjack School &#8211; A Free 24-Lesson Class on Card Counting","item":"https:\/\/www.blackjackinfo.com\/blackjack-school\/"},{"@type":"ListItem","position":3,"name":"Lesson 15 &#8211; The Advanced Course &#8211; Part 3"}]},{"@type":"WebSite","@id":"https:\/\/www.blackjackinfo.com\/#website","url":"https:\/\/www.blackjackinfo.com\/","name":"BlackjackInfo.com","description":"Parce que gagner, c'est plus amusant !","potentialAction":[{"@type":"SearchAction","target":{"@type":"EntryPoint","urlTemplate":"https:\/\/www.blackjackinfo.com\/?s={search_term_string}"},"query-input":{"@type":"PropertyValueSpecification","valueRequired":true,"valueName":"search_term_string"}}],"inLanguage":"fr-FR"}]}},"_links":{"self":[{"href":"https:\/\/www.blackjackinfo.com\/fr\/wp-json\/wp\/v2\/pages\/746","targetHints":{"allow":["GET"]}}],"collection":[{"href":"https:\/\/www.blackjackinfo.com\/fr\/wp-json\/wp\/v2\/pages"}],"about":[{"href":"https:\/\/www.blackjackinfo.com\/fr\/wp-json\/wp\/v2\/types\/page"}],"author":[{"embeddable":true,"href":"https:\/\/www.blackjackinfo.com\/fr\/wp-json\/wp\/v2\/users\/2"}],"replies":[{"embeddable":true,"href":"https:\/\/www.blackjackinfo.com\/fr\/wp-json\/wp\/v2\/comments?post=746"}],"version-history":[{"count":18,"href":"https:\/\/www.blackjackinfo.com\/fr\/wp-json\/wp\/v2\/pages\/746\/revisions"}],"predecessor-version":[{"id":5465,"href":"https:\/\/www.blackjackinfo.com\/fr\/wp-json\/wp\/v2\/pages\/746\/revisions\/5465"}],"up":[{"embeddable":true,"href":"https:\/\/www.blackjackinfo.com\/fr\/wp-json\/wp\/v2\/pages\/634"}],"wp:attachment":[{"href":"https:\/\/www.blackjackinfo.com\/fr\/wp-json\/wp\/v2\/media?parent=746"}],"wp:term":[{"taxonomy":"post_tag","embeddable":true,"href":"https:\/\/www.blackjackinfo.com\/fr\/wp-json\/wp\/v2\/tags?post=746"}],"curies":[{"name":"wp","href":"https:\/\/api.w.org\/{rel}","templated":true}]}}