{"id":748,"date":"2014-10-19T21:12:17","date_gmt":"2014-10-20T02:12:17","guid":{"rendered":"http:\/\/test.blackjackinfo.com\/?page_id=748"},"modified":"2020-02-18T17:58:35","modified_gmt":"2020-02-18T23:58:35","slug":"lecon-16-cours-avance-partie-4","status":"publish","type":"page","link":"https:\/\/www.blackjackinfo.com\/fr\/blackjack-school\/lesson-16-advanced-course-part-4\/","title":{"rendered":"Le\u00e7on 16 - Le cours avanc\u00e9 - Partie 4"},"content":{"rendered":"<h2>Variations de la strat\u00e9gie de base : Fractionner ou ne pas fractionner<\/h2>\n<p><b>Le premier facteur \u00e0 prendre en compte lorsque vous divisez des paires est de savoir si le casino de votre choix autorise ou non le doublement apr\u00e8s division (DAS).<\/b>  Si le DAS est autoris\u00e9, vous devez avoir m\u00e9moris\u00e9 la bonne strat\u00e9gie de base.  Je vois des joueurs faire beaucoup d'erreurs en s\u00e9parant des paires, principalement avec une main de 8, 8.  La plupart d'entre eux savent qu'une paire de 8 doit \u00eatre s\u00e9par\u00e9e contre toutes les cartes sup\u00e9rieures, mais la plupart d'entre eux restent sur leurs positions lorsqu'ils les tiennent contre le 10 du croupier.  Le co\u00fbt de cette erreur n'est pas \u00e9norme, simplement parce qu'une main de 8, 8 est assez rare.  Mais en restant debout, un joueur a une esp\u00e9rance de -.537% et en se s\u00e9parant (si le DAS est autoris\u00e9), une esp\u00e9rance de -.483% est r\u00e9alis\u00e9e.  Ainsi, l'argent suppl\u00e9mentaire qui est risqu\u00e9 donne - \u00e0 long terme - un meilleur rendement.  Pensez-y de la mani\u00e8re suivante.  Pr\u00e9f\u00e9reriez-vous rester avec un 16 contre un 10 ou frapper un 8 contre un 10 ?  En divisant, vous avez la possibilit\u00e9 de toucher un 8. Par ailleurs, les chiffres indiquent \u00e9galement que la division est meilleure lorsque le DAS n'est pas autoris\u00e9, m\u00eame si la diff\u00e9rence n'est pas aussi importante.<br \/>\n<div class=\"row\" style=\"margin-bottom:20px\">\n    <div class=\"col-sm-12\">\n                <h2>Les meilleurs casinos en ligne des Etats-Unis <span\n                class=\"flag-icon flag-icon-us\"><\/span><\/h2>\n\n        \n                \n        <div class=\"ranking-table text-center\">\n            <div class=\"row flex ad-row\">\n                <div class=\"col-sm-3\">\n                    <div class=\"row flex\">\n\n                        <div class=\"col-sm-3\">\n                            <div class=\"ranking-number text-center\">\n\n                                1                                \n                            <\/div>\n                        <\/div>\n                        <div class=\"col-sm-9\">\n                            <img decoding=\"async\" src=\"https:\/\/www.blackjackinfo.com\/files\/bovada.png\" data-no-auto-translation=\"\">\n                        <\/div>\n                    <\/div>\n                <\/div>\n                <div class=\"col-sm-4\">\n                    <div class=\"bonus-text text-center\"><span class=\"red\">100% jusqu'\u00e0 $1 000<\/span><\/div>\n\t\t\t\t\t\n\n                <\/div>\n                <div class=\"col-sm-2\">\n                    <a class=\"btn btn-wire\" href=\"\/fr\/casino\/bovada\/\">R\u00e9vision<\/a>\n\n                <\/div>\n                <div class=\"col-sm-3\">\n                    <a rel=\"nofollow\" target=\"_blank\" class=\"btn btn-blue\" href=\"\/goto\/goto\/\">Jouer\n                        Maintenant<\/a>\n\t\t\t\t\t\t\n\n                <\/div>\n            <\/div>\n        <\/div>\n\n\n\n        \n                \n        <div class=\"ranking-table text-center\">\n            <div class=\"row flex ad-row\">\n                <div class=\"col-sm-3\">\n                    <div class=\"row flex\">\n\n                        <div class=\"col-sm-3\">\n                            <div class=\"ranking-number text-center\">\n\n                                2                                \n                            <\/div>\n                        <\/div>\n                        <div class=\"col-sm-9\">\n                            <img decoding=\"async\" src=\"https:\/\/www.blackjackinfo.com\/files\/ignition-casino-logo.png\" data-no-auto-translation=\"\">\n                        <\/div>\n                    <\/div>\n                <\/div>\n                <div class=\"col-sm-4\">\n                    <div class=\"bonus-text text-center\"><span class=\"red\">100% jusqu'\u00e0 $1 000<\/span><\/div>\n\t\t\t\t\t\n\n                <\/div>\n                <div class=\"col-sm-2\">\n                    <a class=\"btn btn-wire\" href=\"\/fr\/casino\/ignition-casino\/\">R\u00e9vision<\/a>\n\n                <\/div>\n                <div class=\"col-sm-3\">\n                    <a rel=\"nofollow\" target=\"_blank\" class=\"btn btn-blue\" href=\"\/goto\/goto\/\">Jouer\n                        Maintenant<\/a>\n\t\t\t\t\t\t\n\n                <\/div>\n            <\/div>\n        <\/div>\n\n\n\n        \n                \n        <div class=\"ranking-table text-center\">\n            <div class=\"row flex ad-row\">\n                <div class=\"col-sm-3\">\n                    <div class=\"row flex\">\n\n                        <div class=\"col-sm-3\">\n                            <div class=\"ranking-number text-center\">\n\n                                3                                \n                            <\/div>\n                        <\/div>\n                        <div class=\"col-sm-9\">\n                            <img decoding=\"async\" src=\"https:\/\/www.blackjackinfo.com\/files\/VipSlots-500x250_dark.svg\" data-no-auto-translation=\"\">\n                        <\/div>\n                    <\/div>\n                <\/div>\n                <div class=\"col-sm-4\">\n                    <div class=\"bonus-text text-center\"><span class=\"red\">100 SPINS GRATUITS sur Secret Life of Cats<\/span><\/div>\n\t\t\t\t\t\n\n                <\/div>\n                <div class=\"col-sm-2\">\n                    <a class=\"btn btn-wire\" href=\"\/fr\/casino\/vipslots-casino\/\">R\u00e9vision<\/a>\n\n                <\/div>\n                <div class=\"col-sm-3\">\n                    <a rel=\"nofollow\" target=\"_blank\" class=\"btn btn-blue\" href=\"\/goto\/goto\/\">Jouer\n                        Maintenant<\/a>\n\t\t\t\t\t\t\n\n                <\/div>\n            <\/div>\n        <\/div>\n\n\n\n        \n                \n        <div class=\"ranking-table text-center\">\n            <div class=\"row flex ad-row\">\n                <div class=\"col-sm-3\">\n                    <div class=\"row flex\">\n\n                        <div class=\"col-sm-3\">\n                            <div class=\"ranking-number text-center\">\n\n                                4                                \n                            <\/div>\n                        <\/div>\n                        <div class=\"col-sm-9\">\n                            <img decoding=\"async\" src=\"https:\/\/www.blackjackinfo.com\/files\/vegas_casino_online.png\" data-no-auto-translation=\"\">\n                        <\/div>\n                    <\/div>\n                <\/div>\n                <div class=\"col-sm-4\">\n                    <div class=\"bonus-text text-center\"><span class=\"red\">300% jusqu'\u00e0 $3,000<\/span><\/div>\n\t\t\t\t\t\n\n                <\/div>\n                <div class=\"col-sm-2\">\n                    <a class=\"btn btn-wire\" href=\"\/fr\/casino\/vegas-casino-online-2\/\">R\u00e9vision<\/a>\n\n                <\/div>\n                <div class=\"col-sm-3\">\n                    <a rel=\"nofollow\" target=\"_blank\" class=\"btn btn-blue\" href=\"\/goto\/goto\/\">Jouer\n                        Maintenant<\/a>\n\t\t\t\t\t\t\n\n                <\/div>\n            <\/div>\n        <\/div>\n\n\n\n        \n                \n        <div class=\"ranking-table text-center\">\n            <div class=\"row flex ad-row\">\n                <div class=\"col-sm-3\">\n                    <div class=\"row flex\">\n\n                        <div class=\"col-sm-3\">\n                            <div class=\"ranking-number text-center\">\n\n                                5                                \n                            <\/div>\n                        <\/div>\n                        <div class=\"col-sm-9\">\n                            <img decoding=\"async\" src=\"https:\/\/www.blackjackinfo.com\/files\/cafe-casino-logo.svg\" data-no-auto-translation=\"\">\n                        <\/div>\n                    <\/div>\n                <\/div>\n                <div class=\"col-sm-4\">\n                    <div class=\"bonus-text text-center\"><span class=\"red\">250% jusqu'\u00e0 $1,500<\/span><\/div>\n\t\t\t\t\t\n\n                <\/div>\n                <div class=\"col-sm-2\">\n                    <a class=\"btn btn-wire\" href=\"\/fr\/casino\/cafe-casino\/\">R\u00e9vision<\/a>\n\n                <\/div>\n                <div class=\"col-sm-3\">\n                    <a rel=\"nofollow\" target=\"_blank\" class=\"btn btn-blue\" href=\"\/goto\/goto\/\">Jouer\n                        Maintenant<\/a>\n\t\t\t\t\t\t\n\n                <\/div>\n            <\/div>\n        <\/div>\n\n\n\n            <\/div>\n<\/div><br \/>\n<b>Plus le nombre de vrais chiffres augmente, plus vous fractionnez, et moins vous fractionnez s'il diminue.<\/b>  Un jeu qui se justifie par un nombre \u00e9lev\u00e9 de cartes est le partage des 10.  Par exemple, il peut arriver qu'il vaille la peine de s\u00e9parer une paire de cartes face \u00e0 un 6. Je conseille \u00e0 mes \u00e9tudiants d'\u00e9viter ce jeu, car il suscite une r\u00e9action n\u00e9gative de la part des autres joueurs de la table.  Je ne me soucie pas vraiment de ce que les autres joueurs d'une table pensent de mon jeu, mais si le personnel de la salle est inform\u00e9 de ce que j'ai fait, il peut d'abord soup\u00e7onner que je suis un compteur.  S'ils m'ont vu jouer une bonne strat\u00e9gie de base et que, soudain, j'ai une grosse mise et que je fais quelque chose comme splitter des 10 contre un 6, ils vont penser que je suis soit tr\u00e8s stupide, soit tr\u00e8s intelligent.  Je pense que tout d\u00e9pend de l'image que vous projetez dans le casino ; si c'est celle d'un \" homme sauvage \", alors allez-y.  Mais si vous \u00eates calme, poli et que vous ne buvez pas, je vous d\u00e9conseille de jouer.<\/p>\n<p><b>Toutes les autres situations de fractionnement doivent \u00eatre suivies \u00e0 la lettre, en particulier celle qui consiste \u00e0 fractionner des 4 contre un 5 ou un 6 (si le DAS est autoris\u00e9).<\/b>  La plupart des gens n'ont pas m\u00e9moris\u00e9 parfaitement la partie paires de la strat\u00e9gie de base, ils ne sauront donc pas ce qui est bien ou mal lorsque vous le faites et la plupart pensent que ce n'est pas bien de s\u00e9parer les 4.  Il n'y a rien de tel que de faire le bon jeu et d'avoir l'air d'un idiot quand vous le faites !<\/p>\n<p>En parcourant les chiffres sur le fractionnement des paires, vous verrez que certains ne correspondent pas \u00e0 ceux publi\u00e9s par Stanford Wong et d'autres auteurs.  Comme je l'ai d\u00e9j\u00e0 expliqu\u00e9, certains ont \u00e9t\u00e9 modifi\u00e9s \u00e0 la suite de l'\u00e9tude de Friedman sur l'aversion pour le risque, et je pense qu'ils ne vous retirent aucun avantage tout en r\u00e9duisant quelque peu votre risque.<\/p>\n<hr>\n<div class=\"bji-note\">\nNote de l'\u00e9diteur de BlackjackInfo.com :<\/p>\n<p>Il existe de l\u00e9g\u00e8res diff\u00e9rences entre les indices du ma\u00eetre de jeu publi\u00e9s ici et les indices optimis\u00e9s figurant sur le site Internet de l'Union europ\u00e9enne.<br \/>\nBlackjackInfo <a href=\"http:\/\/www.amazon.com\/dp\/0982119178\/?tag=theblackjacbasic\">Cartes de strat\u00e9gie avanc\u00e9e pour le blackjack<\/a>.<\/p>\n<p>Ces diff\u00e9rences sont g\u00e9n\u00e9ralement dues \u00e0 l'utilisation par le ma\u00eetre du jeu de calculs peu enclins \u00e0 prendre des risques.  Je maintiens que pour la majorit\u00e9 des<br \/>\ndes joueurs (qui ne jouent pas pr\u00e8s du maximum de la fraction Kelly de leur bankroll), les index simples sont pr\u00e9f\u00e9rables aux index simples.<br \/>\nles indices ajust\u00e9s au risque. Dans tous les cas o\u00f9 les indices \u00e0 risque diff\u00e8rent des indices normaux, m\u00eame de plusieurs points,<br \/>\nles d\u00e9cisions sont assez proches et l'effet du choix d'un style d'indice par rapport \u00e0 un autre est minime.<\/p>\n<\/div>\n<hr>\n<div class=\"row\">\n<div class=\"col-sm-10 col-center\">\n<div class=\"overflow-scroll\">\n<table class=\"data-table\">\n<thead>\n<tr>\n<th colspan=\"3\">Variations de la strat\u00e9gie de base :<br \/>\nLe double apr\u00e8s le partage est autoris\u00e9.<\/th>\n<\/tr>\n<\/thead>\n<tbody>\n<tr>\n<td>3,3 vs. 2<\/td>\n<td>Il faut atteindre un niveau de 0 ou moins.<\/td>\n<td>(Au lieu de se diviser.)<\/td>\n<\/tr>\n<tr>\n<td>4,4 vs. 5<\/td>\n<td>Touch\u00e9 \u00e0 -1 ou moins.<\/td>\n<td>(Au lieu de se diviser.)<\/td>\n<\/tr>\n<tr>\n<td>4,4 vs. 6<\/td>\n<td>Toucher \u00e0 -2 ou moins.<\/td>\n<td>(Au lieu de se diviser.)<\/td>\n<\/tr>\n<tr>\n<td>6,6 vs. 2<\/td>\n<td>Touch\u00e9 \u00e0 -1 ou moins.<\/td>\n<td>(Au lieu de se diviser.)<\/td>\n<\/tr>\n<tr>\n<td>8,8 vs. 10<\/td>\n<td>Stand \u00e0 8.<\/td>\n<td>(Si le d\u00e9compte est tr\u00e8s \u00e9lev\u00e9, vous vous tenez debout au lieu de frapper).<\/td>\n<\/tr>\n<tr>\n<td>9,9 vs. 7<\/td>\n<td>Split \u00e0 6.<\/td>\n<td>Il s'agit d'un jeu \"averse au risque\".<\/td>\n<\/tr>\n<\/tbody>\n<\/table>\n<\/div>\n<\/div>\n<\/div>","protected":false},"excerpt":{"rendered":"<p>Basic Strategy Variations: To Split or Not To Split The primary factor to consider when splitting pairs is whether or not your casino of choice allows doubling after splitting (DAS). If DAS is allowed, you must have the proper basic strategy memorized. I see players make a lot of errors in splitting pairs, primarily with [&hellip;]<\/p>\n","protected":false},"author":2,"featured_media":0,"parent":634,"menu_order":0,"comment_status":"open","ping_status":"open","template":"page-blackjack-school.php","meta":{"_acf_changed":false,"footnotes":""},"tags":[],"class_list":["post-748","page","type-page","status-publish","hentry"],"acf":[],"yoast_head":"<!-- This site is optimized with the Yoast SEO plugin v26.6 - https:\/\/yoast.com\/wordpress\/plugins\/seo\/ -->\n<title>Blackjack School \u1408 Lesson 16 - The Advanced Course - Part 4<\/title>\n<meta name=\"description\" content=\"Lesson 16 in the GameMaster&#039;s Free Blackjack School - Splitting strategy variations in blackjack.\" \/>\n<meta name=\"robots\" content=\"index, follow, max-snippet:-1, max-image-preview:large, max-video-preview:-1\" \/>\n<link rel=\"canonical\" href=\"https:\/\/www.blackjackinfo.com\/fr\/ecole-de-blackjack\/lecon-16-cours-avance-partie-4\/\" \/>\n<meta property=\"og:locale\" content=\"fr_FR\" \/>\n<meta property=\"og:type\" content=\"article\" \/>\n<meta property=\"og:title\" content=\"Blackjack School \u1408 Lesson 16 - The Advanced Course - Part 4\" \/>\n<meta property=\"og:description\" content=\"Lesson 16 in the GameMaster&#039;s Free Blackjack School - Splitting strategy variations in blackjack.\" \/>\n<meta property=\"og:url\" content=\"https:\/\/www.blackjackinfo.com\/fr\/ecole-de-blackjack\/lecon-16-cours-avance-partie-4\/\" \/>\n<meta property=\"og:site_name\" content=\"BlackjackInfo.com\" \/>\n<meta property=\"article:modified_time\" content=\"2020-02-18T23:58:35+00:00\" \/>\n<meta name=\"twitter:label1\" content=\"Dur\u00e9e de lecture estim\u00e9e\" \/>\n\t<meta name=\"twitter:data1\" content=\"3 minutes\" \/>\n<script type=\"application\/ld+json\" class=\"yoast-schema-graph\">{\"@context\":\"https:\/\/schema.org\",\"@graph\":[{\"@type\":\"WebPage\",\"@id\":\"https:\/\/www.blackjackinfo.com\/blackjack-school\/lesson-16-advanced-course-part-4\/\",\"url\":\"https:\/\/www.blackjackinfo.com\/blackjack-school\/lesson-16-advanced-course-part-4\/\",\"name\":\"Blackjack School \u1408 Lesson 16 - The Advanced Course - Part 4\",\"isPartOf\":{\"@id\":\"https:\/\/www.blackjackinfo.com\/#website\"},\"datePublished\":\"2014-10-20T02:12:17+00:00\",\"dateModified\":\"2020-02-18T23:58:35+00:00\",\"description\":\"Lesson 16 in the GameMaster's Free Blackjack School - Splitting strategy variations in blackjack.\",\"breadcrumb\":{\"@id\":\"https:\/\/www.blackjackinfo.com\/blackjack-school\/lesson-16-advanced-course-part-4\/#breadcrumb\"},\"inLanguage\":\"fr-FR\",\"potentialAction\":[{\"@type\":\"ReadAction\",\"target\":[\"https:\/\/www.blackjackinfo.com\/blackjack-school\/lesson-16-advanced-course-part-4\/\"]}]},{\"@type\":\"BreadcrumbList\",\"@id\":\"https:\/\/www.blackjackinfo.com\/blackjack-school\/lesson-16-advanced-course-part-4\/#breadcrumb\",\"itemListElement\":[{\"@type\":\"ListItem\",\"position\":1,\"name\":\"Home\",\"item\":\"https:\/\/www.blackjackinfo.com\/\"},{\"@type\":\"ListItem\",\"position\":2,\"name\":\"Blackjack School &#8211; A Free 24-Lesson Class on Card Counting\",\"item\":\"https:\/\/www.blackjackinfo.com\/blackjack-school\/\"},{\"@type\":\"ListItem\",\"position\":3,\"name\":\"Lesson 16 &#8211; The Advanced Course &#8211; Part 4\"}]},{\"@type\":\"WebSite\",\"@id\":\"https:\/\/www.blackjackinfo.com\/#website\",\"url\":\"https:\/\/www.blackjackinfo.com\/\",\"name\":\"BlackjackInfo.com\",\"description\":\"Because Winning is More Fun!\",\"potentialAction\":[{\"@type\":\"SearchAction\",\"target\":{\"@type\":\"EntryPoint\",\"urlTemplate\":\"https:\/\/www.blackjackinfo.com\/?s={search_term_string}\"},\"query-input\":{\"@type\":\"PropertyValueSpecification\",\"valueRequired\":true,\"valueName\":\"search_term_string\"}}],\"inLanguage\":\"fr-FR\"}]}<\/script>\n<!-- \/ Yoast SEO plugin. -->","yoast_head_json":{"title":"Ecole de Blackjack \u1408 Le\u00e7on 16 - Le cours avanc\u00e9 - Partie 4","description":"Le\u00e7on 16 de la GameMaster's Free Blackjack School - Variations de la strat\u00e9gie de split au blackjack.","robots":{"index":"index","follow":"follow","max-snippet":"max-snippet:-1","max-image-preview":"max-image-preview:large","max-video-preview":"max-video-preview:-1"},"canonical":"https:\/\/www.blackjackinfo.com\/fr\/ecole-de-blackjack\/lecon-16-cours-avance-partie-4\/","og_locale":"fr_FR","og_type":"article","og_title":"Blackjack School \u1408 Lesson 16 - The Advanced Course - Part 4","og_description":"Lesson 16 in the GameMaster's Free Blackjack School - Splitting strategy variations in blackjack.","og_url":"https:\/\/www.blackjackinfo.com\/fr\/ecole-de-blackjack\/lecon-16-cours-avance-partie-4\/","og_site_name":"BlackjackInfo.com","article_modified_time":"2020-02-18T23:58:35+00:00","twitter_misc":{"Dur\u00e9e de lecture estim\u00e9e":"3 minutes"},"schema":{"@context":"https:\/\/schema.org","@graph":[{"@type":"WebPage","@id":"https:\/\/www.blackjackinfo.com\/blackjack-school\/lesson-16-advanced-course-part-4\/","url":"https:\/\/www.blackjackinfo.com\/blackjack-school\/lesson-16-advanced-course-part-4\/","name":"Ecole de Blackjack \u1408 Le\u00e7on 16 - Le cours avanc\u00e9 - Partie 4","isPartOf":{"@id":"https:\/\/www.blackjackinfo.com\/#website"},"datePublished":"2014-10-20T02:12:17+00:00","dateModified":"2020-02-18T23:58:35+00:00","description":"Le\u00e7on 16 de la GameMaster's Free Blackjack School - Variations de la strat\u00e9gie de split au blackjack.","breadcrumb":{"@id":"https:\/\/www.blackjackinfo.com\/blackjack-school\/lesson-16-advanced-course-part-4\/#breadcrumb"},"inLanguage":"fr-FR","potentialAction":[{"@type":"ReadAction","target":["https:\/\/www.blackjackinfo.com\/blackjack-school\/lesson-16-advanced-course-part-4\/"]}]},{"@type":"BreadcrumbList","@id":"https:\/\/www.blackjackinfo.com\/blackjack-school\/lesson-16-advanced-course-part-4\/#breadcrumb","itemListElement":[{"@type":"ListItem","position":1,"name":"Home","item":"https:\/\/www.blackjackinfo.com\/"},{"@type":"ListItem","position":2,"name":"Blackjack School &#8211; A Free 24-Lesson Class on Card Counting","item":"https:\/\/www.blackjackinfo.com\/blackjack-school\/"},{"@type":"ListItem","position":3,"name":"Lesson 16 &#8211; The Advanced Course &#8211; Part 4"}]},{"@type":"WebSite","@id":"https:\/\/www.blackjackinfo.com\/#website","url":"https:\/\/www.blackjackinfo.com\/","name":"BlackjackInfo.com","description":"Parce que gagner, c'est plus amusant !","potentialAction":[{"@type":"SearchAction","target":{"@type":"EntryPoint","urlTemplate":"https:\/\/www.blackjackinfo.com\/?s={search_term_string}"},"query-input":{"@type":"PropertyValueSpecification","valueRequired":true,"valueName":"search_term_string"}}],"inLanguage":"fr-FR"}]}},"_links":{"self":[{"href":"https:\/\/www.blackjackinfo.com\/fr\/wp-json\/wp\/v2\/pages\/748","targetHints":{"allow":["GET"]}}],"collection":[{"href":"https:\/\/www.blackjackinfo.com\/fr\/wp-json\/wp\/v2\/pages"}],"about":[{"href":"https:\/\/www.blackjackinfo.com\/fr\/wp-json\/wp\/v2\/types\/page"}],"author":[{"embeddable":true,"href":"https:\/\/www.blackjackinfo.com\/fr\/wp-json\/wp\/v2\/users\/2"}],"replies":[{"embeddable":true,"href":"https:\/\/www.blackjackinfo.com\/fr\/wp-json\/wp\/v2\/comments?post=748"}],"version-history":[{"count":12,"href":"https:\/\/www.blackjackinfo.com\/fr\/wp-json\/wp\/v2\/pages\/748\/revisions"}],"predecessor-version":[{"id":5466,"href":"https:\/\/www.blackjackinfo.com\/fr\/wp-json\/wp\/v2\/pages\/748\/revisions\/5466"}],"up":[{"embeddable":true,"href":"https:\/\/www.blackjackinfo.com\/fr\/wp-json\/wp\/v2\/pages\/634"}],"wp:attachment":[{"href":"https:\/\/www.blackjackinfo.com\/fr\/wp-json\/wp\/v2\/media?parent=748"}],"wp:term":[{"taxonomy":"post_tag","embeddable":true,"href":"https:\/\/www.blackjackinfo.com\/fr\/wp-json\/wp\/v2\/tags?post=748"}],"curies":[{"name":"wp","href":"https:\/\/api.w.org\/{rel}","templated":true}]}}