{"id":750,"date":"2014-10-19T21:14:38","date_gmt":"2014-10-20T02:14:38","guid":{"rendered":"http:\/\/test.blackjackinfo.com\/?page_id=750"},"modified":"2019-04-09T00:38:15","modified_gmt":"2019-04-09T05:38:15","slug":"lecon-17-cours-avance-partie-5","status":"publish","type":"page","link":"https:\/\/www.blackjackinfo.com\/fr\/blackjack-school\/lesson-17-advanced-course-part-5\/","title":{"rendered":"Le\u00e7on 17 - Le cours avanc\u00e9 - Partie 5"},"content":{"rendered":"<h3>Variations de la strat\u00e9gie de base :  Testez vos connaissances<\/h3>\n<p class=\"intro\">\nEn mettant mes cours sur Internet, je sais que je touche un public beaucoup plus large que lorsque je donnais des cours en personne, mais il me manque la possibilit\u00e9 de voir comment vous vous d\u00e9brouillez dans l'apprentissage de la mati\u00e8re.  Dans mes cours \"en personne\", je faisais toujours passer des tests \u00e0 mes \u00e9tudiants pour \u00e9valuer leurs progr\u00e8s et d\u00e9terminer ainsi l'efficacit\u00e9 de mes m\u00e9thodes d'enseignement.  Nous ne pouvons pas faire cela ici, mais je veux que vous vous testiez avec les m\u00e9thodes que je vais vous montrer, ne serait-ce que parce que cela renforcera votre confiance en vous lorsque vous verrez ce que vous savez vraiment.  Comme nous l'avons fait lors de l'apprentissage de la strat\u00e9gie de base, vous devez d'abord remplir une copie du test directement \u00e0 partir du mat\u00e9riel que je vous ai enseign\u00e9, afin de vous donner une feuille de r\u00e9ponses \u00e0 utiliser lors de la correction des tests ult\u00e9rieurs.<\/p>\n<p><b>Ce test vous demande simplement de \"remplir les blancs\" avec le bon indice de -2 \u00e0 +10.  Imprimez autant de copies que vous le souhaitez.<\/b><\/p>\n<div class=\"col-sm-10 col-center\">\n<div class=\"overflow-scroll\">\n<table class=\"data-table\">\n<tbody>\n<tr>\n<th colspan=\"11\">Matrice de pratique des cours avanc\u00e9s<\/th>\n<\/tr>\n<tr>\n<th>Carte sup\u00e9rieure du croupier<\/th>\n<th>2<\/th>\n<th>3<\/th>\n<th>4<\/th>\n<th>5<\/th>\n<th>6<\/th>\n<th>7<\/th>\n<th>8<\/th>\n<th>9<\/th>\n<th>10<\/th>\n<th>A<\/th>\n<\/tr>\n<tr>\n<td>Main du joueur A,2<\/td>\n<td>H<\/td>\n<td>H<\/td>\n<td>__<\/td>\n<td>__<\/td>\n<td>__<\/td>\n<td>H<\/td>\n<td>H<\/td>\n<td>H<\/td>\n<td>H<\/td>\n<td>H<\/td>\n<\/tr>\n<tr>\n<td>Main du joueur A,3<\/td>\n<td>H<\/td>\n<td>H<\/td>\n<td>__<\/td>\n<td>__<\/td>\n<td>D<\/td>\n<td>H<\/td>\n<td>H<\/td>\n<td>H<\/td>\n<td>H<\/td>\n<td>H<\/td>\n<\/tr>\n<tr>\n<td>Main du joueur A,4<\/td>\n<td>H<\/td>\n<td>H<\/td>\n<td>__<\/td>\n<td>D<\/td>\n<td>D<\/td>\n<td>H<\/td>\n<td>H<\/td>\n<td>H<\/td>\n<td>H<\/td>\n<td>H<\/td>\n<\/tr>\n<tr>\n<td>Main du joueur A,5<\/td>\n<td>H<\/td>\n<td>H<\/td>\n<td>D<\/td>\n<td>D<\/td>\n<td>D<\/td>\n<td>H<\/td>\n<td>H<\/td>\n<td>H<\/td>\n<td>H<\/td>\n<td>H<\/td>\n<\/tr>\n<tr>\n<td>Main du joueur A,6<\/td>\n<td>H<\/td>\n<td>D<\/td>\n<td>D<\/td>\n<td>D<\/td>\n<td>D<\/td>\n<td>H<\/td>\n<td>H<\/td>\n<td>H<\/td>\n<td>H<\/td>\n<td>H<\/td>\n<\/tr>\n<tr>\n<td>Main du joueur A,7<\/td>\n<td>__<\/td>\n<td>D<\/td>\n<td>D<\/td>\n<td>D<\/td>\n<td>D<\/td>\n<td>S<\/td>\n<td>S<\/td>\n<td>H<\/td>\n<td>H<\/td>\n<td>__<\/td>\n<\/tr>\n<tr>\n<td>Main du joueur A,8<\/td>\n<td>S<\/td>\n<td>S<\/td>\n<td>__<\/td>\n<td>__<\/td>\n<td>__<\/td>\n<td>S<\/td>\n<td>S<\/td>\n<td>S<\/td>\n<td>S<\/td>\n<td>S<\/td>\n<\/tr>\n<tr>\n<td>Main du joueur A,9<\/td>\n<td>S<\/td>\n<td>S<\/td>\n<td>S<\/td>\n<td>__<\/td>\n<td>__<\/td>\n<td>S<\/td>\n<td>S<\/td>\n<td>S<\/td>\n<td>S<\/td>\n<td>S<\/td>\n<\/tr>\n<tr>\n<td>Main du joueur 8<\/td>\n<td>H<\/td>\n<td>H<\/td>\n<td>H<\/td>\n<td>__<\/td>\n<td>__<\/td>\n<td>H<\/td>\n<td>H<\/td>\n<td>H<\/td>\n<td>H<\/td>\n<td>H<\/td>\n<\/tr>\n<tr>\n<td>Main du joueur 9<\/td>\n<td>__<\/td>\n<td>__<\/td>\n<td>D<\/td>\n<td>D<\/td>\n<td>D<\/td>\n<td>__<\/td>\n<td>H<\/td>\n<td>H<\/td>\n<td>H<\/td>\n<td>H<\/td>\n<\/tr>\n<tr>\n<td>Main du joueur 10<\/td>\n<td>D<\/td>\n<td>D<\/td>\n<td>D<\/td>\n<td>D<\/td>\n<td>D<\/td>\n<td>D<\/td>\n<td>D<\/td>\n<td>__<\/td>\n<td>H<\/td>\n<td>H<\/td>\n<\/tr>\n<tr>\n<td>Main du joueur 11<\/td>\n<td>D<\/td>\n<td>D<\/td>\n<td>D<\/td>\n<td>D<\/td>\n<td>D<\/td>\n<td>D<\/td>\n<td>D<\/td>\n<td>D<\/td>\n<td>D<\/td>\n<td>__<\/td>\n<\/tr>\n<tr>\n<td>Main du joueur 12<\/td>\n<td>__<\/td>\n<td>__<\/td>\n<td>__<\/td>\n<td>__<\/td>\n<td>S<\/td>\n<td>H<\/td>\n<td>H<\/td>\n<td>H<\/td>\n<td>H<\/td>\n<td>H<\/td>\n<\/tr>\n<tr>\n<td>Main du joueur 13<\/td>\n<td>__<\/td>\n<td>S<\/td>\n<td>S<\/td>\n<td>S<\/td>\n<td>S<\/td>\n<td>H<\/td>\n<td>H<\/td>\n<td>H<\/td>\n<td>H<\/td>\n<td>H<\/td>\n<\/tr>\n<tr>\n<td>Main du joueur 14<\/td>\n<td>S<\/td>\n<td>S<\/td>\n<td>S<\/td>\n<td>S<\/td>\n<td>S<\/td>\n<td>H<\/td>\n<td>H<\/td>\n<td>H<\/td>\n<td>H<\/td>\n<td>__<\/td>\n<\/tr>\n<tr>\n<td>Main du joueur 15<\/td>\n<td>S<\/td>\n<td>S<\/td>\n<td>S<\/td>\n<td>S<\/td>\n<td>S<\/td>\n<td>__<\/td>\n<td>__<\/td>\n<td>__<\/td>\n<td>__<\/td>\n<td>__<\/td>\n<\/tr>\n<tr>\n<td>Main du joueur 16<\/td>\n<td>S<\/td>\n<td>S<\/td>\n<td>S<\/td>\n<td>S<\/td>\n<td>S<\/td>\n<td>__<\/td>\n<td>__<\/td>\n<td>__<\/td>\n<td>__<\/td>\n<td>__<\/td>\n<\/tr>\n<tr>\n<td>Main du joueur 17 ou plus<\/td>\n<td>S<\/td>\n<td>S<\/td>\n<td>S<\/td>\n<td>S<\/td>\n<td>S<\/td>\n<td>S<\/td>\n<td>S<\/td>\n<td>S<\/td>\n<td>S<\/td>\n<td>S<\/td>\n<\/tr>\n<tr>\n<td>Main du joueur 2,2<\/td>\n<td>P<\/td>\n<td>P<\/td>\n<td>P<\/td>\n<td>P<\/td>\n<td>P<\/td>\n<td>P<\/td>\n<td>H<\/td>\n<td>H<\/td>\n<td>H<\/td>\n<td>H<\/td>\n<\/tr>\n<tr>\n<td>Main du joueur 3,3<\/td>\n<td>__<\/td>\n<td>P<\/td>\n<td>P<\/td>\n<td>P<\/td>\n<td>P<\/td>\n<td>P<\/td>\n<td>H<\/td>\n<td>H<\/td>\n<td>H<\/td>\n<td>H<\/td>\n<\/tr>\n<tr>\n<td>Main du joueur 4,4<\/td>\n<td>H<\/td>\n<td>H<\/td>\n<td>H<\/td>\n<td>__<\/td>\n<td>__<\/td>\n<td>H<\/td>\n<td>H<\/td>\n<td>H<\/td>\n<td>H<\/td>\n<td>H<\/td>\n<\/tr>\n<tr>\n<td>Main du joueur 5,5<\/td>\n<td colspan=\"10\">NE JAMAIS DIVISER ; TRAITER COMME \"10<\/td>\n<\/tr>\n<tr>\n<td>Main du joueur 6,6<\/td>\n<td>__<\/td>\n<td>P<\/td>\n<td>P<\/td>\n<td>P<\/td>\n<td>P<\/td>\n<td>H<\/td>\n<td>H<\/td>\n<td>H<\/td>\n<td>H<\/td>\n<td>H<\/td>\n<\/tr>\n<tr>\n<td>Main du joueur 7,7<\/td>\n<td>P<\/td>\n<td>P<\/td>\n<td>P<\/td>\n<td>P<\/td>\n<td>P<\/td>\n<td>P<\/td>\n<td>H<\/td>\n<td>H<\/td>\n<td>H<\/td>\n<td>H<\/td>\n<\/tr>\n<tr>\n<td>Main du joueur 8,8<\/td>\n<td>P<\/td>\n<td>P<\/td>\n<td>P<\/td>\n<td>P<\/td>\n<td>P<\/td>\n<td>P<\/td>\n<td>P<\/td>\n<td>P<\/td>\n<td>__<\/td>\n<td>P<\/td>\n<\/tr>\n<tr>\n<td>Main du joueur 9,9<\/td>\n<td>P<\/td>\n<td>P<\/td>\n<td>P<\/td>\n<td>P<\/td>\n<td>P<\/td>\n<td>__<\/td>\n<td>P<\/td>\n<td>P<\/td>\n<td>S<\/td>\n<td>__<\/td>\n<\/tr>\n<tr>\n<td>Main du joueur 10,10<\/td>\n<td>S<\/td>\n<td>S<\/td>\n<td>S<\/td>\n<td>S<\/td>\n<td>S<\/td>\n<td>S<\/td>\n<td>S<\/td>\n<td>S<\/td>\n<td>S<\/td>\n<td>S<\/td>\n<\/tr>\n<tr>\n<td>Main du joueur A,A<\/td>\n<td>P<\/td>\n<td>P<\/td>\n<td>P<\/td>\n<td>P<\/td>\n<td>P<\/td>\n<td>P<\/td>\n<td>P<\/td>\n<td>P<\/td>\n<td>P<\/td>\n<td>P<\/td>\n<\/tr>\n<\/tbody>\n<\/table>\n<\/div>\n<\/div>\n<p><b>CE MATRIX suppose que le DOUBLE APR\u00c8S S\u00c9PARATION est autoris\u00e9 et suppose \u00e9galement que vous ne choisissez pas de s\u00e9parer les 10.<\/b><\/p>\n<h3>Devoirs<\/h3>\n<p>Commencez par cela et essayez d'en faire un par jour pendant les deux prochaines semaines.<\/p>\n<p>Rendez-vous \u00e0 la prochaine le\u00e7on.<\/p>","protected":false},"excerpt":{"rendered":"<p>Basic Strategy Variations: Test Yourself By putting my classes up on the internet, I know I&#8217;m reaching a much larger audience than I ever had while teaching classes in person, but I do miss the ability to see how you all are doing in learning the material. In my &#8216;in-person&#8217; classes, I always tested my [&hellip;]<\/p>\n","protected":false},"author":2,"featured_media":0,"parent":634,"menu_order":0,"comment_status":"open","ping_status":"open","template":"page-blackjack-school.php","meta":{"_acf_changed":false,"footnotes":""},"tags":[],"class_list":["post-750","page","type-page","status-publish","hentry"],"acf":[],"yoast_head":"<!-- This site is optimized with the Yoast SEO plugin v26.6 - https:\/\/yoast.com\/wordpress\/plugins\/seo\/ -->\n<title>Blackjack School \u1408 Lesson 17 - The Advanced Course - Part 5<\/title>\n<meta name=\"description\" content=\"Lesson 17 in the GameMaster&#039;s Free Blackjack School - a quiz on basic strategy variations.\" \/>\n<meta name=\"robots\" content=\"index, follow, max-snippet:-1, max-image-preview:large, max-video-preview:-1\" \/>\n<link rel=\"canonical\" href=\"https:\/\/www.blackjackinfo.com\/fr\/ecole-de-blackjack\/lecon-17-cours-avance-partie-5\/\" \/>\n<meta property=\"og:locale\" content=\"fr_FR\" \/>\n<meta property=\"og:type\" content=\"article\" \/>\n<meta property=\"og:title\" content=\"Blackjack School \u1408 Lesson 17 - The Advanced Course - Part 5\" \/>\n<meta property=\"og:description\" content=\"Lesson 17 in the GameMaster&#039;s Free Blackjack School - a quiz on basic strategy variations.\" \/>\n<meta property=\"og:url\" content=\"https:\/\/www.blackjackinfo.com\/fr\/ecole-de-blackjack\/lecon-17-cours-avance-partie-5\/\" \/>\n<meta property=\"og:site_name\" content=\"BlackjackInfo.com\" \/>\n<meta property=\"article:modified_time\" content=\"2019-04-09T05:38:15+00:00\" \/>\n<meta name=\"twitter:label1\" content=\"Dur\u00e9e de lecture estim\u00e9e\" \/>\n\t<meta name=\"twitter:data1\" content=\"3 minutes\" \/>\n<script type=\"application\/ld+json\" class=\"yoast-schema-graph\">{\"@context\":\"https:\/\/schema.org\",\"@graph\":[{\"@type\":\"WebPage\",\"@id\":\"https:\/\/www.blackjackinfo.com\/blackjack-school\/lesson-17-advanced-course-part-5\/\",\"url\":\"https:\/\/www.blackjackinfo.com\/blackjack-school\/lesson-17-advanced-course-part-5\/\",\"name\":\"Blackjack School \u1408 Lesson 17 - The Advanced Course - Part 5\",\"isPartOf\":{\"@id\":\"https:\/\/www.blackjackinfo.com\/#website\"},\"datePublished\":\"2014-10-20T02:14:38+00:00\",\"dateModified\":\"2019-04-09T05:38:15+00:00\",\"description\":\"Lesson 17 in the GameMaster's Free Blackjack School - a quiz on basic strategy variations.\",\"breadcrumb\":{\"@id\":\"https:\/\/www.blackjackinfo.com\/blackjack-school\/lesson-17-advanced-course-part-5\/#breadcrumb\"},\"inLanguage\":\"fr-FR\",\"potentialAction\":[{\"@type\":\"ReadAction\",\"target\":[\"https:\/\/www.blackjackinfo.com\/blackjack-school\/lesson-17-advanced-course-part-5\/\"]}]},{\"@type\":\"BreadcrumbList\",\"@id\":\"https:\/\/www.blackjackinfo.com\/blackjack-school\/lesson-17-advanced-course-part-5\/#breadcrumb\",\"itemListElement\":[{\"@type\":\"ListItem\",\"position\":1,\"name\":\"Home\",\"item\":\"https:\/\/www.blackjackinfo.com\/\"},{\"@type\":\"ListItem\",\"position\":2,\"name\":\"Blackjack School &#8211; A Free 24-Lesson Class on Card Counting\",\"item\":\"https:\/\/www.blackjackinfo.com\/blackjack-school\/\"},{\"@type\":\"ListItem\",\"position\":3,\"name\":\"Lesson 17 &#8211; The Advanced Course &#8211; Part 5\"}]},{\"@type\":\"WebSite\",\"@id\":\"https:\/\/www.blackjackinfo.com\/#website\",\"url\":\"https:\/\/www.blackjackinfo.com\/\",\"name\":\"BlackjackInfo.com\",\"description\":\"Because Winning is More Fun!\",\"potentialAction\":[{\"@type\":\"SearchAction\",\"target\":{\"@type\":\"EntryPoint\",\"urlTemplate\":\"https:\/\/www.blackjackinfo.com\/?s={search_term_string}\"},\"query-input\":{\"@type\":\"PropertyValueSpecification\",\"valueRequired\":true,\"valueName\":\"search_term_string\"}}],\"inLanguage\":\"fr-FR\"}]}<\/script>\n<!-- \/ Yoast SEO plugin. -->","yoast_head_json":{"title":"Blackjack School \u1408 Le\u00e7on 17 - Le cours avanc\u00e9 - Partie 5","description":"Le\u00e7on 17 de la GameMaster's Free Blackjack School - un quiz sur les variations de la strat\u00e9gie de base.","robots":{"index":"index","follow":"follow","max-snippet":"max-snippet:-1","max-image-preview":"max-image-preview:large","max-video-preview":"max-video-preview:-1"},"canonical":"https:\/\/www.blackjackinfo.com\/fr\/ecole-de-blackjack\/lecon-17-cours-avance-partie-5\/","og_locale":"fr_FR","og_type":"article","og_title":"Blackjack School \u1408 Lesson 17 - The Advanced Course - Part 5","og_description":"Lesson 17 in the GameMaster's Free Blackjack School - a quiz on basic strategy variations.","og_url":"https:\/\/www.blackjackinfo.com\/fr\/ecole-de-blackjack\/lecon-17-cours-avance-partie-5\/","og_site_name":"BlackjackInfo.com","article_modified_time":"2019-04-09T05:38:15+00:00","twitter_misc":{"Dur\u00e9e de lecture estim\u00e9e":"3 minutes"},"schema":{"@context":"https:\/\/schema.org","@graph":[{"@type":"WebPage","@id":"https:\/\/www.blackjackinfo.com\/blackjack-school\/lesson-17-advanced-course-part-5\/","url":"https:\/\/www.blackjackinfo.com\/blackjack-school\/lesson-17-advanced-course-part-5\/","name":"Blackjack School \u1408 Le\u00e7on 17 - Le cours avanc\u00e9 - Partie 5","isPartOf":{"@id":"https:\/\/www.blackjackinfo.com\/#website"},"datePublished":"2014-10-20T02:14:38+00:00","dateModified":"2019-04-09T05:38:15+00:00","description":"Le\u00e7on 17 de la GameMaster's Free Blackjack School - un quiz sur les variations de la strat\u00e9gie de base.","breadcrumb":{"@id":"https:\/\/www.blackjackinfo.com\/blackjack-school\/lesson-17-advanced-course-part-5\/#breadcrumb"},"inLanguage":"fr-FR","potentialAction":[{"@type":"ReadAction","target":["https:\/\/www.blackjackinfo.com\/blackjack-school\/lesson-17-advanced-course-part-5\/"]}]},{"@type":"BreadcrumbList","@id":"https:\/\/www.blackjackinfo.com\/blackjack-school\/lesson-17-advanced-course-part-5\/#breadcrumb","itemListElement":[{"@type":"ListItem","position":1,"name":"Home","item":"https:\/\/www.blackjackinfo.com\/"},{"@type":"ListItem","position":2,"name":"Blackjack School &#8211; A Free 24-Lesson Class on Card Counting","item":"https:\/\/www.blackjackinfo.com\/blackjack-school\/"},{"@type":"ListItem","position":3,"name":"Lesson 17 &#8211; The Advanced Course &#8211; Part 5"}]},{"@type":"WebSite","@id":"https:\/\/www.blackjackinfo.com\/#website","url":"https:\/\/www.blackjackinfo.com\/","name":"BlackjackInfo.com","description":"Parce que gagner, c'est plus amusant !","potentialAction":[{"@type":"SearchAction","target":{"@type":"EntryPoint","urlTemplate":"https:\/\/www.blackjackinfo.com\/?s={search_term_string}"},"query-input":{"@type":"PropertyValueSpecification","valueRequired":true,"valueName":"search_term_string"}}],"inLanguage":"fr-FR"}]}},"_links":{"self":[{"href":"https:\/\/www.blackjackinfo.com\/fr\/wp-json\/wp\/v2\/pages\/750","targetHints":{"allow":["GET"]}}],"collection":[{"href":"https:\/\/www.blackjackinfo.com\/fr\/wp-json\/wp\/v2\/pages"}],"about":[{"href":"https:\/\/www.blackjackinfo.com\/fr\/wp-json\/wp\/v2\/types\/page"}],"author":[{"embeddable":true,"href":"https:\/\/www.blackjackinfo.com\/fr\/wp-json\/wp\/v2\/users\/2"}],"replies":[{"embeddable":true,"href":"https:\/\/www.blackjackinfo.com\/fr\/wp-json\/wp\/v2\/comments?post=750"}],"version-history":[{"count":5,"href":"https:\/\/www.blackjackinfo.com\/fr\/wp-json\/wp\/v2\/pages\/750\/revisions"}],"predecessor-version":[{"id":5315,"href":"https:\/\/www.blackjackinfo.com\/fr\/wp-json\/wp\/v2\/pages\/750\/revisions\/5315"}],"up":[{"embeddable":true,"href":"https:\/\/www.blackjackinfo.com\/fr\/wp-json\/wp\/v2\/pages\/634"}],"wp:attachment":[{"href":"https:\/\/www.blackjackinfo.com\/fr\/wp-json\/wp\/v2\/media?parent=750"}],"wp:term":[{"taxonomy":"post_tag","embeddable":true,"href":"https:\/\/www.blackjackinfo.com\/fr\/wp-json\/wp\/v2\/tags?post=750"}],"curies":[{"name":"wp","href":"https:\/\/api.w.org\/{rel}","templated":true}]}}