{"id":752,"date":"2014-10-19T21:16:40","date_gmt":"2014-10-20T02:16:40","guid":{"rendered":"http:\/\/test.blackjackinfo.com\/?page_id=752"},"modified":"2020-02-18T17:59:11","modified_gmt":"2020-02-18T23:59:11","slug":"lecon-18-blackjack-avance-a-un-seul-jeu-partie-1","status":"publish","type":"page","link":"https:\/\/www.blackjackinfo.com\/fr\/blackjack-school\/lesson-18-advanced-single-deck-blackjack-part-1\/","title":{"rendered":"Le\u00e7on 18 - Blackjack avanc\u00e9 \u00e0 un seul jeu - Partie 1"},"content":{"rendered":"<p class=\"intro\">\nSi le comptage des cartes est en grande partie une science - la science des math\u00e9matiques -, il prend une forme artistique lorsqu'il s'agit d'un jeu \u00e0 un seul jeu.  <b>Il est difficile d'effectuer rapidement une v\u00e9ritable conversion des comptes, il est difficile d'obtenir des \u00e9carts de mise importants (plus de 4 contre 1) et il est difficile de tenir un compte pr\u00e9cis pour un jeu distribu\u00e9 face cach\u00e9e alors que vous avez l'habitude de compter lorsque toutes les cartes sont face visible.<\/b>  Malgr\u00e9 cela, je vous conseille vivement d'apprendre \u00e0 jouer \u00e0 un seul jeu et, au lieu de vous heurter aux jeux \u00e0 plusieurs jeux de votre r\u00e9gion, d'\u00e9conomiser votre argent et de faire 2 ou 3 voyages \u00e0 Reno chaque ann\u00e9e.  Non, je ne suis pas \u00e0 l'emploi de la chambre de commerce de Reno, mais je peux vous dire que c'est un endroit id\u00e9al pour faire $$$ aux tables de blackjack, que c'est relativement bon march\u00e9 et qu'il est g\u00e9n\u00e9ralement tr\u00e8s facile de s'y rendre \u00e0 partir de tous les \u00c9tats-Unis.  Bien s\u00fbr, leurs r\u00e8gles, pour la plupart, sont nulles (seulement double sur 10 et 11, pas de double apr\u00e8s un split et que le croupier touche A-6) et cela donne aux casinos le m\u00eame avantage de 0,5% que vous combattez maintenant, mais il suffit d'une carte +1 pour vous mettre \u00e0 \u00e9galit\u00e9 avec la maison et c'est le v\u00e9ritable attrait du jeu \u00e0 une seule table.  Je dois mentionner que certains casinos \u00e0 Reno (ainsi qu'\u00e0 Tahoe et Laughlin) autorisent le double sur les deux premi\u00e8res cartes, ce qui r\u00e9duit l'avantage du casino \u00e0 environ .2%, ce qui en fait un jeu tout \u00e0 fait battable.<\/p>\n<p><b>La cl\u00e9 pour \u00e9valuer un bon jeu \u00e0 un seul paquet est le nombre de cartes que vous verrez avant le m\u00e9lange.<\/b>  Si vous pouvez trouver un jeu avec une p\u00e9n\u00e9tration de 60% et vous en sortir avec un \u00e9cart de mise de 5 pour 1, il est assez facile d'obtenir un taux de gain \u00e0 long terme de 1,5% de tout l'argent que vous misez, simplement en jouant une strat\u00e9gie de base et en variant vos mises en fonction du d\u00e9compte.  Si vous modifiez \u00e9galement le jeu de votre main en fonction du d\u00e9compte r\u00e9el, il est possible d'obtenir un taux de gain proche de 2%.  C'est de l'argent s\u00e9rieux pour les fans de Blackjack, alors l'effort en vaut la peine.<br \/>\n<div class=\"row\" style=\"margin-bottom:20px\">\n    <div class=\"col-sm-12\">\n                <h2>Les meilleurs casinos en ligne des Etats-Unis <span\n                class=\"flag-icon flag-icon-us\"><\/span><\/h2>\n\n        \n                \n        <div class=\"ranking-table text-center\">\n            <div class=\"row flex ad-row\">\n                <div class=\"col-sm-3\">\n                    <div class=\"row flex\">\n\n                        <div class=\"col-sm-3\">\n                            <div class=\"ranking-number text-center\">\n\n                                1                                \n                            <\/div>\n                        <\/div>\n                        <div class=\"col-sm-9\">\n                            <img decoding=\"async\" src=\"https:\/\/www.blackjackinfo.com\/files\/bovada.png\" data-no-auto-translation=\"\">\n                        <\/div>\n                    <\/div>\n                <\/div>\n                <div class=\"col-sm-4\">\n                    <div class=\"bonus-text text-center\"><span class=\"red\">100% jusqu'\u00e0 $1 000<\/span><\/div>\n\t\t\t\t\t\n\n                <\/div>\n                <div class=\"col-sm-2\">\n                    <a class=\"btn btn-wire\" href=\"\/fr\/casino\/bovada\/\">R\u00e9vision<\/a>\n\n                <\/div>\n                <div class=\"col-sm-3\">\n                    <a rel=\"nofollow\" target=\"_blank\" class=\"btn btn-blue\" href=\"\/goto\/goto\/\">Jouer\n                        Maintenant<\/a>\n\t\t\t\t\t\t\n\n                <\/div>\n            <\/div>\n        <\/div>\n\n\n\n        \n                \n        <div class=\"ranking-table text-center\">\n            <div class=\"row flex ad-row\">\n                <div class=\"col-sm-3\">\n                    <div class=\"row flex\">\n\n                        <div class=\"col-sm-3\">\n                            <div class=\"ranking-number text-center\">\n\n                                2                                \n                            <\/div>\n                        <\/div>\n                        <div class=\"col-sm-9\">\n                            <img decoding=\"async\" src=\"https:\/\/www.blackjackinfo.com\/files\/ignition-casino-logo.png\" data-no-auto-translation=\"\">\n                        <\/div>\n                    <\/div>\n                <\/div>\n                <div class=\"col-sm-4\">\n                    <div class=\"bonus-text text-center\"><span class=\"red\">100% jusqu'\u00e0 $1 000<\/span><\/div>\n\t\t\t\t\t\n\n                <\/div>\n                <div class=\"col-sm-2\">\n                    <a class=\"btn btn-wire\" href=\"\/fr\/casino\/ignition-casino\/\">R\u00e9vision<\/a>\n\n                <\/div>\n                <div class=\"col-sm-3\">\n                    <a rel=\"nofollow\" target=\"_blank\" class=\"btn btn-blue\" href=\"\/goto\/goto\/\">Jouer\n                        Maintenant<\/a>\n\t\t\t\t\t\t\n\n                <\/div>\n            <\/div>\n        <\/div>\n\n\n\n        \n                \n        <div class=\"ranking-table text-center\">\n            <div class=\"row flex ad-row\">\n                <div class=\"col-sm-3\">\n                    <div class=\"row flex\">\n\n                        <div class=\"col-sm-3\">\n                            <div class=\"ranking-number text-center\">\n\n                                3                                \n                            <\/div>\n                        <\/div>\n                        <div class=\"col-sm-9\">\n                            <img decoding=\"async\" src=\"https:\/\/www.blackjackinfo.com\/files\/VipSlots-500x250_dark.svg\" data-no-auto-translation=\"\">\n                        <\/div>\n                    <\/div>\n                <\/div>\n                <div class=\"col-sm-4\">\n                    <div class=\"bonus-text text-center\"><span class=\"red\">100 SPINS GRATUITS sur Secret Life of Cats<\/span><\/div>\n\t\t\t\t\t\n\n                <\/div>\n                <div class=\"col-sm-2\">\n                    <a class=\"btn btn-wire\" href=\"\/fr\/casino\/vipslots-casino\/\">R\u00e9vision<\/a>\n\n                <\/div>\n                <div class=\"col-sm-3\">\n                    <a rel=\"nofollow\" target=\"_blank\" class=\"btn btn-blue\" href=\"\/goto\/goto\/\">Jouer\n                        Maintenant<\/a>\n\t\t\t\t\t\t\n\n                <\/div>\n            <\/div>\n        <\/div>\n\n\n\n        \n                \n        <div class=\"ranking-table text-center\">\n            <div class=\"row flex ad-row\">\n                <div class=\"col-sm-3\">\n                    <div class=\"row flex\">\n\n                        <div class=\"col-sm-3\">\n                            <div class=\"ranking-number text-center\">\n\n                                4                                \n                            <\/div>\n                        <\/div>\n                        <div class=\"col-sm-9\">\n                            <img decoding=\"async\" src=\"https:\/\/www.blackjackinfo.com\/files\/vegas_casino_online.png\" data-no-auto-translation=\"\">\n                        <\/div>\n                    <\/div>\n                <\/div>\n                <div class=\"col-sm-4\">\n                    <div class=\"bonus-text text-center\"><span class=\"red\">300% jusqu'\u00e0 $3,000<\/span><\/div>\n\t\t\t\t\t\n\n                <\/div>\n                <div class=\"col-sm-2\">\n                    <a class=\"btn btn-wire\" href=\"\/fr\/casino\/vegas-casino-online-2\/\">R\u00e9vision<\/a>\n\n                <\/div>\n                <div class=\"col-sm-3\">\n                    <a rel=\"nofollow\" target=\"_blank\" class=\"btn btn-blue\" href=\"\/goto\/goto\/\">Jouer\n                        Maintenant<\/a>\n\t\t\t\t\t\t\n\n                <\/div>\n            <\/div>\n        <\/div>\n\n\n\n        \n                \n        <div class=\"ranking-table text-center\">\n            <div class=\"row flex ad-row\">\n                <div class=\"col-sm-3\">\n                    <div class=\"row flex\">\n\n                        <div class=\"col-sm-3\">\n                            <div class=\"ranking-number text-center\">\n\n                                5                                \n                            <\/div>\n                        <\/div>\n                        <div class=\"col-sm-9\">\n                            <img decoding=\"async\" src=\"https:\/\/www.blackjackinfo.com\/files\/cafe-casino-logo.svg\" data-no-auto-translation=\"\">\n                        <\/div>\n                    <\/div>\n                <\/div>\n                <div class=\"col-sm-4\">\n                    <div class=\"bonus-text text-center\"><span class=\"red\">250% jusqu'\u00e0 $1,500<\/span><\/div>\n\t\t\t\t\t\n\n                <\/div>\n                <div class=\"col-sm-2\">\n                    <a class=\"btn btn-wire\" href=\"\/fr\/casino\/cafe-casino\/\">R\u00e9vision<\/a>\n\n                <\/div>\n                <div class=\"col-sm-3\">\n                    <a rel=\"nofollow\" target=\"_blank\" class=\"btn btn-blue\" href=\"\/goto\/goto\/\">Jouer\n                        Maintenant<\/a>\n\t\t\t\t\t\t\n\n                <\/div>\n            <\/div>\n        <\/div>\n\n\n\n            <\/div>\n<\/div><\/p>\n<h3>Quel syst\u00e8me de comptage ?<\/h3>\n<p><b>J'utilise deux syst\u00e8mes diff\u00e9rents pour compter les cartes : le syst\u00e8me Hi\/Lo pour le jeu \u00e0 plusieurs jeux et le syst\u00e8me \"Hi-Opt 1\" pour le jeu \u00e0 un seul jeu.<\/b>  Ce dernier compte les 3-6 comme +1 ; les 7,8,9 et l'as comme 0 et les 10 comme -1.  \u00c9tant donn\u00e9 qu'il n'y a que quatre as \u00e0 comptabiliser dans un jeu \u00e0 un seul jeu, je trouve que le fait d'omettre l'as dans le d\u00e9compte am\u00e9liore le jeu de la main, mais je peux toujours \" ajuster \" le d\u00e9compte pour les besoins des mises.  Parlons un peu du d\u00e9compte des as.  Nous nous attendons \u00e0 ce qu'il y ait un as par quart de paquet jou\u00e9 dans une distribution normale, mais ce n'est pas toujours le cas.  Par exemple, si un quart de paquet a \u00e9t\u00e9 jou\u00e9 et qu'aucun as n'est sorti, le paquet restant est \"riche\" d'un as.  Je peux - \u00e0 des fins de paris - ajouter temporairement +1 au compte, mais \u00e0 des fins de jeu, le compte r\u00e9el sans ajustement est correct.  Vous avez compris ce concept ?  Si un quart de paquet a \u00e9t\u00e9 jou\u00e9 et que 2 as sont sortis, le paquet restant est \"pauvre\" d'un as, et j'abaisserais donc le compte de 1 (c'est-\u00e0-dire que j'ajouterais un moins 1 au compte) juste pour miser, puisque ma chance de recevoir un naturel a diminu\u00e9.  Il s'agit d'un ajout tr\u00e8s puissant \u00e0 votre jeu, mais je vous conseille de ne l'utiliser que pour le jeu \u00e0 un seul jeu, car l'ajustement d'un as est tr\u00e8s \u00e9prouvant mentalement.<\/p>\n<p>Si vous voulez apprendre le d\u00e9compte Hi-Opt, utilisez les m\u00eames techniques que celles que je vous ai montr\u00e9es pour apprendre le d\u00e9compte Hi\/Lo.  Toutes mes techniques avanc\u00e9es seront cependant bas\u00e9es sur le syst\u00e8me Hi\/Lo, puisqu'il semble que ce soit la m\u00e9thode utilis\u00e9e par la plupart d'entre vous.<\/p>\n<p><b>L'aspect le plus difficile du jeu \u00e0 un seul paquet est le calcul du compte r\u00e9el.<\/b>  Tout d'abord, vous devez \"calibrer\" vos yeux pour mesurer le nombre de cartes qui ont \u00e9t\u00e9 jou\u00e9es.  Aujourd'hui, dans la plupart des casinos, le croupier place les d\u00e9fausses dans un casier sur le c\u00f4t\u00e9, contrairement \u00e0 l'\"ancien\" temps o\u00f9 les d\u00e9fausses \u00e9taient plac\u00e9es en dessous, ce qui facilite l'estimation du nombre de cartes.  La partie la plus difficile est la division qui est n\u00e9cessaire.  Dans un jeu \u00e0 plusieurs jeux, nous divisons presque toujours un nombre entier (le compte courant) par un autre nombre qui est au moins \u00e9gal \u00e0 1. Certes, certaines personnes ont du mal \u00e0 diviser rapidement 17 par 2,5, mais il faut peu de temps pour s'y habituer.  En jeu simple, vous divisez toujours par une fraction ou une d\u00e9cimale et ce n'est pas facile.  Par exemple, si vous \u00eates \u00e0 une partie \u00e0 un seul jeu et qu'un quart de jeu a \u00e9t\u00e9 jou\u00e9, avec un compte courant de 3, le vrai compte est 3 divis\u00e9 par 0,75 = 4.  Il s'agit en fait d'un exemple simple.  Essayez de diviser un compte courant de 5 par 0,5.  La r\u00e9ponse est bien s\u00fbr 10, mais combien d'entre vous voulaient dire 2,5 ou 1 ?  Seule la pratique rendra ce processus automatique.<\/p>\n<h3>Devoirs<\/h3>\n<p>Continuez \u00e0 apprendre les num\u00e9ros de d\u00e9cision pour les variations de la strat\u00e9gie de base Hi\/Lo dans les jeux \u00e0 plusieurs jeux.  Pour les plus performants d'entre vous, commencez \u00e0 apprendre le d\u00e9compte Hi-Opt 1.<\/p>","protected":false},"excerpt":{"rendered":"<p>While much of card-counting is a science &#8212; the science of mathematics &#8212; it all takes on something of an art form when playing at a single-deck game. True count conversion is difficult to do quickly, large bet spreads (over 4 to 1) are difficult to obtain and it&#8217;s hard to keep an accurate count [&hellip;]<\/p>\n","protected":false},"author":2,"featured_media":0,"parent":634,"menu_order":0,"comment_status":"open","ping_status":"open","template":"page-blackjack-school.php","meta":{"_acf_changed":false,"footnotes":""},"tags":[],"class_list":["post-752","page","type-page","status-publish","hentry"],"acf":[],"yoast_head":"<!-- This site is optimized with the Yoast SEO plugin v26.6 - https:\/\/yoast.com\/wordpress\/plugins\/seo\/ -->\n<title>Blackjack School \u1408 Lesson 18 - Advanced Single-Deck Blackjack - Part 1<\/title>\n<meta name=\"description\" content=\"Lesson 18 in the GameMaster&#039;s Free Blackjack School - Single deck blackjack.\" \/>\n<meta name=\"robots\" content=\"index, follow, max-snippet:-1, max-image-preview:large, max-video-preview:-1\" \/>\n<link rel=\"canonical\" href=\"https:\/\/www.blackjackinfo.com\/fr\/ecole-de-blackjack\/lecon-18-blackjack-avance-a-un-seul-jeu-partie-1\/\" \/>\n<meta property=\"og:locale\" content=\"fr_FR\" \/>\n<meta property=\"og:type\" content=\"article\" \/>\n<meta property=\"og:title\" content=\"Blackjack School \u1408 Lesson 18 - Advanced Single-Deck Blackjack - Part 1\" \/>\n<meta property=\"og:description\" content=\"Lesson 18 in the GameMaster&#039;s Free Blackjack School - Single deck blackjack.\" \/>\n<meta property=\"og:url\" content=\"https:\/\/www.blackjackinfo.com\/fr\/ecole-de-blackjack\/lecon-18-blackjack-avance-a-un-seul-jeu-partie-1\/\" \/>\n<meta property=\"og:site_name\" content=\"BlackjackInfo.com\" \/>\n<meta property=\"article:modified_time\" content=\"2020-02-18T23:59:11+00:00\" \/>\n<meta name=\"twitter:label1\" content=\"Dur\u00e9e de lecture estim\u00e9e\" \/>\n\t<meta name=\"twitter:data1\" content=\"4 minutes\" \/>\n<script type=\"application\/ld+json\" class=\"yoast-schema-graph\">{\"@context\":\"https:\/\/schema.org\",\"@graph\":[{\"@type\":\"WebPage\",\"@id\":\"https:\/\/www.blackjackinfo.com\/blackjack-school\/lesson-18-advanced-single-deck-blackjack-part-1\/\",\"url\":\"https:\/\/www.blackjackinfo.com\/blackjack-school\/lesson-18-advanced-single-deck-blackjack-part-1\/\",\"name\":\"Blackjack School \u1408 Lesson 18 - Advanced Single-Deck Blackjack - Part 1\",\"isPartOf\":{\"@id\":\"https:\/\/www.blackjackinfo.com\/#website\"},\"datePublished\":\"2014-10-20T02:16:40+00:00\",\"dateModified\":\"2020-02-18T23:59:11+00:00\",\"description\":\"Lesson 18 in the GameMaster's Free Blackjack School - Single deck blackjack.\",\"breadcrumb\":{\"@id\":\"https:\/\/www.blackjackinfo.com\/blackjack-school\/lesson-18-advanced-single-deck-blackjack-part-1\/#breadcrumb\"},\"inLanguage\":\"fr-FR\",\"potentialAction\":[{\"@type\":\"ReadAction\",\"target\":[\"https:\/\/www.blackjackinfo.com\/blackjack-school\/lesson-18-advanced-single-deck-blackjack-part-1\/\"]}]},{\"@type\":\"BreadcrumbList\",\"@id\":\"https:\/\/www.blackjackinfo.com\/blackjack-school\/lesson-18-advanced-single-deck-blackjack-part-1\/#breadcrumb\",\"itemListElement\":[{\"@type\":\"ListItem\",\"position\":1,\"name\":\"Home\",\"item\":\"https:\/\/www.blackjackinfo.com\/\"},{\"@type\":\"ListItem\",\"position\":2,\"name\":\"Blackjack School &#8211; A Free 24-Lesson Class on Card Counting\",\"item\":\"https:\/\/www.blackjackinfo.com\/blackjack-school\/\"},{\"@type\":\"ListItem\",\"position\":3,\"name\":\"Lesson 18 &#8211; Advanced Single-Deck Blackjack &#8211; Part 1\"}]},{\"@type\":\"WebSite\",\"@id\":\"https:\/\/www.blackjackinfo.com\/#website\",\"url\":\"https:\/\/www.blackjackinfo.com\/\",\"name\":\"BlackjackInfo.com\",\"description\":\"Because Winning is More Fun!\",\"potentialAction\":[{\"@type\":\"SearchAction\",\"target\":{\"@type\":\"EntryPoint\",\"urlTemplate\":\"https:\/\/www.blackjackinfo.com\/?s={search_term_string}\"},\"query-input\":{\"@type\":\"PropertyValueSpecification\",\"valueRequired\":true,\"valueName\":\"search_term_string\"}}],\"inLanguage\":\"fr-FR\"}]}<\/script>\n<!-- \/ Yoast SEO plugin. -->","yoast_head_json":{"title":"Blackjack School \u1408 Le\u00e7on 18 - Blackjack avanc\u00e9 \u00e0 un seul jeu - Partie 1","description":"Le\u00e7on 18 de l'\u00e9cole gratuite de blackjack du ma\u00eetre de jeu - Blackjack \u00e0 un seul jeu.","robots":{"index":"index","follow":"follow","max-snippet":"max-snippet:-1","max-image-preview":"max-image-preview:large","max-video-preview":"max-video-preview:-1"},"canonical":"https:\/\/www.blackjackinfo.com\/fr\/ecole-de-blackjack\/lecon-18-blackjack-avance-a-un-seul-jeu-partie-1\/","og_locale":"fr_FR","og_type":"article","og_title":"Blackjack School \u1408 Lesson 18 - Advanced Single-Deck Blackjack - Part 1","og_description":"Lesson 18 in the GameMaster's Free Blackjack School - Single deck blackjack.","og_url":"https:\/\/www.blackjackinfo.com\/fr\/ecole-de-blackjack\/lecon-18-blackjack-avance-a-un-seul-jeu-partie-1\/","og_site_name":"BlackjackInfo.com","article_modified_time":"2020-02-18T23:59:11+00:00","twitter_misc":{"Dur\u00e9e de lecture estim\u00e9e":"4 minutes"},"schema":{"@context":"https:\/\/schema.org","@graph":[{"@type":"WebPage","@id":"https:\/\/www.blackjackinfo.com\/blackjack-school\/lesson-18-advanced-single-deck-blackjack-part-1\/","url":"https:\/\/www.blackjackinfo.com\/blackjack-school\/lesson-18-advanced-single-deck-blackjack-part-1\/","name":"Blackjack School \u1408 Le\u00e7on 18 - Blackjack avanc\u00e9 \u00e0 un seul jeu - Partie 1","isPartOf":{"@id":"https:\/\/www.blackjackinfo.com\/#website"},"datePublished":"2014-10-20T02:16:40+00:00","dateModified":"2020-02-18T23:59:11+00:00","description":"Le\u00e7on 18 de l'\u00e9cole gratuite de blackjack du ma\u00eetre de jeu - Blackjack \u00e0 un seul jeu.","breadcrumb":{"@id":"https:\/\/www.blackjackinfo.com\/blackjack-school\/lesson-18-advanced-single-deck-blackjack-part-1\/#breadcrumb"},"inLanguage":"fr-FR","potentialAction":[{"@type":"ReadAction","target":["https:\/\/www.blackjackinfo.com\/blackjack-school\/lesson-18-advanced-single-deck-blackjack-part-1\/"]}]},{"@type":"BreadcrumbList","@id":"https:\/\/www.blackjackinfo.com\/blackjack-school\/lesson-18-advanced-single-deck-blackjack-part-1\/#breadcrumb","itemListElement":[{"@type":"ListItem","position":1,"name":"Home","item":"https:\/\/www.blackjackinfo.com\/"},{"@type":"ListItem","position":2,"name":"Blackjack School &#8211; A Free 24-Lesson Class on Card Counting","item":"https:\/\/www.blackjackinfo.com\/blackjack-school\/"},{"@type":"ListItem","position":3,"name":"Lesson 18 &#8211; Advanced Single-Deck Blackjack &#8211; Part 1"}]},{"@type":"WebSite","@id":"https:\/\/www.blackjackinfo.com\/#website","url":"https:\/\/www.blackjackinfo.com\/","name":"BlackjackInfo.com","description":"Parce que gagner, c'est plus amusant !","potentialAction":[{"@type":"SearchAction","target":{"@type":"EntryPoint","urlTemplate":"https:\/\/www.blackjackinfo.com\/?s={search_term_string}"},"query-input":{"@type":"PropertyValueSpecification","valueRequired":true,"valueName":"search_term_string"}}],"inLanguage":"fr-FR"}]}},"_links":{"self":[{"href":"https:\/\/www.blackjackinfo.com\/fr\/wp-json\/wp\/v2\/pages\/752","targetHints":{"allow":["GET"]}}],"collection":[{"href":"https:\/\/www.blackjackinfo.com\/fr\/wp-json\/wp\/v2\/pages"}],"about":[{"href":"https:\/\/www.blackjackinfo.com\/fr\/wp-json\/wp\/v2\/types\/page"}],"author":[{"embeddable":true,"href":"https:\/\/www.blackjackinfo.com\/fr\/wp-json\/wp\/v2\/users\/2"}],"replies":[{"embeddable":true,"href":"https:\/\/www.blackjackinfo.com\/fr\/wp-json\/wp\/v2\/comments?post=752"}],"version-history":[{"count":2,"href":"https:\/\/www.blackjackinfo.com\/fr\/wp-json\/wp\/v2\/pages\/752\/revisions"}],"predecessor-version":[{"id":5467,"href":"https:\/\/www.blackjackinfo.com\/fr\/wp-json\/wp\/v2\/pages\/752\/revisions\/5467"}],"up":[{"embeddable":true,"href":"https:\/\/www.blackjackinfo.com\/fr\/wp-json\/wp\/v2\/pages\/634"}],"wp:attachment":[{"href":"https:\/\/www.blackjackinfo.com\/fr\/wp-json\/wp\/v2\/media?parent=752"}],"wp:term":[{"taxonomy":"post_tag","embeddable":true,"href":"https:\/\/www.blackjackinfo.com\/fr\/wp-json\/wp\/v2\/tags?post=752"}],"curies":[{"name":"wp","href":"https:\/\/api.w.org\/{rel}","templated":true}]}}