{"id":765,"date":"2014-10-20T14:54:21","date_gmt":"2014-10-20T19:54:21","guid":{"rendered":"http:\/\/test.blackjackinfo.com\/?page_id=765"},"modified":"2020-02-18T18:00:12","modified_gmt":"2020-02-19T00:00:12","slug":"lecon-21-battre-le-jeu-a-deux-etages-partie-1","status":"publish","type":"page","link":"https:\/\/www.blackjackinfo.com\/fr\/blackjack-school\/lesson-21-beating-the-double-deck-game-part-1\/","title":{"rendered":"Le\u00e7on 21 - Vaincre le jeu \u00e0 deux paquets - Partie 1"},"content":{"rendered":"<p class=\"intro\">\n<b>\u00c0 premi\u00e8re vue, il semblerait logique qu'un joueur intelligent r\u00e9ussisse mieux \u00e0 un jeu qui utilise moins de jeux, mais ce n'est pas toujours le cas lorsque vous comparez les jeux \u00e0 deux jeux avec les jeux \u00e0 six jeux.<\/b>  De nombreuses variables entrent en jeu, notamment les r\u00e8gles des jeux, le montant minimum de la mise et l'attention port\u00e9e aux jeux par le personnel de surveillance des casinos.  Si vous ne comptez pas les cartes, il est tr\u00e8s probable que vous fassiez mieux d'\u00e9viter les jeux \u00e0 double jeu.  Je sais que certains d'entre vous peuvent \u00eatre surpris par ce commentaire, mais je le fais en me basant sur le fait que de nombreux casinos ont des r\u00e8gles moins lib\u00e9rales pour leurs jeux \u00e0 deux \u00e9tages, tout en exigeant des mises minimales plus \u00e9lev\u00e9es.  Par cons\u00e9quent, l'avantage global du casino peut \u00eatre similaire \u00e0 celui de son jeu \u00e0 six colonnes, mais vous devrez miser davantage sur chaque main pour avoir le privil\u00e8ge de jouer.  \u00c9tant donn\u00e9 qu'un non-compteur ne peut pas obtenir d'avantage \u00e0 long terme sur le casino, vous ne ferez que miser davantage de fa\u00e7on r\u00e9guli\u00e8re et le casino finira par obtenir son $$$.<\/p>\n<p>Ne vous m\u00e9prenez pas ; <b>si les r\u00e8gles sont les m\u00eames, un jeu utilisant deux jeux aura un avantage plus faible qu'un jeu utilisant six jeux, alors que les strat\u00e9gies sont presque identiques.<\/b>  Si les mises minimales sont les m\u00eames (ou si elles se situent au moins \u00e0 votre niveau de confort), optez pour le jeu \u00e0 deux \u00e9tages.  Il s'agit l\u00e0 d'un point essentiel.  La strat\u00e9gie de base appropri\u00e9e pour un jeu \u00e0 deux jeux ressemble beaucoup \u00e0 celle d'un jeu \u00e0 quatre ou six jeux, bien plus qu'\u00e0 celle d'un jeu \u00e0 un seul jeu.  Les quelques diff\u00e9rences entre un jeu \u00e0 deux jeux et un jeu \u00e0 six jeux avec les m\u00eames r\u00e8gles (le croupier touche ou reste sur un soft 17, le double apr\u00e8s le partage est autoris\u00e9, etc.) r\u00e9sident principalement dans le partage des paires et, \u00e9tant donn\u00e9 que les paires sont les mains les plus rares que vous obtiendrez, l'impact est n\u00e9gligeable.  Il se peut que je me trompe, alors v\u00e9rifiez, mais je crois que le seul changement est de s\u00e9parer une paire de 7 contre le 8 du croupier dans un jeu \u00e0 deux \u00e9tages.  Dans un jeu \u00e0 six \u00e9tages, vous ne faites pas cela.  Ce n'est pas une main que vous verrez tous les jours, d'une mani\u00e8re ou d'une autre.<\/p>\n<div class=\"bji-note\">\n<b>Note de l'\u00e9diteur de BlackjackInfo.com :<\/b><br \/>\nIl n'y a en effet qu'une poign\u00e9e de changements de strat\u00e9gie entre le jeu \u00e0 6 jeux et le jeu \u00e0 2 jeux.  Dans une partie de S17 \u00e0 2 jeux : Diviser 77v8, Diviser 66v7, et Doubler 9v2.  Si le jeu est H17, doublez \u00e9galement A3v4.<\/div>\n<p><b>Ce que je veux dire, c'est que vous pouvez aller et venir entre les jeux DD et 6D sans craindre de jouer de mani\u00e8re inappropri\u00e9e, mais la grande question est de savoir si vous devez le faire ou non.<\/b>  Nous avons d\u00e9j\u00e0 abord\u00e9 la situation des personnes qui ne comptent pas, alors int\u00e9ressons-nous \u00e0 ceux d'entre vous qui comptent.  M\u00eame dans cette situation, le jeu \u00e0 deux cartes n'est pas n\u00e9cessairement le meilleur choix, et je vous expliquerai pourquoi au fur et \u00e0 mesure que nous avan\u00e7ons.<\/p>\n<p><b>Pour une raison quelconque, de nombreux casinos consid\u00e8rent leurs jeux \u00e0 double plateau comme des jeux \"premium\",<\/b> Les mises minimales y sont donc plus \u00e9lev\u00e9es, les r\u00e8gles moins lib\u00e9rales, la p\u00e9n\u00e9tration moins favorable et ils sont g\u00e9n\u00e9ralement surveill\u00e9s de plus pr\u00e8s par les \"monstres de la fosse\", comme nous les appelons affectueusement ici.   Certains casinos semblent penser que les compteurs se pr\u00e9sentent en masse \u00e0 leurs jeux DD et qu'ils emportent des jetons par caisses enti\u00e8res, mais ce n'est pas n\u00e9cessairement le cas.  Je connais des jeux qui sont tr\u00e8s faciles \u00e0 battre, mais ils sont rares.  <b>La r\u00e9alit\u00e9 est que battre le double pont demande un effort suppl\u00e9mentaire et un jeu de haute vol\u00e9e de la part du compteur. <\/b> Mais vous \u00eates venu ici pour obtenir des r\u00e9ponses et je les ai.<\/p>\n<p><b>L'avantage principal d'un jeu \u00e0 double jeu est la volatilit\u00e9 du compte.<\/b>  Contrairement \u00e0 un jeu \u00e0 4 ou 6 jeux, le compte courant, qui est converti en compte r\u00e9el (compte par jeu restant) dans un jeu DD, peut augmenter ou diminuer rapidement, mais il dispara\u00eet presque aussi vite, en raison du m\u00e9lange.  C'est \u00e9videmment une bonne chose lorsque le compte est n\u00e9gatif, mais ce n'est pas du tout amusant lorsque le compte est \"en hausse\".  Les choses se passent rapidement dans un jeu DD et le compteur avis\u00e9 en profite, mais cela n\u00e9cessite de bonnes comp\u00e9tences en mati\u00e8re de conversion au compte r\u00e9el et presque une certaine capacit\u00e9 \u00e0 anticiper ce qui va se passer, tout en se rappelant que nous ne faisons jamais de suppositions lorsque nous comptons.<br \/>\n<div class=\"row\" style=\"margin-bottom:20px\">\n    <div class=\"col-sm-12\">\n                <h2>Les meilleurs casinos en ligne des Etats-Unis <span\n                class=\"flag-icon flag-icon-us\"><\/span><\/h2>\n\n        \n                \n        <div class=\"ranking-table text-center\">\n            <div class=\"row flex ad-row\">\n                <div class=\"col-sm-3\">\n                    <div class=\"row flex\">\n\n                        <div class=\"col-sm-3\">\n                            <div class=\"ranking-number text-center\">\n\n                                1                                \n                            <\/div>\n                        <\/div>\n                        <div class=\"col-sm-9\">\n                            <img decoding=\"async\" src=\"https:\/\/www.blackjackinfo.com\/files\/bovada.png\" data-no-auto-translation=\"\">\n                        <\/div>\n                    <\/div>\n                <\/div>\n                <div class=\"col-sm-4\">\n                    <div class=\"bonus-text text-center\"><span class=\"red\">100% jusqu'\u00e0 $1 000<\/span><\/div>\n\t\t\t\t\t\n\n                <\/div>\n                <div class=\"col-sm-2\">\n                    <a class=\"btn btn-wire\" href=\"\/fr\/casino\/bovada\/\">R\u00e9vision<\/a>\n\n                <\/div>\n                <div class=\"col-sm-3\">\n                    <a rel=\"nofollow\" target=\"_blank\" class=\"btn btn-blue\" href=\"\/goto\/goto\/\">Jouer\n                        Maintenant<\/a>\n\t\t\t\t\t\t\n\n                <\/div>\n            <\/div>\n        <\/div>\n\n\n\n        \n                \n        <div class=\"ranking-table text-center\">\n            <div class=\"row flex ad-row\">\n                <div class=\"col-sm-3\">\n                    <div class=\"row flex\">\n\n                        <div class=\"col-sm-3\">\n                            <div class=\"ranking-number text-center\">\n\n                                2                                \n                            <\/div>\n                        <\/div>\n                        <div class=\"col-sm-9\">\n                            <img decoding=\"async\" src=\"https:\/\/www.blackjackinfo.com\/files\/ignition-casino-logo.png\" data-no-auto-translation=\"\">\n                        <\/div>\n                    <\/div>\n                <\/div>\n                <div class=\"col-sm-4\">\n                    <div class=\"bonus-text text-center\"><span class=\"red\">100% jusqu'\u00e0 $1 000<\/span><\/div>\n\t\t\t\t\t\n\n                <\/div>\n                <div class=\"col-sm-2\">\n                    <a class=\"btn btn-wire\" href=\"\/fr\/casino\/ignition-casino\/\">R\u00e9vision<\/a>\n\n                <\/div>\n                <div class=\"col-sm-3\">\n                    <a rel=\"nofollow\" target=\"_blank\" class=\"btn btn-blue\" href=\"\/goto\/goto\/\">Jouer\n                        Maintenant<\/a>\n\t\t\t\t\t\t\n\n                <\/div>\n            <\/div>\n        <\/div>\n\n\n\n        \n                \n        <div class=\"ranking-table text-center\">\n            <div class=\"row flex ad-row\">\n                <div class=\"col-sm-3\">\n                    <div class=\"row flex\">\n\n                        <div class=\"col-sm-3\">\n                            <div class=\"ranking-number text-center\">\n\n                                3                                \n                            <\/div>\n                        <\/div>\n                        <div class=\"col-sm-9\">\n                            <img decoding=\"async\" src=\"https:\/\/www.blackjackinfo.com\/files\/VipSlots-500x250_dark.svg\" data-no-auto-translation=\"\">\n                        <\/div>\n                    <\/div>\n                <\/div>\n                <div class=\"col-sm-4\">\n                    <div class=\"bonus-text text-center\"><span class=\"red\">100 SPINS GRATUITS sur Secret Life of Cats<\/span><\/div>\n\t\t\t\t\t\n\n                <\/div>\n                <div class=\"col-sm-2\">\n                    <a class=\"btn btn-wire\" href=\"\/fr\/casino\/vipslots-casino\/\">R\u00e9vision<\/a>\n\n                <\/div>\n                <div class=\"col-sm-3\">\n                    <a rel=\"nofollow\" target=\"_blank\" class=\"btn btn-blue\" href=\"\/goto\/goto\/\">Jouer\n                        Maintenant<\/a>\n\t\t\t\t\t\t\n\n                <\/div>\n            <\/div>\n        <\/div>\n\n\n\n        \n                \n        <div class=\"ranking-table text-center\">\n            <div class=\"row flex ad-row\">\n                <div class=\"col-sm-3\">\n                    <div class=\"row flex\">\n\n                        <div class=\"col-sm-3\">\n                            <div class=\"ranking-number text-center\">\n\n                                4                                \n                            <\/div>\n                        <\/div>\n                        <div class=\"col-sm-9\">\n                            <img decoding=\"async\" src=\"https:\/\/www.blackjackinfo.com\/files\/vegas_casino_online.png\" data-no-auto-translation=\"\">\n                        <\/div>\n                    <\/div>\n                <\/div>\n                <div class=\"col-sm-4\">\n                    <div class=\"bonus-text text-center\"><span class=\"red\">300% jusqu'\u00e0 $3,000<\/span><\/div>\n\t\t\t\t\t\n\n                <\/div>\n                <div class=\"col-sm-2\">\n                    <a class=\"btn btn-wire\" href=\"\/fr\/casino\/vegas-casino-online-2\/\">R\u00e9vision<\/a>\n\n                <\/div>\n                <div class=\"col-sm-3\">\n                    <a rel=\"nofollow\" target=\"_blank\" class=\"btn btn-blue\" href=\"\/goto\/goto\/\">Jouer\n                        Maintenant<\/a>\n\t\t\t\t\t\t\n\n                <\/div>\n            <\/div>\n        <\/div>\n\n\n\n        \n                \n        <div class=\"ranking-table text-center\">\n            <div class=\"row flex ad-row\">\n                <div class=\"col-sm-3\">\n                    <div class=\"row flex\">\n\n                        <div class=\"col-sm-3\">\n                            <div class=\"ranking-number text-center\">\n\n                                5                                \n                            <\/div>\n                        <\/div>\n                        <div class=\"col-sm-9\">\n                            <img decoding=\"async\" src=\"https:\/\/www.blackjackinfo.com\/files\/cafe-casino-logo.svg\" data-no-auto-translation=\"\">\n                        <\/div>\n                    <\/div>\n                <\/div>\n                <div class=\"col-sm-4\">\n                    <div class=\"bonus-text text-center\"><span class=\"red\">250% jusqu'\u00e0 $1,500<\/span><\/div>\n\t\t\t\t\t\n\n                <\/div>\n                <div class=\"col-sm-2\">\n                    <a class=\"btn btn-wire\" href=\"\/fr\/casino\/cafe-casino\/\">R\u00e9vision<\/a>\n\n                <\/div>\n                <div class=\"col-sm-3\">\n                    <a rel=\"nofollow\" target=\"_blank\" class=\"btn btn-blue\" href=\"\/goto\/goto\/\">Jouer\n                        Maintenant<\/a>\n\t\t\t\t\t\t\n\n                <\/div>\n            <\/div>\n        <\/div>\n\n\n\n            <\/div>\n<\/div><\/p>\n<h3>La cl\u00e9 : La p\u00e9n\u00e9tration<\/h3>\n<p><b>\u00c9tant donn\u00e9 qu'un jeu DD n'utilise que 104 cartes, contre 312 pour un jeu 6D, quelques cartes de p\u00e9n\u00e9tration suppl\u00e9mentaires peuvent faire une grande diff\u00e9rence dans la r\u00e9ussite du jeu. <\/b> Dans mes le\u00e7ons de l'\u00c9cole du Blackjack, je vous dis que vous perdez votre temps si vous jouez \u00e0 un jeu \u00e0 6 jeux o\u00f9 moins de 65% des cartes sont distribu\u00e9es avant le m\u00e9lange.  <b>Dans une situation DD, une p\u00e9n\u00e9tration de 65% est tr\u00e8s acceptable, 75% est fantastique et 80% ou plus est ph\u00e9nom\u00e9nal.<\/b>  Ce que vous trouverez plus probablement, c'est une p\u00e9n\u00e9tration de l'ordre de 50%.  Oui, ils ont assembl\u00e9 deux jeux de cartes et n'en utilisent qu'un seul !  Je d\u00e9teste quand cela arrive.<\/p>\n<p><b>Mais la p\u00e9n\u00e9tration est vraiment importante, c'est donc un aspect avec lequel vous devez vous familiariser.<\/b>  Si vous jouez \u00e0 un jeu DD o\u00f9 le croupier touche A-6, vous pouvez doubler sur les deux premi\u00e8res cartes, doubler apr\u00e8s un split, etc. et que vous utilisez un \"spread\" de mise de 1-8 (je l'expliquerai plus tard) et que le casino ne distribue que 50% des cartes, votre avantage \u00e0 long terme tel que d\u00e9termin\u00e9 par les simulations que j'ai effectu\u00e9es sur Statistical Blackjack Analyzer sera d'environ 0,64%.  Si la p\u00e9n\u00e9tration passe \u00e0 60%, l'avantage du joueur passe \u00e0 0,95% et \u00e0 une p\u00e9n\u00e9tration de 75%, il est de 1,47%.  Ce n'est pas si mal.<\/p>\n<p><b>R\u00e9capitulons<\/b> pour qu'il reste avec vous :<\/p>\n<div class=\"col-sm-6 col-center\">\n<table class=\"data-table text-center\">\n<tbody>\n<tr>\n<th colspan=\"2\">Impact de la p\u00e9n\u00e9tration sur un jeu \u00e0 deux cartes<\/th>\n<\/tr>\n<tr>\n<td>Pourcentage de p\u00e9n\u00e9tration<\/td>\n<td>Avantage th\u00e9orique du joueur<\/td>\n<\/tr>\n<tr>\n<td>50%<\/td>\n<td>0.64%<\/td>\n<\/tr>\n<tr>\n<td>60%<\/td>\n<td>0.95%<\/td>\n<\/tr>\n<tr>\n<td>66%<\/td>\n<td>1.14%<\/td>\n<\/tr>\n<tr>\n<td>75%<\/td>\n<td>1.47%<\/td>\n<\/tr>\n<\/tbody>\n<\/table>\n<\/div>\n<p>Un \"truc\" sur lequel j'insiste dans mes cours est de quitter la table lorsque le compte r\u00e9el tombe \u00e0 -1 ou moins, si cela est possible.  Cela peut \u00eatre assez facile \u00e0 faire dans les jeux \u00e0 6 jeux et moins facile \u00e0 faire dans les jeux \u00e0 DD. <b> Par cons\u00e9quent, vous devez accepter le fait que vous jouerez dans tous les comptes, ce qui rend le facteur de p\u00e9n\u00e9tration encore plus important.<\/b>  Nous appelons cela \"jouer tout\" et les chiffres ci-dessus ont \u00e9t\u00e9 calcul\u00e9s dans ces conditions.  Au fait, vous devez vous rappeler que les logiciels de simulation jouent parfaitement au Blackjack et que nous, les humains, ne jouons pas parfaitement.  C'est la raison pour laquelle j'utilise le terme d'avantage \"th\u00e9orique\" pour le joueur ; c'est \u00e0 peu pr\u00e8s ce qu'il y aura jamais, mais il faut compter 10% de moins pour les besoins de la r\u00e9alit\u00e9.<\/p>\n<h3>Pour commencer<\/h3>\n<p>Si vous n'avez jamais jou\u00e9 \u00e0 des jeux DD en tant que comptoir, vous devez d'abord faire quelques pr\u00e9paratifs de base.  Bien qu'ils ne soient pas tr\u00e8s \u00e9loign\u00e9s des jeux 6D, voici quelques diff\u00e9rences \u00e0 prendre en compte :<\/p>\n<ul>\n<li>De nombreux jeux DD, mais pas tous, sont distribu\u00e9s face cach\u00e9e, ce qui vous oblige \u00e0 compter les cartes d'une mani\u00e8re diff\u00e9rente.<\/li>\n<li>Parce qu'il sera difficile de quitter la table lorsque le compte baissera, vous devrez apprendre des variantes de strat\u00e9gie de base plus \"n\u00e9gatives\".<\/li>\n<li>De nombreux jeux DD exigent que le croupier touche le soft 17 (c'est ce que je vais supposer tout au long de cette s\u00e9rie), il faut donc modifier la strat\u00e9gie de base.  Vous pouvez les obtenir sur www.blackjackinfo.com<\/li>\n<li>La p\u00e9n\u00e9tration \u00e9tant un facteur aussi crucial, vous devriez d'abord v\u00e9rifier votre jeu local pour voir si cela en vaut la peine.  V\u00e9rifiez les r\u00e8gles pendant que vous y \u00eates.<\/li>\n<\/ul>\n<p>Commencez donc \u00e0 vous documenter sur le sujet et je reviendrai la prochaine fois avec un plan pour savoir comment parier sur ce jeu.<\/p>","protected":false},"excerpt":{"rendered":"<p>At first glance, it would seem only logical that a smart player will do better at a game that uses fewer decks, but that&#8217;s not always the case when you compare double-deck games with six-deck games. A lot of variables come into play, not the least of which are the rules of the games, the [&hellip;]<\/p>\n","protected":false},"author":2,"featured_media":0,"parent":634,"menu_order":0,"comment_status":"open","ping_status":"open","template":"page-blackjack-school.php","meta":{"_acf_changed":false,"footnotes":""},"tags":[],"class_list":["post-765","page","type-page","status-publish","hentry"],"acf":[],"yoast_head":"<!-- This site is optimized with the Yoast SEO plugin v26.6 - https:\/\/yoast.com\/wordpress\/plugins\/seo\/ -->\n<title>Blackjack School \u1408 Lesson 21 - Beating the Double-Deck Game - Part 1<\/title>\n<meta name=\"description\" content=\"Lesson 21 in the GameMaster&#039;s Free Blackjack School - Attacking the Double-Deck Game.\" \/>\n<meta name=\"robots\" content=\"index, follow, max-snippet:-1, max-image-preview:large, max-video-preview:-1\" \/>\n<link rel=\"canonical\" href=\"https:\/\/www.blackjackinfo.com\/fr\/ecole-de-blackjack\/lecon-21-battre-le-jeu-a-deux-etages-partie-1\/\" \/>\n<meta property=\"og:locale\" content=\"fr_FR\" \/>\n<meta property=\"og:type\" content=\"article\" \/>\n<meta property=\"og:title\" content=\"Blackjack School \u1408 Lesson 21 - Beating the Double-Deck Game - Part 1\" \/>\n<meta property=\"og:description\" content=\"Lesson 21 in the GameMaster&#039;s Free Blackjack School - Attacking the Double-Deck Game.\" \/>\n<meta property=\"og:url\" content=\"https:\/\/www.blackjackinfo.com\/fr\/ecole-de-blackjack\/lecon-21-battre-le-jeu-a-deux-etages-partie-1\/\" \/>\n<meta property=\"og:site_name\" content=\"BlackjackInfo.com\" \/>\n<meta property=\"article:modified_time\" content=\"2020-02-19T00:00:12+00:00\" \/>\n<meta name=\"twitter:label1\" content=\"Dur\u00e9e de lecture estim\u00e9e\" \/>\n\t<meta name=\"twitter:data1\" content=\"6 minutes\" \/>\n<script type=\"application\/ld+json\" class=\"yoast-schema-graph\">{\"@context\":\"https:\/\/schema.org\",\"@graph\":[{\"@type\":\"WebPage\",\"@id\":\"https:\/\/www.blackjackinfo.com\/blackjack-school\/lesson-21-beating-the-double-deck-game-part-1\/\",\"url\":\"https:\/\/www.blackjackinfo.com\/blackjack-school\/lesson-21-beating-the-double-deck-game-part-1\/\",\"name\":\"Blackjack School \u1408 Lesson 21 - Beating the Double-Deck Game - Part 1\",\"isPartOf\":{\"@id\":\"https:\/\/www.blackjackinfo.com\/#website\"},\"datePublished\":\"2014-10-20T19:54:21+00:00\",\"dateModified\":\"2020-02-19T00:00:12+00:00\",\"description\":\"Lesson 21 in the GameMaster's Free Blackjack School - Attacking the Double-Deck Game.\",\"breadcrumb\":{\"@id\":\"https:\/\/www.blackjackinfo.com\/blackjack-school\/lesson-21-beating-the-double-deck-game-part-1\/#breadcrumb\"},\"inLanguage\":\"fr-FR\",\"potentialAction\":[{\"@type\":\"ReadAction\",\"target\":[\"https:\/\/www.blackjackinfo.com\/blackjack-school\/lesson-21-beating-the-double-deck-game-part-1\/\"]}]},{\"@type\":\"BreadcrumbList\",\"@id\":\"https:\/\/www.blackjackinfo.com\/blackjack-school\/lesson-21-beating-the-double-deck-game-part-1\/#breadcrumb\",\"itemListElement\":[{\"@type\":\"ListItem\",\"position\":1,\"name\":\"Home\",\"item\":\"https:\/\/www.blackjackinfo.com\/\"},{\"@type\":\"ListItem\",\"position\":2,\"name\":\"Blackjack School &#8211; A Free 24-Lesson Class on Card Counting\",\"item\":\"https:\/\/www.blackjackinfo.com\/blackjack-school\/\"},{\"@type\":\"ListItem\",\"position\":3,\"name\":\"Lesson 21 &#8211; Beating the Double-Deck Game &#8211; Part 1\"}]},{\"@type\":\"WebSite\",\"@id\":\"https:\/\/www.blackjackinfo.com\/#website\",\"url\":\"https:\/\/www.blackjackinfo.com\/\",\"name\":\"BlackjackInfo.com\",\"description\":\"Because Winning is More Fun!\",\"potentialAction\":[{\"@type\":\"SearchAction\",\"target\":{\"@type\":\"EntryPoint\",\"urlTemplate\":\"https:\/\/www.blackjackinfo.com\/?s={search_term_string}\"},\"query-input\":{\"@type\":\"PropertyValueSpecification\",\"valueRequired\":true,\"valueName\":\"search_term_string\"}}],\"inLanguage\":\"fr-FR\"}]}<\/script>\n<!-- \/ Yoast SEO plugin. -->","yoast_head_json":{"title":"Ecole de Blackjack \u1408 Le\u00e7on 21 - Battre le jeu \u00e0 deux jeux - Partie 1","description":"Le\u00e7on 21 de l'\u00e9cole gratuite de blackjack du ma\u00eetre de jeu - Attaquer le jeu \u00e0 deux jeux.","robots":{"index":"index","follow":"follow","max-snippet":"max-snippet:-1","max-image-preview":"max-image-preview:large","max-video-preview":"max-video-preview:-1"},"canonical":"https:\/\/www.blackjackinfo.com\/fr\/ecole-de-blackjack\/lecon-21-battre-le-jeu-a-deux-etages-partie-1\/","og_locale":"fr_FR","og_type":"article","og_title":"Blackjack School \u1408 Lesson 21 - Beating the Double-Deck Game - Part 1","og_description":"Lesson 21 in the GameMaster's Free Blackjack School - Attacking the Double-Deck Game.","og_url":"https:\/\/www.blackjackinfo.com\/fr\/ecole-de-blackjack\/lecon-21-battre-le-jeu-a-deux-etages-partie-1\/","og_site_name":"BlackjackInfo.com","article_modified_time":"2020-02-19T00:00:12+00:00","twitter_misc":{"Dur\u00e9e de lecture estim\u00e9e":"6 minutes"},"schema":{"@context":"https:\/\/schema.org","@graph":[{"@type":"WebPage","@id":"https:\/\/www.blackjackinfo.com\/blackjack-school\/lesson-21-beating-the-double-deck-game-part-1\/","url":"https:\/\/www.blackjackinfo.com\/blackjack-school\/lesson-21-beating-the-double-deck-game-part-1\/","name":"Ecole de Blackjack \u1408 Le\u00e7on 21 - Battre le jeu \u00e0 deux jeux - Partie 1","isPartOf":{"@id":"https:\/\/www.blackjackinfo.com\/#website"},"datePublished":"2014-10-20T19:54:21+00:00","dateModified":"2020-02-19T00:00:12+00:00","description":"Le\u00e7on 21 de l'\u00e9cole gratuite de blackjack du ma\u00eetre de jeu - Attaquer le jeu \u00e0 deux jeux.","breadcrumb":{"@id":"https:\/\/www.blackjackinfo.com\/blackjack-school\/lesson-21-beating-the-double-deck-game-part-1\/#breadcrumb"},"inLanguage":"fr-FR","potentialAction":[{"@type":"ReadAction","target":["https:\/\/www.blackjackinfo.com\/blackjack-school\/lesson-21-beating-the-double-deck-game-part-1\/"]}]},{"@type":"BreadcrumbList","@id":"https:\/\/www.blackjackinfo.com\/blackjack-school\/lesson-21-beating-the-double-deck-game-part-1\/#breadcrumb","itemListElement":[{"@type":"ListItem","position":1,"name":"Home","item":"https:\/\/www.blackjackinfo.com\/"},{"@type":"ListItem","position":2,"name":"Blackjack School &#8211; A Free 24-Lesson Class on Card Counting","item":"https:\/\/www.blackjackinfo.com\/blackjack-school\/"},{"@type":"ListItem","position":3,"name":"Lesson 21 &#8211; Beating the Double-Deck Game &#8211; Part 1"}]},{"@type":"WebSite","@id":"https:\/\/www.blackjackinfo.com\/#website","url":"https:\/\/www.blackjackinfo.com\/","name":"BlackjackInfo.com","description":"Parce que gagner, c'est plus amusant !","potentialAction":[{"@type":"SearchAction","target":{"@type":"EntryPoint","urlTemplate":"https:\/\/www.blackjackinfo.com\/?s={search_term_string}"},"query-input":{"@type":"PropertyValueSpecification","valueRequired":true,"valueName":"search_term_string"}}],"inLanguage":"fr-FR"}]}},"_links":{"self":[{"href":"https:\/\/www.blackjackinfo.com\/fr\/wp-json\/wp\/v2\/pages\/765","targetHints":{"allow":["GET"]}}],"collection":[{"href":"https:\/\/www.blackjackinfo.com\/fr\/wp-json\/wp\/v2\/pages"}],"about":[{"href":"https:\/\/www.blackjackinfo.com\/fr\/wp-json\/wp\/v2\/types\/page"}],"author":[{"embeddable":true,"href":"https:\/\/www.blackjackinfo.com\/fr\/wp-json\/wp\/v2\/users\/2"}],"replies":[{"embeddable":true,"href":"https:\/\/www.blackjackinfo.com\/fr\/wp-json\/wp\/v2\/comments?post=765"}],"version-history":[{"count":6,"href":"https:\/\/www.blackjackinfo.com\/fr\/wp-json\/wp\/v2\/pages\/765\/revisions"}],"predecessor-version":[{"id":5470,"href":"https:\/\/www.blackjackinfo.com\/fr\/wp-json\/wp\/v2\/pages\/765\/revisions\/5470"}],"up":[{"embeddable":true,"href":"https:\/\/www.blackjackinfo.com\/fr\/wp-json\/wp\/v2\/pages\/634"}],"wp:attachment":[{"href":"https:\/\/www.blackjackinfo.com\/fr\/wp-json\/wp\/v2\/media?parent=765"}],"wp:term":[{"taxonomy":"post_tag","embeddable":true,"href":"https:\/\/www.blackjackinfo.com\/fr\/wp-json\/wp\/v2\/tags?post=765"}],"curies":[{"name":"wp","href":"https:\/\/api.w.org\/{rel}","templated":true}]}}