{"id":776,"date":"2014-10-20T15:29:49","date_gmt":"2014-10-20T20:29:49","guid":{"rendered":"http:\/\/test.blackjackinfo.com\/?page_id=776"},"modified":"2020-02-18T18:01:18","modified_gmt":"2020-02-19T00:01:18","slug":"lecon-23-battre-le-jeu-a-deux-etages-partie-3","status":"publish","type":"page","link":"https:\/\/www.blackjackinfo.com\/fr\/blackjack-school\/lesson-23-beating-the-double-deck-game-part-3\/","title":{"rendered":"Le\u00e7on 23 - Vaincre le jeu \u00e0 deux paquets - Partie 3"},"content":{"rendered":"<h3>Variations de la strat\u00e9gie de base du double jeu<\/h3>\n<p><b>Pour battre le jeu de Blackjack \u00e0 deux \u00e9tages, vous devez d'abord trouver un jeu qui offre une p\u00e9n\u00e9tration d\u00e9cente et une mise minimale qui vous permettra de r\u00e9partir vos mises de 1 \u00e0 8,<\/b> tout en restant dans des principes raisonnables de gestion de l'argent bas\u00e9s sur votre bankroll total.  Une autre \"fl\u00e8che dans votre carquois\", pour ainsi dire, est de varier le jeu de votre main en fonction du d\u00e9compte.<\/p>\n<p><b>Si vous savez compter les cartes, vous pouvez utiliser le d\u00e9compte pour savoir combien miser sur chaque main, mais vous pouvez \u00e9galement utiliser le d\u00e9compte pour vous aider \u00e0 jouer chaque main avec plus de pr\u00e9cision.<\/b>  Si vous avez \u00e9tudi\u00e9 mon cours jusqu'\u00e0 pr\u00e9sent, vous savez que l'un des facteurs cl\u00e9s pour gagner une partie de Blackjack est de quitter la table lorsque le compte r\u00e9el tombe \u00e0 -1 ou moins, mais cette tactique n'est pas tr\u00e8s pratique dans la plupart des jeux \u00e0 deux jeux parce qu'il y a moins de tours de mains avant le m\u00e9lange, compar\u00e9 \u00e0 un jeu \u00e0 six jeux.<\/p>\n<p><b>Par cons\u00e9quent, vous devez vous asseoir devant beaucoup plus de jeux \"n\u00e9gatifs\", mais la bonne chose est qu'un m\u00e9lange n'est jamais trop loin.<\/b>  Cependant, nous savons tous que l'avantage du casino augmente au fur et \u00e0 mesure que le compte diminue, et nous voulons donc en neutraliser les effets autant que possible.  \u00c9tant donn\u00e9 que vous serez probablement assis pendant beaucoup plus de d\u00e9comptes n\u00e9gatifs lors d'un jeu \u00e0 deux jeux, nous devons apprendre \u00e0 jouer des mains telles que le 12 contre le 5 du croupier et ainsi de suite.  Nous voulons \u00e9galement \u00e9viter de doubler ou de diviser les paires dans les comptes faibles et nous frapperons \u00e0 la place.  Mais nous ne voulons pas deviner des jeux importants comme ceux-l\u00e0, nous devons donc apprendre les variations de la strat\u00e9gie de base pour les nombres \" inf\u00e9rieurs \", comme -2, -3 et ainsi de suite.  <b>Une fourchette r\u00e9aliste pour la plupart des jeux \u00e0 double deck est un True Count de -6 \u00e0 +6, qui couvrira 85% de toutes les mains que vous jouerez, en supposant une p\u00e9n\u00e9tration de 50-60%. <\/b><br \/>\n<div class=\"row\" style=\"margin-bottom:20px\">\n    <div class=\"col-sm-12\">\n                <h2>Les meilleurs casinos en ligne des Etats-Unis <span\n                class=\"flag-icon flag-icon-us\"><\/span><\/h2>\n\n        \n                \n        <div class=\"ranking-table text-center\">\n            <div class=\"row flex ad-row\">\n                <div class=\"col-sm-3\">\n                    <div class=\"row flex\">\n\n                        <div class=\"col-sm-3\">\n                            <div class=\"ranking-number text-center\">\n\n                                1                                \n                            <\/div>\n                        <\/div>\n                        <div class=\"col-sm-9\">\n                            <img decoding=\"async\" src=\"https:\/\/www.blackjackinfo.com\/files\/bovada.png\" data-no-auto-translation=\"\">\n                        <\/div>\n                    <\/div>\n                <\/div>\n                <div class=\"col-sm-4\">\n                    <div class=\"bonus-text text-center\"><span class=\"red\">100% jusqu'\u00e0 $1 000<\/span><\/div>\n\t\t\t\t\t\n\n                <\/div>\n                <div class=\"col-sm-2\">\n                    <a class=\"btn btn-wire\" href=\"\/fr\/casino\/bovada\/\">R\u00e9vision<\/a>\n\n                <\/div>\n                <div class=\"col-sm-3\">\n                    <a rel=\"nofollow\" target=\"_blank\" class=\"btn btn-blue\" href=\"\/goto\/goto\/\">Jouer\n                        Maintenant<\/a>\n\t\t\t\t\t\t\n\n                <\/div>\n            <\/div>\n        <\/div>\n\n\n\n        \n                \n        <div class=\"ranking-table text-center\">\n            <div class=\"row flex ad-row\">\n                <div class=\"col-sm-3\">\n                    <div class=\"row flex\">\n\n                        <div class=\"col-sm-3\">\n                            <div class=\"ranking-number text-center\">\n\n                                2                                \n                            <\/div>\n                        <\/div>\n                        <div class=\"col-sm-9\">\n                            <img decoding=\"async\" src=\"https:\/\/www.blackjackinfo.com\/files\/ignition-casino-logo.png\" data-no-auto-translation=\"\">\n                        <\/div>\n                    <\/div>\n                <\/div>\n                <div class=\"col-sm-4\">\n                    <div class=\"bonus-text text-center\"><span class=\"red\">100% jusqu'\u00e0 $1 000<\/span><\/div>\n\t\t\t\t\t\n\n                <\/div>\n                <div class=\"col-sm-2\">\n                    <a class=\"btn btn-wire\" href=\"\/fr\/casino\/ignition-casino\/\">R\u00e9vision<\/a>\n\n                <\/div>\n                <div class=\"col-sm-3\">\n                    <a rel=\"nofollow\" target=\"_blank\" class=\"btn btn-blue\" href=\"\/goto\/goto\/\">Jouer\n                        Maintenant<\/a>\n\t\t\t\t\t\t\n\n                <\/div>\n            <\/div>\n        <\/div>\n\n\n\n        \n                \n        <div class=\"ranking-table text-center\">\n            <div class=\"row flex ad-row\">\n                <div class=\"col-sm-3\">\n                    <div class=\"row flex\">\n\n                        <div class=\"col-sm-3\">\n                            <div class=\"ranking-number text-center\">\n\n                                3                                \n                            <\/div>\n                        <\/div>\n                        <div class=\"col-sm-9\">\n                            <img decoding=\"async\" src=\"https:\/\/www.blackjackinfo.com\/files\/VipSlots-500x250_dark.svg\" data-no-auto-translation=\"\">\n                        <\/div>\n                    <\/div>\n                <\/div>\n                <div class=\"col-sm-4\">\n                    <div class=\"bonus-text text-center\"><span class=\"red\">100 SPINS GRATUITS sur Secret Life of Cats<\/span><\/div>\n\t\t\t\t\t\n\n                <\/div>\n                <div class=\"col-sm-2\">\n                    <a class=\"btn btn-wire\" href=\"\/fr\/casino\/vipslots-casino\/\">R\u00e9vision<\/a>\n\n                <\/div>\n                <div class=\"col-sm-3\">\n                    <a rel=\"nofollow\" target=\"_blank\" class=\"btn btn-blue\" href=\"\/goto\/goto\/\">Jouer\n                        Maintenant<\/a>\n\t\t\t\t\t\t\n\n                <\/div>\n            <\/div>\n        <\/div>\n\n\n\n        \n                \n        <div class=\"ranking-table text-center\">\n            <div class=\"row flex ad-row\">\n                <div class=\"col-sm-3\">\n                    <div class=\"row flex\">\n\n                        <div class=\"col-sm-3\">\n                            <div class=\"ranking-number text-center\">\n\n                                4                                \n                            <\/div>\n                        <\/div>\n                        <div class=\"col-sm-9\">\n                            <img decoding=\"async\" src=\"https:\/\/www.blackjackinfo.com\/files\/vegas_casino_online.png\" data-no-auto-translation=\"\">\n                        <\/div>\n                    <\/div>\n                <\/div>\n                <div class=\"col-sm-4\">\n                    <div class=\"bonus-text text-center\"><span class=\"red\">300% jusqu'\u00e0 $3,000<\/span><\/div>\n\t\t\t\t\t\n\n                <\/div>\n                <div class=\"col-sm-2\">\n                    <a class=\"btn btn-wire\" href=\"\/fr\/casino\/vegas-casino-online-2\/\">R\u00e9vision<\/a>\n\n                <\/div>\n                <div class=\"col-sm-3\">\n                    <a rel=\"nofollow\" target=\"_blank\" class=\"btn btn-blue\" href=\"\/goto\/goto\/\">Jouer\n                        Maintenant<\/a>\n\t\t\t\t\t\t\n\n                <\/div>\n            <\/div>\n        <\/div>\n\n\n\n        \n                \n        <div class=\"ranking-table text-center\">\n            <div class=\"row flex ad-row\">\n                <div class=\"col-sm-3\">\n                    <div class=\"row flex\">\n\n                        <div class=\"col-sm-3\">\n                            <div class=\"ranking-number text-center\">\n\n                                5                                \n                            <\/div>\n                        <\/div>\n                        <div class=\"col-sm-9\">\n                            <img decoding=\"async\" src=\"https:\/\/www.blackjackinfo.com\/files\/cafe-casino-logo.svg\" data-no-auto-translation=\"\">\n                        <\/div>\n                    <\/div>\n                <\/div>\n                <div class=\"col-sm-4\">\n                    <div class=\"bonus-text text-center\"><span class=\"red\">250% jusqu'\u00e0 $1,500<\/span><\/div>\n\t\t\t\t\t\n\n                <\/div>\n                <div class=\"col-sm-2\">\n                    <a class=\"btn btn-wire\" href=\"\/fr\/casino\/cafe-casino\/\">R\u00e9vision<\/a>\n\n                <\/div>\n                <div class=\"col-sm-3\">\n                    <a rel=\"nofollow\" target=\"_blank\" class=\"btn btn-blue\" href=\"\/goto\/goto\/\">Jouer\n                        Maintenant<\/a>\n\t\t\t\t\t\t\n\n                <\/div>\n            <\/div>\n        <\/div>\n\n\n\n            <\/div>\n<\/div><\/p>\n<p>Certains joueurs pr\u00e9f\u00e8rent n'apprendre que les indices des mains les plus courantes, en se disant qu'ils obtiendront une main comme A, 4 contre 5 moins de 100 fois sur 100 000 mains jou\u00e9es, mais qu'ils auront un 16 contre 10 beaucoup plus souvent.  Dans son livre, \"<a href=\"http:\/\/www.amazon.com\/dp\/0910575207\/?tag=theblackjacbasic\">Attaque de blackjack<\/a>\"Don Schlesinger a consacr\u00e9 un chapitre \u00e0 ce qu'il appelle \"The Illustrious 18\" qui sont, \u00e0 son avis, les variations les plus importantes de la strat\u00e9gie de base.  Je n'aime pas reproduire les travaux originaux d'autres auteurs, je vous renvoie donc au livre pour une liste compl\u00e8te si vous pr\u00e9f\u00e9rez ne pas m\u00e9moriser toutes les variations que j'ai \u00e9num\u00e9r\u00e9es ici.  Une autre id\u00e9e int\u00e9ressante est de ne pas apprendre les indices inf\u00e9rieurs \u00e0 -2, en partant du principe que vous miserez probablement le minimum dans un tel compte, et que toute erreur de jeu ne vous co\u00fbtera donc que tr\u00e8s peu \u00e0 long terme. Vous pouvez \u00e9galement apprendre uniquement les indices pour lesquels vous placerez des mises suppl\u00e9mentaires sur la table, comme dans les doubles et les splits, avec l'id\u00e9e que, si je dois mettre plus de $$$ sur la table, je suis s\u00fbr que je vais jouer la main correctement.<\/p>\n<p>Mais je suis d'avis que si l'on peut apprendre quelque chose sur ce jeu, il faut le faire.  (D'accord, je sais que je suis un fanatique de ce genre de choses, mais qu'est-ce que je peux faire ?)  <b>Si vous passez la majeure partie de votre temps \u00e0 jouer au double jeu, cela vaut probablement la peine de m\u00e9moriser tous les indices pr\u00e9sent\u00e9s ici. <\/b> Mais si ce n'est pas votre jeu principal, une fourchette de -2 \u00e0 +6 avec quelques modifications judicieuses suffira probablement.  N'oubliez pas que la plupart de ces indices sont similaires \u00e0 ceux d'un jeu \u00e0 six jeux, vous ne partirez donc pas de z\u00e9ro.  <b>Apprenez les num\u00e9ros qui vous semblent importants pour savoir o\u00f9 et comment vous jouez.<\/b><\/p>\n<p>Plut\u00f4t que de vous parler de chaque variante de main, comme je l'ai fait dans la section sur les jeux multiples, j'ai cr\u00e9\u00e9 ici une matrice de strat\u00e9gie de base qui indique un num\u00e9ro d'\"indice\" pour chaque jeu appropri\u00e9.  Ne vous inqui\u00e9tez pas si vous avez du mal \u00e0 la comprendre, car je l'expliquerai \u00e0 la fin.<\/p>\n<p><b>Matrice des variations de la strat\u00e9gie de base<\/b><br \/>\nDouble pont, H17, Da2, no das, no surrender<br \/>\n<b><a href=\"\/files\/Blackjack-School\/DD-BS-Variations.htm\">Voir la matrice. (Utilisez votre bouton de retour pour revenir ici).<\/a><\/b><\/p>\n<h3>Utilisation de la matrice<\/h3>\n<p>(Note du GM : La strat\u00e9gie de base pour ce jeu est disponible sur BlackjackInfo.com : <a href=\"\/blackjack-basic-strategy-engine\/?numdecks=2&amp;soft17=h17&amp;dbl=all&amp;das=no&amp;surr=ns&amp;peek=yes\">2D, H17, DA2, NDAS Strat\u00e9gie de base<\/a>)<\/p>\n<p><b>Il est beaucoup plus facile d'utiliser cette matrice si vous avez m\u00e9moris\u00e9 la strat\u00e9gie de base de ce jeu et si vous ne l'avez pas encore fait, vous devriez vraiment l'apprendre avant de passer \u00e0 ce mode de jeu avanc\u00e9.<\/b>  Pour chaque combinaison de main du joueur et de carte du croupier, vous verrez soit une action sp\u00e9cifique, telle que hit, stand, double, etc, soit un nombre.  Le nombre est un \"point d'action\" bas\u00e9 sur le True Count et il indique la variation.  Il peut \u00eatre difficile de savoir quelle est la bonne variante pour une situation donn\u00e9e, mais si vous \u00e9tudiez la main en question, vous pouvez g\u00e9n\u00e9ralement trouver la solution.  Un bon exemple est A,7 contre le 2 du croupier. Dans la matrice, vous verrez le num\u00e9ro 2 \u00e0 cet endroit, alors devez-vous suivre, rester ou faire quelque chose d'autre ?  Eh bien, \"autre chose\" est la r\u00e9ponse, vous devez donc doubler, tout comme vous le faites avec A,7 contre 3, 4, 5 et 6.  La logique joue un r\u00f4le ici, donc si un jeu semble illogique, c'est probablement le mauvais.  Seriez-vous vraiment pr\u00eat \u00e0 jouer A,7 contre un 2 ?  Bien s\u00fbr, vous pourriez rester, mais c'est d\u00e9j\u00e0 le jeu de la strat\u00e9gie de base, et il ne vous reste plus qu'\u00e0 doubler.  Par cons\u00e9quent, ce que cela vous dit, c'est que vous devriez doubler A,7 contre une carte montante de 2 du croupier lorsque le compte r\u00e9el est de 2 ou plus.  Si le compte r\u00e9el est inf\u00e9rieur \u00e0 2, utilisez la strat\u00e9gie de base, qui consiste \u00e0 rester debout.  Contre un 3, la strat\u00e9gie de base dit de doubler A,7.  Mais l'index pour cela est de -2, donc cela vous dit de doubler A,7 contre 3 seulement si le compte r\u00e9el est de -2 ou plus.  Si ce n'est pas le cas, vous devez rester sur votre position.  Parlons d'une autre variante qui peut pr\u00eater \u00e0 confusion : 8, 8 vs. 10.  La notation dans cette case est \"Stand@6\", donc si le compte r\u00e9el est de 6 ou plus, vous ne partagerez pas les 8, mais resterez \u00e0 la place.<\/p>\n<p>La r\u00e8gle g\u00e9n\u00e9rale pour comprendre la matrice des variations de la strat\u00e9gie de base est la suivante : <b>Si le chiffre d'une fente est 0 ou un moins, il s'agit d'un jeu de strat\u00e9gie de base que vous devez effectuer tant que le compte est sup\u00e9rieur au chiffre indiqu\u00e9.<\/b>  Par exemple, avec A,4 contre 4, vous doublerez tant que le compte est \u00e9gal ou sup\u00e9rieur \u00e0 0.  Si le compte est n\u00e9gatif, il suffit de frapper.  Dans le cas de 9 contre 4, vous doublerez tant que le compte est de -3 ou plus (rappelez-vous que -1 est \"plus \u00e9lev\u00e9\" que -2).<\/p>\n<p>Je ne veux pas que vous partiez sans vous avoir parl\u00e9 de la variante la plus importante de toutes, \u00e0 savoir le pari sur l'assurance.  <b>Vous savez sans doute que la strat\u00e9gie de base nous dit de ne jamais prendre d'assurance (m\u00eame lorsque vous avez un \"naturel\" et que la carte sup\u00e9rieure du croupier est un As, en d\u00e9pit de ce que tout le monde vous dit).<\/b>Mais dans un jeu \u00e0 deux jeux, la mise d'assurance devient rentable \u00e0 partir d'un compte r\u00e9el de 2 (en fait 2,4 si vous pouvez atteindre ce degr\u00e9 de pr\u00e9cision).<\/p>\n<h3>Apprendre les variantes de la strat\u00e9gie de base<\/h3>\n<p><b>Une fois que vous avez choisi les variantes de la strat\u00e9gie de base que vous souhaitez apprendre, vous devez cr\u00e9er un jeu de cartes flash pour ces variantes.<\/b>  La fa\u00e7on exacte de le faire est expliqu\u00e9e dans la le\u00e7on 14 de \"The GameMaster's Blackjack School\" et je ne saurais trop insister sur leur valeur.  Pr\u00e9parez-en une s\u00e9rie et emportez-la avec vous, ou au moins \u00e9tudiez-la attentivement avant chaque session de jeu si le blackjack \u00e0 deux \u00e9tages n'est pas votre jeu \"principal\".<\/p>","protected":false},"excerpt":{"rendered":"<p>Double Deck Basic Strategy Variations Beating the double-deck Blackjack game requires that you first find a game that offers decent penetration and a minimum bet that will allow you to spread your bets from 1 to 8, yet still stay within reasonable money management principles based upon your total bankroll. Another &#8220;arrow in your quiver&#8221;, [&hellip;]<\/p>\n","protected":false},"author":2,"featured_media":0,"parent":634,"menu_order":0,"comment_status":"open","ping_status":"open","template":"page-blackjack-school.php","meta":{"_acf_changed":false,"footnotes":""},"tags":[],"class_list":["post-776","page","type-page","status-publish","hentry"],"acf":[],"yoast_head":"<!-- This site is optimized with the Yoast SEO plugin v26.6 - https:\/\/yoast.com\/wordpress\/plugins\/seo\/ -->\n<title>Blackjack School \u1408 Lesson 23 - Beating the Double-Deck Game - Part 3<\/title>\n<meta name=\"description\" content=\"Lesson 23 in the GameMaster&#039;s Free Blackjack School - Strategy variations for the double-deck game.\" \/>\n<meta name=\"robots\" content=\"index, follow, max-snippet:-1, max-image-preview:large, max-video-preview:-1\" \/>\n<link rel=\"canonical\" href=\"https:\/\/www.blackjackinfo.com\/fr\/ecole-de-blackjack\/lecon-23-battre-le-jeu-a-deux-etages-partie-3\/\" \/>\n<meta property=\"og:locale\" content=\"fr_FR\" \/>\n<meta property=\"og:type\" content=\"article\" \/>\n<meta property=\"og:title\" content=\"Blackjack School \u1408 Lesson 23 - Beating the Double-Deck Game - Part 3\" \/>\n<meta property=\"og:description\" content=\"Lesson 23 in the GameMaster&#039;s Free Blackjack School - Strategy variations for the double-deck game.\" \/>\n<meta property=\"og:url\" content=\"https:\/\/www.blackjackinfo.com\/fr\/ecole-de-blackjack\/lecon-23-battre-le-jeu-a-deux-etages-partie-3\/\" \/>\n<meta property=\"og:site_name\" content=\"BlackjackInfo.com\" \/>\n<meta property=\"article:modified_time\" content=\"2020-02-19T00:01:18+00:00\" \/>\n<meta name=\"twitter:label1\" content=\"Dur\u00e9e de lecture estim\u00e9e\" \/>\n\t<meta name=\"twitter:data1\" content=\"6 minutes\" \/>\n<script type=\"application\/ld+json\" class=\"yoast-schema-graph\">{\"@context\":\"https:\/\/schema.org\",\"@graph\":[{\"@type\":\"WebPage\",\"@id\":\"https:\/\/www.blackjackinfo.com\/blackjack-school\/lesson-23-beating-the-double-deck-game-part-3\/\",\"url\":\"https:\/\/www.blackjackinfo.com\/blackjack-school\/lesson-23-beating-the-double-deck-game-part-3\/\",\"name\":\"Blackjack School \u1408 Lesson 23 - Beating the Double-Deck Game - Part 3\",\"isPartOf\":{\"@id\":\"https:\/\/www.blackjackinfo.com\/#website\"},\"datePublished\":\"2014-10-20T20:29:49+00:00\",\"dateModified\":\"2020-02-19T00:01:18+00:00\",\"description\":\"Lesson 23 in the GameMaster's Free Blackjack School - Strategy variations for the double-deck game.\",\"breadcrumb\":{\"@id\":\"https:\/\/www.blackjackinfo.com\/blackjack-school\/lesson-23-beating-the-double-deck-game-part-3\/#breadcrumb\"},\"inLanguage\":\"fr-FR\",\"potentialAction\":[{\"@type\":\"ReadAction\",\"target\":[\"https:\/\/www.blackjackinfo.com\/blackjack-school\/lesson-23-beating-the-double-deck-game-part-3\/\"]}]},{\"@type\":\"BreadcrumbList\",\"@id\":\"https:\/\/www.blackjackinfo.com\/blackjack-school\/lesson-23-beating-the-double-deck-game-part-3\/#breadcrumb\",\"itemListElement\":[{\"@type\":\"ListItem\",\"position\":1,\"name\":\"Home\",\"item\":\"https:\/\/www.blackjackinfo.com\/\"},{\"@type\":\"ListItem\",\"position\":2,\"name\":\"Blackjack School &#8211; A Free 24-Lesson Class on Card Counting\",\"item\":\"https:\/\/www.blackjackinfo.com\/blackjack-school\/\"},{\"@type\":\"ListItem\",\"position\":3,\"name\":\"Lesson 23 &#8211; Beating the Double-Deck Game &#8211; Part 3\"}]},{\"@type\":\"WebSite\",\"@id\":\"https:\/\/www.blackjackinfo.com\/#website\",\"url\":\"https:\/\/www.blackjackinfo.com\/\",\"name\":\"BlackjackInfo.com\",\"description\":\"Because Winning is More Fun!\",\"potentialAction\":[{\"@type\":\"SearchAction\",\"target\":{\"@type\":\"EntryPoint\",\"urlTemplate\":\"https:\/\/www.blackjackinfo.com\/?s={search_term_string}\"},\"query-input\":{\"@type\":\"PropertyValueSpecification\",\"valueRequired\":true,\"valueName\":\"search_term_string\"}}],\"inLanguage\":\"fr-FR\"}]}<\/script>\n<!-- \/ Yoast SEO plugin. -->","yoast_head_json":{"title":"Ecole de Blackjack \u1408 Le\u00e7on 23 - Battre le jeu du double-deck - Partie 3","description":"Le\u00e7on 23 de l'\u00e9cole gratuite de blackjack du ma\u00eetre de jeu - Variations de strat\u00e9gie pour le jeu \u00e0 deux jeux.","robots":{"index":"index","follow":"follow","max-snippet":"max-snippet:-1","max-image-preview":"max-image-preview:large","max-video-preview":"max-video-preview:-1"},"canonical":"https:\/\/www.blackjackinfo.com\/fr\/ecole-de-blackjack\/lecon-23-battre-le-jeu-a-deux-etages-partie-3\/","og_locale":"fr_FR","og_type":"article","og_title":"Blackjack School \u1408 Lesson 23 - Beating the Double-Deck Game - Part 3","og_description":"Lesson 23 in the GameMaster's Free Blackjack School - Strategy variations for the double-deck game.","og_url":"https:\/\/www.blackjackinfo.com\/fr\/ecole-de-blackjack\/lecon-23-battre-le-jeu-a-deux-etages-partie-3\/","og_site_name":"BlackjackInfo.com","article_modified_time":"2020-02-19T00:01:18+00:00","twitter_misc":{"Dur\u00e9e de lecture estim\u00e9e":"6 minutes"},"schema":{"@context":"https:\/\/schema.org","@graph":[{"@type":"WebPage","@id":"https:\/\/www.blackjackinfo.com\/blackjack-school\/lesson-23-beating-the-double-deck-game-part-3\/","url":"https:\/\/www.blackjackinfo.com\/blackjack-school\/lesson-23-beating-the-double-deck-game-part-3\/","name":"Ecole de Blackjack \u1408 Le\u00e7on 23 - Battre le jeu du double-deck - Partie 3","isPartOf":{"@id":"https:\/\/www.blackjackinfo.com\/#website"},"datePublished":"2014-10-20T20:29:49+00:00","dateModified":"2020-02-19T00:01:18+00:00","description":"Le\u00e7on 23 de l'\u00e9cole gratuite de blackjack du ma\u00eetre de jeu - Variations de strat\u00e9gie pour le jeu \u00e0 deux jeux.","breadcrumb":{"@id":"https:\/\/www.blackjackinfo.com\/blackjack-school\/lesson-23-beating-the-double-deck-game-part-3\/#breadcrumb"},"inLanguage":"fr-FR","potentialAction":[{"@type":"ReadAction","target":["https:\/\/www.blackjackinfo.com\/blackjack-school\/lesson-23-beating-the-double-deck-game-part-3\/"]}]},{"@type":"BreadcrumbList","@id":"https:\/\/www.blackjackinfo.com\/blackjack-school\/lesson-23-beating-the-double-deck-game-part-3\/#breadcrumb","itemListElement":[{"@type":"ListItem","position":1,"name":"Home","item":"https:\/\/www.blackjackinfo.com\/"},{"@type":"ListItem","position":2,"name":"Blackjack School &#8211; A Free 24-Lesson Class on Card Counting","item":"https:\/\/www.blackjackinfo.com\/blackjack-school\/"},{"@type":"ListItem","position":3,"name":"Lesson 23 &#8211; Beating the Double-Deck Game &#8211; Part 3"}]},{"@type":"WebSite","@id":"https:\/\/www.blackjackinfo.com\/#website","url":"https:\/\/www.blackjackinfo.com\/","name":"BlackjackInfo.com","description":"Parce que gagner, c'est plus amusant !","potentialAction":[{"@type":"SearchAction","target":{"@type":"EntryPoint","urlTemplate":"https:\/\/www.blackjackinfo.com\/?s={search_term_string}"},"query-input":{"@type":"PropertyValueSpecification","valueRequired":true,"valueName":"search_term_string"}}],"inLanguage":"fr-FR"}]}},"_links":{"self":[{"href":"https:\/\/www.blackjackinfo.com\/fr\/wp-json\/wp\/v2\/pages\/776","targetHints":{"allow":["GET"]}}],"collection":[{"href":"https:\/\/www.blackjackinfo.com\/fr\/wp-json\/wp\/v2\/pages"}],"about":[{"href":"https:\/\/www.blackjackinfo.com\/fr\/wp-json\/wp\/v2\/types\/page"}],"author":[{"embeddable":true,"href":"https:\/\/www.blackjackinfo.com\/fr\/wp-json\/wp\/v2\/users\/2"}],"replies":[{"embeddable":true,"href":"https:\/\/www.blackjackinfo.com\/fr\/wp-json\/wp\/v2\/comments?post=776"}],"version-history":[{"count":9,"href":"https:\/\/www.blackjackinfo.com\/fr\/wp-json\/wp\/v2\/pages\/776\/revisions"}],"predecessor-version":[{"id":5472,"href":"https:\/\/www.blackjackinfo.com\/fr\/wp-json\/wp\/v2\/pages\/776\/revisions\/5472"}],"up":[{"embeddable":true,"href":"https:\/\/www.blackjackinfo.com\/fr\/wp-json\/wp\/v2\/pages\/634"}],"wp:attachment":[{"href":"https:\/\/www.blackjackinfo.com\/fr\/wp-json\/wp\/v2\/media?parent=776"}],"wp:term":[{"taxonomy":"post_tag","embeddable":true,"href":"https:\/\/www.blackjackinfo.com\/fr\/wp-json\/wp\/v2\/tags?post=776"}],"curies":[{"name":"wp","href":"https:\/\/api.w.org\/{rel}","templated":true}]}}