{"id":778,"date":"2019-11-03T15:32:18","date_gmt":"2019-11-03T21:32:18","guid":{"rendered":"http:\/\/test.blackjackinfo.com\/?page_id=778"},"modified":"2020-02-18T18:01:39","modified_gmt":"2020-02-19T00:01:39","slug":"lecon-24-comprendre-loption-de-rachat","status":"publish","type":"page","link":"https:\/\/www.blackjackinfo.com\/fr\/blackjack-school\/lesson-24-understanding-the-surrender-option\/","title":{"rendered":"Le\u00e7on 24 - Comprendre l'option de rachat"},"content":{"rendered":"<p class=\"intro\">\nJe me souviens tr\u00e8s bien du bon vieux temps \u00e0 Atlantic City, lorsque les jeux de casino y ont fait leur apparition. Le seul casino ouvert \u00e0 l'\u00e9poque (Resorts International) devait proposer un jeu de blackjack dont les r\u00e8gles \u00e9taient \u00e9tablies par la Commission de contr\u00f4le des casinos. <b>et cela incluait une r\u00e8gle bizarre appel\u00e9e \"abandon\". Du moins, nous pensions qu'elle \u00e9tait bizarre jusqu'\u00e0 ce que nous d\u00e9couvrions l'\u00e9norme avantage qu'elle conf\u00e9rait au joueur qui l'utilisait correctement !<\/b><\/p>\n<p>La plupart des joueurs consid\u00e8rent le surrender comme un pari de pigeon. Une fois, \u00e0 une table, un autre joueur a r\u00e9sum\u00e9 la situation en d\u00e9clarant : <b>\"Se rendre, c'est de la folie ! Pourquoi abandonner la moiti\u00e9 de votre mise alors que vous pouvez tout aussi bien gagner la main ?\"<\/b> Dans une certaine mesure, il avait raison. Ce que je veux dire par l\u00e0, c'est qu'il est vrai qu'un joueur peut gagner ou perdre n'importe quelle main, mais il n'a pas pouss\u00e9 l'id\u00e9e assez loin. Si vous jouez des milliers de mains, abandonner 50% de la mise sur certaines d'entre elles est en fait l'alternative la moins ch\u00e8re au jeu.<\/p>\n<p>Pour ceux d'entre vous qui ne connaissent pas le surrender, il s'agit d'une option de joueur que certains casinos proposent. <b>Lorsque cela est autoris\u00e9, vous pouvez choisir d'abandonner la moiti\u00e9 du montant que vous avez mis\u00e9 plut\u00f4t que de jouer la main. <\/b>Pour les amateurs de math\u00e9matiques, vous pouvez constater que pour les mains o\u00f9 vous vous attendez \u00e0 perdre plus de 50% de votre mise, l'abandon est une bonne affaire. (Si l'on ne tient pas compte des pushs, une perte attendue de plus de 50% signifie que vous avez plus de 75% de chances de perdre la main). Il existe deux types d'abandon : pr\u00e9coce et tardif. Ces termes font r\u00e9f\u00e9rence au fait que le croupier v\u00e9rifie ou non s'il a un blackjack (lorsqu'un As ou un 10 est montr\u00e9) avant que vous ne puissiez prendre la d\u00e9cision de vous rendre. En Am\u00e9rique du Nord, le type d'abandon \u00e9tait \"pr\u00e9coce\", ce qui signifiait que vous pouviez abandonner la moiti\u00e9 de votre mise avant que le croupier ne sache s'il avait un \"naturel\". Cela s'explique simplement par le fait que les r\u00e9glementations nationales n'autorisaient pas le \"peeking\", c'est-\u00e0-dire que le croupier ne connaissait pas sa main tant que tous les joueurs n'avaient pas pris leurs d\u00e9cisions de jeu.<br \/>\n<div class=\"row\" style=\"margin-bottom:20px\">\n    <div class=\"col-sm-12\">\n                <h2>Les meilleurs casinos en ligne des Etats-Unis <span\n                class=\"flag-icon flag-icon-us\"><\/span><\/h2>\n\n        \n                \n        <div class=\"ranking-table text-center\">\n            <div class=\"row flex ad-row\">\n                <div class=\"col-sm-3\">\n                    <div class=\"row flex\">\n\n                        <div class=\"col-sm-3\">\n                            <div class=\"ranking-number text-center\">\n\n                                1                                \n                            <\/div>\n                        <\/div>\n                        <div class=\"col-sm-9\">\n                            <img decoding=\"async\" src=\"https:\/\/www.blackjackinfo.com\/files\/bovada.png\" data-no-auto-translation=\"\">\n                        <\/div>\n                    <\/div>\n                <\/div>\n                <div class=\"col-sm-4\">\n                    <div class=\"bonus-text text-center\"><span class=\"red\">100% jusqu'\u00e0 $1 000<\/span><\/div>\n\t\t\t\t\t\n\n                <\/div>\n                <div class=\"col-sm-2\">\n                    <a class=\"btn btn-wire\" href=\"\/fr\/casino\/bovada\/\">R\u00e9vision<\/a>\n\n                <\/div>\n                <div class=\"col-sm-3\">\n                    <a rel=\"nofollow\" target=\"_blank\" class=\"btn btn-blue\" href=\"\/goto\/goto\/\">Jouer\n                        Maintenant<\/a>\n\t\t\t\t\t\t\n\n                <\/div>\n            <\/div>\n        <\/div>\n\n\n\n        \n                \n        <div class=\"ranking-table text-center\">\n            <div class=\"row flex ad-row\">\n                <div class=\"col-sm-3\">\n                    <div class=\"row flex\">\n\n                        <div class=\"col-sm-3\">\n                            <div class=\"ranking-number text-center\">\n\n                                2                                \n                            <\/div>\n                        <\/div>\n                        <div class=\"col-sm-9\">\n                            <img decoding=\"async\" src=\"https:\/\/www.blackjackinfo.com\/files\/ignition-casino-logo.png\" data-no-auto-translation=\"\">\n                        <\/div>\n                    <\/div>\n                <\/div>\n                <div class=\"col-sm-4\">\n                    <div class=\"bonus-text text-center\"><span class=\"red\">100% jusqu'\u00e0 $1 000<\/span><\/div>\n\t\t\t\t\t\n\n                <\/div>\n                <div class=\"col-sm-2\">\n                    <a class=\"btn btn-wire\" href=\"\/fr\/casino\/ignition-casino\/\">R\u00e9vision<\/a>\n\n                <\/div>\n                <div class=\"col-sm-3\">\n                    <a rel=\"nofollow\" target=\"_blank\" class=\"btn btn-blue\" href=\"\/goto\/goto\/\">Jouer\n                        Maintenant<\/a>\n\t\t\t\t\t\t\n\n                <\/div>\n            <\/div>\n        <\/div>\n\n\n\n        \n                \n        <div class=\"ranking-table text-center\">\n            <div class=\"row flex ad-row\">\n                <div class=\"col-sm-3\">\n                    <div class=\"row flex\">\n\n                        <div class=\"col-sm-3\">\n                            <div class=\"ranking-number text-center\">\n\n                                3                                \n                            <\/div>\n                        <\/div>\n                        <div class=\"col-sm-9\">\n                            <img decoding=\"async\" src=\"https:\/\/www.blackjackinfo.com\/files\/VipSlots-500x250_dark.svg\" data-no-auto-translation=\"\">\n                        <\/div>\n                    <\/div>\n                <\/div>\n                <div class=\"col-sm-4\">\n                    <div class=\"bonus-text text-center\"><span class=\"red\">100 SPINS GRATUITS sur Secret Life of Cats<\/span><\/div>\n\t\t\t\t\t\n\n                <\/div>\n                <div class=\"col-sm-2\">\n                    <a class=\"btn btn-wire\" href=\"\/fr\/casino\/vipslots-casino\/\">R\u00e9vision<\/a>\n\n                <\/div>\n                <div class=\"col-sm-3\">\n                    <a rel=\"nofollow\" target=\"_blank\" class=\"btn btn-blue\" href=\"\/goto\/goto\/\">Jouer\n                        Maintenant<\/a>\n\t\t\t\t\t\t\n\n                <\/div>\n            <\/div>\n        <\/div>\n\n\n\n        \n                \n        <div class=\"ranking-table text-center\">\n            <div class=\"row flex ad-row\">\n                <div class=\"col-sm-3\">\n                    <div class=\"row flex\">\n\n                        <div class=\"col-sm-3\">\n                            <div class=\"ranking-number text-center\">\n\n                                4                                \n                            <\/div>\n                        <\/div>\n                        <div class=\"col-sm-9\">\n                            <img decoding=\"async\" src=\"https:\/\/www.blackjackinfo.com\/files\/vegas_casino_online.png\" data-no-auto-translation=\"\">\n                        <\/div>\n                    <\/div>\n                <\/div>\n                <div class=\"col-sm-4\">\n                    <div class=\"bonus-text text-center\"><span class=\"red\">300% jusqu'\u00e0 $3,000<\/span><\/div>\n\t\t\t\t\t\n\n                <\/div>\n                <div class=\"col-sm-2\">\n                    <a class=\"btn btn-wire\" href=\"\/fr\/casino\/vegas-casino-online-2\/\">R\u00e9vision<\/a>\n\n                <\/div>\n                <div class=\"col-sm-3\">\n                    <a rel=\"nofollow\" target=\"_blank\" class=\"btn btn-blue\" href=\"\/goto\/goto\/\">Jouer\n                        Maintenant<\/a>\n\t\t\t\t\t\t\n\n                <\/div>\n            <\/div>\n        <\/div>\n\n\n\n        \n                \n        <div class=\"ranking-table text-center\">\n            <div class=\"row flex ad-row\">\n                <div class=\"col-sm-3\">\n                    <div class=\"row flex\">\n\n                        <div class=\"col-sm-3\">\n                            <div class=\"ranking-number text-center\">\n\n                                5                                \n                            <\/div>\n                        <\/div>\n                        <div class=\"col-sm-9\">\n                            <img decoding=\"async\" src=\"https:\/\/www.blackjackinfo.com\/files\/cafe-casino-logo.svg\" data-no-auto-translation=\"\">\n                        <\/div>\n                    <\/div>\n                <\/div>\n                <div class=\"col-sm-4\">\n                    <div class=\"bonus-text text-center\"><span class=\"red\">250% jusqu'\u00e0 $1,500<\/span><\/div>\n\t\t\t\t\t\n\n                <\/div>\n                <div class=\"col-sm-2\">\n                    <a class=\"btn btn-wire\" href=\"\/fr\/casino\/cafe-casino\/\">R\u00e9vision<\/a>\n\n                <\/div>\n                <div class=\"col-sm-3\">\n                    <a rel=\"nofollow\" target=\"_blank\" class=\"btn btn-blue\" href=\"\/goto\/goto\/\">Jouer\n                        Maintenant<\/a>\n\t\t\t\t\t\t\n\n                <\/div>\n            <\/div>\n        <\/div>\n\n\n\n            <\/div>\n<\/div><br \/>\n<b>De nos jours, la forme la plus courante de capitulation est la version \"tardive\", dans laquelle le croupier v\u00e9rifie s'il a un naturel et, s'il ne l'a pas, vous pouvez capituler.<\/b> Cela vaut beaucoup moins, car si le croupier a un naturel, il prend votre mise avant que vous ne puissiez vous rendre. Mais, malgr\u00e9 cette restriction, l'abandon peut toujours avoir une certaine valeur pour vous, si vous l'utilisez correctement.<\/p>\n<p><b>Permettez-moi de vous montrer un exemple ;<\/b> Supposons un jeu \u00e0 6 jeux avec double apr\u00e8s partage autoris\u00e9 et le croupier doit rester sur A-6. Si j'ai une main de 9, 7 et que le croupier montre un 10, je m'attends \u00e0 perdre 53,7% de tout l'argent que j'ai mis\u00e9 dans cette situation. Si je me rends, je perdrai 50% de tout l'argent mis\u00e9 dans cette situation. Il s'agit d'une am\u00e9lioration modeste, mais n\u00e9anmoins meilleure.  Il est donc tr\u00e8s simple de calculer la strat\u00e9gie de base pour l'abandon.  Si l'on s'attend \u00e0 perdre plus de 50%, il est pr\u00e9f\u00e9rable de se rendre.<\/p>\n<p>L'utilisation appropri\u00e9e de l'abandon varie selon que le croupier touche ou reste sur le soft 17.  Je propose ici les deux types de strat\u00e9gies :<\/p>\n<div class=\"col-sm-6 col-center\">\n<table class=\"data-table text-center\">\n<tbody>\n<tr>\n<td colspan=\"2\">Pour les jeux \u00e0 6 jeux o\u00f9 le croupier s'arr\u00eate sur tous les 17 :<\/td>\n<\/tr>\n<tr>\n<td><b>La main du joueur est 9,7 ou 10,6 :<\/b><\/td>\n<td>Se rendre contre un croupier 9, 10, As.<br \/>\n(N'abandonnez pas une paire de 8. Partagez-la plut\u00f4t.)<\/td>\n<\/tr>\n<tr>\n<td><b>Main du joueur du 15 dur :<\/b><\/td>\n<td>Se rendre contre un croupier 10.<\/td>\n<\/tr>\n<\/tbody>\n<\/table>\n<\/div>\n<div class=\"col-sm-6 col-center\">\n<table class=\"data-table text-center\">\n<tbody>\n<tr>\n<td colspan=\"2\">Pour les jeux \u00e0 6 jeux o\u00f9 le croupier touche le soft 17 :<\/td>\n<\/tr>\n<tr>\n<td><b>Main du joueur du 15 dur :<\/b><\/td>\n<td>Abandon contre le 10, l'As du croupier<\/td>\n<\/tr>\n<tr>\n<td><b>La main du joueur est 9,7 ou 10,6 :<\/b><\/td>\n<td>Se rendre contre un croupier 9, 10, As.<\/td>\n<\/tr>\n<tr>\n<td><b>Main du joueur de 8, 8 :<\/b><\/td>\n<td>Se rendre contre un As du croupier.<\/td>\n<\/tr>\n<tr>\n<td><b>Main du joueur du 17 dur :<\/b><\/td>\n<td>Se rendre contre un As du croupier.<\/td>\n<\/tr>\n<\/tbody>\n<\/table>\n<\/div>\n<p>Les abandons tardifs augmentent l'avantage du joueur d'un modeste 0,1%, mais j'aime bien quand j'ai mis\u00e9 gros et que j'obtiens un 10 pour ma premi\u00e8re carte, comme pr\u00e9vu, et que j'obtiens le dernier 6 du jeu comme carte suivante. Qui n'a jamais fait cela ?<\/p>\n<p><b>Si vous comptez les cartes, l'option d'abandon est encore plus avantageuse \u00e0 mesure que le compte augmente.<\/b> Si vous avez lu et \u00e9tudi\u00e9 mes le\u00e7ons jusqu'\u00e0 ce point, vous savez que dans une situation de compte \"\u00e9lev\u00e9\", la proportion de 10 et de faces (et d'As) dans le(s) jeu(x) restant(s) par rapport aux \"petites\" cartes est beaucoup plus importante, de sorte que les chances d'obtenir une telle carte ont consid\u00e9rablement augment\u00e9. C'est l\u00e0 que la valeur de la capitulation augmente.<\/p>\n<p>La plupart des abandons disponibles de nos jours sont des abandons \"tardifs\", ce qui signifie que le croupier v\u00e9rifie la carte cach\u00e9e s'il montre un As ou un 10. S'il a une carte \"naturelle\", vous perdez la totalit\u00e9 de votre mise et vous ne pouvez pas vous rendre. <b>Sachant que le croupier n'a pas de Blackjack, la reddition est, pour certains, un jeu stupide, mais examinons la situation d'un peu plus pr\u00e8s. <\/b>Quel type de main le croupier peut-il obtenir avec une carte visible ? Tout d'abord, le croupier ne va perdre que dans 23% des cas o\u00f9 il montre un 10 ou une face comme carte sup\u00e9rieure. Deuxi\u00e8mement, il finira avec un total de 20 ou 21 dans 41% des cas ! Et vous pensez que vous allez la battre avec votre 16 ? Lorsque le croupier montre un As, et qu'il n'a PAS de Blackjack, il va quand m\u00eame terminer avec un total de 19 ou plus dans 46% des cas, et ne fera un bust que dans 17% des cas. C'est pourquoi l'abandon est valable, m\u00eame si le croupier n'a pas de Blackjack.<\/p>\n<p>Maintenant, au fur et \u00e0 mesure que le compte augmente, vous et le croupier avez plus de chances d'obtenir des 10 et des As. Il est donc plus probable que vous obteniez une carte de 10 si vous touchez. Ainsi, si vous avez une main de 15 et que le croupier montre un 9, il a plus de chances d'avoir un 10 dans le trou et il est plus probable que vous touchiez avec un 10. Il est temps d'abandonner ! Lorsque le compte r\u00e9el est de 2 ou plus, abandonnez vos 15 contre le 9 du croupier. Contre un As, abandonnez le 15 lorsque le compte r\u00e9el est de 2 ou plus, si le croupier s'appuie sur A-6. Si le croupier doit toucher A-6, abandonner le 15 est une strat\u00e9gie de base. Une autre bonne strat\u00e9gie \u00e0 retenir est d'abandonner 14 contre un 10 \u00e0 un vrai de 3 ou plus.<\/p>\n<p><b>L'utilisation de la capitulation est, d'apr\u00e8s mon exp\u00e9rience, int\u00e9ressante du point de vue du camouflage.<\/b> Comme vous le savez sans doute, nous, les compteurs de cartes, pr\u00e9f\u00e9rons garder nos comp\u00e9tences secr\u00e8tes car, pour une raison obscure, le personnel des casinos n'aime pas les compteurs. L'abandon est en fait une technique de jeu assez sophistiqu\u00e9e, et il est donc juste de dire que le joueur \"moyen\" ne l'utilise pas. Pourtant, je veux ressembler \u00e0 un joueur moyen afin de dissimuler ma capacit\u00e9 \u00e0 battre le jeu. Mais j'utilise la reddition lorsqu'elle est propos\u00e9e et cela m'aide vraiment lorsque le compte est \u00e9lev\u00e9, que j'ai une grosse mise et que je redonne un 15 contre un 9 (ou un 13 contre un 10 - vrai de 8), parce que cela me fait passer pour une \"poule mouill\u00e9e\". La plupart des employ\u00e9s de casino pensent que l'abandon est un jeu de \" pigeon \" de toute fa\u00e7on, donc lorsqu'ils vous voient abandonner la moiti\u00e9 d'une mise de $200, ils pensent que vous ne gagnerez jamais $$$ au jeu. C'est exactement ce que je veux qu'ils pensent.<\/p>","protected":false},"excerpt":{"rendered":"<p>I can well remember the good ol&#8217; days in Atlantic City when casino gaming first began there. The one casino that was open at the time (Resorts International) had to offer a Blackjack game where the rules were established by the Casino Control Commission and that included a weird rule called &#8216;surrender&#8217;. At least we [&hellip;]<\/p>\n","protected":false},"author":2,"featured_media":0,"parent":634,"menu_order":0,"comment_status":"open","ping_status":"open","template":"page-blackjack-school.php","meta":{"_acf_changed":false,"footnotes":""},"tags":[],"class_list":["post-778","page","type-page","status-publish","hentry"],"acf":[],"yoast_head":"<!-- This site is optimized with the Yoast SEO plugin v26.6 - https:\/\/yoast.com\/wordpress\/plugins\/seo\/ -->\n<title>Blackjack School \u1408 Lesson 24 - Understanding the Surrender Option<\/title>\n<meta name=\"description\" content=\"Lesson 24 in the GameMaster&#039;s Free Blackjack School - Understand how to use the surrender rule.\" \/>\n<meta name=\"robots\" content=\"index, follow, max-snippet:-1, max-image-preview:large, max-video-preview:-1\" \/>\n<link rel=\"canonical\" href=\"https:\/\/www.blackjackinfo.com\/fr\/ecole-de-blackjack\/lecon-24-comprendre-loption-de-rachat\/\" \/>\n<meta property=\"og:locale\" content=\"fr_FR\" \/>\n<meta property=\"og:type\" content=\"article\" \/>\n<meta property=\"og:title\" content=\"Blackjack School \u1408 Lesson 24 - Understanding the Surrender Option\" \/>\n<meta property=\"og:description\" content=\"Lesson 24 in the GameMaster&#039;s Free Blackjack School - Understand how to use the surrender rule.\" \/>\n<meta property=\"og:url\" content=\"https:\/\/www.blackjackinfo.com\/fr\/ecole-de-blackjack\/lecon-24-comprendre-loption-de-rachat\/\" \/>\n<meta property=\"og:site_name\" content=\"BlackjackInfo.com\" \/>\n<meta property=\"article:modified_time\" content=\"2020-02-19T00:01:39+00:00\" \/>\n<meta name=\"twitter:label1\" content=\"Dur\u00e9e de lecture estim\u00e9e\" \/>\n\t<meta name=\"twitter:data1\" content=\"6 minutes\" \/>\n<script type=\"application\/ld+json\" class=\"yoast-schema-graph\">{\"@context\":\"https:\/\/schema.org\",\"@graph\":[{\"@type\":\"WebPage\",\"@id\":\"https:\/\/www.blackjackinfo.com\/blackjack-school\/lesson-24-understanding-the-surrender-option\/\",\"url\":\"https:\/\/www.blackjackinfo.com\/blackjack-school\/lesson-24-understanding-the-surrender-option\/\",\"name\":\"Blackjack School \u1408 Lesson 24 - Understanding the Surrender Option\",\"isPartOf\":{\"@id\":\"https:\/\/www.blackjackinfo.com\/#website\"},\"datePublished\":\"2019-11-03T21:32:18+00:00\",\"dateModified\":\"2020-02-19T00:01:39+00:00\",\"description\":\"Lesson 24 in the GameMaster's Free Blackjack School - Understand how to use the surrender rule.\",\"breadcrumb\":{\"@id\":\"https:\/\/www.blackjackinfo.com\/blackjack-school\/lesson-24-understanding-the-surrender-option\/#breadcrumb\"},\"inLanguage\":\"fr-FR\",\"potentialAction\":[{\"@type\":\"ReadAction\",\"target\":[\"https:\/\/www.blackjackinfo.com\/blackjack-school\/lesson-24-understanding-the-surrender-option\/\"]}]},{\"@type\":\"BreadcrumbList\",\"@id\":\"https:\/\/www.blackjackinfo.com\/blackjack-school\/lesson-24-understanding-the-surrender-option\/#breadcrumb\",\"itemListElement\":[{\"@type\":\"ListItem\",\"position\":1,\"name\":\"Home\",\"item\":\"https:\/\/www.blackjackinfo.com\/\"},{\"@type\":\"ListItem\",\"position\":2,\"name\":\"Blackjack School &#8211; A Free 24-Lesson Class on Card Counting\",\"item\":\"https:\/\/www.blackjackinfo.com\/blackjack-school\/\"},{\"@type\":\"ListItem\",\"position\":3,\"name\":\"Lesson 24 &#8211; Understanding the Surrender Option\"}]},{\"@type\":\"WebSite\",\"@id\":\"https:\/\/www.blackjackinfo.com\/#website\",\"url\":\"https:\/\/www.blackjackinfo.com\/\",\"name\":\"BlackjackInfo.com\",\"description\":\"Because Winning is More Fun!\",\"potentialAction\":[{\"@type\":\"SearchAction\",\"target\":{\"@type\":\"EntryPoint\",\"urlTemplate\":\"https:\/\/www.blackjackinfo.com\/?s={search_term_string}\"},\"query-input\":{\"@type\":\"PropertyValueSpecification\",\"valueRequired\":true,\"valueName\":\"search_term_string\"}}],\"inLanguage\":\"fr-FR\"}]}<\/script>\n<!-- \/ Yoast SEO plugin. -->","yoast_head_json":{"title":"Ecole de Blackjack \u1408 Le\u00e7on 24 - Comprendre l'option d'abandon","description":"Le\u00e7on 24 de l'\u00e9cole gratuite de blackjack du ma\u00eetre de jeu - Comprendre comment utiliser la r\u00e8gle de capitulation.","robots":{"index":"index","follow":"follow","max-snippet":"max-snippet:-1","max-image-preview":"max-image-preview:large","max-video-preview":"max-video-preview:-1"},"canonical":"https:\/\/www.blackjackinfo.com\/fr\/ecole-de-blackjack\/lecon-24-comprendre-loption-de-rachat\/","og_locale":"fr_FR","og_type":"article","og_title":"Blackjack School \u1408 Lesson 24 - Understanding the Surrender Option","og_description":"Lesson 24 in the GameMaster's Free Blackjack School - Understand how to use the surrender rule.","og_url":"https:\/\/www.blackjackinfo.com\/fr\/ecole-de-blackjack\/lecon-24-comprendre-loption-de-rachat\/","og_site_name":"BlackjackInfo.com","article_modified_time":"2020-02-19T00:01:39+00:00","twitter_misc":{"Dur\u00e9e de lecture estim\u00e9e":"6 minutes"},"schema":{"@context":"https:\/\/schema.org","@graph":[{"@type":"WebPage","@id":"https:\/\/www.blackjackinfo.com\/blackjack-school\/lesson-24-understanding-the-surrender-option\/","url":"https:\/\/www.blackjackinfo.com\/blackjack-school\/lesson-24-understanding-the-surrender-option\/","name":"Ecole de Blackjack \u1408 Le\u00e7on 24 - Comprendre l'option d'abandon","isPartOf":{"@id":"https:\/\/www.blackjackinfo.com\/#website"},"datePublished":"2019-11-03T21:32:18+00:00","dateModified":"2020-02-19T00:01:39+00:00","description":"Le\u00e7on 24 de l'\u00e9cole gratuite de blackjack du ma\u00eetre de jeu - Comprendre comment utiliser la r\u00e8gle de capitulation.","breadcrumb":{"@id":"https:\/\/www.blackjackinfo.com\/blackjack-school\/lesson-24-understanding-the-surrender-option\/#breadcrumb"},"inLanguage":"fr-FR","potentialAction":[{"@type":"ReadAction","target":["https:\/\/www.blackjackinfo.com\/blackjack-school\/lesson-24-understanding-the-surrender-option\/"]}]},{"@type":"BreadcrumbList","@id":"https:\/\/www.blackjackinfo.com\/blackjack-school\/lesson-24-understanding-the-surrender-option\/#breadcrumb","itemListElement":[{"@type":"ListItem","position":1,"name":"Home","item":"https:\/\/www.blackjackinfo.com\/"},{"@type":"ListItem","position":2,"name":"Blackjack School &#8211; A Free 24-Lesson Class on Card Counting","item":"https:\/\/www.blackjackinfo.com\/blackjack-school\/"},{"@type":"ListItem","position":3,"name":"Lesson 24 &#8211; Understanding the Surrender Option"}]},{"@type":"WebSite","@id":"https:\/\/www.blackjackinfo.com\/#website","url":"https:\/\/www.blackjackinfo.com\/","name":"BlackjackInfo.com","description":"Parce que gagner, c'est plus amusant !","potentialAction":[{"@type":"SearchAction","target":{"@type":"EntryPoint","urlTemplate":"https:\/\/www.blackjackinfo.com\/?s={search_term_string}"},"query-input":{"@type":"PropertyValueSpecification","valueRequired":true,"valueName":"search_term_string"}}],"inLanguage":"fr-FR"}]}},"_links":{"self":[{"href":"https:\/\/www.blackjackinfo.com\/fr\/wp-json\/wp\/v2\/pages\/778","targetHints":{"allow":["GET"]}}],"collection":[{"href":"https:\/\/www.blackjackinfo.com\/fr\/wp-json\/wp\/v2\/pages"}],"about":[{"href":"https:\/\/www.blackjackinfo.com\/fr\/wp-json\/wp\/v2\/types\/page"}],"author":[{"embeddable":true,"href":"https:\/\/www.blackjackinfo.com\/fr\/wp-json\/wp\/v2\/users\/2"}],"replies":[{"embeddable":true,"href":"https:\/\/www.blackjackinfo.com\/fr\/wp-json\/wp\/v2\/comments?post=778"}],"version-history":[{"count":12,"href":"https:\/\/www.blackjackinfo.com\/fr\/wp-json\/wp\/v2\/pages\/778\/revisions"}],"predecessor-version":[{"id":5473,"href":"https:\/\/www.blackjackinfo.com\/fr\/wp-json\/wp\/v2\/pages\/778\/revisions\/5473"}],"up":[{"embeddable":true,"href":"https:\/\/www.blackjackinfo.com\/fr\/wp-json\/wp\/v2\/pages\/634"}],"wp:attachment":[{"href":"https:\/\/www.blackjackinfo.com\/fr\/wp-json\/wp\/v2\/media?parent=778"}],"wp:term":[{"taxonomy":"post_tag","embeddable":true,"href":"https:\/\/www.blackjackinfo.com\/fr\/wp-json\/wp\/v2\/tags?post=778"}],"curies":[{"name":"wp","href":"https:\/\/api.w.org\/{rel}","templated":true}]}}