{"id":780,"date":"2014-10-20T15:53:43","date_gmt":"2014-10-20T20:53:43","guid":{"rendered":"http:\/\/test.blackjackinfo.com\/?page_id=780"},"modified":"2018-01-23T05:36:42","modified_gmt":"2018-01-23T11:36:42","slug":"blackjack-school-downloads","status":"publish","type":"page","link":"https:\/\/www.blackjackinfo.com\/fr\/blackjack-school\/blackjack-school-downloads\/","title":{"rendered":"\u00c9cole de Blackjack T\u00e9l\u00e9chargements"},"content":{"rendered":"<p><b>Bienvenue sur la page de t\u00e9l\u00e9chargement de \"The GameMaster's Blackjack School\".<br \/>\nCes ressources peuvent \u00eatre t\u00e9l\u00e9charg\u00e9es pour \u00eatre utilis\u00e9es en conjonction avec les le\u00e7ons \u00e9crites.<\/b><\/p>\n<h3><a href=\"\/blackjack-school\/lesson-01-basic-strategy\/\">Le\u00e7on 1<\/a>. Strat\u00e9gie de base<\/h3>\n<ul>\n<li><a href=\"\/files\/Blackjack-School\/BasicStrategyMatrix.html\">Matrice de la strat\u00e9gie de base<\/a> - D\u00e9velopp\u00e9 pour un jeu assez courant (comme d\u00e9crit dans la le\u00e7on 1) : Six jeux, double sur les deux premi\u00e8res cartes, double apr\u00e8s avoir divis\u00e9 les paires est autoris\u00e9 et le croupier reste sur A-6 et l'abandon n'est pas autoris\u00e9.<\/li>\n<li><a href=\"\/files\/Blackjack-School\/BasicStrategyMatrix.pdf\">Matrice de la strat\u00e9gie de base<\/a><img loading=\"lazy\" decoding=\"async\" src=\"\/img\/PDFLogo.gif\" width=\"32\" height=\"32\" alt=\"\" data-no-auto-translation=\"\"> au format PDF.<\/li>\n<li>Vous pouvez cr\u00e9er une matrice de strat\u00e9gie de base sp\u00e9cifique pour n'importe quel jeu de Blackjack \u00e0 l'adresse suivante <a href=\"\/blackjack-basic-strategy-engine\/\">Moteur de strat\u00e9gie de base pour le blackjack<\/a>.<\/li>\n<li><a href=\"\/files\/Blackjack-School\/BasicStrategyDecisionChart.html\">Tableau de d\u00e9cision de la strat\u00e9gie de base<\/a> - Il s'agit de la strat\u00e9gie de base condens\u00e9e en r\u00e8gles faciles \u00e0 retenir pour la main de chaque joueur, en utilisant ces r\u00e8gles (comme sp\u00e9cifi\u00e9 dans la le\u00e7on 1) : 6 jeux, S17, DA2, DAS, pas d'abandon.<\/li>\n<li><a href=\"\/files\/Blackjack-School\/BasicStrategyDecisionChart.pdf\">Tableau de d\u00e9cision de la strat\u00e9gie de base<\/a><img loading=\"lazy\" decoding=\"async\" src=\"\/img\/PDFLogo.gif\" width=\"32\" height=\"32\" alt=\"\" data-no-auto-translation=\"\"> au format PDF.<\/li>\n<\/ul>\n<h3><a href=\"\/blackjack-school\/lesson-02-learning-basic-strategy\/\">Le\u00e7on 2<\/a>: Apprendre la strat\u00e9gie de base<\/h3>\n<ul>\n<li><a href=\"\/files\/Blackjack-School\/BasicStrategyReconstructionChart.html\">Tableau de reconstruction de la strat\u00e9gie de base<\/a> - Ce lien chargera la page sur votre ordinateur, puis vous pourrez l'imprimer autant que vous le souhaitez. Vous remarquerez qu'il s'agit simplement d'une version \"vierge\" du Tableau de d\u00e9cision de la strat\u00e9gie de base que nous avons utilis\u00e9 dans la Le\u00e7on 1 pour cr\u00e9er les r\u00e8gles pour chaque main de d\u00e9part du joueur. L'objectif ici est d'\u00e9crire la r\u00e8gle pour chaque main et de v\u00e9rifier son exactitude. Chronom\u00e9trez-vous pendant que vous le faites et voyez si vous pouvez descendre en dessous de 60 secondes avec une pr\u00e9cision de 100%.<\/li>\n<li><a href=\"\/files\/Blackjack-School\/BasicStrategyReconstructionChart.pdf\">Tableau de reconstruction de la strat\u00e9gie de base<\/a><img loading=\"lazy\" decoding=\"async\" src=\"\/img\/PDFLogo.gif\" width=\"32\" height=\"32\" alt=\"\" data-no-auto-translation=\"\"> au format PDF.<\/li>\n<li><a href=\"\/files\/Blackjack-School\/BasicStrategyDecisionExercise.html\">Exercice de d\u00e9cision strat\u00e9gique de base<\/a>. - Ici, j'ai cr\u00e9\u00e9 un grand nombre de mains de d\u00e9part pour les joueurs ainsi qu'une carte de d\u00e9part pour le croupier. Utilisez votre \"Matrice de strat\u00e9gie de base\" de la Le\u00e7on 1 pour faire une \"copie de correction\" et marquez-la comme telle en haut. Ensuite, il suffit de parcourir les colonnes d'une autre copie et d'y inscrire le jeu appropri\u00e9. Utilisez votre copie de correction pour v\u00e9rifier l'exactitude des donn\u00e9es. La vitesse est essentielle ici, alors essayez d'atteindre votre objectif en moins de 60 secondes avec une pr\u00e9cision de 100%. Ce lien chargera la page sur votre ordinateur, puis vous pourrez l'imprimer autant que vous le souhaitez.<\/li>\n<li><a href=\"\/files\/Blackjack-School\/BasicStrategyDecisionExercise.pdf\">Exercice de d\u00e9cision strat\u00e9gique de base<\/a><img loading=\"lazy\" decoding=\"async\" src=\"\/img\/PDFLogo.gif\" width=\"32\" height=\"32\" alt=\"\" data-no-auto-translation=\"\"> au format PDF.<\/li>\n<li><a href=\"\/files\/Blackjack-School\/BasicStrategyDecisionTest.html\">Test de d\u00e9cision sur la strat\u00e9gie de base<\/a>. Voici un dernier test qui vous permettra de v\u00e9rifier vos comp\u00e9tences en mati\u00e8re de strat\u00e9gie de base. Un temps de r\u00e9alisation de 2 minutes est tr\u00e8s raisonnable. Ce lien chargera le test sur votre ordinateur, puis vous pourrez l'imprimer autant que vous le souhaitez.<\/li>\n<li><a href=\"\/files\/Blackjack-School\/BasicStrategyDecisionTest.pdf\">Test de d\u00e9cision sur la strat\u00e9gie de base<\/a><img loading=\"lazy\" decoding=\"async\" src=\"\/img\/PDFLogo.gif\" width=\"32\" height=\"32\" alt=\"\" data-no-auto-translation=\"\"> au format PDF.<\/li>\n<\/ul>\n<h3><a href=\"\/blackjack-school\/lesson-03-counting-cards-the-basics\/\">Le\u00e7on 3<\/a>: Le comptage des cartes : Les bases<\/h3>\n<ul>\n<li><a href=\"\/files\/Blackjack-School\/Hi-LoCount-PointValues.html\">Syst\u00e8me de comptage Hi\/Lo - Valeurs des points<\/a> - Le syst\u00e8me de comptage Hi\/Lo attribue une valeur \"point\" \u00e0 chaque type de carte du jeu.  La premi\u00e8re \u00e9tape du comptage des cartes consiste \u00e0 m\u00e9moriser ces valeurs. Ce lien chargera la page sur votre ordinateur, puis vous pourrez en imprimer une copie.<\/li>\n<\/ul>\n<h3><a href=\"\/blackjack-school\/lesson-08-money-management-part-2\/\">Le\u00e7on 8<\/a>. Gestion de l'argent - Partie 2<\/h3>\n<ul>\n<li><a href=\"\/files\/Blackjack-School\/OptimumBetChart.html\">Le tableau des paris optimaux<\/a> - En utilisant ces informations, vous pouvez d\u00e9terminer la mise optimale pour n'importe quel bankroll ; il suffit de multiplier le chiffre de la derni\u00e8re colonne par le montant du bankroll.  Ainsi, pour un bankroll de $3000, la mise optimale pour un compte r\u00e9el de 2 est 0,0038 X $3000 = $11,40. Ce lien chargera la page sur votre ordinateur, puis vous pourrez en imprimer une copie.<\/li>\n<li><a href=\"\/files\/Blackjack-School\/OptimumBetChart.pdf\">Le tableau des paris optimaux<\/a><img loading=\"lazy\" decoding=\"async\" src=\"\/img\/PDFLogo.gif\" width=\"32\" height=\"32\" alt=\"\" data-no-auto-translation=\"\"> au format PDF.<\/li>\n<\/ul>","protected":false},"excerpt":{"rendered":"<p>Welcome to the Download Page for &#8220;The GameMaster&#8217;s Blackjack School&#8221;. These resources can be downloaded for use in conjunction with the written lessons. Lesson 1. Basic Strategy Basic Strategy Matrix &#8211; Developed for a fairly common game (as described in lesson 1): Six decks, double on any first two cards, double after splitting pairs is [&hellip;]<\/p>\n","protected":false},"author":2,"featured_media":0,"parent":634,"menu_order":0,"comment_status":"open","ping_status":"open","template":"page-blackjack-school.php","meta":{"_acf_changed":false,"footnotes":""},"tags":[],"class_list":["post-780","page","type-page","status-publish","hentry"],"acf":[],"yoast_head":"<!-- This site is optimized with the Yoast SEO plugin v26.6 - https:\/\/yoast.com\/wordpress\/plugins\/seo\/ -->\n<title>Blackjack School Downloads<\/title>\n<meta name=\"description\" content=\"Downloadable resources from the GameMaster&#039;s Free Blackjack School.\" \/>\n<meta name=\"robots\" content=\"index, follow, max-snippet:-1, max-image-preview:large, max-video-preview:-1\" \/>\n<link rel=\"canonical\" href=\"https:\/\/www.blackjackinfo.com\/fr\/ecole-de-blackjack\/blackjack-school-downloads\/\" \/>\n<meta property=\"og:locale\" content=\"fr_FR\" \/>\n<meta property=\"og:type\" content=\"article\" \/>\n<meta property=\"og:title\" content=\"Blackjack School Downloads\" \/>\n<meta property=\"og:description\" content=\"Downloadable resources from the GameMaster&#039;s Free Blackjack School.\" \/>\n<meta property=\"og:url\" content=\"https:\/\/www.blackjackinfo.com\/fr\/ecole-de-blackjack\/blackjack-school-downloads\/\" \/>\n<meta property=\"og:site_name\" content=\"BlackjackInfo.com\" \/>\n<meta property=\"article:modified_time\" content=\"2018-01-23T11:36:42+00:00\" \/>\n<meta name=\"twitter:label1\" content=\"Dur\u00e9e de lecture estim\u00e9e\" \/>\n\t<meta name=\"twitter:data1\" content=\"3 minutes\" \/>\n<script type=\"application\/ld+json\" class=\"yoast-schema-graph\">{\"@context\":\"https:\/\/schema.org\",\"@graph\":[{\"@type\":\"WebPage\",\"@id\":\"https:\/\/www.blackjackinfo.com\/blackjack-school\/blackjack-school-downloads\/\",\"url\":\"https:\/\/www.blackjackinfo.com\/blackjack-school\/blackjack-school-downloads\/\",\"name\":\"Blackjack School Downloads\",\"isPartOf\":{\"@id\":\"https:\/\/www.blackjackinfo.com\/#website\"},\"datePublished\":\"2014-10-20T20:53:43+00:00\",\"dateModified\":\"2018-01-23T11:36:42+00:00\",\"description\":\"Downloadable resources from the GameMaster's Free Blackjack School.\",\"breadcrumb\":{\"@id\":\"https:\/\/www.blackjackinfo.com\/blackjack-school\/blackjack-school-downloads\/#breadcrumb\"},\"inLanguage\":\"fr-FR\",\"potentialAction\":[{\"@type\":\"ReadAction\",\"target\":[\"https:\/\/www.blackjackinfo.com\/blackjack-school\/blackjack-school-downloads\/\"]}]},{\"@type\":\"BreadcrumbList\",\"@id\":\"https:\/\/www.blackjackinfo.com\/blackjack-school\/blackjack-school-downloads\/#breadcrumb\",\"itemListElement\":[{\"@type\":\"ListItem\",\"position\":1,\"name\":\"Home\",\"item\":\"https:\/\/www.blackjackinfo.com\/\"},{\"@type\":\"ListItem\",\"position\":2,\"name\":\"Blackjack School &#8211; A Free 24-Lesson Class on Card Counting\",\"item\":\"https:\/\/www.blackjackinfo.com\/blackjack-school\/\"},{\"@type\":\"ListItem\",\"position\":3,\"name\":\"Blackjack School Downloads\"}]},{\"@type\":\"WebSite\",\"@id\":\"https:\/\/www.blackjackinfo.com\/#website\",\"url\":\"https:\/\/www.blackjackinfo.com\/\",\"name\":\"BlackjackInfo.com\",\"description\":\"Because Winning is More Fun!\",\"potentialAction\":[{\"@type\":\"SearchAction\",\"target\":{\"@type\":\"EntryPoint\",\"urlTemplate\":\"https:\/\/www.blackjackinfo.com\/?s={search_term_string}\"},\"query-input\":{\"@type\":\"PropertyValueSpecification\",\"valueRequired\":true,\"valueName\":\"search_term_string\"}}],\"inLanguage\":\"fr-FR\"}]}<\/script>\n<!-- \/ Yoast SEO plugin. -->","yoast_head_json":{"title":"\u00c9cole de Blackjack T\u00e9l\u00e9chargements","description":"Ressources t\u00e9l\u00e9chargeables de la GameMaster's Free Blackjack School.","robots":{"index":"index","follow":"follow","max-snippet":"max-snippet:-1","max-image-preview":"max-image-preview:large","max-video-preview":"max-video-preview:-1"},"canonical":"https:\/\/www.blackjackinfo.com\/fr\/ecole-de-blackjack\/blackjack-school-downloads\/","og_locale":"fr_FR","og_type":"article","og_title":"Blackjack School Downloads","og_description":"Downloadable resources from the GameMaster's Free Blackjack School.","og_url":"https:\/\/www.blackjackinfo.com\/fr\/ecole-de-blackjack\/blackjack-school-downloads\/","og_site_name":"BlackjackInfo.com","article_modified_time":"2018-01-23T11:36:42+00:00","twitter_misc":{"Dur\u00e9e de lecture estim\u00e9e":"3 minutes"},"schema":{"@context":"https:\/\/schema.org","@graph":[{"@type":"WebPage","@id":"https:\/\/www.blackjackinfo.com\/blackjack-school\/blackjack-school-downloads\/","url":"https:\/\/www.blackjackinfo.com\/blackjack-school\/blackjack-school-downloads\/","name":"\u00c9cole de Blackjack T\u00e9l\u00e9chargements","isPartOf":{"@id":"https:\/\/www.blackjackinfo.com\/#website"},"datePublished":"2014-10-20T20:53:43+00:00","dateModified":"2018-01-23T11:36:42+00:00","description":"Ressources t\u00e9l\u00e9chargeables de la GameMaster's Free Blackjack School.","breadcrumb":{"@id":"https:\/\/www.blackjackinfo.com\/blackjack-school\/blackjack-school-downloads\/#breadcrumb"},"inLanguage":"fr-FR","potentialAction":[{"@type":"ReadAction","target":["https:\/\/www.blackjackinfo.com\/blackjack-school\/blackjack-school-downloads\/"]}]},{"@type":"BreadcrumbList","@id":"https:\/\/www.blackjackinfo.com\/blackjack-school\/blackjack-school-downloads\/#breadcrumb","itemListElement":[{"@type":"ListItem","position":1,"name":"Home","item":"https:\/\/www.blackjackinfo.com\/"},{"@type":"ListItem","position":2,"name":"Blackjack School &#8211; A Free 24-Lesson Class on Card Counting","item":"https:\/\/www.blackjackinfo.com\/blackjack-school\/"},{"@type":"ListItem","position":3,"name":"Blackjack School Downloads"}]},{"@type":"WebSite","@id":"https:\/\/www.blackjackinfo.com\/#website","url":"https:\/\/www.blackjackinfo.com\/","name":"BlackjackInfo.com","description":"Parce que gagner, c'est plus amusant !","potentialAction":[{"@type":"SearchAction","target":{"@type":"EntryPoint","urlTemplate":"https:\/\/www.blackjackinfo.com\/?s={search_term_string}"},"query-input":{"@type":"PropertyValueSpecification","valueRequired":true,"valueName":"search_term_string"}}],"inLanguage":"fr-FR"}]}},"_links":{"self":[{"href":"https:\/\/www.blackjackinfo.com\/fr\/wp-json\/wp\/v2\/pages\/780","targetHints":{"allow":["GET"]}}],"collection":[{"href":"https:\/\/www.blackjackinfo.com\/fr\/wp-json\/wp\/v2\/pages"}],"about":[{"href":"https:\/\/www.blackjackinfo.com\/fr\/wp-json\/wp\/v2\/types\/page"}],"author":[{"embeddable":true,"href":"https:\/\/www.blackjackinfo.com\/fr\/wp-json\/wp\/v2\/users\/2"}],"replies":[{"embeddable":true,"href":"https:\/\/www.blackjackinfo.com\/fr\/wp-json\/wp\/v2\/comments?post=780"}],"version-history":[{"count":14,"href":"https:\/\/www.blackjackinfo.com\/fr\/wp-json\/wp\/v2\/pages\/780\/revisions"}],"predecessor-version":[{"id":800,"href":"https:\/\/www.blackjackinfo.com\/fr\/wp-json\/wp\/v2\/pages\/780\/revisions\/800"}],"up":[{"embeddable":true,"href":"https:\/\/www.blackjackinfo.com\/fr\/wp-json\/wp\/v2\/pages\/634"}],"wp:attachment":[{"href":"https:\/\/www.blackjackinfo.com\/fr\/wp-json\/wp\/v2\/media?parent=780"}],"wp:term":[{"taxonomy":"post_tag","embeddable":true,"href":"https:\/\/www.blackjackinfo.com\/fr\/wp-json\/wp\/v2\/tags?post=780"}],"curies":[{"name":"wp","href":"https:\/\/api.w.org\/{rel}","templated":true}]}}