{"id":815,"date":"2014-10-21T10:15:08","date_gmt":"2014-10-21T15:15:08","guid":{"rendered":"http:\/\/test.blackjackinfo.com\/?page_id=815"},"modified":"2018-06-22T02:43:50","modified_gmt":"2018-06-22T07:43:50","slug":"commencer-ici","status":"publish","type":"page","link":"https:\/\/www.blackjackinfo.com\/fr\/start-here\/","title":{"rendered":"Commencez ici - Apprenez \u00e0 jouer au Blackjack !"},"content":{"rendered":"<p class=\"intro\">Le blackjack est un jeu qui r\u00e9compense les connaissances. Si vous aimez ce jeu, ne devriez-vous pas vous donner les meilleures chances de gagner ?<\/p>\n<p>Alors que le joueur de blackjack typique perd environ 1,5% de ses mises sur le long terme, un joueur intelligent peut faire beaucoup mieux que cela. Il est facile de s'am\u00e9liorer...<\/p>\n<h2 style=\"text-align: center;\">La strat\u00e9gie de base est un bon d\u00e9but<\/h2>\n<p>De nombreux casinos proposent une version du jeu dans laquelle la perte attendue d'un joueur adoptant une strat\u00e9gie de base n'est que d'environ 0,3%. En choisissant simplement le bon jeu et en utilisant une strat\u00e9gie de base correcte, vos r\u00e9sultats ont d\u00e9j\u00e0 \u00e9t\u00e9 multipli\u00e9s par cinq par rapport \u00e0 ceux d'un joueur typique !<\/p>\n<p>Un joueur qui joue \u00e0 ce niveau de comp\u00e9tence peut d\u00e9j\u00e0 \"battre\" le jeu si l'on consid\u00e8re la valeur des comps et des cadeaux qu'il peut obtenir. (Voir <a href=\"\/how-a-basic-strategy-player-can-beat-blackjack\/\">Comment un joueur de strat\u00e9gie de base peut battre le Blackjack<\/a>.)<\/p>\n<h2 style=\"text-align: center;\">Le comptage des cartes vous permet de renverser la situation<\/h2>\n<p>Si vous voulez battre le jeu sur le long terme pour gagner de l'argent, c'est \u00e9galement possible. En fait, le blackjack est probablement le jeu de casino le plus facile pour lequel un joueur averti peut obtenir un avantage math\u00e9matique sur le jeu. En apprenant \u00e0 compter les cartes, vous pouvez esp\u00e9rer gagner plus d'argent que vous n'en perdez. Il n'est pas n\u00e9cessaire d'\u00eatre un g\u00e9nie pour compter les cartes... Il suffit d'\u00eatre pr\u00eat \u00e0 \u00e9tudier, \u00e0 s'entra\u00eener et \u00e0 jouer avec discipline.<\/p>\n<h2 style=\"text-align: center;\">Quoi qu'il en soit, la connaissance est pr\u00e9cieuse<\/h2>\n<p>Bien s\u00fbr, le comptage de cartes n'est pas pour tout le monde, et il n'y a absolument rien de mal \u00e0 jouer au blackjack pour sa valeur de divertissement. Mais m\u00eame un joueur r\u00e9cr\u00e9atif sera r\u00e9compens\u00e9 pour avoir pass\u00e9 du temps \u00e0 apprendre la bonne strat\u00e9gie de base.<\/p>\n<p>Que vous souhaitiez vous am\u00e9liorer en tant que joueur de strat\u00e9gie de base ou que vous soyez ici pour apprendre \u00e0 compter les cartes, BlackjackInfo vous fournira les outils dont vous avez besoin pour am\u00e9liorer votre jeu. Souvenez-vous de notre slogan : <b>\"BlackjackInfo : Parce que gagner est plus amusant !<\/b><\/p>\n<h2 style=\"text-align: center;\">Notre ressource de strat\u00e9gie de base la plus populaire<\/h2>\n<p>Conna\u00eetre la bonne fa\u00e7on de jouer chaque main est la pierre angulaire pour gagner au blackjack. BlackjackInfo fournit gratuitement des tableaux de strat\u00e9gie personnalis\u00e9s et pr\u00e9cis depuis plus longtemps que n'importe qui d'autre sur Internet. Nous sommes \u00e0 l'origine de l'original<\/p>\n<p style=\"text-align: center;\"><a class=\"btn btn-primary round\" href=\"\/blackjack-basic-strategy-engine\/\">Moteur de strat\u00e9gie de base pour le blackjack<\/a><\/p>\n<p>Il vous suffit d'ins\u00e9rer les r\u00e8gles de votre casino local et vous obtiendrez une strat\u00e9gie parfaitement personnalis\u00e9e pour ce jeu pr\u00e9cis.<\/p>\n<h2 style=\"text-align: center;\">Notre ressource la plus populaire sur le comptage des cartes<\/h2>\n<p>Si vous souhaitez apprendre \u00e0 compter les cartes, notre cours gratuit de 24 le\u00e7ons sur le comptage des cartes est un excellent point de d\u00e9part.<\/p>\n<p style=\"text-align: center;\"><a class=\"btn btn-primary round\" href=\"\/blackjack-school\/\">L'\u00e9cole de blackjack du ma\u00eetre de jeu<\/a><\/p>\n<h2 style=\"text-align: center;\">Une archive massive de discussions sur le Blackjack<\/h2>\n<p>Notre atout le plus pr\u00e9cieux est peut-\u00eatre un tr\u00e9sor absolu de savoir-faire en mati\u00e8re de blackjack.<\/p>\n<p style=\"text-align: center;\"><a class=\"btn btn-primary round\" href=\"\/knowledge-base\/\">Base de connaissances Blackjack<\/a><\/p>\n<p>La collection contient plus de 200 000 messages issus d'ann\u00e9es de questions et de conversations sur le jeu. Allez-y, creusez !<\/p>\n<h2 style=\"text-align: center;\">Les quatre meilleurs livres sur le blackjack<\/h2>\n<p>Si vous souhaitez en savoir plus sur le blackjack, l'article suivant pr\u00e9sente les lectures recommand\u00e9es.<\/p>\n<p style=\"text-align: center;\"><a class=\"btn btn-primary round\" href=\"https:\/\/www.blackjackinfo.com\/top-four-blackjack-books\/\">Les quatre meilleurs livres sur le blackjack<\/a><\/p>\n<p>Alors, qu'est-ce que vous attendez ? Allez jouer au blackjack intelligemment !<\/p>","protected":false},"excerpt":{"rendered":"<p>Blackjack is a game that rewards knowledge. If you enjoy the game, shouldn&#8217;t you give yourself the best chance of winning that you can? While the typical blackjack player loses about 1.5% of their bets over the long run, a smart player can do a lot better than that. Improving is easy&#8230; Basic Strategy is [&hellip;]<\/p>\n","protected":false},"author":2,"featured_media":0,"parent":0,"menu_order":0,"comment_status":"open","ping_status":"closed","template":"","meta":{"_acf_changed":false,"footnotes":""},"tags":[],"class_list":["post-815","page","type-page","status-publish","hentry"],"acf":[],"yoast_head":"<!-- This site is optimized with the Yoast SEO plugin v26.6 - https:\/\/yoast.com\/wordpress\/plugins\/seo\/ -->\n<title>Start Here - Get Blackjack Smart!<\/title>\n<meta name=\"description\" content=\"Blackjack is a game that rewards knowledge. If you enjoy the game, shouldn&#039;t you give yourself the best chance of winning that you can? Start here.\" \/>\n<meta name=\"robots\" content=\"index, follow, max-snippet:-1, max-image-preview:large, max-video-preview:-1\" \/>\n<link rel=\"canonical\" href=\"https:\/\/www.blackjackinfo.com\/fr\/commencer-ici\/\" \/>\n<meta property=\"og:locale\" content=\"fr_FR\" \/>\n<meta property=\"og:type\" content=\"article\" \/>\n<meta property=\"og:title\" content=\"Start Here - Get Blackjack Smart!\" \/>\n<meta property=\"og:description\" content=\"Blackjack is a game that rewards knowledge. If you enjoy the game, shouldn&#039;t you give yourself the best chance of winning that you can? Start here.\" \/>\n<meta property=\"og:url\" content=\"https:\/\/www.blackjackinfo.com\/fr\/commencer-ici\/\" \/>\n<meta property=\"og:site_name\" content=\"BlackjackInfo.com\" \/>\n<meta property=\"article:modified_time\" content=\"2018-06-22T07:43:50+00:00\" \/>\n<meta name=\"twitter:label1\" content=\"Dur\u00e9e de lecture estim\u00e9e\" \/>\n\t<meta name=\"twitter:data1\" content=\"2 minutes\" \/>\n<script type=\"application\/ld+json\" class=\"yoast-schema-graph\">{\"@context\":\"https:\/\/schema.org\",\"@graph\":[{\"@type\":\"WebPage\",\"@id\":\"https:\/\/www.blackjackinfo.com\/start-here\/\",\"url\":\"https:\/\/www.blackjackinfo.com\/start-here\/\",\"name\":\"Start Here - Get Blackjack Smart!\",\"isPartOf\":{\"@id\":\"https:\/\/www.blackjackinfo.com\/#website\"},\"datePublished\":\"2014-10-21T15:15:08+00:00\",\"dateModified\":\"2018-06-22T07:43:50+00:00\",\"description\":\"Blackjack is a game that rewards knowledge. If you enjoy the game, shouldn't you give yourself the best chance of winning that you can? Start here.\",\"breadcrumb\":{\"@id\":\"https:\/\/www.blackjackinfo.com\/start-here\/#breadcrumb\"},\"inLanguage\":\"fr-FR\",\"potentialAction\":[{\"@type\":\"ReadAction\",\"target\":[\"https:\/\/www.blackjackinfo.com\/start-here\/\"]}]},{\"@type\":\"BreadcrumbList\",\"@id\":\"https:\/\/www.blackjackinfo.com\/start-here\/#breadcrumb\",\"itemListElement\":[{\"@type\":\"ListItem\",\"position\":1,\"name\":\"Home\",\"item\":\"https:\/\/www.blackjackinfo.com\/\"},{\"@type\":\"ListItem\",\"position\":2,\"name\":\"Start Here &#8211; Get Blackjack Smart!\"}]},{\"@type\":\"WebSite\",\"@id\":\"https:\/\/www.blackjackinfo.com\/#website\",\"url\":\"https:\/\/www.blackjackinfo.com\/\",\"name\":\"BlackjackInfo.com\",\"description\":\"Because Winning is More Fun!\",\"potentialAction\":[{\"@type\":\"SearchAction\",\"target\":{\"@type\":\"EntryPoint\",\"urlTemplate\":\"https:\/\/www.blackjackinfo.com\/?s={search_term_string}\"},\"query-input\":{\"@type\":\"PropertyValueSpecification\",\"valueRequired\":true,\"valueName\":\"search_term_string\"}}],\"inLanguage\":\"fr-FR\"}]}<\/script>\n<!-- \/ Yoast SEO plugin. -->","yoast_head_json":{"title":"Commencez ici - Apprenez \u00e0 jouer au Blackjack !","description":"Le blackjack est un jeu qui r\u00e9compense les connaissances. Si vous aimez ce jeu, ne devriez-vous pas vous donner les meilleures chances de gagner ? Commencez ici.","robots":{"index":"index","follow":"follow","max-snippet":"max-snippet:-1","max-image-preview":"max-image-preview:large","max-video-preview":"max-video-preview:-1"},"canonical":"https:\/\/www.blackjackinfo.com\/fr\/commencer-ici\/","og_locale":"fr_FR","og_type":"article","og_title":"Start Here - Get Blackjack Smart!","og_description":"Blackjack is a game that rewards knowledge. If you enjoy the game, shouldn't you give yourself the best chance of winning that you can? Start here.","og_url":"https:\/\/www.blackjackinfo.com\/fr\/commencer-ici\/","og_site_name":"BlackjackInfo.com","article_modified_time":"2018-06-22T07:43:50+00:00","twitter_misc":{"Dur\u00e9e de lecture estim\u00e9e":"2 minutes"},"schema":{"@context":"https:\/\/schema.org","@graph":[{"@type":"WebPage","@id":"https:\/\/www.blackjackinfo.com\/start-here\/","url":"https:\/\/www.blackjackinfo.com\/start-here\/","name":"Commencez ici - Apprenez \u00e0 jouer au Blackjack !","isPartOf":{"@id":"https:\/\/www.blackjackinfo.com\/#website"},"datePublished":"2014-10-21T15:15:08+00:00","dateModified":"2018-06-22T07:43:50+00:00","description":"Le blackjack est un jeu qui r\u00e9compense les connaissances. Si vous aimez ce jeu, ne devriez-vous pas vous donner les meilleures chances de gagner ? Commencez ici.","breadcrumb":{"@id":"https:\/\/www.blackjackinfo.com\/start-here\/#breadcrumb"},"inLanguage":"fr-FR","potentialAction":[{"@type":"ReadAction","target":["https:\/\/www.blackjackinfo.com\/start-here\/"]}]},{"@type":"BreadcrumbList","@id":"https:\/\/www.blackjackinfo.com\/start-here\/#breadcrumb","itemListElement":[{"@type":"ListItem","position":1,"name":"Home","item":"https:\/\/www.blackjackinfo.com\/"},{"@type":"ListItem","position":2,"name":"Start Here &#8211; Get Blackjack Smart!"}]},{"@type":"WebSite","@id":"https:\/\/www.blackjackinfo.com\/#website","url":"https:\/\/www.blackjackinfo.com\/","name":"BlackjackInfo.com","description":"Parce que gagner, c'est plus amusant !","potentialAction":[{"@type":"SearchAction","target":{"@type":"EntryPoint","urlTemplate":"https:\/\/www.blackjackinfo.com\/?s={search_term_string}"},"query-input":{"@type":"PropertyValueSpecification","valueRequired":true,"valueName":"search_term_string"}}],"inLanguage":"fr-FR"}]}},"_links":{"self":[{"href":"https:\/\/www.blackjackinfo.com\/fr\/wp-json\/wp\/v2\/pages\/815","targetHints":{"allow":["GET"]}}],"collection":[{"href":"https:\/\/www.blackjackinfo.com\/fr\/wp-json\/wp\/v2\/pages"}],"about":[{"href":"https:\/\/www.blackjackinfo.com\/fr\/wp-json\/wp\/v2\/types\/page"}],"author":[{"embeddable":true,"href":"https:\/\/www.blackjackinfo.com\/fr\/wp-json\/wp\/v2\/users\/2"}],"replies":[{"embeddable":true,"href":"https:\/\/www.blackjackinfo.com\/fr\/wp-json\/wp\/v2\/comments?post=815"}],"version-history":[{"count":28,"href":"https:\/\/www.blackjackinfo.com\/fr\/wp-json\/wp\/v2\/pages\/815\/revisions"}],"predecessor-version":[{"id":3717,"href":"https:\/\/www.blackjackinfo.com\/fr\/wp-json\/wp\/v2\/pages\/815\/revisions\/3717"}],"wp:attachment":[{"href":"https:\/\/www.blackjackinfo.com\/fr\/wp-json\/wp\/v2\/media?parent=815"}],"wp:term":[{"taxonomy":"post_tag","embeddable":true,"href":"https:\/\/www.blackjackinfo.com\/fr\/wp-json\/wp\/v2\/tags?post=815"}],"curies":[{"name":"wp","href":"https:\/\/api.w.org\/{rel}","templated":true}]}}