{"id":8270,"date":"2025-04-17T05:44:58","date_gmt":"2025-04-17T10:44:58","guid":{"rendered":"https:\/\/www.blackjackinfo.com\/?page_id=8270"},"modified":"2025-05-13T06:07:01","modified_gmt":"2025-05-13T11:07:01","slug":"deposer-une-plainte","status":"publish","type":"page","link":"https:\/\/www.blackjackinfo.com\/fr\/submit-a-complaint\/","title":{"rendered":"D\u00e9poser une plainte contre un casino en ligne"},"content":{"rendered":"<h2 class=\"wp-block-heading\">Lignes directrices pour le d\u00e9p\u00f4t d'une plainte<\/h2>\n\n\n\n<p>Utilisez notre service de d\u00e9p\u00f4t de plainte pour signaler des probl\u00e8mes tels que des retards de paiement, des pratiques d\u00e9loyales, des probl\u00e8mes de bonus ou des litiges concernant votre compte. <\/p>\n\n\n\n<p>Une fois soumis, votre litige sera imm\u00e9diatement notifi\u00e9 au repr\u00e9sentant du casino en ligne et nous servirons de m\u00e9diateur pour une r\u00e9solution \u00e9quitable.<\/p>\n\n\n\n<p>Notre objectif est de vous aider \u00e0 obtenir un r\u00e9sultat \u00e9quitable tout en encourageant les meilleures pratiques et la transparence avec les casinos.<\/p>\n\n\n\n<p>Pour que la proc\u00e9dure se d\u00e9roule sans heurts, veuillez suivre les \u00e9tapes suivantes avant de d\u00e9poser une plainte.<\/p>\n\n\n\n<ol class=\"wp-block-list\">\n<li>Contactez l'\u00e9quipe d'assistance du casino pour tenter de r\u00e9soudre le probl\u00e8me.<\/li>\n\n\n\n<li>V\u00e9rifiez que vous n'avez pas enfreint les conditions g\u00e9n\u00e9rales du casino.<\/li>\n\n\n\n<li>Si vous avez fait ce qui pr\u00e9c\u00e8de et que vous n'\u00eates pas parvenu \u00e0 une solution \u00e9quitable, continuez \u00e0 faire part de votre situation en remplissant le formulaire ci-dessous.<\/li>\n\n\n\n<li>N'oubliez pas d'indiquer votre nom d'utilisateur du casino, cela permettra d'acc\u00e9l\u00e9rer le processus pour tout le monde.<\/li>\n<\/ol>\n\n\n\n<h2 class=\"wp-block-heading\">Combien co\u00fbte ce service ?<\/h2>\n\n\n\n<p>C'est totalement gratuit. Comme <a href=\"https:\/\/www.blackjackinfo.com\/about\/\">des experts de l'industrie<\/a>Nous comprenons qu'il peut \u00eatre parfois frustrant de r\u00e9soudre des probl\u00e8mes, sans parler d'entrer en contact avec des casinos en ligne. Nous avons donc cr\u00e9\u00e9 ce service gratuit dans l'espoir de dissiper les doutes, d'am\u00e9liorer la transparence et de contribuer \u00e0 combler le foss\u00e9 entre les joueurs et les op\u00e9rateurs.<\/p>\n\n\n\n<p>Remarque : nous ne pouvons pas garantir une issue favorable, mais nous ferons de notre mieux pour assurer la m\u00e9diation et obtenir un r\u00e9sultat \u00e9quitable.<\/p>","protected":false},"excerpt":{"rendered":"<p>Guidelines for Submitting a Complaint Use our complaint submission service to report issues such as delayed payments, unfair practices, bonus problems, or account disputes. Once submitted, your dispute will notify the online casino rep immediately and we will mediate the process for a fair resolution. Our goal is to help you get a fair outcome [&hellip;]<\/p>\n","protected":false},"author":4,"featured_media":0,"parent":0,"menu_order":0,"comment_status":"open","ping_status":"closed","template":"page-online-casino-comments.php","meta":{"_acf_changed":false,"footnotes":""},"tags":[],"class_list":["post-8270","page","type-page","status-publish","hentry"],"acf":[],"yoast_head":"<!-- This site is optimized with the Yoast SEO plugin v26.6 - https:\/\/yoast.com\/wordpress\/plugins\/seo\/ -->\n<title>Submit a Complaint against an Online Casino<\/title>\n<meta name=\"description\" content=\"Guidelines for Submitting a Complaint Use our complaint submission service to report issues such as delayed payments, unfair practices, bonus problems, or\" \/>\n<meta name=\"robots\" content=\"index, follow, max-snippet:-1, max-image-preview:large, max-video-preview:-1\" \/>\n<link rel=\"canonical\" href=\"https:\/\/www.blackjackinfo.com\/fr\/deposer-une-plainte\/\" \/>\n<meta property=\"og:locale\" content=\"fr_FR\" \/>\n<meta property=\"og:type\" content=\"article\" \/>\n<meta property=\"og:title\" content=\"Submit a Complaint against an Online Casino\" \/>\n<meta property=\"og:description\" content=\"Guidelines for Submitting a Complaint Use our complaint submission service to report issues such as delayed payments, unfair practices, bonus problems, or\" \/>\n<meta property=\"og:url\" content=\"https:\/\/www.blackjackinfo.com\/fr\/deposer-une-plainte\/\" \/>\n<meta property=\"og:site_name\" content=\"BlackjackInfo.com\" \/>\n<meta property=\"article:modified_time\" content=\"2025-05-13T11:07:01+00:00\" \/>\n<meta name=\"twitter:label1\" content=\"Dur\u00e9e de lecture estim\u00e9e\" \/>\n\t<meta name=\"twitter:data1\" content=\"1 minute\" \/>\n<script type=\"application\/ld+json\" class=\"yoast-schema-graph\">{\"@context\":\"https:\/\/schema.org\",\"@graph\":[{\"@type\":\"WebPage\",\"@id\":\"https:\/\/www.blackjackinfo.com\/submit-a-complaint\/\",\"url\":\"https:\/\/www.blackjackinfo.com\/submit-a-complaint\/\",\"name\":\"Submit a Complaint against an Online Casino\",\"isPartOf\":{\"@id\":\"https:\/\/www.blackjackinfo.com\/#website\"},\"datePublished\":\"2025-04-17T10:44:58+00:00\",\"dateModified\":\"2025-05-13T11:07:01+00:00\",\"description\":\"Guidelines for Submitting a Complaint Use our complaint submission service to report issues such as delayed payments, unfair practices, bonus problems, or\",\"breadcrumb\":{\"@id\":\"https:\/\/www.blackjackinfo.com\/submit-a-complaint\/#breadcrumb\"},\"inLanguage\":\"fr-FR\",\"potentialAction\":[{\"@type\":\"ReadAction\",\"target\":[\"https:\/\/www.blackjackinfo.com\/submit-a-complaint\/\"]}]},{\"@type\":\"BreadcrumbList\",\"@id\":\"https:\/\/www.blackjackinfo.com\/submit-a-complaint\/#breadcrumb\",\"itemListElement\":[{\"@type\":\"ListItem\",\"position\":1,\"name\":\"Home\",\"item\":\"https:\/\/www.blackjackinfo.com\/\"},{\"@type\":\"ListItem\",\"position\":2,\"name\":\"Submit a Complaint against an Online Casino\"}]},{\"@type\":\"WebSite\",\"@id\":\"https:\/\/www.blackjackinfo.com\/#website\",\"url\":\"https:\/\/www.blackjackinfo.com\/\",\"name\":\"BlackjackInfo.com\",\"description\":\"Because Winning is More Fun!\",\"potentialAction\":[{\"@type\":\"SearchAction\",\"target\":{\"@type\":\"EntryPoint\",\"urlTemplate\":\"https:\/\/www.blackjackinfo.com\/?s={search_term_string}\"},\"query-input\":{\"@type\":\"PropertyValueSpecification\",\"valueRequired\":true,\"valueName\":\"search_term_string\"}}],\"inLanguage\":\"fr-FR\"}]}<\/script>\n<!-- \/ Yoast SEO plugin. -->","yoast_head_json":{"title":"D\u00e9poser une plainte contre un casino en ligne","description":"Lignes directrices pour le d\u00e9p\u00f4t d'une plainte Utilisez notre service de d\u00e9p\u00f4t de plainte pour signaler des probl\u00e8mes tels que des retards de paiement, des pratiques d\u00e9loyales, des probl\u00e8mes de primes, ou des probl\u00e8mes d'acc\u00e8s \u00e0 l'internet.","robots":{"index":"index","follow":"follow","max-snippet":"max-snippet:-1","max-image-preview":"max-image-preview:large","max-video-preview":"max-video-preview:-1"},"canonical":"https:\/\/www.blackjackinfo.com\/fr\/deposer-une-plainte\/","og_locale":"fr_FR","og_type":"article","og_title":"Submit a Complaint against an Online Casino","og_description":"Guidelines for Submitting a Complaint Use our complaint submission service to report issues such as delayed payments, unfair practices, bonus problems, or","og_url":"https:\/\/www.blackjackinfo.com\/fr\/deposer-une-plainte\/","og_site_name":"BlackjackInfo.com","article_modified_time":"2025-05-13T11:07:01+00:00","twitter_misc":{"Dur\u00e9e de lecture estim\u00e9e":"1 minute"},"schema":{"@context":"https:\/\/schema.org","@graph":[{"@type":"WebPage","@id":"https:\/\/www.blackjackinfo.com\/submit-a-complaint\/","url":"https:\/\/www.blackjackinfo.com\/submit-a-complaint\/","name":"D\u00e9poser une plainte contre un casino en ligne","isPartOf":{"@id":"https:\/\/www.blackjackinfo.com\/#website"},"datePublished":"2025-04-17T10:44:58+00:00","dateModified":"2025-05-13T11:07:01+00:00","description":"Lignes directrices pour le d\u00e9p\u00f4t d'une plainte Utilisez notre service de d\u00e9p\u00f4t de plainte pour signaler des probl\u00e8mes tels que des retards de paiement, des pratiques d\u00e9loyales, des probl\u00e8mes de primes, ou des probl\u00e8mes d'acc\u00e8s \u00e0 l'internet.","breadcrumb":{"@id":"https:\/\/www.blackjackinfo.com\/submit-a-complaint\/#breadcrumb"},"inLanguage":"fr-FR","potentialAction":[{"@type":"ReadAction","target":["https:\/\/www.blackjackinfo.com\/submit-a-complaint\/"]}]},{"@type":"BreadcrumbList","@id":"https:\/\/www.blackjackinfo.com\/submit-a-complaint\/#breadcrumb","itemListElement":[{"@type":"ListItem","position":1,"name":"Home","item":"https:\/\/www.blackjackinfo.com\/"},{"@type":"ListItem","position":2,"name":"Submit a Complaint against an Online Casino"}]},{"@type":"WebSite","@id":"https:\/\/www.blackjackinfo.com\/#website","url":"https:\/\/www.blackjackinfo.com\/","name":"BlackjackInfo.com","description":"Parce que gagner, c'est plus amusant !","potentialAction":[{"@type":"SearchAction","target":{"@type":"EntryPoint","urlTemplate":"https:\/\/www.blackjackinfo.com\/?s={search_term_string}"},"query-input":{"@type":"PropertyValueSpecification","valueRequired":true,"valueName":"search_term_string"}}],"inLanguage":"fr-FR"}]}},"_links":{"self":[{"href":"https:\/\/www.blackjackinfo.com\/fr\/wp-json\/wp\/v2\/pages\/8270","targetHints":{"allow":["GET"]}}],"collection":[{"href":"https:\/\/www.blackjackinfo.com\/fr\/wp-json\/wp\/v2\/pages"}],"about":[{"href":"https:\/\/www.blackjackinfo.com\/fr\/wp-json\/wp\/v2\/types\/page"}],"author":[{"embeddable":true,"href":"https:\/\/www.blackjackinfo.com\/fr\/wp-json\/wp\/v2\/users\/4"}],"replies":[{"embeddable":true,"href":"https:\/\/www.blackjackinfo.com\/fr\/wp-json\/wp\/v2\/comments?post=8270"}],"version-history":[{"count":7,"href":"https:\/\/www.blackjackinfo.com\/fr\/wp-json\/wp\/v2\/pages\/8270\/revisions"}],"predecessor-version":[{"id":8476,"href":"https:\/\/www.blackjackinfo.com\/fr\/wp-json\/wp\/v2\/pages\/8270\/revisions\/8476"}],"wp:attachment":[{"href":"https:\/\/www.blackjackinfo.com\/fr\/wp-json\/wp\/v2\/media?parent=8270"}],"wp:term":[{"taxonomy":"post_tag","embeddable":true,"href":"https:\/\/www.blackjackinfo.com\/fr\/wp-json\/wp\/v2\/tags?post=8270"}],"curies":[{"name":"wp","href":"https:\/\/api.w.org\/{rel}","templated":true}]}}