{"id":875,"date":"2014-10-22T12:30:01","date_gmt":"2014-10-22T17:30:01","guid":{"rendered":"http:\/\/test.blackjackinfo.com\/?page_id=875"},"modified":"2018-06-22T02:31:04","modified_gmt":"2018-06-22T07:31:04","slug":"instructions-relatives-a-la-carte-de-strategie-de-base","status":"publish","type":"page","link":"https:\/\/www.blackjackinfo.com\/fr\/card\/basic-strategy-card-instructions\/","title":{"rendered":"Strat\u00e9gie de base du Blackjack Instructions pour les cartes"},"content":{"rendered":"<p><img loading=\"lazy\" decoding=\"async\" src=\"\/files\/SixCards-300x198.jpg\" alt=\"Set of Six Cards\" width=\"300\" height=\"198\" class=\"alignright size-full wp-image-878\" data-no-auto-translation=\"\" \/><\/p>\n<p class=\"intro\">Cartes de strat\u00e9gie de blackjack au format portefeuille, sp\u00e9cialement con\u00e7ues pour chaque s\u00e9rie de r\u00e8gles. Disponibles individuellement ou en set de six cartes.<\/p>\n<p>Les <a href=\"http:\/\/www.amazon.com\/dp\/098211916X\/?tag=theblackjacbasic\">jeu complet de 6 cartes<\/a> comprend :<\/p>\n<ul>\n<li><a href=\"http:\/\/www.amazon.com\/dp\/0982119100\/?tag=theblackjacbasic\">1 jeu, le croupier s'arr\u00eate sur les 17<\/a><\/li>\n<li><a href=\"http:\/\/www.amazon.com\/dp\/0982119119\/?tag=theblackjacbasic\">1 jeu de cartes, le croupier frappe le soft 17<\/a><\/li>\n<li><a href=\"http:\/\/www.amazon.com\/dp\/0982119127\/?tag=theblackjacbasic\">2 jeux, le croupier s'arr\u00eate sur les 17<\/a><\/li>\n<li><a href=\"http:\/\/www.amazon.com\/dp\/0982119135\/?tag=theblackjacbasic\">2 jeux, le croupier touche le soft 17<\/a><\/li>\n<li><a href=\"http:\/\/www.amazon.com\/dp\/0982119143\/?tag=theblackjacbasic\">4\/6\/8 jeux, le croupier s'arr\u00eate sur les 17<\/a><\/li>\n<li><a href=\"http:\/\/www.amazon.com\/dp\/0982119151\/?tag=theblackjacbasic\">4\/6\/8 jeux, le croupier touche un 17 mou<\/a><\/li>\n<\/ul>\n<ul>\n<li>Chaque carte pr\u00e9sente une strat\u00e9gie de base parfaite de BlackjackInfo.com<\/li>\n<li>Petits tableaux de la taille d'une carte de cr\u00e9dit pour une utilisation facile \u00e0 la table du casino.<\/li>\n<li>Plastique solide pour la durabilit\u00e9, assez petit pour tenir dans votre portefeuille.<\/li>\n<\/ul>\n<p>Sont \u00e9galement disponibles ici les <a href=\"\/card\/advanced-strategy-card-instructions\/\">Cartes de strat\u00e9gie avanc\u00e9e<\/a>qui comprennent des num\u00e9ros d'index de comptage de cartes.<\/p>\n<hr>\n<h2>Instructions :<\/h2>\n<div style=\"border: 1px solid black; margin: 15px 0; padding: 10px;\" class=\"clearfix\">\n<h3>\u00c9tape 1 : Choisissez la carte de strat\u00e9gie correcte.<\/h3>\n<p><img loading=\"lazy\" decoding=\"async\" src=\"\/files\/2dh17.gif\" alt=\"2dh17\" width=\"300\" height=\"458\" class=\"alignright size-full wp-image-849\" data-no-auto-translation=\"\" \/><\/p>\n<p>        <b>Nombre de ponts :<\/b><br \/>\n        D\u00e9terminez le nombre de jeux utilis\u00e9s pour le jeu auquel vous jouez.  Si vous n'\u00eates pas s\u00fbr, demandez au croupier.<\/p>\n<p>        Nos cartes strat\u00e9giques sont disponibles en versions 1 jeu, 2 jeux et 4\/6\/8 jeux.  Utilisez le tableau 4\/6\/8 jeux pour tout nombre de jeux sup\u00e9rieur \u00e0 deux. Par exemple, certains jeux \u00e0 m\u00e9lange continu utilisent 5 jeux de cartes.<\/p>\n<p>        <b>Le croupier frappe ou reste sur un soft 17 ?<\/b><br \/>\n        Certains casinos proposent des jeux o\u00f9 le croupier doit rester sur tous les 17, tandis que d'autres exigent que le croupier prenne une autre carte s'il a un \"17 mou\". Le feutre de table doit comporter une mention indiquant soit \"Le croupier s'arr\u00eate sur tous les 17\", soit \"Le croupier touche un 17 mou\".  Utilisez ces informations pour choisir la bonne carte strat\u00e9gique.<\/p>\n<blockquote><p><b>Qu'est-ce qu'un soft 17 ?<\/b>  Une main \"molle\" est une main qui comprend un As et qui ne peut pas s'effondrer si vous prenez une autre carte.  Une main de (As, 6) est une main douce de 17.<br \/>\n          Une main de (3,As,3) est \u00e9galement un soft 17.  Cependant, la main (3, Dix, As, 3) n'est pas un 17 mou m\u00eame si elle comprend un As.\n          <\/p><\/blockquote>\n<p>        Pour notre exemple, nous supposerons que vous jouez \u00e0 un jeu \u00e0 2 jeux et que le texte sur la table indique que le croupier touche le soft 17.\n<\/p><\/div>\n<div style=\"border: 1px solid black; margin: 15px 0; padding: 10px;\" class=\"clearfix\">\n<h3>\u00c9tape 2 : Trouvez la rang\u00e9e de votre main sur la carte.<\/h3>\n<p><a class=\"alignright\" href=\"\/files\/hard12.gif\"><img loading=\"lazy\" decoding=\"async\" src=\"\/files\/hard12.gif\" alt=\"hard12\" width=\"300\" height=\"458\" class=\"alignnone size-full wp-image-889\" data-no-auto-translation=\"\" \/><\/a><br \/>\n        Une fois que vous avez choisi la bonne carte strat\u00e9gique, consultez-la chaque fois que vous rencontrez une main pour laquelle vous n'\u00eates pas s\u00fbr de la meilleure strat\u00e9gie.  Chaque carte est divis\u00e9e en trois sections principales.  Au recto de la carte, vous trouverez des sections pour les mains totales dures et molles qui ne sont pas des paires.  Au verso de la carte, vous trouverez des conseils complets pour jouer les mains qui sont des paires.<\/p>\n<p>        Si votre main de deux cartes est une paire de deux cartes de m\u00eame rang, reportez-vous \u00e0 la section \"Paires\" au verso de la carte.  Si votre main de deux cartes comprend un as, reportez-vous au recto de la carte dans la section \"Totaux doux\".  Si votre main de deux cartes ne comprend pas d'As, trouvez le total de votre main dans la section \"Hard Totals\".  Dans chaque cas, trouvez la ligne qui correspond \u00e0 votre main.<\/p>\n<p>        Par exemple, disons que vous recevez la main (9,3) et que le croupier montre un brelan.  Puisque votre main n'est pas une paire et qu'elle ne comprend pas d'As, recherchez votre total (9+3 = 12) dans la section des totaux bruts, comme indiqu\u00e9 ici.\n<\/p><\/div>\n<div style=\"border: 1px solid black; margin: 15px 0; padding: 10px;\" class=\"clearfix\">\n<h3>\u00c9tape 3 : Trouvez la colonne de la carte sup\u00e9rieure du croupier.<\/h3>\n<p><img loading=\"lazy\" decoding=\"async\" src=\"\/files\/dealer3.gif\" alt=\"Dealer Upcard of 3\" width=\"300\" height=\"458\" class=\"alignright size-full wp-image-893\" data-no-auto-translation=\"\" \/><br \/>\n        Trouvez maintenant la carte du croupier pour identifier la colonne que vous devez utiliser.  Dans notre exemple, le croupier a un trois.  Les cartes du croupier contenant l'As sont repr\u00e9sent\u00e9es par un \"A\" sur les cartes.  Les cartes du croupier contenant le Dix, le Valet, la Dame et le Roi sont toutes consid\u00e9r\u00e9es comme ayant une valeur de dix, ce qui est indiqu\u00e9 sur nos cartes par un \"T\".<\/p>\n<p>        Dans notre exemple, le croupier a un trois comme carte sup\u00e9rieure.\n<\/p><\/div>\n<div style=\"border: 1px solid black; margin: 15px 0; padding: 10px;\" class=\"clearfix\">\n<h3>\u00c9tape 4 : Localiser la strat\u00e9gie \u00e0 l'intersection.<\/h3>\n<p><img loading=\"lazy\" decoding=\"async\" src=\"\/files\/93v3.gif\" alt=\"(9,3) vs 3\" width=\"300\" height=\"458\" class=\"alignright size-full wp-image-896\" data-no-auto-translation=\"\" \/><br \/>\n        Maintenant que vous avez localis\u00e9 la ligne (votre main) et la colonne (la carte du croupier) appropri\u00e9es, la strat\u00e9gie ad\u00e9quate appara\u00eet \u00e0 l'intersection.<\/p>\n<p>        Pour notre main d'exemple de (9,3) contre un 3 du croupier, c'est ici :<\/p>\n<p>        Il existe de nombreuses valeurs possibles indiqu\u00e9es sur le graphique de strat\u00e9gie, c'est pourquoi nous allons examiner chaque notation possible :<br \/>\n<img loading=\"lazy\" decoding=\"async\" src=\"\/files\/strategykey.gif\" alt=\"Strategy Key\" width=\"307\" height=\"210\" class=\"size-full wp-image-897\" data-no-auto-translation=\"\" \/><\/p>\n<ul>\n<li><b>Frapper<\/b>: Touchez votre main (demandez une autre carte).<\/li>\n<li><b>Support<\/b>: Restez debout et conservez votre main actuelle.<\/li>\n<li><b>Double<\/b>: Double Down (doublez votre mise initiale et recevez une carte suppl\u00e9mentaire).<br \/>\n           Notez les deux vari\u00e9t\u00e9s D et DS, qui indiquent ce qu'il faut faire si le doublement n'est pas autoris\u00e9.<\/li>\n<li><b>La reddition<\/b>: Abandonnez-vous et couchez votre main pour r\u00e9cup\u00e9rer la moiti\u00e9 de votre mise.<\/li>\n<li><b>S\u00e9parer<\/b>: S\u00e9parer vos deux cartes initiales de m\u00eame rang pour obtenir deux mains distinctes.<br \/>\n           Il convient de noter que certains fractionnements ne sont appropri\u00e9s que si le doublement apr\u00e8s fractionnement (DAS) est autoris\u00e9.<br \/>\n           (Les cartes imprim\u00e9es r\u00e9cemment comportent des tableaux distincts pour le DAS et l'absence de DAS, ce qui simplifie encore les choses).<\/li>\n<\/ul>\n<\/div>\n<h3><a href=\"http:\/\/www.amazon.com\/dp\/098211916X\/?tag=theblackjacbasic\">Achetez d\u00e8s maintenant un jeu de cartes strat\u00e9giques de base.<\/a><\/h3>\n<hr>\n<p>Pr\u00eat \u00e0 passer au niveau sup\u00e9rieur ?  Consultez notre <a href=\"\/card\/advanced-strategy-card-instructions\/\">Cartes de strat\u00e9gie avanc\u00e9e pour le blackjack<\/a>qui comprennent des cartes Hi-Lo optimales qui comptent les num\u00e9ros d'index directement sur la carte.<\/p>","protected":false},"excerpt":{"rendered":"<p>Wallet-size blackjack strategy cards tailored specifically for each set of rules. Available individually, or in a set of all six. The full 6-card set includes: 1 Deck, Dealer Stands on all 17s 1 Deck, Dealer Hits Soft 17 2 Decks, Dealer Stands on all 17s 2 Decks, Dealer Hits Soft 17 4\/6\/8 Decks, Dealer Stands [&hellip;]<\/p>\n","protected":false},"author":2,"featured_media":0,"parent":837,"menu_order":0,"comment_status":"open","ping_status":"closed","template":"","meta":{"_acf_changed":false,"footnotes":""},"tags":[],"class_list":["post-875","page","type-page","status-publish","hentry"],"acf":[],"yoast_head":"<!-- This site is optimized with the Yoast SEO plugin v26.6 - https:\/\/yoast.com\/wordpress\/plugins\/seo\/ -->\n<title>Blackjack Basic Strategy Card Instructions<\/title>\n<meta name=\"description\" content=\"Our credit-card-sized blackjack strategy cards are durable solid plastic, and offer optimized strategies for six different sets of casino rules.\" \/>\n<meta name=\"robots\" content=\"index, follow, max-snippet:-1, max-image-preview:large, max-video-preview:-1\" \/>\n<link rel=\"canonical\" href=\"https:\/\/www.blackjackinfo.com\/fr\/carte\/instructions-relatives-a-la-carte-de-strategie-de-base\/\" \/>\n<meta property=\"og:locale\" content=\"fr_FR\" \/>\n<meta property=\"og:type\" content=\"article\" \/>\n<meta property=\"og:title\" content=\"Blackjack Basic Strategy Card Instructions\" \/>\n<meta property=\"og:description\" content=\"Our credit-card-sized blackjack strategy cards are durable solid plastic, and offer optimized strategies for six different sets of casino rules.\" \/>\n<meta property=\"og:url\" content=\"https:\/\/www.blackjackinfo.com\/fr\/carte\/instructions-relatives-a-la-carte-de-strategie-de-base\/\" \/>\n<meta property=\"og:site_name\" content=\"BlackjackInfo.com\" \/>\n<meta property=\"article:modified_time\" content=\"2018-06-22T07:31:04+00:00\" \/>\n<meta name=\"twitter:label1\" content=\"Dur\u00e9e de lecture estim\u00e9e\" \/>\n\t<meta name=\"twitter:data1\" content=\"4 minutes\" \/>\n<script type=\"application\/ld+json\" class=\"yoast-schema-graph\">{\"@context\":\"https:\/\/schema.org\",\"@graph\":[{\"@type\":\"WebPage\",\"@id\":\"https:\/\/www.blackjackinfo.com\/card\/basic-strategy-card-instructions\/\",\"url\":\"https:\/\/www.blackjackinfo.com\/card\/basic-strategy-card-instructions\/\",\"name\":\"Blackjack Basic Strategy Card Instructions\",\"isPartOf\":{\"@id\":\"https:\/\/www.blackjackinfo.com\/#website\"},\"datePublished\":\"2014-10-22T17:30:01+00:00\",\"dateModified\":\"2018-06-22T07:31:04+00:00\",\"description\":\"Our credit-card-sized blackjack strategy cards are durable solid plastic, and offer optimized strategies for six different sets of casino rules.\",\"breadcrumb\":{\"@id\":\"https:\/\/www.blackjackinfo.com\/card\/basic-strategy-card-instructions\/#breadcrumb\"},\"inLanguage\":\"fr-FR\",\"potentialAction\":[{\"@type\":\"ReadAction\",\"target\":[\"https:\/\/www.blackjackinfo.com\/card\/basic-strategy-card-instructions\/\"]}]},{\"@type\":\"BreadcrumbList\",\"@id\":\"https:\/\/www.blackjackinfo.com\/card\/basic-strategy-card-instructions\/#breadcrumb\",\"itemListElement\":[{\"@type\":\"ListItem\",\"position\":1,\"name\":\"Home\",\"item\":\"https:\/\/www.blackjackinfo.com\/\"},{\"@type\":\"ListItem\",\"position\":2,\"name\":\"Blackjack Strategy Cards, Basic and Advanced\",\"item\":\"https:\/\/www.blackjackinfo.com\/card\/\"},{\"@type\":\"ListItem\",\"position\":3,\"name\":\"Blackjack Basic Strategy Card Instructions\"}]},{\"@type\":\"WebSite\",\"@id\":\"https:\/\/www.blackjackinfo.com\/#website\",\"url\":\"https:\/\/www.blackjackinfo.com\/\",\"name\":\"BlackjackInfo.com\",\"description\":\"Because Winning is More Fun!\",\"potentialAction\":[{\"@type\":\"SearchAction\",\"target\":{\"@type\":\"EntryPoint\",\"urlTemplate\":\"https:\/\/www.blackjackinfo.com\/?s={search_term_string}\"},\"query-input\":{\"@type\":\"PropertyValueSpecification\",\"valueRequired\":true,\"valueName\":\"search_term_string\"}}],\"inLanguage\":\"fr-FR\"}]}<\/script>\n<!-- \/ Yoast SEO plugin. -->","yoast_head_json":{"title":"Strat\u00e9gie de base du Blackjack Instructions pour les cartes","description":"Nos cartes de strat\u00e9gie de blackjack de la taille d'une carte de cr\u00e9dit sont en plastique solide et durable, et offrent des strat\u00e9gies optimis\u00e9es pour six ensembles diff\u00e9rents de r\u00e8gles de casino.","robots":{"index":"index","follow":"follow","max-snippet":"max-snippet:-1","max-image-preview":"max-image-preview:large","max-video-preview":"max-video-preview:-1"},"canonical":"https:\/\/www.blackjackinfo.com\/fr\/carte\/instructions-relatives-a-la-carte-de-strategie-de-base\/","og_locale":"fr_FR","og_type":"article","og_title":"Blackjack Basic Strategy Card Instructions","og_description":"Our credit-card-sized blackjack strategy cards are durable solid plastic, and offer optimized strategies for six different sets of casino rules.","og_url":"https:\/\/www.blackjackinfo.com\/fr\/carte\/instructions-relatives-a-la-carte-de-strategie-de-base\/","og_site_name":"BlackjackInfo.com","article_modified_time":"2018-06-22T07:31:04+00:00","twitter_misc":{"Dur\u00e9e de lecture estim\u00e9e":"4 minutes"},"schema":{"@context":"https:\/\/schema.org","@graph":[{"@type":"WebPage","@id":"https:\/\/www.blackjackinfo.com\/card\/basic-strategy-card-instructions\/","url":"https:\/\/www.blackjackinfo.com\/card\/basic-strategy-card-instructions\/","name":"Strat\u00e9gie de base du Blackjack Instructions pour les cartes","isPartOf":{"@id":"https:\/\/www.blackjackinfo.com\/#website"},"datePublished":"2014-10-22T17:30:01+00:00","dateModified":"2018-06-22T07:31:04+00:00","description":"Nos cartes de strat\u00e9gie de blackjack de la taille d'une carte de cr\u00e9dit sont en plastique solide et durable, et offrent des strat\u00e9gies optimis\u00e9es pour six ensembles diff\u00e9rents de r\u00e8gles de casino.","breadcrumb":{"@id":"https:\/\/www.blackjackinfo.com\/card\/basic-strategy-card-instructions\/#breadcrumb"},"inLanguage":"fr-FR","potentialAction":[{"@type":"ReadAction","target":["https:\/\/www.blackjackinfo.com\/card\/basic-strategy-card-instructions\/"]}]},{"@type":"BreadcrumbList","@id":"https:\/\/www.blackjackinfo.com\/card\/basic-strategy-card-instructions\/#breadcrumb","itemListElement":[{"@type":"ListItem","position":1,"name":"Home","item":"https:\/\/www.blackjackinfo.com\/"},{"@type":"ListItem","position":2,"name":"Blackjack Strategy Cards, Basic and Advanced","item":"https:\/\/www.blackjackinfo.com\/card\/"},{"@type":"ListItem","position":3,"name":"Blackjack Basic Strategy Card Instructions"}]},{"@type":"WebSite","@id":"https:\/\/www.blackjackinfo.com\/#website","url":"https:\/\/www.blackjackinfo.com\/","name":"BlackjackInfo.com","description":"Parce que gagner, c'est plus amusant !","potentialAction":[{"@type":"SearchAction","target":{"@type":"EntryPoint","urlTemplate":"https:\/\/www.blackjackinfo.com\/?s={search_term_string}"},"query-input":{"@type":"PropertyValueSpecification","valueRequired":true,"valueName":"search_term_string"}}],"inLanguage":"fr-FR"}]}},"_links":{"self":[{"href":"https:\/\/www.blackjackinfo.com\/fr\/wp-json\/wp\/v2\/pages\/875","targetHints":{"allow":["GET"]}}],"collection":[{"href":"https:\/\/www.blackjackinfo.com\/fr\/wp-json\/wp\/v2\/pages"}],"about":[{"href":"https:\/\/www.blackjackinfo.com\/fr\/wp-json\/wp\/v2\/types\/page"}],"author":[{"embeddable":true,"href":"https:\/\/www.blackjackinfo.com\/fr\/wp-json\/wp\/v2\/users\/2"}],"replies":[{"embeddable":true,"href":"https:\/\/www.blackjackinfo.com\/fr\/wp-json\/wp\/v2\/comments?post=875"}],"version-history":[{"count":26,"href":"https:\/\/www.blackjackinfo.com\/fr\/wp-json\/wp\/v2\/pages\/875\/revisions"}],"predecessor-version":[{"id":1763,"href":"https:\/\/www.blackjackinfo.com\/fr\/wp-json\/wp\/v2\/pages\/875\/revisions\/1763"}],"up":[{"embeddable":true,"href":"https:\/\/www.blackjackinfo.com\/fr\/wp-json\/wp\/v2\/pages\/837"}],"wp:attachment":[{"href":"https:\/\/www.blackjackinfo.com\/fr\/wp-json\/wp\/v2\/media?parent=875"}],"wp:term":[{"taxonomy":"post_tag","embeddable":true,"href":"https:\/\/www.blackjackinfo.com\/fr\/wp-json\/wp\/v2\/tags?post=875"}],"curies":[{"name":"wp","href":"https:\/\/api.w.org\/{rel}","templated":true}]}}