{"id":8853,"date":"2025-06-26T04:36:59","date_gmt":"2025-06-26T09:36:59","guid":{"rendered":"https:\/\/www.blackjackinfo.com\/?page_id=8853"},"modified":"2025-06-26T04:37:00","modified_gmt":"2025-06-26T09:37:00","slug":"blackjack-strategy-trainer-app-privacy-policy","status":"publish","type":"page","link":"https:\/\/www.blackjackinfo.com\/fr\/blackjack-strategy-trainer-app-privacy-policy\/","title":{"rendered":"Politique de confidentialit\u00e9 de l'application Blackjack Strategy Trainer"},"content":{"rendered":"<p>Cette politique de confidentialit\u00e9 d\u00e9crit comment Blackjack Strategy Trainer (\"nous\", \"notre\" ou \"nos\") traite les informations lorsque vous utilisez nos services mobiles.<br>l'application.<\/p>\n\n\n\n<h2 class=\"wp-block-heading\">Informations que nous ne recueillons pas<\/h2>\n\n\n\n<p>Blackjack Strategy Trainer ne recueille pas, ne transmet pas et ne stocke pas les informations personnelles des utilisateurs. Nous ne demandons pas la cr\u00e9ation d'un compte,<br>ou toute autre donn\u00e9e personnelle pour utiliser l'application.<\/p>\n\n\n\n<h2 class=\"wp-block-heading\">Stockage local des donn\u00e9es<\/h2>\n\n\n\n<p>L'application stocke les informations suivantes localement sur votre appareil uniquement :<br>- Statistiques de jeu (mains jou\u00e9es, taux de pr\u00e9cision)<br>- Pr\u00e9f\u00e9rences en mati\u00e8re de r\u00e8gles de table<br>- Param\u00e8tres et pr\u00e9f\u00e9rences de l'application<\/p>\n\n\n\n<p>Ces donn\u00e9es ne quittent jamais votre appareil et ne sont pas transmises \u00e0 nos serveurs ou \u00e0 des tiers.<\/p>\n\n\n\n<h2 class=\"wp-block-heading\">Pas de suivi ni d'analyse<\/h2>\n\n\n\n<p>Nous n'utilisons pas de technologies de suivi, de services d'analyse ou de r\u00e9seaux publicitaires qui collecteraient des donn\u00e9es sur les utilisateurs.<\/p>\n\n\n\n<h2 class=\"wp-block-heading\">Liens externes<\/h2>\n\n\n\n<p>L'application peut contenir des liens vers des sites web externes (tels que BlackjackInfo.com). Cette politique de confidentialit\u00e9 ne s'applique pas \u00e0 ces sites externes.<br>Veuillez consulter leurs politiques respectives en mati\u00e8re de protection de la vie priv\u00e9e.<\/p>\n\n\n\n<h2 class=\"wp-block-heading\">Vie priv\u00e9e des enfants<\/h2>\n\n\n\n<p>Cette application n'est pas destin\u00e9e aux enfants de moins de 13 ans et nous ne recueillons pas sciemment d'informations aupr\u00e8s d'enfants de moins de 13 ans.<\/p>\n\n\n\n<h2 class=\"wp-block-heading\">Modifications de la pr\u00e9sente politique<\/h2>\n\n\n\n<p>Nous pouvons mettre \u00e0 jour la pr\u00e9sente politique de confidentialit\u00e9 de temps \u00e0 autre. Toute modification sera publi\u00e9e dans l'application et sur notre site web.<\/p>\n\n\n\n<h2 class=\"wp-block-heading\">Nous contacter<\/h2>\n\n\n\n<p>Si vous avez des questions concernant cette politique de confidentialit\u00e9, veuillez nous contacter <a href=\"https:\/\/www.blackjackinfo.com\/contact-us\/\">ici<\/a>.<\/p>","protected":false},"excerpt":{"rendered":"<p>This Privacy Policy describes how Blackjack Strategy Trainer (&#8220;we,&#8221; &#8220;our,&#8221; or &#8220;us&#8221;) handles information when you use our mobileapplication. Information We Do Not Collect Blackjack Strategy Trainer does not collect, transmit, or store any personal information from users. We do not require account creation,login credentials, or any personal data to use the app. Local Data [&hellip;]<\/p>\n","protected":false},"author":4,"featured_media":0,"parent":0,"menu_order":0,"comment_status":"closed","ping_status":"closed","template":"","meta":{"_acf_changed":false,"footnotes":""},"tags":[],"class_list":["post-8853","page","type-page","status-publish","hentry"],"acf":[],"yoast_head":"<!-- This site is optimized with the Yoast SEO plugin v26.6 - https:\/\/yoast.com\/wordpress\/plugins\/seo\/ -->\n<title>Blackjack Strategy Trainer App Privacy Policy<\/title>\n<meta name=\"description\" content=\"This Privacy Policy describes how Blackjack Strategy Trainer (&quot;we,&quot; &quot;our,&quot; or &quot;us&quot;) handles information when you use our mobileapplication. Information We\" \/>\n<meta name=\"robots\" content=\"index, follow, max-snippet:-1, max-image-preview:large, max-video-preview:-1\" \/>\n<link rel=\"canonical\" href=\"https:\/\/www.blackjackinfo.com\/fr\/blackjack-strategy-trainer-app-privacy-policy\/\" \/>\n<meta property=\"og:locale\" content=\"fr_FR\" \/>\n<meta property=\"og:type\" content=\"article\" \/>\n<meta property=\"og:title\" content=\"Blackjack Strategy Trainer App Privacy Policy\" \/>\n<meta property=\"og:description\" content=\"This Privacy Policy describes how Blackjack Strategy Trainer (&quot;we,&quot; &quot;our,&quot; or &quot;us&quot;) handles information when you use our mobileapplication. Information We\" \/>\n<meta property=\"og:url\" content=\"https:\/\/www.blackjackinfo.com\/fr\/blackjack-strategy-trainer-app-privacy-policy\/\" \/>\n<meta property=\"og:site_name\" content=\"BlackjackInfo.com\" \/>\n<meta property=\"article:modified_time\" content=\"2025-06-26T09:37:00+00:00\" \/>\n<meta name=\"twitter:label1\" content=\"Dur\u00e9e de lecture estim\u00e9e\" \/>\n\t<meta name=\"twitter:data1\" content=\"1 minute\" \/>\n<script type=\"application\/ld+json\" class=\"yoast-schema-graph\">{\"@context\":\"https:\/\/schema.org\",\"@graph\":[{\"@type\":\"WebPage\",\"@id\":\"https:\/\/www.blackjackinfo.com\/blackjack-strategy-trainer-app-privacy-policy\/\",\"url\":\"https:\/\/www.blackjackinfo.com\/blackjack-strategy-trainer-app-privacy-policy\/\",\"name\":\"Blackjack Strategy Trainer App Privacy Policy\",\"isPartOf\":{\"@id\":\"https:\/\/www.blackjackinfo.com\/#website\"},\"datePublished\":\"2025-06-26T09:36:59+00:00\",\"dateModified\":\"2025-06-26T09:37:00+00:00\",\"description\":\"This Privacy Policy describes how Blackjack Strategy Trainer (\\\"we,\\\" \\\"our,\\\" or \\\"us\\\") handles information when you use our mobileapplication. Information We\",\"breadcrumb\":{\"@id\":\"https:\/\/www.blackjackinfo.com\/blackjack-strategy-trainer-app-privacy-policy\/#breadcrumb\"},\"inLanguage\":\"fr-FR\",\"potentialAction\":[{\"@type\":\"ReadAction\",\"target\":[\"https:\/\/www.blackjackinfo.com\/blackjack-strategy-trainer-app-privacy-policy\/\"]}]},{\"@type\":\"BreadcrumbList\",\"@id\":\"https:\/\/www.blackjackinfo.com\/blackjack-strategy-trainer-app-privacy-policy\/#breadcrumb\",\"itemListElement\":[{\"@type\":\"ListItem\",\"position\":1,\"name\":\"Home\",\"item\":\"https:\/\/www.blackjackinfo.com\/\"},{\"@type\":\"ListItem\",\"position\":2,\"name\":\"Blackjack Strategy Trainer App Privacy Policy\"}]},{\"@type\":\"WebSite\",\"@id\":\"https:\/\/www.blackjackinfo.com\/#website\",\"url\":\"https:\/\/www.blackjackinfo.com\/\",\"name\":\"BlackjackInfo.com\",\"description\":\"Because Winning is More Fun!\",\"potentialAction\":[{\"@type\":\"SearchAction\",\"target\":{\"@type\":\"EntryPoint\",\"urlTemplate\":\"https:\/\/www.blackjackinfo.com\/?s={search_term_string}\"},\"query-input\":{\"@type\":\"PropertyValueSpecification\",\"valueRequired\":true,\"valueName\":\"search_term_string\"}}],\"inLanguage\":\"fr-FR\"}]}<\/script>\n<!-- \/ Yoast SEO plugin. -->","yoast_head_json":{"title":"Politique de confidentialit\u00e9 de l'application Blackjack Strategy Trainer","description":"Cette politique de confidentialit\u00e9 d\u00e9crit comment Blackjack Strategy Trainer (\"nous\", \"notre\" ou \"nos\") traite les informations lorsque vous utilisez notre application mobile. Informations que nous","robots":{"index":"index","follow":"follow","max-snippet":"max-snippet:-1","max-image-preview":"max-image-preview:large","max-video-preview":"max-video-preview:-1"},"canonical":"https:\/\/www.blackjackinfo.com\/fr\/blackjack-strategy-trainer-app-privacy-policy\/","og_locale":"fr_FR","og_type":"article","og_title":"Blackjack Strategy Trainer App Privacy Policy","og_description":"This Privacy Policy describes how Blackjack Strategy Trainer (\"we,\" \"our,\" or \"us\") handles information when you use our mobileapplication. Information We","og_url":"https:\/\/www.blackjackinfo.com\/fr\/blackjack-strategy-trainer-app-privacy-policy\/","og_site_name":"BlackjackInfo.com","article_modified_time":"2025-06-26T09:37:00+00:00","twitter_misc":{"Dur\u00e9e de lecture estim\u00e9e":"1 minute"},"schema":{"@context":"https:\/\/schema.org","@graph":[{"@type":"WebPage","@id":"https:\/\/www.blackjackinfo.com\/blackjack-strategy-trainer-app-privacy-policy\/","url":"https:\/\/www.blackjackinfo.com\/blackjack-strategy-trainer-app-privacy-policy\/","name":"Politique de confidentialit\u00e9 de l'application Blackjack Strategy Trainer","isPartOf":{"@id":"https:\/\/www.blackjackinfo.com\/#website"},"datePublished":"2025-06-26T09:36:59+00:00","dateModified":"2025-06-26T09:37:00+00:00","description":"Cette politique de confidentialit\u00e9 d\u00e9crit comment Blackjack Strategy Trainer (\"nous\", \"notre\" ou \"nos\") traite les informations lorsque vous utilisez notre application mobile. Informations que nous","breadcrumb":{"@id":"https:\/\/www.blackjackinfo.com\/blackjack-strategy-trainer-app-privacy-policy\/#breadcrumb"},"inLanguage":"fr-FR","potentialAction":[{"@type":"ReadAction","target":["https:\/\/www.blackjackinfo.com\/blackjack-strategy-trainer-app-privacy-policy\/"]}]},{"@type":"BreadcrumbList","@id":"https:\/\/www.blackjackinfo.com\/blackjack-strategy-trainer-app-privacy-policy\/#breadcrumb","itemListElement":[{"@type":"ListItem","position":1,"name":"Home","item":"https:\/\/www.blackjackinfo.com\/"},{"@type":"ListItem","position":2,"name":"Blackjack Strategy Trainer App Privacy Policy"}]},{"@type":"WebSite","@id":"https:\/\/www.blackjackinfo.com\/#website","url":"https:\/\/www.blackjackinfo.com\/","name":"BlackjackInfo.com","description":"Parce que gagner, c'est plus amusant !","potentialAction":[{"@type":"SearchAction","target":{"@type":"EntryPoint","urlTemplate":"https:\/\/www.blackjackinfo.com\/?s={search_term_string}"},"query-input":{"@type":"PropertyValueSpecification","valueRequired":true,"valueName":"search_term_string"}}],"inLanguage":"fr-FR"}]}},"_links":{"self":[{"href":"https:\/\/www.blackjackinfo.com\/fr\/wp-json\/wp\/v2\/pages\/8853","targetHints":{"allow":["GET"]}}],"collection":[{"href":"https:\/\/www.blackjackinfo.com\/fr\/wp-json\/wp\/v2\/pages"}],"about":[{"href":"https:\/\/www.blackjackinfo.com\/fr\/wp-json\/wp\/v2\/types\/page"}],"author":[{"embeddable":true,"href":"https:\/\/www.blackjackinfo.com\/fr\/wp-json\/wp\/v2\/users\/4"}],"replies":[{"embeddable":true,"href":"https:\/\/www.blackjackinfo.com\/fr\/wp-json\/wp\/v2\/comments?post=8853"}],"version-history":[{"count":1,"href":"https:\/\/www.blackjackinfo.com\/fr\/wp-json\/wp\/v2\/pages\/8853\/revisions"}],"predecessor-version":[{"id":8854,"href":"https:\/\/www.blackjackinfo.com\/fr\/wp-json\/wp\/v2\/pages\/8853\/revisions\/8854"}],"wp:attachment":[{"href":"https:\/\/www.blackjackinfo.com\/fr\/wp-json\/wp\/v2\/media?parent=8853"}],"wp:term":[{"taxonomy":"post_tag","embeddable":true,"href":"https:\/\/www.blackjackinfo.com\/fr\/wp-json\/wp\/v2\/tags?post=8853"}],"curies":[{"name":"wp","href":"https:\/\/api.w.org\/{rel}","templated":true}]}}