{"id":908,"date":"2014-10-22T14:31:10","date_gmt":"2014-10-22T19:31:10","guid":{"rendered":"http:\/\/test.blackjackinfo.com\/?page_id=908"},"modified":"2018-06-22T02:30:53","modified_gmt":"2018-06-22T07:30:53","slug":"instructions-relatives-aux-cartes-de-strategie-avancee","status":"publish","type":"page","link":"https:\/\/www.blackjackinfo.com\/fr\/card\/advanced-strategy-card-instructions\/","title":{"rendered":"Instructions relatives aux cartes de strat\u00e9gie avanc\u00e9e"},"content":{"rendered":"<p><a href=\"\/files\/blackjack-advanced-strategy-cards-cover-221x336.jpg\"><img loading=\"lazy\" decoding=\"async\" src=\"\/files\/blackjack-advanced-strategy-cards-cover-221x336.jpg\" alt=\"Blackjack Advanced Strategy Cards\" width=\"221\" height=\"336\" class=\"alignright size-full wp-image-871\" srcset=\"https:\/\/www.blackjackinfo.com\/files\/blackjack-advanced-strategy-cards-cover-221x336.jpg 221w, https:\/\/www.blackjackinfo.com\/files\/blackjack-advanced-strategy-cards-cover-221x336-197x300.jpg 197w\" sizes=\"auto, (max-width: 221px) 100vw, 221px\" data-no-auto-translation=\"\" \/><\/a><\/p>\n<p class=\"intro\">Les cartes de strat\u00e9gie avanc\u00e9e pour le Blackjack de BlackjackInfo offrent pour la premi\u00e8re fois une combinaison des meilleures strat\u00e9gies de base possibles, avec <b>carte optimale compter les num\u00e9ros d'index<\/b> sur la carte.<\/p>\n<p>Les <a href=\"http:\/\/www.amazon.com\/dp\/0982119178\/?tag=theblackjacbasic\">Jeu de 12 cartes<\/a> comprend deux cartes pour chacune de ces variantes :<\/p>\n<ul>\n<li>1 jeu, le croupier s'arr\u00eate sur les 17<\/li>\n<li>1 jeu de cartes, le croupier frappe le soft 17<\/li>\n<li>2 jeux, le croupier s'arr\u00eate sur les 17<\/li>\n<li>2 jeux, le croupier touche le soft 17<\/li>\n<li>4\/6\/8 jeux, le croupier s'arr\u00eate sur les 17<\/li>\n<li>4\/6\/8 jeux, le croupier touche un 17 mou<\/li>\n<\/ul>\n<p>Une carte pour chaque variante montre les index de comptage de cartes sous la forme d'un petit nombre imprim\u00e9.  Une deuxi\u00e8me version \"furtive\" de chaque carte encode les index de comptage \u00e0 l'aide d'une s\u00e9rie de points noirs en forme de cadran d'horloge.<\/p>\n<p>Caract\u00e9ristiques :<\/p>\n<ul>\n<li>Une strat\u00e9gie de base parfaite pour chaque jeu<\/li>\n<li>Carte Hi-Lo optimis\u00e9e comptant les nombres index\u00e9s de -5 \u00e0 +5<\/li>\n<li>Cartes de poche pour une utilisation facile \u00e0 la table du casino.<\/li>\n<li>Plastique solide pour une meilleure durabilit\u00e9, pas de cartes lamin\u00e9es bon march\u00e9.<\/li>\n<\/ul>\n<h4><a href=\"http:\/\/www.amazon.com\/dp\/0982119178\/?tag=theblackjacbasic\">Achetez votre jeu de cartes de strat\u00e9gie avanc\u00e9e de blackjack en cliquant ici.<\/a><\/h4>\n<hr>\n<h2 class=\"text-center\">Instructions<\/h2>\n<p>Ces cartes contiennent des informations compl\u00e8tes sur la strat\u00e9gie de base, comme nos produits Basic Strategy Card.  Pour savoir comment lire la partie des cartes consacr\u00e9e \u00e0 la strat\u00e9gie de base, vous pouvez vous r\u00e9f\u00e9rer \u00e0 la page d'accueil des cartes de strat\u00e9gie de base. <a href=\"\/card\/basic-strategy-card-instructions\/\">instructions pour nos cartes de strat\u00e9gie de base<\/a>.<\/p>\n<p>Les instructions ici ne couvrent que les fonctions avanc\u00e9es du jeu de cartes, la carte Hi-Lo qui compte les num\u00e9ros d'index.<\/p>\n<p>Pour les utilisateurs qui comprennent d\u00e9j\u00e0 la signification des num\u00e9ros d'index Hi-Lo, nous commencerons par une illustration de la fa\u00e7on dont les index sont repr\u00e9sent\u00e9s sur les cartes.  Ne vous inqui\u00e9tez pas, je vous expliquerai comment utiliser les num\u00e9ros dans un instant.<\/p>\n<h2 class=\"text-center\">La version num\u00e9rique<\/h4>\n<p>Dans la version num\u00e9rique de chaque carte, l'index de comptage des cartes Hi-Lo pour chaque d\u00e9cision est imprim\u00e9 dans le coin inf\u00e9rieur droit de chaque case.  Par exemple, cette section de la carte montre les mains d'un joueur avec un 9 dur contre un croupier de 2 \u00e0 6.<\/p>\n<p><img loading=\"lazy\" decoding=\"async\" style=\"display: block;margin: 0 auto;\" src=\"\/files\/HiLoExample-Numeric.png\" alt=\"Hi Lo Index Example - Numeric\" width=\"531\" height=\"78\" class=\"aligncenter size-full wp-image-913\" srcset=\"https:\/\/www.blackjackinfo.com\/files\/HiLoExample-Numeric.png 531w, https:\/\/www.blackjackinfo.com\/files\/HiLoExample-Numeric-300x44.png 300w\" sizes=\"auto, (max-width: 531px) 100vw, 531px\" data-no-auto-translation=\"\" \/><\/p>\n<p>Avec 9 contre croupier 2, la strat\u00e9gie de base est de frapper si l'index Hi-Lo est +1 (cela signifie que vous devez doubler si le vrai compte actuel est +1 ou plus, et frapper dans le cas contraire).  Je vous donnerai plus de d\u00e9tails sur la fa\u00e7on d'utiliser les nombres ci-dessous).<\/p>\n<p>Avec 9 contre les croupiers 3, 4 et 5, la strat\u00e9gie de base est de doubler, et les num\u00e9ros d'index sont respectivement -1, -3 et -4.<\/p>\n<p>Avec 9 contre 6, la strat\u00e9gie de base est de doubler et il n'y a pas d'indice indiqu\u00e9 parce que l'indice serait inf\u00e9rieur \u00e0 -5, l'indice le plus bas indiqu\u00e9 sur les cartes.<\/p>\n<h2 class=\"text-center\">La version furtive<\/h2>\n<p>Si vous craignez d'utiliser les cartes avec des num\u00e9ros d'index imprim\u00e9s dans le casino, vous pouvez utiliser la version \"furtive\" de chaque carte, qui encode les num\u00e9ros d'index de comptage de cartes \u00e0 l'aide d'une s\u00e9rie de points noirs dans un motif de cadran d'horloge.<\/p>\n<p>Chaque indice de -5 \u00e0 +5 est repr\u00e9sent\u00e9 par une position diff\u00e9rente dans le carr\u00e9 de d\u00e9cision.  Un point noir au centre du carr\u00e9 repr\u00e9sente un indice de z\u00e9ro.  En partant de z\u00e9ro dans le sens des aiguilles d'une montre, les indices augmentent de +1 \u00e0 +5.  En se d\u00e9pla\u00e7ant dans le sens inverse des aiguilles d'une montre \u00e0 partir de z\u00e9ro, les indices diminuent de -1 \u00e0 -5. Voici une carte des valeurs des indices :<\/p>\n<p><img loading=\"lazy\" decoding=\"async\" style=\"display: block;margin: 0 auto;\" src=\"\/files\/hi-lo-index-encoding.png\" alt=\"Hi-Lo Index Number Encoding\" width=\"384\" height=\"301\" class=\"aligncenter size-full wp-image-915\" srcset=\"https:\/\/www.blackjackinfo.com\/files\/hi-lo-index-encoding.png 384w, https:\/\/www.blackjackinfo.com\/files\/hi-lo-index-encoding-300x235.png 300w\" sizes=\"auto, (max-width: 384px) 100vw, 384px\" data-no-auto-translation=\"\" \/><\/p>\n<p>Voici le m\u00eame exemple d'un 9 dur contre un 2-6 du croupier :<\/p>\n<p><img loading=\"lazy\" decoding=\"async\" style=\"display: block;margin: 0 auto;\" src=\"\/files\/HiLoExample-Dots.png\" alt=\"Hi Lo Index Example - Dots\" width=\"531\" height=\"78\" class=\"aligncenter size-full wp-image-916\" srcset=\"https:\/\/www.blackjackinfo.com\/files\/HiLoExample-Dots.png 531w, https:\/\/www.blackjackinfo.com\/files\/HiLoExample-Dots-300x44.png 300w\" sizes=\"auto, (max-width: 531px) 100vw, 531px\" data-no-auto-translation=\"\" \/><\/p>\n<p>Les valeurs de l'index sont les m\u00eames que pr\u00e9c\u00e9demment : +1, -1, -3, -4 et aucun.<\/p>\n<p>Outre le fait qu'elle dissimule la nature des cartes, cette repr\u00e9sentation visuelle peut \u00e9galement servir d'aide-m\u00e9moire.<\/p>\n<p>Si vous savez d\u00e9j\u00e0 comment utiliser les num\u00e9ros d'index avec le compte Hi-Lo, vous \u00eates pr\u00eat.  Pour ceux qui ont besoin d'aide pour comprendre ce que cela signifie, lisez la suite.<\/p>\n<hr>\n<h2 class=\"text-center\">Introduction au comptage des cartes avec le syst\u00e8me Hi-Lo<\/h2>\n<p>Le comptage des cartes exploite le fait que les petites cartes sont mauvaises pour le joueur, tandis que les cartes de dix valeurs et les As sont favorables au joueur.  Le populaire d\u00e9compte Hi-Lo permet au joueur de savoir s'il reste plus ou moins de cartes hautes que d'habitude dans le paquet restant.  Au fur et \u00e0 mesure que les cartes sont distribu\u00e9es dans le jeu, le joueur tient un compte plus\/moins en utilisant les valeurs de cartes suivantes :<\/p>\n<p>\tLes cartes de valeur 2, 3, 4, 5 et 6 sont compt\u00e9es comme <b>+1<\/b>.<br \/>\n\tLes valeurs des cartes T, J, Q, K et As sont comptabilis\u00e9es comme suit <b>-1<\/b>.<br \/>\n\tLes valeurs des cartes 7, 8 et 9 sont ignor\u00e9es.<\/p>\n<p>Vous commencez \u00e0 compter apr\u00e8s chaque m\u00e9lange avec un compte courant de z\u00e9ro, et vous ajoutez ou soustrayez au fur et \u00e0 mesure que les cartes sont distribu\u00e9es ou r\u00e9v\u00e9l\u00e9es.<\/p>\n<p>Chaque fois que le d\u00e9compte est positif, il reste plus de cartes hautes que de cartes basses dans le paquet restant (c'est bien !). (C'est une bonne chose !) Chaque fois que votre compte est n\u00e9gatif, le paquet restant a un exc\u00e8s de petites cartes.  (C'est mauvais.)<\/p>\n<p>Avant de pouvoir utiliser le d\u00e9compte pour prendre une d\u00e9cision de mise ou de jeu, il y a encore une \u00e9tape importante. Vous devez convertir votre d\u00e9compte en d\u00e9compte \"r\u00e9el\", en le divisant par le nombre de jeux non vus restant dans le sabot.<\/p>\n<p>Un compte courant de +6 est beaucoup plus significatif s'il ne reste qu'un jeu dans le sabot \u00e0 six jeux que si nous n'en sommes qu'\u00e0 une ou deux mains dans un jeu \u00e0 six jeux fra\u00eechement m\u00e9lang\u00e9.  C'est pourquoi la conversion du compte r\u00e9el est importante. Dans le cas o\u00f9 il ne reste qu'un seul jeu, le compte courant de +6 divis\u00e9 par 1 jeu restant donne un compte r\u00e9el de +6. Dans le cas o\u00f9 la quasi-totalit\u00e9 des six jeux reste dans le sabot, le m\u00eame compte courant de +6 devient un compte r\u00e9el d'un peu plus de +1.<\/p>\n<p>En misant plus dans les situations positives et le moins possible dans les situations n\u00e9gatives, un joueur peut faire basculer les probabilit\u00e9s du jeu en sa faveur et avoir un avantage positif \u00e0 long terme sur le casino.<\/p>\n<p>Bien entendu, il s'agit d'une explication tr\u00e8s succincte de la mani\u00e8re de compter les cartes.  Je vous encourage vivement \u00e0 lire les d\u00e9tails beaucoup plus d\u00e9taill\u00e9s dans notre brochure gratuite <a href=\"\/blackjack-school\/\">\u00e9cole de blackjack<\/a>.\t<\/p>\n<hr>\n<h2 class=\"text-center\">Qu'est-ce que l'indice Hi-Lo ?<\/h2>\n<p>La plupart des avantages du comptage des cartes consistent \u00e0 miser davantage lorsque le jeu est favorable. Cependant, puisque vous connaissez la composition du jeu restant, vous pouvez \u00e9galement utiliser cette information pour modifier votre strat\u00e9gie de jeu lorsque cela s'av\u00e8re n\u00e9cessaire.  Par exemple, disons que vous avez une main de (Dix, 2) et que le croupier a un 2.  <b>La strat\u00e9gie de base veut que l'on atteigne 12v2.<\/b><\/p>\n<p>S'il y a suffisamment de cartes hautes suppl\u00e9mentaires dans les paquets restants, il est pr\u00e9f\u00e9rable de rester en 12v2.  Mais combien de cartes hautes \"suppl\u00e9mentaires\" sont \"suffisantes\" ?  C'est l\u00e0 que les indices entrent en jeu.  <b>Si le compte r\u00e9el du Hi-Lo est de +3 ou plus, vous devriez rester avec 12v2 au lieu de le frapper.<\/b>  Si le compte r\u00e9el Hi-Lo est \u00e9gal ou inf\u00e9rieur \u00e0 +2, vous devez tirer 12v2, comme le dit la strat\u00e9gie de base normale.<\/p>\n<p>Le \"+3\" dans ce cas est un \"num\u00e9ro d'indice\", qui d\u00e9termine le moment o\u00f9 la meilleure strat\u00e9gie de jeu pour une d\u00e9cision sp\u00e9cifique change.<\/p>\n<p>Je r\u00e9p\u00e8te mon conseil... Il s'agit d'un tr\u00e8s bref aper\u00e7u.  Si ces concepts sont nouveaux pour vous, veuillez consulter les d\u00e9tails approfondis dans notre <a href=\"\/blackjack-school\/\">\u00e9cole de blackjack<\/a>.<\/p>\n<hr>\n<h2 class=\"text-center\">Quels sont les diff\u00e9rents types d'indices ?<\/h2>\n<p>Les cartes comprennent plusieurs types distincts de num\u00e9ros d'index :<\/p>\n<table class=\"data-table\">\n<tr>\n<th>Type de main<\/th>\n<th>Type d'indice<\/th>\n<th>La signification de l'indice<\/th>\n<\/tr>\n<tr>\n<td>Dur 8-11<\/td>\n<td><b>Double<\/b> ou <b>Frapper<\/b><\/td>\n<td>Double si le nombre r\u00e9el actuel est &gt;= l'index.  Sinon, hit.<\/td>\n<\/tr>\n<tr>\n<td>Dur 12-16<\/td>\n<td><b>Support<\/b> ou <b>Frapper<\/b><\/td>\n<td>Stand si le nombre r\u00e9el actuel est &gt;= l'index.  Sinon, hit.<\/td>\n<\/tr>\n<tr>\n<td>Soft A2-A6<\/td>\n<td><b>Double<\/b> ou <b>Frapper<\/b><\/td>\n<td>Double si le nombre r\u00e9el actuel est &gt;= l'index.  Sinon, hit.<\/td>\n<\/tr>\n<tr>\n<td>Souple A7-A9<\/td>\n<td><b>Double<\/b> ou <b>Support<\/b><\/td>\n<td>Double si l'effectif r\u00e9el actuel est &gt;= l'index.  Dans le cas contraire, il reste inchang\u00e9.<\/td>\n<\/tr>\n<tr>\n<td>Paires 22-AA<\/td>\n<td><b>S\u00e9parer<\/b> ou <b>Pas de fractionnement<\/b><\/td>\n<td>S\u00e9parer si le nombre r\u00e9el actuel est &gt;= l'index.  Sinon, ne pas scinder.<\/td>\n<\/tr>\n<\/table>\n<p>En outre, il existe un index important qui ne figure pas sur la carte :<br \/>\n\tSi le compte r\u00e9el est de +3 ou plus, vous devez acheter une assurance lorsque le croupier a un As.<br \/>\n\t(Dans les jeux \u00e0 un seul jeu, vous pouvez assurer \u00e0 +2 ou plus).<\/p>\n<hr>\n<h2 class=\"text-center\">R\u00e9flexions finales<\/h2>\n<p>Il s'agit l\u00e0 de l'explication la plus courte possible du comptage de cartes et des nombres index. Ai-je mentionn\u00e9 que vous pouvez trouver une explication bien plus compl\u00e8te sur notre site web <a href=\"\/blackjack-school\/\">\u00e9cole de blackjack gratuite<\/a>?<\/p>\n<p>Mais oui, je l'ai fait \ud83d\ude42 .<\/p>\n<p>Je tiens \u00e0 ce qu'un point soit particuli\u00e8rement clair.  Si vous avez des doutes sur la mani\u00e8re d'appliquer un indice, ou si vous n'\u00eates pas s\u00fbr que le compte r\u00e9el soit suffisant pour un jeu particulier, utilisez simplement la strat\u00e9gie de base habituelle.  Il est bien plus dangereux d'appliquer ces id\u00e9es de mani\u00e8re impr\u00e9cise que de ne pas les utiliser du tout.<\/p>\n<p>Il n'est pas n\u00e9cessaire d'\u00eatre Rainman pour compter les cartes, mais cela demande de l'entra\u00eenement et de la discipline.  Jusqu'\u00e0 ce que vous vous sentiez \u00e0 l'aise avec le processus, contentez-vous de la strat\u00e9gie de base.  M\u00eame apr\u00e8s avoir appris \u00e0 compter les cartes, il est utile de jouer avec la strat\u00e9gie de base tout en variant la taille de vos mises pendant un certain temps.  Une fois que le processus de comptage des cartes est devenu une seconde nature, vous pouvez ajouter les num\u00e9ros d'index et les variations de strat\u00e9gie \u00e0 votre jeu.<\/p>\n<p>Enfin, je vous rappelle que jouer au blackjack avec un avantage ne signifie pas que vous ne pouvez pas perdre.  C'est loin d'\u00eatre le cas !  Vous aurez un peu plus de sessions gagnantes que de sessions perdantes si vous utilisez correctement le syst\u00e8me de comptage Hi-Lo, mais votre avantage est minime.  Ne misez pas l'argent que vous ne pouvez pas vous permettre de perdre.  Et s'il vous pla\u00eet, si vous avez un probl\u00e8me avec les jeux d'argent, <a href=\"\/gambling-problem\/\" title=\"Un probl\u00e8me de jeu ?\">obtenir de l'aide<\/a> de l'une des nombreuses organisations qui s'occupent du probl\u00e8me du jeu compulsif.<\/p>\n<hr>\n<p>Vous n'avez pas encore de cartes avanc\u00e9es ?  Vous pouvez <a href=\"http:\/\/www.amazon.com\/dp\/0982119178\/?tag=theblackjacbasic\">acheter un jeu ici<\/a>.<\/p>\n<p>Et si vous n'\u00eates pas encore pr\u00eat pour les cartes strat\u00e9giques avanc\u00e9es et le comptage des cartes, veuillez consulter nos <a href=\"\/card\/basic-strategy-card-instructions\/\">Cartes de strat\u00e9gie de base<\/a> au lieu de cela.<\/p>","protected":false},"excerpt":{"rendered":"<p>The innovative Advanced Blackjack Strategy Cards from BlackjackInfo provide a first-ever pairing of the best possible basic strategies, with optimal card counting index numbers right on the card. The 12-card set includes two cards each for these rule variations: 1 Deck, Dealer Stands on all 17s 1 Deck, Dealer Hits Soft 17 2 Decks, Dealer [&hellip;]<\/p>\n","protected":false},"author":2,"featured_media":0,"parent":837,"menu_order":0,"comment_status":"open","ping_status":"closed","template":"","meta":{"_acf_changed":false,"footnotes":""},"tags":[],"class_list":["post-908","page","type-page","status-publish","hentry"],"acf":[],"yoast_head":"<!-- This site is optimized with the Yoast SEO plugin v26.6 - https:\/\/yoast.com\/wordpress\/plugins\/seo\/ -->\n<title>Advanced Strategy Card Instructions<\/title>\n<meta name=\"description\" content=\"Our Advanced Blackjack Strategy Cards offer optimal basic strategy, and also index numbers for the most popular card counting system, Hi-Lo.\" \/>\n<meta name=\"robots\" content=\"index, follow, max-snippet:-1, max-image-preview:large, max-video-preview:-1\" \/>\n<link rel=\"canonical\" href=\"https:\/\/www.blackjackinfo.com\/fr\/carte\/instructions-relatives-aux-cartes-de-strategie-avancee\/\" \/>\n<meta property=\"og:locale\" content=\"fr_FR\" \/>\n<meta property=\"og:type\" content=\"article\" \/>\n<meta property=\"og:title\" content=\"Advanced Strategy Card Instructions\" \/>\n<meta property=\"og:description\" content=\"Our Advanced Blackjack Strategy Cards offer optimal basic strategy, and also index numbers for the most popular card counting system, Hi-Lo.\" \/>\n<meta property=\"og:url\" content=\"https:\/\/www.blackjackinfo.com\/fr\/carte\/instructions-relatives-aux-cartes-de-strategie-avancee\/\" \/>\n<meta property=\"og:site_name\" content=\"BlackjackInfo.com\" \/>\n<meta property=\"article:modified_time\" content=\"2018-06-22T07:30:53+00:00\" \/>\n<meta name=\"twitter:label1\" content=\"Dur\u00e9e de lecture estim\u00e9e\" \/>\n\t<meta name=\"twitter:data1\" content=\"8 minutes\" \/>\n<script type=\"application\/ld+json\" class=\"yoast-schema-graph\">{\"@context\":\"https:\/\/schema.org\",\"@graph\":[{\"@type\":\"WebPage\",\"@id\":\"https:\/\/www.blackjackinfo.com\/card\/advanced-strategy-card-instructions\/\",\"url\":\"https:\/\/www.blackjackinfo.com\/card\/advanced-strategy-card-instructions\/\",\"name\":\"Advanced Strategy Card Instructions\",\"isPartOf\":{\"@id\":\"https:\/\/www.blackjackinfo.com\/#website\"},\"datePublished\":\"2014-10-22T19:31:10+00:00\",\"dateModified\":\"2018-06-22T07:30:53+00:00\",\"description\":\"Our Advanced Blackjack Strategy Cards offer optimal basic strategy, and also index numbers for the most popular card counting system, Hi-Lo.\",\"breadcrumb\":{\"@id\":\"https:\/\/www.blackjackinfo.com\/card\/advanced-strategy-card-instructions\/#breadcrumb\"},\"inLanguage\":\"fr-FR\",\"potentialAction\":[{\"@type\":\"ReadAction\",\"target\":[\"https:\/\/www.blackjackinfo.com\/card\/advanced-strategy-card-instructions\/\"]}]},{\"@type\":\"BreadcrumbList\",\"@id\":\"https:\/\/www.blackjackinfo.com\/card\/advanced-strategy-card-instructions\/#breadcrumb\",\"itemListElement\":[{\"@type\":\"ListItem\",\"position\":1,\"name\":\"Home\",\"item\":\"https:\/\/www.blackjackinfo.com\/\"},{\"@type\":\"ListItem\",\"position\":2,\"name\":\"Blackjack Strategy Cards, Basic and Advanced\",\"item\":\"https:\/\/www.blackjackinfo.com\/card\/\"},{\"@type\":\"ListItem\",\"position\":3,\"name\":\"Advanced Strategy Card Instructions\"}]},{\"@type\":\"WebSite\",\"@id\":\"https:\/\/www.blackjackinfo.com\/#website\",\"url\":\"https:\/\/www.blackjackinfo.com\/\",\"name\":\"BlackjackInfo.com\",\"description\":\"Because Winning is More Fun!\",\"potentialAction\":[{\"@type\":\"SearchAction\",\"target\":{\"@type\":\"EntryPoint\",\"urlTemplate\":\"https:\/\/www.blackjackinfo.com\/?s={search_term_string}\"},\"query-input\":{\"@type\":\"PropertyValueSpecification\",\"valueRequired\":true,\"valueName\":\"search_term_string\"}}],\"inLanguage\":\"fr-FR\"}]}<\/script>\n<!-- \/ Yoast SEO plugin. -->","yoast_head_json":{"title":"Instructions relatives aux cartes de strat\u00e9gie avanc\u00e9e","description":"Nos cartes de strat\u00e9gie avanc\u00e9e pour le blackjack offrent une strat\u00e9gie de base optimale, ainsi que des num\u00e9ros d'index pour le syst\u00e8me de comptage de cartes le plus populaire, le Hi-Lo.","robots":{"index":"index","follow":"follow","max-snippet":"max-snippet:-1","max-image-preview":"max-image-preview:large","max-video-preview":"max-video-preview:-1"},"canonical":"https:\/\/www.blackjackinfo.com\/fr\/carte\/instructions-relatives-aux-cartes-de-strategie-avancee\/","og_locale":"fr_FR","og_type":"article","og_title":"Advanced Strategy Card Instructions","og_description":"Our Advanced Blackjack Strategy Cards offer optimal basic strategy, and also index numbers for the most popular card counting system, Hi-Lo.","og_url":"https:\/\/www.blackjackinfo.com\/fr\/carte\/instructions-relatives-aux-cartes-de-strategie-avancee\/","og_site_name":"BlackjackInfo.com","article_modified_time":"2018-06-22T07:30:53+00:00","twitter_misc":{"Dur\u00e9e de lecture estim\u00e9e":"8 minutes"},"schema":{"@context":"https:\/\/schema.org","@graph":[{"@type":"WebPage","@id":"https:\/\/www.blackjackinfo.com\/card\/advanced-strategy-card-instructions\/","url":"https:\/\/www.blackjackinfo.com\/card\/advanced-strategy-card-instructions\/","name":"Instructions relatives aux cartes de strat\u00e9gie avanc\u00e9e","isPartOf":{"@id":"https:\/\/www.blackjackinfo.com\/#website"},"datePublished":"2014-10-22T19:31:10+00:00","dateModified":"2018-06-22T07:30:53+00:00","description":"Nos cartes de strat\u00e9gie avanc\u00e9e pour le blackjack offrent une strat\u00e9gie de base optimale, ainsi que des num\u00e9ros d'index pour le syst\u00e8me de comptage de cartes le plus populaire, le Hi-Lo.","breadcrumb":{"@id":"https:\/\/www.blackjackinfo.com\/card\/advanced-strategy-card-instructions\/#breadcrumb"},"inLanguage":"fr-FR","potentialAction":[{"@type":"ReadAction","target":["https:\/\/www.blackjackinfo.com\/card\/advanced-strategy-card-instructions\/"]}]},{"@type":"BreadcrumbList","@id":"https:\/\/www.blackjackinfo.com\/card\/advanced-strategy-card-instructions\/#breadcrumb","itemListElement":[{"@type":"ListItem","position":1,"name":"Home","item":"https:\/\/www.blackjackinfo.com\/"},{"@type":"ListItem","position":2,"name":"Blackjack Strategy Cards, Basic and Advanced","item":"https:\/\/www.blackjackinfo.com\/card\/"},{"@type":"ListItem","position":3,"name":"Advanced Strategy Card Instructions"}]},{"@type":"WebSite","@id":"https:\/\/www.blackjackinfo.com\/#website","url":"https:\/\/www.blackjackinfo.com\/","name":"BlackjackInfo.com","description":"Parce que gagner, c'est plus amusant !","potentialAction":[{"@type":"SearchAction","target":{"@type":"EntryPoint","urlTemplate":"https:\/\/www.blackjackinfo.com\/?s={search_term_string}"},"query-input":{"@type":"PropertyValueSpecification","valueRequired":true,"valueName":"search_term_string"}}],"inLanguage":"fr-FR"}]}},"_links":{"self":[{"href":"https:\/\/www.blackjackinfo.com\/fr\/wp-json\/wp\/v2\/pages\/908","targetHints":{"allow":["GET"]}}],"collection":[{"href":"https:\/\/www.blackjackinfo.com\/fr\/wp-json\/wp\/v2\/pages"}],"about":[{"href":"https:\/\/www.blackjackinfo.com\/fr\/wp-json\/wp\/v2\/types\/page"}],"author":[{"embeddable":true,"href":"https:\/\/www.blackjackinfo.com\/fr\/wp-json\/wp\/v2\/users\/2"}],"replies":[{"embeddable":true,"href":"https:\/\/www.blackjackinfo.com\/fr\/wp-json\/wp\/v2\/comments?post=908"}],"version-history":[{"count":18,"href":"https:\/\/www.blackjackinfo.com\/fr\/wp-json\/wp\/v2\/pages\/908\/revisions"}],"predecessor-version":[{"id":3687,"href":"https:\/\/www.blackjackinfo.com\/fr\/wp-json\/wp\/v2\/pages\/908\/revisions\/3687"}],"up":[{"embeddable":true,"href":"https:\/\/www.blackjackinfo.com\/fr\/wp-json\/wp\/v2\/pages\/837"}],"wp:attachment":[{"href":"https:\/\/www.blackjackinfo.com\/fr\/wp-json\/wp\/v2\/media?parent=908"}],"wp:term":[{"taxonomy":"post_tag","embeddable":true,"href":"https:\/\/www.blackjackinfo.com\/fr\/wp-json\/wp\/v2\/tags?post=908"}],"curies":[{"name":"wp","href":"https:\/\/api.w.org\/{rel}","templated":true}]}}