{"id":9111,"date":"2025-09-19T08:46:38","date_gmt":"2025-09-19T13:46:38","guid":{"rendered":"https:\/\/www.blackjackinfo.com\/?page_id=9111"},"modified":"2025-09-19T09:20:31","modified_gmt":"2025-09-19T14:20:31","slug":"pari-collant-quest-ce-que-cest","status":"publish","type":"page","link":"https:\/\/www.blackjackinfo.com\/fr\/sticky-bet-what-is-it\/","title":{"rendered":"Explication du Sticky Bet"},"content":{"rendered":"<h3 class=\"wp-block-heading\" id=\"so-what-the-heck-is-a-sticky-bet\">Qu'est-ce qu'un \"Sticky Bet\" ?<\/h3>\n\n\n\n<div class=\"tim-toc-wrapper\"><div class=\"tim-toc-header\"><div class=\"tim-toc-title\">Table des mati\u00e8res<\/div><div class=\"tim-toc-toggle\">Afficher plus<\/div><\/div><ul class=\"tim-toc-list collapsed\"><li class=\"tim-toc-h3\"><a href=\"#so-what-the-heck-is-a-sticky-bet\">Qu'est-ce qu'un \"Sticky Bet\" ?<\/a><\/li><li class=\"tim-toc-h3\"><a href=\"#why-do-they-do-this\">Pourquoi font-ils cela ?<\/a><\/li><li class=\"tim-toc-h3\"><a href=\"#could-it-mean-something-else\">Cela pourrait-il signifier autre chose ?<\/a><\/li><li class=\"tim-toc-h3 hidden\"><a href=\"#so-are-they-good-or-bad\">Alors, sont-ils bons ou mauvais ?<\/a><\/li><\/ul><\/div>\n\n\n\n<p>D'accord, vous avez rencontr\u00e9 le terme \"sticky bet\" et vous \u00eates maintenant ici, en train d'essayer de comprendre ce que c'est r\u00e9ellement. C'est une bonne id\u00e9e. Il s'agit d'une de ces expressions que les sites de paris utilisent et qui n'est pas toujours tr\u00e8s claire. Elle peut pr\u00eater \u00e0 confusion.<\/p>\n\n\n\n<p>Arr\u00eatons le jargon.<\/p>\n\n\n\n<p>La plupart du temps, lorsque quelqu'un parle de \"sticky bet\", il s'agit d'un type de bonus ou de pari gratuit. Mais il s'agit d'un type particulier. La partie \"collante\" est l'indice.<\/p>\n\n\n\n<p><strong>Pensez-y comme \u00e0 un coupon de r\u00e9duction pour un magasin.<\/strong><\/p>\n\n\n\n<p>Imaginez qu'un magasin vous offre un coupon de \"$10 de r\u00e9duction\". Vous pouvez entrer dans le magasin, acheter une chemise de $25 et ne payer que $15. Vous avez utilis\u00e9 la valeur du coupon, mais vous ne pouvez pas aller voir le caissier et lui demander de vous donner $10 en \u00e9change du coupon. La valeur est li\u00e9e au magasin.<\/p>\n\n\n\n<p>Une mise collante fonctionne de la m\u00eame mani\u00e8re.<\/p>\n\n\n\n<p>Un bookmaker peut vous donner un \"$10 Sticky Bet\". Vous pouvez utiliser ce $10 pour placer un pari.<\/p>\n\n\n\n<p>Supposons que vous ayez pari\u00e9 $10 sur la victoire d'une \u00e9quipe \u00e0 une cote de +200.<\/p>\n\n\n\n<ul class=\"wp-block-list\">\n<li><strong>Si vous gagnez :<\/strong>\u00a0Vous obtenez les gains, qui s'\u00e9l\u00e8vent \u00e0 $20. Mais vous ne r\u00e9cup\u00e9rez PAS la mise initiale de $10. Votre compte est donc gonfl\u00e9 de $20. Le \"coupon\" original de $10 a \u00e9t\u00e9 utilis\u00e9 et dispara\u00eet.<\/li>\n\n\n\n<li><strong>Si vous perdez :<\/strong>\u00a0La mise collante $10 est supprim\u00e9e. C'est aussi simple que cela. Vous n'avez rien perdu de votre propre argent.<\/li>\n<\/ul>\n\n\n\n<p>C'est la principale diff\u00e9rence avec d'autres \"paris gratuits\" o\u00f9, si vous gagnez, vous r\u00e9cup\u00e9rez les gains ET la mise. Avec un sticky bet, la mise ne vous appartient jamais vraiment. Il s'agit simplement d'un cr\u00e9dit avec lequel vous pouvez jouer.<\/p>\n\n\n\n<h3 class=\"wp-block-heading\" id=\"why-do-they-do-this\">Pourquoi font-ils cela ?<\/h3>\n\n\n\n<p>C'est simple. Ils veulent que vous continuiez \u00e0 jouer. En vous offrant un pari que vous ne pouvez pas encaisser, ils vous obligent \u00e0 vous engager sur leur plateforme, \u00e0 placer un pari et, avec un peu de chance, \u00e0 rester et \u00e0 d\u00e9poser votre propre argent plus tard. C'est un outil marketing. Il n'est pas mauvais, mais il faut savoir de quoi il s'agit.<\/p>\n\n\n\n<h3 class=\"wp-block-heading\" id=\"could-it-mean-something-else\">Cela pourrait-il signifier autre chose ?<\/h3>\n\n\n\n<p>Oui, peut-\u00eatre. La langue est bizarre.<\/p>\n\n\n\n<p>Parfois, une personne peut dire qu'un pari est \"collant\" s'il prend beaucoup de temps \u00e0 \u00eatre r\u00e9gl\u00e9 sur son compte apr\u00e8s un jeu. C'est comme s'il \u00e9tait \"bloqu\u00e9\" dans un \u00e9tat d'attente. Il s'agit g\u00e9n\u00e9ralement d'un simple retard dans l'attente des statistiques officielles, mais cela peut \u00eatre un v\u00e9ritable casse-t\u00eate.<\/p>\n\n\n\n<p>Ou bien vous entendrez un ami le dire d'une mani\u00e8re compl\u00e8tement diff\u00e9rente. Par exemple, \"Les Packers vont gagner, c'est mon pari de la semaine\". Dans ce cas, il s'agit simplement d'un pari sur lequel il se sent en confiance et qu'il \"conserve\". Ce n'est que de l'argot, et ce n'est pas ce que les paris sportifs veulent dire.<\/p>\n\n\n\n<h3 class=\"wp-block-heading\" id=\"so-are-they-good-or-bad\">Alors, sont-ils bons ou mauvais ?<\/h3>\n\n\n\n<p>Ni l'un ni l'autre. C'est juste une chose que vous devez comprendre.<\/p>\n\n\n\n<p>Un sticky bet est en fait une tentative sans risque de gagner de l'argent. Vous ne pouvez pas perdre votre propre argent. C'est une bonne chose.<\/p>\n\n\n\n<p>La cl\u00e9 est de toujours, et je dis bien toujours, lire les termes et conditions qui accompagnent tout bonus. Elles expliquent exactement comment cela fonctionne. \u00c9tant donn\u00e9 que la mise dispara\u00eet en cas de victoire, certaines personnes aiment utiliser ces paris collants pour tenter leur chance \u00e0 long terme. Puisque vous ne touchez que le b\u00e9n\u00e9fice de toute fa\u00e7on, autant essayer de faire le plus gros b\u00e9n\u00e9fice possible, n'est-ce pas ?<\/p>\n\n\n\n<p>Ainsi, la prochaine fois que vous verrez \"Sticky Bet\" ou \"Sticky Bonus\", vous le saurez. Ce n'est pas de l'argent liquide. C'est un coupon. Utilisez-le pour essayer de gagner, mais ne le consid\u00e9rez jamais comme votre propre argent.<\/p>","protected":false},"excerpt":{"rendered":"<p>So, What the Heck is a \u201cSticky Bet\u201d? Alright, so you&#8217;ve come across the term &#8220;sticky bet&#8221; and now you&#8217;re here, trying to figure out what it actually is. Good call. It&#8217;s one of those phrases that betting sites use, and it&#8217;s not always super clear. It can be a bit confusing. Let&#8217;s cut through [&hellip;]<\/p>\n","protected":false},"author":4,"featured_media":0,"parent":0,"menu_order":0,"comment_status":"closed","ping_status":"closed","template":"","meta":{"_acf_changed":false,"footnotes":""},"tags":[],"class_list":["post-9111","page","type-page","status-publish","hentry"],"acf":[],"yoast_head":"<!-- This site is optimized with the Yoast SEO plugin v26.6 - https:\/\/yoast.com\/wordpress\/plugins\/seo\/ -->\n<title>Sticky Bet Explained<\/title>\n<meta name=\"description\" content=\"So, What the Heck is a \u201cSticky Bet\u201d? Alright, so you&#039;ve come across the term &quot;sticky bet&quot; and now you&#039;re here, trying to figure out what it actually is.\" \/>\n<meta name=\"robots\" content=\"index, follow, max-snippet:-1, max-image-preview:large, max-video-preview:-1\" \/>\n<link rel=\"canonical\" href=\"https:\/\/www.blackjackinfo.com\/fr\/pari-collant-quest-ce-que-cest\/\" \/>\n<meta property=\"og:locale\" content=\"fr_FR\" \/>\n<meta property=\"og:type\" content=\"article\" \/>\n<meta property=\"og:title\" content=\"Sticky Bet Explained\" \/>\n<meta property=\"og:description\" content=\"So, What the Heck is a \u201cSticky Bet\u201d? Alright, so you&#039;ve come across the term &quot;sticky bet&quot; and now you&#039;re here, trying to figure out what it actually is.\" \/>\n<meta property=\"og:url\" content=\"https:\/\/www.blackjackinfo.com\/fr\/pari-collant-quest-ce-que-cest\/\" \/>\n<meta property=\"og:site_name\" content=\"BlackjackInfo.com\" \/>\n<meta property=\"article:modified_time\" content=\"2025-09-19T14:20:31+00:00\" \/>\n<meta name=\"twitter:label1\" content=\"Dur\u00e9e de lecture estim\u00e9e\" \/>\n\t<meta name=\"twitter:data1\" content=\"3 minutes\" \/>\n<script type=\"application\/ld+json\" class=\"yoast-schema-graph\">{\"@context\":\"https:\/\/schema.org\",\"@graph\":[{\"@type\":\"WebPage\",\"@id\":\"https:\/\/www.blackjackinfo.com\/sticky-bet-what-is-it\/\",\"url\":\"https:\/\/www.blackjackinfo.com\/sticky-bet-what-is-it\/\",\"name\":\"Sticky Bet Explained\",\"isPartOf\":{\"@id\":\"https:\/\/www.blackjackinfo.com\/#website\"},\"datePublished\":\"2025-09-19T13:46:38+00:00\",\"dateModified\":\"2025-09-19T14:20:31+00:00\",\"description\":\"So, What the Heck is a \u201cSticky Bet\u201d? Alright, so you've come across the term \\\"sticky bet\\\" and now you're here, trying to figure out what it actually is.\",\"breadcrumb\":{\"@id\":\"https:\/\/www.blackjackinfo.com\/sticky-bet-what-is-it\/#breadcrumb\"},\"inLanguage\":\"fr-FR\",\"potentialAction\":[{\"@type\":\"ReadAction\",\"target\":[\"https:\/\/www.blackjackinfo.com\/sticky-bet-what-is-it\/\"]}]},{\"@type\":\"BreadcrumbList\",\"@id\":\"https:\/\/www.blackjackinfo.com\/sticky-bet-what-is-it\/#breadcrumb\",\"itemListElement\":[{\"@type\":\"ListItem\",\"position\":1,\"name\":\"Home\",\"item\":\"https:\/\/www.blackjackinfo.com\/\"},{\"@type\":\"ListItem\",\"position\":2,\"name\":\"Sticky Bet Explained\"}]},{\"@type\":\"WebSite\",\"@id\":\"https:\/\/www.blackjackinfo.com\/#website\",\"url\":\"https:\/\/www.blackjackinfo.com\/\",\"name\":\"BlackjackInfo.com\",\"description\":\"Because Winning is More Fun!\",\"potentialAction\":[{\"@type\":\"SearchAction\",\"target\":{\"@type\":\"EntryPoint\",\"urlTemplate\":\"https:\/\/www.blackjackinfo.com\/?s={search_term_string}\"},\"query-input\":{\"@type\":\"PropertyValueSpecification\",\"valueRequired\":true,\"valueName\":\"search_term_string\"}}],\"inLanguage\":\"fr-FR\"}]}<\/script>\n<!-- \/ Yoast SEO plugin. -->","yoast_head_json":{"title":"Explication du Sticky Bet","description":"Qu'est-ce qu'un \"Sticky Bet\" ? D'accord, vous avez rencontr\u00e9 le terme \"sticky bet\" et vous \u00eates ici, en train d'essayer de comprendre ce que c'est r\u00e9ellement.","robots":{"index":"index","follow":"follow","max-snippet":"max-snippet:-1","max-image-preview":"max-image-preview:large","max-video-preview":"max-video-preview:-1"},"canonical":"https:\/\/www.blackjackinfo.com\/fr\/pari-collant-quest-ce-que-cest\/","og_locale":"fr_FR","og_type":"article","og_title":"Sticky Bet Explained","og_description":"So, What the Heck is a \u201cSticky Bet\u201d? Alright, so you've come across the term \"sticky bet\" and now you're here, trying to figure out what it actually is.","og_url":"https:\/\/www.blackjackinfo.com\/fr\/pari-collant-quest-ce-que-cest\/","og_site_name":"BlackjackInfo.com","article_modified_time":"2025-09-19T14:20:31+00:00","twitter_misc":{"Dur\u00e9e de lecture estim\u00e9e":"3 minutes"},"schema":{"@context":"https:\/\/schema.org","@graph":[{"@type":"WebPage","@id":"https:\/\/www.blackjackinfo.com\/sticky-bet-what-is-it\/","url":"https:\/\/www.blackjackinfo.com\/sticky-bet-what-is-it\/","name":"Explication du Sticky Bet","isPartOf":{"@id":"https:\/\/www.blackjackinfo.com\/#website"},"datePublished":"2025-09-19T13:46:38+00:00","dateModified":"2025-09-19T14:20:31+00:00","description":"Qu'est-ce qu'un \"Sticky Bet\" ? D'accord, vous avez rencontr\u00e9 le terme \"sticky bet\" et vous \u00eates ici, en train d'essayer de comprendre ce que c'est r\u00e9ellement.","breadcrumb":{"@id":"https:\/\/www.blackjackinfo.com\/sticky-bet-what-is-it\/#breadcrumb"},"inLanguage":"fr-FR","potentialAction":[{"@type":"ReadAction","target":["https:\/\/www.blackjackinfo.com\/sticky-bet-what-is-it\/"]}]},{"@type":"BreadcrumbList","@id":"https:\/\/www.blackjackinfo.com\/sticky-bet-what-is-it\/#breadcrumb","itemListElement":[{"@type":"ListItem","position":1,"name":"Home","item":"https:\/\/www.blackjackinfo.com\/"},{"@type":"ListItem","position":2,"name":"Sticky Bet Explained"}]},{"@type":"WebSite","@id":"https:\/\/www.blackjackinfo.com\/#website","url":"https:\/\/www.blackjackinfo.com\/","name":"BlackjackInfo.com","description":"Parce que gagner, c'est plus amusant !","potentialAction":[{"@type":"SearchAction","target":{"@type":"EntryPoint","urlTemplate":"https:\/\/www.blackjackinfo.com\/?s={search_term_string}"},"query-input":{"@type":"PropertyValueSpecification","valueRequired":true,"valueName":"search_term_string"}}],"inLanguage":"fr-FR"}]}},"_links":{"self":[{"href":"https:\/\/www.blackjackinfo.com\/fr\/wp-json\/wp\/v2\/pages\/9111","targetHints":{"allow":["GET"]}}],"collection":[{"href":"https:\/\/www.blackjackinfo.com\/fr\/wp-json\/wp\/v2\/pages"}],"about":[{"href":"https:\/\/www.blackjackinfo.com\/fr\/wp-json\/wp\/v2\/types\/page"}],"author":[{"embeddable":true,"href":"https:\/\/www.blackjackinfo.com\/fr\/wp-json\/wp\/v2\/users\/4"}],"replies":[{"embeddable":true,"href":"https:\/\/www.blackjackinfo.com\/fr\/wp-json\/wp\/v2\/comments?post=9111"}],"version-history":[{"count":3,"href":"https:\/\/www.blackjackinfo.com\/fr\/wp-json\/wp\/v2\/pages\/9111\/revisions"}],"predecessor-version":[{"id":9115,"href":"https:\/\/www.blackjackinfo.com\/fr\/wp-json\/wp\/v2\/pages\/9111\/revisions\/9115"}],"wp:attachment":[{"href":"https:\/\/www.blackjackinfo.com\/fr\/wp-json\/wp\/v2\/media?parent=9111"}],"wp:term":[{"taxonomy":"post_tag","embeddable":true,"href":"https:\/\/www.blackjackinfo.com\/fr\/wp-json\/wp\/v2\/tags?post=9111"}],"curies":[{"name":"wp","href":"https:\/\/api.w.org\/{rel}","templated":true}]}}