{"id":9152,"date":"2025-10-28T04:27:34","date_gmt":"2025-10-28T09:27:34","guid":{"rendered":"https:\/\/www.blackjackinfo.com\/?page_id=9152"},"modified":"2025-10-30T10:35:05","modified_gmt":"2025-10-30T15:35:05","slug":"blackjack-basic-strategy-app","status":"publish","type":"page","link":"https:\/\/www.blackjackinfo.com\/fr\/blackjack-basic-strategy-app\/","title":{"rendered":"Strat\u00e9gie de base pour le blackjack"},"content":{"rendered":"<p>Apr\u00e8s plus de deux d\u00e9cennies pass\u00e9es \u00e0 aider les joueurs \u00e0 ma\u00eetriser la strat\u00e9gie du blackjack, BlackjackInfo.com est fier de pr\u00e9senter son site officiel. <strong>Blackjack Basic Strategy Trainer App<\/strong> - le moyen le plus simple de s'entra\u00eener et de perfectionner ses d\u00e9cisions de blackjack en d\u00e9placement.<\/p>\n\n\n\n<p>Que vous vous pr\u00e9pariez pour votre prochaine sortie au casino ou que vous vous pr\u00e9pariez \u00e0 jouer en ligne, cette application gratuite vous permet de vous entra\u00eener en utilisant les m\u00eames strat\u00e9gies \u00e9prouv\u00e9es que celles enseign\u00e9es sur notre site. Actuellement disponible uniquement sur Android (la version iOS sera bient\u00f4t disponible).<\/p>\n\n\n\n<div class=\"wp-block-group wpg-simple-box p40\"><div class=\"wp-block-group__inner-container is-layout-constrained wp-block-group-is-layout-constrained\">\n<h2 class=\"wp-block-heading has-text-align-center\">T\u00e9l\u00e9charger le simulateur de strat\u00e9gie de blackjack sur Google Play<\/h2>\n\n\n<div class=\"wp-block-image\">\n<figure class=\"aligncenter size-full\"><a href=\"https:\/\/play.google.com\/store\/apps\/details?id=com.blackjackinfo.strategytrainer&amp;hl=en\"><img loading=\"lazy\" decoding=\"async\" width=\"270\" height=\"80\" src=\"https:\/\/www.blackjackinfo.com\/files\/GetItOnGooglePlay_Badge_Web_color_English.png\" alt=\"\" class=\"wp-image-9090\" srcset=\"https:\/\/www.blackjackinfo.com\/files\/GetItOnGooglePlay_Badge_Web_color_English.png 270w, https:\/\/www.blackjackinfo.com\/files\/GetItOnGooglePlay_Badge_Web_color_English-18x5.png 18w\" sizes=\"auto, (max-width: 270px) 100vw, 270px\" data-no-auto-translation=\"\" \/><\/a><\/figure>\n<\/div>\n\n\n<figure class=\"wp-block-gallery has-nested-images columns-7 wp-block-gallery-1 is-layout-flex wp-block-gallery-is-layout-flex\">\n<figure class=\"wp-block-image size-large\"><img loading=\"lazy\" decoding=\"async\" width=\"523\" height=\"1024\" data-id=\"9162\" src=\"https:\/\/www.blackjackinfo.com\/files\/Screenshot_20250627_140925_Expo-Go-523x1024.jpg\" alt=\"\" class=\"wp-image-9162\" srcset=\"https:\/\/www.blackjackinfo.com\/files\/Screenshot_20250627_140925_Expo-Go-523x1024.jpg 523w, https:\/\/www.blackjackinfo.com\/files\/Screenshot_20250627_140925_Expo-Go-153x300.jpg 153w, https:\/\/www.blackjackinfo.com\/files\/Screenshot_20250627_140925_Expo-Go-768x1504.jpg 768w, https:\/\/www.blackjackinfo.com\/files\/Screenshot_20250627_140925_Expo-Go-784x1536.jpg 784w, https:\/\/www.blackjackinfo.com\/files\/Screenshot_20250627_140925_Expo-Go-1046x2048.jpg 1046w, https:\/\/www.blackjackinfo.com\/files\/Screenshot_20250627_140925_Expo-Go-6x12.jpg 6w, https:\/\/www.blackjackinfo.com\/files\/Screenshot_20250627_140925_Expo-Go.jpg 1080w\" sizes=\"auto, (max-width: 523px) 100vw, 523px\" data-no-auto-translation=\"\" \/><\/figure>\n\n\n\n<figure class=\"wp-block-image size-large\"><img loading=\"lazy\" decoding=\"async\" width=\"523\" height=\"1024\" data-id=\"9161\" src=\"https:\/\/www.blackjackinfo.com\/files\/Screenshot_20250627_140907_Expo-Go-523x1024.jpg\" alt=\"\" class=\"wp-image-9161\" srcset=\"https:\/\/www.blackjackinfo.com\/files\/Screenshot_20250627_140907_Expo-Go-523x1024.jpg 523w, https:\/\/www.blackjackinfo.com\/files\/Screenshot_20250627_140907_Expo-Go-153x300.jpg 153w, https:\/\/www.blackjackinfo.com\/files\/Screenshot_20250627_140907_Expo-Go-768x1504.jpg 768w, https:\/\/www.blackjackinfo.com\/files\/Screenshot_20250627_140907_Expo-Go-784x1536.jpg 784w, https:\/\/www.blackjackinfo.com\/files\/Screenshot_20250627_140907_Expo-Go-1046x2048.jpg 1046w, https:\/\/www.blackjackinfo.com\/files\/Screenshot_20250627_140907_Expo-Go-6x12.jpg 6w, https:\/\/www.blackjackinfo.com\/files\/Screenshot_20250627_140907_Expo-Go.jpg 1080w\" sizes=\"auto, (max-width: 523px) 100vw, 523px\" data-no-auto-translation=\"\" \/><\/figure>\n\n\n\n<figure class=\"wp-block-image size-large\"><img loading=\"lazy\" decoding=\"async\" width=\"523\" height=\"1024\" data-id=\"9160\" src=\"https:\/\/www.blackjackinfo.com\/files\/Screenshot_20250627_140902_Expo-Go-523x1024.jpg\" alt=\"\" class=\"wp-image-9160\" srcset=\"https:\/\/www.blackjackinfo.com\/files\/Screenshot_20250627_140902_Expo-Go-523x1024.jpg 523w, https:\/\/www.blackjackinfo.com\/files\/Screenshot_20250627_140902_Expo-Go-153x300.jpg 153w, https:\/\/www.blackjackinfo.com\/files\/Screenshot_20250627_140902_Expo-Go-768x1504.jpg 768w, https:\/\/www.blackjackinfo.com\/files\/Screenshot_20250627_140902_Expo-Go-784x1536.jpg 784w, https:\/\/www.blackjackinfo.com\/files\/Screenshot_20250627_140902_Expo-Go-1046x2048.jpg 1046w, https:\/\/www.blackjackinfo.com\/files\/Screenshot_20250627_140902_Expo-Go-6x12.jpg 6w, https:\/\/www.blackjackinfo.com\/files\/Screenshot_20250627_140902_Expo-Go.jpg 1080w\" sizes=\"auto, (max-width: 523px) 100vw, 523px\" data-no-auto-translation=\"\" \/><\/figure>\n\n\n\n<figure class=\"wp-block-image size-large\"><img loading=\"lazy\" decoding=\"async\" width=\"523\" height=\"1024\" data-id=\"9159\" src=\"https:\/\/www.blackjackinfo.com\/files\/Screenshot_20250627_140853_Expo-Go-523x1024.jpg\" alt=\"\" class=\"wp-image-9159\" srcset=\"https:\/\/www.blackjackinfo.com\/files\/Screenshot_20250627_140853_Expo-Go-523x1024.jpg 523w, https:\/\/www.blackjackinfo.com\/files\/Screenshot_20250627_140853_Expo-Go-153x300.jpg 153w, https:\/\/www.blackjackinfo.com\/files\/Screenshot_20250627_140853_Expo-Go-768x1504.jpg 768w, https:\/\/www.blackjackinfo.com\/files\/Screenshot_20250627_140853_Expo-Go-784x1536.jpg 784w, https:\/\/www.blackjackinfo.com\/files\/Screenshot_20250627_140853_Expo-Go-1046x2048.jpg 1046w, https:\/\/www.blackjackinfo.com\/files\/Screenshot_20250627_140853_Expo-Go-6x12.jpg 6w, https:\/\/www.blackjackinfo.com\/files\/Screenshot_20250627_140853_Expo-Go.jpg 1080w\" sizes=\"auto, (max-width: 523px) 100vw, 523px\" data-no-auto-translation=\"\" \/><\/figure>\n\n\n\n<figure class=\"wp-block-image size-large\"><img loading=\"lazy\" decoding=\"async\" width=\"523\" height=\"1024\" data-id=\"9158\" src=\"https:\/\/www.blackjackinfo.com\/files\/Screenshot_20250627_140830_Expo-Go-523x1024.jpg\" alt=\"\" class=\"wp-image-9158\" srcset=\"https:\/\/www.blackjackinfo.com\/files\/Screenshot_20250627_140830_Expo-Go-523x1024.jpg 523w, https:\/\/www.blackjackinfo.com\/files\/Screenshot_20250627_140830_Expo-Go-153x300.jpg 153w, https:\/\/www.blackjackinfo.com\/files\/Screenshot_20250627_140830_Expo-Go-768x1504.jpg 768w, https:\/\/www.blackjackinfo.com\/files\/Screenshot_20250627_140830_Expo-Go-784x1536.jpg 784w, https:\/\/www.blackjackinfo.com\/files\/Screenshot_20250627_140830_Expo-Go-1046x2048.jpg 1046w, https:\/\/www.blackjackinfo.com\/files\/Screenshot_20250627_140830_Expo-Go-6x12.jpg 6w, https:\/\/www.blackjackinfo.com\/files\/Screenshot_20250627_140830_Expo-Go.jpg 1080w\" sizes=\"auto, (max-width: 523px) 100vw, 523px\" data-no-auto-translation=\"\" \/><\/figure>\n\n\n\n<figure class=\"wp-block-image size-large\"><img loading=\"lazy\" decoding=\"async\" width=\"523\" height=\"1024\" data-id=\"9157\" src=\"https:\/\/www.blackjackinfo.com\/files\/Screenshot_20250627_140813_Expo-Go-523x1024.jpg\" alt=\"\" class=\"wp-image-9157\" srcset=\"https:\/\/www.blackjackinfo.com\/files\/Screenshot_20250627_140813_Expo-Go-523x1024.jpg 523w, https:\/\/www.blackjackinfo.com\/files\/Screenshot_20250627_140813_Expo-Go-153x300.jpg 153w, https:\/\/www.blackjackinfo.com\/files\/Screenshot_20250627_140813_Expo-Go-768x1504.jpg 768w, https:\/\/www.blackjackinfo.com\/files\/Screenshot_20250627_140813_Expo-Go-784x1536.jpg 784w, https:\/\/www.blackjackinfo.com\/files\/Screenshot_20250627_140813_Expo-Go-1046x2048.jpg 1046w, https:\/\/www.blackjackinfo.com\/files\/Screenshot_20250627_140813_Expo-Go-6x12.jpg 6w, https:\/\/www.blackjackinfo.com\/files\/Screenshot_20250627_140813_Expo-Go.jpg 1080w\" sizes=\"auto, (max-width: 523px) 100vw, 523px\" data-no-auto-translation=\"\" \/><\/figure>\n\n\n\n<figure class=\"wp-block-image size-large\"><img loading=\"lazy\" decoding=\"async\" width=\"523\" height=\"1024\" data-id=\"9156\" src=\"https:\/\/www.blackjackinfo.com\/files\/Screenshot_20250627_141231_Expo-Go-523x1024.jpg\" alt=\"\" class=\"wp-image-9156\" srcset=\"https:\/\/www.blackjackinfo.com\/files\/Screenshot_20250627_141231_Expo-Go-523x1024.jpg 523w, https:\/\/www.blackjackinfo.com\/files\/Screenshot_20250627_141231_Expo-Go-153x300.jpg 153w, https:\/\/www.blackjackinfo.com\/files\/Screenshot_20250627_141231_Expo-Go-768x1504.jpg 768w, https:\/\/www.blackjackinfo.com\/files\/Screenshot_20250627_141231_Expo-Go-784x1536.jpg 784w, https:\/\/www.blackjackinfo.com\/files\/Screenshot_20250627_141231_Expo-Go-1046x2048.jpg 1046w, https:\/\/www.blackjackinfo.com\/files\/Screenshot_20250627_141231_Expo-Go-6x12.jpg 6w, https:\/\/www.blackjackinfo.com\/files\/Screenshot_20250627_141231_Expo-Go.jpg 1080w\" sizes=\"auto, (max-width: 523px) 100vw, 523px\" data-no-auto-translation=\"\" \/><\/figure>\n<\/figure>\n\n\n\n<p class=\"has-text-align-center\">Si vous \u00eates novice en mati\u00e8re de strat\u00e9gie de base, commencez par consulter notre rubrique <a href=\"https:\/\/www.blackjackinfo.com\/blackjack-basic-strategy-engine\/\">Guide de strat\u00e9gie de base pour le blackjack<\/a><\/p>\n<\/div><\/div>\n\n\n\n<div class=\"wp-block-group is-nowrap is-layout-flex wp-container-core-group-is-layout-ad2f72ca wp-block-group-is-layout-flex\">\n<div class=\"wp-block-columns is-layout-flex wp-container-core-columns-is-layout-9d6595d7 wp-block-columns-is-layout-flex\">\n<div class=\"wp-block-column wpg-simple-box p40 is-layout-flow wp-block-column-is-layout-flow\">\n<h2 class=\"wp-block-heading\"><strong>Pourquoi chaque joueur doit conna\u00eetre la strat\u00e9gie de base<\/strong><\/h2>\n\n\n\n<p>La strat\u00e9gie de base est la mani\u00e8re math\u00e9matiquement correcte de jouer toutes les mains possibles au blackjack.<br>En suivant ce principe, vous r\u00e9duisez l'avantage de la maison \u00e0 moins d'un demi pour cent, ce qui repr\u00e9sente les meilleures chances que vous puissiez obtenir dans un jeu de casino.<\/p>\n\n\n\n<p>De nombreux acteurs <em>penser<\/em> ils connaissent le bon geste, mais la v\u00e9ritable ma\u00eetrise vient de la r\u00e9p\u00e9tition et du retour d'information.<br>C'est exactement ce que propose l'application Blackjack Strategy Trainer, un moyen d'int\u00e9rioriser les jeux corrects jusqu'\u00e0 ce qu'ils deviennent automatiques.<\/p>\n<\/div>\n\n\n\n<div class=\"wp-block-column wpg-simple-box p40 is-layout-flow wp-block-column-is-layout-flow\">\n<h2 class=\"wp-block-heading\"><strong>Fonctionnement du formateur<\/strong><\/h2>\n\n\n\n<p>L'application vous donne des mains de blackjack al\u00e9atoires et vous invite \u00e0 choisir votre mouvement : <strong>Frappez, restez debout, doublez, divisez ou abandonnez.<\/strong><br>\u00c0 chaque fois, vous obtiendrez <strong>retour d'information instantan\u00e9<\/strong> expliquant la bonne d\u00e9cision en fonction des r\u00e8gles que vous avez s\u00e9lectionn\u00e9es.<\/p>\n\n\n\n<p>Vous pouvez vous entra\u00eener dans des conditions r\u00e9alistes :<\/p>\n\n\n\n<ul class=\"wp-block-list\">\n<li>Choisir parmi les ensembles de r\u00e8gles courants (H17, S17, DAS, etc.)<\/li>\n\n\n\n<li>Suivez vos performances au fur et \u00e0 mesure que vous vous am\u00e9liorez<\/li>\n\n\n\n<li>Voir les statistiques d\u00e9taill\u00e9es de votre pr\u00e9cision par type de main<\/li>\n\n\n\n<li>Jouez aussi longtemps que vous le souhaitez - pas de publicit\u00e9s, pas de distractions, pas de murs payants.<\/li>\n<\/ul>\n\n\n\n<p>C'est le moyen le plus rapide de d\u00e9velopper la m\u00e9moire musculaire et la confiance dont vous avez besoin \u00e0 la table.<\/p>\n<\/div>\n<\/div>\n<\/div>\n\n\n\n<div class=\"wp-block-group wpg-simple-box p40 mT30\"><div class=\"wp-block-group__inner-container is-layout-constrained wp-block-group-is-layout-constrained\">\n<h2 class=\"wp-block-heading mT30\"><strong>Aper\u00e7u des caract\u00e9ristiques<\/strong><\/h2>\n\n\n\n<ul class=\"wp-block-list\">\n<li><strong>Formation interactive \u00e0 la strat\u00e9gie<\/strong> - Entra\u00eenez-vous \u00e0 jouer toutes les mains possibles et voyez o\u00f9 vous vous trompez.<\/li>\n\n\n\n<li><strong>Suivi des performances<\/strong> - Suivez vos progr\u00e8s et identifiez vos points faibles.<\/li>\n\n\n\n<li><strong>Explications d\u00e9taill\u00e9es<\/strong> - Apprendre le <em>pourquoi<\/em> derri\u00e8re chaque jeu correct.<\/li>\n\n\n\n<li><strong>Jeux de r\u00e8gles multiples<\/strong> - Entra\u00eenez-vous dans les conditions r\u00e9elles des casinos du monde entier.<\/li>\n\n\n\n<li><strong>Mode hors ligne<\/strong> - Pratiquez \u00e0 tout moment, m\u00eame sans internet.<\/li>\n\n\n\n<li><strong>Compl\u00e8tement gratuit<\/strong> - Pas de publicit\u00e9, pas d'abonnement, pas de gadget.<\/li>\n<\/ul>\n\n\n\n<h2 class=\"wp-block-heading\"><strong>\u00c0 qui s'adresse cette application ?<\/strong><\/h2>\n\n\n\n<p>Ce formateur a \u00e9t\u00e9 con\u00e7u pour :<\/p>\n\n\n\n<ul class=\"wp-block-list\">\n<li>Les d\u00e9butants qui veulent apprendre \u00e0 jouer correctement au blackjack.<\/li>\n\n\n\n<li>Les joueurs en ligne \u00e0 la recherche d'un avantage avant de miser de l'argent r\u00e9el.<\/li>\n\n\n\n<li>Les visiteurs de casinos qui souhaitent se perfectionner avant leur prochain voyage.<\/li>\n\n\n\n<li>Joueurs exp\u00e9riment\u00e9s cherchant \u00e0 se maintenir \u00e0 niveau entre les sessions.<\/li>\n<\/ul>\n\n\n\n<p>Si vous voulez vraiment am\u00e9liorer vos r\u00e9sultats au blackjack, c'est l'outil qu'il vous faut.<\/p>\n<\/div><\/div>\n\n\n\n<div class=\"wp-block-group wpg-simple-box p40\"><div class=\"wp-block-group__inner-container is-layout-constrained wp-block-group-is-layout-constrained\">\n<h2 class=\"wp-block-heading\"><strong>Construit par l'\u00e9quipe derri\u00e8re BlackjackInfo.com<\/strong><\/h2>\n\n\n\n<p>Depuis plus de 20 ans, BlackjackInfo est la principale source Internet de strat\u00e9gies de blackjack fiables, de guides de comptage de cartes et d'analyse des r\u00e8gles de casino.<br>Cette application a \u00e9t\u00e9 con\u00e7ue avec la m\u00eame philosophie que celle qui anime notre site depuis le premier jour :<br><strong>enseignent la v\u00e9rit\u00e9 sur le blackjack en utilisant de vraies math\u00e9matiques, pas des mythes.<\/strong><\/p>\n\n\n\n<p>Chaque r\u00e8gle, main et correction de l'application est bas\u00e9e sur une strat\u00e9gie solide et test\u00e9e - pas de raccourcis, pas de \u201csyst\u00e8mes\u201d et pas d'informations erron\u00e9es.<\/p>\n\n\n\n<p>Lorsque vous utilisez le BlackjackInfo Strategy Trainer, vous apprenez la m\u00eame strat\u00e9gie que celle utilis\u00e9e par les professionnels aux tables de jeu.<\/p>\n<\/div><\/div>","protected":false},"excerpt":{"rendered":"<p>After more than two decades of helping players master blackjack strategy, BlackjackInfo.com is proud to introduce our official Blackjack Basic Strategy Trainer App &#8211; the easiest way to practice and perfect your blackjack decisions on the go. Whether you\u2019re preparing for your next trip to the casino or sharpening your edge for online play, this [&hellip;]<\/p>\n","protected":false},"author":4,"featured_media":9242,"parent":0,"menu_order":0,"comment_status":"open","ping_status":"closed","template":"","meta":{"_acf_changed":false,"footnotes":""},"tags":[2293],"class_list":["post-9152","page","type-page","status-publish","has-post-thumbnail","hentry","tag-blackjack-tool"],"acf":[],"yoast_head":"<!-- This site is optimized with the Yoast SEO plugin v26.6 - https:\/\/yoast.com\/wordpress\/plugins\/seo\/ -->\n<title>Best Blackjack Basic Strategy App - BlackjackInfo<\/title>\n<meta name=\"description\" content=\"After more than two decades of helping players master blackjack strategy, BlackjackInfo.com is proud to introduce our official Blackjack Basic Strategy\" \/>\n<meta name=\"robots\" content=\"index, follow, max-snippet:-1, max-image-preview:large, max-video-preview:-1\" \/>\n<link rel=\"canonical\" href=\"https:\/\/www.blackjackinfo.com\/fr\/blackjack-basic-strategy-app\/\" \/>\n<meta property=\"og:locale\" content=\"fr_FR\" \/>\n<meta property=\"og:type\" content=\"article\" \/>\n<meta property=\"og:title\" content=\"Best Blackjack Basic Strategy App - BlackjackInfo\" \/>\n<meta property=\"og:description\" content=\"After more than two decades of helping players master blackjack strategy, BlackjackInfo.com is proud to introduce our official Blackjack Basic Strategy\" \/>\n<meta property=\"og:url\" content=\"https:\/\/www.blackjackinfo.com\/fr\/blackjack-basic-strategy-app\/\" \/>\n<meta property=\"og:site_name\" content=\"BlackjackInfo.com\" \/>\n<meta property=\"article:modified_time\" content=\"2025-10-30T15:35:05+00:00\" \/>\n<meta property=\"og:image\" content=\"https:\/\/www.blackjackinfo.com\/files\/BLACKJACK-STRATEGY-APP.png\" \/>\n\t<meta property=\"og:image:width\" content=\"1200\" \/>\n\t<meta property=\"og:image:height\" content=\"630\" \/>\n\t<meta property=\"og:image:type\" content=\"image\/png\" \/>\n<meta name=\"twitter:label1\" content=\"Dur\u00e9e de lecture estim\u00e9e\" \/>\n\t<meta name=\"twitter:data1\" content=\"3 minutes\" \/>\n<script type=\"application\/ld+json\" class=\"yoast-schema-graph\">{\"@context\":\"https:\/\/schema.org\",\"@graph\":[{\"@type\":\"WebPage\",\"@id\":\"https:\/\/www.blackjackinfo.com\/blackjack-basic-strategy-app\/\",\"url\":\"https:\/\/www.blackjackinfo.com\/blackjack-basic-strategy-app\/\",\"name\":\"Best Blackjack Basic Strategy App - BlackjackInfo\",\"isPartOf\":{\"@id\":\"https:\/\/www.blackjackinfo.com\/#website\"},\"primaryImageOfPage\":{\"@id\":\"https:\/\/www.blackjackinfo.com\/blackjack-basic-strategy-app\/#primaryimage\"},\"image\":{\"@id\":\"https:\/\/www.blackjackinfo.com\/blackjack-basic-strategy-app\/#primaryimage\"},\"thumbnailUrl\":\"https:\/\/www.blackjackinfo.com\/files\/BLACKJACK-STRATEGY-APP.png\",\"datePublished\":\"2025-10-28T09:27:34+00:00\",\"dateModified\":\"2025-10-30T15:35:05+00:00\",\"description\":\"After more than two decades of helping players master blackjack strategy, BlackjackInfo.com is proud to introduce our official Blackjack Basic Strategy\",\"breadcrumb\":{\"@id\":\"https:\/\/www.blackjackinfo.com\/blackjack-basic-strategy-app\/#breadcrumb\"},\"inLanguage\":\"fr-FR\",\"potentialAction\":[{\"@type\":\"ReadAction\",\"target\":[\"https:\/\/www.blackjackinfo.com\/blackjack-basic-strategy-app\/\"]}]},{\"@type\":\"ImageObject\",\"inLanguage\":\"fr-FR\",\"@id\":\"https:\/\/www.blackjackinfo.com\/blackjack-basic-strategy-app\/#primaryimage\",\"url\":\"https:\/\/www.blackjackinfo.com\/files\/BLACKJACK-STRATEGY-APP.png\",\"contentUrl\":\"https:\/\/www.blackjackinfo.com\/files\/BLACKJACK-STRATEGY-APP.png\",\"width\":1200,\"height\":630},{\"@type\":\"BreadcrumbList\",\"@id\":\"https:\/\/www.blackjackinfo.com\/blackjack-basic-strategy-app\/#breadcrumb\",\"itemListElement\":[{\"@type\":\"ListItem\",\"position\":1,\"name\":\"Home\",\"item\":\"https:\/\/www.blackjackinfo.com\/\"},{\"@type\":\"ListItem\",\"position\":2,\"name\":\"Blackjack Basic Strategy App\"}]},{\"@type\":\"WebSite\",\"@id\":\"https:\/\/www.blackjackinfo.com\/#website\",\"url\":\"https:\/\/www.blackjackinfo.com\/\",\"name\":\"BlackjackInfo.com\",\"description\":\"Because Winning is More Fun!\",\"potentialAction\":[{\"@type\":\"SearchAction\",\"target\":{\"@type\":\"EntryPoint\",\"urlTemplate\":\"https:\/\/www.blackjackinfo.com\/?s={search_term_string}\"},\"query-input\":{\"@type\":\"PropertyValueSpecification\",\"valueRequired\":true,\"valueName\":\"search_term_string\"}}],\"inLanguage\":\"fr-FR\"}]}<\/script>\n<!-- \/ Yoast SEO plugin. -->","yoast_head_json":{"title":"Meilleure application de strat\u00e9gie de base pour le Blackjack - BlackjackInfo","description":"Apr\u00e8s plus de deux d\u00e9cennies pass\u00e9es \u00e0 aider les joueurs \u00e0 ma\u00eetriser la strat\u00e9gie du blackjack, BlackjackInfo.com est fier de pr\u00e9senter sa strat\u00e9gie de base officielle pour le blackjack.","robots":{"index":"index","follow":"follow","max-snippet":"max-snippet:-1","max-image-preview":"max-image-preview:large","max-video-preview":"max-video-preview:-1"},"canonical":"https:\/\/www.blackjackinfo.com\/fr\/blackjack-basic-strategy-app\/","og_locale":"fr_FR","og_type":"article","og_title":"Best Blackjack Basic Strategy App - BlackjackInfo","og_description":"After more than two decades of helping players master blackjack strategy, BlackjackInfo.com is proud to introduce our official Blackjack Basic Strategy","og_url":"https:\/\/www.blackjackinfo.com\/fr\/blackjack-basic-strategy-app\/","og_site_name":"BlackjackInfo.com","article_modified_time":"2025-10-30T15:35:05+00:00","og_image":[{"width":1200,"height":630,"url":"https:\/\/www.blackjackinfo.com\/files\/BLACKJACK-STRATEGY-APP.png","type":"image\/png"}],"twitter_misc":{"Dur\u00e9e de lecture estim\u00e9e":"3 minutes"},"schema":{"@context":"https:\/\/schema.org","@graph":[{"@type":"WebPage","@id":"https:\/\/www.blackjackinfo.com\/blackjack-basic-strategy-app\/","url":"https:\/\/www.blackjackinfo.com\/blackjack-basic-strategy-app\/","name":"Meilleure application de strat\u00e9gie de base pour le Blackjack - BlackjackInfo","isPartOf":{"@id":"https:\/\/www.blackjackinfo.com\/#website"},"primaryImageOfPage":{"@id":"https:\/\/www.blackjackinfo.com\/blackjack-basic-strategy-app\/#primaryimage"},"image":{"@id":"https:\/\/www.blackjackinfo.com\/blackjack-basic-strategy-app\/#primaryimage"},"thumbnailUrl":"https:\/\/www.blackjackinfo.com\/files\/BLACKJACK-STRATEGY-APP.png","datePublished":"2025-10-28T09:27:34+00:00","dateModified":"2025-10-30T15:35:05+00:00","description":"Apr\u00e8s plus de deux d\u00e9cennies pass\u00e9es \u00e0 aider les joueurs \u00e0 ma\u00eetriser la strat\u00e9gie du blackjack, BlackjackInfo.com est fier de pr\u00e9senter sa strat\u00e9gie de base officielle pour le blackjack.","breadcrumb":{"@id":"https:\/\/www.blackjackinfo.com\/blackjack-basic-strategy-app\/#breadcrumb"},"inLanguage":"fr-FR","potentialAction":[{"@type":"ReadAction","target":["https:\/\/www.blackjackinfo.com\/blackjack-basic-strategy-app\/"]}]},{"@type":"ImageObject","inLanguage":"fr-FR","@id":"https:\/\/www.blackjackinfo.com\/blackjack-basic-strategy-app\/#primaryimage","url":"https:\/\/www.blackjackinfo.com\/files\/BLACKJACK-STRATEGY-APP.png","contentUrl":"https:\/\/www.blackjackinfo.com\/files\/BLACKJACK-STRATEGY-APP.png","width":1200,"height":630},{"@type":"BreadcrumbList","@id":"https:\/\/www.blackjackinfo.com\/blackjack-basic-strategy-app\/#breadcrumb","itemListElement":[{"@type":"ListItem","position":1,"name":"Home","item":"https:\/\/www.blackjackinfo.com\/"},{"@type":"ListItem","position":2,"name":"Blackjack Basic Strategy App"}]},{"@type":"WebSite","@id":"https:\/\/www.blackjackinfo.com\/#website","url":"https:\/\/www.blackjackinfo.com\/","name":"BlackjackInfo.com","description":"Parce que gagner, c'est plus amusant !","potentialAction":[{"@type":"SearchAction","target":{"@type":"EntryPoint","urlTemplate":"https:\/\/www.blackjackinfo.com\/?s={search_term_string}"},"query-input":{"@type":"PropertyValueSpecification","valueRequired":true,"valueName":"search_term_string"}}],"inLanguage":"fr-FR"}]}},"_links":{"self":[{"href":"https:\/\/www.blackjackinfo.com\/fr\/wp-json\/wp\/v2\/pages\/9152","targetHints":{"allow":["GET"]}}],"collection":[{"href":"https:\/\/www.blackjackinfo.com\/fr\/wp-json\/wp\/v2\/pages"}],"about":[{"href":"https:\/\/www.blackjackinfo.com\/fr\/wp-json\/wp\/v2\/types\/page"}],"author":[{"embeddable":true,"href":"https:\/\/www.blackjackinfo.com\/fr\/wp-json\/wp\/v2\/users\/4"}],"replies":[{"embeddable":true,"href":"https:\/\/www.blackjackinfo.com\/fr\/wp-json\/wp\/v2\/comments?post=9152"}],"version-history":[{"count":35,"href":"https:\/\/www.blackjackinfo.com\/fr\/wp-json\/wp\/v2\/pages\/9152\/revisions"}],"predecessor-version":[{"id":9198,"href":"https:\/\/www.blackjackinfo.com\/fr\/wp-json\/wp\/v2\/pages\/9152\/revisions\/9198"}],"wp:featuredmedia":[{"embeddable":true,"href":"https:\/\/www.blackjackinfo.com\/fr\/wp-json\/wp\/v2\/media\/9242"}],"wp:attachment":[{"href":"https:\/\/www.blackjackinfo.com\/fr\/wp-json\/wp\/v2\/media?parent=9152"}],"wp:term":[{"taxonomy":"post_tag","embeddable":true,"href":"https:\/\/www.blackjackinfo.com\/fr\/wp-json\/wp\/v2\/tags?post=9152"}],"curies":[{"name":"wp","href":"https:\/\/api.w.org\/{rel}","templated":true}]}}