{"id":928,"date":"2014-11-15T12:24:41","date_gmt":"2014-11-15T17:24:41","guid":{"rendered":"http:\/\/test.blackjackinfo.com\/?page_id=928"},"modified":"2023-01-04T22:43:52","modified_gmt":"2023-01-05T04:43:52","slug":"formateur-en-strategie-de-blackjack","status":"publish","type":"page","link":"https:\/\/www.blackjackinfo.com\/fr\/blackjack-strategy-trainer\/","title":{"rendered":"Entra\u00eeneur de strat\u00e9gie pour le blackjack en ligne"},"content":{"rendered":"<div class=\"text-center\">\n<hr \/>\n<h2 class=\"text-center\">Vous cherchez quelque chose de plus puissant ?<\/h2>\n<p>Si vous voulez vraiment r\u00e9ussir \u00e0 battre le blackjack, vous avez besoin d'un logiciel d'entra\u00eenement s\u00e9rieux. Lorsqu'il s'agit de logiciels d'entra\u00eenement au comptage des cartes, choisissez les logiciels recommand\u00e9s par les professionnels... <a href=\"\/goto\/casino-verite\/\" rel=\"nofollow\">Casino Verit\u00e9<\/a> est le nec plus ultra des outils d'entra\u00eenement au blackjack. Il fonctionne sous Microsoft Windows (de Windows XP jusqu'\u00e0 la derni\u00e8re version au moment de la r\u00e9daction de cet article, Windows 10).<\/p>\n<p class=\"text-center\">(Cliquez sur les images pour les agrandir).<\/p>\n<figure id=\"attachment_1550\" class=\"wp-caption aligncenter\"><a href=\"\/files\/PlayGame1.jpg\"><img loading=\"lazy\" decoding=\"async\" class=\"center size-medium wp-image-1550\" src=\"\/files\/PlayGame1-300x212.jpg\" sizes=\"auto, (max-width: 300px) 100vw, 300px\" srcset=\"\/files\/PlayGame1-300x212.jpg 300w, \/files\/PlayGame1-1024x724.jpg 1024w, \/files\/PlayGame1.jpg 1098w\" alt=\"Casino Verite Screenshot\" width=\"300\" height=\"212\" data-no-auto-translation=\"\" \/><\/a><figcaption class=\"wp-caption-text\">Capture d'\u00e9cran du Casino Verit\u00e9<\/figcaption><\/figure>\n<p>Le prix est de $90, mais il vaut chaque centime. Vous pouvez mettre en place pratiquement n'importe quel syst\u00e8me de comptage de cartes, avec vos propres \u00e9tiquettes, num\u00e9ros d'index et strat\u00e9gies. Vous pouvez vous entra\u00eener avec les r\u00e8gles, le syst\u00e8me et les conditions sp\u00e9cifiques que vous rencontrerez au casino.<\/p>\n<p>Ce logiciel a \u00e9volu\u00e9 au fil des ans en int\u00e9grant les commentaires de certains des meilleurs joueurs du monde. Si vous pouvez imaginer une option ou une variante de r\u00e8gle utile, elle est probablement pr\u00e9sente.<\/p>\n<p><a href=\"\/goto\/casino-verite\/\" rel=\"nofollow\">Casino Verit\u00e9<\/a> comprend \u00e0 peu pr\u00e8s toutes les options et tous les outils de formation possibles et imaginables. Pour vous faire une id\u00e9e de la rigueur et de l'exhaustivit\u00e9 du programme, voici les \u00e9crans des options de param\u00e9trage du niveau expert \"Maven\" :<\/p>\n<p><a href=\"\/files\/Settings1.jpg\"><img loading=\"lazy\" decoding=\"async\" class=\"img-medium size-medium wp-image-1552\" src=\"\/files\/Settings1-300x225.jpg\" sizes=\"auto, (max-width: 300px) 100vw, 300px\" srcset=\"\/files\/Settings1-300x225.jpg 300w, \/files\/Settings1.jpg 648w\" alt=\"Casino Verite Settings1\" width=\"300\" height=\"225\" data-no-auto-translation=\"\" \/><\/a><a href=\"\/files\/Settings2.jpg\"><img loading=\"lazy\" decoding=\"async\" class=\"img-medium size-medium wp-image-1553\" src=\"\/files\/Settings2-300x225.jpg\" sizes=\"auto, (max-width: 300px) 100vw, 300px\" srcset=\"\/files\/Settings2-300x225.jpg 300w, \/files\/Settings2.jpg 648w\" alt=\"Casino Verite Settings 2\" width=\"300\" height=\"225\" data-no-auto-translation=\"\" \/><\/a><a href=\"\/files\/Settings3.jpg\"><img loading=\"lazy\" decoding=\"async\" class=\"img-medium size-medium wp-image-1554\" src=\"\/files\/Settings3-300x225.jpg\" sizes=\"auto, (max-width: 300px) 100vw, 300px\" srcset=\"\/files\/Settings3-300x225.jpg 300w, \/files\/Settings3.jpg 648w\" alt=\"Casino Verite Settings3\" width=\"300\" height=\"225\" data-no-auto-translation=\"\" \/><\/a><a href=\"\/files\/Settings4.jpg\"><img loading=\"lazy\" decoding=\"async\" class=\"img-medium size-medium wp-image-1555\" src=\"\/files\/Settings4-300x225.jpg\" sizes=\"auto, (max-width: 300px) 100vw, 300px\" srcset=\"\/files\/Settings4-300x225.jpg 300w, \/files\/Settings4.jpg 648w\" alt=\"Casino Verite Settings4\" width=\"300\" height=\"225\" data-no-auto-translation=\"\" \/><\/a><a href=\"\/files\/Settings5.jpg\"><img loading=\"lazy\" decoding=\"async\" class=\"img-medium size-medium wp-image-1556\" src=\"\/files\/Settings5-300x225.jpg\" sizes=\"auto, (max-width: 300px) 100vw, 300px\" srcset=\"\/files\/Settings5-300x225.jpg 300w, \/files\/Settings5.jpg 648w\" alt=\"Casino Verite Settings5\" width=\"300\" height=\"225\" data-no-auto-translation=\"\" \/><\/a><a href=\"\/files\/Settings6.jpg\"><img loading=\"lazy\" decoding=\"async\" class=\"img-medium size-medium wp-image-1557\" src=\"\/files\/Settings6-300x225.jpg\" sizes=\"auto, (max-width: 300px) 100vw, 300px\" srcset=\"\/files\/Settings6-300x225.jpg 300w, \/files\/Settings6.jpg 648w\" alt=\"Casino Verite Settings6\" width=\"300\" height=\"225\" data-no-auto-translation=\"\" \/><\/a><a href=\"\/files\/Settings7.jpg\"><img loading=\"lazy\" decoding=\"async\" class=\"img-medium size-medium wp-image-1558\" src=\"\/files\/Settings7-300x225.jpg\" sizes=\"auto, (max-width: 300px) 100vw, 300px\" srcset=\"\/files\/Settings7-300x225.jpg 300w, \/files\/Settings7.jpg 648w\" alt=\"Casino Verite Settings7\" width=\"300\" height=\"225\" data-no-auto-translation=\"\" \/><\/a><a href=\"\/files\/Settings8.jpg\"><img loading=\"lazy\" decoding=\"async\" class=\"img-medium size-medium wp-image-1559\" src=\"\/files\/Settings8-300x225.jpg\" sizes=\"auto, (max-width: 300px) 100vw, 300px\" srcset=\"\/files\/Settings8-300x225.jpg 300w, \/files\/Settings8.jpg 648w\" alt=\"Casino Verite Settings8\" width=\"300\" height=\"225\" data-no-auto-translation=\"\" \/><\/a><a href=\"\/files\/Settings9.jpg\"><img loading=\"lazy\" decoding=\"async\" class=\"img-medium size-medium wp-image-1560\" src=\"\/files\/Settings9-300x225.jpg\" sizes=\"auto, (max-width: 300px) 100vw, 300px\" srcset=\"\/files\/Settings9-300x225.jpg 300w, \/files\/Settings9.jpg 648w\" alt=\"Casino Verite Settings9\" width=\"300\" height=\"225\" data-no-auto-translation=\"\" \/><\/a><a href=\"\/files\/Settings10.jpg\"><img loading=\"lazy\" decoding=\"async\" class=\"img-medium size-medium wp-image-1561\" src=\"\/files\/Settings10-300x225.jpg\" sizes=\"auto, (max-width: 300px) 100vw, 300px\" srcset=\"\/files\/Settings10-300x225.jpg 300w, \/files\/Settings10.jpg 648w\" alt=\"Casino Verite Settings10\" width=\"300\" height=\"225\" data-no-auto-translation=\"\" \/><\/a><\/p>\n<p><a href=\"\/goto\/casino-verite\/\" rel=\"nofollow\">Casino Verit\u00e9<\/a> comprend \u00e9galement une vaste s\u00e9lection d'exercices et de tests :<\/p>\n<p><a href=\"\/files\/TestingMenu.jpg\"><img loading=\"lazy\" decoding=\"async\" class=\"aligncenter size-medium wp-image-1562\" src=\"\/files\/TestingMenu-295x300.jpg\" sizes=\"auto, (max-width: 295px) 100vw, 295px\" srcset=\"\/files\/TestingMenu-295x300.jpg 295w, \/files\/TestingMenu.jpg 518w\" alt=\"Casino Verite Drills Menu\" width=\"295\" height=\"300\" data-no-auto-translation=\"\" \/><\/a><\/p>\n<p>Il s'agit tout simplement du logiciel d'entra\u00eenement au blackjack le plus complet et le plus exhaustif disponible sur le march\u00e9. <a href=\"\/goto\/casino-verite\/\" rel=\"nofollow\">Casino Verit\u00e9<\/a> est un logiciel d'entra\u00eenement de niveau professionnel, pour des r\u00e9sultats de niveau professionnel.<\/p>\n<p><a href=\"\/files\/PlayGame2.jpg\"><img loading=\"lazy\" decoding=\"async\" class=\"aligncenter size-medium wp-image-1551\" src=\"\/files\/PlayGame2-300x213.jpg\" sizes=\"auto, (max-width: 300px) 100vw, 300px\" srcset=\"\/files\/PlayGame2-300x213.jpg 300w, \/files\/PlayGame2-1024x726.jpg 1024w, \/files\/PlayGame2.jpg 1083w\" alt=\"Casino Verite Screenshot 2\" width=\"300\" height=\"213\" data-no-auto-translation=\"\" \/><\/a><\/p>\n<p>Obtenez votre exemplaire d\u00e8s maintenant : <a href=\"\/goto\/casino-verite\/\" rel=\"nofollow\">Logiciel d'entra\u00eenement au blackjack Casino Verit\u00e9<\/a><\/p>\n<hr \/>\n<\/div>","protected":false},"excerpt":{"rendered":"<p>Looking for something more powerful? If you really want to get serious about beating blackjack, you need serious training software. When it comes to card counting practice and training software, choose the software recommended by professionals\u2026 Casino Verit\u00e9 is the absolute ultimate in blackjack practice tools. It runs on Microsoft Windows (everything from Windows XP [&hellip;]<\/p>\n","protected":false},"author":2,"featured_media":0,"parent":0,"menu_order":0,"comment_status":"open","ping_status":"open","template":"page-strategy-trainer.php","meta":{"_acf_changed":false,"footnotes":""},"tags":[],"class_list":["post-928","page","type-page","status-publish","hentry"],"acf":[],"yoast_head":"<!-- This site is optimized with the Yoast SEO plugin v26.6 - https:\/\/yoast.com\/wordpress\/plugins\/seo\/ -->\n<title>Online Blackjack 2019 \u25b7 [Trainer Teaches You Optimal Strategy]<\/title>\n<meta name=\"description\" content=\"\u26a1The free Blackjack Strategy Trainer is an online blackjack game that teaches basic strategy while you play. Select the rules and get advice while you play.\" \/>\n<meta name=\"robots\" content=\"index, follow, max-snippet:-1, max-image-preview:large, max-video-preview:-1\" \/>\n<link rel=\"canonical\" href=\"https:\/\/www.blackjackinfo.com\/fr\/formateur-en-strategie-de-blackjack\/\" \/>\n<meta property=\"og:locale\" content=\"fr_FR\" \/>\n<meta property=\"og:type\" content=\"article\" \/>\n<meta property=\"og:title\" content=\"Online Blackjack 2019 \u25b7 [Trainer Teaches You Optimal Strategy]\" \/>\n<meta property=\"og:description\" content=\"\u26a1The free Blackjack Strategy Trainer is an online blackjack game that teaches basic strategy while you play. Select the rules and get advice while you play.\" \/>\n<meta property=\"og:url\" content=\"https:\/\/www.blackjackinfo.com\/fr\/formateur-en-strategie-de-blackjack\/\" \/>\n<meta property=\"og:site_name\" content=\"BlackjackInfo.com\" \/>\n<meta property=\"article:modified_time\" content=\"2023-01-05T04:43:52+00:00\" \/>\n<meta name=\"twitter:label1\" content=\"Dur\u00e9e de lecture estim\u00e9e\" \/>\n\t<meta name=\"twitter:data1\" content=\"1 minute\" \/>\n<script type=\"application\/ld+json\" class=\"yoast-schema-graph\">{\"@context\":\"https:\/\/schema.org\",\"@graph\":[{\"@type\":\"WebPage\",\"@id\":\"https:\/\/www.blackjackinfo.com\/blackjack-strategy-trainer\/\",\"url\":\"https:\/\/www.blackjackinfo.com\/blackjack-strategy-trainer\/\",\"name\":\"Online Blackjack 2019 \u25b7 [Trainer Teaches You Optimal Strategy]\",\"isPartOf\":{\"@id\":\"https:\/\/www.blackjackinfo.com\/#website\"},\"datePublished\":\"2014-11-15T17:24:41+00:00\",\"dateModified\":\"2023-01-05T04:43:52+00:00\",\"description\":\"\u26a1The free Blackjack Strategy Trainer is an online blackjack game that teaches basic strategy while you play. Select the rules and get advice while you play.\",\"breadcrumb\":{\"@id\":\"https:\/\/www.blackjackinfo.com\/blackjack-strategy-trainer\/#breadcrumb\"},\"inLanguage\":\"fr-FR\",\"potentialAction\":[{\"@type\":\"ReadAction\",\"target\":[\"https:\/\/www.blackjackinfo.com\/blackjack-strategy-trainer\/\"]}]},{\"@type\":\"BreadcrumbList\",\"@id\":\"https:\/\/www.blackjackinfo.com\/blackjack-strategy-trainer\/#breadcrumb\",\"itemListElement\":[{\"@type\":\"ListItem\",\"position\":1,\"name\":\"Home\",\"item\":\"https:\/\/www.blackjackinfo.com\/\"},{\"@type\":\"ListItem\",\"position\":2,\"name\":\"Online Blackjack Strategy Trainer\"}]},{\"@type\":\"WebSite\",\"@id\":\"https:\/\/www.blackjackinfo.com\/#website\",\"url\":\"https:\/\/www.blackjackinfo.com\/\",\"name\":\"BlackjackInfo.com\",\"description\":\"Because Winning is More Fun!\",\"potentialAction\":[{\"@type\":\"SearchAction\",\"target\":{\"@type\":\"EntryPoint\",\"urlTemplate\":\"https:\/\/www.blackjackinfo.com\/?s={search_term_string}\"},\"query-input\":{\"@type\":\"PropertyValueSpecification\",\"valueRequired\":true,\"valueName\":\"search_term_string\"}}],\"inLanguage\":\"fr-FR\"}]}<\/script>\n<!-- \/ Yoast SEO plugin. -->","yoast_head_json":{"title":"Online Blackjack 2019 \u25b7 [Trainer Teaches You Optimal Strategy]","description":"\u26a1Le Blackjack Strategy Trainer gratuit est un jeu de blackjack en ligne qui enseigne la strat\u00e9gie de base tout en jouant. S\u00e9lectionnez les r\u00e8gles et obtenez des conseils tout en jouant.","robots":{"index":"index","follow":"follow","max-snippet":"max-snippet:-1","max-image-preview":"max-image-preview:large","max-video-preview":"max-video-preview:-1"},"canonical":"https:\/\/www.blackjackinfo.com\/fr\/formateur-en-strategie-de-blackjack\/","og_locale":"fr_FR","og_type":"article","og_title":"Online Blackjack 2019 \u25b7 [Trainer Teaches You Optimal Strategy]","og_description":"\u26a1The free Blackjack Strategy Trainer is an online blackjack game that teaches basic strategy while you play. Select the rules and get advice while you play.","og_url":"https:\/\/www.blackjackinfo.com\/fr\/formateur-en-strategie-de-blackjack\/","og_site_name":"BlackjackInfo.com","article_modified_time":"2023-01-05T04:43:52+00:00","twitter_misc":{"Dur\u00e9e de lecture estim\u00e9e":"1 minute"},"schema":{"@context":"https:\/\/schema.org","@graph":[{"@type":"WebPage","@id":"https:\/\/www.blackjackinfo.com\/blackjack-strategy-trainer\/","url":"https:\/\/www.blackjackinfo.com\/blackjack-strategy-trainer\/","name":"Online Blackjack 2019 \u25b7 [Trainer Teaches You Optimal Strategy]","isPartOf":{"@id":"https:\/\/www.blackjackinfo.com\/#website"},"datePublished":"2014-11-15T17:24:41+00:00","dateModified":"2023-01-05T04:43:52+00:00","description":"\u26a1Le Blackjack Strategy Trainer gratuit est un jeu de blackjack en ligne qui enseigne la strat\u00e9gie de base tout en jouant. S\u00e9lectionnez les r\u00e8gles et obtenez des conseils tout en jouant.","breadcrumb":{"@id":"https:\/\/www.blackjackinfo.com\/blackjack-strategy-trainer\/#breadcrumb"},"inLanguage":"fr-FR","potentialAction":[{"@type":"ReadAction","target":["https:\/\/www.blackjackinfo.com\/blackjack-strategy-trainer\/"]}]},{"@type":"BreadcrumbList","@id":"https:\/\/www.blackjackinfo.com\/blackjack-strategy-trainer\/#breadcrumb","itemListElement":[{"@type":"ListItem","position":1,"name":"Home","item":"https:\/\/www.blackjackinfo.com\/"},{"@type":"ListItem","position":2,"name":"Online Blackjack Strategy Trainer"}]},{"@type":"WebSite","@id":"https:\/\/www.blackjackinfo.com\/#website","url":"https:\/\/www.blackjackinfo.com\/","name":"BlackjackInfo.com","description":"Parce que gagner, c'est plus amusant !","potentialAction":[{"@type":"SearchAction","target":{"@type":"EntryPoint","urlTemplate":"https:\/\/www.blackjackinfo.com\/?s={search_term_string}"},"query-input":{"@type":"PropertyValueSpecification","valueRequired":true,"valueName":"search_term_string"}}],"inLanguage":"fr-FR"}]}},"_links":{"self":[{"href":"https:\/\/www.blackjackinfo.com\/fr\/wp-json\/wp\/v2\/pages\/928","targetHints":{"allow":["GET"]}}],"collection":[{"href":"https:\/\/www.blackjackinfo.com\/fr\/wp-json\/wp\/v2\/pages"}],"about":[{"href":"https:\/\/www.blackjackinfo.com\/fr\/wp-json\/wp\/v2\/types\/page"}],"author":[{"embeddable":true,"href":"https:\/\/www.blackjackinfo.com\/fr\/wp-json\/wp\/v2\/users\/2"}],"replies":[{"embeddable":true,"href":"https:\/\/www.blackjackinfo.com\/fr\/wp-json\/wp\/v2\/comments?post=928"}],"version-history":[{"count":118,"href":"https:\/\/www.blackjackinfo.com\/fr\/wp-json\/wp\/v2\/pages\/928\/revisions"}],"predecessor-version":[{"id":5745,"href":"https:\/\/www.blackjackinfo.com\/fr\/wp-json\/wp\/v2\/pages\/928\/revisions\/5745"}],"wp:attachment":[{"href":"https:\/\/www.blackjackinfo.com\/fr\/wp-json\/wp\/v2\/media?parent=928"}],"wp:term":[{"taxonomy":"post_tag","embeddable":true,"href":"https:\/\/www.blackjackinfo.com\/fr\/wp-json\/wp\/v2\/tags?post=928"}],"curies":[{"name":"wp","href":"https:\/\/api.w.org\/{rel}","templated":true}]}}