{"id":937,"date":"2014-11-15T14:18:05","date_gmt":"2014-11-15T20:18:05","guid":{"rendered":"http:\/\/test.blackjackinfo.com\/?page_id=937"},"modified":"2020-02-18T18:26:00","modified_gmt":"2020-02-19T00:26:00","slug":"comptage-des-cartes","status":"publish","type":"page","link":"https:\/\/www.blackjackinfo.com\/fr\/card-counting\/","title":{"rendered":"Comptage des cartes"},"content":{"rendered":"<p><img loading=\"lazy\" decoding=\"async\" class=\"alignright size-medium wp-image-940\" src=\"\/files\/Blackjack-300x205.jpg\" alt=\"Blackjack\" width=\"300\" height=\"205\" srcset=\"https:\/\/www.blackjackinfo.com\/files\/Blackjack-300x205.jpg 300w, https:\/\/www.blackjackinfo.com\/files\/Blackjack.jpg 1000w\" sizes=\"auto, (max-width: 300px) 100vw, 300px\" data-no-auto-translation=\"\" \/><\/p>\n<p class=\"intro\">Le Blackjack pr\u00e9sente une diff\u00e9rence importante par rapport \u00e0 la plupart des autres jeux de casino.<\/p>\n<p style=\"text-align: center;\">Il est <strong>battable<\/strong>.<\/p>\n<p>\u00c9tant donn\u00e9 que plusieurs mains du jeu sont distribu\u00e9es aux joueurs entre les m\u00e9langes, un joueur intelligent peut utiliser des informations sur les cartes qui ont d\u00e9j\u00e0 \u00e9t\u00e9 distribu\u00e9es pour pr\u00e9dire quelque chose sur les cartes \u00e0 venir.<\/p>\n<p>Contrairement \u00e0 des jeux comme la roulette ou le craps, o\u00f9 les tours ou les rouleaux pr\u00e9c\u00e9dents n'ont aucun impact sur les d\u00e9cisions futures, chaque main au blackjack \u00e9puise le jeu de cartes restant qui a \u00e9t\u00e9 utilis\u00e9. C'est de ce simple fait qu'est n\u00e9e l'id\u00e9e du comptage des cartes, une m\u00e9thode de jeu l\u00e9gale qui peut fournir au joueur un r\u00e9el avantage math\u00e9matique sur le casino.<\/p>\n<p>Si les cartes restantes \u00e0 distribuer ont une proportion de dix et d'as sup\u00e9rieure \u00e0 la normale par rapport aux petites cartes, l'avantage du joueur est accru. Ainsi, le comptage des cartes est simplement une m\u00e9thode permettant de d\u00e9terminer quand le jeu de cartes restant est favorable au joueur. Lorsque le jeu est \"riche\" en dizaines et en as, le compteur de cartes place des mises plus importantes. Lorsque le jeu comporte davantage de petites cartes, telles que des deux \u00e0 six, le compteur de cartes mise le moins possible ou quitte la table.<\/p>\n<p>Gr\u00e2ce aux articles et aux discussions ci-dessous, vous d\u00e9couvrirez que le comptage des cartes n'est pas r\u00e9serv\u00e9 aux g\u00e9nies des math\u00e9matiques, malgr\u00e9 les repr\u00e9sentations trompeuses qu'en donnent les m\u00e9dias, comme les films <i>Rain Man<\/i> ou <i>\u201c21\u201d<\/i>. Au contraire, la plupart des joueurs qui sont pr\u00eats \u00e0 consacrer un peu de temps et d'efforts peuvent apprendre \u00e0 vaincre le jeu de blackjack.<br \/>\n<div class=\"row\" style=\"margin-bottom:20px\">\n    <div class=\"col-sm-12\">\n                <h2>Les meilleurs casinos en ligne des Etats-Unis <span\n                class=\"flag-icon flag-icon-us\"><\/span><\/h2>\n\n        \n                \n        <div class=\"ranking-table text-center\">\n            <div class=\"row flex ad-row\">\n                <div class=\"col-sm-3\">\n                    <div class=\"row flex\">\n\n                        <div class=\"col-sm-3\">\n                            <div class=\"ranking-number text-center\">\n\n                                1                                \n                            <\/div>\n                        <\/div>\n                        <div class=\"col-sm-9\">\n                            <img decoding=\"async\" src=\"https:\/\/www.blackjackinfo.com\/files\/bovada.png\" data-no-auto-translation=\"\">\n                        <\/div>\n                    <\/div>\n                <\/div>\n                <div class=\"col-sm-4\">\n                    <div class=\"bonus-text text-center\"><span class=\"red\">100% jusqu'\u00e0 $1 000<\/span><\/div>\n\t\t\t\t\t\n\n                <\/div>\n                <div class=\"col-sm-2\">\n                    <a class=\"btn btn-wire\" href=\"\/fr\/casino\/bovada\/\">R\u00e9vision<\/a>\n\n                <\/div>\n                <div class=\"col-sm-3\">\n                    <a rel=\"nofollow\" target=\"_blank\" class=\"btn btn-blue\" href=\"\/goto\/goto\/\">Jouer\n                        Maintenant<\/a>\n\t\t\t\t\t\t\n\n                <\/div>\n            <\/div>\n        <\/div>\n\n\n\n        \n                \n        <div class=\"ranking-table text-center\">\n            <div class=\"row flex ad-row\">\n                <div class=\"col-sm-3\">\n                    <div class=\"row flex\">\n\n                        <div class=\"col-sm-3\">\n                            <div class=\"ranking-number text-center\">\n\n                                2                                \n                            <\/div>\n                        <\/div>\n                        <div class=\"col-sm-9\">\n                            <img decoding=\"async\" src=\"https:\/\/www.blackjackinfo.com\/files\/ignition-casino-logo.png\" data-no-auto-translation=\"\">\n                        <\/div>\n                    <\/div>\n                <\/div>\n                <div class=\"col-sm-4\">\n                    <div class=\"bonus-text text-center\"><span class=\"red\">100% jusqu'\u00e0 $1 000<\/span><\/div>\n\t\t\t\t\t\n\n                <\/div>\n                <div class=\"col-sm-2\">\n                    <a class=\"btn btn-wire\" href=\"\/fr\/casino\/ignition-casino\/\">R\u00e9vision<\/a>\n\n                <\/div>\n                <div class=\"col-sm-3\">\n                    <a rel=\"nofollow\" target=\"_blank\" class=\"btn btn-blue\" href=\"\/goto\/goto\/\">Jouer\n                        Maintenant<\/a>\n\t\t\t\t\t\t\n\n                <\/div>\n            <\/div>\n        <\/div>\n\n\n\n        \n                \n        <div class=\"ranking-table text-center\">\n            <div class=\"row flex ad-row\">\n                <div class=\"col-sm-3\">\n                    <div class=\"row flex\">\n\n                        <div class=\"col-sm-3\">\n                            <div class=\"ranking-number text-center\">\n\n                                3                                \n                            <\/div>\n                        <\/div>\n                        <div class=\"col-sm-9\">\n                            <img decoding=\"async\" src=\"https:\/\/www.blackjackinfo.com\/files\/VipSlots-500x250_dark.svg\" data-no-auto-translation=\"\">\n                        <\/div>\n                    <\/div>\n                <\/div>\n                <div class=\"col-sm-4\">\n                    <div class=\"bonus-text text-center\"><span class=\"red\">100 SPINS GRATUITS sur Secret Life of Cats<\/span><\/div>\n\t\t\t\t\t\n\n                <\/div>\n                <div class=\"col-sm-2\">\n                    <a class=\"btn btn-wire\" href=\"\/fr\/casino\/vipslots-casino\/\">R\u00e9vision<\/a>\n\n                <\/div>\n                <div class=\"col-sm-3\">\n                    <a rel=\"nofollow\" target=\"_blank\" class=\"btn btn-blue\" href=\"\/goto\/goto\/\">Jouer\n                        Maintenant<\/a>\n\t\t\t\t\t\t\n\n                <\/div>\n            <\/div>\n        <\/div>\n\n\n\n        \n                \n        <div class=\"ranking-table text-center\">\n            <div class=\"row flex ad-row\">\n                <div class=\"col-sm-3\">\n                    <div class=\"row flex\">\n\n                        <div class=\"col-sm-3\">\n                            <div class=\"ranking-number text-center\">\n\n                                4                                \n                            <\/div>\n                        <\/div>\n                        <div class=\"col-sm-9\">\n                            <img decoding=\"async\" src=\"https:\/\/www.blackjackinfo.com\/files\/vegas_casino_online.png\" data-no-auto-translation=\"\">\n                        <\/div>\n                    <\/div>\n                <\/div>\n                <div class=\"col-sm-4\">\n                    <div class=\"bonus-text text-center\"><span class=\"red\">300% jusqu'\u00e0 $3,000<\/span><\/div>\n\t\t\t\t\t\n\n                <\/div>\n                <div class=\"col-sm-2\">\n                    <a class=\"btn btn-wire\" href=\"\/fr\/casino\/vegas-casino-online-2\/\">R\u00e9vision<\/a>\n\n                <\/div>\n                <div class=\"col-sm-3\">\n                    <a rel=\"nofollow\" target=\"_blank\" class=\"btn btn-blue\" href=\"\/goto\/goto\/\">Jouer\n                        Maintenant<\/a>\n\t\t\t\t\t\t\n\n                <\/div>\n            <\/div>\n        <\/div>\n\n\n\n        \n                \n        <div class=\"ranking-table text-center\">\n            <div class=\"row flex ad-row\">\n                <div class=\"col-sm-3\">\n                    <div class=\"row flex\">\n\n                        <div class=\"col-sm-3\">\n                            <div class=\"ranking-number text-center\">\n\n                                5                                \n                            <\/div>\n                        <\/div>\n                        <div class=\"col-sm-9\">\n                            <img decoding=\"async\" src=\"https:\/\/www.blackjackinfo.com\/files\/cafe-casino-logo.svg\" data-no-auto-translation=\"\">\n                        <\/div>\n                    <\/div>\n                <\/div>\n                <div class=\"col-sm-4\">\n                    <div class=\"bonus-text text-center\"><span class=\"red\">250% jusqu'\u00e0 $1,500<\/span><\/div>\n\t\t\t\t\t\n\n                <\/div>\n                <div class=\"col-sm-2\">\n                    <a class=\"btn btn-wire\" href=\"\/fr\/casino\/cafe-casino\/\">R\u00e9vision<\/a>\n\n                <\/div>\n                <div class=\"col-sm-3\">\n                    <a rel=\"nofollow\" target=\"_blank\" class=\"btn btn-blue\" href=\"\/goto\/goto\/\">Jouer\n                        Maintenant<\/a>\n\t\t\t\t\t\t\n\n                <\/div>\n            <\/div>\n        <\/div>\n\n\n\n            <\/div>\n<\/div><\/p>\n<h2 style=\"text-align: center;\">Articles sur le comptage des cartes<\/h2>\n<ul>\n<li>\n<p>\n<a href=\"\/knowledge-base\/blackjack-card-counting\/an-introduction-to-card-counting\/\">Introduction au comptage des cartes<\/a>: Une introduction rapide et utile par ICountNTrack, l'un des mod\u00e9rateurs de notre forum.\n<\/p>\n<\/li>\n<li>\n<p>\n<a href=\"\/knowledge-base\/blackjack-card-counting\/frequently-asked-questions\/\">Questions fr\u00e9quemment pos\u00e9es<\/a>: Une s\u00e9lection de questions courantes pos\u00e9es par des joueurs qui d\u00e9couvrent le blackjack et le comptage.\n<\/p>\n<\/li>\n<li>\n<a href=\"\/worlds-greatest-job\/\">Le plus beau m\u00e9tier du monde<\/a>: Life as a full-time blackjack pro, par Kevin Blackwood.<\/p>\n<blockquote><p>Kevin a gagn\u00e9 plus d'un million de dollars dans les casinos en tant que compteur de cartes et est l'auteur de plusieurs livres, notamment <a href=\"http:\/\/www.amazon.com\/dp\/0060731125\/?tag=theblackjacbasic\">Jouer au Blackjack comme les pros<\/a> et <a href=\"http:\/\/www.amazon.com\/dp\/047175286X\/?tag=theblackjacbasic\">Les jeux de casino pour les nuls<\/a>.<\/p><\/blockquote>\n<\/li>\n<li>\n<a href=\"\/blackjack-school\/\">L'\u00e9cole de blackjack du ma\u00eetre de jeu<\/a>: Un cours gratuit de 24 le\u00e7ons sur le blackjack et le comptage de cartes.<\/p>\n<blockquote><p>Bill Channels, alias \"The GameMaster\", a initialement d\u00e9velopp\u00e9 cette s\u00e9rie de le\u00e7ons sur le blackjack pour les utiliser dans le cadre de ses cours particuliers sur le jeu. Avec sa permission, son mat\u00e9riel de cours est maintenant disponible gratuitement dans notre version en ligne.<\/p><\/blockquote>\n<\/li>\n<\/ul>\n<h2 style=\"text-align: center;\">Ressources pour compter les cartes<\/h2>\n<ul>\n<li>\n<p>\n<a href=\"\/knowledge-base\/blackjack-card-counting\/free-counting-resources-on-web\/\">Ressources gratuites sur le Web en mati\u00e8re de comptage<\/a>: Une liste utile de nombreux sites et ressources pour les compteurs de cartes.\n<\/p>\n<\/li>\n<li>\n<p>\n<a href=\"\/card-counting-efficiency-calculator\/\">Calculateur d'efficacit\u00e9 des syst\u00e8mes de comptage de cartes<\/a>: D\u00e9terminer l'efficacit\u00e9 de jeu (PE), la corr\u00e9lation de mise (BC) et la corr\u00e9lation d'assurance (IC) pour n'importe quel syst\u00e8me de comptage de cartes.\n<\/p>\n<\/li>\n<\/ul>","protected":false},"excerpt":{"rendered":"<p>Blackjack has one important difference when compared to most other games in the casino. It is beatable. Since multiple hands of the game are dealt to players between shuffles, a smart player can use information about the cards that have already been dealt to predict something about the cards to come. Unlike games like roulette [&hellip;]<\/p>\n","protected":false},"author":2,"featured_media":0,"parent":0,"menu_order":0,"comment_status":"open","ping_status":"closed","template":"","meta":{"_acf_changed":false,"footnotes":""},"tags":[],"class_list":["post-937","page","type-page","status-publish","hentry"],"acf":[],"yoast_head":"<!-- This site is optimized with the Yoast SEO plugin v26.6 - https:\/\/yoast.com\/wordpress\/plugins\/seo\/ -->\n<title>Card Counting<\/title>\n<meta name=\"description\" content=\"Blackjack is a beatable game. Learn how to count cards and turn the tables on the casino, with a solid mathematical edge over the house.\" \/>\n<meta name=\"robots\" content=\"index, follow, max-snippet:-1, max-image-preview:large, max-video-preview:-1\" \/>\n<link rel=\"canonical\" href=\"https:\/\/www.blackjackinfo.com\/fr\/comptage-des-cartes\/\" \/>\n<meta property=\"og:locale\" content=\"fr_FR\" \/>\n<meta property=\"og:type\" content=\"article\" \/>\n<meta property=\"og:title\" content=\"Card Counting\" \/>\n<meta property=\"og:description\" content=\"Blackjack is a beatable game. Learn how to count cards and turn the tables on the casino, with a solid mathematical edge over the house.\" \/>\n<meta property=\"og:url\" content=\"https:\/\/www.blackjackinfo.com\/fr\/comptage-des-cartes\/\" \/>\n<meta property=\"og:site_name\" content=\"BlackjackInfo.com\" \/>\n<meta property=\"article:modified_time\" content=\"2020-02-19T00:26:00+00:00\" \/>\n<meta name=\"twitter:label1\" content=\"Dur\u00e9e de lecture estim\u00e9e\" \/>\n\t<meta name=\"twitter:data1\" content=\"2 minutes\" \/>\n<script type=\"application\/ld+json\" class=\"yoast-schema-graph\">{\"@context\":\"https:\/\/schema.org\",\"@graph\":[{\"@type\":\"WebPage\",\"@id\":\"https:\/\/www.blackjackinfo.com\/card-counting\/\",\"url\":\"https:\/\/www.blackjackinfo.com\/card-counting\/\",\"name\":\"Card Counting\",\"isPartOf\":{\"@id\":\"https:\/\/www.blackjackinfo.com\/#website\"},\"datePublished\":\"2014-11-15T20:18:05+00:00\",\"dateModified\":\"2020-02-19T00:26:00+00:00\",\"description\":\"Blackjack is a beatable game. Learn how to count cards and turn the tables on the casino, with a solid mathematical edge over the house.\",\"breadcrumb\":{\"@id\":\"https:\/\/www.blackjackinfo.com\/card-counting\/#breadcrumb\"},\"inLanguage\":\"fr-FR\",\"potentialAction\":[{\"@type\":\"ReadAction\",\"target\":[\"https:\/\/www.blackjackinfo.com\/card-counting\/\"]}]},{\"@type\":\"BreadcrumbList\",\"@id\":\"https:\/\/www.blackjackinfo.com\/card-counting\/#breadcrumb\",\"itemListElement\":[{\"@type\":\"ListItem\",\"position\":1,\"name\":\"Home\",\"item\":\"https:\/\/www.blackjackinfo.com\/\"},{\"@type\":\"ListItem\",\"position\":2,\"name\":\"Card Counting\"}]},{\"@type\":\"WebSite\",\"@id\":\"https:\/\/www.blackjackinfo.com\/#website\",\"url\":\"https:\/\/www.blackjackinfo.com\/\",\"name\":\"BlackjackInfo.com\",\"description\":\"Because Winning is More Fun!\",\"potentialAction\":[{\"@type\":\"SearchAction\",\"target\":{\"@type\":\"EntryPoint\",\"urlTemplate\":\"https:\/\/www.blackjackinfo.com\/?s={search_term_string}\"},\"query-input\":{\"@type\":\"PropertyValueSpecification\",\"valueRequired\":true,\"valueName\":\"search_term_string\"}}],\"inLanguage\":\"fr-FR\"}]}<\/script>\n<!-- \/ Yoast SEO plugin. -->","yoast_head_json":{"title":"Comptage des cartes","description":"Le blackjack est un jeu que l'on peut battre. Apprenez \u00e0 compter les cartes et \u00e0 faire tourner les tables du casino, avec un solide avantage math\u00e9matique sur la maison.","robots":{"index":"index","follow":"follow","max-snippet":"max-snippet:-1","max-image-preview":"max-image-preview:large","max-video-preview":"max-video-preview:-1"},"canonical":"https:\/\/www.blackjackinfo.com\/fr\/comptage-des-cartes\/","og_locale":"fr_FR","og_type":"article","og_title":"Card Counting","og_description":"Blackjack is a beatable game. Learn how to count cards and turn the tables on the casino, with a solid mathematical edge over the house.","og_url":"https:\/\/www.blackjackinfo.com\/fr\/comptage-des-cartes\/","og_site_name":"BlackjackInfo.com","article_modified_time":"2020-02-19T00:26:00+00:00","twitter_misc":{"Dur\u00e9e de lecture estim\u00e9e":"2 minutes"},"schema":{"@context":"https:\/\/schema.org","@graph":[{"@type":"WebPage","@id":"https:\/\/www.blackjackinfo.com\/card-counting\/","url":"https:\/\/www.blackjackinfo.com\/card-counting\/","name":"Comptage des cartes","isPartOf":{"@id":"https:\/\/www.blackjackinfo.com\/#website"},"datePublished":"2014-11-15T20:18:05+00:00","dateModified":"2020-02-19T00:26:00+00:00","description":"Le blackjack est un jeu que l'on peut battre. Apprenez \u00e0 compter les cartes et \u00e0 faire tourner les tables du casino, avec un solide avantage math\u00e9matique sur la maison.","breadcrumb":{"@id":"https:\/\/www.blackjackinfo.com\/card-counting\/#breadcrumb"},"inLanguage":"fr-FR","potentialAction":[{"@type":"ReadAction","target":["https:\/\/www.blackjackinfo.com\/card-counting\/"]}]},{"@type":"BreadcrumbList","@id":"https:\/\/www.blackjackinfo.com\/card-counting\/#breadcrumb","itemListElement":[{"@type":"ListItem","position":1,"name":"Home","item":"https:\/\/www.blackjackinfo.com\/"},{"@type":"ListItem","position":2,"name":"Card Counting"}]},{"@type":"WebSite","@id":"https:\/\/www.blackjackinfo.com\/#website","url":"https:\/\/www.blackjackinfo.com\/","name":"BlackjackInfo.com","description":"Parce que gagner, c'est plus amusant !","potentialAction":[{"@type":"SearchAction","target":{"@type":"EntryPoint","urlTemplate":"https:\/\/www.blackjackinfo.com\/?s={search_term_string}"},"query-input":{"@type":"PropertyValueSpecification","valueRequired":true,"valueName":"search_term_string"}}],"inLanguage":"fr-FR"}]}},"_links":{"self":[{"href":"https:\/\/www.blackjackinfo.com\/fr\/wp-json\/wp\/v2\/pages\/937","targetHints":{"allow":["GET"]}}],"collection":[{"href":"https:\/\/www.blackjackinfo.com\/fr\/wp-json\/wp\/v2\/pages"}],"about":[{"href":"https:\/\/www.blackjackinfo.com\/fr\/wp-json\/wp\/v2\/types\/page"}],"author":[{"embeddable":true,"href":"https:\/\/www.blackjackinfo.com\/fr\/wp-json\/wp\/v2\/users\/2"}],"replies":[{"embeddable":true,"href":"https:\/\/www.blackjackinfo.com\/fr\/wp-json\/wp\/v2\/comments?post=937"}],"version-history":[{"count":24,"href":"https:\/\/www.blackjackinfo.com\/fr\/wp-json\/wp\/v2\/pages\/937\/revisions"}],"predecessor-version":[{"id":5475,"href":"https:\/\/www.blackjackinfo.com\/fr\/wp-json\/wp\/v2\/pages\/937\/revisions\/5475"}],"wp:attachment":[{"href":"https:\/\/www.blackjackinfo.com\/fr\/wp-json\/wp\/v2\/media?parent=937"}],"wp:term":[{"taxonomy":"post_tag","embeddable":true,"href":"https:\/\/www.blackjackinfo.com\/fr\/wp-json\/wp\/v2\/tags?post=937"}],"curies":[{"name":"wp","href":"https:\/\/api.w.org\/{rel}","templated":true}]}}