{"id":1043,"date":"2014-11-27T18:07:42","date_gmt":"2014-11-28T00:07:42","guid":{"rendered":"http:\/\/test.blackjackinfo.com\/?page_id=1043"},"modified":"2021-01-08T23:37:26","modified_gmt":"2021-01-09T05:37:26","slug":"analizzatore-combinatorio-gratuito-del-blackjack","status":"publish","type":"page","link":"https:\/\/www.blackjackinfo.com\/it\/free-blackjack-combinatorial-analyzer\/","title":{"rendered":"Analizzatore combinatorio di blackjack gratuito"},"content":{"rendered":"<p><strong>Aggiornamento<\/strong>Il codice di questo software \u00e8 ora open-sourced e pu\u00f2 essere trovato in <a href=\"https:\/\/github.com\/Neurobaby\/MGPs-BJ-CA\">qui<\/a><\/p>\n<p>MGP, membro della comunit\u00e0 di BlackjackInfo, ha gentilmente rilasciato il suo software di analisi combinatoria del blackjack per Windows come freeware.<\/p>\n<p>Scaricate il file zip qui: <a href=\"\/files\/MGP_BJCA_Setup.zip\">MGP_BJCA_Setup.zip<\/a> (7,6 MB).<\/p>\n<p>Il <a href=\"\/files\/MGP_BJCA_LICENSE.txt\">licenza software<\/a> concede l'uso gratuito per uso privato e non commerciale.<\/p>\n<p>Decomprimere il file scaricato ed eseguire il file Setup.exe incluso. Il software richiede Microsoft Windows XP o versioni successive.<\/p>\n<p>Richiede anche la versione 1.1 del framework .Net. Quasi certamente si tratta di una versione di .Net pi\u00f9 vecchia di quella che gi\u00e0 si possiede, quindi \u00e8 necessario installare anche quel pacchetto.<\/p>\n<p>La versione 1.1 \u00e8 disponibile su Microsoft.com: <a href=\"http:\/\/www.microsoft.com\/download\/en\/details.aspx?id=26\">Pacchetto .Net Framework v1.1 ridistribuibile<\/a> (23 MB).<\/p>\n<p>Grazie MGP per un programma eccezionale!<\/p>\n<p>Schermate (cliccare per ingrandire):<br \/>\n<a href=\"\/files\/BJCA_MainScreen.gif\"><img loading=\"lazy\" decoding=\"async\" class=\"aligncenter size-medium wp-image-1045\" src=\"\/files\/BJCA_MainScreen-300x250.gif\" alt=\"BJCA Main Screen\" width=\"300\" height=\"250\" data-no-auto-translation=\"\" \/><\/a><\/p>\n<p><a href=\"\/files\/BJCA_Results.gif\"><img loading=\"lazy\" decoding=\"async\" class=\"aligncenter size-medium wp-image-1047\" src=\"\/files\/BJCA_Results-300x248.gif\" alt=\"BJCA Results\" width=\"300\" height=\"248\" data-no-auto-translation=\"\" \/><\/a><\/p>\n<p><a href=\"\/files\/BJCA_Strategy.gif\"><img loading=\"lazy\" decoding=\"async\" class=\"aligncenter size-medium wp-image-1048\" src=\"\/files\/BJCA_Strategy-300x248.gif\" alt=\"BJCA Strategy\" width=\"300\" height=\"248\" data-no-auto-translation=\"\" \/><\/a><\/p>\n<h2 style=\"text-align: center;\">Che cos'\u00e8 l'analisi combinatoria?<\/h2>\n<p>L'analisi combinatoria \u00e8 un metodo algoritmico per determinare il numero di modi diversi di disporre le cose. Applicato al gioco del blackjack, si tratta di un processo in quattro fasi:<\/p>\n<ul>\n<li>Esaminare ogni possibile mano che potrebbe essere distribuita.<\/li>\n<li>Valutare l'esito di ogni possibile scelta strategica in ogni punto di decisione.<\/li>\n<li>Ponderare questi risultati in base alla probabilit\u00e0 di accadimento appropriata.<\/li>\n<li>Infine, sommare tutti questi risultati per ottenere un rendimento atteso per il gioco.<\/li>\n<\/ul>\n<p>Si tratta di un processo completamente deterministico. Non si tratta di una simulazione o di una selezione casuale Monte Carlo. Si tratta invece di un esame a forza bruta di ogni possibile ordine di carte dal mazzo mescolato.<\/p>","protected":false},"excerpt":{"rendered":"<p>Update:The code for this software is now open-sourced and can be found here BlackjackInfo community member MGP has kindly released his blackjack combinatorial analyzer software for Windows as freeware. Download the zip file here: MGP_BJCA_Setup.zip (7.6 MB). The software license grants free usage for private, non-commercial use. Unzip the downloaded file and run the included [&hellip;]<\/p>\n","protected":false},"author":2,"featured_media":0,"parent":0,"menu_order":0,"comment_status":"open","ping_status":"closed","template":"","meta":{"_acf_changed":false,"footnotes":""},"tags":[],"class_list":["post-1043","page","type-page","status-publish","hentry"],"acf":[],"yoast_head":"<!-- This site is optimized with the Yoast SEO plugin v26.6 - https:\/\/yoast.com\/wordpress\/plugins\/seo\/ -->\n<title>Free Blackjack Combinatorial Analyzer<\/title>\n<meta name=\"description\" content=\"This amazingly useful software for analyzing any blackjack game is offered as freeware for Microsoft Windows, thanks to our generous community member MGP.\" \/>\n<meta name=\"robots\" content=\"index, follow, max-snippet:-1, max-image-preview:large, max-video-preview:-1\" \/>\n<link rel=\"canonical\" href=\"https:\/\/www.blackjackinfo.com\/it\/analizzatore-combinatorio-gratuito-del-blackjack\/\" \/>\n<meta property=\"og:locale\" content=\"it_IT\" \/>\n<meta property=\"og:type\" content=\"article\" \/>\n<meta property=\"og:title\" content=\"Free Blackjack Combinatorial Analyzer\" \/>\n<meta property=\"og:description\" content=\"This amazingly useful software for analyzing any blackjack game is offered as freeware for Microsoft Windows, thanks to our generous community member MGP.\" \/>\n<meta property=\"og:url\" content=\"https:\/\/www.blackjackinfo.com\/it\/analizzatore-combinatorio-gratuito-del-blackjack\/\" \/>\n<meta property=\"og:site_name\" content=\"BlackjackInfo.com\" \/>\n<meta property=\"article:modified_time\" content=\"2021-01-09T05:37:26+00:00\" \/>\n<meta name=\"twitter:label1\" content=\"Tempo di lettura stimato\" \/>\n\t<meta name=\"twitter:data1\" content=\"1 minuto\" \/>\n<script type=\"application\/ld+json\" class=\"yoast-schema-graph\">{\"@context\":\"https:\/\/schema.org\",\"@graph\":[{\"@type\":\"WebPage\",\"@id\":\"https:\/\/www.blackjackinfo.com\/free-blackjack-combinatorial-analyzer\/\",\"url\":\"https:\/\/www.blackjackinfo.com\/free-blackjack-combinatorial-analyzer\/\",\"name\":\"Free Blackjack Combinatorial Analyzer\",\"isPartOf\":{\"@id\":\"https:\/\/www.blackjackinfo.com\/#website\"},\"datePublished\":\"2014-11-28T00:07:42+00:00\",\"dateModified\":\"2021-01-09T05:37:26+00:00\",\"description\":\"This amazingly useful software for analyzing any blackjack game is offered as freeware for Microsoft Windows, thanks to our generous community member MGP.\",\"breadcrumb\":{\"@id\":\"https:\/\/www.blackjackinfo.com\/free-blackjack-combinatorial-analyzer\/#breadcrumb\"},\"inLanguage\":\"it-IT\",\"potentialAction\":[{\"@type\":\"ReadAction\",\"target\":[\"https:\/\/www.blackjackinfo.com\/free-blackjack-combinatorial-analyzer\/\"]}]},{\"@type\":\"BreadcrumbList\",\"@id\":\"https:\/\/www.blackjackinfo.com\/free-blackjack-combinatorial-analyzer\/#breadcrumb\",\"itemListElement\":[{\"@type\":\"ListItem\",\"position\":1,\"name\":\"Home\",\"item\":\"https:\/\/www.blackjackinfo.com\/\"},{\"@type\":\"ListItem\",\"position\":2,\"name\":\"Free Blackjack Combinatorial Analyzer\"}]},{\"@type\":\"WebSite\",\"@id\":\"https:\/\/www.blackjackinfo.com\/#website\",\"url\":\"https:\/\/www.blackjackinfo.com\/\",\"name\":\"BlackjackInfo.com\",\"description\":\"Because Winning is More Fun!\",\"potentialAction\":[{\"@type\":\"SearchAction\",\"target\":{\"@type\":\"EntryPoint\",\"urlTemplate\":\"https:\/\/www.blackjackinfo.com\/?s={search_term_string}\"},\"query-input\":{\"@type\":\"PropertyValueSpecification\",\"valueRequired\":true,\"valueName\":\"search_term_string\"}}],\"inLanguage\":\"it-IT\"}]}<\/script>\n<!-- \/ Yoast SEO plugin. -->","yoast_head_json":{"title":"Analizzatore combinatorio di blackjack gratuito","description":"Questo software incredibilmente utile per analizzare qualsiasi partita di blackjack \u00e8 offerto come freeware per Microsoft Windows, grazie al generoso membro della nostra comunit\u00e0 MGP.","robots":{"index":"index","follow":"follow","max-snippet":"max-snippet:-1","max-image-preview":"max-image-preview:large","max-video-preview":"max-video-preview:-1"},"canonical":"https:\/\/www.blackjackinfo.com\/it\/analizzatore-combinatorio-gratuito-del-blackjack\/","og_locale":"it_IT","og_type":"article","og_title":"Free Blackjack Combinatorial Analyzer","og_description":"This amazingly useful software for analyzing any blackjack game is offered as freeware for Microsoft Windows, thanks to our generous community member MGP.","og_url":"https:\/\/www.blackjackinfo.com\/it\/analizzatore-combinatorio-gratuito-del-blackjack\/","og_site_name":"BlackjackInfo.com","article_modified_time":"2021-01-09T05:37:26+00:00","twitter_misc":{"Tempo di lettura stimato":"1 minuto"},"schema":{"@context":"https:\/\/schema.org","@graph":[{"@type":"WebPage","@id":"https:\/\/www.blackjackinfo.com\/free-blackjack-combinatorial-analyzer\/","url":"https:\/\/www.blackjackinfo.com\/free-blackjack-combinatorial-analyzer\/","name":"Analizzatore combinatorio di blackjack gratuito","isPartOf":{"@id":"https:\/\/www.blackjackinfo.com\/#website"},"datePublished":"2014-11-28T00:07:42+00:00","dateModified":"2021-01-09T05:37:26+00:00","description":"Questo software incredibilmente utile per analizzare qualsiasi partita di blackjack \u00e8 offerto come freeware per Microsoft Windows, grazie al generoso membro della nostra comunit\u00e0 MGP.","breadcrumb":{"@id":"https:\/\/www.blackjackinfo.com\/free-blackjack-combinatorial-analyzer\/#breadcrumb"},"inLanguage":"it-IT","potentialAction":[{"@type":"ReadAction","target":["https:\/\/www.blackjackinfo.com\/free-blackjack-combinatorial-analyzer\/"]}]},{"@type":"BreadcrumbList","@id":"https:\/\/www.blackjackinfo.com\/free-blackjack-combinatorial-analyzer\/#breadcrumb","itemListElement":[{"@type":"ListItem","position":1,"name":"Home","item":"https:\/\/www.blackjackinfo.com\/"},{"@type":"ListItem","position":2,"name":"Free Blackjack Combinatorial Analyzer"}]},{"@type":"WebSite","@id":"https:\/\/www.blackjackinfo.com\/#website","url":"https:\/\/www.blackjackinfo.com\/","name":"BlackjackInfo.com","description":"Perch\u00e9 vincere \u00e8 pi\u00f9 divertente!","potentialAction":[{"@type":"SearchAction","target":{"@type":"EntryPoint","urlTemplate":"https:\/\/www.blackjackinfo.com\/?s={search_term_string}"},"query-input":{"@type":"PropertyValueSpecification","valueRequired":true,"valueName":"search_term_string"}}],"inLanguage":"it-IT"}]}},"_links":{"self":[{"href":"https:\/\/www.blackjackinfo.com\/it\/wp-json\/wp\/v2\/pages\/1043","targetHints":{"allow":["GET"]}}],"collection":[{"href":"https:\/\/www.blackjackinfo.com\/it\/wp-json\/wp\/v2\/pages"}],"about":[{"href":"https:\/\/www.blackjackinfo.com\/it\/wp-json\/wp\/v2\/types\/page"}],"author":[{"embeddable":true,"href":"https:\/\/www.blackjackinfo.com\/it\/wp-json\/wp\/v2\/users\/2"}],"replies":[{"embeddable":true,"href":"https:\/\/www.blackjackinfo.com\/it\/wp-json\/wp\/v2\/comments?post=1043"}],"version-history":[{"count":8,"href":"https:\/\/www.blackjackinfo.com\/it\/wp-json\/wp\/v2\/pages\/1043\/revisions"}],"predecessor-version":[{"id":5860,"href":"https:\/\/www.blackjackinfo.com\/it\/wp-json\/wp\/v2\/pages\/1043\/revisions\/5860"}],"wp:attachment":[{"href":"https:\/\/www.blackjackinfo.com\/it\/wp-json\/wp\/v2\/media?parent=1043"}],"wp:term":[{"taxonomy":"post_tag","embeddable":true,"href":"https:\/\/www.blackjackinfo.com\/it\/wp-json\/wp\/v2\/tags?post=1043"}],"curies":[{"name":"wp","href":"https:\/\/api.w.org\/{rel}","templated":true}]}}