{"id":1052,"date":"2014-11-27T19:44:07","date_gmt":"2014-11-28T01:44:07","guid":{"rendered":"http:\/\/test.blackjackinfo.com\/?page_id=1052"},"modified":"2025-11-04T08:40:23","modified_gmt":"2025-11-04T14:40:23","slug":"tornei-di-blackjack","status":"publish","type":"page","link":"https:\/\/www.blackjackinfo.com\/it\/blackjack-tournaments\/","title":{"rendered":"Strategia del torneo di blackjack"},"content":{"rendered":"<p class=\"intro\">Tornei di blackjack, se <a href=\"https:\/\/www.blackjackinfo.com\/online-blackjack\/tournaments\/\">giocato online<\/a> o nei casin\u00f2 tradizionali, offrono uno dei migliori valori nel mondo del gioco d'azzardo. Poich\u00e9 i giocatori dei tornei competono tra loro e non contro il casin\u00f2, un giocatore intelligente pu\u00f2 ottenere un grande vantaggio imparando a giocare meglio del giocatore medio.<\/p>\n<h2 style=\"text-align: center;\">Articoli sul gioco del torneo di blackjack<\/h2>\n<table class=\"data-table\">\n<tbody>\n<tr>\n<th style=\"text-align: center;\" colspan=\"2\">Articoli introduttivi al torneo di blackjack<\/th>\n<\/tr>\n<tr>\n<td><a href=\"\/blackjack-tournaments\/introduction-to-tournaments\/\">Introduzione<\/a><\/td>\n<td>Un'introduzione di base ai tornei di blackjack<\/td>\n<\/tr>\n<tr>\n<td><a href=\"\/blackjack-tournaments\/tournament-strategy-basics\/\">Fondamenti di strategia<\/a><\/td>\n<td>Concetti di base della strategia di torneo<\/td>\n<\/tr>\n<tr>\n<th style=\"text-align: center;\" colspan=\"2\">Strategie per i tornei di blackjack<\/th>\n<\/tr>\n<tr>\n<td><a href=\"\/blackjack-tournaments\/tournament-position\/\">Posizione<\/a><\/td>\n<td>Spiega l'importanza della posizione nella strategia dei tornei.<\/td>\n<\/tr>\n<tr>\n<td><a href=\"\/blackjack-tournaments\/catch-up-bets\/\">Scommesse di recupero<\/a><\/td>\n<td>Come e quando effettuare una puntata \"Catch-Up\" per prendere il comando delle chip<\/td>\n<\/tr>\n<tr>\n<td><a href=\"\/blackjack-tournaments\/free-hits\/\">Colpi gratuiti<\/a><\/td>\n<td>Ottenere qualcosa in cambio di nulla - \"Free Hits\" nel blackjack da torneo<\/td>\n<\/tr>\n<tr>\n<td><a href=\"\/blackjack-tournaments\/doubling-for-less\/\">Raddoppiare per meno<\/a><\/td>\n<td>Una strategia potente da utilizzare nei tornei<\/td>\n<\/tr>\n<tr>\n<td><a href=\"\/blackjack-tournaments\/the-rule-of-2-4-and-5\/\">La regola del 2, 4 e 5<\/a><\/td>\n<td>Una scorciatoia per trovare una scommessa ottimale in tempi brevi<\/td>\n<\/tr>\n<tr>\n<td><a href=\"https:\/\/www.blackjackinfo.com\/blackjack-tournaments\/beyond-wong-tournament-tips-uncle-stanford-never-told-you\/\">Oltre Wong<\/a><\/td>\n<td>Suggerimenti per i tornei che lo zio Stanford non vi ha mai detto, di Anthony Curtis<\/td>\n<\/tr>\n<tr>\n<th style=\"text-align: center;\" colspan=\"2\">Strumenti per le decisioni strategiche<\/th>\n<\/tr>\n<tr>\n<td><a href=\"\/dealer-outcome-probabilities\/\">Grafici dei risultati del concessionario<\/a><\/td>\n<td>Tabella delle probabilit\u00e0 esatte di esito del dealer<\/td>\n<\/tr>\n<tr>\n<td><a href=\"\/double-down-probabilities\/\">Probabilit\u00e0 di Double Down<\/a><\/td>\n<td>Tabella delle probabilit\u00e0 esatte di raddoppio di qualsiasi mano di 2 carte<\/td>\n<\/tr>\n<\/tbody>\n<\/table>\n<h2 style=\"text-align: center;\">Altri suggerimenti per i tornei di Ken Smith<\/h2>\n<p><a href=\"http:\/\/www.bjinsider.com\/BuyHowToWin\"><img loading=\"lazy\" decoding=\"async\" class=\"alignright size-medium wp-image-1064\" src=\"\/files\/Ebook-cover-201x300.jpg\" alt=\"How to Win More Blackjack Tournaments E-book\" width=\"201\" height=\"300\" srcset=\"https:\/\/www.blackjackinfo.com\/files\/Ebook-cover-201x300.jpg 201w, https:\/\/www.blackjackinfo.com\/files\/Ebook-cover.jpg 250w\" sizes=\"auto, (max-width: 201px) 100vw, 201px\" data-no-auto-translation=\"\" \/><\/a><\/p>\n<p class=\"intro\"><b>Volete altri consigli dall'esperto di tornei Ken Smith?<\/b><\/p>\n<p>Ken ha scritto un libro elettronico che contiene una grande quantit\u00e0 di informazioni sui tornei e consigli e strategie efficaci per competere.<\/p>\n<p>Disponibile per il download immediato al prezzo di $14,95, <a href=\"http:\/\/www.bjinsider.com\/BuyHowToWin\">Come vincere pi\u00f9 tornei di blackjack - Volume I<\/a> \u00e8 un prodotto professionale di 98 pagine che contiene informazioni che potenzieranno il vostro gioco.<\/p>\n<p>Questo e-book contiene tutto ci\u00f2 che serve per portare il vostro gioco nei tornei al livello successivo. Con materiale per ogni livello di abilit\u00e0 e molti concetti che non sono mai stati pubblicati prima d'ora, questo \u00e8 un libro imperdibile per chi vuole giocare seriamente ai tornei di blackjack.<\/p>\n<p>Il libro in PDF di 98 pagine \u00e8 disponibile per il download immediato dopo l'acquisto.<\/p>\n<p>\u00c8 ora disponibile anche un secondo libro: <a href=\"http:\/\/deepnettech.com\/estore\/index.php?main_page=product_info&amp;products_id=84\">Come vincere ancora pi\u00f9 tornei di blackjack - Volume II<\/a>, sempre al prezzo di $14,95. Oppure, \u00e8 possibile ottenere un prezzo speciale <a href=\"http:\/\/deepnettech.com\/estore\/index.php?main_page=product_info&amp;products_id=85\">bundle di entrambi i libri elettronici<\/a> per $24,95.<\/p>\n<h2 style=\"text-align: center;\">Molto altro \u00e8 disponibile su <a href=\"https:\/\/www.blackjacktournaments.com\/\">BlackjackTournaments.com<\/a><\/h2>\n<p class=\"intro\">Il nostro sito gemello <a href=\"https:\/\/www.blackjacktournaments.com\/\">BlackjackTournaments.com<\/a> \u00e8 il punto di riferimento definitivo per le discussioni sui tornei di giochi da tavolo e sulla strategia dei tornei. Molti dei migliori giocatori del mondo partecipano all'attivo forum di discussione. C'\u00e8 anche un elenco gratuito dei prossimi tornei di blackjack in tutto il paese, con letteralmente migliaia di eventi elencati. \u00c8 una miniera d'oro di informazioni sui tornei.<\/p>\n<h2 style=\"text-align: center;\">Informazioni su Ken Smith<\/h2>\n<p class=\"intro\">Ken Smith partecipa e scrive di tornei di blackjack dal 1994. Come molti giocatori accaniti di tornei, ha avuto molto successo all'inizio, vincendo una considerevole somma di denaro in eventi nel suo primo anno di competizione. Ken vive nel Mississippi meridionale, vicino alla costa del Golfo, dove l'industria dei casin\u00f2 era ancora nuova a met\u00e0 degli anni Novanta. A quel tempo, i casin\u00f2 del Mississippi erano in competizione per gli affari e c'erano tornei settimanali di blackjack letteralmente ogni sera della settimana nei vari casin\u00f2. Negli eventi settimanali, i giocatori potevano pagare una quota di iscrizione di $50 e competere per $10.000 in premi. Eventi pi\u00f9 grandi si tenevano pi\u00f9 volte all'anno.<\/p>\n<p>Poich\u00e9 i tornei erano una novit\u00e0 per la zona, molti giocatori non conoscevano le strategie appropriate e si trovavano in notevole svantaggio rispetto ai giocatori pi\u00f9 scaltri. Settimana dopo settimana, al tavolo finale comparivano gli stessi nomi e Ken era tra questi. Giocava spesso, imparava molto e guadagnava un buon reddito supplementare.<\/p>\n<p>Le apparizioni di Ken nei tornei televisivi di blackjack includono tutte e quattro le stagioni delle World Series of Blackjack su GSN, l'Ultimate Blackjack Tour sulla CBS e il Las Vegas Hilton Million Dollar Blackjack Tournament su Travel Channel.<\/p>\n<p>Ulteriori informazioni su Ken sono disponibili <a href=\"\/ken-smith\/\">qui<\/a>.<\/p>","protected":false},"excerpt":{"rendered":"<p>Blackjack Tournaments, whether played online or at land-based casinos, offer one of the best values in the gambling world. Since tournament players are competing against each other instead of against the casino, a smart player can get a big edge by learning to play better than the average gambler. Articles about Blackjack Tournament Play Blackjack [&hellip;]<\/p>\n","protected":false},"author":2,"featured_media":0,"parent":0,"menu_order":0,"comment_status":"open","ping_status":"closed","template":"","meta":{"_acf_changed":false,"footnotes":""},"tags":[],"class_list":["post-1052","page","type-page","status-publish","hentry"],"acf":[],"yoast_head":"<!-- This site is optimized with the Yoast SEO plugin v26.6 - https:\/\/yoast.com\/wordpress\/plugins\/seo\/ -->\n<title>Blackjack Tournament Strategy<\/title>\n<meta name=\"description\" content=\"These articles on blackjack tournament strategy from leading expert Ken Smith will give you a big edge at the table.\" \/>\n<meta name=\"robots\" content=\"index, follow, max-snippet:-1, max-image-preview:large, max-video-preview:-1\" \/>\n<link rel=\"canonical\" href=\"https:\/\/www.blackjackinfo.com\/it\/tornei-di-blackjack\/\" \/>\n<meta property=\"og:locale\" content=\"it_IT\" \/>\n<meta property=\"og:type\" content=\"article\" \/>\n<meta property=\"og:title\" content=\"Blackjack Tournament Strategy\" \/>\n<meta property=\"og:description\" content=\"These articles on blackjack tournament strategy from leading expert Ken Smith will give you a big edge at the table.\" \/>\n<meta property=\"og:url\" content=\"https:\/\/www.blackjackinfo.com\/it\/tornei-di-blackjack\/\" \/>\n<meta property=\"og:site_name\" content=\"BlackjackInfo.com\" \/>\n<meta property=\"article:modified_time\" content=\"2025-11-04T14:40:23+00:00\" \/>\n<meta name=\"twitter:label1\" content=\"Tempo di lettura stimato\" \/>\n\t<meta name=\"twitter:data1\" content=\"3 minuti\" \/>\n<script type=\"application\/ld+json\" class=\"yoast-schema-graph\">{\"@context\":\"https:\/\/schema.org\",\"@graph\":[{\"@type\":\"WebPage\",\"@id\":\"https:\/\/www.blackjackinfo.com\/blackjack-tournaments\/\",\"url\":\"https:\/\/www.blackjackinfo.com\/blackjack-tournaments\/\",\"name\":\"Blackjack Tournament Strategy\",\"isPartOf\":{\"@id\":\"https:\/\/www.blackjackinfo.com\/#website\"},\"datePublished\":\"2014-11-28T01:44:07+00:00\",\"dateModified\":\"2025-11-04T14:40:23+00:00\",\"description\":\"These articles on blackjack tournament strategy from leading expert Ken Smith will give you a big edge at the table.\",\"breadcrumb\":{\"@id\":\"https:\/\/www.blackjackinfo.com\/blackjack-tournaments\/#breadcrumb\"},\"inLanguage\":\"it-IT\",\"potentialAction\":[{\"@type\":\"ReadAction\",\"target\":[\"https:\/\/www.blackjackinfo.com\/blackjack-tournaments\/\"]}]},{\"@type\":\"BreadcrumbList\",\"@id\":\"https:\/\/www.blackjackinfo.com\/blackjack-tournaments\/#breadcrumb\",\"itemListElement\":[{\"@type\":\"ListItem\",\"position\":1,\"name\":\"Home\",\"item\":\"https:\/\/www.blackjackinfo.com\/\"},{\"@type\":\"ListItem\",\"position\":2,\"name\":\"Blackjack Tournament Strategy\"}]},{\"@type\":\"WebSite\",\"@id\":\"https:\/\/www.blackjackinfo.com\/#website\",\"url\":\"https:\/\/www.blackjackinfo.com\/\",\"name\":\"BlackjackInfo.com\",\"description\":\"Because Winning is More Fun!\",\"potentialAction\":[{\"@type\":\"SearchAction\",\"target\":{\"@type\":\"EntryPoint\",\"urlTemplate\":\"https:\/\/www.blackjackinfo.com\/?s={search_term_string}\"},\"query-input\":{\"@type\":\"PropertyValueSpecification\",\"valueRequired\":true,\"valueName\":\"search_term_string\"}}],\"inLanguage\":\"it-IT\"}]}<\/script>\n<!-- \/ Yoast SEO plugin. -->","yoast_head_json":{"title":"Strategia del torneo di blackjack","description":"Questi articoli sulla strategia dei tornei di blackjack dell'esperto Ken Smith vi daranno un grande vantaggio al tavolo.","robots":{"index":"index","follow":"follow","max-snippet":"max-snippet:-1","max-image-preview":"max-image-preview:large","max-video-preview":"max-video-preview:-1"},"canonical":"https:\/\/www.blackjackinfo.com\/it\/tornei-di-blackjack\/","og_locale":"it_IT","og_type":"article","og_title":"Blackjack Tournament Strategy","og_description":"These articles on blackjack tournament strategy from leading expert Ken Smith will give you a big edge at the table.","og_url":"https:\/\/www.blackjackinfo.com\/it\/tornei-di-blackjack\/","og_site_name":"BlackjackInfo.com","article_modified_time":"2025-11-04T14:40:23+00:00","twitter_misc":{"Tempo di lettura stimato":"3 minuti"},"schema":{"@context":"https:\/\/schema.org","@graph":[{"@type":"WebPage","@id":"https:\/\/www.blackjackinfo.com\/blackjack-tournaments\/","url":"https:\/\/www.blackjackinfo.com\/blackjack-tournaments\/","name":"Strategia del torneo di blackjack","isPartOf":{"@id":"https:\/\/www.blackjackinfo.com\/#website"},"datePublished":"2014-11-28T01:44:07+00:00","dateModified":"2025-11-04T14:40:23+00:00","description":"Questi articoli sulla strategia dei tornei di blackjack dell'esperto Ken Smith vi daranno un grande vantaggio al tavolo.","breadcrumb":{"@id":"https:\/\/www.blackjackinfo.com\/blackjack-tournaments\/#breadcrumb"},"inLanguage":"it-IT","potentialAction":[{"@type":"ReadAction","target":["https:\/\/www.blackjackinfo.com\/blackjack-tournaments\/"]}]},{"@type":"BreadcrumbList","@id":"https:\/\/www.blackjackinfo.com\/blackjack-tournaments\/#breadcrumb","itemListElement":[{"@type":"ListItem","position":1,"name":"Home","item":"https:\/\/www.blackjackinfo.com\/"},{"@type":"ListItem","position":2,"name":"Blackjack Tournament Strategy"}]},{"@type":"WebSite","@id":"https:\/\/www.blackjackinfo.com\/#website","url":"https:\/\/www.blackjackinfo.com\/","name":"BlackjackInfo.com","description":"Perch\u00e9 vincere \u00e8 pi\u00f9 divertente!","potentialAction":[{"@type":"SearchAction","target":{"@type":"EntryPoint","urlTemplate":"https:\/\/www.blackjackinfo.com\/?s={search_term_string}"},"query-input":{"@type":"PropertyValueSpecification","valueRequired":true,"valueName":"search_term_string"}}],"inLanguage":"it-IT"}]}},"_links":{"self":[{"href":"https:\/\/www.blackjackinfo.com\/it\/wp-json\/wp\/v2\/pages\/1052","targetHints":{"allow":["GET"]}}],"collection":[{"href":"https:\/\/www.blackjackinfo.com\/it\/wp-json\/wp\/v2\/pages"}],"about":[{"href":"https:\/\/www.blackjackinfo.com\/it\/wp-json\/wp\/v2\/types\/page"}],"author":[{"embeddable":true,"href":"https:\/\/www.blackjackinfo.com\/it\/wp-json\/wp\/v2\/users\/2"}],"replies":[{"embeddable":true,"href":"https:\/\/www.blackjackinfo.com\/it\/wp-json\/wp\/v2\/comments?post=1052"}],"version-history":[{"count":32,"href":"https:\/\/www.blackjackinfo.com\/it\/wp-json\/wp\/v2\/pages\/1052\/revisions"}],"predecessor-version":[{"id":9255,"href":"https:\/\/www.blackjackinfo.com\/it\/wp-json\/wp\/v2\/pages\/1052\/revisions\/9255"}],"wp:attachment":[{"href":"https:\/\/www.blackjackinfo.com\/it\/wp-json\/wp\/v2\/media?parent=1052"}],"wp:term":[{"taxonomy":"post_tag","embeddable":true,"href":"https:\/\/www.blackjackinfo.com\/it\/wp-json\/wp\/v2\/tags?post=1052"}],"curies":[{"name":"wp","href":"https:\/\/api.w.org\/{rel}","templated":true}]}}