{"id":1097,"date":"2014-12-09T14:03:52","date_gmt":"2014-12-09T20:03:52","guid":{"rendered":"http:\/\/test.blackjackinfo.com\/?page_id=1097"},"modified":"2018-11-12T21:24:57","modified_gmt":"2018-11-13T03:24:57","slug":"interviste","status":"publish","type":"page","link":"https:\/\/www.blackjackinfo.com\/it\/interviews\/","title":{"rendered":"Interviste"},"content":{"rendered":"<p class=\"intro\">Scoprite la storia di alcuni dei nomi pi\u00f9 importanti del blackjack, dai contatori di carte a coloro che hanno creato potenti sistemi per battere il gioco.<\/p>\n<p>Le nostre interviste:<\/p>\n<h2><a href=\"https:\/\/www.blackjackinfo.com\/interviews\/interview-with-geoff-hall\/\">Geoff Hall<\/a><\/h2>\n<p><img loading=\"lazy\" decoding=\"async\" src=\"\/files\/geoff_hall_thumbnail-150x150.jpg\" alt=\"\" width=\"150\" height=\"150\" class=\"pull-right img-responsive thumbnail\" data-no-auto-translation=\"\" \/>Se avete mai giocato online a un <a href=\"https:\/\/www.blackjackinfo.com\/software\/playtech\/\">Casin\u00f2 Playtech<\/a> o sulla Strip di Las Vegas, potreste aver notato un gioco chiamato Blackjack Switch.  Geoff Hall \u00e8 la mente dietro questa creazione e ha inventato il gioco nel 2000, che presto \u00e8 diventato abbastanza popolare da essere presente in molti casin\u00f2.  Da allora ha creato Free Bet Blackjack, Zombie Blackjack e Zappit.<\/p>\n<p><a href=\"https:\/\/www.blackjackinfo.com\/interviews\/interview-with-geoff-hall\/\">Quella che segue \u00e8 un'intervista di Mike \"Wizard of Odds\" Shackleford che racconta le esperienze di Geoff con il conteggio delle carte, l'invenzione di varianti del blackjack e altro ancora.<\/a><\/p>\n<hr>\n<h2><a href=\"\/interviews\/stanford-wong\/\">Stanford Wong<\/a><\/h2>\n<p><img loading=\"lazy\" decoding=\"async\" src=\"\/files\/stanford_wong-150x150.png\" alt=\"\" width=\"150\" height=\"150\" class=\"pull-right img-responsive thumbnail\" data-no-auto-translation=\"\" \/>Quando \u00e8 stata creata la Blackjack Hall of Fame, Stanford Wong \u00e8 stato uno dei primi ad essere inserito, e per una buona ragione. I suoi libri hanno probabilmente introdotto nel mondo del blackjack pi\u00f9 giocatori di qualsiasi altro autore di giochi d'azzardo. Il suo libro pi\u00f9 venduto <a href=\"http:\/\/www.amazon.com\/dp\/0935926216\/?tag=theblackjacbasic\">Blackjack professionale<\/a> \u00e8 una guida completa al conteggio delle carte. Include due sistemi di conteggio separati: il sistema pi\u00f9 popolare, Hi-Lo, e un sistema avanzato chiamato conteggio delle met\u00e0 di Wong.<\/p>\n<p><a href=\"\/interviews\/stanford-wong\/\">Leggete l'intervista a Stanford Wong.<\/a><\/p>\n<hr>\n<h2><a href=\"\/interviews\/mit-mike-aponte\/\">Mike Aponte<\/a><\/h2>\n<p><img loading=\"lazy\" decoding=\"async\" src=\"\/files\/mike_aponte-150x150.png\" alt=\"\" width=\"150\" height=\"150\" class=\"pull-right img-responsive thumbnail\" data-no-auto-translation=\"\" \/>\"MIT Mike\" Aponte \u00e8 stato uno dei membri del MIT Blackjack Team, un gruppo di studenti del MIT che ha conquistato Las Vegas alla fine degli anni '90, ricavando milioni di dollari di profitti dai casin\u00f2 grazie a strategie di gioco di squadra di grande successo.<\/p>\n<p>Mike \u00e8 stato campione delle World Series of Blackjack nel 2004, il primo anno in cui la rete via cavo GSN ha prodotto la serie. Insieme al socio Dave Irvine ha prodotto materiale di studio per il blackjack, disponibile sul loro sito. <a href=\"http:\/\/www.blackjackinstitute.com\/\">BlackjackInstitute.com<\/a>.<\/p>\n<p><a href=\"\/interviews\/mit-mike-aponte\/\">Leggi l'intervista a Mike Aponte del MIT.<\/a><\/p>\n<hr>\n<h2><a href=\"\/interviews\/lv-bear\/\">Orso LV<\/a><\/h2>\n<p><img loading=\"lazy\" decoding=\"async\" src=\"\/files\/lv_bear-150x150.png\" alt=\"\" width=\"150\" height=\"150\" class=\"pull-right img-responsive thumbnail\" data-no-auto-translation=\"\" \/>\"LV Bear\" \u00e8 lo pseudonimo di un esperto giocatore di vantaggio che esercita il suo mestiere in tutto il paese. Inoltre, tramite il suo blog, prende regolarmente di mira i casin\u00f2 e la loro gestione. <a href=\"http:\/\/www.thebeargrowls.com\/\">L'orso ringhia<\/a>.  \u00c8 anche moderatore e membro attivo del <a href=\"https:\/\/www.blackjackinfo.com\/community\/\">forum<\/a><\/p>\n<p>Bear parla di come si \u00e8 avvicinato al gioco di vantaggio, dello stato attuale del panorama degli AP e di altri argomenti della sua vita ai tavoli.<\/p>\n<p><a href=\"\/interviews\/lv-bear\/\">Leggete l'intervista con LV Bear.<\/a><\/p>\n<hr>\n<h2><a href=\"\/files\/ZGInterview.pdf\">Zengrifter<\/a><\/h2>\n<p><img loading=\"lazy\" decoding=\"async\" src=\"\/files\/zengrifter-150x150.png\" alt=\"\" width=\"150\" height=\"150\" class=\"pull-right img-responsive thumbnail\" data-no-auto-translation=\"\" \/>Controverso e irriverente praticante tra i giocatori di blackjack, Zengrifter \u00e8 anche un prolifico collaboratore del nostro <a href=\"\/community\/\">forum sul blackjack<\/a>. Questa intervista di ZG \u00e8 stata scritta da \"Barfarkel\", l'autore di <a href=\"http:\/\/deepnettech.com\/estore\/index.php?main_page=product_info&#038;products_id=62\">\"You've Got Heat\"<\/a>, un libro che illustra i viaggi di gioco dell'autore a Las Vegas come banco low stakes.<\/p>\n<p><a href=\"\/interviews\/zengrifter\/\">Leggete l'intervista con Zengrifter.<\/a> <\/p>\n<hr>\n<h2><a href=\"\/interviews\/hollywood-dave-stann\/\">Hollywood Dave Stann<\/a><\/h2>\n<p><img loading=\"lazy\" decoding=\"async\" src=\"\/files\/hollywood_dave_stann-150x150.png\" alt=\"\" width=\"150\" height=\"150\" class=\"pull-right img-responsive thumbnail\" data-no-auto-translation=\"\" \/>Dave Stann, meglio conosciuto come \"Hollywood\" Dave, dovrebbe essere familiare a chiunque abbia guardato i tornei di blackjack in TV.  Il suo personaggio \"fatto per la TV\" come \"Bad Boy of Blackjack\" lo ha reso memorabile e commerciabile, il che gli va benissimo.  E non guasta il fatto che il suo atteggiamento sia accompagnato dal gioco.  Date un'occhiata alla nostra intervista con Holly D per conoscere meglio il mondo di Dave.<\/p>\n<p><a href=\"\/interviews\/hollywood-dave-stann\/\">Leggi l'intervista a Dave Stann di Hollywood.<\/a><\/p>\n<hr>\n<h2><a href=\"\/interviews\/sam-vaughn\/\">Sam Vaughn<\/a><\/h2>\n<p><img loading=\"lazy\" decoding=\"async\" src=\"\/files\/sam_vaughn-150x150.png\" alt=\"\" width=\"150\" height=\"150\" class=\"pull-right img-responsive thumbnail\" data-no-auto-translation=\"\" \/>Sam ha vinto un bel milione di dollari piazzandosi al primo posto del Las Vegas Hilton Million Dollar Blackjack Tournament III nel maggio 2005.  Ancora pi\u00f9 impressionante \u00e8 il fatto che sia arrivato al tavolo finale dello stesso evento un anno prima!  Considerato da molti come uno dei migliori giocatori del settore, Sam \u00e8 sempre stato un amichevole ambasciatore del gioco.<\/p>\n<p><a href=\"\/interviews\/sam-vaughn\/\">Leggi l'intervista a Sam Vaughn.<\/a><\/p>","protected":false},"excerpt":{"rendered":"<p>Get the story behind some of the most notable names in blackjack, from card counters to guys who created powerful systems for beating the game. Our Interviews: Geoff Hall If you&#8217;ve ever played online at a Playtech casino or on the Las Vegas Strip, you might have noticed a game called Blackjack Switch. Geoff Hall [&hellip;]<\/p>\n","protected":false},"author":2,"featured_media":0,"parent":0,"menu_order":0,"comment_status":"open","ping_status":"closed","template":"","meta":{"_acf_changed":false,"footnotes":""},"tags":[],"class_list":["post-1097","page","type-page","status-publish","hentry"],"acf":[],"yoast_head":"<!-- This site is optimized with the Yoast SEO plugin v26.6 - https:\/\/yoast.com\/wordpress\/plugins\/seo\/ -->\n<title>Interviews with Notable Blackjack Card Counters<\/title>\n<meta name=\"description\" content=\"Get the story behind some of the most notable names in blackjack, from card counters to guys who created powerful systems for beating the game.\" \/>\n<meta name=\"robots\" content=\"index, follow, max-snippet:-1, max-image-preview:large, max-video-preview:-1\" \/>\n<link rel=\"canonical\" href=\"https:\/\/www.blackjackinfo.com\/it\/interviste\/\" \/>\n<meta property=\"og:locale\" content=\"it_IT\" \/>\n<meta property=\"og:type\" content=\"article\" \/>\n<meta property=\"og:title\" content=\"Interviews with Notable Blackjack Card Counters\" \/>\n<meta property=\"og:description\" content=\"Get the story behind some of the most notable names in blackjack, from card counters to guys who created powerful systems for beating the game.\" \/>\n<meta property=\"og:url\" content=\"https:\/\/www.blackjackinfo.com\/it\/interviste\/\" \/>\n<meta property=\"og:site_name\" content=\"BlackjackInfo.com\" \/>\n<meta property=\"article:modified_time\" content=\"2018-11-13T03:24:57+00:00\" \/>\n<meta name=\"twitter:label1\" content=\"Tempo di lettura stimato\" \/>\n\t<meta name=\"twitter:data1\" content=\"3 minuti\" \/>\n<script type=\"application\/ld+json\" class=\"yoast-schema-graph\">{\"@context\":\"https:\/\/schema.org\",\"@graph\":[{\"@type\":\"WebPage\",\"@id\":\"https:\/\/www.blackjackinfo.com\/interviews\/\",\"url\":\"https:\/\/www.blackjackinfo.com\/interviews\/\",\"name\":\"Interviews with Notable Blackjack Card Counters\",\"isPartOf\":{\"@id\":\"https:\/\/www.blackjackinfo.com\/#website\"},\"datePublished\":\"2014-12-09T20:03:52+00:00\",\"dateModified\":\"2018-11-13T03:24:57+00:00\",\"description\":\"Get the story behind some of the most notable names in blackjack, from card counters to guys who created powerful systems for beating the game.\",\"breadcrumb\":{\"@id\":\"https:\/\/www.blackjackinfo.com\/interviews\/#breadcrumb\"},\"inLanguage\":\"it-IT\",\"potentialAction\":[{\"@type\":\"ReadAction\",\"target\":[\"https:\/\/www.blackjackinfo.com\/interviews\/\"]}]},{\"@type\":\"BreadcrumbList\",\"@id\":\"https:\/\/www.blackjackinfo.com\/interviews\/#breadcrumb\",\"itemListElement\":[{\"@type\":\"ListItem\",\"position\":1,\"name\":\"Home\",\"item\":\"https:\/\/www.blackjackinfo.com\/\"},{\"@type\":\"ListItem\",\"position\":2,\"name\":\"Interviews\"}]},{\"@type\":\"WebSite\",\"@id\":\"https:\/\/www.blackjackinfo.com\/#website\",\"url\":\"https:\/\/www.blackjackinfo.com\/\",\"name\":\"BlackjackInfo.com\",\"description\":\"Because Winning is More Fun!\",\"potentialAction\":[{\"@type\":\"SearchAction\",\"target\":{\"@type\":\"EntryPoint\",\"urlTemplate\":\"https:\/\/www.blackjackinfo.com\/?s={search_term_string}\"},\"query-input\":{\"@type\":\"PropertyValueSpecification\",\"valueRequired\":true,\"valueName\":\"search_term_string\"}}],\"inLanguage\":\"it-IT\"}]}<\/script>\n<!-- \/ Yoast SEO plugin. -->","yoast_head_json":{"title":"Interviste a importanti contatori di carte del Blackjack","description":"Scoprite la storia di alcuni dei nomi pi\u00f9 importanti del blackjack, dai contatori di carte a coloro che hanno creato potenti sistemi per battere il gioco.","robots":{"index":"index","follow":"follow","max-snippet":"max-snippet:-1","max-image-preview":"max-image-preview:large","max-video-preview":"max-video-preview:-1"},"canonical":"https:\/\/www.blackjackinfo.com\/it\/interviste\/","og_locale":"it_IT","og_type":"article","og_title":"Interviews with Notable Blackjack Card Counters","og_description":"Get the story behind some of the most notable names in blackjack, from card counters to guys who created powerful systems for beating the game.","og_url":"https:\/\/www.blackjackinfo.com\/it\/interviste\/","og_site_name":"BlackjackInfo.com","article_modified_time":"2018-11-13T03:24:57+00:00","twitter_misc":{"Tempo di lettura stimato":"3 minuti"},"schema":{"@context":"https:\/\/schema.org","@graph":[{"@type":"WebPage","@id":"https:\/\/www.blackjackinfo.com\/interviews\/","url":"https:\/\/www.blackjackinfo.com\/interviews\/","name":"Interviste a importanti contatori di carte del Blackjack","isPartOf":{"@id":"https:\/\/www.blackjackinfo.com\/#website"},"datePublished":"2014-12-09T20:03:52+00:00","dateModified":"2018-11-13T03:24:57+00:00","description":"Scoprite la storia di alcuni dei nomi pi\u00f9 importanti del blackjack, dai contatori di carte a coloro che hanno creato potenti sistemi per battere il gioco.","breadcrumb":{"@id":"https:\/\/www.blackjackinfo.com\/interviews\/#breadcrumb"},"inLanguage":"it-IT","potentialAction":[{"@type":"ReadAction","target":["https:\/\/www.blackjackinfo.com\/interviews\/"]}]},{"@type":"BreadcrumbList","@id":"https:\/\/www.blackjackinfo.com\/interviews\/#breadcrumb","itemListElement":[{"@type":"ListItem","position":1,"name":"Home","item":"https:\/\/www.blackjackinfo.com\/"},{"@type":"ListItem","position":2,"name":"Interviews"}]},{"@type":"WebSite","@id":"https:\/\/www.blackjackinfo.com\/#website","url":"https:\/\/www.blackjackinfo.com\/","name":"BlackjackInfo.com","description":"Perch\u00e9 vincere \u00e8 pi\u00f9 divertente!","potentialAction":[{"@type":"SearchAction","target":{"@type":"EntryPoint","urlTemplate":"https:\/\/www.blackjackinfo.com\/?s={search_term_string}"},"query-input":{"@type":"PropertyValueSpecification","valueRequired":true,"valueName":"search_term_string"}}],"inLanguage":"it-IT"}]}},"_links":{"self":[{"href":"https:\/\/www.blackjackinfo.com\/it\/wp-json\/wp\/v2\/pages\/1097","targetHints":{"allow":["GET"]}}],"collection":[{"href":"https:\/\/www.blackjackinfo.com\/it\/wp-json\/wp\/v2\/pages"}],"about":[{"href":"https:\/\/www.blackjackinfo.com\/it\/wp-json\/wp\/v2\/types\/page"}],"author":[{"embeddable":true,"href":"https:\/\/www.blackjackinfo.com\/it\/wp-json\/wp\/v2\/users\/2"}],"replies":[{"embeddable":true,"href":"https:\/\/www.blackjackinfo.com\/it\/wp-json\/wp\/v2\/comments?post=1097"}],"version-history":[{"count":32,"href":"https:\/\/www.blackjackinfo.com\/it\/wp-json\/wp\/v2\/pages\/1097\/revisions"}],"predecessor-version":[{"id":5078,"href":"https:\/\/www.blackjackinfo.com\/it\/wp-json\/wp\/v2\/pages\/1097\/revisions\/5078"}],"wp:attachment":[{"href":"https:\/\/www.blackjackinfo.com\/it\/wp-json\/wp\/v2\/media?parent=1097"}],"wp:term":[{"taxonomy":"post_tag","embeddable":true,"href":"https:\/\/www.blackjackinfo.com\/it\/wp-json\/wp\/v2\/tags?post=1097"}],"curies":[{"name":"wp","href":"https:\/\/api.w.org\/{rel}","templated":true}]}}