{"id":1219,"date":"2014-12-10T21:49:52","date_gmt":"2014-12-11T02:49:52","guid":{"rendered":"http:\/\/test.blackjackinfo.com\/?page_id=1219"},"modified":"2018-06-22T01:10:48","modified_gmt":"2018-06-22T06:10:48","slug":"nozioni-di-base-del-casino","status":"publish","type":"page","link":"https:\/\/www.blackjackinfo.com\/it\/blackjack-rules\/casino-basics\/","title":{"rendered":"Regole del blackjack: Parte 1 - Nozioni di base del casin\u00f2"},"content":{"rendered":"<div class=\"bji-byline\">da <a href=\"\/ken-smith\/\">Kenneth R Smith<\/a><\/div>\n<h2 class=\"text-center\">Scelta del tavolo<\/h2>\n<p>Se siete nuovi al gioco, ci sono alcuni elementi che dovreste notare quando cercate un gioco...<\/p>\n<p>L'elemento pi\u00f9 importante \u00e8 il cartello che dichiara i limiti di puntata. Se state leggendo questo articolo, probabilmente non volete sedervi a un tavolo che richiede una puntata minima di $100!  Sia la puntata minima che quella massima consentita dovrebbero essere indicate su un cartello posto sul tavolo. Guardatevi intorno per trovare un tavolo che si adatti alle vostre puntate.<\/p>\n<p>Assicuratevi che il tavolo scelto sia effettivamente per il blackjack e non per un altro dei tanti giochi da tavolo offerti dai casin\u00f2. Cercate sul tavolo la frase \"<i>Il blackjack paga 3 a 2<\/i>\".  Evitate tutti i giochi che dicono \"<i>Il blackjack paga da 6 a 5<\/i>\". (Vedere <a href=\"\/no-6-to-5-blackjack\/\">Blackjack 6 a 5? Dite semplicemente no!<\/a>.)<\/p>\n<p>Successivamente, si deve dare un'occhiata al modo in cui viene distribuito il gioco.  Esistono due diversi stili di distribuzione:<\/p>\n<ul>\n<li><strong>Giochi di scarpe<\/strong>: Il mazziere distribuisce le carte da una scatola di distribuzione e le carte dei giocatori vengono distribuite tutte a faccia in su.  Questi giochi utilizzano in genere 6 o 8 mazzi di carte.<\/li>\n<li><strong>Giochi portatili<\/strong>: Il mazziere tiene le carte in mano e di solito distribuisce le carte ai giocatori a faccia in gi\u00f9.  Questi giochi utilizzano in genere 1 o 2 mazzi di carte.<\/li>\n<\/ul>\n<p>I principianti dovrebbero iniziare a giocare con i giochi con le scarpe.  Il vantaggio di questo stile \u00e8 che tutte le carte dei giocatori sono distribuite a faccia in su, quindi il croupier e gli altri giocatori possono facilmente aiutarvi con domande e decisioni di gioco. Una volta che si \u00e8 diventati abili nel gioco, si pu\u00f2 passare a un gioco con meno mazzi, poich\u00e9 questo riduce il vantaggio del casin\u00f2.<\/p>\n<hr>\n<h2 class=\"text-center\">Acquisto di patatine<\/h2>\n<p>Per giocare, \u00e8 necessario scambiare dei soldi con delle fiches dal croupier.<\/p>\n<p>Attendete una pausa nell'azione e mettete i vostri contanti davanti a voi sul feltro del tavolo.<\/p>\n<p>In questo caso valgono alcune regole del galateo:<\/p>\n<ul>\n<li>Non cercate di consegnare il vostro denaro al croupier.  Per motivi di sicurezza, non pu\u00f2 prendere nulla dalle vostre mani.  Appoggiateli invece sul tavolo.<\/li>\n<li>Non mettetelo nel cerchio delle scommesse, perch\u00e9 alcuni casin\u00f2 consentono scommesse in contanti e il croupier potrebbe pensare che vogliate puntare tutto!<\/li>\n<li>Acquistare almeno una somma di denaro sufficiente per giocare diverse mani.  Un tipico giocatore di $5 potrebbe acquistare per $40 o gi\u00f9 di l\u00ec.<\/li>\n<\/ul>\n<p>Il croupier scambier\u00e0 l'intero importo in contanti con l'equivalente in fiches e lo depositer\u00e0 in una scatola sul tavolo.<\/p>\n<p>Date una rapida occhiata ai chip per assicurarvi di conoscere il valore di ciascun colore.  I colori comuni dei chip sono il rosso per $5, il verde per $25 e il nero per $100.<\/p>\n<p>Se avete domande, chiedete al croupier.  Parte del suo lavoro consiste nell'aiutare i giocatori a imparare il gioco.<\/p>\n<hr>\n<h2 class=\"text-center\">Piazzare una scommessa<\/h2>\n<p>Quando si \u00e8 pronti a piazzare una puntata, si attende che la mano in corso sia completata, quindi si spinge la puntata nel cerchio delle puntate.<\/p>\n<p>Le fiches devono essere disposte in un'unica pila.  Se si puntano pi\u00f9 tagli di fiches, le fiches di valore maggiore devono essere posizionate in fondo alla pila e quelle di valore minore in cima.<\/p>\n<p>Una volta distribuite le carte, non \u00e8 consentito toccare la puntata nel cerchio.  Se avete bisogno di sapere quanto avete puntato per raddoppiare o dividere (spiegato pi\u00f9 avanti), il croupier conter\u00e0 le fiches per voi.<\/p>\n<p>Una volta terminata la mano, il mazziere si sposta intorno al tavolo in ogni posizione a turno, pagando le mani vincenti e raccogliendo le fiches delle mani perdenti. Dopo che il mazziere ha pagato, \u00e8 possibile rimuovere le fiches dal cerchio e piazzare la puntata successiva.<\/p>\n<p>Se si vuole lasciare che la vincita venga pagata, \u00e8 necessario formare una pila di fiches dalle due o pi\u00f9 pile presenti sul tavolo dopo che il croupier ha pagato. Ricordate che le fiches di valore pi\u00f9 elevato devono essere posizionate sul fondo della pila.<\/p>\n<hr>\n<h2 class=\"text-center\">Incasso delle fiches<\/h2>\n<p>Quando si \u00e8 pronti a lasciare il tavolo, non si incassano le fiches nello stesso modo in cui le si \u00e8 acquistate.  Il croupier non pu\u00f2 consegnare le fiches in contanti al tavolo.  Per farlo, dovete portare le fiches alla cassa del casin\u00f2.<\/p>\n<p>Se avete molte fiches di basso taglio davanti a voi al tavolo, dovreste scambiarle con fiches equivalenti di valore superiore.  Tra una mano e l'altra, basta dire al croupier che si vuole \"colorare\" e lui vi far\u00e0 spingere le vostre fiches al centro del tavolo.  Le conter\u00e0 e vi dar\u00e0 una pila pi\u00f9 piccola di fiches dello stesso valore.  In questo modo, per voi sar\u00e0 pi\u00f9 facile trasportarle e per il croupier sar\u00e0 possibile mantenere la sua scorta di fiches pi\u00f9 piccole.<\/p>\n<p>Ora potete portare le fiches a un altro tavolo per giocare ancora, oppure recarvi alla cassa del casin\u00f2 dove potrete cambiarle in contanti.<\/p>\n<hr>\n<p class=\"left\">\u2190 Torna a <a href=\"\/blackjack-rules\/\" rel=\"prev\">Regole del blackjack<\/a><\/p>\n<p class=\"right\">Parte 2 - <a href=\"\/blackjack-rules\/blackjack-basics\" rel=\"next\">Nozioni di base del blackjack<\/a> \u2192<\/p>","protected":false},"excerpt":{"rendered":"<p>by Kenneth R Smith Choosing a table If you are new to the game, there are a few items you should notice when looking for a game&#8230; The most important item is the sign declaring betting limits. If you are reading this, you probably don&#8217;t want to sit down at a table that requires a [&hellip;]<\/p>\n","protected":false},"author":2,"featured_media":0,"parent":1174,"menu_order":1,"comment_status":"open","ping_status":"open","template":"","meta":{"_acf_changed":false,"footnotes":""},"tags":[],"class_list":["post-1219","page","type-page","status-publish","hentry"],"acf":[],"yoast_head":"<!-- This site is optimized with the Yoast SEO plugin v26.6 - https:\/\/yoast.com\/wordpress\/plugins\/seo\/ -->\n<title>Blackjack Rules: Part 1 - Casino Basics<\/title>\n<meta name=\"description\" content=\"Casino table games can be intimidating to a beginner. We will show you what to expect, and how to handle the basics, from buying in to cashing out.\" \/>\n<meta name=\"robots\" content=\"index, follow, max-snippet:-1, max-image-preview:large, max-video-preview:-1\" \/>\n<link rel=\"canonical\" href=\"https:\/\/www.blackjackinfo.com\/it\/regole-del-blackjack-2\/\" \/>\n<meta property=\"og:locale\" content=\"it_IT\" \/>\n<meta property=\"og:type\" content=\"article\" \/>\n<meta property=\"og:title\" content=\"Blackjack Rules: Part 1 - Casino Basics\" \/>\n<meta property=\"og:description\" content=\"Casino table games can be intimidating to a beginner. We will show you what to expect, and how to handle the basics, from buying in to cashing out.\" \/>\n<meta property=\"og:url\" content=\"https:\/\/www.blackjackinfo.com\/it\/regole-del-blackjack-2\/\" \/>\n<meta property=\"og:site_name\" content=\"BlackjackInfo.com\" \/>\n<meta property=\"article:modified_time\" content=\"2018-06-22T06:10:48+00:00\" \/>\n<meta name=\"twitter:label1\" content=\"Tempo di lettura stimato\" \/>\n\t<meta name=\"twitter:data1\" content=\"4 minuti\" \/>\n<script type=\"application\/ld+json\" class=\"yoast-schema-graph\">{\"@context\":\"https:\/\/schema.org\",\"@graph\":[{\"@type\":\"WebPage\",\"@id\":\"https:\/\/www.blackjackinfo.com\/blackjack-rules\/casino-basics\/\",\"url\":\"https:\/\/www.blackjackinfo.com\/blackjack-rules\/\",\"name\":\"Blackjack Rules: Part 1 - Casino Basics\",\"isPartOf\":{\"@id\":\"https:\/\/www.blackjackinfo.com\/#website\"},\"datePublished\":\"2014-12-11T02:49:52+00:00\",\"dateModified\":\"2018-06-22T06:10:48+00:00\",\"description\":\"Casino table games can be intimidating to a beginner. We will show you what to expect, and how to handle the basics, from buying in to cashing out.\",\"breadcrumb\":{\"@id\":\"https:\/\/www.blackjackinfo.com\/blackjack-rules\/#breadcrumb\"},\"inLanguage\":\"it-IT\",\"potentialAction\":[{\"@type\":\"ReadAction\",\"target\":[\"https:\/\/www.blackjackinfo.com\/blackjack-rules\/\"]}]},{\"@type\":\"BreadcrumbList\",\"@id\":\"https:\/\/www.blackjackinfo.com\/blackjack-rules\/#breadcrumb\",\"itemListElement\":[{\"@type\":\"ListItem\",\"position\":1,\"name\":\"Home\",\"item\":\"https:\/\/www.blackjackinfo.com\/\"},{\"@type\":\"ListItem\",\"position\":2,\"name\":\"Casino Blackjack: Rules of the Game\",\"item\":\"https:\/\/www.blackjackinfo.com\/blackjack-rules\/\"},{\"@type\":\"ListItem\",\"position\":3,\"name\":\"Blackjack Rules: Part 1 &#8211; Casino Basics\"}]},{\"@type\":\"WebSite\",\"@id\":\"https:\/\/www.blackjackinfo.com\/#website\",\"url\":\"https:\/\/www.blackjackinfo.com\/\",\"name\":\"BlackjackInfo.com\",\"description\":\"Because Winning is More Fun!\",\"potentialAction\":[{\"@type\":\"SearchAction\",\"target\":{\"@type\":\"EntryPoint\",\"urlTemplate\":\"https:\/\/www.blackjackinfo.com\/?s={search_term_string}\"},\"query-input\":{\"@type\":\"PropertyValueSpecification\",\"valueRequired\":true,\"valueName\":\"search_term_string\"}}],\"inLanguage\":\"it-IT\"}]}<\/script>\n<!-- \/ Yoast SEO plugin. -->","yoast_head_json":{"title":"Regole del blackjack: Parte 1 - Nozioni di base del casin\u00f2","description":"I giochi da tavolo del casin\u00f2 possono intimorire i principianti. Vi mostreremo cosa aspettarvi e come gestire le nozioni di base, dall'acquisto all'incasso.","robots":{"index":"index","follow":"follow","max-snippet":"max-snippet:-1","max-image-preview":"max-image-preview:large","max-video-preview":"max-video-preview:-1"},"canonical":"https:\/\/www.blackjackinfo.com\/it\/regole-del-blackjack-2\/","og_locale":"it_IT","og_type":"article","og_title":"Blackjack Rules: Part 1 - Casino Basics","og_description":"Casino table games can be intimidating to a beginner. We will show you what to expect, and how to handle the basics, from buying in to cashing out.","og_url":"https:\/\/www.blackjackinfo.com\/it\/regole-del-blackjack-2\/","og_site_name":"BlackjackInfo.com","article_modified_time":"2018-06-22T06:10:48+00:00","twitter_misc":{"Tempo di lettura stimato":"4 minuti"},"schema":{"@context":"https:\/\/schema.org","@graph":[{"@type":"WebPage","@id":"https:\/\/www.blackjackinfo.com\/blackjack-rules\/casino-basics\/","url":"https:\/\/www.blackjackinfo.com\/blackjack-rules\/","name":"Regole del blackjack: Parte 1 - Nozioni di base del casin\u00f2","isPartOf":{"@id":"https:\/\/www.blackjackinfo.com\/#website"},"datePublished":"2014-12-11T02:49:52+00:00","dateModified":"2018-06-22T06:10:48+00:00","description":"I giochi da tavolo del casin\u00f2 possono intimorire i principianti. Vi mostreremo cosa aspettarvi e come gestire le nozioni di base, dall'acquisto all'incasso.","breadcrumb":{"@id":"https:\/\/www.blackjackinfo.com\/blackjack-rules\/#breadcrumb"},"inLanguage":"it-IT","potentialAction":[{"@type":"ReadAction","target":["https:\/\/www.blackjackinfo.com\/blackjack-rules\/"]}]},{"@type":"BreadcrumbList","@id":"https:\/\/www.blackjackinfo.com\/blackjack-rules\/#breadcrumb","itemListElement":[{"@type":"ListItem","position":1,"name":"Home","item":"https:\/\/www.blackjackinfo.com\/"},{"@type":"ListItem","position":2,"name":"Casino Blackjack: Rules of the Game","item":"https:\/\/www.blackjackinfo.com\/blackjack-rules\/"},{"@type":"ListItem","position":3,"name":"Blackjack Rules: Part 1 &#8211; Casino Basics"}]},{"@type":"WebSite","@id":"https:\/\/www.blackjackinfo.com\/#website","url":"https:\/\/www.blackjackinfo.com\/","name":"BlackjackInfo.com","description":"Perch\u00e9 vincere \u00e8 pi\u00f9 divertente!","potentialAction":[{"@type":"SearchAction","target":{"@type":"EntryPoint","urlTemplate":"https:\/\/www.blackjackinfo.com\/?s={search_term_string}"},"query-input":{"@type":"PropertyValueSpecification","valueRequired":true,"valueName":"search_term_string"}}],"inLanguage":"it-IT"}]}},"_links":{"self":[{"href":"https:\/\/www.blackjackinfo.com\/it\/wp-json\/wp\/v2\/pages\/1219","targetHints":{"allow":["GET"]}}],"collection":[{"href":"https:\/\/www.blackjackinfo.com\/it\/wp-json\/wp\/v2\/pages"}],"about":[{"href":"https:\/\/www.blackjackinfo.com\/it\/wp-json\/wp\/v2\/types\/page"}],"author":[{"embeddable":true,"href":"https:\/\/www.blackjackinfo.com\/it\/wp-json\/wp\/v2\/users\/2"}],"replies":[{"embeddable":true,"href":"https:\/\/www.blackjackinfo.com\/it\/wp-json\/wp\/v2\/comments?post=1219"}],"version-history":[{"count":23,"href":"https:\/\/www.blackjackinfo.com\/it\/wp-json\/wp\/v2\/pages\/1219\/revisions"}],"predecessor-version":[{"id":1654,"href":"https:\/\/www.blackjackinfo.com\/it\/wp-json\/wp\/v2\/pages\/1219\/revisions\/1654"}],"up":[{"embeddable":true,"href":"https:\/\/www.blackjackinfo.com\/it\/wp-json\/wp\/v2\/pages\/1174"}],"wp:attachment":[{"href":"https:\/\/www.blackjackinfo.com\/it\/wp-json\/wp\/v2\/media?parent=1219"}],"wp:term":[{"taxonomy":"post_tag","embeddable":true,"href":"https:\/\/www.blackjackinfo.com\/it\/wp-json\/wp\/v2\/tags?post=1219"}],"curies":[{"name":"wp","href":"https:\/\/api.w.org\/{rel}","templated":true}]}}