{"id":1226,"date":"2014-12-10T21:57:43","date_gmt":"2014-12-11T02:57:43","guid":{"rendered":"http:\/\/test.blackjackinfo.com\/?page_id=1226"},"modified":"2018-06-22T01:13:46","modified_gmt":"2018-06-22T06:13:46","slug":"nozioni-di-base-del-blackjack","status":"publish","type":"page","link":"https:\/\/www.blackjackinfo.com\/it\/blackjack-rules\/blackjack-basics\/","title":{"rendered":"Regole del blackjack: Parte 2 - Nozioni di base del blackjack"},"content":{"rendered":"<div class=\"bji-byline\">da <a href=\"\/ken-smith\/\">Kenneth R Smith<\/a><\/div>\n<h2 class=\"text-center\">Premessa del gioco<\/h2>\n<p>Il blackjack \u00e8 piuttosto semplice.  La premessa di base del gioco \u00e8 che si vuole avere un valore della mano che si avvicini a 21 rispetto a quello del banco, senza superare il 21. Gli altri giocatori al tavolo non sono interessati. Gli altri giocatori al tavolo non sono interessati. La vostra mano compete solo contro quella del banco.<\/p>\n<p>Le regole di gioco per il croupier sono rigorosamente dettate, senza lasciare alcuna decisione al croupier stesso. Pertanto, non c'\u00e8 alcun problema se il croupier o gli altri giocatori al tavolo vedono le carte che avete in mano. Infatti, se si gioca in una partita di shoe, le carte dei giocatori sono tutte distribuite a faccia in su.<\/p>\n<p>In ogni caso, quando si sta imparando a giocare, non bisogna esitare a mostrare le carte al banco o agli altri giocatori e a fare domande.<\/p>\n<hr>\n<h2 class=\"text-center\">Valori delle carte<\/h2>\n<p>Nel blackjack, le carte sono valutate come segue:<\/p>\n<ul>\n<li>L'Asso pu\u00f2 contare come 1 o 11, come spiegato di seguito.<\/li>\n<li>Le carte dal 2 al 9 sono valutate al loro valore nominale.<\/li>\n<li>Il 10, il Fante, la Regina e il Re hanno tutti un valore pari a 10.<\/li>\n<\/ul>\n<p>I semi delle carte non hanno alcun significato nel gioco. Il valore di una mano \u00e8 semplicemente la somma dei punti di ogni carta della mano.  Alcuni esempi:<\/p>\n<p><img loading=\"lazy\" decoding=\"async\" class=\"card\" src=\"\/img\/cards\/5c.gif\" width=\"79\" height=\"96\" alt=\"Five of Clubs\" data-no-auto-translation=\"\"><img loading=\"lazy\" decoding=\"async\" class=\"card\" src=\"\/img\/cards\/7h.gif\" width=\"79\" height=\"96\" alt=\"Seven of Hearts\" data-no-auto-translation=\"\"><img loading=\"lazy\" decoding=\"async\" class=\"card\" src=\"\/img\/cards\/9d.gif\" width=\"79\" height=\"96\" alt=\"Nine of Diamonds\" data-no-auto-translation=\"\"><br \/>\n5 + 7 + 9 = 21, quindi questa mano ha un valore pari a 21.<\/p>\n<p><img loading=\"lazy\" decoding=\"async\" class=\"card\" src=\"\/img\/cards\/jd.gif\" width=\"79\" height=\"96\" alt=\"Jack of Diamonds\" data-no-auto-translation=\"\"><img loading=\"lazy\" decoding=\"async\" class=\"card\" src=\"\/img\/cards\/ts.gif\" width=\"79\" height=\"96\" alt=\"Ten of Spades\" data-no-auto-translation=\"\"><br \/>\n10 + 10 = 20, quindi questa mano ha valore 20.<\/p>\n<p><img loading=\"lazy\" decoding=\"async\" class=\"card\" src=\"\/img\/cards\/9s.gif\" width=\"79\" height=\"96\" alt=\"Nine of Spades\" data-no-auto-translation=\"\"><img loading=\"lazy\" decoding=\"async\" class=\"card\" src=\"\/img\/cards\/3s.gif\" width=\"79\" height=\"96\" alt=\"Three of Spades\" data-no-auto-translation=\"\"><img loading=\"lazy\" decoding=\"async\" class=\"card\" src=\"\/img\/cards\/qh.gif\" width=\"79\" height=\"96\" alt=\"Queen of Hearts\" data-no-auto-translation=\"\"><br \/>\n9 + 3 + 10 = 22, quindi questa mano \u00e8 un \"bust\".  Qualsiasi mano che superi il 21 si \"rompe\", o viene \"bustata\", ed \u00e8 automaticamente perdente.<\/p>\n<p>Piuttosto facile, eh?<\/p>\n<p>L'Asso aggiunge un nuovo tocco...<\/p>\n<p>Un Asso pu\u00f2 essere contato sia come 1 che come 11. Non \u00e8 necessario specificare il valore dell'Asso. Si presume che abbia il valore della mano migliore, che pu\u00f2 cambiare man mano che si aggiungono altre carte alla mano.<\/p>\n<p><img loading=\"lazy\" decoding=\"async\" class=\"card\" src=\"\/img\/cards\/ac.gif\" width=\"79\" height=\"96\" alt=\"Ace of Clubs\" data-no-auto-translation=\"\"><img loading=\"lazy\" decoding=\"async\" class=\"card\" src=\"\/img\/cards\/6d.gif\" width=\"79\" height=\"96\" alt=\"Six of Diamonds\" data-no-auto-translation=\"\"><br \/>\nQuesta mano ha un valore di 7 o 17, noto anche come 17 \"morbido\".<\/p>\n<p>Una mano morbida \u00e8 una mano in cui un Asso pu\u00f2 essere contato come 1 o 11 senza superare il 21. Il nome riflette il fatto che la mano non pu\u00f2 rompersi se si estrae un'altra carta.  Il nome riflette il fatto che la mano non pu\u00f2 rompersi se si estrae un'altra carta.  \u00c8 \"morbida\".<\/p>\n<p>Pesciamo un'altra carta:<br \/>\n<img loading=\"lazy\" decoding=\"async\" class=\"card\" src=\"\/img\/cards\/ac.gif\" width=\"79\" height=\"96\" alt=\"Ace of Clubs\" data-no-auto-translation=\"\"><img loading=\"lazy\" decoding=\"async\" class=\"card\" src=\"\/img\/cards\/6d.gif\" width=\"79\" height=\"96\" alt=\"Six of Diamonds\" data-no-auto-translation=\"\"><img loading=\"lazy\" decoding=\"async\" class=\"card\" src=\"\/img\/cards\/ks.gif\" width=\"79\" height=\"96\" alt=\"King of Spades\" data-no-auto-translation=\"\"><\/p>\n<p>Ora la nostra mano \u00e8 17, dato che 1 + 6 + 10 = 17.  Non abbiamo pi\u00f9 la possibilit\u00e0 di contare l'Asso come 11, perch\u00e9 andrebbe oltre il 21. (Questa mano \u00e8 ora un 17 difficile, nonostante l'Asso sia presente).  (Questa mano \u00e8 ora un 17 difficile, nonostante abbia un Asso).<\/p>\n<p>Facciamo marcia indietro e peschiamo invece una carta diversa:<br \/>\n<img loading=\"lazy\" decoding=\"async\" class=\"card\" src=\"\/img\/cards\/ac.gif\" width=\"79\" height=\"96\" alt=\"Ace of Clubs\" data-no-auto-translation=\"\"><img loading=\"lazy\" decoding=\"async\" class=\"card\" src=\"\/img\/cards\/6d.gif\" width=\"79\" height=\"96\" alt=\"Six of Diamonds\" data-no-auto-translation=\"\"><img loading=\"lazy\" decoding=\"async\" class=\"card\" src=\"\/img\/cards\/3d.gif\" width=\"79\" height=\"96\" alt=\"Three of Diamonds\" data-no-auto-translation=\"\"><\/p>\n<p>Ora la nostra mano \u00e8 \"10 o 20\", un 20 morbido.  Il 20 \u00e8 un'ottima mano, quindi ci fermiamo qui.<\/p>\n<hr>\n<h2 class=\"text-center\">Il gioco delle carte<\/h2>\n<p>Una volta piazzate tutte le puntate, il mazziere distribuisce le carte ai giocatori. Far\u00e0 due giri intorno al tavolo partendo dalla sua sinistra (la vostra destra) in modo che i giocatori e il mazziere abbiano due carte ciascuno.  Il mazziere girer\u00e0 una delle sue carte, esponendone il valore come \"upcard del mazziere\".<\/p>\n<p>(In alcune parti del mondo, il mazziere pu\u00f2 ricevere una sola carta.  Questo argomento \u00e8 trattato in <a href=\"\/blackjack-rules\/rule-variations\/\">Variazioni della regola<\/a>pi\u00f9 avanti in questa serie).<\/p>\n<p>Nei giochi distribuiti da una scarpa, le carte dei giocatori sono a faccia in su e i giocatori non possono toccarle. Se siete alle prime armi, questo \u00e8 il tipo di gioco migliore, perch\u00e9 non dovete preoccuparvi di maneggiare le carte.<\/p>\n<div class=\"panel\">\nI giochi a mano sono leggermente diversi.  In questi giochi, le carte dei giocatori vengono distribuite a faccia in gi\u00f9 e i giocatori raccolgono le carte. Quando si maneggiano le carte in un gioco portatile, occorre ricordare alcune cose importanti.<\/p>\n<ul>\n<li>Dovete toccare le carte con una sola mano. Se siete giocatori di poker, questo pu\u00f2 richiedere un certo sforzo per rompere le vecchie abitudini!<\/li>\n<li>Le carte devono essere tenute sopra il tavolo.  Non avvicinatele al corpo.<\/li>\n<li>Le carte che il mazziere distribuisce successivamente alla mano vengono lasciate sul tavolo e non aggiunte alle carte in possesso del giocatore.<\/li>\n<\/ul>\n<\/div>\n<p>Una volta distribuite le mani iniziali, il gioco procede intorno al tavolo a partire dal primo posto alla sinistra del mazziere, detto anche \"prima base\". Ogni giocatore, a turno, indica al mazziere come desidera giocare la mano. (Tutte queste scelte sono spiegate nella prossima parte di questa serie).<\/p>\n<p>Dopo che tutti i giocatori hanno terminato le loro mani, il mazziere completer\u00e0 la sua mano, quindi pagher\u00e0 le puntate vincenti e incasser\u00e0 le puntate perdenti.<\/p>\n<hr>\n<h2 class=\"text-center\">Come il mazziere gioca la sua mano<\/h2>\n<p>Il mazziere gira per prima cosa la \"carta coperta\" per rivelare la sua mano iniziale di due carte.  Il mazziere \u00e8 quindi tenuto a giocare la sua mano in un modo molto specifico, senza possibilit\u00e0 di scelta.<\/p>\n<p>Deve pescare carte finch\u00e9 non ha un totale di 17 o pi\u00f9.  Il croupier non ha scelta su come giocare la mano.  Deve continuare a prendere le carte fino a quando il suo totale non sar\u00e0 di almeno 17.<\/p>\n<p>(Discuter\u00f2 una piccola variante di questa regola nella sezione <a href=\"\/blackjack-rules\/rule-variations\/\">Variazioni della regola<\/a> sezione di questa serie).<\/p>\n<p>Analizziamo una possibile mano del mazziere:<\/p>\n<p><img loading=\"lazy\" decoding=\"async\" class=\"card\" src=\"\/img\/cards\/ac.gif\" width=\"79\" height=\"96\" alt=\"Ace of Clubs\" data-no-auto-translation=\"\"><img loading=\"lazy\" decoding=\"async\" class=\"card\" src=\"\/img\/cards\/5h.gif\" width=\"79\" height=\"96\" alt=\"Five of Hearts\" data-no-auto-translation=\"\"><img loading=\"lazy\" decoding=\"async\" class=\"card\" src=\"\/img\/cards\/7d.gif\" width=\"79\" height=\"96\" alt=\"Seven of Diamonds\" data-no-auto-translation=\"\"><img loading=\"lazy\" decoding=\"async\" class=\"card\" src=\"\/img\/cards\/6c.gif\" width=\"79\" height=\"96\" alt=\"Six of Clubs\" data-no-auto-translation=\"\"><\/p>\n<p>Dopo aver girato la carta coperta, la mano del banco era (Asso, 5).  Il valore della mano \u00e8 di 16, quindi deve pescare un'altra carta.<\/p>\n<p>Ha pescato un 7, rendendo il valore della mano 13 (l'Asso non pu\u00f2 pi\u00f9 essere contato come 11).  Con un totale di 13, deve colpire di nuovo.<\/p>\n<p>Ha estratto un 6, rendendo il totale della mano 19.  Poich\u00e9 si tratta di \"17 o pi\u00f9\", il croupier si ferma con un totale finale di 19.<\/p>\n<hr>\n<h2 class=\"text-center\">Vittorie, sconfitte e pareggi<\/h2>\n<p>Una volta terminata la mano, come fa il croupier a decidere quali puntate pagare e quali riscuotere?<\/p>\n<p>Se si pesca una carta che fa superare il totale della mano a 21, la mano \u00e8 un bust.  Si tratta di una perdita automatica.  Il banco incassa immediatamente la puntata e scarta la mano.<\/p>\n<p>Supponendo che non abbiate fatto bust, il dealer giocher\u00e0 la sua mano alla fine.  Se il mazziere fa busting superando il 21, tutti i giocatori rimanenti vincono le loro puntate.<\/p>\n<p>Se n\u00e9 voi n\u00e9 il mazziere avete fatto busted, ora il mazziere confronter\u00e0 il suo totale finale con il vostro.<\/p>\n<p>Se il suo totale \u00e8 superiore al vostro, perdete la scommessa e lui raccoglier\u00e0 la vostra puntata e metter\u00e0 le fiches nel suo vassoio.<\/p>\n<p>Se il vostro totale \u00e8 superiore al suo, vincete la scommessa e lui pagher\u00e0 l'intero importo scommesso.  Dopo il pagamento, avrete la vostra puntata iniziale pi\u00f9 l'importo vinto nel cerchio.<\/p>\n<p>Quindi, cosa succede se voi e il banco pareggiate, con lo stesso identico totale?  Niente di niente.  Il pareggio si chiama \"push\" e non si vince n\u00e9 si perde la puntata.  Le vostre fiches rimangono nel cerchio delle scommesse, dove potete lasciarle per la mano successiva, se volete, oppure potete aggiungerle o toglierle a vostro piacimento prima della mano successiva.<\/p>\n<hr>\n<h2 class=\"text-center\">Che cos'\u00e8 un Blackjack, o Naturale?<\/h2>\n<p>Un blackjack, o naturale, \u00e8 un totale di 21 nelle prime due carte. Un blackjack \u00e8 quindi costituito da un Asso e da qualsiasi carta di valore dieci, con l'ulteriore requisito che si tratti delle prime due carte. Se ad esempio dividete una coppia di Assi e poi pescate una carta di valore dieci su uno degli Assi, non si tratta di un blackjack, bens\u00ec di un totale di 21.<\/p>\n<p>La distinzione \u00e8 importante, perch\u00e9 un blackjack vincente paga il giocatore 3 a 2. Una puntata di $10 vince $15 se il giocatore estrae un blackjack. Un blackjack del giocatore batte qualsiasi totale del banco che non sia un blackjack, compresi i tre o pi\u00f9 carte 21 del banco. Se sia il giocatore che il banco hanno un blackjack, la mano \u00e8 un pareggio o un push.<\/p>\n<p>Di solito il banco pagher\u00e0 immediatamente la puntata vincente del blackjack quando sar\u00e0 il vostro turno di gioco. Nei giochi a faccia in gi\u00f9, ci\u00f2 significa che dovrete mostrare il blackjack al banco in quel momento. Alcuni casin\u00f2 possono rimandare il pagamento del blackjack fino a quando la mano non \u00e8 terminata, se il croupier ha un 10 e non ha fatto il check per un blackjack del banco. Altri casin\u00f2 controllano sia le carte scoperte del 10 che quelle con l'asso del banco, e quindi pagherebbero il blackjack immediatamente.<\/p>\n<p>In ogni caso, quando vi viene distribuito un blackjack, girate le carte a faccia in su e sorridete. Succede solo una volta ogni 21 mani, ma rappresenta gran parte del divertimento del gioco. <\/p>\n<hr>\n<p class=\"left\">\u2190 Parte 1 - <a href=\"\/blackjack-rules\/casino-basics\/\" rel=\"prev\">Nozioni di base sul casin\u00f2<\/a><\/p>\n<p class=\"right\">Parte 3 - <a href=\"\/blackjack-rules\/player-choices\/\" rel=\"next\">Scelte del giocatore<\/a> \u2192<\/p>","protected":false},"excerpt":{"rendered":"<p>by Kenneth R Smith Premise of the Game Blackjack is pretty simple. The basic premise of the game is that you want to have a hand value that is closer to 21 than that of the dealer, without going over 21. Other players at the table are of no concern. Your hand competes only against [&hellip;]<\/p>\n","protected":false},"author":2,"featured_media":0,"parent":1174,"menu_order":2,"comment_status":"open","ping_status":"open","template":"","meta":{"_acf_changed":false,"footnotes":""},"tags":[],"class_list":["post-1226","page","type-page","status-publish","hentry"],"acf":[],"yoast_head":"<!-- This site is optimized with the Yoast SEO plugin v26.6 - https:\/\/yoast.com\/wordpress\/plugins\/seo\/ -->\n<title>Blackjack Rules: Part 2 - Blackjack Basics<\/title>\n<meta name=\"description\" content=\"We continue our explanation of casino blackjack with thorough coverage of the basics, from the value of the cards to how the dealer plays his hand.\" \/>\n<meta name=\"robots\" content=\"index, follow, max-snippet:-1, max-image-preview:large, max-video-preview:-1\" \/>\n<link rel=\"canonical\" href=\"https:\/\/www.blackjackinfo.com\/it\/regole-del-blackjack-2\/\" \/>\n<meta property=\"og:locale\" content=\"it_IT\" \/>\n<meta property=\"og:type\" content=\"article\" \/>\n<meta property=\"og:title\" content=\"Blackjack Rules: Part 2 - Blackjack Basics\" \/>\n<meta property=\"og:description\" content=\"We continue our explanation of casino blackjack with thorough coverage of the basics, from the value of the cards to how the dealer plays his hand.\" \/>\n<meta property=\"og:url\" content=\"https:\/\/www.blackjackinfo.com\/it\/regole-del-blackjack-2\/\" \/>\n<meta property=\"og:site_name\" content=\"BlackjackInfo.com\" \/>\n<meta property=\"article:modified_time\" content=\"2018-06-22T06:13:46+00:00\" \/>\n<meta name=\"twitter:label1\" content=\"Tempo di lettura stimato\" \/>\n\t<meta name=\"twitter:data1\" content=\"7 minuti\" \/>\n<script type=\"application\/ld+json\" class=\"yoast-schema-graph\">{\"@context\":\"https:\/\/schema.org\",\"@graph\":[{\"@type\":\"WebPage\",\"@id\":\"https:\/\/www.blackjackinfo.com\/blackjack-rules\/blackjack-basics\/\",\"url\":\"https:\/\/www.blackjackinfo.com\/blackjack-rules\/\",\"name\":\"Blackjack Rules: Part 2 - Blackjack Basics\",\"isPartOf\":{\"@id\":\"https:\/\/www.blackjackinfo.com\/#website\"},\"datePublished\":\"2014-12-11T02:57:43+00:00\",\"dateModified\":\"2018-06-22T06:13:46+00:00\",\"description\":\"We continue our explanation of casino blackjack with thorough coverage of the basics, from the value of the cards to how the dealer plays his hand.\",\"breadcrumb\":{\"@id\":\"https:\/\/www.blackjackinfo.com\/blackjack-rules\/#breadcrumb\"},\"inLanguage\":\"it-IT\",\"potentialAction\":[{\"@type\":\"ReadAction\",\"target\":[\"https:\/\/www.blackjackinfo.com\/blackjack-rules\/\"]}]},{\"@type\":\"BreadcrumbList\",\"@id\":\"https:\/\/www.blackjackinfo.com\/blackjack-rules\/#breadcrumb\",\"itemListElement\":[{\"@type\":\"ListItem\",\"position\":1,\"name\":\"Home\",\"item\":\"https:\/\/www.blackjackinfo.com\/\"},{\"@type\":\"ListItem\",\"position\":2,\"name\":\"Casino Blackjack: Rules of the Game\",\"item\":\"https:\/\/www.blackjackinfo.com\/blackjack-rules\/\"},{\"@type\":\"ListItem\",\"position\":3,\"name\":\"Blackjack Rules: Part 2 &#8211; Blackjack Basics\"}]},{\"@type\":\"WebSite\",\"@id\":\"https:\/\/www.blackjackinfo.com\/#website\",\"url\":\"https:\/\/www.blackjackinfo.com\/\",\"name\":\"BlackjackInfo.com\",\"description\":\"Because Winning is More Fun!\",\"potentialAction\":[{\"@type\":\"SearchAction\",\"target\":{\"@type\":\"EntryPoint\",\"urlTemplate\":\"https:\/\/www.blackjackinfo.com\/?s={search_term_string}\"},\"query-input\":{\"@type\":\"PropertyValueSpecification\",\"valueRequired\":true,\"valueName\":\"search_term_string\"}}],\"inLanguage\":\"it-IT\"}]}<\/script>\n<!-- \/ Yoast SEO plugin. -->","yoast_head_json":{"title":"Regole del blackjack: Parte 2 - Nozioni di base del blackjack","description":"Continuiamo la nostra spiegazione del blackjack da casin\u00f2 con una trattazione approfondita delle nozioni di base, dal valore delle carte a come il dealer gioca la sua mano.","robots":{"index":"index","follow":"follow","max-snippet":"max-snippet:-1","max-image-preview":"max-image-preview:large","max-video-preview":"max-video-preview:-1"},"canonical":"https:\/\/www.blackjackinfo.com\/it\/regole-del-blackjack-2\/","og_locale":"it_IT","og_type":"article","og_title":"Blackjack Rules: Part 2 - Blackjack Basics","og_description":"We continue our explanation of casino blackjack with thorough coverage of the basics, from the value of the cards to how the dealer plays his hand.","og_url":"https:\/\/www.blackjackinfo.com\/it\/regole-del-blackjack-2\/","og_site_name":"BlackjackInfo.com","article_modified_time":"2018-06-22T06:13:46+00:00","twitter_misc":{"Tempo di lettura stimato":"7 minuti"},"schema":{"@context":"https:\/\/schema.org","@graph":[{"@type":"WebPage","@id":"https:\/\/www.blackjackinfo.com\/blackjack-rules\/blackjack-basics\/","url":"https:\/\/www.blackjackinfo.com\/blackjack-rules\/","name":"Regole del blackjack: Parte 2 - Nozioni di base del blackjack","isPartOf":{"@id":"https:\/\/www.blackjackinfo.com\/#website"},"datePublished":"2014-12-11T02:57:43+00:00","dateModified":"2018-06-22T06:13:46+00:00","description":"Continuiamo la nostra spiegazione del blackjack da casin\u00f2 con una trattazione approfondita delle nozioni di base, dal valore delle carte a come il dealer gioca la sua mano.","breadcrumb":{"@id":"https:\/\/www.blackjackinfo.com\/blackjack-rules\/#breadcrumb"},"inLanguage":"it-IT","potentialAction":[{"@type":"ReadAction","target":["https:\/\/www.blackjackinfo.com\/blackjack-rules\/"]}]},{"@type":"BreadcrumbList","@id":"https:\/\/www.blackjackinfo.com\/blackjack-rules\/#breadcrumb","itemListElement":[{"@type":"ListItem","position":1,"name":"Home","item":"https:\/\/www.blackjackinfo.com\/"},{"@type":"ListItem","position":2,"name":"Casino Blackjack: Rules of the Game","item":"https:\/\/www.blackjackinfo.com\/blackjack-rules\/"},{"@type":"ListItem","position":3,"name":"Blackjack Rules: Part 2 &#8211; Blackjack Basics"}]},{"@type":"WebSite","@id":"https:\/\/www.blackjackinfo.com\/#website","url":"https:\/\/www.blackjackinfo.com\/","name":"BlackjackInfo.com","description":"Perch\u00e9 vincere \u00e8 pi\u00f9 divertente!","potentialAction":[{"@type":"SearchAction","target":{"@type":"EntryPoint","urlTemplate":"https:\/\/www.blackjackinfo.com\/?s={search_term_string}"},"query-input":{"@type":"PropertyValueSpecification","valueRequired":true,"valueName":"search_term_string"}}],"inLanguage":"it-IT"}]}},"_links":{"self":[{"href":"https:\/\/www.blackjackinfo.com\/it\/wp-json\/wp\/v2\/pages\/1226","targetHints":{"allow":["GET"]}}],"collection":[{"href":"https:\/\/www.blackjackinfo.com\/it\/wp-json\/wp\/v2\/pages"}],"about":[{"href":"https:\/\/www.blackjackinfo.com\/it\/wp-json\/wp\/v2\/types\/page"}],"author":[{"embeddable":true,"href":"https:\/\/www.blackjackinfo.com\/it\/wp-json\/wp\/v2\/users\/2"}],"replies":[{"embeddable":true,"href":"https:\/\/www.blackjackinfo.com\/it\/wp-json\/wp\/v2\/comments?post=1226"}],"version-history":[{"count":43,"href":"https:\/\/www.blackjackinfo.com\/it\/wp-json\/wp\/v2\/pages\/1226\/revisions"}],"predecessor-version":[{"id":1655,"href":"https:\/\/www.blackjackinfo.com\/it\/wp-json\/wp\/v2\/pages\/1226\/revisions\/1655"}],"up":[{"embeddable":true,"href":"https:\/\/www.blackjackinfo.com\/it\/wp-json\/wp\/v2\/pages\/1174"}],"wp:attachment":[{"href":"https:\/\/www.blackjackinfo.com\/it\/wp-json\/wp\/v2\/media?parent=1226"}],"wp:term":[{"taxonomy":"post_tag","embeddable":true,"href":"https:\/\/www.blackjackinfo.com\/it\/wp-json\/wp\/v2\/tags?post=1226"}],"curies":[{"name":"wp","href":"https:\/\/api.w.org\/{rel}","templated":true}]}}