{"id":1290,"date":"2014-12-12T15:20:15","date_gmt":"2014-12-12T20:20:15","guid":{"rendered":"http:\/\/test.blackjackinfo.com\/?page_id=1290"},"modified":"2018-06-22T01:14:55","modified_gmt":"2018-06-22T06:14:55","slug":"scelte-del-giocatore","status":"publish","type":"page","link":"https:\/\/www.blackjackinfo.com\/it\/blackjack-rules\/player-choices\/","title":{"rendered":"Regole del blackjack: Parte 3 - Scelte del giocatore"},"content":{"rendered":"<div class=\"bji-byline\">da <a href=\"\/ken-smith\/\">Kenneth R Smith<\/a><\/div>\n<h2 class=\"text-center\">Colpire e stare in piedi<\/h2>\n<p>La decisione pi\u00f9 comune che un giocatore deve prendere durante il gioco \u00e8 se pescare un'altra carta nella mano (\"hit\") o fermarsi al totale attuale (\"stand\").<\/p>\n<p>Vi sar\u00e0 richiesto di fare dei segnali con la mano invece di annunciare semplicemente \"hit\" o \"stand\" al croupier.  Questo per eliminare qualsiasi confusione o ambiguit\u00e0 nella scelta e anche a beneficio delle immancabili telecamere di sorveglianza.  Se si supera il 21, o si fa \"bust\", il croupier incassa la puntata e rimuove immediatamente le carte dal tavolo.<\/p>\n<p>Il modo in cui si segnala la propria intenzione al mazziere dipende dallo stile di gioco:<\/p>\n<h3 class=\"text-center\">Segnali di mano nel gioco della scarpa<\/h3>\n<p>Nel gioco della scarpa a faccia in su, si indica che si vuole un'altra carta toccando con un dito il tavolo dietro le proprie carte.<\/p>\n<p>Quando si decide di stare in piedi, basta agitare la mano con un movimento orizzontale sulle carte.<\/p>\n<p>Ricordate che in questo tipo di gioco non \u00e8 consentito toccare le carte.<\/p>\n<h3 class=\"text-center\">Segnali di mano nel gioco a mano<\/h3>\n<p>Nel gioco a faccia in gi\u00f9, le cose sono un po' diverse. Le prime due carte si tengono con una mano sola.<\/p>\n<p>Per far capire al croupier che si vuole pescare un'altra carta nella propria mano, grattare leggermente il tavolo con il fondo delle proprie carte. All'inizio osservate un altro giocatore per capire come funziona. Il croupier distribuir\u00e0 le carte aggiuntive sul tavolo di fronte alla vostra puntata. Lasciate le carte sul tavolo, ma aggiungetele mentalmente al valore totale della vostra mano. Se si supera il 21, \u00e8 sufficiente gettare le due carte in mano a faccia in su sul tavolo. Il croupier raccoglier\u00e0 la puntata e scarter\u00e0 la mano.<\/p>\n<p>Quando decidete di stare in piedi, infilate le due carte che avete in mano a faccia in gi\u00f9 sotto le fiches nel vostro cerchio delle puntate. Questa operazione pu\u00f2 essere un po' complicata le prime volte. Non prendete la puntata per mettere le carte sotto. Ricordate che una volta distribuite le carte, non potete toccare le fiches nel cerchio. Basta far scorrere l'angolo delle carte sotto le fiches.<\/p>\n<p>Descrivere queste mosse le fa sembrare complicate.  Non lo sono.  Basta prestare attenzione a ci\u00f2 che fanno gli altri giocatori e ci si trover\u00e0 bene. <\/p>\n<hr>\n<h2 class=\"text-center\">Raddoppiare<\/h2>\n<p>Gran parte delle emozioni e dei profitti del blackjack derivano dalle mani in cui \u00e8 possibile \"raddoppiare\".  Questa opzione \u00e8 disponibile solo con una mano di due carte, prima che sia stata estratta un'altra carta. Il raddoppio consente di raddoppiare la puntata e di ricevere una (e una sola) carta aggiuntiva alla mano.<\/p>\n<p>Un buon esempio di opportunit\u00e0 di raddoppio si ha quando si ha in mano un totale di 11, come un (6,5) contro un upcard di 5 del banco. In questo caso, avete buone possibilit\u00e0 di vincere la mano pescando una carta in pi\u00f9, quindi dovreste aumentare la vostra puntata in questa situazione vantaggiosa raddoppiando.<\/p>\n<p>Se si gioca in un gioco portatile, \u00e8 sufficiente gettare le due carte originali a faccia in su sul tavolo di fronte alla puntata.<\/p>\n<p>In entrambi i tipi di gioco, aggiungere una puntata supplementare al cerchio delle scommesse. Piazzare la puntata aggiuntiva accanto alla puntata originale, non sopra di essa.<\/p>\n<p>Il mazziere distribuisce una carta aggiuntiva alla mano. In un gioco shoe, probabilmente distribuir\u00e0 la carta di traverso per indicare che si tratta di un double-down.  In un gioco a mano, la carta sar\u00e0 nascosta a faccia in gi\u00f9 sotto la puntata per essere rivelata al termine della mano.  A seconda del risultato ottenuto dal croupier nella sua mano, pu\u00f2 essere un'attesa emozionante vedere la carta rivelata alla fine!<\/p>\n<p>\u00c8 possibile raddoppiare per qualsiasi importo fino all'importo della puntata originale, quindi, se si vuole, si pu\u00f2 raddoppiare per un importo inferiore. Si tratta per\u00f2 di una mossa sbagliata.  Ricordate che, per poter aumentare la vostra puntata, rinunciate a qualcosa: la possibilit\u00e0 di pescare pi\u00f9 di una carta aggiuntiva. Se la giocata corretta \u00e8 quella di raddoppiare, si dovrebbe sempre raddoppiare per l'intero importo, se possibile.<\/p>\n<p>E quando \u00e8 il caso di raddoppiare, vi chiederete?  Per saperlo, basta usare il nostro <a href=\"\/blackjack-basic-strategy-engine\/\">Motore della strategia di base del blackjack<\/a>.<\/p>\n<hr>\n<h3 class=\"text-center\">Dividere le coppie<\/h3>\n<p>Quando viene distribuita una coppia di carte dello stesso rango, \u00e8 possibile dividere la coppia in due mani separate e giocarle indipendentemente. Supponiamo che vi venga distribuita una coppia di otto, per un totale di sedici. Il sedici \u00e8 la peggiore mano possibile per un giocatore, poich\u00e9 \u00e8 improbabile che vinca cos\u00ec com'\u00e8, ma \u00e8 molto probabile che vada in bancarotta se si pesca. Ecco una grande opportunit\u00e0 per migliorare una situazione negativa.<\/p>\n<p>Se si gioca a mano, lanciare le carte a faccia in su davanti alla puntata, proprio come se si trattasse di un doppio down. Quindi, in entrambi i tipi di gioco, piazzate una puntata corrispondente accanto alla puntata originale nel cerchio. Si noti che per la divisione \u00e8 necessario puntare lo stesso importo, a differenza del double-down, in cui \u00e8 possibile raddoppiare per un importo inferiore.<\/p>\n<p>Il croupier separer\u00e0 le due carte e le tratter\u00e0 come due mani indipendenti.  Distribuir\u00e0 una seconda carta sul primo otto e voi giocherete la mano di due carte fino al completamento.  (Molti casin\u00f2 vi permetteranno di raddoppiare la mano di due carte, se lo desiderate.  Parler\u00f2 dell'opzione \"Double After Split\" in <a href=\"\/blackjack-rules\/rule-variations\/\">Variazioni della regola<\/a>.)<\/p>\n<p>Indipendentemente da ci\u00f2 che accade nella prima mano, al termine della stessa il banco distribuir\u00e0 una seconda carta per la mano successiva e il processo ricomincer\u00e0 da capo.<\/p>\n<h3 class=\"text-center\">Resplitting<\/h3>\n<p>Se si ottengono altre coppie nelle prime due carte di una mano, la maggior parte dei casin\u00f2 consente di effettuare un nuovo split, creando un'altra mano. In genere un giocatore pu\u00f2 dividere fino a 3 volte, creando 4 mani separate, con 4 puntate separate. Se il raddoppio dopo lo split \u00e8 consentito, potreste avere sul tavolo fino a 8 volte la vostra puntata iniziale!<\/p>\n<h3 class=\"text-center\">Dividere le decine<\/h3>\n<p>Si noti che \u00e8 consentito dividere qualsiasi carta di valore 10, quindi si potrebbe dividere una mano (Jack, Regina). Tuttavia, questa \u00e8 di solito una giocata sbagliata.  Tenete il 20.  Guadagnerete di pi\u00f9 con il 20 di pacca che cercando di ottenere due buone mani da esso.<\/p>\n<p>Non siete convinti?  Ho scritto un post proprio su questo: <a href=\"\/why-splitting-tens-is-a-bad-move\/\">Perch\u00e9 dividere le decine \u00e8 una mossa sbagliata<\/a>.<\/p>\n<h3 class=\"text-center\">Assi divisi<\/h3>\n<p>Un'altra stranezza si verifica quando si dividono gli Assi. La divisione degli Assi \u00e8 una mossa da giocatore molto forte, quindi il casin\u00f2 limita l'estrazione di una sola carta aggiuntiva per ogni Asso. Inoltre, se si estrae una carta di valore dieci su uno degli Assi divisi, la mano non viene considerata un Blackjack, ma viene invece trattata come un normale 21, e quindi non riscuote la vincita 3:2.<\/p>\n<p>Alcuni casin\u00f2 consentono di ripetere l'estrazione di un Asso se ne viene estratto un altro, ma molti non lo fanno.<\/p>\n<p>Con tutte queste limitazioni, ci si pu\u00f2 chiedere se abbia senso dividere gli Assi.<br \/>\nLa risposta \u00e8 una sonora <strong>S\u00cc<\/strong>.  <strong>Dividere sempre gli Assi<\/strong>.<\/p>\n<p>Per avere consigli precisi su quali altre coppie \u00e8 opportuno dividere, consultare il sito web <a href=\"\/blackjack-basic-strategy-engine\/\">Motore della strategia di base del blackjack<\/a>.<\/p>\n<hr>\n<p class=\"left\">\u2190 Parte 2 - <a href=\"\/blackjack-rules\/blackjack-basics\/\" rel=\"prev\">Nozioni di base del blackjack<\/a><\/p>\n<p class=\"right\">Parte 4 - <a href=\"\/blackjack-rules\/insurance-and-surrender\/\" rel=\"next\">Assicurazione e riscatto<\/a> \u2192<\/p>","protected":false},"excerpt":{"rendered":"<p>by Kenneth R Smith Hitting and Standing The most common decision a player must make during the game is whether to draw another card to the hand (&#8220;hit&#8221;), or stop at the current total (&#8220;stand&#8221;). You will be required to make hand signals rather than just announcing &#8220;hit&#8221; or &#8220;stand&#8221; to the dealer. This is [&hellip;]<\/p>\n","protected":false},"author":2,"featured_media":0,"parent":1174,"menu_order":3,"comment_status":"open","ping_status":"open","template":"","meta":{"_acf_changed":false,"footnotes":""},"tags":[],"class_list":["post-1290","page","type-page","status-publish","hentry"],"acf":[],"yoast_head":"<!-- This site is optimized with the Yoast SEO plugin v26.6 - https:\/\/yoast.com\/wordpress\/plugins\/seo\/ -->\n<title>Blackjack Rules: Part 3 - Player Choices<\/title>\n<meta name=\"description\" content=\"The player&#039;s choices are the most important part of blackjack. We cover all the details of hitting, standing, doubling down, and splitting.\" \/>\n<meta name=\"robots\" content=\"index, follow, max-snippet:-1, max-image-preview:large, max-video-preview:-1\" \/>\n<link rel=\"canonical\" href=\"https:\/\/www.blackjackinfo.com\/it\/regole-del-blackjack-2\/\" \/>\n<meta property=\"og:locale\" content=\"it_IT\" \/>\n<meta property=\"og:type\" content=\"article\" \/>\n<meta property=\"og:title\" content=\"Blackjack Rules: Part 3 - Player Choices\" \/>\n<meta property=\"og:description\" content=\"The player&#039;s choices are the most important part of blackjack. We cover all the details of hitting, standing, doubling down, and splitting.\" \/>\n<meta property=\"og:url\" content=\"https:\/\/www.blackjackinfo.com\/it\/regole-del-blackjack-2\/\" \/>\n<meta property=\"og:site_name\" content=\"BlackjackInfo.com\" \/>\n<meta property=\"article:modified_time\" content=\"2018-06-22T06:14:55+00:00\" \/>\n<meta name=\"twitter:label1\" content=\"Tempo di lettura stimato\" \/>\n\t<meta name=\"twitter:data1\" content=\"6 minuti\" \/>\n<script type=\"application\/ld+json\" class=\"yoast-schema-graph\">{\"@context\":\"https:\/\/schema.org\",\"@graph\":[{\"@type\":\"WebPage\",\"@id\":\"https:\/\/www.blackjackinfo.com\/blackjack-rules\/player-choices\/\",\"url\":\"https:\/\/www.blackjackinfo.com\/blackjack-rules\/\",\"name\":\"Blackjack Rules: Part 3 - Player Choices\",\"isPartOf\":{\"@id\":\"https:\/\/www.blackjackinfo.com\/#website\"},\"datePublished\":\"2014-12-12T20:20:15+00:00\",\"dateModified\":\"2018-06-22T06:14:55+00:00\",\"description\":\"The player's choices are the most important part of blackjack. We cover all the details of hitting, standing, doubling down, and splitting.\",\"breadcrumb\":{\"@id\":\"https:\/\/www.blackjackinfo.com\/blackjack-rules\/#breadcrumb\"},\"inLanguage\":\"it-IT\",\"potentialAction\":[{\"@type\":\"ReadAction\",\"target\":[\"https:\/\/www.blackjackinfo.com\/blackjack-rules\/\"]}]},{\"@type\":\"BreadcrumbList\",\"@id\":\"https:\/\/www.blackjackinfo.com\/blackjack-rules\/#breadcrumb\",\"itemListElement\":[{\"@type\":\"ListItem\",\"position\":1,\"name\":\"Home\",\"item\":\"https:\/\/www.blackjackinfo.com\/\"},{\"@type\":\"ListItem\",\"position\":2,\"name\":\"Casino Blackjack: Rules of the Game\",\"item\":\"https:\/\/www.blackjackinfo.com\/blackjack-rules\/\"},{\"@type\":\"ListItem\",\"position\":3,\"name\":\"Blackjack Rules: Part 3 &#8211; Player Choices\"}]},{\"@type\":\"WebSite\",\"@id\":\"https:\/\/www.blackjackinfo.com\/#website\",\"url\":\"https:\/\/www.blackjackinfo.com\/\",\"name\":\"BlackjackInfo.com\",\"description\":\"Because Winning is More Fun!\",\"potentialAction\":[{\"@type\":\"SearchAction\",\"target\":{\"@type\":\"EntryPoint\",\"urlTemplate\":\"https:\/\/www.blackjackinfo.com\/?s={search_term_string}\"},\"query-input\":{\"@type\":\"PropertyValueSpecification\",\"valueRequired\":true,\"valueName\":\"search_term_string\"}}],\"inLanguage\":\"it-IT\"}]}<\/script>\n<!-- \/ Yoast SEO plugin. -->","yoast_head_json":{"title":"Regole del blackjack: Parte 3 - Scelte del giocatore","description":"Le scelte del giocatore sono la parte pi\u00f9 importante del blackjack. Ci occupiamo di tutti i dettagli relativi a colpire, stare, raddoppiare e dividere.","robots":{"index":"index","follow":"follow","max-snippet":"max-snippet:-1","max-image-preview":"max-image-preview:large","max-video-preview":"max-video-preview:-1"},"canonical":"https:\/\/www.blackjackinfo.com\/it\/regole-del-blackjack-2\/","og_locale":"it_IT","og_type":"article","og_title":"Blackjack Rules: Part 3 - Player Choices","og_description":"The player's choices are the most important part of blackjack. We cover all the details of hitting, standing, doubling down, and splitting.","og_url":"https:\/\/www.blackjackinfo.com\/it\/regole-del-blackjack-2\/","og_site_name":"BlackjackInfo.com","article_modified_time":"2018-06-22T06:14:55+00:00","twitter_misc":{"Tempo di lettura stimato":"6 minuti"},"schema":{"@context":"https:\/\/schema.org","@graph":[{"@type":"WebPage","@id":"https:\/\/www.blackjackinfo.com\/blackjack-rules\/player-choices\/","url":"https:\/\/www.blackjackinfo.com\/blackjack-rules\/","name":"Regole del blackjack: Parte 3 - Scelte del giocatore","isPartOf":{"@id":"https:\/\/www.blackjackinfo.com\/#website"},"datePublished":"2014-12-12T20:20:15+00:00","dateModified":"2018-06-22T06:14:55+00:00","description":"Le scelte del giocatore sono la parte pi\u00f9 importante del blackjack. Ci occupiamo di tutti i dettagli relativi a colpire, stare, raddoppiare e dividere.","breadcrumb":{"@id":"https:\/\/www.blackjackinfo.com\/blackjack-rules\/#breadcrumb"},"inLanguage":"it-IT","potentialAction":[{"@type":"ReadAction","target":["https:\/\/www.blackjackinfo.com\/blackjack-rules\/"]}]},{"@type":"BreadcrumbList","@id":"https:\/\/www.blackjackinfo.com\/blackjack-rules\/#breadcrumb","itemListElement":[{"@type":"ListItem","position":1,"name":"Home","item":"https:\/\/www.blackjackinfo.com\/"},{"@type":"ListItem","position":2,"name":"Casino Blackjack: Rules of the Game","item":"https:\/\/www.blackjackinfo.com\/blackjack-rules\/"},{"@type":"ListItem","position":3,"name":"Blackjack Rules: Part 3 &#8211; Player Choices"}]},{"@type":"WebSite","@id":"https:\/\/www.blackjackinfo.com\/#website","url":"https:\/\/www.blackjackinfo.com\/","name":"BlackjackInfo.com","description":"Perch\u00e9 vincere \u00e8 pi\u00f9 divertente!","potentialAction":[{"@type":"SearchAction","target":{"@type":"EntryPoint","urlTemplate":"https:\/\/www.blackjackinfo.com\/?s={search_term_string}"},"query-input":{"@type":"PropertyValueSpecification","valueRequired":true,"valueName":"search_term_string"}}],"inLanguage":"it-IT"}]}},"_links":{"self":[{"href":"https:\/\/www.blackjackinfo.com\/it\/wp-json\/wp\/v2\/pages\/1290","targetHints":{"allow":["GET"]}}],"collection":[{"href":"https:\/\/www.blackjackinfo.com\/it\/wp-json\/wp\/v2\/pages"}],"about":[{"href":"https:\/\/www.blackjackinfo.com\/it\/wp-json\/wp\/v2\/types\/page"}],"author":[{"embeddable":true,"href":"https:\/\/www.blackjackinfo.com\/it\/wp-json\/wp\/v2\/users\/2"}],"replies":[{"embeddable":true,"href":"https:\/\/www.blackjackinfo.com\/it\/wp-json\/wp\/v2\/comments?post=1290"}],"version-history":[{"count":31,"href":"https:\/\/www.blackjackinfo.com\/it\/wp-json\/wp\/v2\/pages\/1290\/revisions"}],"predecessor-version":[{"id":1656,"href":"https:\/\/www.blackjackinfo.com\/it\/wp-json\/wp\/v2\/pages\/1290\/revisions\/1656"}],"up":[{"embeddable":true,"href":"https:\/\/www.blackjackinfo.com\/it\/wp-json\/wp\/v2\/pages\/1174"}],"wp:attachment":[{"href":"https:\/\/www.blackjackinfo.com\/it\/wp-json\/wp\/v2\/media?parent=1290"}],"wp:term":[{"taxonomy":"post_tag","embeddable":true,"href":"https:\/\/www.blackjackinfo.com\/it\/wp-json\/wp\/v2\/tags?post=1290"}],"curies":[{"name":"wp","href":"https:\/\/api.w.org\/{rel}","templated":true}]}}