{"id":1292,"date":"2014-12-12T15:20:51","date_gmt":"2014-12-12T20:20:51","guid":{"rendered":"http:\/\/test.blackjackinfo.com\/?page_id=1292"},"modified":"2018-06-22T01:16:41","modified_gmt":"2018-06-22T06:16:41","slug":"variazioni-delle-regole","status":"publish","type":"page","link":"https:\/\/www.blackjackinfo.com\/it\/blackjack-rules\/rule-variations\/","title":{"rendered":"Regole del blackjack: Parte 5 - Variazioni delle regole"},"content":{"rendered":"<div class=\"bji-byline\">da <a href=\"\/ken-smith\/\">Kenneth R Smith<\/a><\/div>\n<p>Nel blackjack esistono alcune regole che possono variare leggermente da casin\u00f2 a casin\u00f2.<\/p>\n<h2 class=\"text-center\">Il mazziere colpisce un 17 morbido<\/h2>\n<p>In generale, nel blackjack il banco deve colpire se ha un totale di 16 o meno, e stare se ha 17 o pi\u00f9.<\/p>\n<p>Ma in alcuni giochi c'\u00e8 un'eccezione quando il banco ha una mano di 17 \"soft\".<\/p>\n<p>Se guardate il tavolo, vedrete una delle due frasi sul feltro:<\/p>\n<ul>\n<li><strong>Il mazziere si ferma su tutti i 17<\/strong>: Questa \u00e8 la versione semplice.  Il croupier sta in piedi con qualsiasi totale di 17 o pi\u00f9, indipendentemente dal fatto che tale totale sia \"morbido\" o meno.  (Questa regola \u00e8 abbreviata in S17. La S sta per Stand, non per Soft).<\/li>\n<li><strong>Il mazziere colpisce un 17 morbido<\/strong>: Nei casin\u00f2 in cui vige questa regola, il croupier sta in piedi con qualsiasi 17 duro, ma pesca un'altra carta se ha un 17 morbido, come ad esempio (Asso, 2, 4).  (Questa regola \u00e8 abbreviata in H17).<\/li>\n<\/ul>\n<p>Il 17 \u00e8 una mano debole, quindi se al croupier viene permesso di provare a migliorare le mani soft 17, il gioco diventa pi\u00f9 difficile.  Quando al croupier \u00e8 permesso di colpire il 17 morbido, aggiunge circa 0,2% al vantaggio della casa.<\/p>\n<p>Anni fa, le uniche partite \"Hit Soft 17\" negli Stati Uniti si svolgevano a Reno e dintorni, in Nevada.  In quasi tutte le altre aree si usava la regola migliore, che prevedeva di giocare in piedi su tutti i 17.  Nel corso degli anni, sempre pi\u00f9 casin\u00f2 sono passati a colpire i 17 morbidi e ora ci sono molti pi\u00f9 giochi H17 che S17.<\/p>\n<p>\u00c8 ancora possibile trovare alcuni giochi in cui il banco sta su tutti i 17, anche nei casin\u00f2 in cui alcuni tavoli utilizzano la regola H17.  Guardatevi intorno!<\/p>\n<hr>\n<h2 class=\"text-center\">Doppio dopo la divisione<\/h2>\n<p>Dopo aver diviso una coppia, molti casin\u00f2 vi permetteranno di raddoppiare su una mano di due carte che risulta dalla divisione.  Ad esempio, se si divide una coppia di otto e si estrae un 3 nella prima mano, \u00e8 importante poter raddoppiare sulla mano di 11 che ne risulta.<\/p>\n<p>Questa regola \u00e8 abbastanza comune e aiuta il giocatore di circa 0,12%.<\/p>\n<hr>\n<h2 class=\"text-center\">Ripetizione degli assi<\/h2>\n<p>Come accennato nella precedente sezione dedicata alla divisione delle coppie, ci sono diverse restrizioni comuni alla divisione degli Assi.  Dopo lo split riceverete solo una carta per ogni Asso.<\/p>\n<p>Alcuni casin\u00f2 consentono il resplit se si estrae un altro Asso, altri no.  Questo vale anche se il casin\u00f2 consente il resplit di tutte le altre coppie.<\/p>\n<p>Quando il casin\u00f2 permette il resplitting degli Assi, aiuta il giocatore di circa 0,08%.<\/p>\n<p>Questa regola \u00e8 raramente affissa al tavolo.  Se siete curiosi, dovrete chiedere al croupier.<\/p>\n<hr>\n<h2 class=\"text-center\">Peek o No-Peek, Hole Card o No Hole Card<\/h2>\n<p>Molti casin\u00f2 in Europa, e alcuni in altre parti del mondo, gestiscono la seconda carta del dealer in modo diverso.  In questi giochi \"European No Hole Card\", il croupier distribuisce una sola carta all'inizio del giro.  Dopo che tutti i giocatori hanno completato le loro mani, distribuisce la sua seconda carta e completa la mano.<\/p>\n<p>Il contrasto \u00e8 con il normale stile di gioco statunitense.  Qui, se il croupier ha un dieci o un asso, controlla immediatamente l'altra carta per vedere se ha un blackjack.  In caso affermativo, la mano \u00e8 finita.  Questo processo di \"sbirciare\" sotto la carta coperta per verificare la presenza di un blackjack significa che i giocatori possono perdere solo una puntata per mano se il banco ha un blackjack.<\/p>\n<p>In una partita No-Hole-Card, un giocatore potrebbe dividere o raddoppiare e avere pi\u00f9 puntate a rischio per un blackjack del banco, perch\u00e9 il banco non pu\u00f2 controllare in anticipo.  Questo cambia la strategia ottimale e significa che i giocatori di solito non dovrebbero dividere o raddoppiare contro un dieci o un asso del banco.  (Un'eccezione \u00e8 lo split degli Assi contro un dieci del banco).<\/p>\n<p>Si noti che ci sono alcuni giochi senza carta buca in cui le regole dicono specificamente che verr\u00e0 raccolta una sola puntata da un giocatore se il banco ha un blackjack.  In questi giochi, anche se non c'\u00e8 una carta buca, si pu\u00f2 giocare come se ci fosse.  (Ci\u00f2 significa che si dovrebbe giocare come una partita di Peek, anche se in realt\u00e0 non c'\u00e8 un peek).  \u00c8 tutto un po' confuso.<\/p>\n<p>Quando \u00e8 in uso la regola No-Hole-Card, e tutte le puntate sono a rischio per un blackjack del banco, costa al giocatore 0,11%, e i giocatori dovrebbero rivedere la loro strategia in modo appropriato.  (Usare l'opzione \"No-Peek\" sul nostro sito <a href=\"\/blackjack-basic-strategy-engine\/\">Motore strategico<\/a>.)<\/p>\n<hr>\n<h2 class=\"text-center\">Cosa c'\u00e8 dopo<\/h2>\n<p>Se siete arrivati fino a questo punto, congratulazioni.  Dovreste avere una buona idea di cosa aspettarvi quando vi sedete a un tavolo di blackjack al casin\u00f2.<\/p>\n<p>Non abbiamo parlato di come prendere le decisioni migliori durante il gioco.  Questo \u00e8 un argomento a s\u00e9 stante.  Per avere le migliori possibilit\u00e0 di vincere, dovreste imparare e praticare la \"strategia di base\", ovvero il modo matematicamente migliore di giocare ogni mano contro ogni possibile upcard del banco.<\/p>\n<p>Per un grafico gratuito che mostra il gioco giusto in ogni caso, visitate il nostro sito web <a href=\"\/blackjack-basic-strategy-engine\/\">Motore della strategia di base del blackjack<\/a>.<\/p>\n<p>Siete sulla buona strada.<\/p>\n<hr>\n<p class=\"left\">\u2190 Parte 4 - <a href=\"\/blackjack-rules\/insurance-and-surrender\/\" rel=\"prev\">Assicurazione e riscatto<\/a><\/p>\n<p class=\"right\">Torna all'inizio - <a href=\"\/blackjack-rules\/\">Regole del blackjack<\/a> \u2192<\/p>","protected":false},"excerpt":{"rendered":"<p>by Kenneth R Smith There are a few rules in blackjack that can vary slightly from casino to casino. Dealer Hits Soft 17 Generally, the dealer in blackjack must hit if he has a total of 16 or less, and stand if he has 17 or more. But at some games there is an exception [&hellip;]<\/p>\n","protected":false},"author":2,"featured_media":0,"parent":1174,"menu_order":5,"comment_status":"open","ping_status":"open","template":"","meta":{"_acf_changed":false,"footnotes":""},"tags":[],"class_list":["post-1292","page","type-page","status-publish","hentry"],"acf":[],"yoast_head":"<!-- This site is optimized with the Yoast SEO plugin v26.6 - https:\/\/yoast.com\/wordpress\/plugins\/seo\/ -->\n<title>Blackjack Rules: Part 5 - Rule Variations<\/title>\n<meta name=\"description\" content=\"The rules of casino blackjack can vary from one casino to another. We discuss the rules that can change, and how you can pick the best games.\" \/>\n<meta name=\"robots\" content=\"index, follow, max-snippet:-1, max-image-preview:large, max-video-preview:-1\" \/>\n<link rel=\"canonical\" href=\"https:\/\/www.blackjackinfo.com\/it\/regole-del-blackjack-2\/\" \/>\n<meta property=\"og:locale\" content=\"it_IT\" \/>\n<meta property=\"og:type\" content=\"article\" \/>\n<meta property=\"og:title\" content=\"Blackjack Rules: Part 5 - Rule Variations\" \/>\n<meta property=\"og:description\" content=\"The rules of casino blackjack can vary from one casino to another. We discuss the rules that can change, and how you can pick the best games.\" \/>\n<meta property=\"og:url\" content=\"https:\/\/www.blackjackinfo.com\/it\/regole-del-blackjack-2\/\" \/>\n<meta property=\"og:site_name\" content=\"BlackjackInfo.com\" \/>\n<meta property=\"article:modified_time\" content=\"2018-06-22T06:16:41+00:00\" \/>\n<meta name=\"twitter:label1\" content=\"Tempo di lettura stimato\" \/>\n\t<meta name=\"twitter:data1\" content=\"4 minuti\" \/>\n<script type=\"application\/ld+json\" class=\"yoast-schema-graph\">{\"@context\":\"https:\/\/schema.org\",\"@graph\":[{\"@type\":\"WebPage\",\"@id\":\"https:\/\/www.blackjackinfo.com\/blackjack-rules\/rule-variations\/\",\"url\":\"https:\/\/www.blackjackinfo.com\/blackjack-rules\/\",\"name\":\"Blackjack Rules: Part 5 - Rule Variations\",\"isPartOf\":{\"@id\":\"https:\/\/www.blackjackinfo.com\/#website\"},\"datePublished\":\"2014-12-12T20:20:51+00:00\",\"dateModified\":\"2018-06-22T06:16:41+00:00\",\"description\":\"The rules of casino blackjack can vary from one casino to another. We discuss the rules that can change, and how you can pick the best games.\",\"breadcrumb\":{\"@id\":\"https:\/\/www.blackjackinfo.com\/blackjack-rules\/#breadcrumb\"},\"inLanguage\":\"it-IT\",\"potentialAction\":[{\"@type\":\"ReadAction\",\"target\":[\"https:\/\/www.blackjackinfo.com\/blackjack-rules\/\"]}]},{\"@type\":\"BreadcrumbList\",\"@id\":\"https:\/\/www.blackjackinfo.com\/blackjack-rules\/#breadcrumb\",\"itemListElement\":[{\"@type\":\"ListItem\",\"position\":1,\"name\":\"Home\",\"item\":\"https:\/\/www.blackjackinfo.com\/\"},{\"@type\":\"ListItem\",\"position\":2,\"name\":\"Casino Blackjack: Rules of the Game\",\"item\":\"https:\/\/www.blackjackinfo.com\/blackjack-rules\/\"},{\"@type\":\"ListItem\",\"position\":3,\"name\":\"Blackjack Rules: Part 5 &#8211; Rule Variations\"}]},{\"@type\":\"WebSite\",\"@id\":\"https:\/\/www.blackjackinfo.com\/#website\",\"url\":\"https:\/\/www.blackjackinfo.com\/\",\"name\":\"BlackjackInfo.com\",\"description\":\"Because Winning is More Fun!\",\"potentialAction\":[{\"@type\":\"SearchAction\",\"target\":{\"@type\":\"EntryPoint\",\"urlTemplate\":\"https:\/\/www.blackjackinfo.com\/?s={search_term_string}\"},\"query-input\":{\"@type\":\"PropertyValueSpecification\",\"valueRequired\":true,\"valueName\":\"search_term_string\"}}],\"inLanguage\":\"it-IT\"}]}<\/script>\n<!-- \/ Yoast SEO plugin. -->","yoast_head_json":{"title":"Regole del blackjack: Parte 5 - Variazioni delle regole","description":"Le regole del blackjack da casin\u00f2 possono variare da un casin\u00f2 all'altro. Discutiamo le regole che possono cambiare e come scegliere i giochi migliori.","robots":{"index":"index","follow":"follow","max-snippet":"max-snippet:-1","max-image-preview":"max-image-preview:large","max-video-preview":"max-video-preview:-1"},"canonical":"https:\/\/www.blackjackinfo.com\/it\/regole-del-blackjack-2\/","og_locale":"it_IT","og_type":"article","og_title":"Blackjack Rules: Part 5 - Rule Variations","og_description":"The rules of casino blackjack can vary from one casino to another. We discuss the rules that can change, and how you can pick the best games.","og_url":"https:\/\/www.blackjackinfo.com\/it\/regole-del-blackjack-2\/","og_site_name":"BlackjackInfo.com","article_modified_time":"2018-06-22T06:16:41+00:00","twitter_misc":{"Tempo di lettura stimato":"4 minuti"},"schema":{"@context":"https:\/\/schema.org","@graph":[{"@type":"WebPage","@id":"https:\/\/www.blackjackinfo.com\/blackjack-rules\/rule-variations\/","url":"https:\/\/www.blackjackinfo.com\/blackjack-rules\/","name":"Regole del blackjack: Parte 5 - Variazioni delle regole","isPartOf":{"@id":"https:\/\/www.blackjackinfo.com\/#website"},"datePublished":"2014-12-12T20:20:51+00:00","dateModified":"2018-06-22T06:16:41+00:00","description":"Le regole del blackjack da casin\u00f2 possono variare da un casin\u00f2 all'altro. Discutiamo le regole che possono cambiare e come scegliere i giochi migliori.","breadcrumb":{"@id":"https:\/\/www.blackjackinfo.com\/blackjack-rules\/#breadcrumb"},"inLanguage":"it-IT","potentialAction":[{"@type":"ReadAction","target":["https:\/\/www.blackjackinfo.com\/blackjack-rules\/"]}]},{"@type":"BreadcrumbList","@id":"https:\/\/www.blackjackinfo.com\/blackjack-rules\/#breadcrumb","itemListElement":[{"@type":"ListItem","position":1,"name":"Home","item":"https:\/\/www.blackjackinfo.com\/"},{"@type":"ListItem","position":2,"name":"Casino Blackjack: Rules of the Game","item":"https:\/\/www.blackjackinfo.com\/blackjack-rules\/"},{"@type":"ListItem","position":3,"name":"Blackjack Rules: Part 5 &#8211; Rule Variations"}]},{"@type":"WebSite","@id":"https:\/\/www.blackjackinfo.com\/#website","url":"https:\/\/www.blackjackinfo.com\/","name":"BlackjackInfo.com","description":"Perch\u00e9 vincere \u00e8 pi\u00f9 divertente!","potentialAction":[{"@type":"SearchAction","target":{"@type":"EntryPoint","urlTemplate":"https:\/\/www.blackjackinfo.com\/?s={search_term_string}"},"query-input":{"@type":"PropertyValueSpecification","valueRequired":true,"valueName":"search_term_string"}}],"inLanguage":"it-IT"}]}},"_links":{"self":[{"href":"https:\/\/www.blackjackinfo.com\/it\/wp-json\/wp\/v2\/pages\/1292","targetHints":{"allow":["GET"]}}],"collection":[{"href":"https:\/\/www.blackjackinfo.com\/it\/wp-json\/wp\/v2\/pages"}],"about":[{"href":"https:\/\/www.blackjackinfo.com\/it\/wp-json\/wp\/v2\/types\/page"}],"author":[{"embeddable":true,"href":"https:\/\/www.blackjackinfo.com\/it\/wp-json\/wp\/v2\/users\/2"}],"replies":[{"embeddable":true,"href":"https:\/\/www.blackjackinfo.com\/it\/wp-json\/wp\/v2\/comments?post=1292"}],"version-history":[{"count":17,"href":"https:\/\/www.blackjackinfo.com\/it\/wp-json\/wp\/v2\/pages\/1292\/revisions"}],"predecessor-version":[{"id":1658,"href":"https:\/\/www.blackjackinfo.com\/it\/wp-json\/wp\/v2\/pages\/1292\/revisions\/1658"}],"up":[{"embeddable":true,"href":"https:\/\/www.blackjackinfo.com\/it\/wp-json\/wp\/v2\/pages\/1174"}],"wp:attachment":[{"href":"https:\/\/www.blackjackinfo.com\/it\/wp-json\/wp\/v2\/media?parent=1292"}],"wp:term":[{"taxonomy":"post_tag","embeddable":true,"href":"https:\/\/www.blackjackinfo.com\/it\/wp-json\/wp\/v2\/tags?post=1292"}],"curies":[{"name":"wp","href":"https:\/\/api.w.org\/{rel}","templated":true}]}}