{"id":1348,"date":"2014-12-12T18:27:00","date_gmt":"2014-12-12T23:27:00","guid":{"rendered":"http:\/\/test.blackjackinfo.com\/?page_id=1348"},"modified":"2018-06-22T01:15:34","modified_gmt":"2018-06-22T06:15:34","slug":"assicurazione-e-riscatto","status":"publish","type":"page","link":"https:\/\/www.blackjackinfo.com\/it\/blackjack-rules\/insurance-and-surrender\/","title":{"rendered":"Regole del blackjack: Parte 4 - Assicurazione e rinuncia"},"content":{"rendered":"<div class=\"bji-byline\">da <a href=\"\/ken-smith\/\">Kenneth R Smith<\/a><\/div>\n<h2 class=\"text-center\">Assicurazione<\/h2>\n<p>L'assicurazione nel blackjack \u00e8 spesso fraintesa dai giocatori ed \u00e8 una grande fonte di guadagno per i casin\u00f2.  Il nome di questa scommessa laterale \"assicurazione\" \u00e8 stata una brillante manovra di marketing, e alcuni giocatori altrimenti solidi fanno spesso questa pessima puntata per \"assicurarsi\" quando hanno una buona mano.  In realt\u00e0, l'assicurazione non \u00e8 sempre una scommessa sbagliata.  Per i giocatori che sanno riconoscere quando il mazzo rimanente \u00e8 ricco di carte di valore dieci, questa pu\u00f2 essere una scommessa laterale redditizia.<\/p>\n<p>Quindi, cos'\u00e8 esattamente l'\"assicurazione\" nel blackjack?<\/p>\n<p>L'assicurazione \u00e8 una scommessa di proposta disponibile solo quando l'upcard del banco \u00e8 un Asso.<\/p>\n<p>Quando il croupier scopre un Asso, offre l'\"Assicurazione\" ai giocatori.  Le scommesse sull'assicurazione possono essere effettuate puntando fino a met\u00e0 dell'importo della puntata originale nella striscia di scommesse sull'assicurazione davanti alla propria puntata.<\/p>\n<p>Il croupier controller\u00e0 se ha una carta di valore 10 sotto il suo Asso, e se ha un Blackjack, la vostra scommessa vincente sull'assicurazione sar\u00e0 pagata con una quota di 2:1. Si perder\u00e0 comunque la puntata originale (a meno che non si abbia anche un Blackjack), quindi l'effetto netto \u00e8 che si va in pareggio (supponendo di aver puntato l'intera met\u00e0 della puntata per l'assicurazione). Questo \u00e8 il motivo per cui la puntata \u00e8 descritta come \"assicurazione\", poich\u00e9 sembra proteggere la puntata originale contro un Blackjack del banco. Naturalmente, se il banco non ha un blackjack, perderete la puntata assicurativa e dovrete comunque giocare la puntata originale.<\/p>\n<p>L'assicurazione \u00e8 semplicemente una scommessa laterale che offre una probabilit\u00e0 di 2:1 che il banco abbia una carta di valore 10 sotto il suo Asso.  Non sorprende che il casin\u00f2 abbia un vantaggio sostanziale su questa scommessa.  In un gioco a mazzo singolo, ci sono 16 carte di valore dieci. Supponendo che non si vedano altre carte, compresa la propria, i dieci compongono 16 delle 51 carte rimanenti dopo che l'Asso del banco \u00e8 stato rimosso. Affinch\u00e9 la scommessa di assicurazione sia una scommessa in pareggio, la carta in buca dovrebbe essere un dieci 1 volta su 3, ma 16\/51 \u00e8 solo 1 su 3,1875.<\/p>\n<p>Questo crea un margine della casa di 5,8TP3T sulla scommessa di assicurazione in un singolo mazzo.  \u00c8 ancora peggio in sei mazzi, con un margine della casa di 7,40%.<\/p>\n<p>I contatori di carte possono comunque battere la scommessa assicurativa, effettuando la puntata solo quando sanno che pi\u00f9 di un terzo delle carte rimanenti sono dieci.<\/p>\n<p>A meno che non siate dei contatori di carte e sappiate che il mazzo \u00e8 sufficientemente skewed, ignorate la puntata assicurativa.  Non importa se avete una buona o una cattiva mano.<\/p>\n<hr>\n<h2 class=\"text-center\">Prendere \"soldi pari\" al Blackjack<\/h2>\n<p>Se avete un blackjack quando il croupier tira fuori un Asso, \u00e8 probabile che vi offra \"soldi pari\" invece della puntata assicurativa.  Se accettate, il banco vi pagher\u00e0 l'importo della vostra puntata originale e scarter\u00e0 la vostra mano di blackjack, prima ancora di controllare sotto il suo Asso per vedere se anche lui ha un blackjack.<\/p>\n<p>A molti giocatori questo sembra un buon affare, in quanto garantisce un profitto anche se il banco ha un blackjack.  Ma il profitto garantito ha un prezzo.  A lungo termine, si vincer\u00e0 di pi\u00f9 se si resister\u00e0 alla vincita completa dell'$15 quando il banco non ha un blackjack, anche se a volte si finir\u00e0 a mani vuote.<\/p>\n<p>Il \"denaro pari\" non \u00e8 altro che una scommessa assicurativa sul blackjack, niente di pi\u00f9 e niente di meno.  Lasciate che vi mostri come funziona:<\/p>\n<p>Supponiamo di puntare $10 e di avere un blackjack. Normalmente incassereste $15 per questo, a meno che il banco non abbia anch'esso un blackjack, nel qual caso fareste un push o un pareggio.  Supponiamo che il banco abbia un Asso e che decidiate di assicurarvi per l'intero importo consentito di $5.<\/p>\n<p>Ora, possono accadere due cose:<br \/>\n1) Il banco ha un Blackjack. Si pareggia con $10, ma si incassa 2:1 sulla scommessa di assicurazione $5 per un profitto totale di $10.<br \/>\n2) Il banco non ha un blackjack. Perdete la puntata di assicurazione di $5, ma incassate $15 per il vostro blackjack. Il vostro profitto totale \u00e8 di nuovo $10.<\/p>\n<p>In entrambi i casi, una volta effettuata la scommessa sull'assicurazione, viene garantito un profitto di $10, ovvero un pagamento alla pari per la scommessa originale.  Pertanto, i casin\u00f2 consentono di eliminare del tutto la scommessa sull'assicurazione e di dichiarare semplicemente che si desidera un \"denaro pari\" per il blackjack quando il banco ha un Asso.<\/p>\n<p>Il problema \u00e8 che state ancora facendo una scommessa sbagliata sull'assicurazione, che vi costa denaro.  Se ignorate l'offerta di denaro pari, a volte ottenete $15 e a volte $0.  In media, per\u00f2, incasserete un po' di pi\u00f9 dell'$10 che vi viene offerto per il denaro pari.<\/p>\n<p>Un giocatore che non conta le carte non dovrebbe mai accettare la scommessa assicurativa, nemmeno quella \"alla pari\".<\/p>\n<hr>\n<h2 class=\"text-center\">Arrendersi<\/h2>\n<p>Alcuni giochi offrono al giocatore la possibilit\u00e0 di foldare la mano, rinunciando a met\u00e0 della puntata.  Questa opzione di rinuncia deve essere effettuata come prima azione del giocatore nella mano.  In altre parole, non si pu\u00f2 pescare una carta e poi decidere di ritirarsi!<\/p>\n<p>Anche quando il surrender \u00e8 disponibile, i giocatori lo usano raramente.  Spesso le regole affisse al tavolo non la menzionano, anche se il casin\u00f2 la consente.  Inoltre, a molti giocatori non piace l'idea di arrendersi a una mano.  Ma per un giocatore intelligente \u00e8 un'opzione utile, che riduce il vantaggio della casa di circa 0,08%.<\/p>\n<p>Quando il surrender \u00e8 disponibile, assicuratevi di conoscere la strategia corretta per utilizzarlo.  La maggior parte dei giocatori che utilizzano questa opzione si arrendono per un numero eccessivo di mani.  Se il vostro gioco offre il surrender, vi consiglio di leggere il mio <a href=\"\/blackjack-surrender-explained\/\">spiegazione completa della resa del blackjack<\/a>.<\/p>\n<p>Nella variante pi\u00f9 comune (nota come \"late\" surrender), il giocatore non pu\u00f2 arrendersi se non dopo che il banco ha verificato la presenza di un blackjack.  Se il banco ha un blackjack, il giocatore perde l'intera puntata e non ha la possibilit\u00e0 di arrendersi per met\u00e0 del costo.<\/p>\n<hr>\n<p class=\"left\">\u2190 Parte 3 - <a href=\"\/blackjack-rules\/player-choices\/\" rel=\"prev\">Scelte del giocatore<\/a><\/p>\n<p class=\"right\">Parte 5 - <a href=\"\/blackjack-rules\/rule-variations\/\" rel=\"next\">Variazioni della regola<\/a> \u2192<\/p>","protected":false},"excerpt":{"rendered":"<p>by Kenneth R Smith Insurance Insurance in blackjack is often misunderstood by players, and is a big money-maker for casinos. Naming this side-bet &#8220;insurance&#8221; was a brilliant marketing ploy, and some otherwise solid players will frequently make this bad bet to &#8220;insure&#8221; when they have a good hand. But actually, insurance is not always a [&hellip;]<\/p>\n","protected":false},"author":2,"featured_media":0,"parent":1174,"menu_order":4,"comment_status":"open","ping_status":"open","template":"","meta":{"_acf_changed":false,"footnotes":""},"tags":[],"class_list":["post-1348","page","type-page","status-publish","hentry"],"acf":[],"yoast_head":"<!-- This site is optimized with the Yoast SEO plugin v26.6 - https:\/\/yoast.com\/wordpress\/plugins\/seo\/ -->\n<title>Blackjack Rules: Part 4 - Insurance and Surrender<\/title>\n<meta name=\"description\" content=\"We continue our explanation of the rules of casino blackjack, covering insurance, taking even money for blackjack, and also the option of surrender.\" \/>\n<meta name=\"robots\" content=\"index, follow, max-snippet:-1, max-image-preview:large, max-video-preview:-1\" \/>\n<link rel=\"canonical\" href=\"https:\/\/www.blackjackinfo.com\/it\/regole-del-blackjack-2\/\" \/>\n<meta property=\"og:locale\" content=\"it_IT\" \/>\n<meta property=\"og:type\" content=\"article\" \/>\n<meta property=\"og:title\" content=\"Blackjack Rules: Part 4 - Insurance and Surrender\" \/>\n<meta property=\"og:description\" content=\"We continue our explanation of the rules of casino blackjack, covering insurance, taking even money for blackjack, and also the option of surrender.\" \/>\n<meta property=\"og:url\" content=\"https:\/\/www.blackjackinfo.com\/it\/regole-del-blackjack-2\/\" \/>\n<meta property=\"og:site_name\" content=\"BlackjackInfo.com\" \/>\n<meta property=\"article:modified_time\" content=\"2018-06-22T06:15:34+00:00\" \/>\n<meta name=\"twitter:label1\" content=\"Tempo di lettura stimato\" \/>\n\t<meta name=\"twitter:data1\" content=\"5 minuti\" \/>\n<script type=\"application\/ld+json\" class=\"yoast-schema-graph\">{\"@context\":\"https:\/\/schema.org\",\"@graph\":[{\"@type\":\"WebPage\",\"@id\":\"https:\/\/www.blackjackinfo.com\/blackjack-rules\/insurance-and-surrender\/\",\"url\":\"https:\/\/www.blackjackinfo.com\/blackjack-rules\/\",\"name\":\"Blackjack Rules: Part 4 - Insurance and Surrender\",\"isPartOf\":{\"@id\":\"https:\/\/www.blackjackinfo.com\/#website\"},\"datePublished\":\"2014-12-12T23:27:00+00:00\",\"dateModified\":\"2018-06-22T06:15:34+00:00\",\"description\":\"We continue our explanation of the rules of casino blackjack, covering insurance, taking even money for blackjack, and also the option of surrender.\",\"breadcrumb\":{\"@id\":\"https:\/\/www.blackjackinfo.com\/blackjack-rules\/#breadcrumb\"},\"inLanguage\":\"it-IT\",\"potentialAction\":[{\"@type\":\"ReadAction\",\"target\":[\"https:\/\/www.blackjackinfo.com\/blackjack-rules\/\"]}]},{\"@type\":\"BreadcrumbList\",\"@id\":\"https:\/\/www.blackjackinfo.com\/blackjack-rules\/#breadcrumb\",\"itemListElement\":[{\"@type\":\"ListItem\",\"position\":1,\"name\":\"Home\",\"item\":\"https:\/\/www.blackjackinfo.com\/\"},{\"@type\":\"ListItem\",\"position\":2,\"name\":\"Casino Blackjack: Rules of the Game\",\"item\":\"https:\/\/www.blackjackinfo.com\/blackjack-rules\/\"},{\"@type\":\"ListItem\",\"position\":3,\"name\":\"Blackjack Rules: Part 4 &#8211; Insurance and Surrender\"}]},{\"@type\":\"WebSite\",\"@id\":\"https:\/\/www.blackjackinfo.com\/#website\",\"url\":\"https:\/\/www.blackjackinfo.com\/\",\"name\":\"BlackjackInfo.com\",\"description\":\"Because Winning is More Fun!\",\"potentialAction\":[{\"@type\":\"SearchAction\",\"target\":{\"@type\":\"EntryPoint\",\"urlTemplate\":\"https:\/\/www.blackjackinfo.com\/?s={search_term_string}\"},\"query-input\":{\"@type\":\"PropertyValueSpecification\",\"valueRequired\":true,\"valueName\":\"search_term_string\"}}],\"inLanguage\":\"it-IT\"}]}<\/script>\n<!-- \/ Yoast SEO plugin. -->","yoast_head_json":{"title":"Regole del blackjack: Parte 4 - Assicurazione e rinuncia","description":"Continuiamo la nostra spiegazione delle regole del blackjack da casin\u00f2, parlando dell'assicurazione, dell'accettazione del denaro alla pari per il blackjack e dell'opzione della resa.","robots":{"index":"index","follow":"follow","max-snippet":"max-snippet:-1","max-image-preview":"max-image-preview:large","max-video-preview":"max-video-preview:-1"},"canonical":"https:\/\/www.blackjackinfo.com\/it\/regole-del-blackjack-2\/","og_locale":"it_IT","og_type":"article","og_title":"Blackjack Rules: Part 4 - Insurance and Surrender","og_description":"We continue our explanation of the rules of casino blackjack, covering insurance, taking even money for blackjack, and also the option of surrender.","og_url":"https:\/\/www.blackjackinfo.com\/it\/regole-del-blackjack-2\/","og_site_name":"BlackjackInfo.com","article_modified_time":"2018-06-22T06:15:34+00:00","twitter_misc":{"Tempo di lettura stimato":"5 minuti"},"schema":{"@context":"https:\/\/schema.org","@graph":[{"@type":"WebPage","@id":"https:\/\/www.blackjackinfo.com\/blackjack-rules\/insurance-and-surrender\/","url":"https:\/\/www.blackjackinfo.com\/blackjack-rules\/","name":"Regole del blackjack: Parte 4 - Assicurazione e rinuncia","isPartOf":{"@id":"https:\/\/www.blackjackinfo.com\/#website"},"datePublished":"2014-12-12T23:27:00+00:00","dateModified":"2018-06-22T06:15:34+00:00","description":"Continuiamo la nostra spiegazione delle regole del blackjack da casin\u00f2, parlando dell'assicurazione, dell'accettazione del denaro alla pari per il blackjack e dell'opzione della resa.","breadcrumb":{"@id":"https:\/\/www.blackjackinfo.com\/blackjack-rules\/#breadcrumb"},"inLanguage":"it-IT","potentialAction":[{"@type":"ReadAction","target":["https:\/\/www.blackjackinfo.com\/blackjack-rules\/"]}]},{"@type":"BreadcrumbList","@id":"https:\/\/www.blackjackinfo.com\/blackjack-rules\/#breadcrumb","itemListElement":[{"@type":"ListItem","position":1,"name":"Home","item":"https:\/\/www.blackjackinfo.com\/"},{"@type":"ListItem","position":2,"name":"Casino Blackjack: Rules of the Game","item":"https:\/\/www.blackjackinfo.com\/blackjack-rules\/"},{"@type":"ListItem","position":3,"name":"Blackjack Rules: Part 4 &#8211; Insurance and Surrender"}]},{"@type":"WebSite","@id":"https:\/\/www.blackjackinfo.com\/#website","url":"https:\/\/www.blackjackinfo.com\/","name":"BlackjackInfo.com","description":"Perch\u00e9 vincere \u00e8 pi\u00f9 divertente!","potentialAction":[{"@type":"SearchAction","target":{"@type":"EntryPoint","urlTemplate":"https:\/\/www.blackjackinfo.com\/?s={search_term_string}"},"query-input":{"@type":"PropertyValueSpecification","valueRequired":true,"valueName":"search_term_string"}}],"inLanguage":"it-IT"}]}},"_links":{"self":[{"href":"https:\/\/www.blackjackinfo.com\/it\/wp-json\/wp\/v2\/pages\/1348","targetHints":{"allow":["GET"]}}],"collection":[{"href":"https:\/\/www.blackjackinfo.com\/it\/wp-json\/wp\/v2\/pages"}],"about":[{"href":"https:\/\/www.blackjackinfo.com\/it\/wp-json\/wp\/v2\/types\/page"}],"author":[{"embeddable":true,"href":"https:\/\/www.blackjackinfo.com\/it\/wp-json\/wp\/v2\/users\/2"}],"replies":[{"embeddable":true,"href":"https:\/\/www.blackjackinfo.com\/it\/wp-json\/wp\/v2\/comments?post=1348"}],"version-history":[{"count":15,"href":"https:\/\/www.blackjackinfo.com\/it\/wp-json\/wp\/v2\/pages\/1348\/revisions"}],"predecessor-version":[{"id":1657,"href":"https:\/\/www.blackjackinfo.com\/it\/wp-json\/wp\/v2\/pages\/1348\/revisions\/1657"}],"up":[{"embeddable":true,"href":"https:\/\/www.blackjackinfo.com\/it\/wp-json\/wp\/v2\/pages\/1174"}],"wp:attachment":[{"href":"https:\/\/www.blackjackinfo.com\/it\/wp-json\/wp\/v2\/media?parent=1348"}],"wp:term":[{"taxonomy":"post_tag","embeddable":true,"href":"https:\/\/www.blackjackinfo.com\/it\/wp-json\/wp\/v2\/tags?post=1348"}],"curies":[{"name":"wp","href":"https:\/\/api.w.org\/{rel}","templated":true}]}}