{"id":1367,"date":"2014-12-13T11:18:06","date_gmt":"2014-12-13T17:18:06","guid":{"rendered":"http:\/\/test.blackjackinfo.com\/?page_id=1367"},"modified":"2018-09-06T00:54:44","modified_gmt":"2018-09-06T05:54:44","slug":"introduzione-ai-tornei","status":"publish","type":"page","link":"https:\/\/www.blackjackinfo.com\/it\/blackjack-tournaments\/introduction-to-tournaments\/","title":{"rendered":"Introduzione ai tornei di blackjack"},"content":{"rendered":"<div class=\"bji-byline\">da <a href=\"\/ken-smith\/\">Kenneth R Smith<\/a>.<\/div>\n<h2>Che cos'\u00e8 un torneo di blackjack?<\/h2>\n<p class=\"intro\">A differenza del normale blackjack da casin\u00f2, in un torneo di blackjack si compete contro i propri compagni di gioco. Mentre ognuno dei giocatori vince o perde contro il banco, il vostro vero obiettivo \u00e8 quello di finire con pi\u00f9 fiches degli altri giocatori al tavolo.<\/p>\n<p>Un tipico torneo di blackjack consiste in diversi brevi turni di gioco, con tavoli di circa 6 giocatori che si sfidano in ogni turno. Il formato \u00e8 solitamente a eliminazione, dove solo 1 o 2 giocatori per ogni tavolo passano al turno successivo.<\/p>\n<p>Ogni round consiste in un numero prestabilito di mani e i giocatori iniziano il round con una quantit\u00e0 uguale di fiches. Alla fine del round, il giocatore o i giocatori con il bankroll pi\u00f9 alto passano al round successivo. Un round tipico dura dalle 15 alle 30 mani. Alcuni tornei utilizzano fiches con denaro vivo, mentre altri sono giocati con fiches da torneo non negoziabili e senza valore in denaro.<\/p>\n<p>Anzich\u00e9 il mazziere inizia sempre a distribuire al primo posto, un pulsante viene posizionato sul tavolo di fronte a un giocatore, indicando che quel giocatore \u00e8 la \"prima base\" per questa mano. Il pulsante si sposta poi consecutivamente intorno al tavolo a ogni mano che passa. Questo \u00e8 un punto importante perch\u00e9 l'ordine di puntata e di gioco ruota con il bottone, e i giocatori che devono puntare e agire presto in una determinata mano sono svantaggiati.<\/p>\n<p>La maggior parte dei tornei consiste in 3-5 turni di eliminazione. Un formato tipico potrebbe prevedere 2 giocatori per ogni tavolo da 6 che avanzano dal primo turno, 1 giocatore per ogni tavolo da 6 che avanza dal secondo turno e quindi il tavolo finale. Questo formato con 6 giocatori al tavolo finale consentirebbe 108 iscrizioni a 18 tavoli del primo turno. Spesso, nei tornei pi\u00f9 piccoli, il primo turno viene suddiviso in diversi turni di qualificazione, in modo che chi non avanza possa rientrare per un altro posto al primo turno.<\/p>\n<h2 class=\"text-center\">Perch\u00e9 si dovrebbe giocare a un torneo di blackjack?<\/h2>\n<p>Il montepremi di un torneo \u00e8 solitamente pari al 100% delle quote di iscrizione pagate dai giocatori. Ci\u00f2 significa che il casin\u00f2 non ha alcun vantaggio sui giocatori del torneo. In effetti, il giocatore abile pu\u00f2 avere un enorme vantaggio sugli altri giocatori, se questi ultimi sono meno esperti nella strategia dei tornei. Molti casin\u00f2 garantiscono il montepremi anche se il torneo non si riempie di iscritti. In questi casi, il casin\u00f2 paga letteralmente i giocatori per giocare il torneo! Dal punto di vista del casin\u00f2, si tratta di un'ottima operazione di marketing, in quanto attira nuovi giocatori ai tavoli tra un torneo e l'altro.<\/p>\n<p>Poich\u00e9 i tornei pi\u00f9 grandi spesso includono tariffe speciali per le camere e cibo gratis, potete risparmiare sulla vostra vacanza a Las Vegas prenotandola intorno a un torneo. Se siete comunque diretti verso una destinazione di casin\u00f2, programmare il vostro viaggio in modo che coincida con un torneo pu\u00f2 farvi risparmiare un po' di denaro e darvi la possibilit\u00e0 di giocare per un grande premio con un rischio minimo.<\/p>\n<h2 class=\"text-center\">Quali sono i premi tipici?<\/h2>\n<p>I premi in denaro variano molto, come ci si pu\u00f2 aspettare. I tornei pi\u00f9 piccoli possono avere una quota di iscrizione di $10 e pagare $500 o $1000 per il primo posto. La maggior parte dei tornei paga almeno 6 posti. I tornei pi\u00f9 grandi possono avere una quota di iscrizione di $300-$500, con una vincita di conseguenza maggiore. Gli eventi pi\u00f9 grandi hanno quote d'iscrizione di $1000 o pi\u00f9 e talvolta prevedono montepremi di oltre un milione di dollari.<\/p>\n<h2 class=\"text-center\">Dove si possono ottenere maggiori informazioni?<\/h2>\n<p>Visita il nostro sito gemello <a href=\"https:\/\/www.blackjacktournaments.com\/\">BlackjackTournaments.com<\/a> dove il calendario gratuito dei prossimi tornei di blackjack comprende letteralmente migliaia di eventi in tutto il Paese.<\/p>\n<hr \/>\n<p>Per ulteriori articoli sui tornei di blackjack e sulla strategia dei tornei, \u00e8 possibile:<br \/>\nRitorno al <a href=\"\/blackjack-tournaments\/\">Sezione Tornei di Blackjack<\/a>, o<br \/>\nPassare all'articolo successivo <a href=\"\/blackjack-tournaments\/tournament-strategy-basics\/\">Concetti di base della strategia di torneo<\/a>.<\/p>","protected":false},"excerpt":{"rendered":"<p>by Kenneth R Smith. What is a blackjack tournament? Unlike normal casino blackjack play, in a blackjack tournament you are competing against your fellow players. While each of the players still wins or loses against the dealer, your real goal is to finish with more chips than the other players at the table. A typical [&hellip;]<\/p>\n","protected":false},"author":2,"featured_media":0,"parent":1052,"menu_order":1,"comment_status":"open","ping_status":"closed","template":"page-with-sidebar.php","meta":{"_acf_changed":false,"footnotes":""},"tags":[],"class_list":["post-1367","page","type-page","status-publish","hentry"],"acf":[],"yoast_head":"<!-- This site is optimized with the Yoast SEO plugin v26.6 - https:\/\/yoast.com\/wordpress\/plugins\/seo\/ -->\n<title>Introduction to Blackjack Tournaments<\/title>\n<meta name=\"description\" content=\"An explanation of how blackjack tournaments work, including the typical format and rules.\" \/>\n<meta name=\"robots\" content=\"index, follow, max-snippet:-1, max-image-preview:large, max-video-preview:-1\" \/>\n<link rel=\"canonical\" href=\"https:\/\/www.blackjackinfo.com\/it\/tornei-di-blackjack\/introduzione-ai-tornei\/\" \/>\n<meta property=\"og:locale\" content=\"it_IT\" \/>\n<meta property=\"og:type\" content=\"article\" \/>\n<meta property=\"og:title\" content=\"Introduction to Blackjack Tournaments\" \/>\n<meta property=\"og:description\" content=\"An explanation of how blackjack tournaments work, including the typical format and rules.\" \/>\n<meta property=\"og:url\" content=\"https:\/\/www.blackjackinfo.com\/it\/tornei-di-blackjack\/introduzione-ai-tornei\/\" \/>\n<meta property=\"og:site_name\" content=\"BlackjackInfo.com\" \/>\n<meta property=\"article:modified_time\" content=\"2018-09-06T05:54:44+00:00\" \/>\n<meta name=\"twitter:label1\" content=\"Tempo di lettura stimato\" \/>\n\t<meta name=\"twitter:data1\" content=\"3 minuti\" \/>\n<script type=\"application\/ld+json\" class=\"yoast-schema-graph\">{\"@context\":\"https:\/\/schema.org\",\"@graph\":[{\"@type\":\"WebPage\",\"@id\":\"https:\/\/www.blackjackinfo.com\/blackjack-tournaments\/introduction-to-tournaments\/\",\"url\":\"https:\/\/www.blackjackinfo.com\/blackjack-tournaments\/introduction-to-tournaments\/\",\"name\":\"Introduction to Blackjack Tournaments\",\"isPartOf\":{\"@id\":\"https:\/\/www.blackjackinfo.com\/#website\"},\"datePublished\":\"2014-12-13T17:18:06+00:00\",\"dateModified\":\"2018-09-06T05:54:44+00:00\",\"description\":\"An explanation of how blackjack tournaments work, including the typical format and rules.\",\"breadcrumb\":{\"@id\":\"https:\/\/www.blackjackinfo.com\/blackjack-tournaments\/introduction-to-tournaments\/#breadcrumb\"},\"inLanguage\":\"it-IT\",\"potentialAction\":[{\"@type\":\"ReadAction\",\"target\":[\"https:\/\/www.blackjackinfo.com\/blackjack-tournaments\/introduction-to-tournaments\/\"]}]},{\"@type\":\"BreadcrumbList\",\"@id\":\"https:\/\/www.blackjackinfo.com\/blackjack-tournaments\/introduction-to-tournaments\/#breadcrumb\",\"itemListElement\":[{\"@type\":\"ListItem\",\"position\":1,\"name\":\"Home\",\"item\":\"https:\/\/www.blackjackinfo.com\/\"},{\"@type\":\"ListItem\",\"position\":2,\"name\":\"Blackjack Tournament Strategy\",\"item\":\"https:\/\/www.blackjackinfo.com\/blackjack-tournaments\/\"},{\"@type\":\"ListItem\",\"position\":3,\"name\":\"Introduction to Blackjack Tournaments\"}]},{\"@type\":\"WebSite\",\"@id\":\"https:\/\/www.blackjackinfo.com\/#website\",\"url\":\"https:\/\/www.blackjackinfo.com\/\",\"name\":\"BlackjackInfo.com\",\"description\":\"Because Winning is More Fun!\",\"potentialAction\":[{\"@type\":\"SearchAction\",\"target\":{\"@type\":\"EntryPoint\",\"urlTemplate\":\"https:\/\/www.blackjackinfo.com\/?s={search_term_string}\"},\"query-input\":{\"@type\":\"PropertyValueSpecification\",\"valueRequired\":true,\"valueName\":\"search_term_string\"}}],\"inLanguage\":\"it-IT\"}]}<\/script>\n<!-- \/ Yoast SEO plugin. -->","yoast_head_json":{"title":"Introduzione ai tornei di blackjack","description":"Una spiegazione di come funzionano i tornei di blackjack, compresi il formato e le regole tipiche.","robots":{"index":"index","follow":"follow","max-snippet":"max-snippet:-1","max-image-preview":"max-image-preview:large","max-video-preview":"max-video-preview:-1"},"canonical":"https:\/\/www.blackjackinfo.com\/it\/tornei-di-blackjack\/introduzione-ai-tornei\/","og_locale":"it_IT","og_type":"article","og_title":"Introduction to Blackjack Tournaments","og_description":"An explanation of how blackjack tournaments work, including the typical format and rules.","og_url":"https:\/\/www.blackjackinfo.com\/it\/tornei-di-blackjack\/introduzione-ai-tornei\/","og_site_name":"BlackjackInfo.com","article_modified_time":"2018-09-06T05:54:44+00:00","twitter_misc":{"Tempo di lettura stimato":"3 minuti"},"schema":{"@context":"https:\/\/schema.org","@graph":[{"@type":"WebPage","@id":"https:\/\/www.blackjackinfo.com\/blackjack-tournaments\/introduction-to-tournaments\/","url":"https:\/\/www.blackjackinfo.com\/blackjack-tournaments\/introduction-to-tournaments\/","name":"Introduzione ai tornei di blackjack","isPartOf":{"@id":"https:\/\/www.blackjackinfo.com\/#website"},"datePublished":"2014-12-13T17:18:06+00:00","dateModified":"2018-09-06T05:54:44+00:00","description":"Una spiegazione di come funzionano i tornei di blackjack, compresi il formato e le regole tipiche.","breadcrumb":{"@id":"https:\/\/www.blackjackinfo.com\/blackjack-tournaments\/introduction-to-tournaments\/#breadcrumb"},"inLanguage":"it-IT","potentialAction":[{"@type":"ReadAction","target":["https:\/\/www.blackjackinfo.com\/blackjack-tournaments\/introduction-to-tournaments\/"]}]},{"@type":"BreadcrumbList","@id":"https:\/\/www.blackjackinfo.com\/blackjack-tournaments\/introduction-to-tournaments\/#breadcrumb","itemListElement":[{"@type":"ListItem","position":1,"name":"Home","item":"https:\/\/www.blackjackinfo.com\/"},{"@type":"ListItem","position":2,"name":"Blackjack Tournament Strategy","item":"https:\/\/www.blackjackinfo.com\/blackjack-tournaments\/"},{"@type":"ListItem","position":3,"name":"Introduction to Blackjack Tournaments"}]},{"@type":"WebSite","@id":"https:\/\/www.blackjackinfo.com\/#website","url":"https:\/\/www.blackjackinfo.com\/","name":"BlackjackInfo.com","description":"Perch\u00e9 vincere \u00e8 pi\u00f9 divertente!","potentialAction":[{"@type":"SearchAction","target":{"@type":"EntryPoint","urlTemplate":"https:\/\/www.blackjackinfo.com\/?s={search_term_string}"},"query-input":{"@type":"PropertyValueSpecification","valueRequired":true,"valueName":"search_term_string"}}],"inLanguage":"it-IT"}]}},"_links":{"self":[{"href":"https:\/\/www.blackjackinfo.com\/it\/wp-json\/wp\/v2\/pages\/1367","targetHints":{"allow":["GET"]}}],"collection":[{"href":"https:\/\/www.blackjackinfo.com\/it\/wp-json\/wp\/v2\/pages"}],"about":[{"href":"https:\/\/www.blackjackinfo.com\/it\/wp-json\/wp\/v2\/types\/page"}],"author":[{"embeddable":true,"href":"https:\/\/www.blackjackinfo.com\/it\/wp-json\/wp\/v2\/users\/2"}],"replies":[{"embeddable":true,"href":"https:\/\/www.blackjackinfo.com\/it\/wp-json\/wp\/v2\/comments?post=1367"}],"version-history":[{"count":10,"href":"https:\/\/www.blackjackinfo.com\/it\/wp-json\/wp\/v2\/pages\/1367\/revisions"}],"predecessor-version":[{"id":5233,"href":"https:\/\/www.blackjackinfo.com\/it\/wp-json\/wp\/v2\/pages\/1367\/revisions\/5233"}],"up":[{"embeddable":true,"href":"https:\/\/www.blackjackinfo.com\/it\/wp-json\/wp\/v2\/pages\/1052"}],"wp:attachment":[{"href":"https:\/\/www.blackjackinfo.com\/it\/wp-json\/wp\/v2\/media?parent=1367"}],"wp:term":[{"taxonomy":"post_tag","embeddable":true,"href":"https:\/\/www.blackjackinfo.com\/it\/wp-json\/wp\/v2\/tags?post=1367"}],"curies":[{"name":"wp","href":"https:\/\/api.w.org\/{rel}","templated":true}]}}