{"id":1374,"date":"2014-12-13T11:30:22","date_gmt":"2014-12-13T17:30:22","guid":{"rendered":"http:\/\/test.blackjackinfo.com\/?page_id=1374"},"modified":"2018-09-06T01:23:39","modified_gmt":"2018-09-06T06:23:39","slug":"nozioni-di-base-di-strategia-di-torneo","status":"publish","type":"page","link":"https:\/\/www.blackjackinfo.com\/it\/blackjack-tournaments\/tournament-strategy-basics\/","title":{"rendered":"Nozioni di base sulla strategia del torneo di blackjack"},"content":{"rendered":"<div class=\"bji-byline\">da <a href=\"\/ken-smith\/\">Kenneth R Smith<\/a>.<\/div>\n<p class=\"intro\">Nel blackjack da torneo, avere solo una piccola conoscenza della strategia da torneo pu\u00f2 migliorare notevolmente le vostre possibilit\u00e0 di successo. In questo articolo esamineremo i principi generali che costituiscono le idee pi\u00f9 importanti della strategia da torneo. Questi concetti vi daranno un grande vantaggio sulla maggior parte degli avversari e sono abbastanza semplici da non dover studiare per poterli utilizzare.<\/p>\n<h2 class=\"text-center\">Rischio e ricompensa<\/h2>\n<p>Come per la maggior parte dei tipi di gioco d'azzardo, una strategia di torneo efficace si basa sulla gestione del rischio. Per vincere un tavolo, di solito dovrete rischiare gran parte del vostro bankroll a un certo punto. La chiave del successo a lungo termine \u00e8 assicurarsi di ottenere il massimo valore per ogni grande scommessa che si fa. Se c'\u00e8 un processo di pensiero che \u00e8 importante in ogni singola decisione che prendete al tavolo da gioco, \u00e8 questo. Soppesate il rischio e la ricompensa delle vostre scelte. Se pensate costantemente in questi termini, potete valutare il valore di diverse strategie in base alla vostra situazione attuale al tavolo.<\/p>\n<h2 class=\"text-center\">Risultati simili<\/h2>\n<p>Una delle caratteristiche che contraddistinguono i tornei di blackjack \u00e8 che tutti i giocatori competono contro lo stesso banco. Ci\u00f2 significa che i giocatori tenderanno generalmente ad avere risultati simili in ogni mano. Se il banco estrae un blackjack, \u00e8 probabile che l'intero tavolo abbia lo stesso risultato: una perdita. Sebbene sia certamente possibile (e spesso necessario!) guadagnare terreno avendo carte migliori di uno dei vostri avversari, \u00e8 molto pi\u00f9 facile guadagnare terreno puntando e giocando la vostra mano in modo diverso rispetto a quell'avversario.<\/p>\n<h2 class=\"text-center\">Strategia di base<\/h2>\n<p>Conoscere la corretta strategia di base \u00e8 importante per il vostro successo nei tornei, ma potreste essere sorpresi di scoprire che in realt\u00e0 non \u00e8 un fattore cos\u00ec importante per la maggior parte delle mani. Se limitate il rischio puntando poco sulla maggior parte delle mani, gli errori in quelle mani non saranno molto rilevanti. Tuttavia, giocare male le puntate importanti pu\u00f2 essere un errore costoso, quindi una solida strategia di base completa la nostra tripletta di concetti sui tornei. Questo \u00e8 \"Rischio e ricompensa, risultati simili e strategia di base\".<\/p>\n<p>Vediamo ora come applicare queste idee al tavolo. Questi esempi presuppongono che stiate giocando un tipico round a eliminazione, in competizione solo con gli altri giocatori del vostro tavolo.<\/p>\n<p>Una volta esaurite le fiches durante un turno di torneo, \u00e8 finita. Non \u00e8 possibile acquistare altre fiches per una seconda possibilit\u00e0.<\/p>\n<h2 class=\"text-center\">Preservate il vostro bankroll all'inizio, ma rischiate quando necessario<\/h2>\n<p>La gestione del rischio inizia con il dimensionamento delle puntate. Le puntate piccole riducono, o addirittura eliminano, il rischio di rovina al tavolo del torneo. Una volta esaurite le fiches durante un torneo, \u00e8 finita. Non \u00e8 possibile acquistare altre fiches per una seconda possibilit\u00e0. Ci\u00f2 significa che dovete scegliere le vostre battaglie con saggezza. Anni fa, quando la maggior parte dei concorrenti era alle prime armi con i tornei, una strategia conservativa di puntata minima vi garantiva quasi sempre un'ottima possibilit\u00e0 di arrivare alle ultime mani di un tavolo con la testa o almeno con il secondo o terzo chip-count. Molti giocatori dell'epoca credevano che l'unico modo per avere successo nei tornei fosse quello di fare molte puntate e accumulare una montagna di chip. Se a volte questi giocatori ci riuscivano, molto pi\u00f9 spesso andavano in bancarotta. Un giocatore che invece conservava il suo bankroll iniziale fino alle ultime dieci mani o gi\u00f9 di l\u00ec era il grande favorito in questi eventi. Sebbene fosse difficile catturare questi grandi scommettitori di successo alla fine, non era nemmeno insolito vincere un tavolo per default quando il dealer era caldo e spazzava via tutti prima ancora che il round fosse finito. Gran parte del mio successo iniziale nei tornei era attribuibile a questo approccio semplicistico. Scommettere poco fino alla fine, poi puntare abbastanza per catturare i leader, se ce ne sono.<\/p>\n<p>I tempi sono molto cambiati e i giocatori di torneo sono diventati molto pi\u00f9 sofisticati. Quando molti giocatori hanno iniziato a imitare questo approccio timido, la sua efficacia \u00e8 diminuita drasticamente. Nel gioco attuale, spesso baso la mia decisione strategica su quanto timidi o audaci sembrano essere i miei avversari. Se l'intero tavolo fa puntate piccole, spesso \u00e8 saggio fare una puntata grande all'inizio. Tuttavia, se al tavolo ci sono pochi scommettitori selvaggi, sono perfettamente disposto a utilizzare lo stesso approccio semplicistico che usavo con grande successo anni fa.<\/p>\n<p>Puntare quanto basta per portare a termine il lavoro massimizza il valore delle fiches che si stanno rischiando.<\/p>\n<p>Molto pi\u00f9 comune al giorno d'oggi \u00e8 un approccio ibrido, in cui la gestione del rischio inizia davvero a brillare. Effettuando per lo pi\u00f9 puntate piccole e scegliendo le opportunit\u00e0 per le puntate grandi, \u00e8 possibile combattere efficacemente entrambi gli stili di giocatori. Dal momento che la maggior parte dei tavoli presenta un mix di scommettitori aggressivi e minimi, questo vi d\u00e0 la possibilit\u00e0 di scegliere con attenzione le mani in cui una grande puntata sar\u00e0 pi\u00f9 efficace. A met\u00e0 turno, di solito aspetto che il bottone abbia superato il mio punto, in modo da poter vedere le puntate di tutti i miei concorrenti prima di scegliere la dimensione della mia puntata. In questo modo ho la possibilit\u00e0 di puntare con precisione quanto basta per prendere il comando, senza rischiare altre fiches. L'idea \u00e8 semplice: Puntare quanto basta per portare a termine il lavoro massimizza il valore delle fiches che si stanno rischiando. Ogni volta che decidete di fare una mossa sostanziale, ricordate il secondo concetto chiave: i risultati di tutti i giocatori sono solitamente simili. Se puntate abbastanza per raggiungere il vostro obiettivo anche se il vostro avversario vince la sua puntata, la vostra scommessa \u00e8 probabilmente dimensionata in modo appropriato. Ci sono delle eccezioni, in particolare quando si \u00e8 sostanzialmente in ritardo rispetto ai leader delle chip. Di solito, per\u00f2, puntare abbastanza da prendere il comando se il banco paga l'intero tavolo \u00e8 il piano migliore.<\/p>\n<p>Una volta in testa, \u00e8 bene ricordare che i risultati simili sono la regola. Fare puntate minime da leader non fa altro che dare a tutti i vostri avversari la possibilit\u00e0 di superarvi. Cercate invece di guadagnare sulle loro puntate puntando un importo simile. Anche se sarete spesso vittime di carte scarse e vedrete che vi passeranno di conseguenza, rischiare una puntata di media entit\u00e0 per eguagliare i giocatori in ritardo \u00e8 la strategia pi\u00f9 forte.<\/p>\n<p>Scegliere le proprie battaglie significa non piazzare grandi scommesse a meno che non si abbia un motivo. I giocatori che puntano abitualmente importi di media entit\u00e0 sulla maggior parte delle mani, stanno riducendo drasticamente le loro possibilit\u00e0 di successo. Queste puntate singolarmente non possono ottenere molto, ma l'effetto cumulativo sul rischio di rovina \u00e8 considerevole. Io tendo a essere un giocatore estremo. Di solito mi vedrete fare puntate molto piccole o molto grandi. Se piazzo una scommessa di medie dimensioni, \u00e8 per una delle due ragioni: O sono in vantaggio e sto marginando le puntate del mio avversario, oppure una puntata di medie dimensioni \u00e8 abbastanza grande per raggiungere il mio obiettivo immediato, e quindi \u00e8 in realt\u00e0 una sorta di puntata grande.<\/p>\n<p>Considerate una situazione in cui siete in svantaggio di quasi un'intera puntata massima. Se il leader ha fatto una piccola puntata, dovreste considerare il rischio e la ricompensa di fare una puntata massima su questa mano per prendere il comando. Probabilmente rischierete la maggior parte del vostro bankroll, ma la ricompensa potrebbe essere sostanziale. A seconda del numero di mani rimaste nel round, questa potrebbe essere l'ultima opportunit\u00e0 di riprendere il comando con una singola puntata. Se decidete che \u00e8 il momento giusto per rischiare, stabilite quanto dovete puntare per raggiungere l'obiettivo di diventare chip leader. Potrebbe non essere necessario fare una puntata massima. Se possibile, puntate abbastanza da prendere il comando se il leader vince anche la sua puntata piccola, o forse anche un doppio down. L'idea principale \u00e8 di non fare una puntata media e sperare di arrivare gradualmente. Se dovete prendere il comando, fatelo possibilmente in una sola mano. Pu\u00f2 sembrare paradossale che minimizzare il rischio significhi rischiare l'intero bankroll in una sola mano. Tuttavia, un unico grande rischio di successo pu\u00f2 eliminare la necessit\u00e0 di molti rischi di media entit\u00e0.<\/p>\n<p>Il consiglio di non rischiare le fiches in pi\u00f9 ha un'eccezione comune. Ogni volta che state rischiando cos\u00ec tanto in una scommessa che le vostre fiches rimanenti sarebbero inefficaci se perdete la scommessa, dovreste andare all-in. In altre parole, se siete alla fine del round e dovete puntare $350 del vostro bankroll di $400 per passare in vantaggio, probabilmente dovreste puntare invece le $400. Altrimenti, l'$50 che potrebbe avanzare \u00e8 probabilmente solo denaro morto. Andare all-in ha i suoi svantaggi, dal momento che non si pu\u00f2 dividere, ma se si ha bisogno di vincere una somma superiore alla met\u00e0 del proprio bankroll, \u00e8 meglio cercare di farlo con una vincita su una singola puntata invece di sperare in una buona mano doppia o divisa.<\/p>\n<p>Queste idee contribuiranno a garantire un successo a lungo termine nei tornei. La maggior parte dei tornei si vince con le basi e un po' di fortuna.<\/p>\n<p>Spero di vederti in finale, -Ken-.<\/p>\n<hr \/>\n<p>Per ulteriori articoli sui tornei di blackjack e sulla strategia dei tornei, \u00e8 possibile:<br \/>\nRitorno al <a href=\"\/blackjack-tournaments\/\">Sezione Tornei di Blackjack<\/a>, o<br \/>\nPassare all'articolo successivo <a href=\"\/blackjack-tournaments\/tournament-position\/\">La posizione, una parte critica della strategia del torneo di blackjack<\/a>.<\/p>","protected":false},"excerpt":{"rendered":"<p>by Kenneth R Smith. In tournament blackjack, having just a little knowledge about tournament strategy can dramatically improve your chances of success. In this article, we&#8217;ll look at the general principles that form the most important ideas in tournament strategy. These concepts will give you a big edge over most opponents, and they&#8217;re simple enough [&hellip;]<\/p>\n","protected":false},"author":2,"featured_media":0,"parent":1052,"menu_order":2,"comment_status":"open","ping_status":"closed","template":"page-with-sidebar.php","meta":{"_acf_changed":false,"footnotes":""},"tags":[],"class_list":["post-1374","page","type-page","status-publish","hentry"],"acf":[],"yoast_head":"<!-- This site is optimized with the Yoast SEO plugin v26.6 - https:\/\/yoast.com\/wordpress\/plugins\/seo\/ -->\n<title>Blackjack Tournament Strategy Basics<\/title>\n<meta name=\"description\" content=\"Understanding just a few concepts can make a big difference in your success in blackjack tournaments. Ken Smith explains a few powerful key ideas.\" \/>\n<meta name=\"robots\" content=\"index, follow, max-snippet:-1, max-image-preview:large, max-video-preview:-1\" \/>\n<link rel=\"canonical\" href=\"https:\/\/www.blackjackinfo.com\/it\/tornei-di-blackjack\/nozioni-di-base-di-strategia-di-torneo\/\" \/>\n<meta property=\"og:locale\" content=\"it_IT\" \/>\n<meta property=\"og:type\" content=\"article\" \/>\n<meta property=\"og:title\" content=\"Blackjack Tournament Strategy Basics\" \/>\n<meta property=\"og:description\" content=\"Understanding just a few concepts can make a big difference in your success in blackjack tournaments. Ken Smith explains a few powerful key ideas.\" \/>\n<meta property=\"og:url\" content=\"https:\/\/www.blackjackinfo.com\/it\/tornei-di-blackjack\/nozioni-di-base-di-strategia-di-torneo\/\" \/>\n<meta property=\"og:site_name\" content=\"BlackjackInfo.com\" \/>\n<meta property=\"article:modified_time\" content=\"2018-09-06T06:23:39+00:00\" \/>\n<meta name=\"twitter:label1\" content=\"Tempo di lettura stimato\" \/>\n\t<meta name=\"twitter:data1\" content=\"8 minuti\" \/>\n<script type=\"application\/ld+json\" class=\"yoast-schema-graph\">{\"@context\":\"https:\/\/schema.org\",\"@graph\":[{\"@type\":\"WebPage\",\"@id\":\"https:\/\/www.blackjackinfo.com\/blackjack-tournaments\/tournament-strategy-basics\/\",\"url\":\"https:\/\/www.blackjackinfo.com\/blackjack-tournaments\/tournament-strategy-basics\/\",\"name\":\"Blackjack Tournament Strategy Basics\",\"isPartOf\":{\"@id\":\"https:\/\/www.blackjackinfo.com\/#website\"},\"datePublished\":\"2014-12-13T17:30:22+00:00\",\"dateModified\":\"2018-09-06T06:23:39+00:00\",\"description\":\"Understanding just a few concepts can make a big difference in your success in blackjack tournaments. Ken Smith explains a few powerful key ideas.\",\"breadcrumb\":{\"@id\":\"https:\/\/www.blackjackinfo.com\/blackjack-tournaments\/tournament-strategy-basics\/#breadcrumb\"},\"inLanguage\":\"it-IT\",\"potentialAction\":[{\"@type\":\"ReadAction\",\"target\":[\"https:\/\/www.blackjackinfo.com\/blackjack-tournaments\/tournament-strategy-basics\/\"]}]},{\"@type\":\"BreadcrumbList\",\"@id\":\"https:\/\/www.blackjackinfo.com\/blackjack-tournaments\/tournament-strategy-basics\/#breadcrumb\",\"itemListElement\":[{\"@type\":\"ListItem\",\"position\":1,\"name\":\"Home\",\"item\":\"https:\/\/www.blackjackinfo.com\/\"},{\"@type\":\"ListItem\",\"position\":2,\"name\":\"Blackjack Tournament Strategy\",\"item\":\"https:\/\/www.blackjackinfo.com\/blackjack-tournaments\/\"},{\"@type\":\"ListItem\",\"position\":3,\"name\":\"Blackjack Tournament Strategy Basics\"}]},{\"@type\":\"WebSite\",\"@id\":\"https:\/\/www.blackjackinfo.com\/#website\",\"url\":\"https:\/\/www.blackjackinfo.com\/\",\"name\":\"BlackjackInfo.com\",\"description\":\"Because Winning is More Fun!\",\"potentialAction\":[{\"@type\":\"SearchAction\",\"target\":{\"@type\":\"EntryPoint\",\"urlTemplate\":\"https:\/\/www.blackjackinfo.com\/?s={search_term_string}\"},\"query-input\":{\"@type\":\"PropertyValueSpecification\",\"valueRequired\":true,\"valueName\":\"search_term_string\"}}],\"inLanguage\":\"it-IT\"}]}<\/script>\n<!-- \/ Yoast SEO plugin. -->","yoast_head_json":{"title":"Nozioni di base sulla strategia del torneo di blackjack","description":"La comprensione di pochi concetti pu\u00f2 fare una grande differenza nel vostro successo nei tornei di blackjack. Ken Smith spiega alcune potenti idee chiave.","robots":{"index":"index","follow":"follow","max-snippet":"max-snippet:-1","max-image-preview":"max-image-preview:large","max-video-preview":"max-video-preview:-1"},"canonical":"https:\/\/www.blackjackinfo.com\/it\/tornei-di-blackjack\/nozioni-di-base-di-strategia-di-torneo\/","og_locale":"it_IT","og_type":"article","og_title":"Blackjack Tournament Strategy Basics","og_description":"Understanding just a few concepts can make a big difference in your success in blackjack tournaments. Ken Smith explains a few powerful key ideas.","og_url":"https:\/\/www.blackjackinfo.com\/it\/tornei-di-blackjack\/nozioni-di-base-di-strategia-di-torneo\/","og_site_name":"BlackjackInfo.com","article_modified_time":"2018-09-06T06:23:39+00:00","twitter_misc":{"Tempo di lettura stimato":"8 minuti"},"schema":{"@context":"https:\/\/schema.org","@graph":[{"@type":"WebPage","@id":"https:\/\/www.blackjackinfo.com\/blackjack-tournaments\/tournament-strategy-basics\/","url":"https:\/\/www.blackjackinfo.com\/blackjack-tournaments\/tournament-strategy-basics\/","name":"Nozioni di base sulla strategia del torneo di blackjack","isPartOf":{"@id":"https:\/\/www.blackjackinfo.com\/#website"},"datePublished":"2014-12-13T17:30:22+00:00","dateModified":"2018-09-06T06:23:39+00:00","description":"La comprensione di pochi concetti pu\u00f2 fare una grande differenza nel vostro successo nei tornei di blackjack. Ken Smith spiega alcune potenti idee chiave.","breadcrumb":{"@id":"https:\/\/www.blackjackinfo.com\/blackjack-tournaments\/tournament-strategy-basics\/#breadcrumb"},"inLanguage":"it-IT","potentialAction":[{"@type":"ReadAction","target":["https:\/\/www.blackjackinfo.com\/blackjack-tournaments\/tournament-strategy-basics\/"]}]},{"@type":"BreadcrumbList","@id":"https:\/\/www.blackjackinfo.com\/blackjack-tournaments\/tournament-strategy-basics\/#breadcrumb","itemListElement":[{"@type":"ListItem","position":1,"name":"Home","item":"https:\/\/www.blackjackinfo.com\/"},{"@type":"ListItem","position":2,"name":"Blackjack Tournament Strategy","item":"https:\/\/www.blackjackinfo.com\/blackjack-tournaments\/"},{"@type":"ListItem","position":3,"name":"Blackjack Tournament Strategy Basics"}]},{"@type":"WebSite","@id":"https:\/\/www.blackjackinfo.com\/#website","url":"https:\/\/www.blackjackinfo.com\/","name":"BlackjackInfo.com","description":"Perch\u00e9 vincere \u00e8 pi\u00f9 divertente!","potentialAction":[{"@type":"SearchAction","target":{"@type":"EntryPoint","urlTemplate":"https:\/\/www.blackjackinfo.com\/?s={search_term_string}"},"query-input":{"@type":"PropertyValueSpecification","valueRequired":true,"valueName":"search_term_string"}}],"inLanguage":"it-IT"}]}},"_links":{"self":[{"href":"https:\/\/www.blackjackinfo.com\/it\/wp-json\/wp\/v2\/pages\/1374","targetHints":{"allow":["GET"]}}],"collection":[{"href":"https:\/\/www.blackjackinfo.com\/it\/wp-json\/wp\/v2\/pages"}],"about":[{"href":"https:\/\/www.blackjackinfo.com\/it\/wp-json\/wp\/v2\/types\/page"}],"author":[{"embeddable":true,"href":"https:\/\/www.blackjackinfo.com\/it\/wp-json\/wp\/v2\/users\/2"}],"replies":[{"embeddable":true,"href":"https:\/\/www.blackjackinfo.com\/it\/wp-json\/wp\/v2\/comments?post=1374"}],"version-history":[{"count":3,"href":"https:\/\/www.blackjackinfo.com\/it\/wp-json\/wp\/v2\/pages\/1374\/revisions"}],"predecessor-version":[{"id":4585,"href":"https:\/\/www.blackjackinfo.com\/it\/wp-json\/wp\/v2\/pages\/1374\/revisions\/4585"}],"up":[{"embeddable":true,"href":"https:\/\/www.blackjackinfo.com\/it\/wp-json\/wp\/v2\/pages\/1052"}],"wp:attachment":[{"href":"https:\/\/www.blackjackinfo.com\/it\/wp-json\/wp\/v2\/media?parent=1374"}],"wp:term":[{"taxonomy":"post_tag","embeddable":true,"href":"https:\/\/www.blackjackinfo.com\/it\/wp-json\/wp\/v2\/tags?post=1374"}],"curies":[{"name":"wp","href":"https:\/\/api.w.org\/{rel}","templated":true}]}}