{"id":1376,"date":"2014-12-13T11:36:30","date_gmt":"2014-12-13T17:36:30","guid":{"rendered":"http:\/\/test.blackjackinfo.com\/?page_id=1376"},"modified":"2018-09-06T01:24:40","modified_gmt":"2018-09-06T06:24:40","slug":"posizione-nel-torneo","status":"publish","type":"page","link":"https:\/\/www.blackjackinfo.com\/it\/blackjack-tournaments\/tournament-position\/","title":{"rendered":"L'importanza della posizione"},"content":{"rendered":"<div class=\"bji-byline\">da <a href=\"\/ken-smith\/\">Kenneth R Smith<\/a>.<\/div>\n<p class=\"intro\">Quando vi sedete al tavolo di un torneo, dovreste essere armati di una strategia di base su come intendete affrontare la partita. Ma c'\u00e8 un'incognita sul vostro turno che non sar\u00e0 risolta finch\u00e9 non vi sarete seduti al tavolo. La posizione del tavolo pu\u00f2 avere un grande impatto sulle vostre possibilit\u00e0 di successo in un turno di torneo. La maggior parte dei tornei assegna i posti a sedere in modo casuale, facendo scegliere al giocatore una serie di posti alla cieca. Tuttavia, alcuni tornei consentono ai giocatori di scegliere il proprio posto. Se disponibile, questa opzione pu\u00f2 darvi un vantaggio in pi\u00f9 se sapete come approfittarne.<\/p>\n<p>Vediamo perch\u00e9 alcuni sedili sono migliori di altri. Ci sono due aree principali in cui la posizione conta. In primo luogo, c'\u00e8 l'impatto del pulsante di puntata. Nei tornei, il pulsante di prima base si muove intorno al tavolo e ogni giocatore a turno deve puntare e agire in sequenza partendo dal pulsante. Se siete \"sul bottone\", significa che siete costretti a scegliere la vostra puntata prima degli altri giocatori e non avete il vantaggio di sapere cosa punteranno dietro di voi. Inoltre, durante il gioco della mano, dovrete giocare la vostra mano prima di vedere giocare i vostri avversari. Al contrario, il giocatore alla vostra immediata destra ha un notevole vantaggio in questa mano, potendo vedere le puntate di tutti i giocatori prima di prendere una decisione.<\/p>\n<p>Ruotando il bottone attorno al tavolo, ogni giocatore ha un numero approssimativamente uguale di puntate \"sul bottone\" e \"ultimo ad agire\", cos\u00ec come tutto ci\u00f2 che sta in mezzo. Ma non tutte le mani di un round hanno la stessa importanza. In particolare, l'ultima mano \u00e8 di solito il fattore determinante per stabilire chi avanza e chi viene eliminato. Per questo motivo, se si riesce ad essere l'ultimo ad agire nella mano finale, si pu\u00f2 ottenere un grande vantaggio.<\/p>\n<p>Se avrete questo vantaggio nell'ultima mano, potrete permettervi di essere un po' pi\u00f9 conservativi nel resto del round, sapendo che sarete in grado di perfezionare la vostra puntata alla fine vedendo le puntate degli altri. Se siete gli ultimi ad agire nella mano finale, non dovete necessariamente essere i leader delle chip per essere i favoriti ad avanzare. D'altra parte, se siete sul bottone per l'ultima mano, essere il chip leader \u00e8 molto importante per le vostre possibilit\u00e0.<\/p>\n<p>Naturalmente, la maggior parte dei tornei sceglie la posizione del bottone di partenza in modo casuale, il che significa che non \u00e8 possibile scegliere un posto che abbia maggiori probabilit\u00e0 di avere un bottone favorevole all'ultima mano. Ci sono delle eccezioni. Ho giocato alcuni mini-tornei in cui il bottone parte sempre dal posto 1, alla sinistra del dealer. Se siete in grado di scegliere il vostro posto in un evento del genere, vale la pena di capire qual \u00e8 la posizione finale pi\u00f9 probabile del bottone e chiedere il posto alla sua immediata destra. Ad esempio, se ci sono 6 giocatori e il round prevede 20 mani, chiederei il posto 1. Se tutti e 6 i giocatori rimangono in gioco per tutte le 20 mani, il bottone finir\u00e0 davanti al posto 2 nell'ultima mano. Chiedendo il posto 1, ho una possibilit\u00e0 maggiore del solito di avere l'ultima puntata nella mano finale. Naturalmente, i giocatori spesso si ritirano prima della fine, rendendo imprevedibile la posizione del bottone nell'ultima mano. Tuttavia, \u00e8 una bella opportunit\u00e0 per ottenere un vantaggio extra, anche se non funziona sempre.<\/p>\n<p>Molto pi\u00f9 comunemente, i tornei hanno un modo casuale di scegliere la posizione del bottone per la prima mano. Nel torneo Hilton Million di Las Vegas, a tutti i giocatori \u00e8 stata distribuita una mano di poker di cinque carte e la mano pi\u00f9 alta ha ottenuto il primo bottone. Altri tornei lanciano un singolo dado o distribuiscono le carte ai giocatori finch\u00e9 non viene distribuito il primo Asso. In questi eventi, la scelta di un posto particolare non comporta alcun vantaggio. Tuttavia, una volta effettuata la scelta casuale della posizione del bottone, \u00e8 comunque importante sapere dove ci si colloca.<\/p>\n<p>Un esempio pu\u00f2 essere utile: Si supponga di giocare un round di 30 mani con 6 giocatori. Siete seduti al posto 3 e, dopo una selezione casuale, il pulsante inizier\u00e0 di fronte a voi al posto 3. Se calcolate la posizione del pulsante della mano finale, supponendo che tutti i giocatori rimangano in gioco fino alla fine, vedrete che il pulsante finale sar\u00e0 di fronte al posto 2, rendendovi il secondo a puntare nell'ultima mano. Quindi, \"vincere\" il primo pulsante non \u00e8 una fortuna in questo caso. Tuttavia, ora che sapete che probabilmente avrete una posizione non ottimale alla fine del round, potete adattare la vostra strategia di gioco per minimizzare i danni. Sapendo che probabilmente sarete i secondi a puntare alla fine, potreste cercare di accumulare qualche chip in pi\u00f9 lungo il percorso. Un po' di rischio in pi\u00f9 pu\u00f2 valere la pena, perch\u00e9 le fiches in pi\u00f9 che potreste vincere varranno di pi\u00f9 da una posizione iniziale nella mano finale.<\/p>\n<p>Se un giocatore del vostro tavolo perde tutte le sue fiches a met\u00e0 del round e viene eliminato, dovrete ridisegnare la vostra posizione finale. Poich\u00e9 questo \u00e8 piuttosto comune, molti giocatori non si preoccupano della posizione del bottone fino alla fine del round, quando il risultato finale \u00e8 probabilmente pi\u00f9 prevedibile. A me piace saperlo in anticipo, per poi riorganizzarlo se un giocatore si ritira.<\/p>\n<p>Il secondo aspetto importante della posizione ha a che fare con i giocatori che vi circondano al tavolo. I giocatori alla vostra sinistra sono una minaccia maggiore di quelli alla vostra destra. Se un giocatore alla vostra sinistra ha un vantaggio di chip su di voi, \u00e8 molto pi\u00f9 difficile prenderlo rispetto a un giocatore simile alla vostra destra. Si dice che un giocatore alla vostra immediata sinistra abbia una posizione di vantaggio su di voi, perch\u00e9 pu\u00f2 vedere le vostre puntate e le vostre azioni in ogni mano tranne una per ogni giro del tavolo. In un formato a 6 giocatori, il giocatore alla vostra sinistra agisce dopo di voi in 5 mani su 6. Questo gli d\u00e0 la possibilit\u00e0 di vedere la vostra puntata e la vostra azione in ogni mano, tranne che in ogni giro del tavolo. In questo modo ha la possibilit\u00e0 di bloccare ogni vostro tentativo di recupero e di proteggere facilmente un eventuale vantaggio, pareggiando le vostre puntate.<\/p>\n<p>A causa dell'impatto della posizione, \u00e8 utile prestare maggiore attenzione ai giocatori dietro di voi. Se avete l'opportunit\u00e0 di raddoppiare o dividere e di superare il loro totale di chip, probabilmente vale la pena prenderla in considerazione. Se vi trovate in ritardo rispetto ai giocatori alla vostra sinistra, potreste considerare di aspettare che siano sul bottone prima di provare a raggiungerli. Vedendo l'importo della loro puntata, potrete dimensionare la vostra scommessa in modo pi\u00f9 efficace. Poich\u00e9 l'occasione si presenta solo una volta ogni 6 mani, \u00e8 meglio non perdere l'opportunit\u00e0.<\/p>\n<p>Negli eventi in cui \u00e8 possibile scegliere il posto a sedere, \u00e8 utile sapere qualcosa sui propri avversari. Se al vostro tavolo c'\u00e8 un giocatore di torneo particolarmente forte, sarebbe meglio farlo sedere alla vostra destra, dove ha meno vantaggio su di voi. Tenete inoltre presente che il giocatore in terza base \u00e8 considerato alla destra della prima base o del posto 1.<\/p>\n<p>Scegliere un posto pu\u00f2 essere utile quando \u00e8 consentito, ma essere consapevoli della propria posizione di bottone \u00e8 importante in ogni turno di torneo. Tenere conto della posizione relativa del vostro avversario quando decidete come puntare contro di lui nelle mani centrali di un round pu\u00f2 fare la differenza tra l'avanzamento e l'eliminazione. Buona fortuna e, per favore, non sedetevi alla mia sinistra!<\/p>\n<hr \/>\n<p>Per ulteriori articoli sui tornei di blackjack e sulla strategia dei tornei, \u00e8 possibile:<br \/>\nRitorno al <a href=\"\/blackjack-tournaments\/\">Sezione Tornei di Blackjack<\/a>, o<br \/>\nPassare all'articolo successivo <a href=\"\/blackjack-tournaments\/catch-up-bets\/\">Come e quando effettuare una scommessa di recupero<\/a>.<\/p>","protected":false},"excerpt":{"rendered":"<p>by Kenneth R Smith. When you take a seat at a tournament table, you should be armed with a basic strategy of how you plan to approach the game. But there&#8217;s one unknown about your round that won&#8217;t be settled until you sit down at the table. Seating position can have a big impact on [&hellip;]<\/p>\n","protected":false},"author":2,"featured_media":0,"parent":1052,"menu_order":3,"comment_status":"open","ping_status":"closed","template":"page-with-sidebar.php","meta":{"_acf_changed":false,"footnotes":""},"tags":[],"class_list":["post-1376","page","type-page","status-publish","hentry"],"acf":[],"yoast_head":"<!-- This site is optimized with the Yoast SEO plugin v26.6 - https:\/\/yoast.com\/wordpress\/plugins\/seo\/ -->\n<title>The Importance of Position<\/title>\n<meta name=\"description\" content=\"Many new players in blackjack tournaments do not realize the impact that the rotating dealer button has on the game. Ken Smith explains table position.\" \/>\n<meta name=\"robots\" content=\"index, follow, max-snippet:-1, max-image-preview:large, max-video-preview:-1\" \/>\n<link rel=\"canonical\" href=\"https:\/\/www.blackjackinfo.com\/it\/tornei-di-blackjack\/posizione-nel-torneo\/\" \/>\n<meta property=\"og:locale\" content=\"it_IT\" \/>\n<meta property=\"og:type\" content=\"article\" \/>\n<meta property=\"og:title\" content=\"The Importance of Position\" \/>\n<meta property=\"og:description\" content=\"Many new players in blackjack tournaments do not realize the impact that the rotating dealer button has on the game. Ken Smith explains table position.\" \/>\n<meta property=\"og:url\" content=\"https:\/\/www.blackjackinfo.com\/it\/tornei-di-blackjack\/posizione-nel-torneo\/\" \/>\n<meta property=\"og:site_name\" content=\"BlackjackInfo.com\" \/>\n<meta property=\"article:modified_time\" content=\"2018-09-06T06:24:40+00:00\" \/>\n<meta name=\"twitter:label1\" content=\"Tempo di lettura stimato\" \/>\n\t<meta name=\"twitter:data1\" content=\"6 minuti\" \/>\n<script type=\"application\/ld+json\" class=\"yoast-schema-graph\">{\"@context\":\"https:\/\/schema.org\",\"@graph\":[{\"@type\":\"WebPage\",\"@id\":\"https:\/\/www.blackjackinfo.com\/blackjack-tournaments\/tournament-position\/\",\"url\":\"https:\/\/www.blackjackinfo.com\/blackjack-tournaments\/tournament-position\/\",\"name\":\"The Importance of Position\",\"isPartOf\":{\"@id\":\"https:\/\/www.blackjackinfo.com\/#website\"},\"datePublished\":\"2014-12-13T17:36:30+00:00\",\"dateModified\":\"2018-09-06T06:24:40+00:00\",\"description\":\"Many new players in blackjack tournaments do not realize the impact that the rotating dealer button has on the game. Ken Smith explains table position.\",\"breadcrumb\":{\"@id\":\"https:\/\/www.blackjackinfo.com\/blackjack-tournaments\/tournament-position\/#breadcrumb\"},\"inLanguage\":\"it-IT\",\"potentialAction\":[{\"@type\":\"ReadAction\",\"target\":[\"https:\/\/www.blackjackinfo.com\/blackjack-tournaments\/tournament-position\/\"]}]},{\"@type\":\"BreadcrumbList\",\"@id\":\"https:\/\/www.blackjackinfo.com\/blackjack-tournaments\/tournament-position\/#breadcrumb\",\"itemListElement\":[{\"@type\":\"ListItem\",\"position\":1,\"name\":\"Home\",\"item\":\"https:\/\/www.blackjackinfo.com\/\"},{\"@type\":\"ListItem\",\"position\":2,\"name\":\"Blackjack Tournament Strategy\",\"item\":\"https:\/\/www.blackjackinfo.com\/blackjack-tournaments\/\"},{\"@type\":\"ListItem\",\"position\":3,\"name\":\"The Importance of Position\"}]},{\"@type\":\"WebSite\",\"@id\":\"https:\/\/www.blackjackinfo.com\/#website\",\"url\":\"https:\/\/www.blackjackinfo.com\/\",\"name\":\"BlackjackInfo.com\",\"description\":\"Because Winning is More Fun!\",\"potentialAction\":[{\"@type\":\"SearchAction\",\"target\":{\"@type\":\"EntryPoint\",\"urlTemplate\":\"https:\/\/www.blackjackinfo.com\/?s={search_term_string}\"},\"query-input\":{\"@type\":\"PropertyValueSpecification\",\"valueRequired\":true,\"valueName\":\"search_term_string\"}}],\"inLanguage\":\"it-IT\"}]}<\/script>\n<!-- \/ Yoast SEO plugin. -->","yoast_head_json":{"title":"L'importanza della posizione","description":"Molti nuovi giocatori nei tornei di blackjack non si rendono conto dell'impatto che il pulsante del dealer rotante ha sul gioco. Ken Smith spiega la posizione del tavolo.","robots":{"index":"index","follow":"follow","max-snippet":"max-snippet:-1","max-image-preview":"max-image-preview:large","max-video-preview":"max-video-preview:-1"},"canonical":"https:\/\/www.blackjackinfo.com\/it\/tornei-di-blackjack\/posizione-nel-torneo\/","og_locale":"it_IT","og_type":"article","og_title":"The Importance of Position","og_description":"Many new players in blackjack tournaments do not realize the impact that the rotating dealer button has on the game. Ken Smith explains table position.","og_url":"https:\/\/www.blackjackinfo.com\/it\/tornei-di-blackjack\/posizione-nel-torneo\/","og_site_name":"BlackjackInfo.com","article_modified_time":"2018-09-06T06:24:40+00:00","twitter_misc":{"Tempo di lettura stimato":"6 minuti"},"schema":{"@context":"https:\/\/schema.org","@graph":[{"@type":"WebPage","@id":"https:\/\/www.blackjackinfo.com\/blackjack-tournaments\/tournament-position\/","url":"https:\/\/www.blackjackinfo.com\/blackjack-tournaments\/tournament-position\/","name":"L'importanza della posizione","isPartOf":{"@id":"https:\/\/www.blackjackinfo.com\/#website"},"datePublished":"2014-12-13T17:36:30+00:00","dateModified":"2018-09-06T06:24:40+00:00","description":"Molti nuovi giocatori nei tornei di blackjack non si rendono conto dell'impatto che il pulsante del dealer rotante ha sul gioco. Ken Smith spiega la posizione del tavolo.","breadcrumb":{"@id":"https:\/\/www.blackjackinfo.com\/blackjack-tournaments\/tournament-position\/#breadcrumb"},"inLanguage":"it-IT","potentialAction":[{"@type":"ReadAction","target":["https:\/\/www.blackjackinfo.com\/blackjack-tournaments\/tournament-position\/"]}]},{"@type":"BreadcrumbList","@id":"https:\/\/www.blackjackinfo.com\/blackjack-tournaments\/tournament-position\/#breadcrumb","itemListElement":[{"@type":"ListItem","position":1,"name":"Home","item":"https:\/\/www.blackjackinfo.com\/"},{"@type":"ListItem","position":2,"name":"Blackjack Tournament Strategy","item":"https:\/\/www.blackjackinfo.com\/blackjack-tournaments\/"},{"@type":"ListItem","position":3,"name":"The Importance of Position"}]},{"@type":"WebSite","@id":"https:\/\/www.blackjackinfo.com\/#website","url":"https:\/\/www.blackjackinfo.com\/","name":"BlackjackInfo.com","description":"Perch\u00e9 vincere \u00e8 pi\u00f9 divertente!","potentialAction":[{"@type":"SearchAction","target":{"@type":"EntryPoint","urlTemplate":"https:\/\/www.blackjackinfo.com\/?s={search_term_string}"},"query-input":{"@type":"PropertyValueSpecification","valueRequired":true,"valueName":"search_term_string"}}],"inLanguage":"it-IT"}]}},"_links":{"self":[{"href":"https:\/\/www.blackjackinfo.com\/it\/wp-json\/wp\/v2\/pages\/1376","targetHints":{"allow":["GET"]}}],"collection":[{"href":"https:\/\/www.blackjackinfo.com\/it\/wp-json\/wp\/v2\/pages"}],"about":[{"href":"https:\/\/www.blackjackinfo.com\/it\/wp-json\/wp\/v2\/types\/page"}],"author":[{"embeddable":true,"href":"https:\/\/www.blackjackinfo.com\/it\/wp-json\/wp\/v2\/users\/2"}],"replies":[{"embeddable":true,"href":"https:\/\/www.blackjackinfo.com\/it\/wp-json\/wp\/v2\/comments?post=1376"}],"version-history":[{"count":3,"href":"https:\/\/www.blackjackinfo.com\/it\/wp-json\/wp\/v2\/pages\/1376\/revisions"}],"predecessor-version":[{"id":4586,"href":"https:\/\/www.blackjackinfo.com\/it\/wp-json\/wp\/v2\/pages\/1376\/revisions\/4586"}],"up":[{"embeddable":true,"href":"https:\/\/www.blackjackinfo.com\/it\/wp-json\/wp\/v2\/pages\/1052"}],"wp:attachment":[{"href":"https:\/\/www.blackjackinfo.com\/it\/wp-json\/wp\/v2\/media?parent=1376"}],"wp:term":[{"taxonomy":"post_tag","embeddable":true,"href":"https:\/\/www.blackjackinfo.com\/it\/wp-json\/wp\/v2\/tags?post=1376"}],"curies":[{"name":"wp","href":"https:\/\/api.w.org\/{rel}","templated":true}]}}