{"id":1378,"date":"2014-12-13T11:40:39","date_gmt":"2014-12-13T17:40:39","guid":{"rendered":"http:\/\/test.blackjackinfo.com\/?page_id=1378"},"modified":"2018-09-06T01:25:19","modified_gmt":"2018-09-06T06:25:19","slug":"scommesse-di-recupero","status":"publish","type":"page","link":"https:\/\/www.blackjackinfo.com\/it\/blackjack-tournaments\/catch-up-bets\/","title":{"rendered":"Come e quando effettuare una scommessa di recupero"},"content":{"rendered":"<div class=\"bji-byline\">da <a href=\"\/ken-smith\/\">Kenneth R Smith<\/a>.<\/div>\n<p class=\"intro\">\u00c8 raro vincere un round di un torneo di blackjack senza dover fare una puntata di recupero da qualche parte lungo il percorso. Decidere quando e come prendere i chip leader al proprio tavolo \u00e8 quindi la decisione pi\u00f9 comune che un giocatore deve prendere, ma \u00e8 anche una decisione in cui molti giocatori commettono errori fondamentali. Questo articolo illustra i modi per fare la giocata giusta.<\/p>\n<p>Innanzitutto, come si decide quando fare la propria mossa? Se i leader delle fiches al vostro tavolo sono ancora entro una puntata massima del vostro bankroll, di solito potete permettervi di aspettare un po' e vedere se continuano a fare grandi puntate. Se puntano molto, potete puntare poco e sperare che il banco vinca. Naturalmente, in queste situazioni i vostri avversari spesso estenderanno il loro vantaggio. Tuttavia, il modo migliore per catturare un altro giocatore \u00e8 puntare in modo opposto a lui. Finch\u00e9 questo ha una ragionevole possibilit\u00e0 di funzionare, dovreste rimandare qualsiasi giocata pi\u00f9 rischiosa.<\/p>\n<p>Di solito, in un modo o nell'altro, le piccole puntate di attesa non bastano. Se i leader iniziano a puntare poco e voi siete ancora a meno di una puntata massima da loro, la vostra migliore possibilit\u00e0 \u00e8 vincere una puntata grande per prendere il comando. \u00c8 molto meglio cercare di riconquistare il comando in una sola mano, piuttosto che sperare di vincere diverse mani successive con puntate di media entit\u00e0. Se vi ritrovate con pi\u00f9 puntate massime dietro al leader, dovrete essere fortunati per recuperare, vincendo diverse puntate grandi. In questi casi, la strategia spesso \u00e8 minima. Puntate molto e sperate per il meglio.<\/p>\n<p>Se invece potete raggiungere il vostro obiettivo con una sola puntata, dovreste programmare la puntata per ottenere un effetto ottimale. Supponendo che vi rimanga qualche mano prima della mano finale, di solito \u00e8 meglio aspettare che il bottone di prima base vi passi prima di fare la vostra puntata di recupero. Poter vedere tutte le puntate dei vostri avversari prima di fare la vostra grande puntata vi permette di puntare abbastanza per prendere il comando, e non di pi\u00f9. Se siete costretti a fare la vostra puntata di recupero da un'altra posizione, dovrete indovinare quali saranno le puntate dei vostri avversari. Peggio ancora, i vostri avversari possono facilmente prendere margine sulla vostra puntata una volta che vedono che state facendo una corsa per il vantaggio.<\/p>\n<p>A volte non potete permettervi il lusso di aspettare che il bottone passi. In questi casi, dovreste cercare di indovinare le puntate che i vostri avversari faranno dietro di voi. Se avete prestato attenzione alle loro puntate per tutto il tempo, potreste aver individuato la loro puntata \"preferita\". Si tratta di un'informazione preziosa.<\/p>\n<p>Ora, quanto scommettere? Vediamo un esempio.<\/p>\n<table class=\"data-table\">\n<tbody>\n<tr>\n<td>Sede 1:<\/td>\n<td>Libro mastro $850<\/td>\n<td>Scommessa $10<\/td>\n<\/tr>\n<tr>\n<td>Sede 2:<\/td>\n<td>Libro mastro $550<\/td>\n<td>Scommessa $100<\/td>\n<\/tr>\n<tr>\n<td>Sede 3:<\/td>\n<td>Libro mastro $320<\/td>\n<td>Scommessa $60<\/td>\n<\/tr>\n<tr>\n<td>Posto 4 (Lei):<\/td>\n<td>Libro mastro $520<\/td>\n<td>Scommettere?<\/td>\n<\/tr>\n<\/tbody>\n<\/table>\n<p>Supponiamo che rimangano 5 mani e che i limiti di puntata siano da $5 a $500.<\/p>\n<p>Il leader ha $850, che \u00e8 un vantaggio considerevole di $330 rispetto al vostro $520. Dal momento che il leader ha fatto una piccola puntata, questo \u00e8 un buon punto per rischiare una grande puntata. Quanto si dovrebbe puntare? Ho visto giocatori che hanno puntato $335 qui, scommettendo il loro deficit pi\u00f9 una fiche. Questo va bene se il leader spinge o perde la mano mentre voi vincete, ma non \u00e8 il risultato pi\u00f9 comune. Se si vince, \u00e8 probabile che vinca anche il leader, dato che entrambi giocate contro le stesse carte del dealer.<\/p>\n<p>Una scommessa migliore \u00e8 $345, in modo che se entrambi vincete, siete ancora in vantaggio di $5. Ma potete fare ancora meglio. Dato che il leader ha puntato cos\u00ec poco, potete facilmente coprire diversi altri possibili problemi. Se il leader ottiene un blackjack o un doppio down, la puntata di $345 non \u00e8 sufficiente. Perch\u00e9 non aggiungere qualche altra fiche per coprire queste possibilit\u00e0?<\/p>\n<p>In generale, se potete coprire la puntata double-down di un avversario con poche fiches in pi\u00f9, fatelo. Mi piace una puntata di $355 in questo caso, e potrei considerare anche $365 o $375. Questi importi coprono pi\u00f9 split o raddoppi dopo lo split. Tuttavia, \u00e8 improbabile che un avversario vinca pi\u00f9 del doppio della sua puntata iniziale, quindi $355 \u00e8 probabilmente la mia scelta, a meno che non abbia fiches da parte.<\/p>\n<p>Ora, cambiamo una parte fondamentale del nostro esempio. Supponiamo che questa sia la penultima mano del round. Qual \u00e8 la puntata migliore? Non \u00e8 la stessa cosa, perch\u00e9 il valore delle vostre fiches non puntate \u00e8 ora molto diverso. Se perdete una puntata di $355, vi rimane solo $165. $165 \u00e8 inutile nella mano finale, a meno che gli avversari non commettano un grosso errore. Se perdere una puntata vi lascer\u00e0 in una situazione disperata, dovreste fare una puntata massima. La scommessa migliore per la penultima mano \u00e8 una puntata massima di $500. Se dovete vincere la mano per avere una possibilit\u00e0, potete anche essere pagati il pi\u00f9 possibile per farlo. Le fiches in pi\u00f9 vinte possono essere decisive nell'ultima mano.<\/p>\n<p>Ci vediamo ai tavoli,<br \/>\n-Ken.<\/p>\n<hr \/>\n<p>Per ulteriori articoli sui tornei di blackjack e sulla strategia dei tornei, \u00e8 possibile:<br \/>\nRitorno al <a href=\"\/blackjack-tournaments\/\">Sezione Tornei di Blackjack<\/a>, o<br \/>\nPassare all'articolo successivo <a href=\"\/blackjack-tournament\/free-hits\/\">Colpi gratuiti nel Blackjack da torneo<\/a>.<\/p>","protected":false},"excerpt":{"rendered":"<p>by Kenneth R Smith. It is rare to win a blackjack tournament round without having to make a catch-up bet somewhere along the way. Deciding when and how to catch the chip leaders at your table is therefore the most common decision a player must make, but it&#8217;s also a decision where many players make [&hellip;]<\/p>\n","protected":false},"author":2,"featured_media":0,"parent":1052,"menu_order":4,"comment_status":"open","ping_status":"closed","template":"page-with-sidebar.php","meta":{"_acf_changed":false,"footnotes":""},"tags":[],"class_list":["post-1378","page","type-page","status-publish","hentry"],"acf":[],"yoast_head":"<!-- This site is optimized with the Yoast SEO plugin v26.6 - https:\/\/yoast.com\/wordpress\/plugins\/seo\/ -->\n<title>How and When to Make a Catch-Up Bet<\/title>\n<meta name=\"description\" content=\"When you need to catch the leaders in a blackjack tournament round, Ken Smith shows how to time your bet for maximum effectiveness.\" \/>\n<meta name=\"robots\" content=\"index, follow, max-snippet:-1, max-image-preview:large, max-video-preview:-1\" \/>\n<link rel=\"canonical\" href=\"https:\/\/www.blackjackinfo.com\/it\/tornei-di-blackjack\/scommesse-di-recupero\/\" \/>\n<meta property=\"og:locale\" content=\"it_IT\" \/>\n<meta property=\"og:type\" content=\"article\" \/>\n<meta property=\"og:title\" content=\"How and When to Make a Catch-Up Bet\" \/>\n<meta property=\"og:description\" content=\"When you need to catch the leaders in a blackjack tournament round, Ken Smith shows how to time your bet for maximum effectiveness.\" \/>\n<meta property=\"og:url\" content=\"https:\/\/www.blackjackinfo.com\/it\/tornei-di-blackjack\/scommesse-di-recupero\/\" \/>\n<meta property=\"og:site_name\" content=\"BlackjackInfo.com\" \/>\n<meta property=\"article:modified_time\" content=\"2018-09-06T06:25:19+00:00\" \/>\n<meta name=\"twitter:label1\" content=\"Tempo di lettura stimato\" \/>\n\t<meta name=\"twitter:data1\" content=\"4 minuti\" \/>\n<script type=\"application\/ld+json\" class=\"yoast-schema-graph\">{\"@context\":\"https:\/\/schema.org\",\"@graph\":[{\"@type\":\"WebPage\",\"@id\":\"https:\/\/www.blackjackinfo.com\/blackjack-tournaments\/catch-up-bets\/\",\"url\":\"https:\/\/www.blackjackinfo.com\/blackjack-tournaments\/catch-up-bets\/\",\"name\":\"How and When to Make a Catch-Up Bet\",\"isPartOf\":{\"@id\":\"https:\/\/www.blackjackinfo.com\/#website\"},\"datePublished\":\"2014-12-13T17:40:39+00:00\",\"dateModified\":\"2018-09-06T06:25:19+00:00\",\"description\":\"When you need to catch the leaders in a blackjack tournament round, Ken Smith shows how to time your bet for maximum effectiveness.\",\"breadcrumb\":{\"@id\":\"https:\/\/www.blackjackinfo.com\/blackjack-tournaments\/catch-up-bets\/#breadcrumb\"},\"inLanguage\":\"it-IT\",\"potentialAction\":[{\"@type\":\"ReadAction\",\"target\":[\"https:\/\/www.blackjackinfo.com\/blackjack-tournaments\/catch-up-bets\/\"]}]},{\"@type\":\"BreadcrumbList\",\"@id\":\"https:\/\/www.blackjackinfo.com\/blackjack-tournaments\/catch-up-bets\/#breadcrumb\",\"itemListElement\":[{\"@type\":\"ListItem\",\"position\":1,\"name\":\"Home\",\"item\":\"https:\/\/www.blackjackinfo.com\/\"},{\"@type\":\"ListItem\",\"position\":2,\"name\":\"Blackjack Tournament Strategy\",\"item\":\"https:\/\/www.blackjackinfo.com\/blackjack-tournaments\/\"},{\"@type\":\"ListItem\",\"position\":3,\"name\":\"How and When to Make a Catch-Up Bet\"}]},{\"@type\":\"WebSite\",\"@id\":\"https:\/\/www.blackjackinfo.com\/#website\",\"url\":\"https:\/\/www.blackjackinfo.com\/\",\"name\":\"BlackjackInfo.com\",\"description\":\"Because Winning is More Fun!\",\"potentialAction\":[{\"@type\":\"SearchAction\",\"target\":{\"@type\":\"EntryPoint\",\"urlTemplate\":\"https:\/\/www.blackjackinfo.com\/?s={search_term_string}\"},\"query-input\":{\"@type\":\"PropertyValueSpecification\",\"valueRequired\":true,\"valueName\":\"search_term_string\"}}],\"inLanguage\":\"it-IT\"}]}<\/script>\n<!-- \/ Yoast SEO plugin. -->","yoast_head_json":{"title":"Come e quando effettuare una scommessa di recupero","description":"Quando \u00e8 necessario catturare i leader in un round di torneo di blackjack, Ken Smith mostra come temporizzare la puntata per ottenere la massima efficacia.","robots":{"index":"index","follow":"follow","max-snippet":"max-snippet:-1","max-image-preview":"max-image-preview:large","max-video-preview":"max-video-preview:-1"},"canonical":"https:\/\/www.blackjackinfo.com\/it\/tornei-di-blackjack\/scommesse-di-recupero\/","og_locale":"it_IT","og_type":"article","og_title":"How and When to Make a Catch-Up Bet","og_description":"When you need to catch the leaders in a blackjack tournament round, Ken Smith shows how to time your bet for maximum effectiveness.","og_url":"https:\/\/www.blackjackinfo.com\/it\/tornei-di-blackjack\/scommesse-di-recupero\/","og_site_name":"BlackjackInfo.com","article_modified_time":"2018-09-06T06:25:19+00:00","twitter_misc":{"Tempo di lettura stimato":"4 minuti"},"schema":{"@context":"https:\/\/schema.org","@graph":[{"@type":"WebPage","@id":"https:\/\/www.blackjackinfo.com\/blackjack-tournaments\/catch-up-bets\/","url":"https:\/\/www.blackjackinfo.com\/blackjack-tournaments\/catch-up-bets\/","name":"Come e quando effettuare una scommessa di recupero","isPartOf":{"@id":"https:\/\/www.blackjackinfo.com\/#website"},"datePublished":"2014-12-13T17:40:39+00:00","dateModified":"2018-09-06T06:25:19+00:00","description":"Quando \u00e8 necessario catturare i leader in un round di torneo di blackjack, Ken Smith mostra come temporizzare la puntata per ottenere la massima efficacia.","breadcrumb":{"@id":"https:\/\/www.blackjackinfo.com\/blackjack-tournaments\/catch-up-bets\/#breadcrumb"},"inLanguage":"it-IT","potentialAction":[{"@type":"ReadAction","target":["https:\/\/www.blackjackinfo.com\/blackjack-tournaments\/catch-up-bets\/"]}]},{"@type":"BreadcrumbList","@id":"https:\/\/www.blackjackinfo.com\/blackjack-tournaments\/catch-up-bets\/#breadcrumb","itemListElement":[{"@type":"ListItem","position":1,"name":"Home","item":"https:\/\/www.blackjackinfo.com\/"},{"@type":"ListItem","position":2,"name":"Blackjack Tournament Strategy","item":"https:\/\/www.blackjackinfo.com\/blackjack-tournaments\/"},{"@type":"ListItem","position":3,"name":"How and When to Make a Catch-Up Bet"}]},{"@type":"WebSite","@id":"https:\/\/www.blackjackinfo.com\/#website","url":"https:\/\/www.blackjackinfo.com\/","name":"BlackjackInfo.com","description":"Perch\u00e9 vincere \u00e8 pi\u00f9 divertente!","potentialAction":[{"@type":"SearchAction","target":{"@type":"EntryPoint","urlTemplate":"https:\/\/www.blackjackinfo.com\/?s={search_term_string}"},"query-input":{"@type":"PropertyValueSpecification","valueRequired":true,"valueName":"search_term_string"}}],"inLanguage":"it-IT"}]}},"_links":{"self":[{"href":"https:\/\/www.blackjackinfo.com\/it\/wp-json\/wp\/v2\/pages\/1378","targetHints":{"allow":["GET"]}}],"collection":[{"href":"https:\/\/www.blackjackinfo.com\/it\/wp-json\/wp\/v2\/pages"}],"about":[{"href":"https:\/\/www.blackjackinfo.com\/it\/wp-json\/wp\/v2\/types\/page"}],"author":[{"embeddable":true,"href":"https:\/\/www.blackjackinfo.com\/it\/wp-json\/wp\/v2\/users\/2"}],"replies":[{"embeddable":true,"href":"https:\/\/www.blackjackinfo.com\/it\/wp-json\/wp\/v2\/comments?post=1378"}],"version-history":[{"count":7,"href":"https:\/\/www.blackjackinfo.com\/it\/wp-json\/wp\/v2\/pages\/1378\/revisions"}],"predecessor-version":[{"id":4587,"href":"https:\/\/www.blackjackinfo.com\/it\/wp-json\/wp\/v2\/pages\/1378\/revisions\/4587"}],"up":[{"embeddable":true,"href":"https:\/\/www.blackjackinfo.com\/it\/wp-json\/wp\/v2\/pages\/1052"}],"wp:attachment":[{"href":"https:\/\/www.blackjackinfo.com\/it\/wp-json\/wp\/v2\/media?parent=1378"}],"wp:term":[{"taxonomy":"post_tag","embeddable":true,"href":"https:\/\/www.blackjackinfo.com\/it\/wp-json\/wp\/v2\/tags?post=1378"}],"curies":[{"name":"wp","href":"https:\/\/api.w.org\/{rel}","templated":true}]}}