{"id":1386,"date":"2014-12-13T11:47:51","date_gmt":"2014-12-13T17:47:51","guid":{"rendered":"http:\/\/test.blackjackinfo.com\/?page_id=1386"},"modified":"2018-09-06T01:26:00","modified_gmt":"2018-09-06T06:26:00","slug":"colpi-gratuiti","status":"publish","type":"page","link":"https:\/\/www.blackjackinfo.com\/it\/blackjack-tournaments\/free-hits\/","title":{"rendered":"Colpi gratuiti nel Blackjack da torneo"},"content":{"rendered":"<div class=\"bji-byline\">da <a href=\"\/ken-smith\/\">Kenneth R Smith<\/a>.<\/div>\n<h2 class=\"text-center\">Ottenere qualcosa in cambio di nulla: i colpi gratuiti nel blackjack da torneo<\/h2>\n<p class=\"intro\">Ecco una piccola aggiunta alla vostra cassetta degli attrezzi per i tornei di blackjack che pu\u00f2 darvi un vantaggio in pi\u00f9 in molte situazioni di mano finale. Vi sar\u00e0 capitato di sentire giocatori di torneo esperti parlare di una situazione in cui un giocatore ha avuto un \"colpo gratuito\". In questo articolo vedremo cosa si intende con questa frase e come imparare a riconoscere le situazioni in cui si applica.<\/p>\n<p>Gli esperti di tornei a volte sembrano avere un linguaggio tutto loro, utilizzando frasi come \"prendere il massimo\", \"prendere il minimo\", \"giocare per lo swing\" o \"colpo libero\". Poich\u00e9 tutte queste frasi descrivono circostanze importanti per il nostro argomento, analizziamole una per una.<\/p>\n<p><strong>Prendere l'alto<\/strong>: Significa che avete fatto una puntata abbastanza grande in modo che, se tutti i giocatori vincono le loro puntate, sarete in testa. Questo \u00e8 facile da fare quando si \u00e8 in testa, ma pu\u00f2 anche essere un'opzione quando si scommette dietro ai leader del tavolo.<\/p>\n<p><strong>Prendere il basso<\/strong>: Significa che avete lasciato abbastanza fiches non puntate davanti a voi in modo da essere in vantaggio se il banco batte l'intero tavolo. Facendo una piccola puntata, si spera che il banco abbia una mano forte e che elimini le puntate pi\u00f9 grandi dell'avversario.<\/p>\n<p><strong>Giocare per lo swing<\/strong>: Si tratta di giocare la mano in modo da aumentare la probabilit\u00e0 di vincere la scommessa mentre l'avversario perde la sua. Ci\u00f2 significa che si dovr\u00e0 puntare su un totale superiore a quello dell'avversario e sperare che il banco finisca in mezzo alle vostre mani.<\/p>\n<p><strong>Colpo gratuito<\/strong>: Un colpo gratuito \u00e8 una situazione in cui il fallimento della mano non \u00e8 peggiore della permanenza con il totale attuale. Pertanto, si pu\u00f2 tranquillamente prendere un'altra carta, senza alcun costo se la carta provoca un bust.<\/p>\n<p>Si spera che alcuni esempi chiariscano ciascuno di questi concetti. Nei nostri esempi, immaginiamo un tavolo finale con solo due giocatori rimanenti, A e B. Il giocatore A \u00e8 sul bottone nell'esempio, il che significa che deve puntare e agire prima del giocatore B. Il torneo consente limiti di puntata da $5 a $500, e la resa non \u00e8 disponibile.<\/p>\n<h2 class=\"text-center\">Esempio 1: il giocatore A \u00e8 in vantaggio di poco.<\/h2>\n<p>Supponiamo che il giocatore A abbia $1300 e il giocatore B $1150. Il giocatore A ha due buone scelte per la sua puntata. Se sceglie di puntare almeno $430, \"prende il massimo\", poich\u00e9 indipendentemente dalla puntata del giocatore B ha la scommessa coperta se entrambi vincono. Puntando $355 si prende anche l'high, ma si creano problemi se il giocatore B ha una buona mano di double-down.<\/p>\n<p>Se il Giocatore A sceglie invece di puntare $145 o meno, ha \"preso il basso\", trattenendo pi\u00f9 fiches non puntate rispetto al bankroll del Giocatore B. Se il giocatore B non viene pagato, il giocatore A vince il round.<\/p>\n<p>Se il Giocatore B \u00e8 un giocatore esperto di tornei, le possibilit\u00e0 del Giocatore A sono migliori se prende il basso, ma non stiamo discutendo i meriti di questi due approcci. Ci limitiamo invece a illustrare le scelte.<\/p>\n<p>Supponiamo che il giocatore A abbia puntato $430 in questo caso, forse perch\u00e9 pensava che il giocatore B potesse fare una puntata massima dietro di lui. Tuttavia, supponiamo che il giocatore B sia stato pi\u00f9 astuto di cos\u00ec, e abbia preso il minimo con una puntata di $275. In realt\u00e0, le puntate comprese tra $155 e $275 per il giocatore B hanno un'utilit\u00e0 molto simile, ma il modo pi\u00f9 semplice per fare rapidamente un'ottima puntata \u00e8 semplicemente quello di tenere una fiche in pi\u00f9 non puntata rispetto al giocatore A. Il giocatore A ha $870. Il giocatore B trattiene $875 e punta il resto. Questo \u00e8 $275. Ora il giocatore A ha il massimo e il giocatore B il minimo.<\/p>\n<p>Il giocatore A riceve una mano di 18 e sta, contro un 6 del banco. Il giocatore B ha un difficile 17. Le cose si fanno interessanti. Se il giocatore B sta in piedi, vince se il banco fa 19, 20 o 21. Qualsiasi altro risultato significa una vittoria del giocatore A. Qualsiasi altro risultato significa una vittoria del giocatore A. Tuttavia, questo \u00e8 un esempio da manuale di opportunit\u00e0 di colpo gratuito per il giocatore B. La mano del giocatore B a questo punto \u00e8 quasi priva di significato. Ha un totale difficile di 17, e raddoppiare ha una probabilit\u00e0 di successo molto pi\u00f9 bassa che stare in piedi. Si noti tuttavia che il giocatore B ha puntato $275 e si trova in svantaggio di solo $150. Se il banco esce per spingere il 18 del giocatore A, allora una vincita con una sola puntata da parte di B eclissa il totale di A. In questo caso, B dovrebbe raggiungere un totale di almeno 19. Se fa busting, \u00e8 in vantaggio. Se va in bancarotta, non \u00e8 in una situazione peggiore di quella in cui si trovava. Se invece riesce a raggiungere un totale di 19, 20 o 21, ora vince se il banco realizza 18 oltre ai totali gi\u00e0 vincenti di 19, 20 e 21.<\/p>\n<p>E questo \u00e8 sicuramente un \"colpo gratuito\". Colpisci il 17 e, se peschi un Asso, colpisci di nuovo. \u00c8 una piccola percentuale di possibilit\u00e0 in pi\u00f9, ma non ha alcun costo.<\/p>\n<h2 class=\"text-center\">Esempio 2: il giocatore A \u00e8 in vantaggio, di molto.<\/h2>\n<p>Alziamo un po' il tiro sul giocatore B. Il giocatore A ha $1800 e il giocatore B ha $1100. Il giocatore A dovrebbe puntare almeno $305, per coprire una vincita con doppia puntata massima da parte di B. Anzi, dato che $405 copre una vincita con tre puntate all-in da parte di B, consiglierei quell'importo. Purtroppo, una di queste due puntate apre una piccola finestra di opportunit\u00e0 per il giocatore B. Tuttavia, vale la pena rischiare. Inoltre, ci d\u00e0 la possibilit\u00e0 di illustrare il gioco per uno swing.<\/p>\n<p>Quindi, il giocatore A scommette $405. Il giocatore B dovrebbe puntare almeno $355, e a me piace una puntata massima di $500 per via dei vantaggi di vincere $750 con un blackjack. Quindi, supponiamo che B punti $500. E adesso?<\/p>\n<p>Il giocatore A ha sia la puntata alta che quella bassa. Se tutte le scommesse vincono, vince lui. Se tutte le puntate perdono, vince lui. Supponiamo che il croupier abbia un 6 e che il giocatore A abbia 18. Tuttavia, questa volta il giocatore B ha un (3,4) per un 7 forte. Per il giocatore B, stare in piedi ha una probabilit\u00e0 di vincita di 0%, quindi lo elimina dalla lista. Il raddoppio non \u00e8 migliore. La carta migliore che si pu\u00f2 pescare \u00e8 l'Asso, ma sfortunatamente corrisponde solo al totale di 18 di A.<\/p>\n<p>\u00c8 evidente che il giocatore B deve colpire, e dovrebbe farlo per superare il totale di A di almeno 2 punti. In questo caso, ci\u00f2 significa colpire per raggiungere un totale di 20 o 21, o fallire il tentativo.<\/p>\n<p>B vince se tira fino a 20 e il banco fa esattamente 19.<br \/>\nB vince se tira fino a 21 e il banco fa 19 o 20.<\/p>\n<p>Questo processo di colpire il totale dell'avversario pi\u00f9 due punti \u00e8 tipico del \"gioco dello swing\". Ricordate che dovete dare al croupier un totale sul quale atterrare tra voi e il vostro avversario. Non c'\u00e8 molto da entusiasmarsi, ma \u00e8 la vostra unica possibilit\u00e0.<\/p>\n<p>Tenere gli occhi aperti su situazioni simili pu\u00f2 darvi quel piccolo vantaggio in pi\u00f9 che fa la differenza.<\/p>\n<hr \/>\n<p>Per ulteriori articoli sui tornei di blackjack e sulla strategia dei tornei, \u00e8 possibile:<br \/>\nRitorno al <a href=\"\/blackjack-tournaments\/\">Sezione Tornei di Blackjack<\/a>, o<br \/>\nPassare all'articolo successivo <a href=\"\/blackjack-tournaments\/doubling-for-less\/\">Raddoppiare per meno<\/a>.<\/p>","protected":false},"excerpt":{"rendered":"<p>by Kenneth R Smith. Getting Something for Nothing: Free Hits in Tournament Blackjack Here&#8217;s a little addition to your blackjack tournament toolbox that can give you an extra edge in many final hand situations. You may have heard experienced tournament players talking about a tournament situation where a player had a &#8220;free hit&#8221;. In this [&hellip;]<\/p>\n","protected":false},"author":2,"featured_media":0,"parent":1052,"menu_order":5,"comment_status":"open","ping_status":"closed","template":"page-with-sidebar.php","meta":{"_acf_changed":false,"footnotes":""},"tags":[],"class_list":["post-1386","page","type-page","status-publish","hentry"],"acf":[],"yoast_head":"<!-- This site is optimized with the Yoast SEO plugin v26.6 - https:\/\/yoast.com\/wordpress\/plugins\/seo\/ -->\n<title>Free Hits in Tournament Blackjack<\/title>\n<meta name=\"description\" content=\"The &quot;free hit&quot; is a powerful and simple concept you can use in a blackjack tournament to increase your chance of success. Ken Smith explains how it works.\" \/>\n<meta name=\"robots\" content=\"index, follow, max-snippet:-1, max-image-preview:large, max-video-preview:-1\" \/>\n<link rel=\"canonical\" href=\"https:\/\/www.blackjackinfo.com\/it\/tornei-di-blackjack\/colpi-gratuiti\/\" \/>\n<meta property=\"og:locale\" content=\"it_IT\" \/>\n<meta property=\"og:type\" content=\"article\" \/>\n<meta property=\"og:title\" content=\"Free Hits in Tournament Blackjack\" \/>\n<meta property=\"og:description\" content=\"The &quot;free hit&quot; is a powerful and simple concept you can use in a blackjack tournament to increase your chance of success. Ken Smith explains how it works.\" \/>\n<meta property=\"og:url\" content=\"https:\/\/www.blackjackinfo.com\/it\/tornei-di-blackjack\/colpi-gratuiti\/\" \/>\n<meta property=\"og:site_name\" content=\"BlackjackInfo.com\" \/>\n<meta property=\"article:modified_time\" content=\"2018-09-06T06:26:00+00:00\" \/>\n<meta name=\"twitter:label1\" content=\"Tempo di lettura stimato\" \/>\n\t<meta name=\"twitter:data1\" content=\"6 minuti\" \/>\n<script type=\"application\/ld+json\" class=\"yoast-schema-graph\">{\"@context\":\"https:\/\/schema.org\",\"@graph\":[{\"@type\":\"WebPage\",\"@id\":\"https:\/\/www.blackjackinfo.com\/blackjack-tournaments\/free-hits\/\",\"url\":\"https:\/\/www.blackjackinfo.com\/blackjack-tournaments\/free-hits\/\",\"name\":\"Free Hits in Tournament Blackjack\",\"isPartOf\":{\"@id\":\"https:\/\/www.blackjackinfo.com\/#website\"},\"datePublished\":\"2014-12-13T17:47:51+00:00\",\"dateModified\":\"2018-09-06T06:26:00+00:00\",\"description\":\"The \\\"free hit\\\" is a powerful and simple concept you can use in a blackjack tournament to increase your chance of success. Ken Smith explains how it works.\",\"breadcrumb\":{\"@id\":\"https:\/\/www.blackjackinfo.com\/blackjack-tournaments\/free-hits\/#breadcrumb\"},\"inLanguage\":\"it-IT\",\"potentialAction\":[{\"@type\":\"ReadAction\",\"target\":[\"https:\/\/www.blackjackinfo.com\/blackjack-tournaments\/free-hits\/\"]}]},{\"@type\":\"BreadcrumbList\",\"@id\":\"https:\/\/www.blackjackinfo.com\/blackjack-tournaments\/free-hits\/#breadcrumb\",\"itemListElement\":[{\"@type\":\"ListItem\",\"position\":1,\"name\":\"Home\",\"item\":\"https:\/\/www.blackjackinfo.com\/\"},{\"@type\":\"ListItem\",\"position\":2,\"name\":\"Blackjack Tournament Strategy\",\"item\":\"https:\/\/www.blackjackinfo.com\/blackjack-tournaments\/\"},{\"@type\":\"ListItem\",\"position\":3,\"name\":\"Free Hits in Tournament Blackjack\"}]},{\"@type\":\"WebSite\",\"@id\":\"https:\/\/www.blackjackinfo.com\/#website\",\"url\":\"https:\/\/www.blackjackinfo.com\/\",\"name\":\"BlackjackInfo.com\",\"description\":\"Because Winning is More Fun!\",\"potentialAction\":[{\"@type\":\"SearchAction\",\"target\":{\"@type\":\"EntryPoint\",\"urlTemplate\":\"https:\/\/www.blackjackinfo.com\/?s={search_term_string}\"},\"query-input\":{\"@type\":\"PropertyValueSpecification\",\"valueRequired\":true,\"valueName\":\"search_term_string\"}}],\"inLanguage\":\"it-IT\"}]}<\/script>\n<!-- \/ Yoast SEO plugin. -->","yoast_head_json":{"title":"Colpi gratuiti nel Blackjack da torneo","description":"Il \"colpo gratuito\" \u00e8 un concetto potente e semplice che potete utilizzare in un torneo di blackjack per aumentare le vostre possibilit\u00e0 di successo. Ken Smith ci spiega come funziona.","robots":{"index":"index","follow":"follow","max-snippet":"max-snippet:-1","max-image-preview":"max-image-preview:large","max-video-preview":"max-video-preview:-1"},"canonical":"https:\/\/www.blackjackinfo.com\/it\/tornei-di-blackjack\/colpi-gratuiti\/","og_locale":"it_IT","og_type":"article","og_title":"Free Hits in Tournament Blackjack","og_description":"The \"free hit\" is a powerful and simple concept you can use in a blackjack tournament to increase your chance of success. Ken Smith explains how it works.","og_url":"https:\/\/www.blackjackinfo.com\/it\/tornei-di-blackjack\/colpi-gratuiti\/","og_site_name":"BlackjackInfo.com","article_modified_time":"2018-09-06T06:26:00+00:00","twitter_misc":{"Tempo di lettura stimato":"6 minuti"},"schema":{"@context":"https:\/\/schema.org","@graph":[{"@type":"WebPage","@id":"https:\/\/www.blackjackinfo.com\/blackjack-tournaments\/free-hits\/","url":"https:\/\/www.blackjackinfo.com\/blackjack-tournaments\/free-hits\/","name":"Colpi gratuiti nel Blackjack da torneo","isPartOf":{"@id":"https:\/\/www.blackjackinfo.com\/#website"},"datePublished":"2014-12-13T17:47:51+00:00","dateModified":"2018-09-06T06:26:00+00:00","description":"Il \"colpo gratuito\" \u00e8 un concetto potente e semplice che potete utilizzare in un torneo di blackjack per aumentare le vostre possibilit\u00e0 di successo. Ken Smith ci spiega come funziona.","breadcrumb":{"@id":"https:\/\/www.blackjackinfo.com\/blackjack-tournaments\/free-hits\/#breadcrumb"},"inLanguage":"it-IT","potentialAction":[{"@type":"ReadAction","target":["https:\/\/www.blackjackinfo.com\/blackjack-tournaments\/free-hits\/"]}]},{"@type":"BreadcrumbList","@id":"https:\/\/www.blackjackinfo.com\/blackjack-tournaments\/free-hits\/#breadcrumb","itemListElement":[{"@type":"ListItem","position":1,"name":"Home","item":"https:\/\/www.blackjackinfo.com\/"},{"@type":"ListItem","position":2,"name":"Blackjack Tournament Strategy","item":"https:\/\/www.blackjackinfo.com\/blackjack-tournaments\/"},{"@type":"ListItem","position":3,"name":"Free Hits in Tournament Blackjack"}]},{"@type":"WebSite","@id":"https:\/\/www.blackjackinfo.com\/#website","url":"https:\/\/www.blackjackinfo.com\/","name":"BlackjackInfo.com","description":"Perch\u00e9 vincere \u00e8 pi\u00f9 divertente!","potentialAction":[{"@type":"SearchAction","target":{"@type":"EntryPoint","urlTemplate":"https:\/\/www.blackjackinfo.com\/?s={search_term_string}"},"query-input":{"@type":"PropertyValueSpecification","valueRequired":true,"valueName":"search_term_string"}}],"inLanguage":"it-IT"}]}},"_links":{"self":[{"href":"https:\/\/www.blackjackinfo.com\/it\/wp-json\/wp\/v2\/pages\/1386","targetHints":{"allow":["GET"]}}],"collection":[{"href":"https:\/\/www.blackjackinfo.com\/it\/wp-json\/wp\/v2\/pages"}],"about":[{"href":"https:\/\/www.blackjackinfo.com\/it\/wp-json\/wp\/v2\/types\/page"}],"author":[{"embeddable":true,"href":"https:\/\/www.blackjackinfo.com\/it\/wp-json\/wp\/v2\/users\/2"}],"replies":[{"embeddable":true,"href":"https:\/\/www.blackjackinfo.com\/it\/wp-json\/wp\/v2\/comments?post=1386"}],"version-history":[{"count":4,"href":"https:\/\/www.blackjackinfo.com\/it\/wp-json\/wp\/v2\/pages\/1386\/revisions"}],"predecessor-version":[{"id":4588,"href":"https:\/\/www.blackjackinfo.com\/it\/wp-json\/wp\/v2\/pages\/1386\/revisions\/4588"}],"up":[{"embeddable":true,"href":"https:\/\/www.blackjackinfo.com\/it\/wp-json\/wp\/v2\/pages\/1052"}],"wp:attachment":[{"href":"https:\/\/www.blackjackinfo.com\/it\/wp-json\/wp\/v2\/media?parent=1386"}],"wp:term":[{"taxonomy":"post_tag","embeddable":true,"href":"https:\/\/www.blackjackinfo.com\/it\/wp-json\/wp\/v2\/tags?post=1386"}],"curies":[{"name":"wp","href":"https:\/\/api.w.org\/{rel}","templated":true}]}}