{"id":1390,"date":"2014-12-13T11:55:19","date_gmt":"2014-12-13T17:55:19","guid":{"rendered":"http:\/\/test.blackjackinfo.com\/?page_id=1390"},"modified":"2018-09-06T01:26:35","modified_gmt":"2018-09-06T06:26:35","slug":"raddoppio-per-meno","status":"publish","type":"page","link":"https:\/\/www.blackjackinfo.com\/it\/blackjack-tournaments\/doubling-for-less\/","title":{"rendered":"Raddoppiare per meno, una potente strategia da torneo"},"content":{"rendered":"<div class=\"bji-byline\">da <a href=\"\/ken-smith\/\">Kenneth R Smith<\/a>.<\/div>\n<p class=\"intro\">Nel blackjack da casin\u00f2, le regole per il raddoppio e lo split hanno una differenza fondamentale. Sebbene entrambe le regole permettano al giocatore di aumentare la propria puntata dopo la distribuzione delle carte iniziali, il raddoppio richiede specificamente che il giocatore eguagli l'importo della puntata originale con una puntata uguale nella seconda mano, mentre il raddoppio non ha questa restrizione. Il casin\u00f2 vi permetter\u00e0 volentieri di \"raddoppiare per meno\", aggiungendo un importo inferiore alla puntata originale in cambio dell'estrazione di una sola carta aggiuntiva. Ci\u00f2 non sorprende, poich\u00e9 il raddoppio per un importo inferiore non \u00e8 mai la strategia corretta per un giocatore in un gioco regolare. Se \u00e8 vantaggioso raddoppiare, \u00e8 meglio mettere sul tavolo pi\u00f9 soldi possibile. Ricordate che state anche rinunciando alla possibilit\u00e0 di pescare pi\u00f9 di una carta nella vostra mano.<\/p>\n<p>Mentre il raddoppio per meno \u00e8 sempre un errore in una partita dal vivo, il gioco in torneo \u00e8 diverso. Infatti, se usato correttamente, il raddoppio per meno \u00e8 una tecnica potente per ottenere un vantaggio in pi\u00f9 sugli avversari. In questo articolo analizzeremo due esempi in cui \u00e8 appropriato.<\/p>\n<p>Nel <a href=\"\/blackjack-tournaments\/tournament-position\/\">articolo sulla posizione<\/a>Ho parlato dell'importanza della posizione nei tornei e ho notato che i giocatori alla vostra sinistra sono una minaccia maggiore rispetto a quelli alla vostra destra. Il motivo \u00e8 semplice. Nella maggior parte delle mani, i giocatori alla vostra sinistra possono vedere la vostra puntata e le vostre decisioni di gioco prima di prendere le loro. Di conseguenza, avere una seconda opportunit\u00e0 di cambiare l'importo della vostra puntata pu\u00f2 essere prezioso. Ci\u00f2 significa che il raddoppio e la divisione sono pi\u00f9 utili rispetto al normale gioco al tavolo.<\/p>\n<h2 class=\"text-center\">Esempio 1: rubare un'occasione di vantaggio<\/h2>\n<p>Immaginiamo di essere in svantaggio su un giocatore alla nostra sinistra di $50 e di essere vicini alla fine del round. Se non potete permettervi di aspettare che il bottone vi passi davanti per fare una mossa per il vantaggio, il raddoppio o lo split possono essere la vostra migliore chance. Supponiamo che abbiate puntato $100 e che il vostro avversario abbia fatto la stessa puntata dietro di voi. Le carte vengono distribuite e voi avete un 12 duro, lui un 18 duro e il banco mostra un 4 upcard. Questa \u00e8 una situazione in cui la strategia di base dice che dovreste stare. Tuttavia, \u00e8 anche una grande opportunit\u00e0 per rubare il vantaggio al vostro avversario. Raddoppiando il vostro 12, potete prendere il comando in caso di successo. Tuttavia, dato che questa \u00e8 generalmente una giocata sbagliata, dovreste raddoppiare il meno possibile per raggiungere il vostro obiettivo. In questo caso, \u00e8 opportuno raddoppiare per $55 o $60.<\/p>\n<p>Anche se questa pu\u00f2 essere una giocata forte, ci sono diversi fattori da considerare prima di premere il grilletto del raddoppio. Quante mani rimangono? Quante mani punter\u00e0 il giocatore dietro di voi? Qual \u00e8 la puntata massima e quali sono i bankroll? Forse il fattore pi\u00f9 critico \u00e8 quanto sarebbe dannoso per le vostre possibilit\u00e0 uno swing perdente. Se fate busting con il 12 e il dealer fa busting dietro di voi, ora siete indietro di $305 . Se la puntata massima \u00e8 di $300, si tratta di un handicap terribile e, a meno che il round non sia quasi finito, dovreste saltare questa opportunit\u00e0 e sperare in un colpo migliore pi\u00f9 tardi. D'altro canto, se la puntata massima \u00e8 di $1000, ed entrambi avete molte fiches, allora un deficit di $305 non \u00e8 un grosso problema, e questo \u00e8 probabilmente un ottimo momento per fare un tentativo.<\/p>\n<p>Si noti che gli stessi fattori si applicano al vostro avversario dopo il vostro raddoppio. Se riuscite a pescare una buona carta nella vostra mano, potrebbe prendere in considerazione l'idea di raddoppiare il suo 18 difficile dietro di voi. Anche se si tratta di una perdita quasi certa, se uno swing negativo non \u00e8 un grosso problema potrebbe essere la giocata giusta per lui.<\/p>\n<h2 class=\"text-center\">Esempio 2: Costringere l'avversario a fare una scelta<\/h2>\n<p>Ecco una tecnica potente che non ho mai visto menzionata nella stampa. Sebbene sia tutt'altro che sconosciuta tra i professionisti dei tornei, ho visto pochissimi giocatori utilizzarla, anche se la situazione si presenta abbastanza frequentemente.<\/p>\n<p>Tornati al tavolo, siete ancora in svantaggio su Lefty di $50, ma ora \u00e8 l'ultima mano. Puntate $250 e Lefty pareggia. Voi avete un 11, Lefty ha una coppia di carte coperte e il banco mostra un 8. Avete un double-down da strategia di base, ed \u00e8 abbastanza evidente che dovreste raddoppiare se volete avere qualche ragionevole possibilit\u00e0 di vincere il round. Nell'ultimo esempio, avevamo un double-down scarso e volevamo minimizzare il costo raddoppiando per meno.<\/p>\n<p>Questa volta, con un solido raddoppio di strategia di base, la maggior parte dei giocatori sceglierebbe di raddoppiare per l'intero importo. Sarebbe un errore madornale! Considerate cosa succede se pescate una carta scarsa sul vostro raddoppio. Se il vostro raddoppio finisce rigido, con un totale inferiore a 17, Lefty pu\u00f2 ora escludervi da qualsiasi possibilit\u00e0 di vincere. Pu\u00f2 dividere le carte coperte, stare su una qualsiasi carta rigida, e voi non avete alcuna possibilit\u00e0 di vincere il round. \u00c8 finita!<\/p>\n<p>Per eliminare questa possibilit\u00e0, dovreste raddoppiare per un valore inferiore. Se raddoppiate per una cifra compresa tra $55 e $195, avete creato una scelta difficile per il vostro avversario. Non pu\u00f2 pi\u00f9 bloccarvi con uno split. Se divide e il banco vi batte entrambi, ora siete voi ad avanzare al posto suo. Poich\u00e9 non pu\u00f2 dividere per meno, lo costringete a scegliere tra \"primo alto\" e \"primo basso\". Deve decidere se vuole coprire la vostra vincita o quella del banco, poich\u00e9 non pu\u00f2 fare entrambe le cose. Tutto questo solo perch\u00e9 avete raddoppiato per un importo inferiore a quello totale.<\/p>\n<p>Questa tattica funziona a meraviglia, a prescindere dall'upcard del banco e quasi a prescindere dalla carta pescata al momento del raddoppio. Raddoppiare per un importo inferiore \u00e8 quasi sempre preferibile a raddoppiare per l'intero importo ogni volta che il vostro avversario ha una coppia che preferirebbe dividere piuttosto che raddoppiare.<\/p>\n<p>\u00c8 una giocata potente, che si presenta abbastanza spesso da meritare un nome. Poich\u00e9 non l'ho mai vista menzionata da altri autori, mi sbilancio e la battezzo \"Quandary di Ken\", con il quandary che \u00e8 quello del vostro avversario, dopo il vostro doppio down. Poche giocate provocano una smorfia pi\u00f9 forte dall'altra parte del tavolo.<\/p>\n<p>Buona fortuna, Ken.<\/p>\n<hr \/>\n<p>Per ulteriori articoli sui tornei di blackjack e sulla strategia dei tornei, \u00e8 possibile:<br \/>\nRitorno al <a href=\"\/blackjack-tournaments\/\">Sezione Tornei di Blackjack<\/a>, o<br \/>\nPassare all'articolo successivo <a href=\"\/blackjack-tournaments\/the-rule-of-2-4-and-5\/\">La regola del 2, 4 e 5<\/a>.<\/p>","protected":false},"excerpt":{"rendered":"<p>by Kenneth R Smith. In casino blackjack, the rules for doubling and splitting have one key difference. While both of these rules allow a player to increase his wager after the initial cards are dealt, splitting specifically requires the player to match the original bet amount with an equal wager on the second hand, while [&hellip;]<\/p>\n","protected":false},"author":2,"featured_media":0,"parent":1052,"menu_order":6,"comment_status":"open","ping_status":"closed","template":"page-with-sidebar.php","meta":{"_acf_changed":false,"footnotes":""},"tags":[],"class_list":["post-1390","page","type-page","status-publish","hentry"],"acf":[],"yoast_head":"<!-- This site is optimized with the Yoast SEO plugin v26.6 - https:\/\/yoast.com\/wordpress\/plugins\/seo\/ -->\n<title>Doubling For Less, A Powerful Tournament Strategy<\/title>\n<meta name=\"description\" content=\"Doubling for less is almost always a mistake at blackjack, but that&#039;s not true in tournament blackjack. Ken Smith explains how this can be a powerful tool.\" \/>\n<meta name=\"robots\" content=\"index, follow, max-snippet:-1, max-image-preview:large, max-video-preview:-1\" \/>\n<link rel=\"canonical\" href=\"https:\/\/www.blackjackinfo.com\/it\/tornei-di-blackjack\/raddoppio-per-meno\/\" \/>\n<meta property=\"og:locale\" content=\"it_IT\" \/>\n<meta property=\"og:type\" content=\"article\" \/>\n<meta property=\"og:title\" content=\"Doubling For Less, A Powerful Tournament Strategy\" \/>\n<meta property=\"og:description\" content=\"Doubling for less is almost always a mistake at blackjack, but that&#039;s not true in tournament blackjack. Ken Smith explains how this can be a powerful tool.\" \/>\n<meta property=\"og:url\" content=\"https:\/\/www.blackjackinfo.com\/it\/tornei-di-blackjack\/raddoppio-per-meno\/\" \/>\n<meta property=\"og:site_name\" content=\"BlackjackInfo.com\" \/>\n<meta property=\"article:modified_time\" content=\"2018-09-06T06:26:35+00:00\" \/>\n<meta name=\"twitter:label1\" content=\"Tempo di lettura stimato\" \/>\n\t<meta name=\"twitter:data1\" content=\"5 minuti\" \/>\n<script type=\"application\/ld+json\" class=\"yoast-schema-graph\">{\"@context\":\"https:\/\/schema.org\",\"@graph\":[{\"@type\":\"WebPage\",\"@id\":\"https:\/\/www.blackjackinfo.com\/blackjack-tournaments\/doubling-for-less\/\",\"url\":\"https:\/\/www.blackjackinfo.com\/blackjack-tournaments\/doubling-for-less\/\",\"name\":\"Doubling For Less, A Powerful Tournament Strategy\",\"isPartOf\":{\"@id\":\"https:\/\/www.blackjackinfo.com\/#website\"},\"datePublished\":\"2014-12-13T17:55:19+00:00\",\"dateModified\":\"2018-09-06T06:26:35+00:00\",\"description\":\"Doubling for less is almost always a mistake at blackjack, but that's not true in tournament blackjack. Ken Smith explains how this can be a powerful tool.\",\"breadcrumb\":{\"@id\":\"https:\/\/www.blackjackinfo.com\/blackjack-tournaments\/doubling-for-less\/#breadcrumb\"},\"inLanguage\":\"it-IT\",\"potentialAction\":[{\"@type\":\"ReadAction\",\"target\":[\"https:\/\/www.blackjackinfo.com\/blackjack-tournaments\/doubling-for-less\/\"]}]},{\"@type\":\"BreadcrumbList\",\"@id\":\"https:\/\/www.blackjackinfo.com\/blackjack-tournaments\/doubling-for-less\/#breadcrumb\",\"itemListElement\":[{\"@type\":\"ListItem\",\"position\":1,\"name\":\"Home\",\"item\":\"https:\/\/www.blackjackinfo.com\/\"},{\"@type\":\"ListItem\",\"position\":2,\"name\":\"Blackjack Tournament Strategy\",\"item\":\"https:\/\/www.blackjackinfo.com\/blackjack-tournaments\/\"},{\"@type\":\"ListItem\",\"position\":3,\"name\":\"Doubling For Less, A Powerful Tournament Strategy\"}]},{\"@type\":\"WebSite\",\"@id\":\"https:\/\/www.blackjackinfo.com\/#website\",\"url\":\"https:\/\/www.blackjackinfo.com\/\",\"name\":\"BlackjackInfo.com\",\"description\":\"Because Winning is More Fun!\",\"potentialAction\":[{\"@type\":\"SearchAction\",\"target\":{\"@type\":\"EntryPoint\",\"urlTemplate\":\"https:\/\/www.blackjackinfo.com\/?s={search_term_string}\"},\"query-input\":{\"@type\":\"PropertyValueSpecification\",\"valueRequired\":true,\"valueName\":\"search_term_string\"}}],\"inLanguage\":\"it-IT\"}]}<\/script>\n<!-- \/ Yoast SEO plugin. -->","yoast_head_json":{"title":"Raddoppiare per meno, una potente strategia da torneo","description":"Raddoppiare per meno \u00e8 quasi sempre un errore al blackjack, ma questo non \u00e8 vero nel blackjack da torneo. Ken Smith spiega come questo possa essere uno strumento potente.","robots":{"index":"index","follow":"follow","max-snippet":"max-snippet:-1","max-image-preview":"max-image-preview:large","max-video-preview":"max-video-preview:-1"},"canonical":"https:\/\/www.blackjackinfo.com\/it\/tornei-di-blackjack\/raddoppio-per-meno\/","og_locale":"it_IT","og_type":"article","og_title":"Doubling For Less, A Powerful Tournament Strategy","og_description":"Doubling for less is almost always a mistake at blackjack, but that's not true in tournament blackjack. Ken Smith explains how this can be a powerful tool.","og_url":"https:\/\/www.blackjackinfo.com\/it\/tornei-di-blackjack\/raddoppio-per-meno\/","og_site_name":"BlackjackInfo.com","article_modified_time":"2018-09-06T06:26:35+00:00","twitter_misc":{"Tempo di lettura stimato":"5 minuti"},"schema":{"@context":"https:\/\/schema.org","@graph":[{"@type":"WebPage","@id":"https:\/\/www.blackjackinfo.com\/blackjack-tournaments\/doubling-for-less\/","url":"https:\/\/www.blackjackinfo.com\/blackjack-tournaments\/doubling-for-less\/","name":"Raddoppiare per meno, una potente strategia da torneo","isPartOf":{"@id":"https:\/\/www.blackjackinfo.com\/#website"},"datePublished":"2014-12-13T17:55:19+00:00","dateModified":"2018-09-06T06:26:35+00:00","description":"Raddoppiare per meno \u00e8 quasi sempre un errore al blackjack, ma questo non \u00e8 vero nel blackjack da torneo. Ken Smith spiega come questo possa essere uno strumento potente.","breadcrumb":{"@id":"https:\/\/www.blackjackinfo.com\/blackjack-tournaments\/doubling-for-less\/#breadcrumb"},"inLanguage":"it-IT","potentialAction":[{"@type":"ReadAction","target":["https:\/\/www.blackjackinfo.com\/blackjack-tournaments\/doubling-for-less\/"]}]},{"@type":"BreadcrumbList","@id":"https:\/\/www.blackjackinfo.com\/blackjack-tournaments\/doubling-for-less\/#breadcrumb","itemListElement":[{"@type":"ListItem","position":1,"name":"Home","item":"https:\/\/www.blackjackinfo.com\/"},{"@type":"ListItem","position":2,"name":"Blackjack Tournament Strategy","item":"https:\/\/www.blackjackinfo.com\/blackjack-tournaments\/"},{"@type":"ListItem","position":3,"name":"Doubling For Less, A Powerful Tournament Strategy"}]},{"@type":"WebSite","@id":"https:\/\/www.blackjackinfo.com\/#website","url":"https:\/\/www.blackjackinfo.com\/","name":"BlackjackInfo.com","description":"Perch\u00e9 vincere \u00e8 pi\u00f9 divertente!","potentialAction":[{"@type":"SearchAction","target":{"@type":"EntryPoint","urlTemplate":"https:\/\/www.blackjackinfo.com\/?s={search_term_string}"},"query-input":{"@type":"PropertyValueSpecification","valueRequired":true,"valueName":"search_term_string"}}],"inLanguage":"it-IT"}]}},"_links":{"self":[{"href":"https:\/\/www.blackjackinfo.com\/it\/wp-json\/wp\/v2\/pages\/1390","targetHints":{"allow":["GET"]}}],"collection":[{"href":"https:\/\/www.blackjackinfo.com\/it\/wp-json\/wp\/v2\/pages"}],"about":[{"href":"https:\/\/www.blackjackinfo.com\/it\/wp-json\/wp\/v2\/types\/page"}],"author":[{"embeddable":true,"href":"https:\/\/www.blackjackinfo.com\/it\/wp-json\/wp\/v2\/users\/2"}],"replies":[{"embeddable":true,"href":"https:\/\/www.blackjackinfo.com\/it\/wp-json\/wp\/v2\/comments?post=1390"}],"version-history":[{"count":2,"href":"https:\/\/www.blackjackinfo.com\/it\/wp-json\/wp\/v2\/pages\/1390\/revisions"}],"predecessor-version":[{"id":4589,"href":"https:\/\/www.blackjackinfo.com\/it\/wp-json\/wp\/v2\/pages\/1390\/revisions\/4589"}],"up":[{"embeddable":true,"href":"https:\/\/www.blackjackinfo.com\/it\/wp-json\/wp\/v2\/pages\/1052"}],"wp:attachment":[{"href":"https:\/\/www.blackjackinfo.com\/it\/wp-json\/wp\/v2\/media?parent=1390"}],"wp:term":[{"taxonomy":"post_tag","embeddable":true,"href":"https:\/\/www.blackjackinfo.com\/it\/wp-json\/wp\/v2\/tags?post=1390"}],"curies":[{"name":"wp","href":"https:\/\/api.w.org\/{rel}","templated":true}]}}