{"id":1392,"date":"2014-12-13T11:57:29","date_gmt":"2014-12-13T17:57:29","guid":{"rendered":"http:\/\/test.blackjackinfo.com\/?page_id=1392"},"modified":"2018-09-06T01:27:17","modified_gmt":"2018-09-06T06:27:17","slug":"la-regola-del-2-4-e-5","status":"publish","type":"page","link":"https:\/\/www.blackjackinfo.com\/it\/blackjack-tournaments\/the-rule-of-2-4-and-5\/","title":{"rendered":"La potente regola del 2, 4 e 5"},"content":{"rendered":"<div class=\"bji-byline\">da <a href=\"\/ken-smith\/\">Kenneth R Smith<\/a>.<\/div>\n<p class=\"intro\">Qualche anno fa, in un articolo pubblicato sulla rivista Blackjack Confidential, ho illustrato per la prima volta un'idea che si \u00e8 rivelata una delle pi\u00f9 utili scorciatoie strategiche da torneo che io conosca. La \"Regola del 2, del 4 e del 5\" consente di determinare rapidamente la puntata ottimale in molte situazioni in cui si \u00e8 in ritardo rispetto al leader del tavolo, ma si deve puntare davanti a lui. Questo strumento appartiene alla borsa dei trucchi di ogni giocatore di torneo e merita un'altra occhiata. Gi\u00e0 che ci sono, aggiunger\u00f2 qualche altro elemento al mix.<\/p>\n<p>Uno dei momenti pi\u00f9 frustranti a un tavolo da torneo \u00e8 quando si \u00e8 indietro nel conteggio delle chip e si punta davanti al leader. Indipendentemente dalla vostra puntata, il leader ha la possibilit\u00e0 di eguagliare la vostra scommessa e di accaparrarsi sia l'high che il low della mano. Se a ci\u00f2 si aggiunge una regola del torneo che limita il tempo a disposizione per pensare prima di puntare, pu\u00f2 essere difficile fare una buona puntata. Fortunatamente, c'\u00e8 un'ottima scorciatoia che potete usare per scegliere una puntata che massimizzi le vostre possibilit\u00e0 di superare il leader, senza dover fare molti calcoli.<\/p>\n<p>Come al solito, utilizzeremo alcuni esempi concreti, quindi preparatevi a pensare un po'. Immaginiamo che il nostro torneo preveda limiti di puntata da $5 a $1000, e che ci troviamo in svantaggio rispetto al leader con $2000 in fiches rispetto alle sue $2050. La buona notizia \u00e8 che siamo solo a $50 dalla testa della classifica. La cattiva notizia \u00e8 che il leader pu\u00f2 facilmente marginare la nostra puntata, dal momento che siamo \"sul bottone\" e dobbiamo puntare per primi. Il banco sta aspettando la vostra decisione di puntare e il tempo sta per scadere. Come si pu\u00f2 decidere la dimensione migliore della puntata? Se mancano ancora diverse mani alla fine del round, sarebbe bello prendere il comando, ma non vogliamo rischiare pi\u00f9 fiches del necessario per aiutare la causa.<\/p>\n<p>Dal momento che il leader pu\u00f2 eguagliare la vostra puntata dietro di voi, non potete raggiungerlo con una vincita con una sola puntata, a meno che non commetta un errore di scommessa o otteniate carte migliori. Tuttavia, le opzioni di raddoppio, divisione e blackjack offrono ulteriori modi per superare il leader. Vediamo alcune di queste possibilit\u00e0.<\/p>\n<p>La sua puntata ottimale sar\u00e0 probabilmente quella che avete puntato voi, pi\u00f9 quasi tutto il suo vantaggio.<\/p>\n<p>Innanzitutto, considerate quanto il leader pu\u00f2 puntare dietro di voi. La sua puntata ottimale sar\u00e0 probabilmente quella che avete puntato voi, pi\u00f9 quasi tutto il suo vantaggio. Se puntate $100, lui pu\u00f2 puntare fino a $149 e avere comunque sia l'alto che il basso. (Per le definizioni di \"alto\" e \"basso\", vedere l'articolo precedente: <a href=\"\/blackjack-tournaments\/free-hits\/\">Colpi gratuiti<\/a>.)<\/p>\n<p>Supererete il leader se vincete mentre lui spinge o perde, e anche se spingete mentre lui perde. Questo \u00e8 vero ogni volta che puntate almeno il vostro deficit pi\u00f9 una fiche. Tuttavia, la vostra puntata di $100 aggiunge un ulteriore modo per vincere, che la puntata minima di $51 non fornisce. Supponiamo che lui punti $149 dietro di voi. Ora, se riuscite a vincere una scommessa double-down, lo supererete anche se vince la mano. Voi guadagnate $200, lui $149 e ora avete un vantaggio di $1. Non \u00e8 una coincidenza. Ma possiamo ancora fare di meglio.<\/p>\n<p>Questa volta si punta $200. Lui piazza una puntata ottimale di $249. Avete appena aggiunto un modo in pi\u00f9 per vincere. Un double-down ovviamente vince ancora per voi, ma ora guardate cosa succede se estraete un blackjack. Un blackjack sulla vostra puntata di $200 paga $300. Se lui vince il suo $249 e voi vincete $300, siete di nuovo in vantaggio di $1. Anche in questo caso, nessuna coincidenza.<\/p>\n<p>Un'altra volta, questa volta puntate $250. Il vostro avversario punta $299. Questa volta \u00e8 lui il fortunato, con un blackjack. Voi vi lamentate, ma poi puntate i soldi per raddoppiare su qualsiasi mano abbiate. Se il raddoppio va a buon fine, si vince $500. Il leader ha raccolto solo $448,50. Ora siete in vantaggio di $1,50.<\/p>\n<p>Ognuna di queste decisioni comporta diversi calcoli, e affrontare questo processo a tavolino \u00e8 chiaramente un problema. \u00c8 qui che entra in gioco la scorciatoia. Per avere questi modi extra di vincere, basta assicurarsi di puntare almeno i seguenti multipli del proprio deficit. Nel nostro esempio, avevamo un deficit di $50 nella mano:<\/p>\n<ul>\n<li><strong>Scommetti 2 volte il tuo deficit ($100)<\/strong>: Si vince con un raddoppio su una scommessa singola vinta dal leader.<\/li>\n<li><strong>Scommettere 4 volte il proprio deficit ($200)<\/strong>: Si vince con un blackjack rispetto a una singola puntata vinta dal leader.<\/li>\n<li><strong>Scommetti 5x il tuo deficit ($250)<\/strong>: Si vince con un double-down anche su un blackjack del leader.<\/li>\n<\/ul>\n<p>Quindi, in caso di dubbio, cercate di puntare 5 volte il deficit. Se una puntata cos\u00ec grande mette in pericolo la vostra posizione rispetto agli altri giocatori al tavolo, prendete in considerazione di puntare 4 volte o 2 volte il deficit. Nel peggiore dei casi, scendete a 1x pi\u00f9 una fiche.<\/p>\n<p>A volte queste moltiplicazioni sono eccessive, e una puntata pi\u00f9 piccola otterr\u00e0 lo stesso risultato. Se la vostra puntata \u00e8 vicina o al massimo, il leader non sar\u00e0 in grado di puntare molto del suo vantaggio oltre alla puntata corrispondente. Inoltre, se le puntate devono essere in multipli di $5, a volte questi multipli superano di poco l'obiettivo. Ma la vera bellezza di questa regola \u00e8 la sua semplicit\u00e0. \u00c8 facile e veloce da calcolare e garantisce i vantaggi descritti.<\/p>\n<p>Spesso scoprirete che il leader non far\u00e0 una puntata ottimale dietro di voi. Potrebbero puntare troppo poco e darvi ulteriori possibilit\u00e0 di superarlo, oppure spesso punteranno troppo e vi daranno il minimo della mano. Anche se la vostra scommessa \u00e8 considerevole, potreste puntare sul dealer per spazzare via il tavolo.<\/p>\n<p>Naturalmente, in ognuno di questi casi, il leader pu\u00f2 raddoppiare dietro di voi per riprendersi l'high. Ma, ehi, siete in svantaggio, sul bottone. \u00c8 ovvio che siete degli sfavoriti! Dovete trarre il meglio dalle circostanze. L'utilizzo della Regola del 2, 4 e 5 vi offre un modo semplice per farlo.<\/p>\n<p>Ci vediamo ai tavoli, Ken.<\/p>\n<hr \/>\n<p>Per ulteriori articoli sui tornei di blackjack e sulla strategia dei tornei, \u00e8 possibile:<br \/>\nRitorno al <a href=\"\/blackjack-tournaments\/\">Sezione Tornei di Blackjack<\/a>, o<br \/>\nPassare all'articolo successivo <a href=\"\/blackjack-tournaments\/beyond-wong-tournament-tips-uncle-stanford-never-told-you\/\">Oltre Wong - Alcuni consigli per i tornei che lo zio Stanford non vi ha mai detto<\/a>.<\/p>","protected":false},"excerpt":{"rendered":"<p>by Kenneth R Smith. A few years back, in an article in Blackjack Confidential magazine, I first detailed an idea that has proven to be among the most useful tournament strategy shortcuts that I know. The &#8220;Rule of 2, 4, and 5&#8221; allows you to quickly determine an optimal bet in many situations where you [&hellip;]<\/p>\n","protected":false},"author":2,"featured_media":0,"parent":1052,"menu_order":7,"comment_status":"open","ping_status":"closed","template":"page-with-sidebar.php","meta":{"_acf_changed":false,"footnotes":""},"tags":[],"class_list":["post-1392","page","type-page","status-publish","hentry"],"acf":[],"yoast_head":"<!-- This site is optimized with the Yoast SEO plugin v26.6 - https:\/\/yoast.com\/wordpress\/plugins\/seo\/ -->\n<title>The Powerful Rule of 2, 4, and 5<\/title>\n<meta name=\"description\" content=\"The &quot;Rule of 2, 4, and 5&quot; is a useful shortcut developed by Ken Smith for use in blackjack tournaments. It is a simple and quick way to make a great bet.\" \/>\n<meta name=\"robots\" content=\"index, follow, max-snippet:-1, max-image-preview:large, max-video-preview:-1\" \/>\n<link rel=\"canonical\" href=\"https:\/\/www.blackjackinfo.com\/it\/tornei-di-blackjack\/la-regola-del-2-4-e-5\/\" \/>\n<meta property=\"og:locale\" content=\"it_IT\" \/>\n<meta property=\"og:type\" content=\"article\" \/>\n<meta property=\"og:title\" content=\"The Powerful Rule of 2, 4, and 5\" \/>\n<meta property=\"og:description\" content=\"The &quot;Rule of 2, 4, and 5&quot; is a useful shortcut developed by Ken Smith for use in blackjack tournaments. It is a simple and quick way to make a great bet.\" \/>\n<meta property=\"og:url\" content=\"https:\/\/www.blackjackinfo.com\/it\/tornei-di-blackjack\/la-regola-del-2-4-e-5\/\" \/>\n<meta property=\"og:site_name\" content=\"BlackjackInfo.com\" \/>\n<meta property=\"article:modified_time\" content=\"2018-09-06T06:27:17+00:00\" \/>\n<meta name=\"twitter:label1\" content=\"Tempo di lettura stimato\" \/>\n\t<meta name=\"twitter:data1\" content=\"5 minuti\" \/>\n<script type=\"application\/ld+json\" class=\"yoast-schema-graph\">{\"@context\":\"https:\/\/schema.org\",\"@graph\":[{\"@type\":\"WebPage\",\"@id\":\"https:\/\/www.blackjackinfo.com\/blackjack-tournaments\/the-rule-of-2-4-and-5\/\",\"url\":\"https:\/\/www.blackjackinfo.com\/blackjack-tournaments\/the-rule-of-2-4-and-5\/\",\"name\":\"The Powerful Rule of 2, 4, and 5\",\"isPartOf\":{\"@id\":\"https:\/\/www.blackjackinfo.com\/#website\"},\"datePublished\":\"2014-12-13T17:57:29+00:00\",\"dateModified\":\"2018-09-06T06:27:17+00:00\",\"description\":\"The \\\"Rule of 2, 4, and 5\\\" is a useful shortcut developed by Ken Smith for use in blackjack tournaments. It is a simple and quick way to make a great bet.\",\"breadcrumb\":{\"@id\":\"https:\/\/www.blackjackinfo.com\/blackjack-tournaments\/the-rule-of-2-4-and-5\/#breadcrumb\"},\"inLanguage\":\"it-IT\",\"potentialAction\":[{\"@type\":\"ReadAction\",\"target\":[\"https:\/\/www.blackjackinfo.com\/blackjack-tournaments\/the-rule-of-2-4-and-5\/\"]}]},{\"@type\":\"BreadcrumbList\",\"@id\":\"https:\/\/www.blackjackinfo.com\/blackjack-tournaments\/the-rule-of-2-4-and-5\/#breadcrumb\",\"itemListElement\":[{\"@type\":\"ListItem\",\"position\":1,\"name\":\"Home\",\"item\":\"https:\/\/www.blackjackinfo.com\/\"},{\"@type\":\"ListItem\",\"position\":2,\"name\":\"Blackjack Tournament Strategy\",\"item\":\"https:\/\/www.blackjackinfo.com\/blackjack-tournaments\/\"},{\"@type\":\"ListItem\",\"position\":3,\"name\":\"The Powerful Rule of 2, 4, and 5\"}]},{\"@type\":\"WebSite\",\"@id\":\"https:\/\/www.blackjackinfo.com\/#website\",\"url\":\"https:\/\/www.blackjackinfo.com\/\",\"name\":\"BlackjackInfo.com\",\"description\":\"Because Winning is More Fun!\",\"potentialAction\":[{\"@type\":\"SearchAction\",\"target\":{\"@type\":\"EntryPoint\",\"urlTemplate\":\"https:\/\/www.blackjackinfo.com\/?s={search_term_string}\"},\"query-input\":{\"@type\":\"PropertyValueSpecification\",\"valueRequired\":true,\"valueName\":\"search_term_string\"}}],\"inLanguage\":\"it-IT\"}]}<\/script>\n<!-- \/ Yoast SEO plugin. -->","yoast_head_json":{"title":"La potente regola del 2, 4 e 5","description":"La \"Regola del 2, 4 e 5\" \u00e8 un'utile scorciatoia sviluppata da Ken Smith per essere utilizzata nei tornei di blackjack. \u00c8 un modo semplice e veloce per fare una grande scommessa.","robots":{"index":"index","follow":"follow","max-snippet":"max-snippet:-1","max-image-preview":"max-image-preview:large","max-video-preview":"max-video-preview:-1"},"canonical":"https:\/\/www.blackjackinfo.com\/it\/tornei-di-blackjack\/la-regola-del-2-4-e-5\/","og_locale":"it_IT","og_type":"article","og_title":"The Powerful Rule of 2, 4, and 5","og_description":"The \"Rule of 2, 4, and 5\" is a useful shortcut developed by Ken Smith for use in blackjack tournaments. It is a simple and quick way to make a great bet.","og_url":"https:\/\/www.blackjackinfo.com\/it\/tornei-di-blackjack\/la-regola-del-2-4-e-5\/","og_site_name":"BlackjackInfo.com","article_modified_time":"2018-09-06T06:27:17+00:00","twitter_misc":{"Tempo di lettura stimato":"5 minuti"},"schema":{"@context":"https:\/\/schema.org","@graph":[{"@type":"WebPage","@id":"https:\/\/www.blackjackinfo.com\/blackjack-tournaments\/the-rule-of-2-4-and-5\/","url":"https:\/\/www.blackjackinfo.com\/blackjack-tournaments\/the-rule-of-2-4-and-5\/","name":"La potente regola del 2, 4 e 5","isPartOf":{"@id":"https:\/\/www.blackjackinfo.com\/#website"},"datePublished":"2014-12-13T17:57:29+00:00","dateModified":"2018-09-06T06:27:17+00:00","description":"La \"Regola del 2, 4 e 5\" \u00e8 un'utile scorciatoia sviluppata da Ken Smith per essere utilizzata nei tornei di blackjack. \u00c8 un modo semplice e veloce per fare una grande scommessa.","breadcrumb":{"@id":"https:\/\/www.blackjackinfo.com\/blackjack-tournaments\/the-rule-of-2-4-and-5\/#breadcrumb"},"inLanguage":"it-IT","potentialAction":[{"@type":"ReadAction","target":["https:\/\/www.blackjackinfo.com\/blackjack-tournaments\/the-rule-of-2-4-and-5\/"]}]},{"@type":"BreadcrumbList","@id":"https:\/\/www.blackjackinfo.com\/blackjack-tournaments\/the-rule-of-2-4-and-5\/#breadcrumb","itemListElement":[{"@type":"ListItem","position":1,"name":"Home","item":"https:\/\/www.blackjackinfo.com\/"},{"@type":"ListItem","position":2,"name":"Blackjack Tournament Strategy","item":"https:\/\/www.blackjackinfo.com\/blackjack-tournaments\/"},{"@type":"ListItem","position":3,"name":"The Powerful Rule of 2, 4, and 5"}]},{"@type":"WebSite","@id":"https:\/\/www.blackjackinfo.com\/#website","url":"https:\/\/www.blackjackinfo.com\/","name":"BlackjackInfo.com","description":"Perch\u00e9 vincere \u00e8 pi\u00f9 divertente!","potentialAction":[{"@type":"SearchAction","target":{"@type":"EntryPoint","urlTemplate":"https:\/\/www.blackjackinfo.com\/?s={search_term_string}"},"query-input":{"@type":"PropertyValueSpecification","valueRequired":true,"valueName":"search_term_string"}}],"inLanguage":"it-IT"}]}},"_links":{"self":[{"href":"https:\/\/www.blackjackinfo.com\/it\/wp-json\/wp\/v2\/pages\/1392","targetHints":{"allow":["GET"]}}],"collection":[{"href":"https:\/\/www.blackjackinfo.com\/it\/wp-json\/wp\/v2\/pages"}],"about":[{"href":"https:\/\/www.blackjackinfo.com\/it\/wp-json\/wp\/v2\/types\/page"}],"author":[{"embeddable":true,"href":"https:\/\/www.blackjackinfo.com\/it\/wp-json\/wp\/v2\/users\/2"}],"replies":[{"embeddable":true,"href":"https:\/\/www.blackjackinfo.com\/it\/wp-json\/wp\/v2\/comments?post=1392"}],"version-history":[{"count":5,"href":"https:\/\/www.blackjackinfo.com\/it\/wp-json\/wp\/v2\/pages\/1392\/revisions"}],"predecessor-version":[{"id":4590,"href":"https:\/\/www.blackjackinfo.com\/it\/wp-json\/wp\/v2\/pages\/1392\/revisions\/4590"}],"up":[{"embeddable":true,"href":"https:\/\/www.blackjackinfo.com\/it\/wp-json\/wp\/v2\/pages\/1052"}],"wp:attachment":[{"href":"https:\/\/www.blackjackinfo.com\/it\/wp-json\/wp\/v2\/media?parent=1392"}],"wp:term":[{"taxonomy":"post_tag","embeddable":true,"href":"https:\/\/www.blackjackinfo.com\/it\/wp-json\/wp\/v2\/tags?post=1392"}],"curies":[{"name":"wp","href":"https:\/\/api.w.org\/{rel}","templated":true}]}}