{"id":1419,"date":"2019-11-03T13:22:28","date_gmt":"2019-11-03T19:22:28","guid":{"rendered":"http:\/\/test.blackjackinfo.com\/?page_id=1419"},"modified":"2019-11-03T18:00:56","modified_gmt":"2019-11-04T00:00:56","slug":"no-6-a-5-blackjack","status":"publish","type":"page","link":"https:\/\/www.blackjackinfo.com\/it\/no-6-to-5-blackjack\/","title":{"rendered":"Blackjack 6 a 5? Dite semplicemente no!"},"content":{"rendered":"<p>da <a href=\"\/ken-smith\/\">Kenneth R Smith<\/a><\/p>\n<p><img loading=\"lazy\" decoding=\"async\" class=\"alignright size-full wp-image-1420\" src=\"\/files\/no6to5.gif\" alt=\"No 6 to 5\" width=\"100\" height=\"100\" data-no-auto-translation=\"\"><\/p>\n<p class=\"intro\">Si sta sviluppando una vera e propria crisi per gli appassionati di blackjack nei casin\u00f2. Molti casin\u00f2 negli Stati Uniti hanno iniziato a introdurre una modifica delle regole che aumenta drasticamente il vantaggio della casa nel gioco. Se siete stati a Las Vegas di recente, potreste aver visto dei cartelli che pubblicizzano \"<strong>Blackjack a mazzo singolo<\/strong>\" in molti casin\u00f2 della Strip di Las Vegas.<\/p>\n<p>Ma c'\u00e8 una fregatura. Cercate un cartello sul tavolo con scritto \"Il blackjack paga 6:5\". In una normale partita di blackjack, un \"naturale\" o un blackjack paga 3:2. Se puntate $10 ed estraete un blackjack, vi verr\u00e0 pagato $15. Tuttavia, in questi nuovi giochi 6:5, un blackjack da $10 fa vincere solo $12.<\/p>\n<p>I casin\u00f2 hanno avuto successo nel commercializzare questo gioco, perch\u00e9 a molti giocatori occasionali \u00e8 stato detto nel corso degli anni che il blackjack a un solo mazzo \u00e8 un gioco migliore dei pi\u00f9 comuni giochi a 6 o 8 mazzi presenti nei casin\u00f2.<\/p>\n<p>Sfruttando questo unico angolo di marketing, i casin\u00f2 hanno attirato molti giocatori verso la nuova versione 6:5, nonostante il fatto che questi giochi a un solo mazzo siano peggiori per il giocatore del peggior gioco a 8 mazzi presente sul pavimento del casin\u00f2. Molto peggio.<\/p>\n<blockquote><p>Cambiare questa regola, <strong>La riduzione del payout del blackjack da 3:2 a 6:5 aggiunge un sostanziale 1,39% al vantaggio del casin\u00f2.<\/strong>.<\/p><\/blockquote>\n<p>Si consideri questo esempio tratto dal <a href=\"https:\/\/www.caesars.com\/flamingo-las-vegas\">Il Flamingo sulla Strip di Las Vegas<\/a>:<\/p>\n<p>Offrono un gioco a mazzo singolo 6:5, dove il margine della casa per un giocatore di strategia di base \u00e8 di 1,45%. (Come la maggior parte di questi giochi 6:5, consentono il raddoppio dopo la divisione, il che non compensa affatto la scarsa regola del 6:5). Offrono anche un gioco a 8 mazzi in cui il margine della casa per un giocatore di strategia di base \u00e8 di 0,56%. <strong>Quindi, un giocatore che sceglie l'offerta a mazzo singolo ha quasi il triplo della perdita attesa di un giocatore che gioca a 8 mazzi!<\/strong>.<\/p>\n<p>Qual \u00e8 la differenza in dollari effettivi? Per un giocatore $25, ipotizzando 80 mani all'ora, la perdita prevista al Flamingo a 8 mazzi \u00e8 di $11,20 all'ora. La perdita prevista per lo stesso giocatore al gioco 6:5 a mazzo singolo \u00e8 invece di $29,00. E, ricordate, questo \u00e8 il confronto con il gioco che in precedenza era il peggior blackjack della casa!<\/p>\n<h2>Cosa potete fare per aiutare?<\/h2>\n<ul>\n<li>Non giocate a nessun gioco di blackjack che paga meno di 3:2 per un blackjack.<\/li>\n<li>Avvisate i vostri amici e familiari se si recano al casin\u00f2. Dite loro di giocare invece ai giochi \"shoe\" a pi\u00f9 mazzi.<\/li>\n<li>Fate sapere al personale del vostro casin\u00f2 preferito che non sopportate di vedere il piano del casin\u00f2 pieno di giochi ingannevoli invece che di vero blackjack.<\/li>\n<li>Se avete un host di casin\u00f2, fate sapere anche a loro il vostro disappunto.<\/li>\n<\/ul>\n<p>Se i giocatori non smettono di sostenere questi giochi, \u00e8 solo questione di tempo prima che i casin\u00f2 eliminino tutti i giochi di blackjack reale. Non lasciate che accada.<\/p>\n<p>Altri webmaster sono invitati a utilizzare questo articolo e il grafico \"No 6 to 5\" sui propri siti. Se si utilizza l'articolo, si prega di lasciare intatta la riga dell'autore, compreso il link all'autore all'indirizzo <a href=\"https:\/\/www.blackjackinfo.com\">BlackjackInfo.com<\/a>.<\/p>\n<p>In alternativa, potete collegarvi all'articolo qui. In ogni caso, contribuite a diffondere la notizia. Grazie!<\/p>","protected":false},"excerpt":{"rendered":"<p>by Kenneth R Smith There&#8217;s a real crisis developing for fans of casino blackjack. Many casinos in the US have begun introducing a rule change that dramatically increases the house advantage in the game. If you&#8217;ve been to Las Vegas lately, you may have seen signs advertising &#8220;Single Deck Blackjack&#8221; at many of the casinos [&hellip;]<\/p>\n","protected":false},"author":2,"featured_media":0,"parent":0,"menu_order":0,"comment_status":"open","ping_status":"open","template":"page-centred-8-column.php","meta":{"_acf_changed":false,"footnotes":""},"tags":[],"class_list":["post-1419","page","type-page","status-publish","hentry"],"acf":[],"yoast_head":"<!-- This site is optimized with the Yoast SEO plugin v26.6 - https:\/\/yoast.com\/wordpress\/plugins\/seo\/ -->\n<title>6 to 5 Blackjack? Just Say No!<\/title>\n<meta name=\"description\" content=\"Some casinos now offer a version of blackjack that pays only 6 to 5 for a blackjack. See why this is game is so much worse for the player.\" \/>\n<meta name=\"robots\" content=\"index, follow, max-snippet:-1, max-image-preview:large, max-video-preview:-1\" \/>\n<link rel=\"canonical\" href=\"https:\/\/www.blackjackinfo.com\/it\/no-6-a-5-blackjack\/\" \/>\n<meta property=\"og:locale\" content=\"it_IT\" \/>\n<meta property=\"og:type\" content=\"article\" \/>\n<meta property=\"og:title\" content=\"6 to 5 Blackjack? Just Say No!\" \/>\n<meta property=\"og:description\" content=\"Some casinos now offer a version of blackjack that pays only 6 to 5 for a blackjack. See why this is game is so much worse for the player.\" \/>\n<meta property=\"og:url\" content=\"https:\/\/www.blackjackinfo.com\/it\/no-6-a-5-blackjack\/\" \/>\n<meta property=\"og:site_name\" content=\"BlackjackInfo.com\" \/>\n<meta property=\"article:modified_time\" content=\"2019-11-04T00:00:56+00:00\" \/>\n<meta name=\"twitter:label1\" content=\"Tempo di lettura stimato\" \/>\n\t<meta name=\"twitter:data1\" content=\"2 minuti\" \/>\n<script type=\"application\/ld+json\" class=\"yoast-schema-graph\">{\"@context\":\"https:\/\/schema.org\",\"@graph\":[{\"@type\":\"WebPage\",\"@id\":\"https:\/\/www.blackjackinfo.com\/no-6-to-5-blackjack\/\",\"url\":\"https:\/\/www.blackjackinfo.com\/no-6-to-5-blackjack\/\",\"name\":\"6 to 5 Blackjack? Just Say No!\",\"isPartOf\":{\"@id\":\"https:\/\/www.blackjackinfo.com\/#website\"},\"datePublished\":\"2019-11-03T19:22:28+00:00\",\"dateModified\":\"2019-11-04T00:00:56+00:00\",\"description\":\"Some casinos now offer a version of blackjack that pays only 6 to 5 for a blackjack. See why this is game is so much worse for the player.\",\"breadcrumb\":{\"@id\":\"https:\/\/www.blackjackinfo.com\/no-6-to-5-blackjack\/#breadcrumb\"},\"inLanguage\":\"it-IT\",\"potentialAction\":[{\"@type\":\"ReadAction\",\"target\":[\"https:\/\/www.blackjackinfo.com\/no-6-to-5-blackjack\/\"]}]},{\"@type\":\"BreadcrumbList\",\"@id\":\"https:\/\/www.blackjackinfo.com\/no-6-to-5-blackjack\/#breadcrumb\",\"itemListElement\":[{\"@type\":\"ListItem\",\"position\":1,\"name\":\"Home\",\"item\":\"https:\/\/www.blackjackinfo.com\/\"},{\"@type\":\"ListItem\",\"position\":2,\"name\":\"6 to 5 Blackjack? Just Say No!\"}]},{\"@type\":\"WebSite\",\"@id\":\"https:\/\/www.blackjackinfo.com\/#website\",\"url\":\"https:\/\/www.blackjackinfo.com\/\",\"name\":\"BlackjackInfo.com\",\"description\":\"Because Winning is More Fun!\",\"potentialAction\":[{\"@type\":\"SearchAction\",\"target\":{\"@type\":\"EntryPoint\",\"urlTemplate\":\"https:\/\/www.blackjackinfo.com\/?s={search_term_string}\"},\"query-input\":{\"@type\":\"PropertyValueSpecification\",\"valueRequired\":true,\"valueName\":\"search_term_string\"}}],\"inLanguage\":\"it-IT\"}]}<\/script>\n<!-- \/ Yoast SEO plugin. -->","yoast_head_json":{"title":"Blackjack 6 a 5? Dite semplicemente no!","description":"Alcuni casin\u00f2 offrono una versione del blackjack che paga solo 6 a 5 per un blackjack. Scoprite perch\u00e9 questo gioco \u00e8 molto peggiore per il giocatore.","robots":{"index":"index","follow":"follow","max-snippet":"max-snippet:-1","max-image-preview":"max-image-preview:large","max-video-preview":"max-video-preview:-1"},"canonical":"https:\/\/www.blackjackinfo.com\/it\/no-6-a-5-blackjack\/","og_locale":"it_IT","og_type":"article","og_title":"6 to 5 Blackjack? Just Say No!","og_description":"Some casinos now offer a version of blackjack that pays only 6 to 5 for a blackjack. See why this is game is so much worse for the player.","og_url":"https:\/\/www.blackjackinfo.com\/it\/no-6-a-5-blackjack\/","og_site_name":"BlackjackInfo.com","article_modified_time":"2019-11-04T00:00:56+00:00","twitter_misc":{"Tempo di lettura stimato":"2 minuti"},"schema":{"@context":"https:\/\/schema.org","@graph":[{"@type":"WebPage","@id":"https:\/\/www.blackjackinfo.com\/no-6-to-5-blackjack\/","url":"https:\/\/www.blackjackinfo.com\/no-6-to-5-blackjack\/","name":"Blackjack 6 a 5? Dite semplicemente no!","isPartOf":{"@id":"https:\/\/www.blackjackinfo.com\/#website"},"datePublished":"2019-11-03T19:22:28+00:00","dateModified":"2019-11-04T00:00:56+00:00","description":"Alcuni casin\u00f2 offrono una versione del blackjack che paga solo 6 a 5 per un blackjack. Scoprite perch\u00e9 questo gioco \u00e8 molto peggiore per il giocatore.","breadcrumb":{"@id":"https:\/\/www.blackjackinfo.com\/no-6-to-5-blackjack\/#breadcrumb"},"inLanguage":"it-IT","potentialAction":[{"@type":"ReadAction","target":["https:\/\/www.blackjackinfo.com\/no-6-to-5-blackjack\/"]}]},{"@type":"BreadcrumbList","@id":"https:\/\/www.blackjackinfo.com\/no-6-to-5-blackjack\/#breadcrumb","itemListElement":[{"@type":"ListItem","position":1,"name":"Home","item":"https:\/\/www.blackjackinfo.com\/"},{"@type":"ListItem","position":2,"name":"6 to 5 Blackjack? Just Say No!"}]},{"@type":"WebSite","@id":"https:\/\/www.blackjackinfo.com\/#website","url":"https:\/\/www.blackjackinfo.com\/","name":"BlackjackInfo.com","description":"Perch\u00e9 vincere \u00e8 pi\u00f9 divertente!","potentialAction":[{"@type":"SearchAction","target":{"@type":"EntryPoint","urlTemplate":"https:\/\/www.blackjackinfo.com\/?s={search_term_string}"},"query-input":{"@type":"PropertyValueSpecification","valueRequired":true,"valueName":"search_term_string"}}],"inLanguage":"it-IT"}]}},"_links":{"self":[{"href":"https:\/\/www.blackjackinfo.com\/it\/wp-json\/wp\/v2\/pages\/1419","targetHints":{"allow":["GET"]}}],"collection":[{"href":"https:\/\/www.blackjackinfo.com\/it\/wp-json\/wp\/v2\/pages"}],"about":[{"href":"https:\/\/www.blackjackinfo.com\/it\/wp-json\/wp\/v2\/types\/page"}],"author":[{"embeddable":true,"href":"https:\/\/www.blackjackinfo.com\/it\/wp-json\/wp\/v2\/users\/2"}],"replies":[{"embeddable":true,"href":"https:\/\/www.blackjackinfo.com\/it\/wp-json\/wp\/v2\/comments?post=1419"}],"version-history":[{"count":11,"href":"https:\/\/www.blackjackinfo.com\/it\/wp-json\/wp\/v2\/pages\/1419\/revisions"}],"predecessor-version":[{"id":5414,"href":"https:\/\/www.blackjackinfo.com\/it\/wp-json\/wp\/v2\/pages\/1419\/revisions\/5414"}],"wp:attachment":[{"href":"https:\/\/www.blackjackinfo.com\/it\/wp-json\/wp\/v2\/media?parent=1419"}],"wp:term":[{"taxonomy":"post_tag","embeddable":true,"href":"https:\/\/www.blackjackinfo.com\/it\/wp-json\/wp\/v2\/tags?post=1419"}],"curies":[{"name":"wp","href":"https:\/\/api.w.org\/{rel}","templated":true}]}}