{"id":1499,"date":"2014-12-22T23:06:06","date_gmt":"2014-12-23T05:06:06","guid":{"rendered":"https:\/\/test.blackjackinfo.com\/?page_id=1499"},"modified":"2018-06-22T02:44:46","modified_gmt":"2018-06-22T07:44:46","slug":"i-dieci-principali-errori-di-strategia-di-base-del-blackjack","status":"publish","type":"page","link":"https:\/\/www.blackjackinfo.com\/it\/top-ten-blackjack-basic-strategy-mistakes\/","title":{"rendered":"I dieci principali errori di strategia di base del blackjack"},"content":{"rendered":"<div class=\"top-ten-mistakes\">\n<p class=\"intro\">Se giocate al blackjack per un'ora o due, i vostri risultati saranno piuttosto imprevedibili. Potreste vincere molto o perdere molto. La maggior parte delle volte vi troverete in una via di mezzo. A breve termine, la fortuna o la sfortuna decideranno se sarete vincitori o perdenti. Tuttavia, se si fa una media dei risultati ottenuti nell'arco di molte ore, diventa chiaro che giocare in modo pi\u00f9 intelligente vi far\u00e0 risparmiare molto denaro.<\/p>\n<p>\nUn tipico giocatore di blackjack perde 2% delle sue puntate totali al casin\u00f2 nel corso di molte puntate. Pu\u00f2 non sembrare molto, ma \u00e8 quattro volte pi\u00f9 costoso del necessario. Un giocatore di strategia di base in una tipica partita a 6 mazzi perde circa 0,5%. Giocando a 2 mazzi, invece, il margine della casa si riduce a circa 0,2%, e un gioco a un solo mazzo con regole decenti \u00e8 praticamente un gioco in pareggio.\n<\/p>\n<p>\nSe siete uno scommettitore da $10 e giocate a un tipico gioco a 6 mazzi come quello offerto sulla Strip di Las Vegas, potete aspettarvi di mettere in gioco circa $600 in un'ora di gioco. Un giocatore medio ne perder\u00e0 2%, ovvero $12 all'ora. Un giocatore che utilizza una strategia di base corretta perder\u00e0 invece 0,5% di $600, ovvero solo $3.\n<\/p>\n<p>\nDa cosa dipende questa differenza? Quello che segue \u00e8 un elenco degli errori pi\u00f9 comuni che vedo commettere dai giocatori di blackjack. Gli esempi presuppongono che si puntino $10 per mano in una partita a 6 mazzi, dove il banco sta su tutti i 17 e il raddoppio dopo lo split \u00e8 consentito.\n<\/p>\n<p>    <!-- Mistake 10-------------------------------------------------><\/p>\n<div class=\"mistake\">\n<div class=\"mistake-title\">\n<div class=\"mistake-number\">10<\/div>\n<p>12 contro il dealer 3<\/p>\n<div class=\"correct-play\"><span class=\"black\">Il gioco corretto: <\/span>HIT<\/div>\n<div class=\"clearfix\"><\/div>\n<\/div>\n<div class=\"row\">\n<div class=\"col-sm-10 col-center\">\n<p>Molti giocatori odiano colpire 12 qui, specialmente nel posto di terza base.  Parlano di \"prendere la bust-card del dealer\" e cos\u00ec via.  I casin\u00f2 amano sentirselo dire.<\/p>\n<p>In media, stare in piedi con 12 contro un 3 perde $2,55.  Colpire perde leggermente meno, con una media di $2,31.  Quindi, colpire \u00e8 meglio di 24 centesimi.<\/p>\n<\/div>\n<\/div>\n<hr>\n<div class=\"row\">\n<div class=\"col-xs-6 col-sm-4\"> In piedi:<\/p>\n<div class=\"red\"><i class=\"fa fa-arrow-down\" aria-hidden=\"true\"><\/i> $2.55<\/div>\n<\/div>\n<div class=\"col-xs-6 col-sm-4\"> Colpire:<\/p>\n<div class=\"red\"><i class=\"fa fa-arrow-down\" aria-hidden=\"true\"><\/i> $2.31<\/div>\n<\/div>\n<div class=\"col-xs-12 col-sm-4\">\n<hr class=\"visible-xs\">\n          Quanto vale?<\/p>\n<div class=\"text-success\">$0.24 <span class=\"red\">(HIT)<\/span><\/div>\n<\/div>\n<\/div>\n<\/div>\n<p>   <!-- Mistake 9-------------------------------------------------><\/p>\n<div class=\"mistake\">\n<div class=\"mistake-title\">\n<div class=\"mistake-number\">9<\/div>\n<p>        (Asso, 7) contro il mazziere Dieci<\/p>\n<div class=\"correct-play\"><span class=\"black\">Il gioco corretto: <\/span>HIT<\/div>\n<div class=\"clearfix\"><\/div>\n<\/p><\/div>\n<div class=\"row\">\n<div class=\"col-sm-10 col-center\">\n<p>La maggior parte dei giocatori gioca male questa mano. Pensano: \"Perch\u00e9 puntare un 18? Beh, vi dir\u00f2 perch\u00e9. Il 18 \u00e8 una mano povera. \u00c8 una mano perdente in qualsiasi caso. S\u00ec, spesso peggiorerete la mano colpendola, e potreste doverla colpire pi\u00f9 volte. Tuttavia, i numeri non mentono:<\/p>\n<\/p><\/div>\n<\/p><\/div>\n<hr>\n<div class=\"row\">\n<div class=\"col-xs-6 col-sm-4\"> In piedi:<\/p>\n<div class=\"red\"><i class=\"fa fa-arrow-down\" aria-hidden=\"true\"><\/i> $1.80<\/div>\n<\/p><\/div>\n<div class=\"col-xs-6 col-sm-4\"> Colpire:<\/p>\n<div class=\"red\"><i class=\"fa fa-arrow-down\" aria-hidden=\"true\"><\/i> $1.43<\/div>\n<\/p><\/div>\n<div class=\"col-xs-12 col-sm-4\">\n<hr class=\"visible-xs\">\n          Quanto vale?<\/p>\n<div class=\"text-success\">$0.37 <span class=\"red\">(HIT)<\/span><\/div>\n<\/p><\/div>\n<\/p><\/div>\n<\/p><\/div>\n<p>    <!-- Mistake 8-------------------------------------------------><\/p>\n<div class=\"mistake\">\n<div class=\"mistake-title\">\n<div class=\"mistake-number\">8<\/div>\n<p>        Prendere \"soldi pari\" al Blackjack<\/p>\n<div class=\"correct-play\"><span class=\"black\">Il gioco corretto: <\/span>NON<\/div>\n<div class=\"clearfix\"><\/div>\n<\/p><\/div>\n<div class=\"row\">\n<div class=\"col-sm-10 col-center\">\n<p>I dealer vi diranno: \"\u00c8 l'unica scommessa sicura del casin\u00f2\". Ebbene, s\u00ec, \u00e8 una cosa sicura. Ma ha un prezzo. Il denaro alla pari \u00e8 solo un'assicurazione con un altro nome e, a meno che non stiate contando le carte, \u00e8 una scommessa da idioti.<\/p>\n<\/p><\/div>\n<\/p><\/div>\n<hr>\n<div class=\"row\">\n<div class=\"col-xs-6 col-sm-4\"> Prendere i soldi alla pari:<\/p>\n<div class=\"text-success\"><i class=\"fa fa-arrow-up\" aria-hidden=\"true\"><\/i> $10,00 (ogni volta)<\/div>\n<\/p><\/div>\n<div class=\"col-xs-6 col-sm-4\"> Non accettando nemmeno i soldi:<\/p>\n<div class=\"text-success\"><i class=\"fa fa-arrow-up\" aria-hidden=\"true\"><\/i> $10,39 (in media)<\/div>\n<\/p><\/div>\n<div class=\"col-xs-12 col-sm-4\">\n<hr class=\"visible-xs\">\n          Quanto vale?<\/p>\n<div class=\"text-success\">$0.39 <span class=\"red\">(NON)<\/span><\/div>\n<\/p><\/div>\n<\/p><\/div>\n<\/p><\/div>\n<p>    <!-- Mistake 7-------------------------------------------------><\/p>\n<div class=\"mistake\">\n<div class=\"mistake-title\">\n<div class=\"mistake-number\">7<\/div>\n<p>        12 contro il dealer 2<\/p>\n<div class=\"correct-play\"><span class=\"black\">Il gioco corretto: <\/span>HIT<\/div>\n<div class=\"clearfix\"><\/div>\n<\/p><\/div>\n<div class=\"row\">\n<div class=\"col-sm-10 col-center\">\n<p>\u00c8 proprio come 12 contro 3, con le stesse sciocche scuse. Ma ora i numeri sono ancora pi\u00f9 convincenti...<\/p>\n<\/p><\/div>\n<\/p><\/div>\n<hr>\n<div class=\"row\">\n<div class=\"col-xs-6 col-sm-4\"> In piedi:<\/p>\n<div class=\"red\"><i class=\"fa fa-arrow-down\" aria-hidden=\"true\"><\/i> $2.96<\/div>\n<\/p><\/div>\n<div class=\"col-xs-6 col-sm-4\"> Colpire:<\/p>\n<div class=\"red\"><i class=\"fa fa-arrow-down\" aria-hidden=\"true\"><\/i> $2.52<\/div>\n<\/p><\/div>\n<div class=\"col-xs-12 col-sm-4\">\n<hr class=\"visible-xs\">\n          Quanto vale?<\/p>\n<div class=\"text-success\">$0.44 <span class=\"red\">(HIT)<\/span><\/div>\n<\/p><\/div>\n<\/p><\/div>\n<\/p><\/div>\n<p>    <!-- Mistake 6-------------------------------------------------><\/p>\n<div class=\"mistake\">\n<div class=\"mistake-title\">\n<div class=\"mistake-number\">6<\/div>\n<p>        (8,8) vs Dieci<\/p>\n<div class=\"correct-play\"><span class=\"black\">Il gioco corretto: <\/span>SPLIT<\/div>\n<div class=\"clearfix\"><\/div>\n<\/p><\/div>\n<div class=\"row\">\n<div class=\"col-sm-10 col-center\">\n<p>Si tratta di una scelta popolare. Molti giocatori odiano mettere pi\u00f9 soldi sul tavolo in una situazione di perdita. Sembra ragionevole, vero? Beh, a volte non \u00e8 cos\u00ec. Ecco un ottimo esempio. Puntando un altro $10, ci liberiamo di una mano veramente orribile di 16 e iniziamo con due mani mediocri di 8. Perderemo ancora soldi, ma ne perderemo di meno.<\/p>\n<\/p><\/div>\n<\/p><\/div>\n<hr>\n<div class=\"row mB15\">\n<div class=\"col-xs-4 col-sm-3\"> In piedi:<\/p>\n<div class=\"red\"><i class=\"fa fa-arrow-down\" aria-hidden=\"true\"><\/i> $5.37<\/div>\n<\/p><\/div>\n<div class=\"col-xs-4 col-sm-3\"> Colpire:<\/p>\n<div class=\"red\"><i class=\"fa fa-arrow-down\" aria-hidden=\"true\"><\/i> $5.35<\/div>\n<\/p><\/div>\n<div class=\"col-xs-4 col-sm-3\"> Dividere:<\/p>\n<div class=\"red\"><i class=\"fa fa-arrow-down\" aria-hidden=\"true\"><\/i> $4.83<\/div>\n<\/p><\/div>\n<div class=\"col-xs-12 col-sm-3\">\n<hr class=\"visible-xs\">\n          Quanto vale?<\/p>\n<div class=\"text-success\">$0.52 <span class=\"red\">(SPLIT)<\/span><\/div>\n<\/p><\/div>\n<\/p><\/div>\n<div class=\"small\">(Exception: In the European No-Hole-Card game, players should NOT split this hand because the dealer might end up with blackjack.<br \/>\n        In the US-style game, the dealer has already checked for blackjack.) <\/div>\n<\/p><\/div>\n<p>    <!-- Mistake 5-------------------------------------------------><\/p>\n<div class=\"mistake\">\n<div class=\"mistake-title\">\n<div class=\"mistake-number\">5<\/div>\n<p>        11 vs dealer Dieci<\/p>\n<div class=\"correct-play\"><span class=\"black\">Il gioco corretto: <\/span>DOPPIO<\/div>\n<div class=\"clearfix\"><\/div>\n<\/p><\/div>\n<div class=\"row\">\n<div class=\"col-sm-10 col-center\">\n<p>Una cosa \u00e8 essere riluttanti a puntare pi\u00f9 soldi in una situazione di perdita, ma molte persone scelgono anche di non raddoppiare 11 contro un Dieci del banco, nonostante abbiano il \"meglio\".<\/p>\n<\/p><\/div>\n<\/p><\/div>\n<hr>\n<div class=\"row mB15\">\n<div class=\"col-xs-6 col-sm-4\"> Colpire:<\/p>\n<div class=\"text-success\"><i class=\"fa fa-arrow-up\" aria-hidden=\"true\"><\/i> $1.18<\/div>\n<\/p><\/div>\n<div class=\"col-xs-6 col-sm-4\"> Raddoppio:<\/p>\n<div class=\"text-success\"><i class=\"fa fa-arrow-up\" aria-hidden=\"true\"><\/i> $1.78<\/div>\n<\/p><\/div>\n<div class=\"col-xs-12 col-sm-4\">\n<hr class=\"visible-xs\">\n          Quanto vale?<\/p>\n<div class=\"text-success\">$0.60 <span class=\"red\">(DOPPIO)<\/span><\/div>\n<\/p><\/div>\n<\/p><\/div>\n<div class=\"small\">(Eccezione: Nel gioco europeo senza buche, i giocatori NON devono raddoppiare questa mano).<\/div>\n<\/p><\/div>\n<p>    <!-- Mistake 4-------------------------------------------------><\/p>\n<div class=\"mistake\">\n<div class=\"mistake-title\">\n<div class=\"mistake-number\">4<\/div>\n<p>        (Asso, 7) contro il banco 9<\/p>\n<div class=\"correct-play\"><span class=\"black\">Il gioco corretto: <\/span>HIT<\/div>\n<div class=\"clearfix\"><\/div>\n<\/p><\/div>\n<div class=\"row\">\n<div class=\"col-sm-10 col-center\">\n<p>Questo \u00e8 un altro errore che la maggior parte dei giocatori commette. E comincia a diventare piuttosto costoso, a $0,85 per errore. Non esitate nemmeno. Colpisci.<\/p>\n<\/p><\/div>\n<\/p><\/div>\n<hr>\n<div class=\"row\">\n<div class=\"col-xs-6 col-sm-4\">In piedi:<\/p>\n<div class=\"red\"><i class=\"fa fa-arrow-down\" aria-hidden=\"true\"><\/i> $1.83<\/div>\n<\/p><\/div>\n<div class=\"col-xs-6 col-sm-4\">Colpire:<\/p>\n<div class=\"red\"><i class=\"fa fa-arrow-down\" aria-hidden=\"true\"><\/i> $0.98<\/div>\n<\/p><\/div>\n<div class=\"col-xs-12 col-sm-4\">\n<hr class=\"visible-xs\">\n          Quanto vale?<\/p>\n<div class=\"text-success\">$0.85 <span class=\"red\">(HIT)<\/span><\/div>\n<\/p><\/div>\n<\/p><\/div>\n<\/p><\/div>\n<p>    <!-- Mistake 3-------------------------------------------------><\/p>\n<div class=\"mistake\">\n<div class=\"mistake-title\">\n<div class=\"mistake-number\">3<\/div>\n<p>        (8,8) contro l'Asso del banco<\/p>\n<div class=\"correct-play\"><span class=\"black\">Il gioco corretto: <\/span>SPLIT<\/div>\n<div class=\"clearfix\"><\/div>\n<\/p><\/div>\n<div class=\"row\">\n<div class=\"col-sm-10 col-center\">\n<p>Questo \u00e8 solo l'errore numero 6 rivisitato, ma pi\u00f9 costoso. \u00c8 la solita riluttanza a comprare per uscire da una situazione difficile.<\/p>\n<p>Ci sono tre modi per giocare questa misera mano:<\/p>\n<\/p><\/div>\n<\/p><\/div>\n<hr>\n<div class=\"row mB15\">\n<div class=\"col-xs-4 col-sm-3\">In piedi:<\/p>\n<div class=\"red\"><i class=\"fa fa-arrow-down\" aria-hidden=\"true\"><\/i> $6.63<\/div>\n<\/p><\/div>\n<div class=\"col-xs-4 col-sm-3\">Colpire:<\/p>\n<div class=\"red\"><i class=\"fa fa-arrow-down\" aria-hidden=\"true\"><\/i> $5.14<\/div>\n<\/p><\/div>\n<div class=\"col-xs-4 col-sm-3\">Dividere:<\/p>\n<div class=\"red\"><i class=\"fa fa-arrow-down\" aria-hidden=\"true\"><\/i> $3.86<\/div>\n<\/p><\/div>\n<div class=\"col-xs-12 col-sm-3\">\n<hr class=\"visible-xs\">\n          Quanto vale?<\/p>\n<div class=\"text-success\">$1.28 <span class=\"red\">(SPLIT)<\/span><\/div>\n<\/p><\/div>\n<\/p><\/div>\n<div class=\"small\">(Eccezione: Nel gioco europeo senza carte bucate, i giocatori NON devono dividere questa mano).<\/div>\n<\/p><\/div>\n<p>    <!-- Mistake 2-------------------------------------------------><\/p>\n<div class=\"mistake\">\n<div class=\"mistake-title\">\n<div class=\"mistake-number\">2<\/div>\n<p>        (Asso, 6) contro il mazziere 7<\/p>\n<div class=\"correct-play\"><span class=\"black\">Il gioco corretto: <\/span>HIT<\/div>\n<div class=\"clearfix\"><\/div>\n<\/p><\/div>\n<div class=\"row\">\n<div class=\"col-sm-10 col-center\">\n<p>Credo che alcuni vogliano solo giocare per ottenere una spinta. Ma questa \u00e8 un'opportunit\u00e0 rara. In media, \u00e8 possibile trasformare una situazione perdente in una vincente centrando questa mano. Non \u00e8 una coincidenza che sia al secondo posto. \u00c8 il secondo errore pi\u00f9 costoso della lista. Colpisci e basta.<\/p>\n<\/p><\/div>\n<\/p><\/div>\n<hr>\n<div class=\"row\">\n<div class=\"col-xs-6 col-sm-4\">In piedi:<\/p>\n<div class=\"red\"><i class=\"fa fa-arrow-down\" aria-hidden=\"true\"><\/i> $1.04<\/div>\n<\/p><\/div>\n<div class=\"col-xs-6 col-sm-4\">Colpire:<\/p>\n<div class=\"text-success\"><i class=\"fa fa-arrow-up\" aria-hidden=\"true\"><\/i> Vittorie $0.55<\/div>\n<\/p><\/div>\n<div class=\"col-xs-12 col-sm-4\">\n<hr class=\"visible-xs\">\n          Quanto vale?<\/p>\n<div class=\"text-success\">$1.59 <span class=\"red\">(HIT)<\/span><\/div>\n<\/p><\/div>\n<\/p><\/div>\n<\/p><\/div>\n<p>    <!-- Mistake 1-------------------------------------------------><\/p>\n<div class=\"mistake\">\n<div class=\"mistake-title\">\n<div class=\"mistake-number\">1<\/div>\n<p>        (Asso, Asso) contro il dealer Ten<\/p>\n<div class=\"correct-play\"><span class=\"black\">Il gioco corretto: <\/span>SPLIT<\/div>\n<div class=\"clearfix\"><\/div>\n<\/p><\/div>\n<div class=\"row\">\n<div class=\"col-sm-10 col-center\">\n<p>Fortunatamente, non vedo spesso questo errore. Tuttavia, lo vedo occasionalmente. Quando si dividono gli Assi, \u00e8 consentito pescarne solo uno a testa. Alcuni giocatori fuorviati pensano che questo renda la giocata sbagliata. Se la cosa vi infastidisce, consideratela come un raddoppio su due assi. Inoltre, considerate cosa pu\u00f2 produrre iniziare con una mano di 2 o 12. Questo \u00e8 un vero e proprio no-brainer. Puntate e dividete. Ogni volta.<\/p>\n<\/p><\/div>\n<\/p><\/div>\n<hr>\n<div class=\"row mB15\">\n<div class=\"col-xs-6 col-sm-4\">Colpire:<\/p>\n<div class=\"red\"><i class=\"fa fa-arrow-down\" aria-hidden=\"true\"><\/i> $0.66<\/div>\n<\/p><\/div>\n<div class=\"col-xs-6 col-sm-4\">Dividere:<\/p>\n<div class=\"text-success\"><i class=\"fa fa-arrow-up\" aria-hidden=\"true\"><\/i> $1.82<\/div>\n<\/p><\/div>\n<div class=\"col-xs-12 col-sm-4\">\n<hr class=\"visible-xs\">\n          Quanto vale?<\/p>\n<div class=\"text-success\">$2.48 <span class=\"red\">(SPLIT)<\/span><\/div>\n<\/p><\/div>\n<\/p><\/div>\n<div class=\"small\">(Questa giocata si fa anche nel gioco europeo senza carte bucate. La divisione degli Assi \u00e8 abbastanza forte da giustificare il rischio).<\/div>\n<\/p><\/div>\n<p>    <!-- Mistake end -------------------------------------------------><\/p>\n<p>\nEcco, questo \u00e8 quanto.  La \"Hall of Shame\" degli errori comuni di strategia.  Come si pu\u00f2 vedere, anche a $10 a mano, questi errori cominciano a diventare un po' troppi.\n<\/p>\n<p>\nSe ogni giocatore imparasse la corretta strategia di base, i casin\u00f2 non potrebbero permettersi di offrire il gioco come lo conosciamo.  Lo spazio a disposizione verrebbe convertito in un attimo in slot machine.  Ma a quanto pare c'\u00e8 un'infinit\u00e0 di giocatori che preferiscono giocare di testa propria e che mantengono i casin\u00f2 pieni di soldi.\n<\/p>\n<p>\nBuona fortuna, Ken.\n<\/p>\n<hr>\n<p>\nDettagli per gli ossessivi: Gli importi in dollari calcolati in questo articolo presuppongono una partita S17 DAS a 6 mazzi.  Si presume che la mano del giocatore di 12 sia (10,2). Si presume che la mano del giocatore di 11 sia (5,6).  Altre composizioni producono importi leggermente diversi.<\/p>\n<\/div>","protected":false},"excerpt":{"rendered":"<p>If you play blackjack for an hour or two, your results will be pretty unpredictable. You may win a lot, or you may lose a lot. Most of the time, you&#8217;ll be somewhere in between. In the short-term, good luck or bad luck decides whether you&#8217;ll be a net winner or loser. However, if you [&hellip;]<\/p>\n","protected":false},"author":2,"featured_media":0,"parent":0,"menu_order":0,"comment_status":"open","ping_status":"closed","template":"","meta":{"_acf_changed":false,"footnotes":""},"tags":[],"class_list":["post-1499","page","type-page","status-publish","hentry"],"acf":[],"yoast_head":"<!-- This site is optimized with the Yoast SEO plugin v26.6 - https:\/\/yoast.com\/wordpress\/plugins\/seo\/ -->\n<title>Top Ten Blackjack Basic Strategy Mistakes<\/title>\n<meta name=\"description\" content=\"The Top Ten Mistakes Made by Blackjack Players.\" \/>\n<meta name=\"robots\" content=\"index, follow, max-snippet:-1, max-image-preview:large, max-video-preview:-1\" \/>\n<link rel=\"canonical\" href=\"https:\/\/www.blackjackinfo.com\/it\/i-dieci-principali-errori-di-strategia-di-base-del-blackjack\/\" \/>\n<meta property=\"og:locale\" content=\"it_IT\" \/>\n<meta property=\"og:type\" content=\"article\" \/>\n<meta property=\"og:title\" content=\"Top Ten Blackjack Basic Strategy Mistakes\" \/>\n<meta property=\"og:description\" content=\"The Top Ten Mistakes Made by Blackjack Players.\" \/>\n<meta property=\"og:url\" content=\"https:\/\/www.blackjackinfo.com\/it\/i-dieci-principali-errori-di-strategia-di-base-del-blackjack\/\" \/>\n<meta property=\"og:site_name\" content=\"BlackjackInfo.com\" \/>\n<meta property=\"article:modified_time\" content=\"2018-06-22T07:44:46+00:00\" \/>\n<meta name=\"twitter:label1\" content=\"Tempo di lettura stimato\" \/>\n\t<meta name=\"twitter:data1\" content=\"5 minuti\" \/>\n<script type=\"application\/ld+json\" class=\"yoast-schema-graph\">{\"@context\":\"https:\/\/schema.org\",\"@graph\":[{\"@type\":\"WebPage\",\"@id\":\"https:\/\/www.blackjackinfo.com\/top-ten-blackjack-basic-strategy-mistakes\/\",\"url\":\"https:\/\/www.blackjackinfo.com\/top-ten-blackjack-basic-strategy-mistakes\/\",\"name\":\"Top Ten Blackjack Basic Strategy Mistakes\",\"isPartOf\":{\"@id\":\"https:\/\/www.blackjackinfo.com\/#website\"},\"datePublished\":\"2014-12-23T05:06:06+00:00\",\"dateModified\":\"2018-06-22T07:44:46+00:00\",\"description\":\"The Top Ten Mistakes Made by Blackjack Players.\",\"breadcrumb\":{\"@id\":\"https:\/\/www.blackjackinfo.com\/top-ten-blackjack-basic-strategy-mistakes\/#breadcrumb\"},\"inLanguage\":\"it-IT\",\"potentialAction\":[{\"@type\":\"ReadAction\",\"target\":[\"https:\/\/www.blackjackinfo.com\/top-ten-blackjack-basic-strategy-mistakes\/\"]}]},{\"@type\":\"BreadcrumbList\",\"@id\":\"https:\/\/www.blackjackinfo.com\/top-ten-blackjack-basic-strategy-mistakes\/#breadcrumb\",\"itemListElement\":[{\"@type\":\"ListItem\",\"position\":1,\"name\":\"Home\",\"item\":\"https:\/\/www.blackjackinfo.com\/\"},{\"@type\":\"ListItem\",\"position\":2,\"name\":\"Top Ten Blackjack Basic Strategy Mistakes\"}]},{\"@type\":\"WebSite\",\"@id\":\"https:\/\/www.blackjackinfo.com\/#website\",\"url\":\"https:\/\/www.blackjackinfo.com\/\",\"name\":\"BlackjackInfo.com\",\"description\":\"Because Winning is More Fun!\",\"potentialAction\":[{\"@type\":\"SearchAction\",\"target\":{\"@type\":\"EntryPoint\",\"urlTemplate\":\"https:\/\/www.blackjackinfo.com\/?s={search_term_string}\"},\"query-input\":{\"@type\":\"PropertyValueSpecification\",\"valueRequired\":true,\"valueName\":\"search_term_string\"}}],\"inLanguage\":\"it-IT\"}]}<\/script>\n<!-- \/ Yoast SEO plugin. -->","yoast_head_json":{"title":"I dieci principali errori di strategia di base del blackjack","description":"I dieci principali errori commessi dai giocatori di blackjack.","robots":{"index":"index","follow":"follow","max-snippet":"max-snippet:-1","max-image-preview":"max-image-preview:large","max-video-preview":"max-video-preview:-1"},"canonical":"https:\/\/www.blackjackinfo.com\/it\/i-dieci-principali-errori-di-strategia-di-base-del-blackjack\/","og_locale":"it_IT","og_type":"article","og_title":"Top Ten Blackjack Basic Strategy Mistakes","og_description":"The Top Ten Mistakes Made by Blackjack Players.","og_url":"https:\/\/www.blackjackinfo.com\/it\/i-dieci-principali-errori-di-strategia-di-base-del-blackjack\/","og_site_name":"BlackjackInfo.com","article_modified_time":"2018-06-22T07:44:46+00:00","twitter_misc":{"Tempo di lettura stimato":"5 minuti"},"schema":{"@context":"https:\/\/schema.org","@graph":[{"@type":"WebPage","@id":"https:\/\/www.blackjackinfo.com\/top-ten-blackjack-basic-strategy-mistakes\/","url":"https:\/\/www.blackjackinfo.com\/top-ten-blackjack-basic-strategy-mistakes\/","name":"I dieci principali errori di strategia di base del blackjack","isPartOf":{"@id":"https:\/\/www.blackjackinfo.com\/#website"},"datePublished":"2014-12-23T05:06:06+00:00","dateModified":"2018-06-22T07:44:46+00:00","description":"I dieci principali errori commessi dai giocatori di blackjack.","breadcrumb":{"@id":"https:\/\/www.blackjackinfo.com\/top-ten-blackjack-basic-strategy-mistakes\/#breadcrumb"},"inLanguage":"it-IT","potentialAction":[{"@type":"ReadAction","target":["https:\/\/www.blackjackinfo.com\/top-ten-blackjack-basic-strategy-mistakes\/"]}]},{"@type":"BreadcrumbList","@id":"https:\/\/www.blackjackinfo.com\/top-ten-blackjack-basic-strategy-mistakes\/#breadcrumb","itemListElement":[{"@type":"ListItem","position":1,"name":"Home","item":"https:\/\/www.blackjackinfo.com\/"},{"@type":"ListItem","position":2,"name":"Top Ten Blackjack Basic Strategy Mistakes"}]},{"@type":"WebSite","@id":"https:\/\/www.blackjackinfo.com\/#website","url":"https:\/\/www.blackjackinfo.com\/","name":"BlackjackInfo.com","description":"Perch\u00e9 vincere \u00e8 pi\u00f9 divertente!","potentialAction":[{"@type":"SearchAction","target":{"@type":"EntryPoint","urlTemplate":"https:\/\/www.blackjackinfo.com\/?s={search_term_string}"},"query-input":{"@type":"PropertyValueSpecification","valueRequired":true,"valueName":"search_term_string"}}],"inLanguage":"it-IT"}]}},"_links":{"self":[{"href":"https:\/\/www.blackjackinfo.com\/it\/wp-json\/wp\/v2\/pages\/1499","targetHints":{"allow":["GET"]}}],"collection":[{"href":"https:\/\/www.blackjackinfo.com\/it\/wp-json\/wp\/v2\/pages"}],"about":[{"href":"https:\/\/www.blackjackinfo.com\/it\/wp-json\/wp\/v2\/types\/page"}],"author":[{"embeddable":true,"href":"https:\/\/www.blackjackinfo.com\/it\/wp-json\/wp\/v2\/users\/2"}],"replies":[{"embeddable":true,"href":"https:\/\/www.blackjackinfo.com\/it\/wp-json\/wp\/v2\/comments?post=1499"}],"version-history":[{"count":14,"href":"https:\/\/www.blackjackinfo.com\/it\/wp-json\/wp\/v2\/pages\/1499\/revisions"}],"predecessor-version":[{"id":3729,"href":"https:\/\/www.blackjackinfo.com\/it\/wp-json\/wp\/v2\/pages\/1499\/revisions\/3729"}],"wp:attachment":[{"href":"https:\/\/www.blackjackinfo.com\/it\/wp-json\/wp\/v2\/media?parent=1499"}],"wp:term":[{"taxonomy":"post_tag","embeddable":true,"href":"https:\/\/www.blackjackinfo.com\/it\/wp-json\/wp\/v2\/tags?post=1499"}],"curies":[{"name":"wp","href":"https:\/\/api.w.org\/{rel}","templated":true}]}}