{"id":1509,"date":"2015-01-02T21:45:47","date_gmt":"2015-01-03T03:45:47","guid":{"rendered":"https:\/\/www.blackjackinfo.com\/?page_id=1509"},"modified":"2018-09-06T01:27:56","modified_gmt":"2018-09-06T06:27:56","slug":"oltre-i-suggerimenti-per-il-torneo-di-wong-lo-zio-stanford-non-ve-li-ha-mai-detti","status":"publish","type":"page","link":"https:\/\/www.blackjackinfo.com\/it\/blackjack-tournaments\/beyond-wong-tournament-tips-uncle-stanford-never-told-you\/","title":{"rendered":"Oltre Wong - Alcuni suggerimenti per i tornei che lo zio Stanford non ti ha mai detto"},"content":{"rendered":"<div class=\"bji-byline\">da <a href=\"http:\/\/www.huntingtonpress.com\/go\/authors\/curtis-anthony\">Anthony Curtis<\/a>.<\/div>\n<div class=\"panel smaller\">\n<p>Questo articolo \u00e8 pubblicato qui per gentile concessione di Anthony Curtis. \u00c8 apparso originariamente sulla rivista Blackjack Forum e su <a href=\"http:\/\/www.lasvegasadvisor.com\">Consulente di Las Vegas<\/a>.<\/p>\n<\/div>\n<div class=\"panel smaller\">\n<p><i>Nota di Anthony Curtis:<\/i><\/p>\n<p><i>La messa in onda della prima puntata di GSN <b>Serie mondiale di blackjack<\/b> ha portato una valanga di e-mail e telefonate, molte delle quali mi chiedevano perch\u00e9 avessi giocato in quel modo. Mi rendo conto che per molti si trattava della prima esperienza di gioco in un torneo; quindi, molto di ci\u00f2 che avete visto vi \u00e8 sembrato strano. \u00c8 importante capire che giocare un torneo spesso richiede una strategia molto diversa da quella di una partita dal vivo. Dopo aver letto qualcosa sui tornei e averne giocati o osservati alcuni, inizierete ad avere una comprensione di base.<\/i><\/p>\n<p>Ci\u00f2 che \u00e8 stato pi\u00f9 interessante, per\u00f2, sono state le domande di molti giocatori che hanno giocato tornei in precedenza. Molti sono rimasti scioccati nel vedermi fare cose diverse da quelle che avevano letto nel classico di Stanford Wong. <a href=\"http:\/\/www.amazon.com\/dp\/0935926224\/?tag=theblackjacbasic\">Strategia dei tornei di casin\u00f2<\/a>. Perch\u00e9 stavo \"infrangendo le regole\"? Parte della risposta \u00e8 contenuta nell'articolo che segue, pubblicato originariamente su <b>Forum sul blackjack<\/b>. Prestare particolare attenzione al lungo elenco di considerazioni che determinano il modo migliore di giocare un determinato round, per poi comprendere che questo elenco \u00e8 solo parziale.<\/p>\n<p><i>(Aggiunta dell'editore: Qui c'\u00e8 un riassunto della tavola di Anthony nel WSOBJ Season I: <a href=\"https:\/\/www.blackjacktournaments.com\/threads\/world-series-of-blackjack-on-gsn-episode-1.80\/\">Serie mondiale di blackjack, stagione 1, episodio 1<\/a>.)<\/i><\/p>\n<\/div>\n<p>Una sera di fine 1985 squill\u00f2 il telefono. Era una chiamata che considero una delle pi\u00f9 importanti della mia vita.<\/p>\n<p>Dall'altra parte c'era Stanford Wong che, come sua abitudine, \u00e8 andato subito al sodo.<\/p>\n<p>\"Sto formando una squadra da torneo\", ha detto. \"Siamo in quattro e penso che in cinque saremmo un bel gruppo efficiente. Mi sei venuto in mente tu. Ti piacerebbe giocare con noi?\".<\/p>\n<p>Sono rimasto scioccato. Wong \u00e8 stato uno dei miei primi eroi del gioco d'azzardo. Avevamo avuto una breve corrispondenza e ci eravamo incontrati una volta. Ora mi chiamava nel mio appartamento con una sola camera da letto, chiedendomi di unirmi alla sua squadra. Era come se un aspirante giocatore di football ricevesse una chiamata dai 49ers. Un sogno che diventa realt\u00e0...<\/p>\n<p>\"N-n-no\", balbettai.<\/p>\n<p>\"Perch\u00e9 no?\"<\/p>\n<p>\"Sono un buon giocatore di blackjack, ma i tornei sono un altro mondo. Non ne so nulla\".<\/p>\n<p>\"Nemmeno io\", disse Wong, \"ma ho qualche idea. Impareremo tutti insieme\".<\/p>\n<p>Cos\u00ec \u00e8 iniziata un'esperienza incredibile che mi ha fatto guadagnare molti soldi (e anche un po' di fama).<\/p>\n<p>Ormai molti di voi conoscono la storia. Riconoscendo un'opportunit\u00e0, Stanford Wong costru\u00ec un modello al computer per analizzare il gioco finale del torneo di blackjack. Compil\u00f2 i suoi risultati in quaderni a spirale e li distribu\u00ec a me e agli altri membri del team (le informazioni contenute in quei quaderni segreti a spirale si trovano ora nel libro di Wong, <a href=\"http:\/\/www.amazon.com\/dp\/0935926224\/?tag=theblackjacbasic\">Strategia dei tornei di casin\u00f2<\/a>). Per circa due anni abbiamo viaggiato molto per giocare tornei a Reno, Tahoe, Atlantic City, Bahamas e Aruba. Dopo tre anni di grande successo, la squadra si sciolse. Va notato che Wong non \u00e8 stato il primo a pensare ai tornei. Quando siamo arrivati sulla scena, i giocatori stavano gi\u00e0 utilizzando questi concetti. Ho appreso in seguito che avevano dominato i tornei per anni, in un periodo in cui i premi erano molto pi\u00f9 alti di oggi.<\/p>\n<p>Wong sapeva gi\u00e0 che avrebbe dedicato solo un paio d'anni al gioco serio in torneo. Voleva scrivere il grande libro sull'argomento e poi dedicarsi ad altre cose. Io, invece, vedevo i tornei come un pozzo profondo (di profitti) a cui avrei potuto attingere per molto tempo a venire. Alcuni degli altri ragazzi (e ragazze) che stavano nascendo all'epoca la vedevano allo stesso modo. Stringemmo amicizia, parlammo molto, giocammo insieme ed elevammo l'arte.<\/p>\n<p>Essendo giovani e impetuosi, io e i miei amici volevamo dominare il mondo dei tornei. Restavamo svegli fino a notte fonda a discutere dei turni del giorno, se avevamo giocato, o della strategia generale, se non avevamo giocato. Analizzavamo tutto ci\u00f2 che avrebbe potuto aumentare il nostro vantaggio, e le conversazioni diventavano sempre pi\u00f9 esoteriche man mano che il conteggio dei free-drink aumentava. Tra gli argomenti di discussione: fine partita, medio gioco, puntate segrete, playoff, aggiustamenti per il formato, considerazioni posizionali, pro e contro della correlazione, creazione di swing, tecniche per il conteggio delle fiches, tendenze degli avversari, shuffle-tracking nei tornei, hole-carding nei tornei, tell nei tornei (da parte di dealer e giocatori), gestione del tempo nei tornei a tempo, come sfruttare l'infrazione alle regole di un giocatore, come sfruttare l'errore di un dealer, come sfruttare la nostra reputazione, come giocare se fossimo sconosciuti, come giocare con pi\u00f9 di uno al tavolo, come trattare con un altro esperto al tavolo, come assicurarsi una buona posizione al tavolo al sorteggio, come far scommettere un avversario fuori turno, come influenzare gli avversari scommettendo fuori turno e, naturalmente, come ottenere un appuntamento con la bella assistente del direttore del torneo (un'abilit\u00e0 che non sono mai riuscito a padroneggiare). Tenete presente che sto parlando solo di tornei di blackjack; c'erano tutta un'altra serie di argomenti per i dadi, il keno, ecc. Il punto \u00e8 che abbiamo trascorso molto tempo al di fuori delle pagine del manuale dei tornei di Wong.<\/p>\n<p>In questi giorni non gioco pi\u00f9 ai tornei con la frequenza di un tempo, quindi non mi dispiace rendervi partecipi di alcune delle nostre conclusioni. Non siate troppo entusiasti, per\u00f2. Rispetto al valore delle informazioni contenute nella Strategia dei tornei di casin\u00f2 e alla forza della tattica unica di puntare i vostri soldi (vedi Bombs Away qui sotto), queste informazioni hanno un valore marginale. D'altra parte, potreste cogliere una chicca che vi far\u00e0 superare uno o due round in pi\u00f9.<\/p>\n<h2 class=\"text-center\">Scegliere con saggezza<\/h2>\n<p>Un modo semplice per migliorare i risultati (indipendentemente dal livello di abilit\u00e0) \u00e8 quello di scegliere con cura i tornei a cui partecipare. Sono diversi i fattori in gioco, ma l'equity \u00e8 la misura fondamentale della giocabilit\u00e0. L'equit\u00e0 \u00e8 la percentuale delle quote di iscrizione raccolte che viene restituita sotto forma di premi in denaro. \u00c8 una considerazione importante. Ogni volta che il montepremi restituisce meno di 100%, bisogna prendere una decisione. Vale a dire: siete abbastanza superiori al giocatore medio di quel torneo da compensare l'ammanco? Non importa chi siate, c'\u00e8 sempre un punto in cui la risposta deve essere \"no\". Quanto pi\u00f9 sarete bravi a individuare questa percentuale, tanto migliori saranno i vostri risultati. In questi giorni mi trovo a rinunciare a un numero sempre maggiore di tornei, a causa del drammatico aumento del livello di abilit\u00e0 del pubblico. Se il giocatore medio \u00e8 abile quanto me, allora anche un torneo che paga quasi 100% offre un ritorno troppo basso sul mio investimento perch\u00e9 valga la pena giocarlo da un punto di vista puramente monetario.<\/p>\n<p>Spesso ci sono considerazioni accessorie. Nel mio caso, ho il lusso unico di poter giocare in tornei in cui ho un piccolo vantaggio grazie al valore pubblicitario che mi deriva dalla vittoria. Quando calcolo l'equity, a volte assegno un valore doppio o triplo al montepremi a causa della maggiore credibilit\u00e0 che la vittoria del campionato conferisce alla mia carriera di scrittore di giochi d'azzardo. Un professionista, per esempio, potrebbe assegnare un valore aggiunto per la difficile pratica che ottiene giocando. Un principiante potrebbe giustificare la sua iscrizione considerando il valore della vacanza: compensa la differenza con una stanza gratuita, i comps, le feste, le bevande e altri vantaggi che accompagnano l'iscrizione ai tornei. Conosco molte persone che amano semplicemente giocare i tornei. Per loro, il fattore divertimento riduce i requisiti di partecipazione.<\/p>\n<p>Ci sono altre due realt\u00e0 che saltano letteralmente agli occhi quando si esaminano i dati dei risultati dei tornei. In primo luogo, gli sconti per l'iscrizione anticipata sono preziosi. Assicuratevi di pianificare con sufficiente anticipo per approfittare del risparmio che rappresentano. In secondo luogo, le perdite over-the-table rappresentano un costo enorme dell'attivit\u00e0. I tornei con quote di iscrizione elevate e buy-in bassi sono desiderabili. I tornei disputati con denaro divertente sono di solito i migliori di tutti.<\/p>\n<h2 class=\"text-center\">Non contateci<\/h2>\n<p>Mi sfrego sempre le mani quando incontro dei contatori di carte su un tavolo da torneo. Perch\u00e9? Perch\u00e9 sono cos\u00ec prevedibili. Una giocata potente nei tornei \u00e8 quella di creare l'opportunit\u00e0 di uno swing quando si \u00e8 indietro. Questo di solito significa puntare molto quando gli avversari puntano poco (o viceversa). Questo pu\u00f2 essere problematico quando l'avversario chiave punta dopo di voi, perch\u00e9 pu\u00f2 semplicemente rispecchiare le vostre puntate nella misura che preferisce. Dal momento che alcuni contatori di carte preferirebbero essere pubblicamente condannati piuttosto che alzare le loro puntate in un mazzo negativo, \u00e8 possibile creare un potenziale swing in qualsiasi momento, semplicemente puntando in modo contrario al conteggio.<\/p>\n<p>L'esempio pi\u00f9 significativo di questo fenomeno mi \u00e8 capitato in un grande torneo alle Bahamas. Ero su un tavolo di cinque persone e tutti i miei avversari erano dei contatori di carte con le palle. A un terzo del round la scarpa \u00e8 diventata positiva e gli altri quattro ci si sono buttati sopra. Avendo gi\u00e0 perso qualche puntata massima, ero felice di lasciarli andare, sperando che qualche buona mano del banco li avrebbe riportati da me. Ma quando la scarpa fu terminata, lo ero anch'io. I quattro erano in testa alla classifica con circa otto puntate massime di vantaggio su di me. Dato il formato one-person-advance, ero praticamente spacciato. La scarpa successiva, tuttavia, divenne rapidamente negativa. Ho fatto una puntata massima, mentre tutti gli altri hanno puntato il minimo. Ho vinto e ho guadagnato una puntata. Mentre continuavamo a giocare, non mi preoccupai nemmeno di quello che mi era stato distribuito. Ero impegnato a pregare che il conteggio rimanesse negativo, in modo da continuare a essere l'unico grande scommettitore. Cos\u00ec fu, e nell'ultima mano mi bast\u00f2 vincere la mia scommessa per avanzare alla finale a quattro per $250.000 (ahim\u00e8, la mia straordinaria rimonta non si consum\u00f2). Dopo il round, uno dei giocatori che mi conosceva come contatore di carte si avvicin\u00f2 e disse: \"Bella rimonta, ma perch\u00e9 hai puntato cos\u00ec tanto su quell'enorme conteggio negativo?\". La domanda era ancora pi\u00f9 ridicola di quanto non sia ovvio: stavamo giocando con soldi facili.<\/p>\n<p>Anche se si tratta di un esempio vivido, non \u00e8 affatto il problema principale del conteggio delle carte nei tornei. Se sapete contare, lo farete mentre giocate, e non c'\u00e8 nulla di male in questo nelle fasi iniziali. Infatti, nei formati one-advance, dove \u00e8 quasi certo che dovrete fare almeno una grossa puntata (preferibilmente non correlata) nel corso del round, fare quella puntata in anticipo e secondo il conteggio migliorer\u00e0 i vostri risultati rispetto al tavolo. Ma nelle ultime cinque-dieci mani, siete fuori di testa se mantenete il conteggio a scapito di tutte le cose pi\u00f9 importanti di cui essere consapevoli, come una contabilit\u00e0 accurata dei bankroll minacciosi.<\/p>\n<h2 class=\"text-center\">Posizione Disposizione<\/h2>\n<p>Pochi giocatori danno alla posizione la considerazione che merita. \u00c8 importante basare il proprio piano di gioco complessivo sull'ordine di puntata dell'ultima mano, soprattutto nel formato one-advance. In poche parole, peggiore \u00e8 la vostra posizione alla fine, pi\u00f9 aggressivi dovete essere prima di arrivarci. Se la posizione \u00e8 determinata da un lancio di dadi o da un pareggio al tavolo, \u00e8 necessario calcolare immediatamente dove si punter\u00e0 nell'ultima mano (se tutti arrivano a quel punto), quindi giocare di conseguenza. Dovete anche essere pronti a ricalcolare e a cambiare strategia quando i giocatori fanno busting e cambiano l'ordine dell'ultima mano. Le considerazioni sulla posizione, tra l'altro, sono molto pi\u00f9 importanti (e complicate) in tornei diversi dal blackjack, come il craps.<\/p>\n<h2 class=\"text-center\">\u00c8 meglio quando si \u00e8 apprezzati<\/h2>\n<p>I giocatori di carte di maggior successo dedicano molto tempo ad assicurarsi che il tappeto di benvenuto rimanga aperto. Ci si aspetterebbe che i giocatori di torneo facciano lo stesso, ma non \u00e8 cos\u00ec. Per qualche motivo, il tipico esperto di tornei non pu\u00f2 fare a meno di ostentare il proprio talento, non tanto ai casin\u00f2 o agli altri clienti, quanto tra di loro. I giocatori di torneo si riuniscono in gruppi e cricche, analizzano apertamente ogni mossa che loro e i loro compagni fanno durante il gioco e fanno battute non troppo velate sul gioco non ottimale dei meno informati. I professionisti dei tornei devono rendersi conto che i giocatori che stanno sfruttando sono spesso i migliori clienti del casin\u00f2. Se li inimicate a sufficienza, finiranno per lamentarsi con la direzione del casin\u00f2 e il tappeto di benvenuto finir\u00e0. I casin\u00f2 non rischieranno di perdere i loro buoni clienti per qualche tassa d'iscrizione.<\/p>\n<p>Alcune delle discussioni esoteriche che ho menzionato prima avevano a che fare con il margine di manovra da concedere ai clienti abituali del casin\u00f2 in caso di errori (infrazioni alle regole, pagamenti eccessivi, ecc.) prima di sollevare un'obiezione che potrebbe inimicarli. Non sottovalutate questa considerazione. Alcuni dei vincitori di tornei a lungo termine di maggior successo che conosco sono anche tra le persone pi\u00f9 simpatiche che abbia mai incontrato.<\/p>\n<h2 class=\"text-center\">Bombe in arrivo<\/h2>\n<p>Se avete studiato un po' i tornei, probabilmente sapete gi\u00e0 cosa sto per dire. Ma \u00e8 cos\u00ec importante che non riesco a immaginare di parlare di gioco nei tornei senza menzionarlo. Nessun'altra strategia \u00e8 cos\u00ec potente come questa: Scommettere i propri soldi quando si \u00e8 indietro. Un torneo \u00e8 una sparatoria, e le fiches sono i vostri proiettili. Dovete sparare quei proiettili finch\u00e9 non vincete lo scontro a fuoco o non esaurite le munizioni. Se la situazione \u00e8 critica e non siete sicuri di cosa fare, seguite questa regola: Nel dubbio, spegni. Io lo faccio. Puntare al massimo pu\u00f2 non essere la giocata migliore, ma raramente \u00e8 la peggiore.<\/p>\n<p>Una volta ho partecipato a un mini-torneo in cui l'intero tavolo era affetto dal virus delle scommesse. Fu un evento frenetico, con cinque di noi che trasformarono un buy-in di $500 in oltre $2.000. Quando il fumo si \u00e8 diradato, sono avanzato insieme a un giovane aviere della base aerea di Nellis che stava giocando il suo primo torneo in assoluto. L'aviere aveva preso subito confidenza, facendo puntate massime ogni volta che lo stack di chip di qualcuno superava il suo. Dopo il round, l'aviere eccitato salt\u00f2 fuori dal suo posto, corse dalla sua ragazza e grid\u00f2: \"Non si trattava di giocare a carte. Si trattava di scommettere!\". Parole pi\u00f9 vere...<\/p>\n<hr \/>\n<p>Per ulteriori articoli sui tornei di blackjack e sulla strategia dei tornei, \u00e8 possibile:<br \/>\nRitorno al <a href=\"\/blackjack-tournaments\/\">Sezione Tornei di Blackjack<\/a>, o<br \/>\nVisitate il nostro sito gemello, completamente dedicato ai tornei: <a href=\"https:\/\/www.blackjacktournaments.com\/\">BlackjackTournaments.com<\/a>.<\/p>","protected":false},"excerpt":{"rendered":"<p>by Anthony Curtis. This article is published here with the kind permission of Anthony Curtis. It originally appeared in Blackjack Forum magazine and at Las Vegas Advisor. Note from Anthony Curtis: The airing of GSN&#8217;s first World Series of Blackjack brought a flood of e-mail and phone calls, much of it asking why I played [&hellip;]<\/p>\n","protected":false},"author":2,"featured_media":0,"parent":1052,"menu_order":8,"comment_status":"open","ping_status":"closed","template":"page-with-sidebar.php","meta":{"_acf_changed":false,"footnotes":""},"tags":[],"class_list":["post-1509","page","type-page","status-publish","hentry"],"acf":[],"yoast_head":"<!-- This site is optimized with the Yoast SEO plugin v26.6 - https:\/\/yoast.com\/wordpress\/plugins\/seo\/ -->\n<title>Beyond Wong - A Few Tournament Tips Uncle Stanford Never Told You<\/title>\n<meta name=\"description\" content=\"Tournament expert Anthony Curtis looks at how blackjack tournament strategy has evolved beyond the basics covered by Stanford Wong in his popular book.\" \/>\n<meta name=\"robots\" content=\"index, follow, max-snippet:-1, max-image-preview:large, max-video-preview:-1\" \/>\n<link rel=\"canonical\" href=\"https:\/\/www.blackjackinfo.com\/it\/tornei-di-blackjack\/oltre-i-suggerimenti-per-il-torneo-di-wong-lo-zio-stanford-non-ve-li-ha-mai-detti\/\" \/>\n<meta property=\"og:locale\" content=\"it_IT\" \/>\n<meta property=\"og:type\" content=\"article\" \/>\n<meta property=\"og:title\" content=\"Beyond Wong - A Few Tournament Tips Uncle Stanford Never Told You\" \/>\n<meta property=\"og:description\" content=\"Tournament expert Anthony Curtis looks at how blackjack tournament strategy has evolved beyond the basics covered by Stanford Wong in his popular book.\" \/>\n<meta property=\"og:url\" content=\"https:\/\/www.blackjackinfo.com\/it\/tornei-di-blackjack\/oltre-i-suggerimenti-per-il-torneo-di-wong-lo-zio-stanford-non-ve-li-ha-mai-detti\/\" \/>\n<meta property=\"og:site_name\" content=\"BlackjackInfo.com\" \/>\n<meta property=\"article:modified_time\" content=\"2018-09-06T06:27:56+00:00\" \/>\n<meta name=\"twitter:label1\" content=\"Tempo di lettura stimato\" \/>\n\t<meta name=\"twitter:data1\" content=\"12 minuti\" \/>\n<script type=\"application\/ld+json\" class=\"yoast-schema-graph\">{\"@context\":\"https:\/\/schema.org\",\"@graph\":[{\"@type\":\"WebPage\",\"@id\":\"https:\/\/www.blackjackinfo.com\/blackjack-tournaments\/beyond-wong-tournament-tips-uncle-stanford-never-told-you\/\",\"url\":\"https:\/\/www.blackjackinfo.com\/blackjack-tournaments\/beyond-wong-tournament-tips-uncle-stanford-never-told-you\/\",\"name\":\"Beyond Wong - A Few Tournament Tips Uncle Stanford Never Told You\",\"isPartOf\":{\"@id\":\"https:\/\/www.blackjackinfo.com\/#website\"},\"datePublished\":\"2015-01-03T03:45:47+00:00\",\"dateModified\":\"2018-09-06T06:27:56+00:00\",\"description\":\"Tournament expert Anthony Curtis looks at how blackjack tournament strategy has evolved beyond the basics covered by Stanford Wong in his popular book.\",\"breadcrumb\":{\"@id\":\"https:\/\/www.blackjackinfo.com\/blackjack-tournaments\/beyond-wong-tournament-tips-uncle-stanford-never-told-you\/#breadcrumb\"},\"inLanguage\":\"it-IT\",\"potentialAction\":[{\"@type\":\"ReadAction\",\"target\":[\"https:\/\/www.blackjackinfo.com\/blackjack-tournaments\/beyond-wong-tournament-tips-uncle-stanford-never-told-you\/\"]}]},{\"@type\":\"BreadcrumbList\",\"@id\":\"https:\/\/www.blackjackinfo.com\/blackjack-tournaments\/beyond-wong-tournament-tips-uncle-stanford-never-told-you\/#breadcrumb\",\"itemListElement\":[{\"@type\":\"ListItem\",\"position\":1,\"name\":\"Home\",\"item\":\"https:\/\/www.blackjackinfo.com\/\"},{\"@type\":\"ListItem\",\"position\":2,\"name\":\"Blackjack Tournament Strategy\",\"item\":\"https:\/\/www.blackjackinfo.com\/blackjack-tournaments\/\"},{\"@type\":\"ListItem\",\"position\":3,\"name\":\"Beyond Wong &#8211; A Few Tournament Tips Uncle Stanford Never Told You\"}]},{\"@type\":\"WebSite\",\"@id\":\"https:\/\/www.blackjackinfo.com\/#website\",\"url\":\"https:\/\/www.blackjackinfo.com\/\",\"name\":\"BlackjackInfo.com\",\"description\":\"Because Winning is More Fun!\",\"potentialAction\":[{\"@type\":\"SearchAction\",\"target\":{\"@type\":\"EntryPoint\",\"urlTemplate\":\"https:\/\/www.blackjackinfo.com\/?s={search_term_string}\"},\"query-input\":{\"@type\":\"PropertyValueSpecification\",\"valueRequired\":true,\"valueName\":\"search_term_string\"}}],\"inLanguage\":\"it-IT\"}]}<\/script>\n<!-- \/ Yoast SEO plugin. -->","yoast_head_json":{"title":"Oltre Wong - Alcuni suggerimenti per i tornei che lo zio Stanford non ti ha mai detto","description":"L'esperto di tornei Anthony Curtis analizza come la strategia dei tornei di blackjack si sia evoluta oltre le basi trattate da Stanford Wong nel suo famoso libro.","robots":{"index":"index","follow":"follow","max-snippet":"max-snippet:-1","max-image-preview":"max-image-preview:large","max-video-preview":"max-video-preview:-1"},"canonical":"https:\/\/www.blackjackinfo.com\/it\/tornei-di-blackjack\/oltre-i-suggerimenti-per-il-torneo-di-wong-lo-zio-stanford-non-ve-li-ha-mai-detti\/","og_locale":"it_IT","og_type":"article","og_title":"Beyond Wong - A Few Tournament Tips Uncle Stanford Never Told You","og_description":"Tournament expert Anthony Curtis looks at how blackjack tournament strategy has evolved beyond the basics covered by Stanford Wong in his popular book.","og_url":"https:\/\/www.blackjackinfo.com\/it\/tornei-di-blackjack\/oltre-i-suggerimenti-per-il-torneo-di-wong-lo-zio-stanford-non-ve-li-ha-mai-detti\/","og_site_name":"BlackjackInfo.com","article_modified_time":"2018-09-06T06:27:56+00:00","twitter_misc":{"Tempo di lettura stimato":"12 minuti"},"schema":{"@context":"https:\/\/schema.org","@graph":[{"@type":"WebPage","@id":"https:\/\/www.blackjackinfo.com\/blackjack-tournaments\/beyond-wong-tournament-tips-uncle-stanford-never-told-you\/","url":"https:\/\/www.blackjackinfo.com\/blackjack-tournaments\/beyond-wong-tournament-tips-uncle-stanford-never-told-you\/","name":"Oltre Wong - Alcuni suggerimenti per i tornei che lo zio Stanford non ti ha mai detto","isPartOf":{"@id":"https:\/\/www.blackjackinfo.com\/#website"},"datePublished":"2015-01-03T03:45:47+00:00","dateModified":"2018-09-06T06:27:56+00:00","description":"L'esperto di tornei Anthony Curtis analizza come la strategia dei tornei di blackjack si sia evoluta oltre le basi trattate da Stanford Wong nel suo famoso libro.","breadcrumb":{"@id":"https:\/\/www.blackjackinfo.com\/blackjack-tournaments\/beyond-wong-tournament-tips-uncle-stanford-never-told-you\/#breadcrumb"},"inLanguage":"it-IT","potentialAction":[{"@type":"ReadAction","target":["https:\/\/www.blackjackinfo.com\/blackjack-tournaments\/beyond-wong-tournament-tips-uncle-stanford-never-told-you\/"]}]},{"@type":"BreadcrumbList","@id":"https:\/\/www.blackjackinfo.com\/blackjack-tournaments\/beyond-wong-tournament-tips-uncle-stanford-never-told-you\/#breadcrumb","itemListElement":[{"@type":"ListItem","position":1,"name":"Home","item":"https:\/\/www.blackjackinfo.com\/"},{"@type":"ListItem","position":2,"name":"Blackjack Tournament Strategy","item":"https:\/\/www.blackjackinfo.com\/blackjack-tournaments\/"},{"@type":"ListItem","position":3,"name":"Beyond Wong &#8211; A Few Tournament Tips Uncle Stanford Never Told You"}]},{"@type":"WebSite","@id":"https:\/\/www.blackjackinfo.com\/#website","url":"https:\/\/www.blackjackinfo.com\/","name":"BlackjackInfo.com","description":"Perch\u00e9 vincere \u00e8 pi\u00f9 divertente!","potentialAction":[{"@type":"SearchAction","target":{"@type":"EntryPoint","urlTemplate":"https:\/\/www.blackjackinfo.com\/?s={search_term_string}"},"query-input":{"@type":"PropertyValueSpecification","valueRequired":true,"valueName":"search_term_string"}}],"inLanguage":"it-IT"}]}},"_links":{"self":[{"href":"https:\/\/www.blackjackinfo.com\/it\/wp-json\/wp\/v2\/pages\/1509","targetHints":{"allow":["GET"]}}],"collection":[{"href":"https:\/\/www.blackjackinfo.com\/it\/wp-json\/wp\/v2\/pages"}],"about":[{"href":"https:\/\/www.blackjackinfo.com\/it\/wp-json\/wp\/v2\/types\/page"}],"author":[{"embeddable":true,"href":"https:\/\/www.blackjackinfo.com\/it\/wp-json\/wp\/v2\/users\/2"}],"replies":[{"embeddable":true,"href":"https:\/\/www.blackjackinfo.com\/it\/wp-json\/wp\/v2\/comments?post=1509"}],"version-history":[{"count":18,"href":"https:\/\/www.blackjackinfo.com\/it\/wp-json\/wp\/v2\/pages\/1509\/revisions"}],"predecessor-version":[{"id":4591,"href":"https:\/\/www.blackjackinfo.com\/it\/wp-json\/wp\/v2\/pages\/1509\/revisions\/4591"}],"up":[{"embeddable":true,"href":"https:\/\/www.blackjackinfo.com\/it\/wp-json\/wp\/v2\/pages\/1052"}],"wp:attachment":[{"href":"https:\/\/www.blackjackinfo.com\/it\/wp-json\/wp\/v2\/media?parent=1509"}],"wp:term":[{"taxonomy":"post_tag","embeddable":true,"href":"https:\/\/www.blackjackinfo.com\/it\/wp-json\/wp\/v2\/tags?post=1509"}],"curies":[{"name":"wp","href":"https:\/\/api.w.org\/{rel}","templated":true}]}}