{"id":1949,"date":"2016-10-10T07:50:09","date_gmt":"2016-10-10T12:50:09","guid":{"rendered":"https:\/\/www.blackjackinfo.com\/?page_id=1949"},"modified":"2025-10-30T07:12:10","modified_gmt":"2025-10-30T12:12:10","slug":"e-legale-giocare-al-blackjack-online-negli-stati-uniti","status":"publish","type":"page","link":"https:\/\/www.blackjackinfo.com\/it\/online-blackjack\/is-it-legal-to-play-online-blackjack-in-the-us\/","title":{"rendered":"\u00c8 legale giocare al blackjack online negli Stati Uniti?"},"content":{"rendered":"<blockquote><p><strong><img loading=\"lazy\" decoding=\"async\" class=\"alignright size-medium wp-image-4704\" src=\"\/files\/is_it_legal_to_play_online_blackjack_in_the_us-300x214.png\" alt=\"is_it_legal_to_play_online_blackjack_in_the_us\" width=\"300\" height=\"214\" srcset=\"https:\/\/www.blackjackinfo.com\/files\/is_it_legal_to_play_online_blackjack_in_the_us-300x214.png 300w, https:\/\/www.blackjackinfo.com\/files\/is_it_legal_to_play_online_blackjack_in_the_us.png 350w\" sizes=\"auto, (max-width: 300px) 100vw, 300px\" data-no-auto-translation=\"\" \/>In breve;<\/strong> Non esiste una legge federale che vieti <a href=\"https:\/\/www.blackjackinfo.com\/online-blackjack\/\">giocare a blackjack online<\/a>. Ci sono alcuni stati in cui il gioco \u00e8 dichiarato illegale, ma l'azione penale sarebbe estremamente rara e molto probabilmente riguarderebbe la struttura piuttosto che il giocatore.<\/p>\n<p><strong>\u00c8 completamente sicuro giocare a blackjack online con denaro reale.<\/strong><\/p><\/blockquote>\n<p>Spesso si dice che giocare a blackjack online con denaro reale sia illegale negli Stati Uniti.<\/p>\n<p><strong>Ma lo \u00e8 davvero?<\/strong><\/p>\n<p>Affrontiamo la questione e risolviamo questo problema confuso e comunemente frainteso.<\/p>\n<p>Mettiamo in chiaro una cosa:<\/p>\n<h2 id=\"playing-blackjack-online-is-not-legally-prohibited-in-any-way-by-federal-law\">Giocare al blackjack online non \u00e8 legalmente vietato in alcun modo dalla legge federale.<\/h2>\n<p><img loading=\"lazy\" decoding=\"async\" class=\"alignright size-medium wp-image-4702\" src=\"\/files\/playing_blackjack_online_is_not_legally-300x214.png\" alt=\"playing_blackjack_online_is_not_legally\" width=\"300\" height=\"214\" srcset=\"https:\/\/www.blackjackinfo.com\/files\/playing_blackjack_online_is_not_legally-300x214.png 300w, https:\/\/www.blackjackinfo.com\/files\/playing_blackjack_online_is_not_legally.png 350w\" sizes=\"auto, (max-width: 300px) 100vw, 300px\" data-no-auto-translation=\"\" \/>C'\u00e8 <strong>nessuna legge<\/strong> contro il gioco d'azzardo online a livello federale, che \u00e8 un mito che si \u00e8 creato molto probabilmente a causa di un'interpretazione errata del <a href=\"https:\/\/www.fdic.gov\/news\/news\/financial\/2010\/fil10035a.pdf\" target=\"_blank\" rel=\"noopener noreferrer\">Legge sull'applicazione del gioco d'azzardo illegale su Internet del 2006<\/a> che afferma:<\/p>\n<blockquote><p><em>La Legge proibisce alle imprese di gioco d'azzardo di accettare consapevolmente pagamenti in relazione alla partecipazione di un'altra persona a una scommessa o a una giocata che preveda l'uso di Internet e che sia illegale ai sensi di qualsiasi legge federale o statale (definite \"transazioni limitate\" nella Legge). <\/em><\/p><\/blockquote>\n<p><strong>In pratica, \u00e8 vietato alle banche accettare consapevolmente transazioni che sono il risultato di una scommessa online illegale.<\/strong><\/p>\n<p><strong>Non afferma in alcun modo che sia illegale per un giocatore partecipare al gioco d'azzardo online!<\/strong><\/p>\n<p>Un'altra ragione per cui alcune persone possono pensare che sia illegale \u00e8 la confusione della <a href=\"https:\/\/en.wikipedia.org\/wiki\/Federal_Wire_Act\" target=\"_blank\" rel=\"noopener noreferrer\">Legge federale sulle intercettazioni<\/a> che riguarda le scommesse sportive e non si applica alla questione della legalit\u00e0 del blackjack online, poich\u00e9 sono considerate forme diverse di gioco d'azzardo.<\/p>\n<div class=\"img-shadow-box blue-box\">\n<div class=\"row\">\n<div class=\"col-md-6\">\n<h3 id=\"Play-Blackjack-Live-Online-\">Giocare a blackjack dal vivo online<\/h3>\n<p>Se volete provare a giocare a blackjack online con denaro reale, consigliamo ai giocatori statunitensi di visitare il casin\u00f2 Bovada.<\/p>\n<p><a class=\"btn btn-lg btn-success\" href=\"https:\/\/www.blackjackinfo.com\/goto\/bovada-live-dealers\/\" target=\"_blank\" rel=\"nofollow noopener noreferrer\" type=\"button\">GIOCA ORA<\/a><\/p>\n<\/div>\n<div class=\"col-md-6\"><a href=\"\/goto\/betonline-casino\/\" target=\"_blank\" rel=\"nofollow noopener noreferrer\" type=\"button\"><img decoding=\"async\" class=\"thumbnail img-rounded\" src=\"\/files\/bovada-live-blackjack-e1532156665431.jpg\" data-no-auto-translation=\"\" \/><\/a><\/div>\n<\/div>\n<\/div>\n<h2 id=\"are-there-any-state-laws-which-explicitly-allow-online-blackjack\">Esistono leggi statali che consentono esplicitamente il blackjack online?<\/h2>\n<p>Un'altra ragione per cui \u00e8 difficile stabilire se \u00e8 legale giocare d'azzardo online \u00e8 il fatto che la maggior parte degli Stati <strong>non hanno leggi specifiche<\/strong> che si applicano al gioco d'azzardo online in generale.<\/p>\n<p>Se non esiste una legge specifica che vieta il gioco d'azzardo online, allora \u00e8 considerato legale.<\/p>\n<p>Tuttavia, ci sono tre Stati che hanno approvato leggi specifiche per consentire il gioco d'azzardo online:<\/p>\n<ol>\n<li><a href=\"https:\/\/www.gambledex.com\/casinos-usa\/delaware-casinos\/\">Delaware<\/a><\/li>\n<li><a href=\"https:\/\/www.blackjackinfo.com\/online-blackjack\/new-jersey\/\">New Jersey<\/a><\/li>\n<li><a href=\"https:\/\/www.gamblinggurus.com\/usa-online-casinos\/pennsylvania-online-casinos\/\">Pennsylvania<\/a><\/li>\n<li><a href=\"https:\/\/www.michigan.gov\/mgcb\/news\/2021\/01\/22\/online-gaming-and-sports-betting-are-now-live-in-michigan-as-sen--hertel-places-first-wager\">Michigan<\/a><\/li>\n<li><a href=\"https:\/\/wvlottery.com\/about-us\/rules-and-regulations\/\">Virginia Occidentale<\/a><\/li>\n<li><a href=\"https:\/\/tax.nv.gov\/uploadedFiles\/taxnvgov\/Content\/FAQs\/NV-Gaming-History.pdf\">Nevada<\/a><\/li>\n<\/ol>\n<p>\u00c8 interessante notare che il Nevada ha consentito il poker online e le scommesse sportive, ma ha proibito il gioco d'azzardo nei casin\u00f2 online.<\/p>\n<h2 id=\"states-where-online-blackjack-is-technically-illegal\">Stati in cui il blackjack online \u00e8 tecnicamente illegale<\/h2>\n<ol>\n<li><img loading=\"lazy\" decoding=\"async\" class=\"alignright size-medium wp-image-4706\" src=\"\/files\/sates_where_online_blackjack_is_technically_illegal-300x214.png\" alt=\"sates_where_online_blackjack_is_technically_illegal\" width=\"300\" height=\"214\" srcset=\"https:\/\/www.blackjackinfo.com\/files\/sates_where_online_blackjack_is_technically_illegal-300x214.png 300w, https:\/\/www.blackjackinfo.com\/files\/sates_where_online_blackjack_is_technically_illegal.png 350w\" sizes=\"auto, (max-width: 300px) 100vw, 300px\" data-no-auto-translation=\"\" \/>Illinois<\/li>\n<li>Indiana<\/li>\n<li>Louisiana<\/li>\n<li>Montana<\/li>\n<li>Nevada<\/li>\n<li>Oregon<\/li>\n<li>Dakota del Sud<\/li>\n<li>Washington<\/li>\n<li>Wisconsin<\/li>\n<\/ol>\n<p>Ci sono 9 Stati che hanno proibito il gioco d'azzardo nei casin\u00f2 online, ma va notato che il vero obiettivo di queste leggi sono i casin\u00f2 online. <a href=\"https:\/\/www.blackjackinfo.com\/online-blackjack\/#recommended-casinos\">casin\u00f2 online<\/a> se stessi e non il giocatore.<\/p>\n<p>La probabilit\u00e0 di essere accusati penalmente \u00e8 estremamente bassa e, anche se lo foste, molto probabilmente verrebbe considerata come un'accusa di tipo penale. <a href=\"https:\/\/web.archive.org\/web\/20190219095030\/http:\/\/www.gambling-law-us.com\/State-Law-Summary\/\">solo un reato minore<\/a><\/p>\n<p>Sono riuscito a trovare un solo incidente risalente al 2003, nel North Dakota, in cui un giocatore, Jeffrey Trauman, si \u00e8 dichiarato colpevole di aver piazzato una scommessa superiore a $500 ed \u00e8 stato accusato di un reato minore e successivamente multato di $500. (fonte: <a href=\"https:\/\/digitalscholarship.unlv.edu\/cgi\/viewcontent.cgi?article=1146&amp;context=grrj\" target=\"_blank\" rel=\"noopener noreferrer\"><em>https:\/\/digitalscholarship.unlv.edu\/cgi\/viewcontent.cgi?article=1146&amp;context=grrj<\/em><\/a>)<\/p>\n<p>Per maggiore chiarezza, vediamo una tabella di tutti gli Stati, in modo da poter distinguere facilmente le leggi dello Stato in cui si risiede.<\/p>\n<table class=\"table-fill\" style=\"width: auto;\">\n<tbody>\n<tr>\n<th class=\"red\">Stato<\/th>\n<th class=\"red\">Legale?<\/th>\n<th class=\"red\">Stato<\/th>\n<th class=\"red\">Legale?<\/th>\n<\/tr>\n<tr>\n<td>Alabama<\/td>\n<td class=\"text-success\"><center>S\u00ec<\/center><\/td>\n<td>Montana<\/td>\n<td class=\"red text-center\">No<\/td>\n<\/tr>\n<tr>\n<td>Alaska<\/td>\n<td class=\"text-success\"><center>S\u00ec<\/center><\/td>\n<td>Nebraska<\/td>\n<td class=\"text-success\"><center>S\u00ec<\/center><\/td>\n<\/tr>\n<tr>\n<td>Arizona<\/td>\n<td class=\"text-success\"><center>S\u00ec<\/center><\/td>\n<td>Nevada<\/td>\n<td class=\"red text-center\">No<\/td>\n<\/tr>\n<tr>\n<td>Arkansas<\/td>\n<td class=\"text-success\"><center>S\u00ec<\/center><\/td>\n<td>New Hampshire<\/td>\n<td class=\"text-success\"><center>S\u00ec<\/center><\/td>\n<\/tr>\n<tr>\n<td>California<\/td>\n<td class=\"text-success\"><center>S\u00ec<\/center><\/td>\n<td>New Jersey<\/td>\n<td class=\"text-success\"><center>S\u00ec<\/center><\/td>\n<\/tr>\n<tr>\n<td>Colorado<\/td>\n<td class=\"text-success\"><center>S\u00ec<\/center><\/td>\n<td>Nuovo Messico<\/td>\n<td class=\"text-success\"><center>S\u00ec<\/center><\/td>\n<\/tr>\n<tr>\n<td>Connecticut<\/td>\n<td class=\"text-success\"><center>S\u00ec<\/center><\/td>\n<td>New York<\/td>\n<td class=\"text-success\"><center>S\u00ec<\/center><\/td>\n<\/tr>\n<tr>\n<td>Delaware<\/td>\n<td class=\"text-success\"><center>S\u00ec<\/center><\/td>\n<td>Carolina del Nord<\/td>\n<td class=\"text-success\"><center>S\u00ec<\/center><\/td>\n<\/tr>\n<tr>\n<td>Florida<\/td>\n<td class=\"text-success\"><center>S\u00ec<\/center><\/td>\n<td>Nord Dakota<\/td>\n<td class=\"text-success\"><center>S\u00ec<\/center><\/td>\n<\/tr>\n<tr>\n<td>Georgia<\/td>\n<td class=\"text-success\"><center>S\u00ec<\/center><\/td>\n<td>Ohio<\/td>\n<td class=\"text-success\"><center>S\u00ec<\/center><\/td>\n<\/tr>\n<tr>\n<td>Hawaii<\/td>\n<td class=\"text-success\"><center>S\u00ec<\/center><\/td>\n<td>Oklahoma<\/td>\n<td class=\"text-success\"><center>S\u00ec<\/center><\/td>\n<\/tr>\n<tr>\n<td>Idaho<\/td>\n<td class=\"text-success\"><center>S\u00ec<\/center><\/td>\n<td>Oregon<\/td>\n<td class=\"red\"><center>No<\/center><\/td>\n<\/tr>\n<tr>\n<td>Illinois<\/td>\n<td class=\"red\"><center>No<\/center><\/td>\n<td>Pennsylvania<\/td>\n<td class=\"text-success\"><center>S\u00ec<\/center><\/td>\n<\/tr>\n<tr>\n<td>Indiana<\/td>\n<td class=\"red\"><center>No<\/center><\/td>\n<td>Rhode Island<\/td>\n<td class=\"text-success\"><center>S\u00ec<\/center><\/td>\n<\/tr>\n<tr>\n<td>Iowa<\/td>\n<td class=\"text-success\"><center>S\u00ec<\/center><\/td>\n<td>Carolina del Sud<\/td>\n<td class=\"text-success\"><center>S\u00ec<\/center><\/td>\n<\/tr>\n<tr>\n<td>Kansas<\/td>\n<td class=\"text-success\"><center>S\u00ec<\/center><\/td>\n<td>Dakota del Sud<\/td>\n<td class=\"red\"><center>No<\/center><\/td>\n<\/tr>\n<tr>\n<td>Kentucky<\/td>\n<td class=\"text-success\"><center>S\u00ec<\/center><\/td>\n<td>Tennessee<\/td>\n<td class=\"text-success\"><center>S\u00ec<\/center><\/td>\n<\/tr>\n<tr>\n<td>Louisiana<\/td>\n<td class=\"red\"><center>No<\/center><\/td>\n<td>Texas<\/td>\n<td class=\"text-success\"><center>S\u00ec<\/center><\/td>\n<\/tr>\n<tr>\n<td>Maine<\/td>\n<td class=\"text-success\"><center>S\u00ec<\/center><\/td>\n<td>Utah<\/td>\n<td class=\"text-success\"><center>S\u00ec<\/center><\/td>\n<\/tr>\n<tr>\n<td>Maryland<\/td>\n<td class=\"text-success\"><center>S\u00ec<\/center><\/td>\n<td>Vermont<\/td>\n<td class=\"text-success\"><center>S\u00ec<\/center><\/td>\n<\/tr>\n<tr>\n<td>Massachusetts<\/td>\n<td class=\"text-success\"><center>S\u00ec<\/center><\/td>\n<td>Virginia<\/td>\n<td class=\"text-success\"><center>S\u00ec<\/center><\/td>\n<\/tr>\n<tr>\n<td>Michigan<\/td>\n<td class=\"text-success\"><center>S\u00ec<\/center><\/td>\n<td>Washington<\/td>\n<td class=\"red\"><center>No<\/center><\/td>\n<\/tr>\n<tr>\n<td>Minnesota<\/td>\n<td class=\"text-success\"><center>S\u00ec<\/center><\/td>\n<td>Virginia Occidentale<\/td>\n<td class=\"text-success\"><center>S\u00ec<\/center><\/td>\n<\/tr>\n<tr>\n<td>Mississippi<\/td>\n<td class=\"text-success\"><center>S\u00ec<\/center><\/td>\n<td>Wisconsin<\/td>\n<td class=\"red\"><center>No<\/center><\/td>\n<\/tr>\n<tr>\n<td>Missouri<\/td>\n<td class=\"text-success\"><center>S\u00ec<\/center><\/td>\n<td>Wyoming<\/td>\n<td class=\"text-success\"><center>S\u00ec<\/center><\/td>\n<\/tr>\n<\/tbody>\n<\/table>\n<h2 class=\"mT30\">Se non si \u00e8 sicuri, rivolgersi a un legale<\/h2>\n<p>In caso di dubbio, rivolgersi a un legale professionista: Questo sito web ha lo scopo di fornire consigli ai giocatori e non \u00e8 giuridicamente vincolante. Pertanto, in caso di domande pi\u00f9 complesse, si consiglia di consultare un professionista legale.<\/p>\n<h2>Come posso depositare e prelevare denaro a causa dell'UIGEA e dove posso giocare?<\/h2>\n<p>L'UIGEA ha reso molto pi\u00f9 difficile per i residenti negli Stati Uniti depositare e prelevare denaro dai casin\u00f2. Per esempio, <a href=\"https:\/\/wizardofodds.com\/banking\/ewallets\/\" target=\"_blank\" rel=\"noopener noreferrer\">Servizi di portafoglio elettronico<\/a> come PayPal o Moneybookers, comunemente utilizzati per trasferire fondi da\/verso i casin\u00f2, di solito non funzionano con i residenti statunitensi che si dedicano al gioco online. Raccomandiamo ai giocatori statunitensi di evitarli in generale.<\/p>\n<p>Nella maggior parte dei casi, i giocatori statunitensi potranno utilizzare carte di debito, bonifici bancari diretti, assegni e ACH (Automated Clearing House). Il <a href=\"https:\/\/www.blackjackinfo.com\/guide-to-buying-bitcoin-for-gambling-online\/\">Il metodo migliore \u00e8 per\u00f2 quello di utilizzare Bitcoin<\/a> che \u00e8 estremamente veloce e non prevede commissioni eccessive. Leggete la nostra guida completa su come acquistare Bitcoin per depositare in un casin\u00f2 <a href=\"https:\/\/www.blackjackinfo.com\/depositing-withdrawing-to-an-online-casino-with-bitcoin\/\">qui<\/a>.<\/p>\n<p>Per i residenti negli Stati Uniti al di fuori di <a href=\"https:\/\/www.blackjackinfo.com\/online-blackjack\/new-jersey\/\">New Jersey<\/a>Nevada e Delaware, consigliamo di giocare su <a href=\"https:\/\/www.blackjackinfo.com\/casino\/bovada\/\">Bovada<\/a> o <a href=\"https:\/\/www.blackjackinfo.com\/goto\/betonline-casino-live-dealer\/\" target=\"_blank\" rel=\"nofollow noopener noreferrer\">Betonline<\/a>.<\/p>\n<h2>Lettura correlata<\/h2>\n<ul>\n<li><a href=\"https:\/\/www.blackjackinfo.com\/the-current-state-of-the-law-for-online-blackjack-in-north-america-beyond\/\">Lo stato attuale della legge sul blackjack online in Nord America e oltre<\/a><\/li>\n<li><a href=\"https:\/\/wizardofodds.com\/the-legality-of-online-gambling-us\/\" target=\"_blank\" rel=\"noopener noreferrer\">La legalit\u00e0 del gioco d'azzardo online negli Stati Uniti - Lo Stato degli Stati<\/a><\/li>\n<li><a href=\"https:\/\/www.realmoneyaction.com\/us-casinos\/legal\/\" target=\"_blank\" rel=\"noopener noreferrer\">Casin\u00f2 online legali negli Stati Uniti<\/a><\/li>\n<\/ul>","protected":false},"excerpt":{"rendered":"<p>In short; There is no federal law against playing blackjack online. There are some states where it is declared illegal however prosecution would be extremely rare and would most likely be against any establishment rather than the player. It is completely safe to play blackjack online for real money. It&#8217;s often reported that playing blackjack [&hellip;]<\/p>\n","protected":false},"author":4,"featured_media":4704,"parent":1928,"menu_order":0,"comment_status":"closed","ping_status":"closed","template":"","meta":{"_acf_changed":false,"footnotes":""},"tags":[],"class_list":["post-1949","page","type-page","status-publish","has-post-thumbnail","hentry"],"acf":[],"yoast_head":"<!-- This site is optimized with the Yoast SEO plugin v26.6 - https:\/\/yoast.com\/wordpress\/plugins\/seo\/ -->\n<title>Is it Legal to Play Online Blackjack in the US?<\/title>\n<meta name=\"description\" content=\"In short; There is no federal law against playing blackjack online. There are some states where it is declared illegal however prosecution would be\" \/>\n<meta name=\"robots\" content=\"index, follow, max-snippet:-1, max-image-preview:large, max-video-preview:-1\" \/>\n<link rel=\"canonical\" href=\"https:\/\/www.blackjackinfo.com\/it\/blackjack-online-2\/e-legale-giocare-al-blackjack-online-negli-stati-uniti\/\" \/>\n<meta property=\"og:locale\" content=\"it_IT\" \/>\n<meta property=\"og:type\" content=\"article\" \/>\n<meta property=\"og:title\" content=\"Is it Legal to Play Online Blackjack in the US?\" \/>\n<meta property=\"og:description\" content=\"In short; There is no federal law against playing blackjack online. There are some states where it is declared illegal however prosecution would be\" \/>\n<meta property=\"og:url\" content=\"https:\/\/www.blackjackinfo.com\/it\/blackjack-online-2\/e-legale-giocare-al-blackjack-online-negli-stati-uniti\/\" \/>\n<meta property=\"og:site_name\" content=\"BlackjackInfo.com\" \/>\n<meta property=\"article:modified_time\" content=\"2025-10-30T12:12:10+00:00\" \/>\n<meta property=\"og:image\" content=\"https:\/\/www.blackjackinfo.com\/files\/is_it_legal_to_play_online_blackjack_in_the_us.png\" \/>\n\t<meta property=\"og:image:width\" content=\"350\" \/>\n\t<meta property=\"og:image:height\" content=\"250\" \/>\n\t<meta property=\"og:image:type\" content=\"image\/png\" \/>\n<meta name=\"twitter:label1\" content=\"Tempo di lettura stimato\" \/>\n\t<meta name=\"twitter:data1\" content=\"5 minuti\" \/>\n<script type=\"application\/ld+json\" class=\"yoast-schema-graph\">{\"@context\":\"https:\/\/schema.org\",\"@graph\":[{\"@type\":\"WebPage\",\"@id\":\"https:\/\/www.blackjackinfo.com\/online-blackjack\/is-it-legal-to-play-online-blackjack-in-the-us\/\",\"url\":\"https:\/\/www.blackjackinfo.com\/online-blackjack\/is-it-legal-to-play-online-blackjack-in-the-us\/\",\"name\":\"Is it Legal to Play Online Blackjack in the US?\",\"isPartOf\":{\"@id\":\"https:\/\/www.blackjackinfo.com\/#website\"},\"primaryImageOfPage\":{\"@id\":\"https:\/\/www.blackjackinfo.com\/online-blackjack\/is-it-legal-to-play-online-blackjack-in-the-us\/#primaryimage\"},\"image\":{\"@id\":\"https:\/\/www.blackjackinfo.com\/online-blackjack\/is-it-legal-to-play-online-blackjack-in-the-us\/#primaryimage\"},\"thumbnailUrl\":\"https:\/\/www.blackjackinfo.com\/files\/is_it_legal_to_play_online_blackjack_in_the_us.png\",\"datePublished\":\"2016-10-10T12:50:09+00:00\",\"dateModified\":\"2025-10-30T12:12:10+00:00\",\"description\":\"In short; There is no federal law against playing blackjack online. There are some states where it is declared illegal however prosecution would be\",\"breadcrumb\":{\"@id\":\"https:\/\/www.blackjackinfo.com\/online-blackjack\/is-it-legal-to-play-online-blackjack-in-the-us\/#breadcrumb\"},\"inLanguage\":\"it-IT\",\"potentialAction\":[{\"@type\":\"ReadAction\",\"target\":[\"https:\/\/www.blackjackinfo.com\/online-blackjack\/is-it-legal-to-play-online-blackjack-in-the-us\/\"]}]},{\"@type\":\"ImageObject\",\"inLanguage\":\"it-IT\",\"@id\":\"https:\/\/www.blackjackinfo.com\/online-blackjack\/is-it-legal-to-play-online-blackjack-in-the-us\/#primaryimage\",\"url\":\"https:\/\/www.blackjackinfo.com\/files\/is_it_legal_to_play_online_blackjack_in_the_us.png\",\"contentUrl\":\"https:\/\/www.blackjackinfo.com\/files\/is_it_legal_to_play_online_blackjack_in_the_us.png\",\"width\":350,\"height\":250,\"caption\":\"is_it_legal_to_play_online_blackjack_in_the_us\"},{\"@type\":\"BreadcrumbList\",\"@id\":\"https:\/\/www.blackjackinfo.com\/online-blackjack\/is-it-legal-to-play-online-blackjack-in-the-us\/#breadcrumb\",\"itemListElement\":[{\"@type\":\"ListItem\",\"position\":1,\"name\":\"Home\",\"item\":\"https:\/\/www.blackjackinfo.com\/\"},{\"@type\":\"ListItem\",\"position\":2,\"name\":\"Online Blackjack for Real Money\",\"item\":\"https:\/\/www.blackjackinfo.com\/online-blackjack\/\"},{\"@type\":\"ListItem\",\"position\":3,\"name\":\"Is it Legal to Play Online Blackjack in the US?\"}]},{\"@type\":\"WebSite\",\"@id\":\"https:\/\/www.blackjackinfo.com\/#website\",\"url\":\"https:\/\/www.blackjackinfo.com\/\",\"name\":\"BlackjackInfo.com\",\"description\":\"Because Winning is More Fun!\",\"potentialAction\":[{\"@type\":\"SearchAction\",\"target\":{\"@type\":\"EntryPoint\",\"urlTemplate\":\"https:\/\/www.blackjackinfo.com\/?s={search_term_string}\"},\"query-input\":{\"@type\":\"PropertyValueSpecification\",\"valueRequired\":true,\"valueName\":\"search_term_string\"}}],\"inLanguage\":\"it-IT\"}]}<\/script>\n<!-- \/ Yoast SEO plugin. -->","yoast_head_json":{"title":"\u00c8 legale giocare al blackjack online negli Stati Uniti?","description":"In breve: non esiste una legge federale che vieti di giocare a blackjack online. Ci sono alcuni Stati in cui \u00e8 dichiarato illegale, tuttavia l'azione penale sarebbe","robots":{"index":"index","follow":"follow","max-snippet":"max-snippet:-1","max-image-preview":"max-image-preview:large","max-video-preview":"max-video-preview:-1"},"canonical":"https:\/\/www.blackjackinfo.com\/it\/blackjack-online-2\/e-legale-giocare-al-blackjack-online-negli-stati-uniti\/","og_locale":"it_IT","og_type":"article","og_title":"Is it Legal to Play Online Blackjack in the US?","og_description":"In short; There is no federal law against playing blackjack online. There are some states where it is declared illegal however prosecution would be","og_url":"https:\/\/www.blackjackinfo.com\/it\/blackjack-online-2\/e-legale-giocare-al-blackjack-online-negli-stati-uniti\/","og_site_name":"BlackjackInfo.com","article_modified_time":"2025-10-30T12:12:10+00:00","og_image":[{"width":350,"height":250,"url":"https:\/\/www.blackjackinfo.com\/files\/is_it_legal_to_play_online_blackjack_in_the_us.png","type":"image\/png"}],"twitter_misc":{"Tempo di lettura stimato":"5 minuti"},"schema":{"@context":"https:\/\/schema.org","@graph":[{"@type":"WebPage","@id":"https:\/\/www.blackjackinfo.com\/online-blackjack\/is-it-legal-to-play-online-blackjack-in-the-us\/","url":"https:\/\/www.blackjackinfo.com\/online-blackjack\/is-it-legal-to-play-online-blackjack-in-the-us\/","name":"\u00c8 legale giocare al blackjack online negli Stati Uniti?","isPartOf":{"@id":"https:\/\/www.blackjackinfo.com\/#website"},"primaryImageOfPage":{"@id":"https:\/\/www.blackjackinfo.com\/online-blackjack\/is-it-legal-to-play-online-blackjack-in-the-us\/#primaryimage"},"image":{"@id":"https:\/\/www.blackjackinfo.com\/online-blackjack\/is-it-legal-to-play-online-blackjack-in-the-us\/#primaryimage"},"thumbnailUrl":"https:\/\/www.blackjackinfo.com\/files\/is_it_legal_to_play_online_blackjack_in_the_us.png","datePublished":"2016-10-10T12:50:09+00:00","dateModified":"2025-10-30T12:12:10+00:00","description":"In breve: non esiste una legge federale che vieti di giocare a blackjack online. Ci sono alcuni Stati in cui \u00e8 dichiarato illegale, tuttavia l'azione penale sarebbe","breadcrumb":{"@id":"https:\/\/www.blackjackinfo.com\/online-blackjack\/is-it-legal-to-play-online-blackjack-in-the-us\/#breadcrumb"},"inLanguage":"it-IT","potentialAction":[{"@type":"ReadAction","target":["https:\/\/www.blackjackinfo.com\/online-blackjack\/is-it-legal-to-play-online-blackjack-in-the-us\/"]}]},{"@type":"ImageObject","inLanguage":"it-IT","@id":"https:\/\/www.blackjackinfo.com\/online-blackjack\/is-it-legal-to-play-online-blackjack-in-the-us\/#primaryimage","url":"https:\/\/www.blackjackinfo.com\/files\/is_it_legal_to_play_online_blackjack_in_the_us.png","contentUrl":"https:\/\/www.blackjackinfo.com\/files\/is_it_legal_to_play_online_blackjack_in_the_us.png","width":350,"height":250,"caption":"is_it_legal_to_play_online_blackjack_in_the_us"},{"@type":"BreadcrumbList","@id":"https:\/\/www.blackjackinfo.com\/online-blackjack\/is-it-legal-to-play-online-blackjack-in-the-us\/#breadcrumb","itemListElement":[{"@type":"ListItem","position":1,"name":"Home","item":"https:\/\/www.blackjackinfo.com\/"},{"@type":"ListItem","position":2,"name":"Online Blackjack for Real Money","item":"https:\/\/www.blackjackinfo.com\/online-blackjack\/"},{"@type":"ListItem","position":3,"name":"Is it Legal to Play Online Blackjack in the US?"}]},{"@type":"WebSite","@id":"https:\/\/www.blackjackinfo.com\/#website","url":"https:\/\/www.blackjackinfo.com\/","name":"BlackjackInfo.com","description":"Perch\u00e9 vincere \u00e8 pi\u00f9 divertente!","potentialAction":[{"@type":"SearchAction","target":{"@type":"EntryPoint","urlTemplate":"https:\/\/www.blackjackinfo.com\/?s={search_term_string}"},"query-input":{"@type":"PropertyValueSpecification","valueRequired":true,"valueName":"search_term_string"}}],"inLanguage":"it-IT"}]}},"_links":{"self":[{"href":"https:\/\/www.blackjackinfo.com\/it\/wp-json\/wp\/v2\/pages\/1949","targetHints":{"allow":["GET"]}}],"collection":[{"href":"https:\/\/www.blackjackinfo.com\/it\/wp-json\/wp\/v2\/pages"}],"about":[{"href":"https:\/\/www.blackjackinfo.com\/it\/wp-json\/wp\/v2\/types\/page"}],"author":[{"embeddable":true,"href":"https:\/\/www.blackjackinfo.com\/it\/wp-json\/wp\/v2\/users\/4"}],"replies":[{"embeddable":true,"href":"https:\/\/www.blackjackinfo.com\/it\/wp-json\/wp\/v2\/comments?post=1949"}],"version-history":[{"count":57,"href":"https:\/\/www.blackjackinfo.com\/it\/wp-json\/wp\/v2\/pages\/1949\/revisions"}],"predecessor-version":[{"id":9238,"href":"https:\/\/www.blackjackinfo.com\/it\/wp-json\/wp\/v2\/pages\/1949\/revisions\/9238"}],"up":[{"embeddable":true,"href":"https:\/\/www.blackjackinfo.com\/it\/wp-json\/wp\/v2\/pages\/1928"}],"wp:featuredmedia":[{"embeddable":true,"href":"https:\/\/www.blackjackinfo.com\/it\/wp-json\/wp\/v2\/media\/4704"}],"wp:attachment":[{"href":"https:\/\/www.blackjackinfo.com\/it\/wp-json\/wp\/v2\/media?parent=1949"}],"wp:term":[{"taxonomy":"post_tag","embeddable":true,"href":"https:\/\/www.blackjackinfo.com\/it\/wp-json\/wp\/v2\/tags?post=1949"}],"curies":[{"name":"wp","href":"https:\/\/api.w.org\/{rel}","templated":true}]}}