{"id":2028,"date":"2016-10-15T22:56:16","date_gmt":"2016-10-16T03:56:16","guid":{"rendered":"https:\/\/www.blackjackinfo.com\/?page_id=2028"},"modified":"2018-06-22T02:44:38","modified_gmt":"2018-06-22T07:44:38","slug":"i-quattro-migliori-libri-di-blackjack","status":"publish","type":"page","link":"https:\/\/www.blackjackinfo.com\/it\/top-four-blackjack-books\/","title":{"rendered":"I quattro migliori libri sul blackjack"},"content":{"rendered":"<p><span style=\"font-weight: 400;\">Di recente, mi sono recato al campus dell'UNLV in visita al <\/span><a href=\"http:\/\/gaming.unlv.edu\/\"><span style=\"font-weight: 400;\">Centro di ricerca sul gioco<\/span><\/a><span style=\"font-weight: 400;\"> che si trova al terzo piano della Lied Library. Lo faccio di tanto in tanto come punto di riferimento e per rimanere aggiornato sulle tecniche di gioco e sulle intuizioni. Al centro c'\u00e8 una sezione di collezioni speciali in cui risiedono quasi tutti i libri di gioco e gli articoli accademici mai pubblicati sull'argomento.  Si tratta della collezione di libri di gioco pi\u00f9 completa al mondo.  Alcuni dei libri sono testi classici su una variet\u00e0 di giochi di vantaggio e alcuni sono una lettura essenziale per gli aspiranti giocatori professionisti, mentre altri sono pura spazzatura e non valgono la carta su cui sono scritti. \u00a0<\/span><\/p>\n<p><span style=\"font-weight: 400;\">La visita mi ha portato a riflettere su tutti i libri e gli articoli che ho letto sul gioco del vantaggio nel corso degli anni, che sono rispettivamente centinaia e migliaia.  Quattro libri spiccano tra tutti gli altri testi che sono stati scritti sull'argomento. Questo non vuol dire che siano gli unici che vale la pena di leggere: ci sono decine di autori che hanno dato contributi significativi al progresso del settore.  E a questi libri dedicher\u00f2 una menzione d'onore verso la fine del pezzo.  Ma questi quattro, secondo la mia umile ma informata opinione, sono i testi chiave da cui si possono trarre tutte le tecniche di gioco pi\u00f9 essenziali.<\/span><\/p>\n<p><span style=\"font-weight: 400;\">Il primo dei quattro libri non dovrebbe essere una sorpresa per chiunque abbia studiato il gioco d'azzardo, anche ai livelli pi\u00f9 superficiali.  Nel 1962 Ed Thorp pubblic\u00f2 <\/span><i><span style=\"font-weight: 400;\">Battere il banco<\/span><\/i><span style=\"font-weight: 400;\">.  \u00c8 stato il primo testo scientifico sull'argomento che \u00e8 stato ampiamente distribuito tra il pubblico.  L'idea che un gioco da casin\u00f2 fosse battibile era un concetto completamente estraneo al grande pubblico e questo libro port\u00f2 l'ideologia in primo piano per tutti. \u00a0<\/span><\/p>\n<p><span style=\"font-weight: 400;\"><img loading=\"lazy\" decoding=\"async\" class=\"alignright wp-image-2035 size-medium\" src=\"https:\/\/www.blackjackinfo.com\/files\/beat-the-dealer-179x300.jpg\" alt=\"beat-the-dealer\" width=\"179\" height=\"300\" srcset=\"https:\/\/www.blackjackinfo.com\/files\/beat-the-dealer-179x300.jpg 179w, https:\/\/www.blackjackinfo.com\/files\/beat-the-dealer.jpg 502w\" sizes=\"auto, (max-width: 179px) 100vw, 179px\" data-no-auto-translation=\"\" \/>Le idee in <\/span><i><span style=\"font-weight: 400;\">Battere il banco<\/span><\/i><span style=\"font-weight: 400;\"> sono stati sviluppati nel periodo in cui il blackjack a mazzo singolo era il gioco da tavolo dominante a Las Vegas.  L'introduzione del libro di Thorps ha fatto s\u00ec che Las Vegas modificasse le regole del tradizionale gioco del 21, ma le regole originali sono state rapidamente ripristinate poco dopo che il cambiamento delle regole ha fatto praticamente scomparire gli ospiti degli hotel e dei casin\u00f2 di Las Vegas. \u00a0<\/span><\/p>\n<p><span style=\"font-weight: 400;\">Con l'aggiunta di altri mazzi e di modifiche alle regole del gioco tradizionale a mazzo singolo, l'analisi originale di Thorps ha dovuto essere modificata. Sono stati diversi gli autori e i giocatori che hanno tentato di dare un'impronta al lavoro innovativo di Thorps, alcuni rendendogli giustizia mentre altri non hanno raggiunto l'obiettivo.  Henry Tamburin PhD, giocatore professionista e autore di lunga data, nel suo documento online, <\/span><a href=\"https:\/\/www.888casino.com\/blog\/blackjack-strategy-guide\/\"><span style=\"font-weight: 400;\">La guida definitiva al blackjack<\/span><\/a><span style=\"font-weight: 400;\"> pubblicato sul blog 888casino.com, fa un lavoro solido per inserire l'analisi originale di Thorp in un quadro coerente con l'era moderna.  Il professor Thorp pubblicher\u00e0 un nuovo libro a fine gennaio 2017. <\/span><a href=\"http:\/\/www.penguinrandomhouse.com\/books\/178551\/a-man-for-all-markets-by-edward-o-thorp\/9781400067961\/\"><span style=\"font-weight: 400;\">Un uomo per tutti i mercati<\/span><\/a><span style=\"font-weight: 400;\"> \u00e8 una riflessione sulla sua vita, sulla sua influenza su Las Vegas e sui mercati delle azioni e delle opzioni, oltre a offrire consigli sugli affari generali della vita.<\/span><\/p>\n<p><span style=\"font-weight: 400;\"><img loading=\"lazy\" decoding=\"async\" class=\"alignleft size-medium wp-image-2040\" src=\"\/files\/the-theory-of-blackjack-book-194x300.jpg\" alt=\"the-theory-of-blackjack-book\" width=\"194\" height=\"300\" srcset=\"https:\/\/www.blackjackinfo.com\/files\/the-theory-of-blackjack-book-194x300.jpg 194w, https:\/\/www.blackjackinfo.com\/files\/the-theory-of-blackjack-book.jpg 323w\" sizes=\"auto, (max-width: 194px) 100vw, 194px\" data-no-auto-translation=\"\" \/>Il secondo dei quattro libri che ritengo essenziali per il progresso del gioco del blackjack con vantaggio \u00e8 <\/span><a href=\"https:\/\/www.amazon.com\/Theory-Blackjack-Compleat-Counters-Indexed\/dp\/0929712137\"><span style=\"font-weight: 400;\">Peter Griffins: La teoria del Blackjack<\/span><\/a><span style=\"font-weight: 400;\">. Questo libro analizza ogni aspetto del blackjack con un approccio matematico rigoroso.  L'intero libro si legge come un testo di matematica di alto livello.  In sostanza, si tratta di una prova dopo l'altra, utilizzando il calcolo a pi\u00f9 variabili sia negli aspetti integrali che in quelli derivati.  Un profano che lo sfogliasse casualmente sarebbe probabilmente scoraggiato da pagine e pagine di equazioni e lo scarterebbe rapidamente perch\u00e9 non ne vale la pena.  Ma come per la maggior parte delle cose nei giochi da casin\u00f2, \u00e8 vero il contrario.<\/span><\/p>\n<p><span style=\"font-weight: 400;\">Gli approcci di Griffin hanno delineato le prove fondamentali che gli aspiranti teorici del gioco dovrebbero applicare alla loro analisi di qualsiasi gioco che stanno cercando di risolvere.  In poche parole, La teoria del blackjack era un progetto da seguire per i futuri giocatori di vantaggio nel determinare le domande da porre quando sviluppano nuove strategie.  Fornisce inoltre indicazioni generali per gli aspiranti risolutori di problemi.<\/span><\/p>\n<p><span style=\"font-weight: 400;\">Il libro Million Dollar Blackjack di Ken Uston \u00e8 il terzo libro del quartetto di letture obbligatorie. \u00a0<\/span><a href=\"http:\/\/www.uston.com\/\"><span style=\"font-weight: 400;\">Ken Uston<\/span><\/a><span style=\"font-weight: 400;\"> anche dopo la sua morte rimane uno dei pi\u00f9 <img loading=\"lazy\" decoding=\"async\" class=\"alignright size-medium wp-image-2042\" src=\"\/files\/million-dollar-blackjack-194x300.jpg\" alt=\"million-dollar-blackjack\" width=\"194\" height=\"300\" srcset=\"https:\/\/www.blackjackinfo.com\/files\/million-dollar-blackjack-194x300.jpg 194w, https:\/\/www.blackjackinfo.com\/files\/million-dollar-blackjack.jpg 307w\" sizes=\"auto, (max-width: 194px) 100vw, 194px\" data-no-auto-translation=\"\" \/>giocatori controversi nella storia del gioco.  L'MDB \u00e8 un libro sorprendente e l'aver scomposto idee complesse in forma semplice e comprensibile rimane il pi\u00f9 grande risultato di Uston. Il libro introduce una serie di nuovi concetti, come l'introduzione di un sistema di conteggio a pi\u00f9 livelli e il conteggio degli assi laterali.  Le curve di distribuzione gaussiana sulla frequenza dei colpi della percentuale di vincita pi\u00f9 frequente e l'analisi comparativa tra i sistemi di conteggio a pi\u00f9 livelli e quelli a livello singolo sono tra le nuove idee introdotte da Uston nel MDB.  Ho trovato qualcosa di nuovo nel libro ogni volta che l'ho letto.<\/span><\/p>\n<p><span style=\"font-weight: 400;\">Beyond Counting Exhibit CAA \u00e8 probabilmente il testo pi\u00f9 avanzato mai scritto sul Blackjack e sugli altri aspetti del gioco da casin\u00f2.  \u00c8 anche uno dei pi\u00f9 rari.  Ne sono state stampate solo 1000 copie e per acquistarlo bisognava essere controllati dall'autore e approvati.  Il prezzo originale era di $250, ma quando una copia del libro viene messa in vendita su Ebay, il prezzo si avvicina a $4000. Il libro di 700 pagine si legge come un libro di testo di matematica in alcuni punti e come un commento sarcastico in altri.  Valuta giochi come il poker a 3 carte, il Caribbean Stud e discute persino gli approcci alla grande ruota da sei e alla roulette. Ammetto umilmente di non aver afferrato tutti i concetti alla prima lettura.   La maggior parte dei giocatori, me compreso, applica solo uno o due capitoli alla volta.  Questo porta a profitti pi\u00f9 che sufficienti per chi si dedica al gioco.<\/span><\/p>\n<p><a href=\"http:\/\/www.gamblingwithanedge.com\/about-james-grosjean\"><span style=\"font-weight: 400;\">James Grosjean<\/span><\/a><span style=\"font-weight: 400;\"> autore di Beyond Counting Exhibit CAA, \u00e8 considerato da tutti gli AP il migliore nel settore quando l'abilit\u00e0 \u00e8 misurata da dedizione, desiderio e capacit\u00e0 analitica.  La Grosjean Cup, che rappresenta il titolo di miglior blackjack del mondo, viene assegnata ogni anno in occasione dell'annuale Blackjack Ball.  \u00c8 stata intitolata a James dopo che, 7 anni fa, gli \u00e8 stato vietato di partecipare alle competizioni, perch\u00e9 nel decennio precedente si era classificato primo o secondo ogni anno. <\/span><\/p>\n<p><span style=\"font-weight: 400;\">Secondo la mia esperienza, questi quattro libri costituiscono le opere pi\u00f9 importanti del gioco di vantaggio fino ad oggi.  Ci sono altri autori che hanno dato un contributo notevole al progresso del gioco d'azzardo.  Professional Blackjack di Stanford Wong e Playing Blackjack as a Business sono due testi classici.  Qualsiasi testo di Arnold Snyder \u00e8 un buon punto di partenza per la maggior parte dei giocatori alle prime armi.  Infine, Turning the Tables on Las Vegas di Ian Anderson \u00e8 un'ottima lettura con altrettanto ottime intuizioni.<\/span><\/p>\n<p><span style=\"font-weight: 400;\">Andate avanti e conquistate. <\/span><\/p>\n<p><i><span style=\"font-weight: 400;\">Nicholas \u00e8 l'amministratore delegato di <\/span><\/i><a href=\"http:\/\/www.aleaconsultinggroup.com\/\"><i><span style=\"font-weight: 400;\">Gruppo Alea Consulting<\/span><\/i><\/a><i><span style=\"font-weight: 400;\">\u00e8 una societ\u00e0 di consulenza sui giochi da casin\u00f2 con una filosofia incentrata sul giocatore.  Il suo staff \u00e8 composto da giocatori di livello mondiale, autori di giochi, matematici, esperti di diritto e una serie di professionisti del settore.<\/span><\/i><span style=\"font-weight: 400;\">.<\/span><\/p>\n<p><i><span style=\"font-weight: 400;\">Segui Nicholas e Alea su twitter <\/span><\/i><a href=\"https:\/\/twitter.com\/byth3numb3rs\"><i><span style=\"font-weight: 400;\">@byth3numb3rs<\/span><\/i><\/a><span style=\"font-weight: 400;\">.<\/span><\/p>\n<p>&nbsp;<\/p>","protected":false},"excerpt":{"rendered":"<p>Recently, I was at the UNLV campus visiting the Gaming Research Center that is on the third floor of the Lied Library. I do this from time to time as a point of review, and to stay sharp on advantage play techniques and insights. There is a special collections section at the center where almost [&hellip;]<\/p>\n","protected":false},"author":3,"featured_media":0,"parent":0,"menu_order":0,"comment_status":"closed","ping_status":"closed","template":"","meta":{"_acf_changed":false,"footnotes":""},"tags":[],"class_list":["post-2028","page","type-page","status-publish","hentry"],"acf":[],"yoast_head":"<!-- This site is optimized with the Yoast SEO plugin v26.6 - https:\/\/yoast.com\/wordpress\/plugins\/seo\/ -->\n<title>The Top Four Blackjack Books<\/title>\n<meta name=\"description\" content=\"Recently, I was at the UNLV campus visiting the Gaming Research Center that is on the third floor of the Lied Library. I do this from time to time as a\" \/>\n<meta name=\"robots\" content=\"index, follow, max-snippet:-1, max-image-preview:large, max-video-preview:-1\" \/>\n<link rel=\"canonical\" href=\"https:\/\/www.blackjackinfo.com\/it\/i-quattro-migliori-libri-di-blackjack\/\" \/>\n<meta property=\"og:locale\" content=\"it_IT\" \/>\n<meta property=\"og:type\" content=\"article\" \/>\n<meta property=\"og:title\" content=\"The Top Four Blackjack Books\" \/>\n<meta property=\"og:description\" content=\"Recently, I was at the UNLV campus visiting the Gaming Research Center that is on the third floor of the Lied Library. I do this from time to time as a\" \/>\n<meta property=\"og:url\" content=\"https:\/\/www.blackjackinfo.com\/it\/i-quattro-migliori-libri-di-blackjack\/\" \/>\n<meta property=\"og:site_name\" content=\"BlackjackInfo.com\" \/>\n<meta property=\"article:modified_time\" content=\"2018-06-22T07:44:38+00:00\" \/>\n<meta property=\"og:image\" content=\"https:\/\/www.blackjackinfo.com\/files\/beat-the-dealer-179x300.jpg\" \/>\n<meta name=\"twitter:label1\" content=\"Tempo di lettura stimato\" \/>\n\t<meta name=\"twitter:data1\" content=\"6 minuti\" \/>\n<script type=\"application\/ld+json\" class=\"yoast-schema-graph\">{\"@context\":\"https:\/\/schema.org\",\"@graph\":[{\"@type\":\"WebPage\",\"@id\":\"https:\/\/www.blackjackinfo.com\/top-four-blackjack-books\/\",\"url\":\"https:\/\/www.blackjackinfo.com\/top-four-blackjack-books\/\",\"name\":\"The Top Four Blackjack Books\",\"isPartOf\":{\"@id\":\"https:\/\/www.blackjackinfo.com\/#website\"},\"primaryImageOfPage\":{\"@id\":\"https:\/\/www.blackjackinfo.com\/top-four-blackjack-books\/#primaryimage\"},\"image\":{\"@id\":\"https:\/\/www.blackjackinfo.com\/top-four-blackjack-books\/#primaryimage\"},\"thumbnailUrl\":\"https:\/\/www.blackjackinfo.com\/files\/beat-the-dealer-179x300.jpg\",\"datePublished\":\"2016-10-16T03:56:16+00:00\",\"dateModified\":\"2018-06-22T07:44:38+00:00\",\"description\":\"Recently, I was at the UNLV campus visiting the Gaming Research Center that is on the third floor of the Lied Library. I do this from time to time as a\",\"breadcrumb\":{\"@id\":\"https:\/\/www.blackjackinfo.com\/top-four-blackjack-books\/#breadcrumb\"},\"inLanguage\":\"it-IT\",\"potentialAction\":[{\"@type\":\"ReadAction\",\"target\":[\"https:\/\/www.blackjackinfo.com\/top-four-blackjack-books\/\"]}]},{\"@type\":\"ImageObject\",\"inLanguage\":\"it-IT\",\"@id\":\"https:\/\/www.blackjackinfo.com\/top-four-blackjack-books\/#primaryimage\",\"url\":\"https:\/\/www.blackjackinfo.com\/files\/beat-the-dealer-179x300.jpg\",\"contentUrl\":\"https:\/\/www.blackjackinfo.com\/files\/beat-the-dealer-179x300.jpg\"},{\"@type\":\"BreadcrumbList\",\"@id\":\"https:\/\/www.blackjackinfo.com\/top-four-blackjack-books\/#breadcrumb\",\"itemListElement\":[{\"@type\":\"ListItem\",\"position\":1,\"name\":\"Home\",\"item\":\"https:\/\/www.blackjackinfo.com\/\"},{\"@type\":\"ListItem\",\"position\":2,\"name\":\"The Top Four Blackjack Books\"}]},{\"@type\":\"WebSite\",\"@id\":\"https:\/\/www.blackjackinfo.com\/#website\",\"url\":\"https:\/\/www.blackjackinfo.com\/\",\"name\":\"BlackjackInfo.com\",\"description\":\"Because Winning is More Fun!\",\"potentialAction\":[{\"@type\":\"SearchAction\",\"target\":{\"@type\":\"EntryPoint\",\"urlTemplate\":\"https:\/\/www.blackjackinfo.com\/?s={search_term_string}\"},\"query-input\":{\"@type\":\"PropertyValueSpecification\",\"valueRequired\":true,\"valueName\":\"search_term_string\"}}],\"inLanguage\":\"it-IT\"}]}<\/script>\n<!-- \/ Yoast SEO plugin. -->","yoast_head_json":{"title":"I quattro migliori libri sul blackjack","description":"Di recente mi sono recato al campus dell'UNLV per visitare il Gaming Research Center che si trova al terzo piano della Lied Library. Lo faccio di tanto in tanto come","robots":{"index":"index","follow":"follow","max-snippet":"max-snippet:-1","max-image-preview":"max-image-preview:large","max-video-preview":"max-video-preview:-1"},"canonical":"https:\/\/www.blackjackinfo.com\/it\/i-quattro-migliori-libri-di-blackjack\/","og_locale":"it_IT","og_type":"article","og_title":"The Top Four Blackjack Books","og_description":"Recently, I was at the UNLV campus visiting the Gaming Research Center that is on the third floor of the Lied Library. I do this from time to time as a","og_url":"https:\/\/www.blackjackinfo.com\/it\/i-quattro-migliori-libri-di-blackjack\/","og_site_name":"BlackjackInfo.com","article_modified_time":"2018-06-22T07:44:38+00:00","og_image":[{"url":"https:\/\/www.blackjackinfo.com\/files\/beat-the-dealer-179x300.jpg","type":"","width":"","height":""}],"twitter_misc":{"Tempo di lettura stimato":"6 minuti"},"schema":{"@context":"https:\/\/schema.org","@graph":[{"@type":"WebPage","@id":"https:\/\/www.blackjackinfo.com\/top-four-blackjack-books\/","url":"https:\/\/www.blackjackinfo.com\/top-four-blackjack-books\/","name":"I quattro migliori libri sul blackjack","isPartOf":{"@id":"https:\/\/www.blackjackinfo.com\/#website"},"primaryImageOfPage":{"@id":"https:\/\/www.blackjackinfo.com\/top-four-blackjack-books\/#primaryimage"},"image":{"@id":"https:\/\/www.blackjackinfo.com\/top-four-blackjack-books\/#primaryimage"},"thumbnailUrl":"https:\/\/www.blackjackinfo.com\/files\/beat-the-dealer-179x300.jpg","datePublished":"2016-10-16T03:56:16+00:00","dateModified":"2018-06-22T07:44:38+00:00","description":"Di recente mi sono recato al campus dell'UNLV per visitare il Gaming Research Center che si trova al terzo piano della Lied Library. Lo faccio di tanto in tanto come","breadcrumb":{"@id":"https:\/\/www.blackjackinfo.com\/top-four-blackjack-books\/#breadcrumb"},"inLanguage":"it-IT","potentialAction":[{"@type":"ReadAction","target":["https:\/\/www.blackjackinfo.com\/top-four-blackjack-books\/"]}]},{"@type":"ImageObject","inLanguage":"it-IT","@id":"https:\/\/www.blackjackinfo.com\/top-four-blackjack-books\/#primaryimage","url":"https:\/\/www.blackjackinfo.com\/files\/beat-the-dealer-179x300.jpg","contentUrl":"https:\/\/www.blackjackinfo.com\/files\/beat-the-dealer-179x300.jpg"},{"@type":"BreadcrumbList","@id":"https:\/\/www.blackjackinfo.com\/top-four-blackjack-books\/#breadcrumb","itemListElement":[{"@type":"ListItem","position":1,"name":"Home","item":"https:\/\/www.blackjackinfo.com\/"},{"@type":"ListItem","position":2,"name":"The Top Four Blackjack Books"}]},{"@type":"WebSite","@id":"https:\/\/www.blackjackinfo.com\/#website","url":"https:\/\/www.blackjackinfo.com\/","name":"BlackjackInfo.com","description":"Perch\u00e9 vincere \u00e8 pi\u00f9 divertente!","potentialAction":[{"@type":"SearchAction","target":{"@type":"EntryPoint","urlTemplate":"https:\/\/www.blackjackinfo.com\/?s={search_term_string}"},"query-input":{"@type":"PropertyValueSpecification","valueRequired":true,"valueName":"search_term_string"}}],"inLanguage":"it-IT"}]}},"_links":{"self":[{"href":"https:\/\/www.blackjackinfo.com\/it\/wp-json\/wp\/v2\/pages\/2028","targetHints":{"allow":["GET"]}}],"collection":[{"href":"https:\/\/www.blackjackinfo.com\/it\/wp-json\/wp\/v2\/pages"}],"about":[{"href":"https:\/\/www.blackjackinfo.com\/it\/wp-json\/wp\/v2\/types\/page"}],"author":[{"embeddable":true,"href":"https:\/\/www.blackjackinfo.com\/it\/wp-json\/wp\/v2\/users\/3"}],"replies":[{"embeddable":true,"href":"https:\/\/www.blackjackinfo.com\/it\/wp-json\/wp\/v2\/comments?post=2028"}],"version-history":[{"count":9,"href":"https:\/\/www.blackjackinfo.com\/it\/wp-json\/wp\/v2\/pages\/2028\/revisions"}],"predecessor-version":[{"id":2043,"href":"https:\/\/www.blackjackinfo.com\/it\/wp-json\/wp\/v2\/pages\/2028\/revisions\/2043"}],"wp:attachment":[{"href":"https:\/\/www.blackjackinfo.com\/it\/wp-json\/wp\/v2\/media?parent=2028"}],"wp:term":[{"taxonomy":"post_tag","embeddable":true,"href":"https:\/\/www.blackjackinfo.com\/it\/wp-json\/wp\/v2\/tags?post=2028"}],"curies":[{"name":"wp","href":"https:\/\/api.w.org\/{rel}","templated":true}]}}