{"id":2044,"date":"2016-10-17T00:48:23","date_gmt":"2016-10-17T05:48:23","guid":{"rendered":"https:\/\/www.blackjackinfo.com\/?page_id=2044"},"modified":"2018-06-22T02:40:22","modified_gmt":"2018-06-22T07:40:22","slug":"varianti-del-blackjack-online","status":"publish","type":"page","link":"https:\/\/www.blackjackinfo.com\/it\/online-blackjack\/online-blackjack-variations\/","title":{"rendered":"Varianti del blackjack online"},"content":{"rendered":"<p>Proprio come il Blackjack nei casin\u00f2 dal vivo, il Blackjack online pu\u00f2 assumere molte forme diverse a seconda di una serie di fattori, come le regole di un particolare gioco di Blackjack e il fatto che il gioco in questione sia o meno una variante del Blackjack.  \u00c8 estremamente importante che un giocatore si renda conto che le regole di un gioco di Blackjack non hanno solo un effetto soggettivo su quanto sia divertente il gioco, ma hanno anche un effetto sul margine della casa del gioco, che si ripercuote sul vostro portafoglio, se decidete di giocare.<br \/>\n<img loading=\"lazy\" decoding=\"async\" class=\"size-full wp-image-2077 alignright\" src=\"\/files\/online_blackjack_variations.jpg\" alt=\"online_blackjack_variations\" width=\"350\" height=\"250\" srcset=\"https:\/\/www.blackjackinfo.com\/files\/online_blackjack_variations.jpg 350w, https:\/\/www.blackjackinfo.com\/files\/online_blackjack_variations-300x214.jpg 300w\" sizes=\"auto, (max-width: 350px) 100vw, 350px\" data-no-auto-translation=\"\" \/><br \/>\nDaremo un'occhiata alle diverse variet\u00e0 di set di regole disponibili per il blackjack online ed esploreremo gli effetti che alcune modifiche alle regole possono avere sul margine della casa.  Inoltre, daremo un'occhiata ad alcune varianti del blackjack (giochi che, in misura diversa, si basano sul gioco del blackjack) disponibili online ed esamineremo i margini della casa di tali giochi. <\/p>\n<p>Per quanto riguarda il Blackjack e i giochi basati sul Blackjack, ancora una volta, il margine della casa di un particolare gioco di Blackjack (o di una sua variante) dipende dalle regole.  Tuttavia, vorremmo suggerire che qualsiasi gioco di Blackjack online con un margine della casa superiore a .4% (che corrisponde a un ritorno al giocatore inferiore a 99,6%) \u00e8 probabilmente un gioco piuttosto scadente (a meno che non ci sia una promozione fantastica) e probabilmente si pu\u00f2 trovare di meglio altrove.  Fortunatamente, la maggior parte dei giochi di Blackjack disponibili online sono migliori di questo, quindi avremo l'opportunit\u00e0 di esaminarne alcuni. <\/p>\n<h2><a href=\"https:\/\/www.blackjackinfo.com\/online-blackjack\/online-blackjack-variations\/online-blackjack-rule-differences\/\">Parte 1 Comprendere gli effetti delle norme<\/a><\/h2>\n<p>Dividere, raddoppiare, dividere nuovamente gli assi, i blackjack, raddoppiare, raddoppiare dopo il dividere, arrendersi, numero di mazzi, soft 17<\/p>\n<h2>Parte 2 Variazioni del blackjack<\/h2>\n<ul><li><a href='https:\/\/www.blackjackinfo.com\/it\/blackjack_variation\/sonya-blackjack\/'>Sonya Blackjack<\/a><\/li><li><a href='https:\/\/www.blackjackinfo.com\/it\/blackjack_variation\/dr-fortuno-blackjack\/'>Dr Fortuno Blackjack<\/a><\/li><li><a href='https:\/\/www.blackjackinfo.com\/it\/blackjack_variation\/blackjack-multi-hand\/'>Blackjack a pi\u00f9 mani<\/a><\/li><li><a href='https:\/\/www.blackjackinfo.com\/it\/blackjack_variation\/blackjack-atlantic-city-gold\/'>Blackjack Atlantic City Oro<\/a><\/li><li><a href='https:\/\/www.blackjackinfo.com\/it\/blackjack_variation\/blackjack-atlantic-city\/'>Blackjack Atlantic City<\/a><\/li><li><a href='https:\/\/www.blackjackinfo.com\/it\/blackjack_variation\/21-burn\/'>21 Bruciatura<\/a><\/li><li><a href='https:\/\/www.blackjackinfo.com\/it\/blackjack_variation\/pirate-21\/'>Pirata 21<\/a><\/li><li><a href='https:\/\/www.blackjackinfo.com\/it\/blackjack_variation\/mutli-hand-blackjack\/'>Blackjack a due mani<\/a><\/li><li><a href='https:\/\/www.blackjackinfo.com\/it\/blackjack_variation\/european-blackjack-redeal\/'>Il blackjack europeo \u00e8 un gioco da ragazzi<\/a><\/li><li><a href='https:\/\/www.blackjackinfo.com\/it\/blackjack_variation\/double-attack-blackjack\/'>Attacco doppio del blackjack<\/a><\/li><li><a href='https:\/\/www.blackjackinfo.com\/it\/blackjack_variation\/spanish-21\/'>Spagnolo 21<\/a><\/li><li><a href='https:\/\/www.blackjackinfo.com\/it\/blackjack_variation\/power-blackjack\/'>Blackjack di potenza<\/a><\/li><li><a href='https:\/\/www.blackjackinfo.com\/it\/blackjack_variation\/lucky-blackjack\/'>Blackjack fortunato<\/a><\/li><li><a href='https:\/\/www.blackjackinfo.com\/it\/blackjack_variation\/blackjack-switch\/'>Interruttore del blackjack<\/a><\/li><li><a href='https:\/\/www.blackjackinfo.com\/it\/blackjack_variation\/suit-em-up-blackjack\/'>Il Blackjack Suit 'Em Up<\/a><\/li><li><a href='https:\/\/www.blackjackinfo.com\/it\/blackjack_variation\/zappit-blackjack\/'>Blackjack Zappit<\/a><\/li><li><a href='https:\/\/www.blackjackinfo.com\/it\/blackjack_variation\/european-blackjack\/'>Blackjack europeo<\/a><\/li><li><a href='https:\/\/www.blackjackinfo.com\/it\/blackjack_variation\/double-deck-blackjack\/'>Blackjack a doppio mazzo<\/a><\/li><li><a href='https:\/\/www.blackjackinfo.com\/it\/blackjack_variation\/single-deck-blackjack\/'>Blackjack a mazzo singolo<\/a><\/li><li><a href='https:\/\/www.blackjackinfo.com\/it\/blackjack_variation\/super-21\/'>Super 21<\/a><\/li><li><a href='https:\/\/www.blackjackinfo.com\/it\/blackjack_variation\/pontoon\/'>Pontile<\/a><\/li><li><a href='https:\/\/www.blackjackinfo.com\/it\/blackjack_variation\/perfect-pairs-blackjack\/'>Blackjack a coppie perfette<\/a><\/li><li><a href='https:\/\/www.blackjackinfo.com\/it\/blackjack_variation\/match-play-21\/'>Match Play 21<\/a><\/li><li><a href='https:\/\/www.blackjackinfo.com\/it\/blackjack_variation\/blackjack\/'>Blackjack<\/a><\/li><\/ul>","protected":false},"excerpt":{"rendered":"<p>Much like Blackjack in live casinos, online Blackjack can take many different forms depending on a number of factors such as the Rules of a particular Blackjack game, as well as whether or not the game in question is a Blackjack variant. \u00a0It is extremely essential for a player to realize that the Rules of [&hellip;]<\/p>\n","protected":false},"author":3,"featured_media":0,"parent":1928,"menu_order":0,"comment_status":"closed","ping_status":"closed","template":"","meta":{"_acf_changed":false,"footnotes":""},"tags":[],"class_list":["post-2044","page","type-page","status-publish","hentry"],"acf":[],"yoast_head":"<!-- This site is optimized with the Yoast SEO plugin v26.6 - https:\/\/yoast.com\/wordpress\/plugins\/seo\/ -->\n<title>Online Blackjack Variations<\/title>\n<meta name=\"description\" content=\"Much like Blackjack in live casinos, online Blackjack can take many different forms depending on a number of factors such as the Rules of a particular\" \/>\n<meta name=\"robots\" content=\"index, follow, max-snippet:-1, max-image-preview:large, max-video-preview:-1\" \/>\n<link rel=\"canonical\" href=\"https:\/\/www.blackjackinfo.com\/it\/blackjack-online-2\/varianti-del-blackjack-online\/\" \/>\n<meta property=\"og:locale\" content=\"it_IT\" \/>\n<meta property=\"og:type\" content=\"article\" \/>\n<meta property=\"og:title\" content=\"Online Blackjack Variations\" \/>\n<meta property=\"og:description\" content=\"Much like Blackjack in live casinos, online Blackjack can take many different forms depending on a number of factors such as the Rules of a particular\" \/>\n<meta property=\"og:url\" content=\"https:\/\/www.blackjackinfo.com\/it\/blackjack-online-2\/varianti-del-blackjack-online\/\" \/>\n<meta property=\"og:site_name\" content=\"BlackjackInfo.com\" \/>\n<meta property=\"article:modified_time\" content=\"2018-06-22T07:40:22+00:00\" \/>\n<meta name=\"twitter:label1\" content=\"Tempo di lettura stimato\" \/>\n\t<meta name=\"twitter:data1\" content=\"1 minuto\" \/>\n<script type=\"application\/ld+json\" class=\"yoast-schema-graph\">{\"@context\":\"https:\/\/schema.org\",\"@graph\":[{\"@type\":\"WebPage\",\"@id\":\"https:\/\/www.blackjackinfo.com\/online-blackjack\/online-blackjack-variations\/\",\"url\":\"https:\/\/www.blackjackinfo.com\/online-blackjack\/online-blackjack-variations\/\",\"name\":\"Online Blackjack Variations\",\"isPartOf\":{\"@id\":\"https:\/\/www.blackjackinfo.com\/#website\"},\"datePublished\":\"2016-10-17T05:48:23+00:00\",\"dateModified\":\"2018-06-22T07:40:22+00:00\",\"description\":\"Much like Blackjack in live casinos, online Blackjack can take many different forms depending on a number of factors such as the Rules of a particular\",\"breadcrumb\":{\"@id\":\"https:\/\/www.blackjackinfo.com\/online-blackjack\/online-blackjack-variations\/#breadcrumb\"},\"inLanguage\":\"it-IT\",\"potentialAction\":[{\"@type\":\"ReadAction\",\"target\":[\"https:\/\/www.blackjackinfo.com\/online-blackjack\/online-blackjack-variations\/\"]}]},{\"@type\":\"BreadcrumbList\",\"@id\":\"https:\/\/www.blackjackinfo.com\/online-blackjack\/online-blackjack-variations\/#breadcrumb\",\"itemListElement\":[{\"@type\":\"ListItem\",\"position\":1,\"name\":\"Home\",\"item\":\"https:\/\/www.blackjackinfo.com\/\"},{\"@type\":\"ListItem\",\"position\":2,\"name\":\"Online Blackjack for Real Money\",\"item\":\"https:\/\/www.blackjackinfo.com\/online-blackjack\/\"},{\"@type\":\"ListItem\",\"position\":3,\"name\":\"Online Blackjack Variations\"}]},{\"@type\":\"WebSite\",\"@id\":\"https:\/\/www.blackjackinfo.com\/#website\",\"url\":\"https:\/\/www.blackjackinfo.com\/\",\"name\":\"BlackjackInfo.com\",\"description\":\"Because Winning is More Fun!\",\"potentialAction\":[{\"@type\":\"SearchAction\",\"target\":{\"@type\":\"EntryPoint\",\"urlTemplate\":\"https:\/\/www.blackjackinfo.com\/?s={search_term_string}\"},\"query-input\":{\"@type\":\"PropertyValueSpecification\",\"valueRequired\":true,\"valueName\":\"search_term_string\"}}],\"inLanguage\":\"it-IT\"}]}<\/script>\n<!-- \/ Yoast SEO plugin. -->","yoast_head_json":{"title":"Varianti del blackjack online","description":"Proprio come il Blackjack nei casin\u00f2 dal vivo, il Blackjack online pu\u00f2 assumere molte forme diverse a seconda di una serie di fattori, come le regole di un particolare casin\u00f2.","robots":{"index":"index","follow":"follow","max-snippet":"max-snippet:-1","max-image-preview":"max-image-preview:large","max-video-preview":"max-video-preview:-1"},"canonical":"https:\/\/www.blackjackinfo.com\/it\/blackjack-online-2\/varianti-del-blackjack-online\/","og_locale":"it_IT","og_type":"article","og_title":"Online Blackjack Variations","og_description":"Much like Blackjack in live casinos, online Blackjack can take many different forms depending on a number of factors such as the Rules of a particular","og_url":"https:\/\/www.blackjackinfo.com\/it\/blackjack-online-2\/varianti-del-blackjack-online\/","og_site_name":"BlackjackInfo.com","article_modified_time":"2018-06-22T07:40:22+00:00","twitter_misc":{"Tempo di lettura stimato":"1 minuto"},"schema":{"@context":"https:\/\/schema.org","@graph":[{"@type":"WebPage","@id":"https:\/\/www.blackjackinfo.com\/online-blackjack\/online-blackjack-variations\/","url":"https:\/\/www.blackjackinfo.com\/online-blackjack\/online-blackjack-variations\/","name":"Varianti del blackjack online","isPartOf":{"@id":"https:\/\/www.blackjackinfo.com\/#website"},"datePublished":"2016-10-17T05:48:23+00:00","dateModified":"2018-06-22T07:40:22+00:00","description":"Proprio come il Blackjack nei casin\u00f2 dal vivo, il Blackjack online pu\u00f2 assumere molte forme diverse a seconda di una serie di fattori, come le regole di un particolare casin\u00f2.","breadcrumb":{"@id":"https:\/\/www.blackjackinfo.com\/online-blackjack\/online-blackjack-variations\/#breadcrumb"},"inLanguage":"it-IT","potentialAction":[{"@type":"ReadAction","target":["https:\/\/www.blackjackinfo.com\/online-blackjack\/online-blackjack-variations\/"]}]},{"@type":"BreadcrumbList","@id":"https:\/\/www.blackjackinfo.com\/online-blackjack\/online-blackjack-variations\/#breadcrumb","itemListElement":[{"@type":"ListItem","position":1,"name":"Home","item":"https:\/\/www.blackjackinfo.com\/"},{"@type":"ListItem","position":2,"name":"Online Blackjack for Real Money","item":"https:\/\/www.blackjackinfo.com\/online-blackjack\/"},{"@type":"ListItem","position":3,"name":"Online Blackjack Variations"}]},{"@type":"WebSite","@id":"https:\/\/www.blackjackinfo.com\/#website","url":"https:\/\/www.blackjackinfo.com\/","name":"BlackjackInfo.com","description":"Perch\u00e9 vincere \u00e8 pi\u00f9 divertente!","potentialAction":[{"@type":"SearchAction","target":{"@type":"EntryPoint","urlTemplate":"https:\/\/www.blackjackinfo.com\/?s={search_term_string}"},"query-input":{"@type":"PropertyValueSpecification","valueRequired":true,"valueName":"search_term_string"}}],"inLanguage":"it-IT"}]}},"_links":{"self":[{"href":"https:\/\/www.blackjackinfo.com\/it\/wp-json\/wp\/v2\/pages\/2044","targetHints":{"allow":["GET"]}}],"collection":[{"href":"https:\/\/www.blackjackinfo.com\/it\/wp-json\/wp\/v2\/pages"}],"about":[{"href":"https:\/\/www.blackjackinfo.com\/it\/wp-json\/wp\/v2\/types\/page"}],"author":[{"embeddable":true,"href":"https:\/\/www.blackjackinfo.com\/it\/wp-json\/wp\/v2\/users\/3"}],"replies":[{"embeddable":true,"href":"https:\/\/www.blackjackinfo.com\/it\/wp-json\/wp\/v2\/comments?post=2044"}],"version-history":[{"count":9,"href":"https:\/\/www.blackjackinfo.com\/it\/wp-json\/wp\/v2\/pages\/2044\/revisions"}],"predecessor-version":[{"id":2520,"href":"https:\/\/www.blackjackinfo.com\/it\/wp-json\/wp\/v2\/pages\/2044\/revisions\/2520"}],"up":[{"embeddable":true,"href":"https:\/\/www.blackjackinfo.com\/it\/wp-json\/wp\/v2\/pages\/1928"}],"wp:attachment":[{"href":"https:\/\/www.blackjackinfo.com\/it\/wp-json\/wp\/v2\/media?parent=2044"}],"wp:term":[{"taxonomy":"post_tag","embeddable":true,"href":"https:\/\/www.blackjackinfo.com\/it\/wp-json\/wp\/v2\/tags?post=2044"}],"curies":[{"name":"wp","href":"https:\/\/api.w.org\/{rel}","templated":true}]}}