{"id":2060,"date":"2016-10-18T03:47:01","date_gmt":"2016-10-18T08:47:01","guid":{"rendered":"https:\/\/www.blackjackinfo.com\/?page_id=2060"},"modified":"2025-09-07T11:05:34","modified_gmt":"2025-09-07T16:05:34","slug":"blackjack-fortunato","status":"publish","type":"page","link":"https:\/\/www.blackjackinfo.com\/it\/online-blackjack\/online-blackjack-variations\/lucky-blackjack\/","title":{"rendered":"Blackjack fortunato"},"content":{"rendered":"<p>Il Lucky Blackjack \u00e8 quasi pi\u00f9 una scommessa secondaria che una variante del Blackjack. In effetti, si tratta di una variante del Blackjack che non richiede alcuna strategia, perch\u00e9 il giocatore non prende letteralmente alcuna decisione.<img loading=\"lazy\" decoding=\"async\" class=\"alignright size-full wp-image-2084\" src=\"\/files\/lucky_blackjack.jpg\" alt=\"lucky_blackjack\" width=\"350\" height=\"250\" srcset=\"https:\/\/www.blackjackinfo.com\/files\/lucky_blackjack.jpg 350w, https:\/\/www.blackjackinfo.com\/files\/lucky_blackjack-300x214.jpg 300w\" sizes=\"auto, (max-width: 350px) 100vw, 350px\" data-no-auto-translation=\"\" \/><\/p>\n<p>Il modo in cui funziona il gioco \u00e8 che il giocatore pu\u00f2 scommettere su qualsiasi totale da 17 a 21; in alternativa, il giocatore pu\u00f2 anche scommettere sull'uscita di un Blackjack naturale o su un bust. Le regole sono estremamente semplici: le carte escono finch\u00e9 il totale non \u00e8 maggiore o uguale a diciassette, o altrimenti il totale \u00e8 ventidue (o pi\u00f9), il che costituisce un bust. Se il totale \u00e8 pari o inferiore a sedici, verranno estratte altre carte finch\u00e9 il totale non avr\u00e0 raggiunto almeno diciassette,<\/p>\n<p>Naturalmente, il giocatore deve piazzare la sua scommessa prima che siano uscite le carte, quindi la scommessa non si basa su alcuna informazione. Il giocatore pu\u00f2 scommettere su un totale finale della mano di 17, 18, 19, 20, 21, su un Blackjack naturale o su un Bust, con pagamenti diversi a seconda di ci\u00f2 che il giocatore ha scommesso. Inoltre, il giocatore pu\u00f2 scegliere di scommettere su pi\u00f9 risultati della stessa mano.<\/p>\n<p>Lo scenario migliore per il giocatore che gioca a questo gioco privo di abilit\u00e0, pura fortuna e assolutamente privo di capacit\u00e0 decisionale \u00e8 un <strong>margine della casa di 3,36%<\/strong>Il risultato \u00e8 che si pu\u00f2 affermare che questo non \u00e8 un gioco di Blackjack, in quanto il Blackjack non avrebbe un margine della casa cos\u00ec alto. Infatti, un giocatore pu\u00f2 godere di un margine della casa cos\u00ec basso solo scommettendo sul diciotto, poich\u00e9 tutte le altre scommesse hanno un margine della casa maggiore di questo, compreso il, '<em>Busto<\/em>,' scommessa con un margine della casa di un allarmante 14,92%.<\/p>\n<p>Una cosa interessante, lo ammetto, \u00e8 che la puntata Bust, con un valore di 2:1, ha anche il payout pi\u00f9 basso di qualsiasi altra puntata di questo gioco. Di solito, quando si tratta di scommesse di questo tipo, la scommessa con il payout pi\u00f9 alto possibile ha il margine della casa maggiore, ma in questo caso ci\u00f2 non \u00e8 vero. La scommessa con le maggiori probabilit\u00e0 di vincita, con il payout pi\u00f9 basso, ha il margine della casa pi\u00f9 alto a sfavore del giocatore.<\/p>\n<p>Quindi, <strong>perch\u00e9 si chiama Lucky Blackjack?<\/strong> Credo che il giocatore debba essere davvero fortunato per non perdere tutti i suoi soldi in un tempo relativamente breve.<\/p>","protected":false},"excerpt":{"rendered":"<p>Lucky Blackjack is almost more of a side bet than it is a Blackjack variant. In fact, this is a Blackjack variant that doesn\u2019t require any strategy whatsoever because the player literally doesn\u2019t make any decisions. The way that the game works is that the player can bet on any total from 17-21, alternatively, the [&hellip;]<\/p>\n","protected":false},"author":4,"featured_media":0,"parent":2044,"menu_order":0,"comment_status":"closed","ping_status":"closed","template":"","meta":{"_acf_changed":false,"footnotes":""},"tags":[],"class_list":["post-2060","page","type-page","status-publish","hentry"],"acf":[],"yoast_head":"<!-- This site is optimized with the Yoast SEO plugin v26.6 - https:\/\/yoast.com\/wordpress\/plugins\/seo\/ -->\n<title>Lucky Blackjack<\/title>\n<meta name=\"description\" content=\"Lucky Blackjack is almost more of a side bet than it is a Blackjack variant. In fact, this is a Blackjack variant that doesn\u2019t require any strategy\" \/>\n<meta name=\"robots\" content=\"index, follow, max-snippet:-1, max-image-preview:large, max-video-preview:-1\" \/>\n<link rel=\"canonical\" href=\"https:\/\/www.blackjackinfo.com\/it\/blackjack_variante\/blackjack-fortunato\/\" \/>\n<meta property=\"og:locale\" content=\"it_IT\" \/>\n<meta property=\"og:type\" content=\"article\" \/>\n<meta property=\"og:title\" content=\"Lucky Blackjack\" \/>\n<meta property=\"og:description\" content=\"Lucky Blackjack is almost more of a side bet than it is a Blackjack variant. In fact, this is a Blackjack variant that doesn\u2019t require any strategy\" \/>\n<meta property=\"og:url\" content=\"https:\/\/www.blackjackinfo.com\/it\/blackjack_variante\/blackjack-fortunato\/\" \/>\n<meta property=\"og:site_name\" content=\"BlackjackInfo.com\" \/>\n<meta property=\"article:modified_time\" content=\"2025-09-07T16:05:34+00:00\" \/>\n<meta name=\"twitter:label1\" content=\"Tempo di lettura stimato\" \/>\n\t<meta name=\"twitter:data1\" content=\"2 minuti\" \/>\n<script type=\"application\/ld+json\" class=\"yoast-schema-graph\">{\"@context\":\"https:\/\/schema.org\",\"@graph\":[{\"@type\":\"WebPage\",\"@id\":\"https:\/\/www.blackjackinfo.com\/online-blackjack\/online-blackjack-variations\/lucky-blackjack\/\",\"url\":\"https:\/\/www.blackjackinfo.com\/blackjack_variation\/lucky-blackjack\/\",\"name\":\"Lucky Blackjack\",\"isPartOf\":{\"@id\":\"https:\/\/www.blackjackinfo.com\/#website\"},\"datePublished\":\"2016-10-18T08:47:01+00:00\",\"dateModified\":\"2025-09-07T16:05:34+00:00\",\"description\":\"Lucky Blackjack is almost more of a side bet than it is a Blackjack variant. In fact, this is a Blackjack variant that doesn\u2019t require any strategy\",\"breadcrumb\":{\"@id\":\"https:\/\/www.blackjackinfo.com\/blackjack_variation\/lucky-blackjack\/#breadcrumb\"},\"inLanguage\":\"it-IT\",\"potentialAction\":[{\"@type\":\"ReadAction\",\"target\":[\"https:\/\/www.blackjackinfo.com\/blackjack_variation\/lucky-blackjack\/\"]}]},{\"@type\":\"BreadcrumbList\",\"@id\":\"https:\/\/www.blackjackinfo.com\/blackjack_variation\/lucky-blackjack\/#breadcrumb\",\"itemListElement\":[{\"@type\":\"ListItem\",\"position\":1,\"name\":\"Home\",\"item\":\"https:\/\/www.blackjackinfo.com\/\"},{\"@type\":\"ListItem\",\"position\":2,\"name\":\"Online Blackjack for Real Money\",\"item\":\"https:\/\/www.blackjackinfo.com\/online-blackjack\/\"},{\"@type\":\"ListItem\",\"position\":3,\"name\":\"Online Blackjack Variations\",\"item\":\"https:\/\/www.blackjackinfo.com\/online-blackjack\/online-blackjack-variations\/\"},{\"@type\":\"ListItem\",\"position\":4,\"name\":\"Lucky Blackjack\"}]},{\"@type\":\"WebSite\",\"@id\":\"https:\/\/www.blackjackinfo.com\/#website\",\"url\":\"https:\/\/www.blackjackinfo.com\/\",\"name\":\"BlackjackInfo.com\",\"description\":\"Because Winning is More Fun!\",\"potentialAction\":[{\"@type\":\"SearchAction\",\"target\":{\"@type\":\"EntryPoint\",\"urlTemplate\":\"https:\/\/www.blackjackinfo.com\/?s={search_term_string}\"},\"query-input\":{\"@type\":\"PropertyValueSpecification\",\"valueRequired\":true,\"valueName\":\"search_term_string\"}}],\"inLanguage\":\"it-IT\"}]}<\/script>\n<!-- \/ Yoast SEO plugin. -->","yoast_head_json":{"title":"Blackjack fortunato","description":"Lucky Blackjack is almost more of a side bet than it is a Blackjack variant. In fact, this is a Blackjack variant that doesn\u2019t require any strategy","robots":{"index":"index","follow":"follow","max-snippet":"max-snippet:-1","max-image-preview":"max-image-preview:large","max-video-preview":"max-video-preview:-1"},"canonical":"https:\/\/www.blackjackinfo.com\/it\/blackjack_variante\/blackjack-fortunato\/","og_locale":"it_IT","og_type":"article","og_title":"Lucky Blackjack","og_description":"Lucky Blackjack is almost more of a side bet than it is a Blackjack variant. In fact, this is a Blackjack variant that doesn\u2019t require any strategy","og_url":"https:\/\/www.blackjackinfo.com\/it\/blackjack_variante\/blackjack-fortunato\/","og_site_name":"BlackjackInfo.com","article_modified_time":"2025-09-07T16:05:34+00:00","twitter_misc":{"Tempo di lettura stimato":"2 minuti"},"schema":{"@context":"https:\/\/schema.org","@graph":[{"@type":"WebPage","@id":"https:\/\/www.blackjackinfo.com\/online-blackjack\/online-blackjack-variations\/lucky-blackjack\/","url":"https:\/\/www.blackjackinfo.com\/blackjack_variation\/lucky-blackjack\/","name":"Blackjack fortunato","isPartOf":{"@id":"https:\/\/www.blackjackinfo.com\/#website"},"datePublished":"2016-10-18T08:47:01+00:00","dateModified":"2025-09-07T16:05:34+00:00","description":"Lucky Blackjack is almost more of a side bet than it is a Blackjack variant. In fact, this is a Blackjack variant that doesn\u2019t require any strategy","breadcrumb":{"@id":"https:\/\/www.blackjackinfo.com\/blackjack_variation\/lucky-blackjack\/#breadcrumb"},"inLanguage":"it-IT","potentialAction":[{"@type":"ReadAction","target":["https:\/\/www.blackjackinfo.com\/blackjack_variation\/lucky-blackjack\/"]}]},{"@type":"BreadcrumbList","@id":"https:\/\/www.blackjackinfo.com\/blackjack_variation\/lucky-blackjack\/#breadcrumb","itemListElement":[{"@type":"ListItem","position":1,"name":"Home","item":"https:\/\/www.blackjackinfo.com\/"},{"@type":"ListItem","position":2,"name":"Online Blackjack for Real Money","item":"https:\/\/www.blackjackinfo.com\/online-blackjack\/"},{"@type":"ListItem","position":3,"name":"Online Blackjack Variations","item":"https:\/\/www.blackjackinfo.com\/online-blackjack\/online-blackjack-variations\/"},{"@type":"ListItem","position":4,"name":"Lucky Blackjack"}]},{"@type":"WebSite","@id":"https:\/\/www.blackjackinfo.com\/#website","url":"https:\/\/www.blackjackinfo.com\/","name":"BlackjackInfo.com","description":"Perch\u00e9 vincere \u00e8 pi\u00f9 divertente!","potentialAction":[{"@type":"SearchAction","target":{"@type":"EntryPoint","urlTemplate":"https:\/\/www.blackjackinfo.com\/?s={search_term_string}"},"query-input":{"@type":"PropertyValueSpecification","valueRequired":true,"valueName":"search_term_string"}}],"inLanguage":"it-IT"}]}},"_links":{"self":[{"href":"https:\/\/www.blackjackinfo.com\/it\/wp-json\/wp\/v2\/pages\/2060","targetHints":{"allow":["GET"]}}],"collection":[{"href":"https:\/\/www.blackjackinfo.com\/it\/wp-json\/wp\/v2\/pages"}],"about":[{"href":"https:\/\/www.blackjackinfo.com\/it\/wp-json\/wp\/v2\/types\/page"}],"author":[{"embeddable":true,"href":"https:\/\/www.blackjackinfo.com\/it\/wp-json\/wp\/v2\/users\/4"}],"replies":[{"embeddable":true,"href":"https:\/\/www.blackjackinfo.com\/it\/wp-json\/wp\/v2\/comments?post=2060"}],"version-history":[{"count":7,"href":"https:\/\/www.blackjackinfo.com\/it\/wp-json\/wp\/v2\/pages\/2060\/revisions"}],"predecessor-version":[{"id":9028,"href":"https:\/\/www.blackjackinfo.com\/it\/wp-json\/wp\/v2\/pages\/2060\/revisions\/9028"}],"up":[{"embeddable":true,"href":"https:\/\/www.blackjackinfo.com\/it\/wp-json\/wp\/v2\/pages\/2044"}],"wp:attachment":[{"href":"https:\/\/www.blackjackinfo.com\/it\/wp-json\/wp\/v2\/media?parent=2060"}],"wp:term":[{"taxonomy":"post_tag","embeddable":true,"href":"https:\/\/www.blackjackinfo.com\/it\/wp-json\/wp\/v2\/tags?post=2060"}],"curies":[{"name":"wp","href":"https:\/\/api.w.org\/{rel}","templated":true}]}}