{"id":2435,"date":"2017-01-19T19:37:28","date_gmt":"2017-01-20T01:37:28","guid":{"rendered":"https:\/\/www.blackjackinfo.com\/?page_id=2435"},"modified":"2018-01-28T21:17:25","modified_gmt":"2018-01-29T03:17:25","slug":"esperienza-di-blackjack-online-di-kens","status":"publish","type":"page","link":"https:\/\/www.blackjackinfo.com\/it\/kens-online-blackjack-experience\/","title":{"rendered":"L'esperienza di Ken nel blackjack online"},"content":{"rendered":"<p>Quando mi \u00e8 stata presentata per la prima volta l'idea di scommettere nei casin\u00f2 online, ho avuto le solite domande...<\/p>\n<blockquote><p>Come si fa a sapere che i giochi sono equi?<br \/>\nCome fai a sapere che ti pagheranno davvero se vinci?<\/p><\/blockquote>\n<p>Sono riuscito a rispondere a queste domande in modo soddisfacente e ora gioco online. In effetti, al momento in cui scrivo, ho giocato in 51 diversi casin\u00f2 online. E ho anche guadagnato dei soldi. Essere il webmaster di un popolare sito di informazioni sul gioco d'azzardo significa che ricevo molte domande via e-mail. Molti visitatori curiosi del mio sito si pongono le due grandi domande di cui sopra. Ecco quindi il mio punto di vista sull'industria del gioco d'azzardo online, il buono e il cattivo.<\/p>\n<h2 class=\"gbs-heading\">I giochi sono equi?<\/h2>\n<p>Tengo un registro meticoloso delle mie giocate, tenendo traccia dell'importo totale delle scommesse effettuate. \u00c8 un lavoro impegnativo, ma continuo a farlo per diversi motivi. Nella maggior parte dei casi, gioco dove sono previsti dei bonus e i requisiti di incasso per i bonus richiedono in genere un certo numero di giocate. Voglio anche essere in grado di tenere traccia della percentuale di scommesse perse in generale.<\/p>\n<p>Grazie alla grande quantit\u00e0 di giocate che ho registrato, mi sento abbastanza sicuro nell'affermare che i giochi che ho giocato sono equi. Cio\u00e8, imitano accuratamente i giochi che si trovano in un casin\u00f2 tradizionale. Ho scommesso oltre $300.000 online e ho perso un totale di 0,6% di questa somma. La maggior parte delle giocate \u00e8 stata fatta al blackjack, con un margine della casa di circa 0,5%. Ma alcune giocate sono state fatte alle slot online, con un margine della casa sconosciuto ma certamente pi\u00f9 alto. Perdere 0,6% \u00e8 un po' alto, ma \u00e8 ragionevole per un po' di sfortuna.<\/p>\n<p><strong>Aggiornamento<\/strong>: Il mio gioco all'inizio del 2002 \u00e8 stato molto redditizio. Le mie puntate totali hanno raggiunto il mezzo milione di dollari e sono in vantaggio nei giochi senza considerare i bonus. Per me \u00e8 sorprendente, ma vero.<\/p>\n<p>Quindi, nei casin\u00f2 in cui ho giocato, sembra che i giochi siano legittimi. Naturalmente, sarebbe abbastanza facile per il software di gioco d'azzardo online essere programmato per imbrogliarvi. E sono certo che ci sono alcuni casin\u00f2 online che lo fanno. Non \u00e8 una coincidenza che io non abbia giocato su questi siti. Se scegliete un sito affidabile, credo che possiate fidarvi dei giochi e non preoccuparvi. In particolare, ci sono quattro grandi fornitori di software che ritengo siano solidi come una roccia. Per maggiori informazioni, continuate a leggere. In breve, non ho motivo di credere di essere mai stato truffato online.<\/p>\n<p>Gli operatori pi\u00f9 intelligenti dei casin\u00f2 online si rendono conto che possono guadagnare molto di pi\u00f9 offrendo un gioco legittimo per molti anni che non truffando qualche giocatore nel breve periodo. Per questo motivo, le dimensioni e la reputazione sono importanti.<\/p>\n<p>Com'\u00e8 possibile che abbia perso 0,6% delle mie scommesse, ma che abbia comunque guadagnato?<br \/>\nUna parola: bonus. Continuate a leggere e vi spiegher\u00f2.<\/p>\n<p><strong>Aggiornamento<\/strong>: Ora che sono in vantaggio invece che in rosso di 0,6%, i bonus sono puro profitto.<\/p>\n<p>Ma, prima di tutto, cosa fare per ricevere le vincite? ...<\/p>\n<h2 class=\"gbs-heading\">Verrete pagati?<\/h2>\n<p>Se c'\u00e8 un settore del gioco d'azzardo online che mi ha deluso, \u00e8 il fatto che ho avuto qualche problema a riscuotere le mie vincite. Ciononostante, non sono mai stato truffato. Nel corso degli anni ho effettuato centinaia di transazioni di incasso. Ho avuto problemi con cinque di esse. Sono riuscito a riscuotere ogni volta, ma ci sono volute alcune telefonate ed e-mail al servizio clienti. Se scegliete di giocare online, assicuratevi di tenere una buona documentazione, altrimenti sarete alla loro merc\u00e9.<\/p>\n<p><strong>Aggiornamento<\/strong>: Non ho avuto alcun problema con gli incassi dal 2003. Forse i ritardi negli incassi appartengono al passato.<\/p>\n<p>Allora, quali sono stati i miei 5 problemi?<\/p>\n<p>Il pagamento pi\u00f9 lento \u00e8 stato quello dell'ormai defunto Fairplay Casino. Suppongo che dovrei essere grato di aver ricevuto i miei soldi da un casin\u00f2 che \u00e8 fallito a causa di una cattiva gestione. Fortunatamente, non mi dovevano molto quando hanno chiuso. Quattro mesi dopo la chiusura, ho ricevuto un bonifico bancario per gli ultimi $35 che mi dovevano.<\/p>\n<p>Quasi altrettanto lento \u00e8 stato il casin\u00f2 Lucky Nugget, dove ho impiegato quasi quattro mesi per raccogliere $85. Lucky Nugget \u00e8 stato uno dei primi casin\u00f2 a cui ho giocato, ed ero ancora piuttosto diffidente nei confronti dei giochi. Ho ricevuto un bonus sostanzioso di $110, ho giocato poco pi\u00f9 del necessario e ho incassato $85 dei miei $100 originali, per una perdita netta di $15. Sono ancora convinto che abbiano intenzionalmente gestito male il mio incasso, dato che ho giocato appena il necessario per qualificarmi per il mio bonus. Ho imparato la lezione: Giocare un po' di pi\u00f9 quando si tratta di bonus, o meglio ancora, molto di pi\u00f9.<br \/>\nIl prossimo, Captain Cooks Casino, dove ho aspettato 7 settimane per un trasferimento PayPal di $349. Le loro affermazioni sui vari ritardi sono piuttosto trasparenti, soprattutto perch\u00e9 la loro propriet\u00e0 gemella di Illustrated Casino mi stava dando il benservito nello stesso periodo.<br \/>\nIllustrated Casino, affiliato a Captain Cooks, ha impiegato 6 settimane per un trasferimento PayPal di $393, non a caso accreditato lo stesso giorno in cui il mio fiasco con Captain Cooks \u00e8 stato risolto.<\/p>\n<p>Il mio problema pi\u00f9 recente \u00e8 stato con King Solomon's, dove ho ricevuto un bonus gratuito di $50 per provare il loro nuovo software. Ho portato il saldo a $250 e ho incassato, ma solo una parte del mio incasso \u00e8 stata accreditata a fronte di vecchi acquisti con carta di credito. Dopo due mesi di telefonate ed e-mail, ho finalmente ricevuto il resto del mio credito.<\/p>\n<p>Questi episodi dipingono un quadro piuttosto desolante. La buona notizia \u00e8 che gli altri incassi sono stati gestiti senza problemi. Nel 2004, i tempi medi di pagamento sono migliorati praticamente ovunque. La maggior parte dei pagamenti viene gestita entro 2 giorni, alcuni in pochi minuti. In alcuni posti ci vogliono ancora diversi giorni, ma nel complesso le transazioni sono pi\u00f9 veloci che mai. In questi giorni, la maggior parte delle mie transazioni \u00e8 gestita tramite Neteller, una sorta di portafoglio online simile a PayPal. (Nota dell'editore: Neteller alla fine ha abbandonato il mercato statunitense).<\/p>\n<p>Torniamo alla domanda: Verrete pagati? La risposta \u00e8 breve: S\u00ec, lo sono sempre stato.<\/p>\n<p>Ulteriori osservazioni sulle questioni relative ai pagamenti sono contenute nella sezione successiva, Scelta del casin\u00f2...<\/p>\n<h2 class=\"gbs-heading\">Scegliere un casin\u00f2<\/h2>\n<p>Ho sentito dire che ci sono oltre 1400 casin\u00f2 online che operano su Internet. Anche se non posso garantire questo numero, so che ci sono molti, molti siti l\u00e0 fuori. E, naturalmente, ogni sito sostiene di offrire giochi onesti e pagamenti rapidi. Sapere quali siti sono davvero affidabili \u00e8 molto importante. Il mio metodo \u00e8 semplice: Attenersi ai siti pi\u00f9 grandi e affidabili. I casin\u00f2 online non diventano popolari senza trattare i loro giocatori in modo equo.<\/p>\n<p>La prima cosa che voglio sapere su un casin\u00f2 online \u00e8: Chi ha creato il software? Ci sono sei o sette aziende che sono ampiamente utilizzate per il software di gioco online, e anche molti fornitori di software di secondo livello meno popolari. Quasi tutte le mie giocate sono state effettuate in siti che utilizzano uno dei \"Quattro grandi\" fornitori di software.<\/p>\n<p>MicroGaming: Questo \u00e8 forse il fornitore di software pi\u00f9 popolare, con molti casin\u00f2 che utilizzano il software di MicroGaming. Offre un gran numero di giochi, tra cui diverse slot progressive di grandi dimensioni. Il blackjack \u00e8 eccellente, con molte variet\u00e0 disponibili.<\/p>\n<p>Cryptologic: Sebbene un tempo fosse uno dei principali attori del software di gioco online, la quota di mercato di Cryptologic si \u00e8 ridotta poich\u00e9 molti dei suoi casin\u00f2 sono passati ad altri fornitori di software. Il marchio di casin\u00f2 di punta di Intercasino \u00e8 ancora un luogo eccellente per giocare. Non ho mai avuto ritardi nei pagamenti o problemi con i casin\u00f2 gestiti da Cryptologic. Una bella caratteristica dei loro giochi \u00e8 il blackjack multigiocatore.<\/p>\n<p>Boss Media: Una volta questo era il mio software preferito per giocare. \u00c8 attraente, veloce e facile. Tuttavia, negli ultimi anni i progressi della concorrenza non hanno trovato riscontro in Boss Media. \u00c8 ancora buono, ma non \u00e8 pi\u00f9 il mio preferito. Un aspetto positivo \u00e8 che alcuni dei casin\u00f2 Boss Media offrono un gioco di blackjack eccezionale. Alcuni offrono solo sei mazzi, ma alcuni offrono ancora un gioco a singolo mazzo con S17 e DAS. \u00c8 il miglior gioco in rete. L'e-cash \u00e8 gestito da una societ\u00e0 esterna chiamata WebDollar. Non ho mai avuto problemi di alcun tipo con i siti gestiti da Boss Media.<\/p>\n<p>Playtech: Un altro fornitore di software eccezionale, con molti casin\u00f2 affidabili. \u00c8 la mia piattaforma software preferita, con molti giochi interessanti e buoni jackpot progressivi. C'\u00e8 un gioco di video poker da 25 centesimi chiamato MegaJacks che spesso \u00e8 abbastanza alto da essere un gioco redditizio.<\/p>\n<p>Tra i fornitori di software di secondo livello, ho giocato anche a siti che utilizzano il software di Real Time Gaming. Sebbene il software non sia male, ho visto parecchie lamentele sulle bacheche dei giocatori che hanno avuto problemi a riscuotere le loro vincite. Molti di questi siti sembrano essere sotto-bancarizzati, negoziando occasionalmente con i giocatori per pagare le loro vincite nel tempo. Non \u00e8 la mia idea di come dovrebbero funzionare le cose. No, grazie.<\/p>\n<p><strong>Aggiornamento<\/strong>: Ci sono alcuni casin\u00f2 Real Time Gaming veramente buoni, quindi ho aggiunto una manciata di quelli affidabili agli inserzionisti qui. Tuttavia, sono molto esigente e approvo solo i migliori.<\/p>\n<p>Il secondo elemento di interesse quando si decide se depositare o meno in un determinato casin\u00f2 \u00e8 il modo in cui \u00e8 possibile contattarlo in caso di necessit\u00e0. Io scelgo di giocare solo su siti che offrono assistenza telefonica gratuita. Se offrono solo assistenza via e-mail, ritengo che non si tratti di un'azienda molto grande.<\/p>\n<p>Infine, esamino le procedure di incasso per vedere cosa \u00e8 disponibile e l'ammontare delle eventuali commissioni. I casin\u00f2 Cryptologic e Boss Media addebitano entrambi $1 per la maggior parte delle transazioni. I prelievi dai siti MicroGaming e Playtech sono solitamente gratuiti.<\/p>\n<p>A seguire, vi parler\u00f2 di come utilizzare i bonus per ottenere un buon profitto online...<\/p>\n<h2 class=\"gbs-heading\">E i bonus?<\/h2>\n<p>Mentre i casin\u00f2 tradizionali offrono ai giocatori pasti, bevande e camere gratuite in cambio delle loro giocate, i casin\u00f2 online tendono a offrire l'unico sostituto immediatamente disponibile: il freddo e duro denaro. Quasi tutti i casin\u00f2 online offrono un bonus di iscrizione, che corrisponde al vostro deposito iniziale con fiches extra. In alcuni casi, questi bonus possono essere molto redditizi. Molti siti hanno anche promozioni in corso in cui offrono fiches extra.<\/p>\n<p>Se giocate con un bonus, assicuratevi di leggere bene le clausole, i cosiddetti \"termini e condizioni\". A volte dovrete inviare un'e-mail al casin\u00f2 per ricevere il bonus. A volte dovrete giocare con il vostro deposito una o pi\u00f9 volte prima di avere diritto al bonus. E, in quasi tutti i casi, dovrete scommettere diverse volte l'importo del deposito e del bonus prima di poter prelevare il denaro.<\/p>\n<p>Tuttavia, nella maggior parte dei casi, un giocatore intelligente pu\u00f2 aspettarsi di ottenere un bel profitto dal bonus. Ad esempio, si consideri un casin\u00f2 MicroGaming con un'offerta di bonus \"Acquista $50, ottieni $50 gratis\". Supponiamo che il bonus richieda di scommettere il deposito e il bonus 20 volte prima di incassare. Quindi, acquistate $50, loro aggiungono un altro $50, e iniziate con un saldo di $100. Dovrete scommettere almeno $2000 prima di incassare. Ad esempio, si pu\u00f2 giocare a Blackjack a $10 per mano per 200 mani. La maggior parte dei giochi di blackjack disponibili online ha un margine della casa inferiore a 0,5% se si utilizza la corretta strategia di base. Quindi, per il vostro $2000 in azione, la perdita prevista \u00e8 solo $2000 X 0,005, ovvero $10. Il casin\u00f2 vi ha pagato $50 per dare loro $10 di perdite attese. Non \u00e8 un cattivo affare!<\/p>\n<p><strong>Aggiornamento<\/strong>: Queste offerte sono diventate meno redditizie rispetto a quando questo articolo \u00e8 stato scritto originariamente. Molti casin\u00f2 ora vietano di giocare a blackjack ai fini dei requisiti di scommessa del bonus. Al contrario, dovrete giocare ad alcuni giochi con un margine della casa pi\u00f9 alto. Leggete attentamente le condizioni.<\/p>\n<p>Naturalmente, quell'$10 \u00e8 la perdita media per un perfetto giocatore di strategia di base. Sar\u00e0 la fortuna a determinare la sorte del vostro bankroll. Potreste perdere $100, oppure vincere $100 o pi\u00f9. Ma, nel lungo periodo, potrete conservare circa $40 di quel bonus di $50.<\/p>\n<p>Tuttavia... I bonus sono diventati la rovina dell'industria dei casin\u00f2 online, e alcuni giocatori sono stati classificati dai casin\u00f2 come \"abusatori di bonus\". Nella maggior parte dei casi, si tratta di giocatori che rispettano alla lettera i termini e le condizioni, incassano il bonus e non si fanno pi\u00f9 vedere. I siti online affidabili sanno che alcuni giocatori giocano esclusivamente per il bonus, lo incassano e non tornano pi\u00f9 a giocare. Questo \u00e8 solo il costo per attirare nuovi giocatori al loro casin\u00f2. Tuttavia, alcuni dei siti pi\u00f9 discutibili useranno qualsiasi scusa per evitare di pagare un giocatore che sembra essere l\u00ec solo per il bonus.<\/p>\n<p>Assicuratevi assolutamente di rispettare tutti i termini indicati. Il mio consiglio \u00e8 di giocare molto di pi\u00f9 dell'azione minima richiesta per incassare il bonus. Ricordate, sul lungo periodo, il vostro vantaggio \u00e8 enorme. Certo, potreste incappare in una serie di carte sbagliate e perdere quell'$100. Ma di tanto in tanto vi capiter\u00e0 anche di incappare in una buona serie di carte e di trasformarla in $1000 (certo, probabilmente non con puntate piatte da $10). Se dovessi giocare il nostro esempio di bonus, probabilmente giocherei almeno $3000 in scommesse, e probabilmente $4000 o $5000.<\/p>\n<p>Naturalmente, se vi rivolgete alla crema del raccolto dei casin\u00f2 online, questi vi pagheranno comunque rapidamente. Capiscono che se un giocatore soddisfa le condizioni, il bonus \u00e8 suo, leale e corretto. Se pagano prontamente, forse guadagneranno un giocatore per molto tempo.<\/p>\n<p>I bonus sono uno degli ultimi grandi omaggi che probabilmente vedrete. Non credo che i grandi bonus disponibili oggi saranno ancora qui tra qualche anno. Sono troppo costosi per i casin\u00f2. Quindi, prendeteli finch\u00e9 potete.<\/p>\n<p><strong>Aggiornamento<\/strong>: Quelli veramente redditizi sono effettivamente scomparsi. I bonus di oggi sono ottimi per provare i casin\u00f2, ma non sono pi\u00f9 un modo rapido per ottenere un profitto sicuro. Tuttavia, leggete le condizioni e approfittate di qualsiasi offerta disponibile.<\/p>","protected":false},"excerpt":{"rendered":"<p>When I was first introduced to the idea of wagering at online casinos, I had the usual questions&#8230; How do you know the games are fair? How do you know they&#8217;ll actually pay you if you win? I&#8217;ve managed to answer those questions to my satisfaction, and now I do play online. In fact, as [&hellip;]<\/p>\n","protected":false},"author":3,"featured_media":0,"parent":0,"menu_order":0,"comment_status":"closed","ping_status":"closed","template":"page-new.php","meta":{"_acf_changed":false,"footnotes":""},"tags":[],"class_list":["post-2435","page","type-page","status-publish","hentry"],"acf":[],"yoast_head":"<!-- This site is optimized with the Yoast SEO plugin v26.6 - https:\/\/yoast.com\/wordpress\/plugins\/seo\/ -->\n<title>Ken&#039;s Online Blackjack Experience<\/title>\n<meta name=\"description\" content=\"When I was first introduced to the idea of wagering at online casinos, I had the usual questions... How do you know the games are fair? How do you know\" \/>\n<meta name=\"robots\" content=\"index, follow, max-snippet:-1, max-image-preview:large, max-video-preview:-1\" \/>\n<link rel=\"canonical\" href=\"https:\/\/www.blackjackinfo.com\/it\/esperienza-di-blackjack-online-di-kens\/\" \/>\n<meta property=\"og:locale\" content=\"it_IT\" \/>\n<meta property=\"og:type\" content=\"article\" \/>\n<meta property=\"og:title\" content=\"Ken&#039;s Online Blackjack Experience\" \/>\n<meta property=\"og:description\" content=\"When I was first introduced to the idea of wagering at online casinos, I had the usual questions... How do you know the games are fair? How do you know\" \/>\n<meta property=\"og:url\" content=\"https:\/\/www.blackjackinfo.com\/it\/esperienza-di-blackjack-online-di-kens\/\" \/>\n<meta property=\"og:site_name\" content=\"BlackjackInfo.com\" \/>\n<meta property=\"article:modified_time\" content=\"2018-01-29T03:17:25+00:00\" \/>\n<meta name=\"twitter:label1\" content=\"Tempo di lettura stimato\" \/>\n\t<meta name=\"twitter:data1\" content=\"11 minuti\" \/>\n<script type=\"application\/ld+json\" class=\"yoast-schema-graph\">{\"@context\":\"https:\/\/schema.org\",\"@graph\":[{\"@type\":\"WebPage\",\"@id\":\"https:\/\/www.blackjackinfo.com\/kens-online-blackjack-experience\/\",\"url\":\"https:\/\/www.blackjackinfo.com\/kens-online-blackjack-experience\/\",\"name\":\"Ken's Online Blackjack Experience\",\"isPartOf\":{\"@id\":\"https:\/\/www.blackjackinfo.com\/#website\"},\"datePublished\":\"2017-01-20T01:37:28+00:00\",\"dateModified\":\"2018-01-29T03:17:25+00:00\",\"description\":\"When I was first introduced to the idea of wagering at online casinos, I had the usual questions... How do you know the games are fair? How do you know\",\"breadcrumb\":{\"@id\":\"https:\/\/www.blackjackinfo.com\/kens-online-blackjack-experience\/#breadcrumb\"},\"inLanguage\":\"it-IT\",\"potentialAction\":[{\"@type\":\"ReadAction\",\"target\":[\"https:\/\/www.blackjackinfo.com\/kens-online-blackjack-experience\/\"]}]},{\"@type\":\"BreadcrumbList\",\"@id\":\"https:\/\/www.blackjackinfo.com\/kens-online-blackjack-experience\/#breadcrumb\",\"itemListElement\":[{\"@type\":\"ListItem\",\"position\":1,\"name\":\"Home\",\"item\":\"https:\/\/www.blackjackinfo.com\/\"},{\"@type\":\"ListItem\",\"position\":2,\"name\":\"Ken&#8217;s Online Blackjack Experience\"}]},{\"@type\":\"WebSite\",\"@id\":\"https:\/\/www.blackjackinfo.com\/#website\",\"url\":\"https:\/\/www.blackjackinfo.com\/\",\"name\":\"BlackjackInfo.com\",\"description\":\"Because Winning is More Fun!\",\"potentialAction\":[{\"@type\":\"SearchAction\",\"target\":{\"@type\":\"EntryPoint\",\"urlTemplate\":\"https:\/\/www.blackjackinfo.com\/?s={search_term_string}\"},\"query-input\":{\"@type\":\"PropertyValueSpecification\",\"valueRequired\":true,\"valueName\":\"search_term_string\"}}],\"inLanguage\":\"it-IT\"}]}<\/script>\n<!-- \/ Yoast SEO plugin. -->","yoast_head_json":{"title":"L'esperienza di Ken nel blackjack online","description":"Quando mi \u00e8 stata presentata per la prima volta l'idea di scommettere nei casin\u00f2 online, mi sono posto le solite domande... Come si fa a sapere che i giochi sono corretti? Come si fa a sapere","robots":{"index":"index","follow":"follow","max-snippet":"max-snippet:-1","max-image-preview":"max-image-preview:large","max-video-preview":"max-video-preview:-1"},"canonical":"https:\/\/www.blackjackinfo.com\/it\/esperienza-di-blackjack-online-di-kens\/","og_locale":"it_IT","og_type":"article","og_title":"Ken's Online Blackjack Experience","og_description":"When I was first introduced to the idea of wagering at online casinos, I had the usual questions... How do you know the games are fair? How do you know","og_url":"https:\/\/www.blackjackinfo.com\/it\/esperienza-di-blackjack-online-di-kens\/","og_site_name":"BlackjackInfo.com","article_modified_time":"2018-01-29T03:17:25+00:00","twitter_misc":{"Tempo di lettura stimato":"11 minuti"},"schema":{"@context":"https:\/\/schema.org","@graph":[{"@type":"WebPage","@id":"https:\/\/www.blackjackinfo.com\/kens-online-blackjack-experience\/","url":"https:\/\/www.blackjackinfo.com\/kens-online-blackjack-experience\/","name":"L'esperienza di Ken nel blackjack online","isPartOf":{"@id":"https:\/\/www.blackjackinfo.com\/#website"},"datePublished":"2017-01-20T01:37:28+00:00","dateModified":"2018-01-29T03:17:25+00:00","description":"Quando mi \u00e8 stata presentata per la prima volta l'idea di scommettere nei casin\u00f2 online, mi sono posto le solite domande... Come si fa a sapere che i giochi sono corretti? Come si fa a sapere","breadcrumb":{"@id":"https:\/\/www.blackjackinfo.com\/kens-online-blackjack-experience\/#breadcrumb"},"inLanguage":"it-IT","potentialAction":[{"@type":"ReadAction","target":["https:\/\/www.blackjackinfo.com\/kens-online-blackjack-experience\/"]}]},{"@type":"BreadcrumbList","@id":"https:\/\/www.blackjackinfo.com\/kens-online-blackjack-experience\/#breadcrumb","itemListElement":[{"@type":"ListItem","position":1,"name":"Home","item":"https:\/\/www.blackjackinfo.com\/"},{"@type":"ListItem","position":2,"name":"Ken&#8217;s Online Blackjack Experience"}]},{"@type":"WebSite","@id":"https:\/\/www.blackjackinfo.com\/#website","url":"https:\/\/www.blackjackinfo.com\/","name":"BlackjackInfo.com","description":"Perch\u00e9 vincere \u00e8 pi\u00f9 divertente!","potentialAction":[{"@type":"SearchAction","target":{"@type":"EntryPoint","urlTemplate":"https:\/\/www.blackjackinfo.com\/?s={search_term_string}"},"query-input":{"@type":"PropertyValueSpecification","valueRequired":true,"valueName":"search_term_string"}}],"inLanguage":"it-IT"}]}},"_links":{"self":[{"href":"https:\/\/www.blackjackinfo.com\/it\/wp-json\/wp\/v2\/pages\/2435","targetHints":{"allow":["GET"]}}],"collection":[{"href":"https:\/\/www.blackjackinfo.com\/it\/wp-json\/wp\/v2\/pages"}],"about":[{"href":"https:\/\/www.blackjackinfo.com\/it\/wp-json\/wp\/v2\/types\/page"}],"author":[{"embeddable":true,"href":"https:\/\/www.blackjackinfo.com\/it\/wp-json\/wp\/v2\/users\/3"}],"replies":[{"embeddable":true,"href":"https:\/\/www.blackjackinfo.com\/it\/wp-json\/wp\/v2\/comments?post=2435"}],"version-history":[{"count":7,"href":"https:\/\/www.blackjackinfo.com\/it\/wp-json\/wp\/v2\/pages\/2435\/revisions"}],"predecessor-version":[{"id":2445,"href":"https:\/\/www.blackjackinfo.com\/it\/wp-json\/wp\/v2\/pages\/2435\/revisions\/2445"}],"wp:attachment":[{"href":"https:\/\/www.blackjackinfo.com\/it\/wp-json\/wp\/v2\/media?parent=2435"}],"wp:term":[{"taxonomy":"post_tag","embeddable":true,"href":"https:\/\/www.blackjackinfo.com\/it\/wp-json\/wp\/v2\/tags?post=2435"}],"curies":[{"name":"wp","href":"https:\/\/api.w.org\/{rel}","templated":true}]}}