{"id":2447,"date":"2017-01-19T20:22:34","date_gmt":"2017-01-20T02:22:34","guid":{"rendered":"https:\/\/www.blackjackinfo.com\/?page_id=2447"},"modified":"2018-06-22T02:39:49","modified_gmt":"2018-06-22T07:39:49","slug":"guida-al-blackjack-online","status":"publish","type":"page","link":"https:\/\/www.blackjackinfo.com\/it\/online-blackjack\/online-blackjack-guide\/","title":{"rendered":"Guida al blackjack online"},"content":{"rendered":"<p>Quando si tratta di giocare a blackjack online, la scelta di dove giocare e di come farlo pu\u00f2 essere piuttosto confusa. Poich\u00e9 i casin\u00f2 sul web sono diventati sempre pi\u00f9 popolari, abbiamo deciso di mettere insieme una guida con i consigli su come affrontare il gioco online in modo legale e sicuro, in modo che i nostri visitatori possano semplicemente godersi un'esperienza autentica.<\/p>\n<div class=\"section-small\">\n      <h2 class=\"mB30 strong-underline\"><span>Casin\u00f2 online consigliati<\/span><\/h2>\n      <div class=\"row\">\n            <div class=\"col-sm-4 mB30\">\n          <div class=\"recommended-casino text-center\" style=\"background:#263b1a;\">\n            <div class=\"buttons-upper\"> <a rel=\"nofollow\" href=\"\/goto\/goto\/\" class=\"btn btn-wire mR10\">VISITA IL SITO WEB<\/a> <\/div>\n            <p class=\"plan-logo\"> <img decoding=\"async\" src=\"https:\/\/www.blackjackinfo.com\/files\/bovada.png\" data-no-auto-translation=\"\"><\/p>\n            <div class=\"casino-title\">\n              <h2 class=\"white mB0\">Bovada<\/h2>\n              <div class=\"star-rating recommended\"><i class=\"fa fa-star\" aria-hidden=\"true\"><\/i><i class=\"fa fa-star\" aria-hidden=\"true\"><\/i><i class=\"fa fa-star\" aria-hidden=\"true\"><\/i><i class=\"fa fa-star\" aria-hidden=\"true\"><\/i><i class=\"fa fa-star-half-o\" aria-hidden=\"true\"><\/i>\n              <\/div>\n            <\/div>\n          <\/div>\n        <\/div>\n            <div class=\"col-sm-4 mB30\">\n          <div class=\"recommended-casino text-center\" style=\"background:#263b1a;\">\n            <div class=\"buttons-upper\"> <a rel=\"nofollow\" href=\"\/goto\/goto\/\" class=\"btn btn-wire mR10\">VISITA IL SITO WEB<\/a> <\/div>\n            <p class=\"plan-logo\"> <img decoding=\"async\" src=\"https:\/\/www.blackjackinfo.com\/files\/vegas_casino_online.png\" data-no-auto-translation=\"\"><\/p>\n            <div class=\"casino-title\">\n              <h2 class=\"white mB0\">Casin\u00f2 Vegas online<\/h2>\n              <div class=\"star-rating recommended\"><i class=\"fa fa-star\" aria-hidden=\"true\"><\/i><i class=\"fa fa-star\" aria-hidden=\"true\"><\/i><i class=\"fa fa-star\" aria-hidden=\"true\"><\/i><i class=\"fa fa-star\" aria-hidden=\"true\"><\/i><i class=\"fa fa-star-half-o\" aria-hidden=\"true\"><\/i>\n              <\/div>\n            <\/div>\n          <\/div>\n        <\/div>\n            <div class=\"col-sm-4 mB30\">\n          <div class=\"recommended-casino text-center\" style=\"background:#263b1a;\">\n            <div class=\"buttons-upper\"> <a rel=\"nofollow\" href=\"\/goto\/goto\/\" class=\"btn btn-wire mR10\">VISITA IL SITO WEB<\/a> <\/div>\n            <p class=\"plan-logo\"> <img decoding=\"async\" src=\"https:\/\/www.blackjackinfo.com\/files\/red-dog-casino-logo-e1601018305105.png\" data-no-auto-translation=\"\"><\/p>\n            <div class=\"casino-title\">\n              <h2 class=\"white mB0\">Casin\u00f2 Red Dog<\/h2>\n              <div class=\"star-rating recommended\"><i class=\"fa fa-star\" aria-hidden=\"true\"><\/i><i class=\"fa fa-star\" aria-hidden=\"true\"><\/i><i class=\"fa fa-star\" aria-hidden=\"true\"><\/i><i class=\"fa fa-star\" aria-hidden=\"true\"><\/i><i class=\"fa fa-star-o\" aria-hidden=\"true\"><\/i>\n              <\/div>\n            <\/div>\n          <\/div>\n        <\/div><\/div><\/div>\n<p>&nbsp;<\/p>\n<h2 class=\"gbs-heading\">Guida al gioco del blackjack online con denaro reale<\/h2>\n<p>Sebbene esistano molti casin\u00f2 online che offrono vari incentivi al gioco, siamo molto selettivi nel selezionare quelli da elencare e raccomandiamo i seguenti per la loro reputazione consolidata, il software affidabile e l'assistenza clienti.<\/p>\n<p>Se vivete negli Stati Uniti, assicuratevi di leggere il nostro articolo <a href=\"https:\/\/www.blackjackinfo.com\/online-blackjack\/is-it-legal-to-play-online-blackjack-in-the-us\/\">\u00c8 legale giocare al blackjack online negli Stati Uniti?<\/a><\/p>\n<h3 class=\"gbs-heading\">Fase 1: Creare un account giocatore e ottenere l'accesso alla struttura di gioco.<\/h3>\n<p>Sebbene non tutti i casin\u00f2 online operino allo stesso modo, i passaggi sono solitamente gli stessi e iniziano con la registrazione dell'utente. Si tratta di una procedura abbastanza semplice che richiede i vostri dati personali e le informazioni di pagamento.<\/p>\n<p>Poi \u00e8 il momento di accedere effettivamente all'impianto di gioco. Questo avviene normalmente in due modi:<\/p>\n<ul>\n<li><b>Gioco immediato<\/b>. Questa opzione vi permette di giocare all'interno del vostro browser e il suo menu di giochi sar\u00e0 semplicemente disponibile per voi senza bisogno di ulteriori download.<\/li>\n<li><b>Scarica il software<\/b>. Molti casin\u00f2 vi chiederanno di scaricare il loro particolare programma software sul vostro computer, dal quale potrete accedere alle strutture di gioco. Questo software \u00e8 normalmente di circa 5 mb e i requisiti sono minimi e funzionano senza problemi sulla maggior parte dei computer.<\/li>\n<\/ul>\n<figure id=\"attachment_3004\" aria-describedby=\"caption-attachment-3004\" style=\"width: 300px\" class=\"wp-caption aligncenter\"><img loading=\"lazy\" decoding=\"async\" class=\"wp-image-3004 size-medium\" src=\"https:\/\/www.blackjackinfo.com\/files\/bovada-registration-300x169.jpg\" alt=\"\" width=\"300\" height=\"169\" srcset=\"https:\/\/www.blackjackinfo.com\/files\/bovada-registration-300x169.jpg 300w, https:\/\/www.blackjackinfo.com\/files\/bovada-registration.jpg 416w\" sizes=\"auto, (max-width: 300px) 100vw, 300px\" data-no-auto-translation=\"\" \/><figcaption id=\"caption-attachment-3004\" class=\"wp-caption-text\">Registrazione Bovada<\/figcaption><\/figure>\n<h3 class=\"gbs-heading\">Fase 2: Bonus e finanziamento del conto<\/h3>\n<p>Ogni casin\u00f2 online offre bonus promozionali e incentivi per l'iscrizione, ma fate molta attenzione perch\u00e9 alcuni di essi richiedono un valore di playthrough molto alto, rendendo quasi impossibile vincere. Assicuratevi di leggere i termini e le condizioni indicate e se il requisito di playthrough \u00e8 troppo alto, \u00e8 meglio non richiedere alcuna promozione.<\/p>\n<p>A seconda del casin\u00f2, potrete depositare denaro sul vostro conto di gioco tramite carta di debito, carta di credito o tramite un intermediario finanziario. Ci\u00f2 dipender\u00e0 da ci\u00f2 che il casin\u00f2 consente e dalle regole dell'intermediario finanziario stesso.<\/p>\n<p>Nella maggior parte dei casi, i casin\u00f2 online accettano anche pagamenti tramite servizi di portafoglio elettronico come Neteller, Paypal, Skrill e altri. <a href=\"https:\/\/www.blackjackinfo.com\/banking\/bitcoin\/\">Bitcoin<\/a>.<\/p>\n<figure id=\"attachment_3006\" aria-describedby=\"caption-attachment-3006\" style=\"width: 300px\" class=\"wp-caption aligncenter\"><img loading=\"lazy\" decoding=\"async\" class=\"wp-image-3006 size-medium\" src=\"https:\/\/www.blackjackinfo.com\/files\/bovada-deposit-options-300x144.jpg\" alt=\"\" width=\"300\" height=\"144\" srcset=\"https:\/\/www.blackjackinfo.com\/files\/bovada-deposit-options-300x144.jpg 300w, https:\/\/www.blackjackinfo.com\/files\/bovada-deposit-options.jpg 489w\" sizes=\"auto, (max-width: 300px) 100vw, 300px\" data-no-auto-translation=\"\" \/><figcaption id=\"caption-attachment-3006\" class=\"wp-caption-text\">Opzioni di deposito Bovada<\/figcaption><\/figure>\n<h3 class=\"gbs-heading\">Fase 3: giocare!<\/h3>\n<p>Ora che avete creato il vostro conto, avete avuto accesso alla struttura di gioco e avete depositato il denaro con cui giocare, \u00e8 il momento di tuffarsi nel divertimento del gioco vero e proprio.  A seconda del casin\u00f2 in cui giocate, potreste notare che ci sono molte varianti del blackjack tra cui potete scegliere.  Se volete capire le differenze rispetto al gioco del blackjack standard, leggete il nostro articolo su <a href=\"https:\/\/www.blackjackinfo.com\/online-blackjack\/online-blackjack-variations\/\">varianti del blackjack online<\/a> per una ripartizione pi\u00f9 completa.<\/p>\n<p>Indipendentemente dalla forma di blackjack online che si sceglie di giocare, si consiglia di seguire le seguenti indicazioni <a href=\"https:\/\/www.blackjackinfo.com\/blackjack-basic-strategy-engine\/\">strategia di base<\/a> e impiegando anche un <a href=\"https:\/\/www.blackjackinfo.com\/blackjack-school\/lesson-07-money-management-part-1\/\">sistema di gestione del denaro<\/a> che funziona per voi.<\/p>\n<figure id=\"attachment_3008\" aria-describedby=\"caption-attachment-3008\" style=\"width: 300px\" class=\"wp-caption aligncenter\"><img loading=\"lazy\" decoding=\"async\" class=\"wp-image-3008 size-medium\" src=\"https:\/\/www.blackjackinfo.com\/files\/bovada-blackjack-300x210.jpg\" alt=\"bovada blackjack\" width=\"300\" height=\"210\" srcset=\"https:\/\/www.blackjackinfo.com\/files\/bovada-blackjack-300x210.jpg 300w, https:\/\/www.blackjackinfo.com\/files\/bovada-blackjack-768x539.jpg 768w, https:\/\/www.blackjackinfo.com\/files\/bovada-blackjack-1024x718.jpg 1024w, https:\/\/www.blackjackinfo.com\/files\/bovada-blackjack-610x428.jpg 610w, https:\/\/www.blackjackinfo.com\/files\/bovada-blackjack.jpg 1065w\" sizes=\"auto, (max-width: 300px) 100vw, 300px\" data-no-auto-translation=\"\" \/><figcaption id=\"caption-attachment-3008\" class=\"wp-caption-text\">Blackjack Bovada<\/figcaption><\/figure>\n<figure id=\"attachment_3007\" aria-describedby=\"caption-attachment-3007\" style=\"width: 300px\" class=\"wp-caption aligncenter\"><img loading=\"lazy\" decoding=\"async\" class=\"wp-image-3007 size-medium\" style=\"float: right;\" src=\"https:\/\/www.blackjackinfo.com\/files\/bovada-games-300x144.jpg\" alt=\"Bovada Games\" width=\"300\" height=\"144\" srcset=\"https:\/\/www.blackjackinfo.com\/files\/bovada-games-300x144.jpg 300w, https:\/\/www.blackjackinfo.com\/files\/bovada-games.jpg 486w\" sizes=\"auto, (max-width: 300px) 100vw, 300px\" data-no-auto-translation=\"\" \/><figcaption id=\"caption-attachment-3007\" class=\"wp-caption-text\">Bovada Games<\/figcaption><\/figure>\n<h3 class=\"gbs-heading\">Fase 4: Prelievo dei fondi<\/h3>\n<p>Se avete raggiunto il punto in cui desiderate ritirare il denaro, fatene richiesta utilizzando l'apposito strumento online.<\/p>\n<p>Se non avete verificato il vostro account (che pu\u00f2 essere richiesto dopo l'iscrizione), nella maggior parte dei casi vi sar\u00e0 richiesto di fornire una forma di identificazione, come un documento d'identit\u00e0 governativo o una scansione della carta di credito utilizzata.<\/p>\n<p>Si noti inoltre che alcuni casin\u00f2 potrebbero addebitare delle commissioni per prelievi multipli nello stesso mese solare. Contattate l'assistenza per chiarire eventuali problemi di questo tipo.<\/p>\n<h3 class=\"gbs-heading\">Fase 5: Segnalare i propri guadagni di gioco e pagare le tasse (se applicabile)<\/h3>\n<p>I proventi del gioco d'azzardo sono spesso considerati come entrate imponibili, il che significa che devono essere segnalati alle autorit\u00e0 fiscali competenti che governano la vostra giurisdizione. Ricordate di farlo in modo accurato e tempestivo, per evitare di incorrere in una sanzione (multa e\/o reclusione) da parte della giurisdizione di competenza.<\/p>\n<p><a href=\"https:\/\/www.blackjackinfo.com\/online-blackjack\/tax-implications-online-blackjack\/\">Ulteriori informazioni<\/a>.<\/p>\n<h3 class=\"gbs-heading\">Assistenza clienti<\/h3>\n<p>Anche se pu\u00f2 sembrare un'ovviet\u00e0, \u00e8 sempre necessario contattare l'assistenza clienti in caso di domande o dubbi.<\/p>","protected":false},"excerpt":{"rendered":"<p>When it comes to playing blackjack online, it can get pretty confusing selecting where to play and how to go about doing so. As web based casinos have become more popular, we have decided to put together a guide with tips on how to approach playing online in a legal and safe manner so our [&hellip;]<\/p>\n","protected":false},"author":3,"featured_media":3046,"parent":1928,"menu_order":0,"comment_status":"closed","ping_status":"closed","template":"","meta":{"_acf_changed":false,"footnotes":""},"tags":[],"class_list":["post-2447","page","type-page","status-publish","has-post-thumbnail","hentry"],"acf":[],"yoast_head":"<!-- This site is optimized with the Yoast SEO plugin v26.6 - https:\/\/yoast.com\/wordpress\/plugins\/seo\/ -->\n<title>Online Blackjack Guide<\/title>\n<meta name=\"description\" content=\"Looking to play blackjack online? This comprehensive guide will walk you through the necessary steps for a safe and genuine experience\" \/>\n<meta name=\"robots\" content=\"index, follow, max-snippet:-1, max-image-preview:large, max-video-preview:-1\" \/>\n<link rel=\"canonical\" href=\"https:\/\/www.blackjackinfo.com\/it\/blackjack-online-2\/guida-al-blackjack-online\/\" \/>\n<meta property=\"og:locale\" content=\"it_IT\" \/>\n<meta property=\"og:type\" content=\"article\" \/>\n<meta property=\"og:title\" content=\"Online Blackjack Guide\" \/>\n<meta property=\"og:description\" content=\"Looking to play blackjack online? This comprehensive guide will walk you through the necessary steps for a safe and genuine experience\" \/>\n<meta property=\"og:url\" content=\"https:\/\/www.blackjackinfo.com\/it\/blackjack-online-2\/guida-al-blackjack-online\/\" \/>\n<meta property=\"og:site_name\" content=\"BlackjackInfo.com\" \/>\n<meta property=\"article:modified_time\" content=\"2018-06-22T07:39:49+00:00\" \/>\n<meta property=\"og:image\" content=\"https:\/\/www.blackjackinfo.com\/files\/online-blackjack-guide-featured-image.jpg\" \/>\n\t<meta property=\"og:image:width\" content=\"455\" \/>\n\t<meta property=\"og:image:height\" content=\"213\" \/>\n\t<meta property=\"og:image:type\" content=\"image\/jpeg\" \/>\n<meta name=\"twitter:label1\" content=\"Tempo di lettura stimato\" \/>\n\t<meta name=\"twitter:data1\" content=\"4 minuti\" \/>\n<script type=\"application\/ld+json\" class=\"yoast-schema-graph\">{\"@context\":\"https:\/\/schema.org\",\"@graph\":[{\"@type\":\"WebPage\",\"@id\":\"https:\/\/www.blackjackinfo.com\/online-blackjack\/online-blackjack-guide\/\",\"url\":\"https:\/\/www.blackjackinfo.com\/online-blackjack\/online-blackjack-guide\/\",\"name\":\"Online Blackjack Guide\",\"isPartOf\":{\"@id\":\"https:\/\/www.blackjackinfo.com\/#website\"},\"primaryImageOfPage\":{\"@id\":\"https:\/\/www.blackjackinfo.com\/online-blackjack\/online-blackjack-guide\/#primaryimage\"},\"image\":{\"@id\":\"https:\/\/www.blackjackinfo.com\/online-blackjack\/online-blackjack-guide\/#primaryimage\"},\"thumbnailUrl\":\"https:\/\/www.blackjackinfo.com\/files\/online-blackjack-guide-featured-image.jpg\",\"datePublished\":\"2017-01-20T02:22:34+00:00\",\"dateModified\":\"2018-06-22T07:39:49+00:00\",\"description\":\"Looking to play blackjack online? This comprehensive guide will walk you through the necessary steps for a safe and genuine experience\",\"breadcrumb\":{\"@id\":\"https:\/\/www.blackjackinfo.com\/online-blackjack\/online-blackjack-guide\/#breadcrumb\"},\"inLanguage\":\"it-IT\",\"potentialAction\":[{\"@type\":\"ReadAction\",\"target\":[\"https:\/\/www.blackjackinfo.com\/online-blackjack\/online-blackjack-guide\/\"]}]},{\"@type\":\"ImageObject\",\"inLanguage\":\"it-IT\",\"@id\":\"https:\/\/www.blackjackinfo.com\/online-blackjack\/online-blackjack-guide\/#primaryimage\",\"url\":\"https:\/\/www.blackjackinfo.com\/files\/online-blackjack-guide-featured-image.jpg\",\"contentUrl\":\"https:\/\/www.blackjackinfo.com\/files\/online-blackjack-guide-featured-image.jpg\",\"width\":455,\"height\":213},{\"@type\":\"BreadcrumbList\",\"@id\":\"https:\/\/www.blackjackinfo.com\/online-blackjack\/online-blackjack-guide\/#breadcrumb\",\"itemListElement\":[{\"@type\":\"ListItem\",\"position\":1,\"name\":\"Home\",\"item\":\"https:\/\/www.blackjackinfo.com\/\"},{\"@type\":\"ListItem\",\"position\":2,\"name\":\"Online Blackjack for Real Money\",\"item\":\"https:\/\/www.blackjackinfo.com\/online-blackjack\/\"},{\"@type\":\"ListItem\",\"position\":3,\"name\":\"Online Blackjack Guide\"}]},{\"@type\":\"WebSite\",\"@id\":\"https:\/\/www.blackjackinfo.com\/#website\",\"url\":\"https:\/\/www.blackjackinfo.com\/\",\"name\":\"BlackjackInfo.com\",\"description\":\"Because Winning is More Fun!\",\"potentialAction\":[{\"@type\":\"SearchAction\",\"target\":{\"@type\":\"EntryPoint\",\"urlTemplate\":\"https:\/\/www.blackjackinfo.com\/?s={search_term_string}\"},\"query-input\":{\"@type\":\"PropertyValueSpecification\",\"valueRequired\":true,\"valueName\":\"search_term_string\"}}],\"inLanguage\":\"it-IT\"}]}<\/script>\n<!-- \/ Yoast SEO plugin. -->","yoast_head_json":{"title":"Guida al blackjack online","description":"Volete giocare a blackjack online? Questa guida completa vi guider\u00e0 attraverso i passi necessari per un'esperienza sicura e genuina.","robots":{"index":"index","follow":"follow","max-snippet":"max-snippet:-1","max-image-preview":"max-image-preview:large","max-video-preview":"max-video-preview:-1"},"canonical":"https:\/\/www.blackjackinfo.com\/it\/blackjack-online-2\/guida-al-blackjack-online\/","og_locale":"it_IT","og_type":"article","og_title":"Online Blackjack Guide","og_description":"Looking to play blackjack online? This comprehensive guide will walk you through the necessary steps for a safe and genuine experience","og_url":"https:\/\/www.blackjackinfo.com\/it\/blackjack-online-2\/guida-al-blackjack-online\/","og_site_name":"BlackjackInfo.com","article_modified_time":"2018-06-22T07:39:49+00:00","og_image":[{"width":455,"height":213,"url":"https:\/\/www.blackjackinfo.com\/files\/online-blackjack-guide-featured-image.jpg","type":"image\/jpeg"}],"twitter_misc":{"Tempo di lettura stimato":"4 minuti"},"schema":{"@context":"https:\/\/schema.org","@graph":[{"@type":"WebPage","@id":"https:\/\/www.blackjackinfo.com\/online-blackjack\/online-blackjack-guide\/","url":"https:\/\/www.blackjackinfo.com\/online-blackjack\/online-blackjack-guide\/","name":"Guida al blackjack online","isPartOf":{"@id":"https:\/\/www.blackjackinfo.com\/#website"},"primaryImageOfPage":{"@id":"https:\/\/www.blackjackinfo.com\/online-blackjack\/online-blackjack-guide\/#primaryimage"},"image":{"@id":"https:\/\/www.blackjackinfo.com\/online-blackjack\/online-blackjack-guide\/#primaryimage"},"thumbnailUrl":"https:\/\/www.blackjackinfo.com\/files\/online-blackjack-guide-featured-image.jpg","datePublished":"2017-01-20T02:22:34+00:00","dateModified":"2018-06-22T07:39:49+00:00","description":"Volete giocare a blackjack online? Questa guida completa vi guider\u00e0 attraverso i passi necessari per un'esperienza sicura e genuina.","breadcrumb":{"@id":"https:\/\/www.blackjackinfo.com\/online-blackjack\/online-blackjack-guide\/#breadcrumb"},"inLanguage":"it-IT","potentialAction":[{"@type":"ReadAction","target":["https:\/\/www.blackjackinfo.com\/online-blackjack\/online-blackjack-guide\/"]}]},{"@type":"ImageObject","inLanguage":"it-IT","@id":"https:\/\/www.blackjackinfo.com\/online-blackjack\/online-blackjack-guide\/#primaryimage","url":"https:\/\/www.blackjackinfo.com\/files\/online-blackjack-guide-featured-image.jpg","contentUrl":"https:\/\/www.blackjackinfo.com\/files\/online-blackjack-guide-featured-image.jpg","width":455,"height":213},{"@type":"BreadcrumbList","@id":"https:\/\/www.blackjackinfo.com\/online-blackjack\/online-blackjack-guide\/#breadcrumb","itemListElement":[{"@type":"ListItem","position":1,"name":"Home","item":"https:\/\/www.blackjackinfo.com\/"},{"@type":"ListItem","position":2,"name":"Online Blackjack for Real Money","item":"https:\/\/www.blackjackinfo.com\/online-blackjack\/"},{"@type":"ListItem","position":3,"name":"Online Blackjack Guide"}]},{"@type":"WebSite","@id":"https:\/\/www.blackjackinfo.com\/#website","url":"https:\/\/www.blackjackinfo.com\/","name":"BlackjackInfo.com","description":"Perch\u00e9 vincere \u00e8 pi\u00f9 divertente!","potentialAction":[{"@type":"SearchAction","target":{"@type":"EntryPoint","urlTemplate":"https:\/\/www.blackjackinfo.com\/?s={search_term_string}"},"query-input":{"@type":"PropertyValueSpecification","valueRequired":true,"valueName":"search_term_string"}}],"inLanguage":"it-IT"}]}},"_links":{"self":[{"href":"https:\/\/www.blackjackinfo.com\/it\/wp-json\/wp\/v2\/pages\/2447","targetHints":{"allow":["GET"]}}],"collection":[{"href":"https:\/\/www.blackjackinfo.com\/it\/wp-json\/wp\/v2\/pages"}],"about":[{"href":"https:\/\/www.blackjackinfo.com\/it\/wp-json\/wp\/v2\/types\/page"}],"author":[{"embeddable":true,"href":"https:\/\/www.blackjackinfo.com\/it\/wp-json\/wp\/v2\/users\/3"}],"replies":[{"embeddable":true,"href":"https:\/\/www.blackjackinfo.com\/it\/wp-json\/wp\/v2\/comments?post=2447"}],"version-history":[{"count":8,"href":"https:\/\/www.blackjackinfo.com\/it\/wp-json\/wp\/v2\/pages\/2447\/revisions"}],"predecessor-version":[{"id":3942,"href":"https:\/\/www.blackjackinfo.com\/it\/wp-json\/wp\/v2\/pages\/2447\/revisions\/3942"}],"up":[{"embeddable":true,"href":"https:\/\/www.blackjackinfo.com\/it\/wp-json\/wp\/v2\/pages\/1928"}],"wp:featuredmedia":[{"embeddable":true,"href":"https:\/\/www.blackjackinfo.com\/it\/wp-json\/wp\/v2\/media\/3046"}],"wp:attachment":[{"href":"https:\/\/www.blackjackinfo.com\/it\/wp-json\/wp\/v2\/media?parent=2447"}],"wp:term":[{"taxonomy":"post_tag","embeddable":true,"href":"https:\/\/www.blackjackinfo.com\/it\/wp-json\/wp\/v2\/tags?post=2447"}],"curies":[{"name":"wp","href":"https:\/\/api.w.org\/{rel}","templated":true}]}}