{"id":2698,"date":"2017-03-06T21:36:59","date_gmt":"2017-03-07T03:36:59","guid":{"rendered":"https:\/\/www.blackjackinfo.com\/?page_id=2698\/"},"modified":"2018-04-16T20:44:28","modified_gmt":"2018-04-17T01:44:28","slug":"blackjack-online","status":"publish","type":"page","link":"https:\/\/www.blackjackinfo.com\/it\/blackjack-online\/","title":{"rendered":"Blackjack online"},"content":{"rendered":"<p>Il Trainer per la Strategia del Blackjack \u00e8 un gioco gratuito di blackjack che vi insegna la strategia base mentre giocate. Selezionate le regole esatte che desiderate, e l&#8217;istruttore per la strategia vi avviser\u00e0 se la vostra mossa non \u00e8 corretta rispetto alla strategia base. (Se preferite potete anche disabilitare l&#8217;insegnante.)<\/p>\n<div class=\"text-center\">\n<object classid=\"clsid:D27CDB6E-AE6D-11cf-96B8-444553540000\" width=\"660\" height=\"480\"><param name=\"movie\" value=\"\/swf\/BlackjackStrategyTrainer.swf\" \/><!--[if !IE]>--><br \/>\n        <object type=\"application\/x-shockwave-flash\" data=\"\/swf\/BlackjackStrategyTrainer.swf\" width=\"660\" height=\"480\"><!--<![endif]--><\/p>\n<div class=\"panel callout radius text-left\">\n<p>Sorry, but the Strategy Trainer requires Flash, and your device doesn&#8217;t support that.<\/p>\n<p>We&#8217;re working on a new version that will work on all devices.  Subscribe to the mailing list if you want to be notified when it arrives.<\/p>\n<\/p><\/div>\n<p>        <!--[if !IE]>--><\/object><br \/>\n        <!--<![endif]--><\/object>\n<\/div>\n","protected":false},"excerpt":{"rendered":"<p>Il Trainer per la Strategia del Blackjack \u00e8 un gioco gratuito di blackjack che vi insegna la strategia base mentre giocate. Selezionate le regole esatte che desiderate, e l&#8217;istruttore per la strategia vi avviser\u00e0 se la vostra mossa non \u00e8 corretta rispetto alla strategia base. (Se preferite potete anche disabilitare l&#8217;insegnante.) Sorry, but the Strategy [&hellip;]<\/p>\n","protected":false},"author":4,"featured_media":0,"parent":0,"menu_order":0,"comment_status":"open","ping_status":"open","template":"page-with-sidebar.php","meta":{"_acf_changed":false,"footnotes":""},"tags":[],"class_list":["post-2698","page","type-page","status-publish","hentry"],"acf":[],"yoast_head":"<!-- This site is optimized with the Yoast SEO plugin v26.6 - https:\/\/yoast.com\/wordpress\/plugins\/seo\/ -->\n<title>Blackjack Online - Gioco Gratuito di Blackjack<\/title>\n<meta name=\"description\" content=\"Il Trainer per la Strategia del Blackjack \u00e8 un gioco gratuito di blackjack che vi insegna la strategia base mentre giocate. Selezionate le regole esatte\" \/>\n<meta name=\"robots\" content=\"index, follow, max-snippet:-1, max-image-preview:large, max-video-preview:-1\" \/>\n<link rel=\"canonical\" href=\"https:\/\/www.it.blackjackinfo.com\/blackjack-online\/\" \/>\n<meta property=\"og:locale\" content=\"it_IT\" \/>\n<meta property=\"og:type\" content=\"article\" \/>\n<meta property=\"og:title\" content=\"Blackjack Online - Gioco Gratuito di Blackjack\" \/>\n<meta property=\"og:description\" content=\"Il Trainer per la Strategia del Blackjack \u00e8 un gioco gratuito di blackjack che vi insegna la strategia base mentre giocate. Selezionate le regole esatte\" \/>\n<meta property=\"og:url\" content=\"https:\/\/www.it.blackjackinfo.com\/blackjack-online\/\" \/>\n<meta property=\"og:site_name\" content=\"BlackjackInfo.com\" \/>\n<meta property=\"article:modified_time\" content=\"2018-04-17T01:44:28+00:00\" \/>\n<script type=\"application\/ld+json\" class=\"yoast-schema-graph\">{\"@context\":\"https:\/\/schema.org\",\"@graph\":[{\"@type\":\"WebPage\",\"@id\":\"https:\/\/www.it.blackjackinfo.com\/blackjack-online\/\",\"url\":\"https:\/\/www.it.blackjackinfo.com\/blackjack-online\/\",\"name\":\"Blackjack Online - Gioco Gratuito di Blackjack\",\"isPartOf\":{\"@id\":\"https:\/\/www.blackjackinfo.com\/#website\"},\"datePublished\":\"2017-03-07T03:36:59+00:00\",\"dateModified\":\"2018-04-17T01:44:28+00:00\",\"description\":\"Il Trainer per la Strategia del Blackjack \u00e8 un gioco gratuito di blackjack che vi insegna la strategia base mentre giocate. Selezionate le regole esatte\",\"breadcrumb\":{\"@id\":\"https:\/\/www.it.blackjackinfo.com\/blackjack-online\/#breadcrumb\"},\"inLanguage\":\"it-IT\",\"potentialAction\":[{\"@type\":\"ReadAction\",\"target\":[\"https:\/\/www.it.blackjackinfo.com\/blackjack-online\/\"]}]},{\"@type\":\"BreadcrumbList\",\"@id\":\"https:\/\/www.it.blackjackinfo.com\/blackjack-online\/#breadcrumb\",\"itemListElement\":[{\"@type\":\"ListItem\",\"position\":1,\"name\":\"Home\",\"item\":\"https:\/\/www.blackjackinfo.com\/\"},{\"@type\":\"ListItem\",\"position\":2,\"name\":\"Blackjack Online\"}]},{\"@type\":\"WebSite\",\"@id\":\"https:\/\/www.blackjackinfo.com\/#website\",\"url\":\"https:\/\/www.blackjackinfo.com\/\",\"name\":\"BlackjackInfo.com\",\"description\":\"Because Winning is More Fun!\",\"potentialAction\":[{\"@type\":\"SearchAction\",\"target\":{\"@type\":\"EntryPoint\",\"urlTemplate\":\"https:\/\/www.blackjackinfo.com\/?s={search_term_string}\"},\"query-input\":{\"@type\":\"PropertyValueSpecification\",\"valueRequired\":true,\"valueName\":\"search_term_string\"}}],\"inLanguage\":\"it-IT\"}]}<\/script>\n<!-- \/ Yoast SEO plugin. -->","yoast_head_json":{"title":"Blackjack Online - Gioco Gratuito di Blackjack","description":"Il Trainer per la Strategia del Blackjack \u00e8 un gioco gratuito di blackjack che vi insegna la strategia di base mentre giocate. Selezionate le regole esatte","robots":{"index":"index","follow":"follow","max-snippet":"max-snippet:-1","max-image-preview":"max-image-preview:large","max-video-preview":"max-video-preview:-1"},"canonical":"https:\/\/www.it.blackjackinfo.com\/blackjack-online\/","og_locale":"it_IT","og_type":"article","og_title":"Blackjack Online - Gioco Gratuito di Blackjack","og_description":"Il Trainer per la Strategia del Blackjack \u00e8 un gioco gratuito di blackjack che vi insegna la strategia base mentre giocate. Selezionate le regole esatte","og_url":"https:\/\/www.it.blackjackinfo.com\/blackjack-online\/","og_site_name":"BlackjackInfo.com","article_modified_time":"2018-04-17T01:44:28+00:00","schema":{"@context":"https:\/\/schema.org","@graph":[{"@type":"WebPage","@id":"https:\/\/www.it.blackjackinfo.com\/blackjack-online\/","url":"https:\/\/www.it.blackjackinfo.com\/blackjack-online\/","name":"Blackjack Online - Gioco Gratuito di Blackjack","isPartOf":{"@id":"https:\/\/www.blackjackinfo.com\/#website"},"datePublished":"2017-03-07T03:36:59+00:00","dateModified":"2018-04-17T01:44:28+00:00","description":"Il Trainer per la Strategia del Blackjack \u00e8 un gioco gratuito di blackjack che vi insegna la strategia di base mentre giocate. Selezionate le regole esatte","breadcrumb":{"@id":"https:\/\/www.it.blackjackinfo.com\/blackjack-online\/#breadcrumb"},"inLanguage":"it-IT","potentialAction":[{"@type":"ReadAction","target":["https:\/\/www.it.blackjackinfo.com\/blackjack-online\/"]}]},{"@type":"BreadcrumbList","@id":"https:\/\/www.it.blackjackinfo.com\/blackjack-online\/#breadcrumb","itemListElement":[{"@type":"ListItem","position":1,"name":"Home","item":"https:\/\/www.blackjackinfo.com\/"},{"@type":"ListItem","position":2,"name":"Blackjack Online"}]},{"@type":"WebSite","@id":"https:\/\/www.blackjackinfo.com\/#website","url":"https:\/\/www.blackjackinfo.com\/","name":"BlackjackInfo.com","description":"Perch\u00e9 vincere \u00e8 pi\u00f9 divertente!","potentialAction":[{"@type":"SearchAction","target":{"@type":"EntryPoint","urlTemplate":"https:\/\/www.blackjackinfo.com\/?s={search_term_string}"},"query-input":{"@type":"PropertyValueSpecification","valueRequired":true,"valueName":"search_term_string"}}],"inLanguage":"it-IT"}]}},"_links":{"self":[{"href":"https:\/\/www.blackjackinfo.com\/it\/wp-json\/wp\/v2\/pages\/2698","targetHints":{"allow":["GET"]}}],"collection":[{"href":"https:\/\/www.blackjackinfo.com\/it\/wp-json\/wp\/v2\/pages"}],"about":[{"href":"https:\/\/www.blackjackinfo.com\/it\/wp-json\/wp\/v2\/types\/page"}],"author":[{"embeddable":true,"href":"https:\/\/www.blackjackinfo.com\/it\/wp-json\/wp\/v2\/users\/4"}],"replies":[{"embeddable":true,"href":"https:\/\/www.blackjackinfo.com\/it\/wp-json\/wp\/v2\/comments?post=2698"}],"version-history":[{"count":1,"href":"https:\/\/www.blackjackinfo.com\/it\/wp-json\/wp\/v2\/pages\/2698\/revisions"}],"predecessor-version":[{"id":2699,"href":"https:\/\/www.blackjackinfo.com\/it\/wp-json\/wp\/v2\/pages\/2698\/revisions\/2699"}],"wp:attachment":[{"href":"https:\/\/www.blackjackinfo.com\/it\/wp-json\/wp\/v2\/media?parent=2698"}],"wp:term":[{"taxonomy":"post_tag","embeddable":true,"href":"https:\/\/www.blackjackinfo.com\/it\/wp-json\/wp\/v2\/tags?post=2698"}],"curies":[{"name":"wp","href":"https:\/\/api.w.org\/{rel}","templated":true}]}}