{"id":2813,"date":"2017-03-12T23:40:35","date_gmt":"2017-03-13T04:40:35","guid":{"rendered":"https:\/\/www.blackjackinfo.com\/?page_id=2813\/"},"modified":"2018-04-17T01:21:32","modified_gmt":"2018-04-17T06:21:32","slug":"conteggio-carte","status":"publish","type":"page","link":"https:\/\/www.blackjackinfo.com\/it\/conteggio-carte\/","title":{"rendered":"Conteggio Carte"},"content":{"rendered":"<p>Il conteggio delle carte \u00e8 un metodo legale di gioco che permette di acquisire un vantaggio matematico rispetto al casin\u00f2.<\/p>\n<p class=\"intro\">Il Blackjack \u00e8 differente rispetto agli altri giochi da casin\u00f2. Si pu\u00f2 battere. Poich\u00e8 pi\u00f9 mani escono tra i vari giocatori durante una mischiata ed un'altra, un giocatore pu\u00f2 usare queste informazioni, sulle carte giocate, per prevedere qualcosa sulle carte che dovranno ancora uscire. A differenza di giochi come la roulette o i dadi dove il colpo precedente non ha impatto sulle decisioni future, ogni mano nel blackjack impoverisce il mazzo delle carte restanti. Da questo semplice fatto nasce l'idea del conteggio delle carte, un metodo vantaggioso e legale di gioco che pu\u00f2 fornire al giocatore un vantaggio matematico sul casin\u00f2.<\/p>\n<p>Se le carte di valore alto come le figure, i dieci e gli assi, che rimangono nel mazzo e che devono ancora uscire, sono maggiori rispetto a quelle di valore basso, allora il vantaggio del giocatore aumenta. Perci\u00f2, il conteggio delle carte \u00e8 semplicemente un metodo che determina quando il mazzo restante \u00e8 favorevole al giocatore. Quando il mazzo \u00e8 \"ricco\" di assi e di carte con valore dieci, il giocatore effettua puntate alte. Quando invece il mazzo ha pi\u00f9 carte di valore basso come dai due ai sei, il giocatore far\u00e0 puntate molto piccole o lascer\u00e0 il tavolo.<\/p>\n<p>Con l'aiuto degli articoli e delle discussioni che troverete sotto, potrete capire che il conteggio delle carte non \u00e8 solo per i geni matematici, a differenza di quanto hanno raccontato, ingannevolmente, i film <i>\"Rain Man\"<\/i> o <i>\u201c21\u201d<\/i>. Invece, molti giocatori, che vogliono impegnarsi in questa attivit\u00e0, possono imparare a vincere al gioco del blackjack.<\/p>\n<h2 class=\"title\">Articoli sul conteggio delle carte al Blackjack<\/h2>\n<h3 class=\"gbs-heading\">In italiano<\/h3>\n<ul class=\"articles\">\n<li><a href=\"https:\/\/www.it.blackjackinfo.com\/it\/scuola-di-blackjack\/\">La Scuola di Blackjack di GameMaster<\/a>: Un corso gratuito di 24 lezioni per contare le carte al blackjack.<\/li>\n<li><a href=\"https:\/\/www.it.blackjackinfo.com\/it\/miglior-lavoro-del-mondo.php\">Il Miglior Lavoro del Mondo<\/a>: Una panoramica di vita da un professionista a tempo pieno del blackjack.\n<div class=\"meta\">di Kevin Blackwood<\/div>\n<blockquote><p><strong>Kevin Blackwood<\/strong> \u00e8 da molto tempo un giocatore professionista di blackjack, che ha vinto pi\u00f9 di un milione di dollari nei casin\u00f2 contando le carte. Egli inoltre \u00e8 uno scrittore formidabile, autore di <a href=\"https:\/\/www.it.blackjackinfo.com\/store\/play-blackjack-like-the-pros.html\">Giocare a blackjack come i professionisti<\/a> pubblicato da Harper Collins. Gli altri suoi lavori includono un romanzo <a href=\"http:\/\/www.amazon.com\/dp\/0971727309\/?tag=theblackjacbasic\">Il contatore<\/a>, e <a href=\"http:\/\/www.amazon.com\/dp\/047175286X\/?tag=theblackjacbasic\">Gioco d'azzardo al casin\u00f2 per principianti<\/a>. Insieme a Larry Barker, \u00e8 co-autore di un e-book <a href=\"http:\/\/deepnettech.com\/estore\/index.php?main_page=product_info&amp;cPath=2&amp;products_id=60\">Leggende del Blackjack<\/a>.<\/p><\/blockquote>\n<\/li>\n<\/ul>\n<h3 class=\"gbs-heading\">In inglese<\/h3>\n<ul class=\"articles\">\n<li><a href=\"https:\/\/www.it.blackjackinfo.com\/files\/Ben-Franklin-Count.pdf\"><span lang=\"en\">Il conto di Ben Franklin<\/span><\/a><img loading=\"lazy\" decoding=\"async\" class=\"icon\" src=\"https:\/\/www.it.blackjackinfo.com\/it\/AcrobatLogo.gif\" alt=\"Adobe Acrobat\" width=\"32\" height=\"32\" data-no-auto-translation=\"\" \/>(in formato PDF): Un sistema di conteggio per giochi con 6 o 8 mazzi di carte, che arrotonda tutti gli indici numerici a 0, 5, o 10 per semplificarne l'uso. Prodotto dall'utente del nostro forum, Automatic Monkey.<\/li>\n<li><a href=\"https:\/\/www.it.blackjackinfo.com\/knowledge-base\/\">Archivi di forum<\/a>: Archivio dei messaggi inseriti dal vecchio forum.<\/li>\n<\/ul>","protected":false},"excerpt":{"rendered":"<p>Il conteggio delle carte \u00e8 un metodo legale di gioco che permette di acquisire un vantaggio matematico rispetto al casino. Il Blackjack \u00e8 differente rispetto agli altri giochi da casino. Si pu\u00f2 battere. Poich\u00e8 pi\u00f9 mani escono tra i vari giocatori durante una mischiata ed un&#8217;altra, un giocatore pu\u00f2 usare queste informazioni, sulle carte giocate, [&hellip;]<\/p>\n","protected":false},"author":4,"featured_media":0,"parent":0,"menu_order":0,"comment_status":"open","ping_status":"closed","template":"page-with-sidebar.php","meta":{"_acf_changed":false,"footnotes":""},"tags":[],"class_list":["post-2813","page","type-page","status-publish","hentry"],"acf":[],"yoast_head":"<!-- This site is optimized with the Yoast SEO plugin v26.6 - https:\/\/yoast.com\/wordpress\/plugins\/seo\/ -->\n<title>Conteggio Carte<\/title>\n<meta name=\"description\" content=\"Il conteggio delle carte \u00e8 un metodo legale di gioco che permette di acquisire un vantaggio matematico rispetto al casino. Il Blackjack \u00e8 differente\" \/>\n<meta name=\"robots\" content=\"index, follow, max-snippet:-1, max-image-preview:large, max-video-preview:-1\" \/>\n<link rel=\"canonical\" href=\"https:\/\/www.blackjackinfo.com\/it\/conteggio-delle-carte\/\" \/>\n<meta property=\"og:locale\" content=\"it_IT\" \/>\n<meta property=\"og:type\" content=\"article\" \/>\n<meta property=\"og:title\" content=\"Conteggio Carte\" \/>\n<meta property=\"og:description\" content=\"Il conteggio delle carte \u00e8 un metodo legale di gioco che permette di acquisire un vantaggio matematico rispetto al casino. Il Blackjack \u00e8 differente\" \/>\n<meta property=\"og:url\" content=\"https:\/\/www.blackjackinfo.com\/it\/conteggio-delle-carte\/\" \/>\n<meta property=\"og:site_name\" content=\"BlackjackInfo.com\" \/>\n<meta property=\"article:modified_time\" content=\"2018-04-17T06:21:32+00:00\" \/>\n<meta property=\"og:image\" content=\"https:\/\/www.it.blackjackinfo.com\/it\/AcrobatLogo.gif\" \/>\n<meta name=\"twitter:label1\" content=\"Tempo di lettura stimato\" \/>\n\t<meta name=\"twitter:data1\" content=\"2 minuti\" \/>\n<script type=\"application\/ld+json\" class=\"yoast-schema-graph\">{\"@context\":\"https:\/\/schema.org\",\"@graph\":[{\"@type\":\"WebPage\",\"@id\":\"https:\/\/www.blackjackinfo.com\/card-counting\/\",\"url\":\"https:\/\/www.blackjackinfo.com\/card-counting\/\",\"name\":\"Conteggio Carte\",\"isPartOf\":{\"@id\":\"https:\/\/www.blackjackinfo.com\/#website\"},\"primaryImageOfPage\":{\"@id\":\"https:\/\/www.blackjackinfo.com\/card-counting\/#primaryimage\"},\"image\":{\"@id\":\"https:\/\/www.blackjackinfo.com\/card-counting\/#primaryimage\"},\"thumbnailUrl\":\"https:\/\/www.it.blackjackinfo.com\/it\/AcrobatLogo.gif\",\"datePublished\":\"2017-03-13T04:40:35+00:00\",\"dateModified\":\"2018-04-17T06:21:32+00:00\",\"description\":\"Il conteggio delle carte \u00e8 un metodo legale di gioco che permette di acquisire un vantaggio matematico rispetto al casino. Il Blackjack \u00e8 differente\",\"breadcrumb\":{\"@id\":\"https:\/\/www.blackjackinfo.com\/card-counting\/#breadcrumb\"},\"inLanguage\":\"it-IT\",\"potentialAction\":[{\"@type\":\"ReadAction\",\"target\":[\"https:\/\/www.blackjackinfo.com\/card-counting\/\"]}]},{\"@type\":\"ImageObject\",\"inLanguage\":\"it-IT\",\"@id\":\"https:\/\/www.blackjackinfo.com\/card-counting\/#primaryimage\",\"url\":\"https:\/\/www.it.blackjackinfo.com\/it\/AcrobatLogo.gif\",\"contentUrl\":\"https:\/\/www.it.blackjackinfo.com\/it\/AcrobatLogo.gif\"},{\"@type\":\"BreadcrumbList\",\"@id\":\"https:\/\/www.blackjackinfo.com\/card-counting\/#breadcrumb\",\"itemListElement\":[{\"@type\":\"ListItem\",\"position\":1,\"name\":\"Home\",\"item\":\"https:\/\/www.blackjackinfo.com\/\"},{\"@type\":\"ListItem\",\"position\":2,\"name\":\"Conteggio Carte\"}]},{\"@type\":\"WebSite\",\"@id\":\"https:\/\/www.blackjackinfo.com\/#website\",\"url\":\"https:\/\/www.blackjackinfo.com\/\",\"name\":\"BlackjackInfo.com\",\"description\":\"Because Winning is More Fun!\",\"potentialAction\":[{\"@type\":\"SearchAction\",\"target\":{\"@type\":\"EntryPoint\",\"urlTemplate\":\"https:\/\/www.blackjackinfo.com\/?s={search_term_string}\"},\"query-input\":{\"@type\":\"PropertyValueSpecification\",\"valueRequired\":true,\"valueName\":\"search_term_string\"}}],\"inLanguage\":\"it-IT\"}]}<\/script>\n<!-- \/ Yoast SEO plugin. -->","yoast_head_json":{"title":"Conteggio Carte","description":"Il conteggio delle carte \u00e8 un metodo legale di gioco che permette di acquisire un vantaggio matematico rispetto al casin\u00f2. Il Blackjack \u00e8 differente","robots":{"index":"index","follow":"follow","max-snippet":"max-snippet:-1","max-image-preview":"max-image-preview:large","max-video-preview":"max-video-preview:-1"},"canonical":"https:\/\/www.blackjackinfo.com\/it\/conteggio-delle-carte\/","og_locale":"it_IT","og_type":"article","og_title":"Conteggio Carte","og_description":"Il conteggio delle carte \u00e8 un metodo legale di gioco che permette di acquisire un vantaggio matematico rispetto al casino. Il Blackjack \u00e8 differente","og_url":"https:\/\/www.blackjackinfo.com\/it\/conteggio-delle-carte\/","og_site_name":"BlackjackInfo.com","article_modified_time":"2018-04-17T06:21:32+00:00","og_image":[{"url":"https:\/\/www.it.blackjackinfo.com\/it\/AcrobatLogo.gif","type":"","width":"","height":""}],"twitter_misc":{"Tempo di lettura stimato":"2 minuti"},"schema":{"@context":"https:\/\/schema.org","@graph":[{"@type":"WebPage","@id":"https:\/\/www.blackjackinfo.com\/card-counting\/","url":"https:\/\/www.blackjackinfo.com\/card-counting\/","name":"Conteggio Carte","isPartOf":{"@id":"https:\/\/www.blackjackinfo.com\/#website"},"primaryImageOfPage":{"@id":"https:\/\/www.blackjackinfo.com\/card-counting\/#primaryimage"},"image":{"@id":"https:\/\/www.blackjackinfo.com\/card-counting\/#primaryimage"},"thumbnailUrl":"https:\/\/www.it.blackjackinfo.com\/it\/AcrobatLogo.gif","datePublished":"2017-03-13T04:40:35+00:00","dateModified":"2018-04-17T06:21:32+00:00","description":"Il conteggio delle carte \u00e8 un metodo legale di gioco che permette di acquisire un vantaggio matematico rispetto al casin\u00f2. Il Blackjack \u00e8 differente","breadcrumb":{"@id":"https:\/\/www.blackjackinfo.com\/card-counting\/#breadcrumb"},"inLanguage":"it-IT","potentialAction":[{"@type":"ReadAction","target":["https:\/\/www.blackjackinfo.com\/card-counting\/"]}]},{"@type":"ImageObject","inLanguage":"it-IT","@id":"https:\/\/www.blackjackinfo.com\/card-counting\/#primaryimage","url":"https:\/\/www.it.blackjackinfo.com\/it\/AcrobatLogo.gif","contentUrl":"https:\/\/www.it.blackjackinfo.com\/it\/AcrobatLogo.gif"},{"@type":"BreadcrumbList","@id":"https:\/\/www.blackjackinfo.com\/card-counting\/#breadcrumb","itemListElement":[{"@type":"ListItem","position":1,"name":"Home","item":"https:\/\/www.blackjackinfo.com\/"},{"@type":"ListItem","position":2,"name":"Conteggio Carte"}]},{"@type":"WebSite","@id":"https:\/\/www.blackjackinfo.com\/#website","url":"https:\/\/www.blackjackinfo.com\/","name":"BlackjackInfo.com","description":"Perch\u00e9 vincere \u00e8 pi\u00f9 divertente!","potentialAction":[{"@type":"SearchAction","target":{"@type":"EntryPoint","urlTemplate":"https:\/\/www.blackjackinfo.com\/?s={search_term_string}"},"query-input":{"@type":"PropertyValueSpecification","valueRequired":true,"valueName":"search_term_string"}}],"inLanguage":"it-IT"}]}},"_links":{"self":[{"href":"https:\/\/www.blackjackinfo.com\/it\/wp-json\/wp\/v2\/pages\/2813","targetHints":{"allow":["GET"]}}],"collection":[{"href":"https:\/\/www.blackjackinfo.com\/it\/wp-json\/wp\/v2\/pages"}],"about":[{"href":"https:\/\/www.blackjackinfo.com\/it\/wp-json\/wp\/v2\/types\/page"}],"author":[{"embeddable":true,"href":"https:\/\/www.blackjackinfo.com\/it\/wp-json\/wp\/v2\/users\/4"}],"replies":[{"embeddable":true,"href":"https:\/\/www.blackjackinfo.com\/it\/wp-json\/wp\/v2\/comments?post=2813"}],"version-history":[{"count":1,"href":"https:\/\/www.blackjackinfo.com\/it\/wp-json\/wp\/v2\/pages\/2813\/revisions"}],"predecessor-version":[{"id":2814,"href":"https:\/\/www.blackjackinfo.com\/it\/wp-json\/wp\/v2\/pages\/2813\/revisions\/2814"}],"wp:attachment":[{"href":"https:\/\/www.blackjackinfo.com\/it\/wp-json\/wp\/v2\/media?parent=2813"}],"wp:term":[{"taxonomy":"post_tag","embeddable":true,"href":"https:\/\/www.blackjackinfo.com\/it\/wp-json\/wp\/v2\/tags?post=2813"}],"curies":[{"name":"wp","href":"https:\/\/api.w.org\/{rel}","templated":true}]}}