{"id":3173,"date":"2017-10-08T04:23:35","date_gmt":"2017-10-08T09:23:35","guid":{"rendered":"https:\/\/www.blackjackinfo.com\/?page_id=3173"},"modified":"2026-04-07T08:48:08","modified_gmt":"2026-04-07T13:48:08","slug":"blackjackinfo-blackjack-strategy-trainer","status":"publish","type":"page","link":"https:\/\/www.blackjackinfo.com\/it\/blackjackinfo-blackjack-strategy-trainer\/","title":{"rendered":"Allenatore di strategia del blackjack"},"content":{"rendered":"<div class=\"wp-block-group container\"><div class=\"wp-block-group__inner-container is-layout-constrained wp-block-group-is-layout-constrained\">\n<p>Questa \u00e8 la versione aggiornata del vecchio allenatore di strategie di blackjack in flash, creato dalla leggenda del blackjack.&nbsp;<a href=\"https:\/\/www.blackjackinfo.com\/about\/#who-is-ken-smith\">Ken Smith<\/a>. <\/p>\n\n\n\n<p>Se trovate qualche bug, lasciate un messaggio <a href=\"#wpd-threads\">commento<\/a> sotto! Il vostro feedback \u00e8 molto apprezzato. <strong>Fare clic sul pulsante a schermo intero <img loading=\"lazy\" decoding=\"async\" src=\"https:\/\/www.blackjackinfo.com\/content\/plugins\/blackjack-strategy-trainer\/dist\/icons\/fullscreen-enter.svg\" alt=\"\" width=\"28\" height=\"28\" data-no-auto-translation=\"\" \/>&nbsp;(in alto a destra nel gioco) per un'esperienza ottimale.<\/strong><\/p>\n\n\n\n<p class=\"bs-callout bs-callout-info\">Il trainer \u00e8 stato aggiornato per essere pi\u00f9 veloce e pi\u00f9 adatto ai dispositivi mobili. Se preferite la versione precedente, <a href=\"https:\/\/www.blackjackinfo.com\/blackjack-strategy-trainer-2\/\">clicca qui<\/a>.<\/p>\n<\/div><\/div>\n\n\n\n<div id=\"blackjack-trainer\"><div role=\"status\" aria-live=\"polite\" style=\"min-height:320px;display:flex;align-items:center;justify-content:center;padding:24px;background:#0f1a0d;color:#d4af37\"><span style=\"font-family:Inter,system-ui,sans-serif;font-size:16px;font-weight:600;letter-spacing:0.08em;text-transform:uppercase;text-align:center\">Caricamento di Blackjack Trainer...<\/span><\/div><\/div>\n\n\n\n<div class=\"wp-block-group container pT40\"><div class=\"wp-block-group__inner-container is-layout-constrained wp-block-group-is-layout-constrained\">\n<h2 class=\"wp-block-heading\">Come utilizzare il trainer<\/h2>\n\n\n\n<p>Giocate ogni mano come fareste normalmente. Dopo ogni decisione, l'istruttore indica il <a href=\"https:\/\/www.blackjackinfo.com\/blackjack-basic-strategy-engine\/\">strategia di base corretta<\/a> e mostra dove si \u00e8 sbagliato se si commette un errore.<\/p>\n\n\n\n<p>Il grafico della strategia integrata <img loading=\"lazy\" decoding=\"async\" src=\"https:\/\/www.blackjackinfo.com\/content\/plugins\/blackjack-strategy-trainer\/dist\/icons\/strategy-chart.svg\" alt=\"\" width=\"20\" height=\"20\" data-no-auto-translation=\"\" \/> offre un riferimento visivo completo per mani difficili, mani morbide e coppie. Se volete ricontrollare una mossa, aprite la tabella e confrontate la giocata corretta con l'upcard del banco.<\/p>\n\n\n\n<p>Il display di precisione <span class=\"bjt-inline-accuracy\" style=\"display:inline-flex;align-items:center;gap:0.2em;padding:0.2em 0.7em;border:1px solid rgba(15,23,42,0.12);border-radius:4px;background:#f8fafc;color:#475569;font-size:0.82em;font-weight:600;line-height:1.2;vertical-align:-0.12em;box-shadow:inset 0 1px 0 rgba(255,255,255,0.9);white-space:nowrap\"><span style=\"color:#4ade80\">18<\/span> \/ 22 - 82%<\/span> mostra la frequenza con cui si sceglie la mossa corretta. Facendo clic su di esso, si apre una panoramica dettagliata dei risultati ottenuti, che comprende la precisione complessiva, le prestazioni in base al tipo di mano e gli errori pi\u00f9 frequenti.<\/p>\n\n\n\n<h3 class=\"wp-block-heading\">Perch\u00e9 la strategia di base \u00e8 importante<\/h3>\n\n\n\n<p>La strategia di base \u00e8 il modo matematicamente corretto di giocare a blackjack, basato sulla vostra mano e sull'upcard del banco. Non garantisce la vittoria in ogni mano, ma riduce i costosi errori e offre le migliori decisioni a lungo termine.<\/p>\n\n\n\n<p>La maggior parte dei giocatori perde denaro extra stando in piedi, colpendo, dividendo o raddoppiando nei punti sbagliati. Esercitarsi con un feedback dal vivo aiuta a costruire le giuste abitudini molto pi\u00f9 velocemente.<\/p>\n\n\n\n<h3 class=\"wp-block-heading\">Cosa imparerete<\/h3>\n\n\n\n<p>Questo trainer vi aiuta a migliorare le parti pi\u00f9 importanti della strategia del blackjack:<\/p>\n\n\n\n<ul class=\"wp-block-list\">\n<li>Totali rigidi<\/li>\n\n\n\n<li>Totali morbidi<\/li>\n\n\n\n<li>Divisione in coppie<\/li>\n\n\n\n<li>Decisioni di raddoppio<\/li>\n\n\n\n<li>Decisioni di rinuncia<\/li>\n\n\n\n<li>Cambiamenti di strategia dipendenti dalle regole<\/li>\n<\/ul>\n\n\n\n<h3 class=\"wp-block-heading\">Personalizzare le regole<\/h3>\n\n\n\n<p>La strategia del blackjack cambia a seconda del gioco. Cliccate sull'icona delle impostazioni in alto a sinistra per esercitarvi con diverse regole, tra cui:<\/p>\n\n\n\n<ul class=\"wp-block-list\">\n<li>Numero di mazzi (default 6)<\/li>\n\n\n\n<li>Il mazziere colpisce o sta su un 17 morbido (default Sta)<\/li>\n\n\n\n<li>Restrizioni al doppio down (due carte qualsiasi)<\/li>\n\n\n\n<li>Doppio dopo la divisione - (default Consentito)<\/li>\n\n\n\n<li>Disponibilit\u00e0 di riscatto (default Nessuno)<\/li>\n\n\n\n<li>Regole di sbirciata del mazziere (default S\u00ec)<\/li>\n\n\n\n<li>Allenatore di strategia (impostazione predefinita On)<\/li>\n<\/ul>\n\n\n\n<p>Ci\u00f2 significa che \u00e8 possibile allenarsi per i tavoli specifici in cui si gioca.<\/p>\n\n\n\n<h3 class=\"wp-block-heading\">Utilizzare il grafico della strategia e le statistiche<\/h3>\n\n\n\n<p>Il grafico strategico incorporato offre un riferimento visivo completo per mani difficili, mani morbide e coppie. Se volete prima studiare e poi giocare, questo grafico \u00e8 uno strumento di consultazione rapida. Se preferite imparare facendo, potete usarlo dopo un errore per rafforzare la mossa giusta.<\/p>\n\n\n\n<p>La visualizzazione delle statistiche tiene traccia della vostra precisione complessiva ed evidenzia gli errori che commettete pi\u00f9 spesso, in modo da sapere esattamente su cosa lavorare successivamente. <\/p>\n\n\n\n<p>Per saperne di pi\u00f9, visitate il nostro sito <a href=\"http:\/\/localhost:8000\/blackjack-basic-strategy-engine\/\">pagina sulla strategia di base del blackjack<\/a>.<\/p>\n<\/div><\/div>","protected":false},"excerpt":{"rendered":"<p>This is the updated version of the old flash blackjack strategy trainer which was created by blackjack legend&nbsp;Ken Smith. If you find any bugs please leave a comment below! Your feedback is greatly appreciated. Click on the full screen button &nbsp;(found at the top right of the game) for the best experience. The trainer has [&hellip;]<\/p>\n","protected":false},"author":4,"featured_media":0,"parent":0,"menu_order":0,"comment_status":"open","ping_status":"closed","template":"page-full-width.php","meta":{"_acf_changed":false,"footnotes":""},"tags":[],"class_list":["post-3173","page","type-page","status-publish","hentry"],"acf":[],"yoast_head":"<!-- This site is optimized with the Yoast SEO plugin v26.6 - https:\/\/yoast.com\/wordpress\/plugins\/seo\/ -->\n<title>Blackjack Strategy Trainer - Interactive Practice Tool<\/title>\n<meta name=\"description\" content=\"Learn how to play basic blackjack strategy with our interactive game. It will teach you basic strategy and warns if you make any mistakes.\" \/>\n<meta name=\"robots\" content=\"index, follow, max-snippet:-1, max-image-preview:large, max-video-preview:-1\" \/>\n<link rel=\"canonical\" href=\"https:\/\/www.blackjackinfo.com\/it\/blackjackinfo-blackjack-strategy-trainer\/\" \/>\n<meta property=\"og:locale\" content=\"it_IT\" \/>\n<meta property=\"og:type\" content=\"article\" \/>\n<meta property=\"og:title\" content=\"Blackjack Strategy Trainer - Interactive Practice Tool\" \/>\n<meta property=\"og:description\" content=\"Learn how to play basic blackjack strategy with our interactive game. It will teach you basic strategy and warns if you make any mistakes.\" \/>\n<meta property=\"og:url\" content=\"https:\/\/www.blackjackinfo.com\/it\/blackjackinfo-blackjack-strategy-trainer\/\" \/>\n<meta property=\"og:site_name\" content=\"BlackjackInfo.com\" \/>\n<meta property=\"article:modified_time\" content=\"2026-04-07T13:48:08+00:00\" \/>\n<script type=\"application\/ld+json\" class=\"yoast-schema-graph\">{\"@context\":\"https:\/\/schema.org\",\"@graph\":[{\"@type\":\"WebPage\",\"@id\":\"https:\/\/www.blackjackinfo.com\/blackjackinfo-blackjack-strategy-trainer\/\",\"url\":\"https:\/\/www.blackjackinfo.com\/blackjackinfo-blackjack-strategy-trainer\/\",\"name\":\"Blackjack Strategy Trainer - Interactive Practice Tool\",\"isPartOf\":{\"@id\":\"https:\/\/www.blackjackinfo.com\/#website\"},\"datePublished\":\"2017-10-08T09:23:35+00:00\",\"dateModified\":\"2026-04-07T13:48:08+00:00\",\"description\":\"Learn how to play basic blackjack strategy with our interactive game. It will teach you basic strategy and warns if you make any mistakes.\",\"breadcrumb\":{\"@id\":\"https:\/\/www.blackjackinfo.com\/blackjackinfo-blackjack-strategy-trainer\/#breadcrumb\"},\"inLanguage\":\"it-IT\",\"potentialAction\":[{\"@type\":\"ReadAction\",\"target\":[\"https:\/\/www.blackjackinfo.com\/blackjackinfo-blackjack-strategy-trainer\/\"]}]},{\"@type\":\"BreadcrumbList\",\"@id\":\"https:\/\/www.blackjackinfo.com\/blackjackinfo-blackjack-strategy-trainer\/#breadcrumb\",\"itemListElement\":[{\"@type\":\"ListItem\",\"position\":1,\"name\":\"Home\",\"item\":\"https:\/\/www.blackjackinfo.com\/\"},{\"@type\":\"ListItem\",\"position\":2,\"name\":\"Blackjack Strategy Trainer\"}]},{\"@type\":\"WebSite\",\"@id\":\"https:\/\/www.blackjackinfo.com\/#website\",\"url\":\"https:\/\/www.blackjackinfo.com\/\",\"name\":\"BlackjackInfo.com\",\"description\":\"Because Winning is More Fun!\",\"potentialAction\":[{\"@type\":\"SearchAction\",\"target\":{\"@type\":\"EntryPoint\",\"urlTemplate\":\"https:\/\/www.blackjackinfo.com\/?s={search_term_string}\"},\"query-input\":{\"@type\":\"PropertyValueSpecification\",\"valueRequired\":true,\"valueName\":\"search_term_string\"}}],\"inLanguage\":\"it-IT\"}]}<\/script>\n<!-- \/ Yoast SEO plugin. -->","yoast_head_json":{"title":"Blackjack Strategy Trainer - Strumento interattivo di pratica","description":"Imparate a giocare alla strategia di base del blackjack con il nostro gioco interattivo. Vi insegner\u00e0 la strategia di base e vi avviser\u00e0 se commetterete degli errori.","robots":{"index":"index","follow":"follow","max-snippet":"max-snippet:-1","max-image-preview":"max-image-preview:large","max-video-preview":"max-video-preview:-1"},"canonical":"https:\/\/www.blackjackinfo.com\/it\/blackjackinfo-blackjack-strategy-trainer\/","og_locale":"it_IT","og_type":"article","og_title":"Blackjack Strategy Trainer - Interactive Practice Tool","og_description":"Learn how to play basic blackjack strategy with our interactive game. It will teach you basic strategy and warns if you make any mistakes.","og_url":"https:\/\/www.blackjackinfo.com\/it\/blackjackinfo-blackjack-strategy-trainer\/","og_site_name":"BlackjackInfo.com","article_modified_time":"2026-04-07T13:48:08+00:00","schema":{"@context":"https:\/\/schema.org","@graph":[{"@type":"WebPage","@id":"https:\/\/www.blackjackinfo.com\/blackjackinfo-blackjack-strategy-trainer\/","url":"https:\/\/www.blackjackinfo.com\/blackjackinfo-blackjack-strategy-trainer\/","name":"Blackjack Strategy Trainer - Strumento interattivo di pratica","isPartOf":{"@id":"https:\/\/www.blackjackinfo.com\/#website"},"datePublished":"2017-10-08T09:23:35+00:00","dateModified":"2026-04-07T13:48:08+00:00","description":"Imparate a giocare alla strategia di base del blackjack con il nostro gioco interattivo. Vi insegner\u00e0 la strategia di base e vi avviser\u00e0 se commetterete degli errori.","breadcrumb":{"@id":"https:\/\/www.blackjackinfo.com\/blackjackinfo-blackjack-strategy-trainer\/#breadcrumb"},"inLanguage":"it-IT","potentialAction":[{"@type":"ReadAction","target":["https:\/\/www.blackjackinfo.com\/blackjackinfo-blackjack-strategy-trainer\/"]}]},{"@type":"BreadcrumbList","@id":"https:\/\/www.blackjackinfo.com\/blackjackinfo-blackjack-strategy-trainer\/#breadcrumb","itemListElement":[{"@type":"ListItem","position":1,"name":"Home","item":"https:\/\/www.blackjackinfo.com\/"},{"@type":"ListItem","position":2,"name":"Blackjack Strategy Trainer"}]},{"@type":"WebSite","@id":"https:\/\/www.blackjackinfo.com\/#website","url":"https:\/\/www.blackjackinfo.com\/","name":"BlackjackInfo.com","description":"Perch\u00e9 vincere \u00e8 pi\u00f9 divertente!","potentialAction":[{"@type":"SearchAction","target":{"@type":"EntryPoint","urlTemplate":"https:\/\/www.blackjackinfo.com\/?s={search_term_string}"},"query-input":{"@type":"PropertyValueSpecification","valueRequired":true,"valueName":"search_term_string"}}],"inLanguage":"it-IT"}]}},"_links":{"self":[{"href":"https:\/\/www.blackjackinfo.com\/it\/wp-json\/wp\/v2\/pages\/3173","targetHints":{"allow":["GET"]}}],"collection":[{"href":"https:\/\/www.blackjackinfo.com\/it\/wp-json\/wp\/v2\/pages"}],"about":[{"href":"https:\/\/www.blackjackinfo.com\/it\/wp-json\/wp\/v2\/types\/page"}],"author":[{"embeddable":true,"href":"https:\/\/www.blackjackinfo.com\/it\/wp-json\/wp\/v2\/users\/4"}],"replies":[{"embeddable":true,"href":"https:\/\/www.blackjackinfo.com\/it\/wp-json\/wp\/v2\/comments?post=3173"}],"version-history":[{"count":36,"href":"https:\/\/www.blackjackinfo.com\/it\/wp-json\/wp\/v2\/pages\/3173\/revisions"}],"predecessor-version":[{"id":10446,"href":"https:\/\/www.blackjackinfo.com\/it\/wp-json\/wp\/v2\/pages\/3173\/revisions\/10446"}],"wp:attachment":[{"href":"https:\/\/www.blackjackinfo.com\/it\/wp-json\/wp\/v2\/media?parent=3173"}],"wp:term":[{"taxonomy":"post_tag","embeddable":true,"href":"https:\/\/www.blackjackinfo.com\/it\/wp-json\/wp\/v2\/tags?post=3173"}],"curies":[{"name":"wp","href":"https:\/\/api.w.org\/{rel}","templated":true}]}}