{"id":383,"date":"2013-12-30T17:57:36","date_gmt":"2013-12-30T23:57:36","guid":{"rendered":"http:\/\/www.blackjackinfo.com\/blog\/?page_id=383"},"modified":"2018-06-22T02:37:25","modified_gmt":"2018-06-22T07:37:25","slug":"gioco-dazzardo-con-un-vantaggio","status":"publish","type":"page","link":"https:\/\/www.blackjackinfo.com\/it\/gambling-with-an-edge\/","title":{"rendered":"Giocare d'azzardo con un vantaggio"},"content":{"rendered":"<p><img loading=\"lazy\" decoding=\"async\" class=\"alignright\" alt=\"Gambling with an Edge\" src=\"\/img\/gwae.jpg\" width=\"170\" height=\"170\" data-no-auto-translation=\"\" \/>Benvenuti, ascoltatori del programma radiofonico e podcast Gambling with an Edge. Grazie per aver visitato BlackjackInfo.com!<\/p>\n<p>Sono <a title=\"Informazioni su Ken Smith\" href=\"\/ken-smith\/\">Ken Smith<\/a>e sono stata ospite della trasmissione il 2 gennaio 2014.  Ho parlato con i conduttori <a title=\"Sito di Bob Dancer\" href=\"http:\/\/www.bobdancer.com\">Bob Dancer<\/a> e <a title=\"Sito di Richard Munchkin\" href=\"http:\/\/www.richardmunchkin.com\">Richard Munchkin<\/a> sui tornei di blackjack, sulle mie nuove carte strategiche e sul gioco d'azzardo online nel New Jersey e nel Delaware.<\/p>\n<p>Se ve lo siete perso, ecco il link a un file MP3 della trasmissione.  Fare clic per ascoltare o fare clic con il pulsante destro del mouse per scaricarlo:<\/p>\n<p><a title=\"Giocare d&#039;azzardo con un vantaggio, con Ken Smith\" href=\"\/files\/Gambling-With-An-Edge-Guest-Ken-Smith.mp3\">Giocare d'azzardo con un vantaggio, con l'ospite Ken Smith<\/a> (formato MP3, 55 minuti)<\/p>\n<p>Se non conoscete gi\u00e0 questo programma radiofonico, vi consiglio vivamente di andarlo a vedere.  Potete sfogliare le puntate passate su <a href=\"http:\/\/www.richardmunchkin.com\">Il blog di Richard Munchkin<\/a>oppure, se si utilizza iTunes, \u00e8 possibile <a href=\"https:\/\/itunes.apple.com\/us\/podcast\/gambling-with-an-edge\/id459476611?mt=2&#038;uo=4&#038;at=11lbew\">iscriviti al podcast su iTunes<\/a>.<\/p>\n<p>I dettagli degli articoli che abbiamo discusso sono elencati di seguito.  Inoltre, assicuratevi di scorrere verso il basso per accedere a un articolo che ho scritto solo per gli ascoltatori del programma e che spiega un semplice cambiamento che potete fare nel 2014 e che potrebbe valere centinaia di dollari.<\/p>\n<div class=\"clearfix\">\n<h3 style=\"text-align: center;\">Tornei di blackjack<\/h3>\n<p><a href=\"https:\/\/www.blackjacktournaments.com\/\"><img loading=\"lazy\" decoding=\"async\" class=\"alignleft size-full wp-image-401\" alt=\"BlackjackTournaments.com\" src=\"\/files\/BlackjackTournaments-285x190.png\" width=\"285\" height=\"190\" data-no-auto-translation=\"\" \/><\/a>La migliore risorsa per le informazioni sui tornei di giochi da tavolo \u00e8\u00a0<a title=\"BlackjackTournaments.com\" href=\"https:\/\/www.blackjacktournaments.com\">BlackjackTournaments.com<\/a>.  Il sito ospita un elenco ricercabile dei prossimi eventi, oltre a una comunit\u00e0 di giocatori di grande talento che discutono del gioco.\n<\/div>\n<div class=\"clearfix\">\n<h3 style=\"text-align: center\">I miei e-Book sulla strategia del torneo di blackjack<\/h3>\n<p><a href=\"http:\/\/deepnettech.com\/estore\/index.php?main_page=product_info&amp;products_id=59\"><img loading=\"lazy\" decoding=\"async\" class=\"alignleft  wp-image-393\" alt=\"How To Win More Blackjack Tournaments\" src=\"\/files\/HowToWinMoreBlackjackTournaments.jpg\" width=\"175\" height=\"265\" data-no-auto-translation=\"\" \/><\/a><strong>Come vincere pi\u00f9 tornei di blackjack<\/strong><\/p>\n<p>Il primo volume della mia coppia di libri comprende materiale utile per un'ampia gamma di esperti di tornei, dal principiante all'esperto.<\/p>\n<p>Il libro \u00e8 in formato PDF e verr\u00e0 consegnato immediatamente via e-mail.<\/p>\n<p>Acquistate il libro sul sito della mia casa editrice: <a title=\"Come vincere pi\u00f9 tornei di blackjack\" href=\"http:\/\/deepnettech.com\/estore\/index.php?main_page=product_info&amp;products_id=59\">Acquista il primo volume qui<\/a>.\n<\/div>\n<div class=\"clearfix\">\n<a href=\"http:\/\/deepnettech.com\/estore\/index.php?main_page=product_info&amp;cPath=2&amp;products_id=84\"><img loading=\"lazy\" decoding=\"async\" class=\"alignleft  wp-image-392\" alt=\"How To Win Even More Blackjack Tournaments - Volume II\" src=\"\/files\/HowToWinEvenMoreBlackjackTournaments.jpg\" width=\"160\" height=\"245\" data-no-auto-translation=\"\" \/><\/a><strong>Come vincere ancora pi\u00f9 tornei di blackjack<\/strong><\/p>\n<p>Il secondo volume contiene altri consigli per i tornei, sempre adatti a tutti i livelli di abilit\u00e0.<\/p>\n<p>Di particolare valore sono le discussioni sui tornei che utilizzano un formato ad accumulazione.<\/p>\n<p>\u00c8 disponibile in formato PDF, immediatamente spedito via e-mail.<\/p>\n<p>Acquistate il libro sul sito della mia casa editrice: <a title=\"Come vincere ancora pi\u00f9 tornei di blackjack - Volume II\" href=\"http:\/\/deepnettech.com\/estore\/index.php?main_page=product_info&amp;cPath=2&amp;products_id=84\">Acquista il volume II qui<\/a>, o ottenere un <a title=\"Bundle di entrambi gli eBook\" href=\"http:\/\/deepnettech.com\/estore\/index.php?main_page=product_info&amp;cPath=2&amp;products_id=85\">pacchetto di entrambi i libri<\/a> a un prezzo speciale.\n<\/div>\n<div class=\"clearfix\">\n<a href=\"http:\/\/www.amazon.com\/dp\/0935926224\/?tag=theblackjacbasic\"><img loading=\"lazy\" decoding=\"async\" class=\"alignleft size-full wp-image-406\" alt=\"Casino Tournament Strategy\" src=\"\/files\/CTS-Small.jpg\" width=\"100\" height=\"151\" data-no-auto-translation=\"\" \/><\/a>Raccomando anche l'opera originale e approfondita sul gioco da torneo di Stanford Wong. \u00c8 un testo che non pu\u00f2 mancare nella libreria di qualsiasi giocatore di torneo serio.<\/p>\n<p>\u00c8 possibile ottenerlo presso <a title=\"Strategia dei tornei di casin\u00f2, su Amazon\" href=\"http:\/\/www.amazon.com\/dp\/0935926224\/?tag=theblackjacbasic\">Amazon<\/a>.\n<\/div>\n<div class=\"clearfix\">\n<h2 style=\"text-align: center;\">Carte strategiche<\/h2>\n<p><a href=\"\/card\/advanced-strategy-card-instructions\/\"><img loading=\"lazy\" decoding=\"async\" class=\"alignleft size-full wp-image-412\" alt=\"Blackjack Advanced Strategy Cards\" src=\"\/files\/blackjack-advanced-strategy-cards-cover-100x152.jpg\" width=\"100\" height=\"152\" data-no-auto-translation=\"\" \/><\/a>Il mio <a title=\"Carte strategiche avanzate\" href=\"\/card\/advanced-strategy-cards.php\">Carte strategiche avanzate per il blackjack<\/a> includono i numeri indice per il conteggio delle carte per il popolare sistema Hi-Lo, oltre alla consueta strategia di base.  Il set di dodici carte include tutti i numeri indice da -5 a +5.  Per ulteriori informazioni, consultare la pagina dei dettagli.\n<\/div>\n<div class=\"clearfix\">\n<a href=\"\/card\/basic-strategy-card-instructions\/\"><img loading=\"lazy\" decoding=\"async\" class=\"alignleft size-thumbnail wp-image-416\" alt=\"Set of Six Blackjack Strategy Cards\" src=\"\/files\/SixCards-300x198-150x150.png\" width=\"150\" height=\"150\" data-no-auto-translation=\"\" \/><\/a>Alla ricerca di <a title=\"Carte strategiche di base\" href=\"\/card\/basic-strategy-cards.php\">carte per la strategia di base del blackjack regolare<\/a>?  Ho anche quelle, in un set di sei carte, o carte singole per varie regole.<\/p>\n<p>Se volete solo un grafico di strategia accurato e gratuito, consultate il mio <a title=\"Motore della strategia di base del blackjack\" href=\"\/blackjack-basic-strategy-engine\/\">Motore della strategia di base del blackjack<\/a>.\n<\/div>\n<div class=\"clearfix\">\n<h2 style=\"text-align: center;\">Gioco d'azzardo online nel New Jersey e nel Delaware<\/h2>\n<p>Se vivete nel New Jersey o nel Delaware, questi miei nuovi siti vi interesseranno.<\/p>\n<ul>\n<li><a title=\"Casin\u00f2 online del New Jersey\" href=\"http:\/\/www.new-jersey-online-casinos.com\/\">New-Jersey-Casin\u00f2 online.com<\/a><\/li>\n<li><a title=\"Casin\u00f2 online del Delaware\" href=\"http:\/\/www.delaware-online-casinos.com\/\">Delaware-Casin\u00f2 Online.com<\/a><\/li>\n<\/ul>\n<\/div>\n<div class=\"clearfix\">\nE ora un articolo bonus, con un suggerimento per guadagnare soldi extra nel prossimo anno...<\/p>\n<h2 style=\"text-align: center;\">Una semplice modifica per migliorare i risultati del casin\u00f2<\/h2>\n<p>Nell'ambiente dei casin\u00f2 di oggi, conoscere la strategia migliore per i giochi \u00e8 solo una parte del puzzle.  Sia per i giocatori di macchinette che per quelli di giochi da tavolo, i coupon e la posta di marketing possono offrire una spinta sostanziale ai vostri profitti.  Per massimizzare la posta di marketing, \u00e8 necessario capire come funziona il sistema di marketing dei casin\u00f2.<\/p>\n<p>Anche i giocatori pi\u00f9 esperti spesso pensano che il valore della vostra mail di marketing si basi sull'importo totale delle vostre giocate.  Questo non \u00e8 quasi mai vero.  La maggior parte dei casin\u00f2 utilizza una forma di \"media giornaliera teorica\" o \"ADT\" per decidere quanto siete preziosi come giocatori.  La \"perdita teorica\" o \"theo\" \u00e8 quanto il casin\u00f2 si aspetta di vincere da voi in base ai giochi a cui giocate, a quanto scommettete e per quanto tempo giocate.  Questo probabilmente vi \u00e8 familiare.  La parte critica che molti giocatori non capiscono \u00e8 il modo in cui questo valore viene calcolato in media per tutti i giorni di gioco.<\/p>\n<p>Immaginate un giocatore che visita un casin\u00f2 un solo giorno in un mese e gioca abbastanza da generare una perdita teorica di $1000.  Considerate poi un altro giocatore che visita lo stesso casin\u00f2 in 10 giorni diversi nello stesso mese e genera una perdita teorica totale di $4000.  Si potrebbe pensare che il secondo giocatore riceva offerte migliori, perch\u00e9 ha la possibilit\u00e0 di perdere quattro volte tanto in un mese.  Ma il primo giocatore otterr\u00e0 offerte di gioco gratuito o di partita pi\u00f9 generose, perch\u00e9 il suo ADT \u00e8 di $1000 rispetto all'ADT di $400 del secondo giocatore.<\/p>\n<p>La posta di marketing del casin\u00f2 si basa sull'idea di \"Quanto potrebbe perdere questo cliente nel giorno in cui lo attiriamo con un'offerta di coupon?\".  Se si distribuiscono le giocate in diversi giorni, si riceveranno offerte minori rispetto a chi si concentra su un numero minore di giorni.<\/p>\n<p>Fraintendere questo concetto porta a una serie di errori.  Eccone uno comune... Se visitate un casin\u00f2 durante un pernottamento, potreste essere tentati di alzarvi e giocare un po' di pi\u00f9 prima di lasciare l'hotel.  Ma questo gioco abbreviato significa in realt\u00e0 dividere il vostro teorico per due, dato che ora avete due giorni di gioco.<\/p>\n<p>Il semplice consiglio che pu\u00f2 migliorare la vostra posta di marketing \u00e8 questo...\u00a0 <strong>Non giocate il giorno della cassa, a meno che non abbiate intenzione di giocare per un giorno intero.  Anzi, cercate di non avere mai un gioco nominale in un giorno in cui non prevedete di giocare molto.<\/strong>\u00a0 Le offerte di giocate gratuite e di match play dovrebbero essere sensibilmente pi\u00f9 alte dopo alcuni mesi di migliore gestione della propria media giornaliera.\n<\/div>\n<h2 style=\"text-align: center;\">Rimanere in contatto<\/h2>\n<p>Se volete rimanere aggiornati sui miei numerosi progetti di questi giorni, ecco due buoni modi...<\/p>\n<p>Abbonatevi al servizio gratuito <a title=\"Newsletter BlackjackInfo\" href=\"\/cgi-bin\/dada\/mail.cgi\">Newsletter via e-mail di BlackjackInfo<\/a>, o <a title=\"BlackjackInfo Feed di Twitter\" href=\"http:\/\/twitter.com\/BlackjackInfo\">seguitemi su Twitter<\/a>.<\/p>\n<p>Nel frattempo, si consiglia di visitare il sito <a title=\"BlackjackInfo.com\" href=\"\/\">Sito principale di BlackjackInfo<\/a>oppure provate il nostro sito gratuito <a title=\"Allenatore di strategia del blackjack\" href=\"\/blackjack-strategy-trainer\/\">Allenatore di strategia del blackjack<\/a>.<\/p>","protected":false},"excerpt":{"rendered":"<p>Welcome, listeners from the Gambling with an Edge radio show and podcast. Thanks for visiting BlackjackInfo.com! I&#8217;m Ken Smith, and I was a guest on the show on January 2nd, 2014.\u00a0 I spoke with hosts Bob Dancer and Richard Munchkin about blackjack tournaments, my new strategy cards, and online gambling in New Jersey and Delaware. [&hellip;]<\/p>\n","protected":false},"author":2,"featured_media":0,"parent":0,"menu_order":0,"comment_status":"open","ping_status":"closed","template":"","meta":{"_acf_changed":false,"footnotes":""},"tags":[],"class_list":["post-383","page","type-page","status-publish","hentry"],"acf":[],"yoast_head":"<!-- This site is optimized with the Yoast SEO plugin v26.6 - https:\/\/yoast.com\/wordpress\/plugins\/seo\/ -->\n<title>Gambling With An Edge<\/title>\n<meta name=\"description\" content=\"Ken Smith appeared as a guest on the Gambling With an Edge radio broadcast with hosts Richard Munchkin and Bob Dancer. See the details or listen here.\" \/>\n<meta name=\"robots\" content=\"index, follow, max-snippet:-1, max-image-preview:large, max-video-preview:-1\" \/>\n<link rel=\"canonical\" href=\"https:\/\/www.blackjackinfo.com\/it\/gioco-dazzardo-con-un-vantaggio\/\" \/>\n<meta property=\"og:locale\" content=\"it_IT\" \/>\n<meta property=\"og:type\" content=\"article\" \/>\n<meta property=\"og:title\" content=\"Gambling With An Edge\" \/>\n<meta property=\"og:description\" content=\"Ken Smith appeared as a guest on the Gambling With an Edge radio broadcast with hosts Richard Munchkin and Bob Dancer. See the details or listen here.\" \/>\n<meta property=\"og:url\" content=\"https:\/\/www.blackjackinfo.com\/it\/gioco-dazzardo-con-un-vantaggio\/\" \/>\n<meta property=\"og:site_name\" content=\"BlackjackInfo.com\" \/>\n<meta property=\"article:modified_time\" content=\"2018-06-22T07:37:25+00:00\" \/>\n<meta name=\"twitter:label1\" content=\"Tempo di lettura stimato\" \/>\n\t<meta name=\"twitter:data1\" content=\"5 minuti\" \/>\n<script type=\"application\/ld+json\" class=\"yoast-schema-graph\">{\"@context\":\"https:\/\/schema.org\",\"@graph\":[{\"@type\":\"WebPage\",\"@id\":\"https:\/\/www.blackjackinfo.com\/gambling-with-an-edge\/\",\"url\":\"https:\/\/www.blackjackinfo.com\/gambling-with-an-edge\/\",\"name\":\"Gambling With An Edge\",\"isPartOf\":{\"@id\":\"https:\/\/www.blackjackinfo.com\/#website\"},\"datePublished\":\"2013-12-30T23:57:36+00:00\",\"dateModified\":\"2018-06-22T07:37:25+00:00\",\"description\":\"Ken Smith appeared as a guest on the Gambling With an Edge radio broadcast with hosts Richard Munchkin and Bob Dancer. See the details or listen here.\",\"breadcrumb\":{\"@id\":\"https:\/\/www.blackjackinfo.com\/gambling-with-an-edge\/#breadcrumb\"},\"inLanguage\":\"it-IT\",\"potentialAction\":[{\"@type\":\"ReadAction\",\"target\":[\"https:\/\/www.blackjackinfo.com\/gambling-with-an-edge\/\"]}]},{\"@type\":\"BreadcrumbList\",\"@id\":\"https:\/\/www.blackjackinfo.com\/gambling-with-an-edge\/#breadcrumb\",\"itemListElement\":[{\"@type\":\"ListItem\",\"position\":1,\"name\":\"Home\",\"item\":\"https:\/\/www.blackjackinfo.com\/\"},{\"@type\":\"ListItem\",\"position\":2,\"name\":\"Gambling With An Edge\"}]},{\"@type\":\"WebSite\",\"@id\":\"https:\/\/www.blackjackinfo.com\/#website\",\"url\":\"https:\/\/www.blackjackinfo.com\/\",\"name\":\"BlackjackInfo.com\",\"description\":\"Because Winning is More Fun!\",\"potentialAction\":[{\"@type\":\"SearchAction\",\"target\":{\"@type\":\"EntryPoint\",\"urlTemplate\":\"https:\/\/www.blackjackinfo.com\/?s={search_term_string}\"},\"query-input\":{\"@type\":\"PropertyValueSpecification\",\"valueRequired\":true,\"valueName\":\"search_term_string\"}}],\"inLanguage\":\"it-IT\"}]}<\/script>\n<!-- \/ Yoast SEO plugin. -->","yoast_head_json":{"title":"Giocare d'azzardo con un vantaggio","description":"Ken Smith ha partecipato come ospite alla trasmissione radiofonica Gambling With an Edge con i conduttori Richard Munchkin e Bob Dancer. Vedere i dettagli o ascoltare qui.","robots":{"index":"index","follow":"follow","max-snippet":"max-snippet:-1","max-image-preview":"max-image-preview:large","max-video-preview":"max-video-preview:-1"},"canonical":"https:\/\/www.blackjackinfo.com\/it\/gioco-dazzardo-con-un-vantaggio\/","og_locale":"it_IT","og_type":"article","og_title":"Gambling With An Edge","og_description":"Ken Smith appeared as a guest on the Gambling With an Edge radio broadcast with hosts Richard Munchkin and Bob Dancer. See the details or listen here.","og_url":"https:\/\/www.blackjackinfo.com\/it\/gioco-dazzardo-con-un-vantaggio\/","og_site_name":"BlackjackInfo.com","article_modified_time":"2018-06-22T07:37:25+00:00","twitter_misc":{"Tempo di lettura stimato":"5 minuti"},"schema":{"@context":"https:\/\/schema.org","@graph":[{"@type":"WebPage","@id":"https:\/\/www.blackjackinfo.com\/gambling-with-an-edge\/","url":"https:\/\/www.blackjackinfo.com\/gambling-with-an-edge\/","name":"Giocare d'azzardo con un vantaggio","isPartOf":{"@id":"https:\/\/www.blackjackinfo.com\/#website"},"datePublished":"2013-12-30T23:57:36+00:00","dateModified":"2018-06-22T07:37:25+00:00","description":"Ken Smith ha partecipato come ospite alla trasmissione radiofonica Gambling With an Edge con i conduttori Richard Munchkin e Bob Dancer. Vedere i dettagli o ascoltare qui.","breadcrumb":{"@id":"https:\/\/www.blackjackinfo.com\/gambling-with-an-edge\/#breadcrumb"},"inLanguage":"it-IT","potentialAction":[{"@type":"ReadAction","target":["https:\/\/www.blackjackinfo.com\/gambling-with-an-edge\/"]}]},{"@type":"BreadcrumbList","@id":"https:\/\/www.blackjackinfo.com\/gambling-with-an-edge\/#breadcrumb","itemListElement":[{"@type":"ListItem","position":1,"name":"Home","item":"https:\/\/www.blackjackinfo.com\/"},{"@type":"ListItem","position":2,"name":"Gambling With An Edge"}]},{"@type":"WebSite","@id":"https:\/\/www.blackjackinfo.com\/#website","url":"https:\/\/www.blackjackinfo.com\/","name":"BlackjackInfo.com","description":"Perch\u00e9 vincere \u00e8 pi\u00f9 divertente!","potentialAction":[{"@type":"SearchAction","target":{"@type":"EntryPoint","urlTemplate":"https:\/\/www.blackjackinfo.com\/?s={search_term_string}"},"query-input":{"@type":"PropertyValueSpecification","valueRequired":true,"valueName":"search_term_string"}}],"inLanguage":"it-IT"}]}},"_links":{"self":[{"href":"https:\/\/www.blackjackinfo.com\/it\/wp-json\/wp\/v2\/pages\/383","targetHints":{"allow":["GET"]}}],"collection":[{"href":"https:\/\/www.blackjackinfo.com\/it\/wp-json\/wp\/v2\/pages"}],"about":[{"href":"https:\/\/www.blackjackinfo.com\/it\/wp-json\/wp\/v2\/types\/page"}],"author":[{"embeddable":true,"href":"https:\/\/www.blackjackinfo.com\/it\/wp-json\/wp\/v2\/users\/2"}],"replies":[{"embeddable":true,"href":"https:\/\/www.blackjackinfo.com\/it\/wp-json\/wp\/v2\/comments?post=383"}],"version-history":[{"count":70,"href":"https:\/\/www.blackjackinfo.com\/it\/wp-json\/wp\/v2\/pages\/383\/revisions"}],"predecessor-version":[{"id":2241,"href":"https:\/\/www.blackjackinfo.com\/it\/wp-json\/wp\/v2\/pages\/383\/revisions\/2241"}],"wp:attachment":[{"href":"https:\/\/www.blackjackinfo.com\/it\/wp-json\/wp\/v2\/media?parent=383"}],"wp:term":[{"taxonomy":"post_tag","embeddable":true,"href":"https:\/\/www.blackjackinfo.com\/it\/wp-json\/wp\/v2\/tags?post=383"}],"curies":[{"name":"wp","href":"https:\/\/api.w.org\/{rel}","templated":true}]}}