{"id":4273,"date":"2018-07-27T19:38:54","date_gmt":"2018-07-28T00:38:54","guid":{"rendered":"https:\/\/www.blackjackinfo.com\/?page_id=4273"},"modified":"2018-11-02T01:52:14","modified_gmt":"2018-11-02T06:52:14","slug":"e-legale-giocare-al-blackjack-online-in-canada","status":"publish","type":"page","link":"https:\/\/www.blackjackinfo.com\/it\/online-blackjack\/is-it-legal-to-play-online-blackjack-in-canada\/","title":{"rendered":"\u00c8 legale giocare al blackjack online in Canada?"},"content":{"rendered":"<h2><strong>Legalit\u00e0 dei casin\u00f2 in Canada - La situazione attuale<\/strong><\/h2>\n<p><img loading=\"lazy\" decoding=\"async\" class=\"alignright size-medium wp-image-4696\" src=\"\/files\/is_it_legal_to_play_online_blackjack_in_canada-300x214.png\" alt=\"is_it_legal_to_play_online_blackjack_in_canada\" width=\"300\" height=\"214\" srcset=\"https:\/\/www.blackjackinfo.com\/files\/is_it_legal_to_play_online_blackjack_in_canada-300x214.png 300w, https:\/\/www.blackjackinfo.com\/files\/is_it_legal_to_play_online_blackjack_in_canada.png 350w\" sizes=\"auto, (max-width: 300px) 100vw, 300px\" data-no-auto-translation=\"\" \/>Il Canada \u00e8 suddiviso in tre territori e 10 province. A ciascuna di queste province \u00e8 stata affidata l'importante responsabilit\u00e0 di supervisionare il gioco d'azzardo all'interno dei propri confini - il gioco d'azzardo sia a livello locale che locale. <a href=\"https:\/\/www.worldcasinodirectory.com\/canada\">a terra<\/a> e <a href=\"https:\/\/www.blackjackinfo.com\/online-blackjack\/#recommended-casinos\" target=\"_blank\" rel=\"noopener\">casin\u00f2 online<\/a> rientra nella giurisdizione locale.<\/p>\n<p>Spetta ai governi provinciali decidere quale tipo di gioco d'azzardo debba essere legale nella loro giurisdizione. <strong>Finora, la maggior parte del gioco d'azzardo terrestre \u00e8 stata legalizzata<\/strong>I casin\u00f2 di bingo e gli altri casin\u00f2 sono classificati sotto l'autorit\u00e0 statale, mentre le corse di cavalli sono solitamente controllate dai governi federali.<\/p>\n<p>I diversi casin\u00f2 che offrono servizi di gioco d'azzardo in diverse province devono ottenere i permessi dal governo provinciale per poter operare. I permessi sono fondamentalmente leggi approvate dai legislatori allo scopo di proteggere i giocatori canadesi, obbligando tutti i casin\u00f2 a registrarsi. <strong>Ci\u00f2 significa che devono attenersi alle leggi sulla correttezza e sulla trasparenza o affrontare le ripercussioni.<\/strong><\/p>\n<h2><strong>Il blackjack online \u00e8 legale?<\/strong><\/h2>\n<p><img loading=\"lazy\" decoding=\"async\" class=\"alignright size-medium wp-image-4698\" src=\"\/files\/is_online_blackjack_legal-300x214.png\" alt=\"is_online_blackjack_legal\" width=\"300\" height=\"214\" srcset=\"https:\/\/www.blackjackinfo.com\/files\/is_online_blackjack_legal-300x214.png 300w, https:\/\/www.blackjackinfo.com\/files\/is_online_blackjack_legal.png 350w\" sizes=\"auto, (max-width: 300px) 100vw, 300px\" data-no-auto-translation=\"\" \/>In qualit\u00e0 di giocatori canadesi, sarete felici di sapere che <strong>non possono essere perseguiti per aver giocato a blackjack online perch\u00e9 \u00e8 legale<\/strong>. Anche i casin\u00f2 offshore sono immuni da procedimenti penali, ma quelli che si trovano in una qualsiasi delle province canadesi senza averne la licenza possono essere perseguiti e in passato lo sono stati.<\/p>\n<p>La maggior parte delle province, come <a href=\"https:\/\/www.olg.ca\/about\/index.jsp\" target=\"_blank\" rel=\"noopener\">Ontario<\/a>, <a href=\"https:\/\/lotoquebec.com\/portail\/en\" target=\"_blank\" rel=\"noopener\">Qu\u00e9bec<\/a>, <a href=\"https:\/\/lgamanitoba.ca\/\" target=\"_blank\" rel=\"noopener\">Manitoba<\/a> e <a href=\"https:\/\/www.bclc.com\/\" target=\"_blank\" rel=\"noopener\">Columbia Britannica<\/a> hanno legalizzato la maggior parte delle forme di gioco d'azzardo. Tuttavia, le leggi canadesi sul gioco d'azzardo consentono ai casin\u00f2 online di offrire i loro servizi ai giocatori di province diverse, ma solo nei casi in cui vi sia un accordo interprovinciale tra le due province. D'altra parte, i casin\u00f2 online offshore non possono essere perseguiti a condizione che abbiano una licenza valida per offrire ai giocatori canadesi i servizi di casin\u00f2 online.<\/p>\n<p>In effetti, nella storia dei casin\u00f2 online canadesi, c'\u00e8 stata solo una societ\u00e0 che \u00e8 stata perseguita ai sensi delle leggi canadesi sui casin\u00f2. Starnet - una societ\u00e0 registrata nei Caraibi '<em>illegalmente<\/em>' aveva uno dei suoi uffici a Vancouver.\u00a0 <a href=\"https:\/\/www.theglobeandmail.com\/news\/national\/internet-gambling-firm-charged-100000\/article25445706\/\" target=\"_blank\" rel=\"noopener\">In seguito sono stati multati per $100.000 e condannati a pagare $6.000.000 alla provincia della British Columbia.<\/a>.<\/p>\n<p>Secondo <a href=\"http:\/\/laws-lois.justice.gc.ca\/eng\/acts\/C-46\/page-46.html#docCont\" target=\"_blank\" rel=\"noopener\">Sezione 202(1)(d)<\/a> del Codice penale canadese, <em>Se un'operazione di gioco online ha i suoi server di database che registrano e registrano le scommesse in Canada, ci\u00f2 potrebbe contravvenire a questa sezione del Codice.<\/em>.<\/p>\n<p>Il database e i server di Starnet si trovavano al di fuori del Canada e quindi registravano e scommettevano anche al di fuori del Paese, ma la magistratura ha ritenuto che ci fossero molti altri collegamenti che legavano l'azienda alle operazioni in Canada e quindi le ha imposto di acquisire una licenza se voleva mantenere aperta la sede canadese.<\/p>\n<h2><strong>Il Canada non riesce ad approvare una legge che permetta le scommesse sportive singole<\/strong><\/h2>\n<p><img loading=\"lazy\" decoding=\"async\" class=\"alignright size-medium wp-image-4700\" src=\"\/files\/canada_fail_to_pass_a_law_allowing_single_sports_bets-300x214.png\" alt=\"canada_fail_to_pass_a_law_allowing_single_sports_bets\" width=\"300\" height=\"214\" srcset=\"https:\/\/www.blackjackinfo.com\/files\/canada_fail_to_pass_a_law_allowing_single_sports_bets-300x214.png 300w, https:\/\/www.blackjackinfo.com\/files\/canada_fail_to_pass_a_law_allowing_single_sports_bets.png 350w\" sizes=\"auto, (max-width: 300px) 100vw, 300px\" data-no-auto-translation=\"\" \/>In <a href=\"https:\/\/www.cbc.ca\/news\/canada\/windsor\/single-sports-betting-quashed-1.3773417\" target=\"_blank\" rel=\"noopener\">Settembre 2016<\/a>Gli appassionati di scommesse sportive canadesi hanno avuto il cuore spezzato dopo che il governo ha dichiarato di non voler approvare la legge sulle scommesse sportive. <a href=\"https:\/\/openparliament.ca\/bills\/42-1\/C-221\/\" target=\"_blank\" rel=\"noopener\">C-221 Legge sulle scommesse sportive sicure e regolamentate<\/a> che \u00e8 stata approvata da Brian Masse, il deputato di Windsor West.<\/p>\n<p>Come gli Stati Uniti, il Canada ha leggi molto severe che regolano il gioco d'azzardo online, le scommesse sportive e i casin\u00f2. Tuttavia, scommettere sugli sport pu\u00f2 essere un po' difficile perch\u00e9 i giocatori devono piazzare scommesse cumulative, piuttosto che scommesse singole. Le leggi vigenti, come indicato nel Codice Penale, prevedono che tutti i bookmaker canadesi siano autorizzati a offrire solo scommesse parlay, che comprendono scommesse multiple.<\/p>\n<p>La proposta di legge di Brian Masse sperava di abrogare questa norma e di legalizzare tutte le scommesse sportive singole, in modo che i canadesi potessero piazzare scommesse singole al posto delle scommesse con accumulo.<\/p>\n<p>Quindi, mentre il<strong> Gli allibratori canadesi sono autorizzati a offrire solo scommesse di accumulo su eventi sportivi; quelli che hanno sede all'estero non sono interessati da queste regole.<\/strong>. Questo \u00e8 forse il motivo per cui la maggior parte dei canadesi sembra optare per i bookmaker internazionali, in quanto \u00e8 molto pi\u00f9 facile scommettere con loro e ottenere quote migliori. Inoltre, possono piazzare scommesse di accumulo senza infrangere la legge.<\/p>\n<p>Vale la pena notare che non \u00e8 la prima volta che la proposta di legge viene presentata in Parlamento. Nel 2012, il <a href=\"https:\/\/sencanada.ca\/en\/Content\/Sen\/Committee\/411\/LCJC\/23ev-49738-e\" target=\"_blank\" rel=\"noopener\">C-290 Legge sulle scommesse sportive sicure e regolamentate<\/a> \u00e8 riuscito a passare alla Camera dei Comuni, ma \u00e8 stato respinto al Senato. Grazie al funzionamento del parlamento canadese, questa proposta di legge non sar\u00e0 in grado di approdare in parlamento fino al prossimo ottobre 2019, quando si terranno le prossime elezioni federali. Ci\u00f2 significa che gli appassionati di scommesse sportive canadesi dovranno limitarsi a scommesse sportive singole fino ad allora.<\/p>\n<h2><strong>Leggi statunitensi che influenzano i metodi di deposito in Canada<\/strong><\/h2>\n<p><img loading=\"lazy\" decoding=\"async\" class=\"alignright size-medium wp-image-4694\" src=\"\/files\/how_would_i_deposit_and_withdraw_money-300x214.png\" alt=\"how_would_i_deposit_and_withdraw_money\" width=\"300\" height=\"214\" srcset=\"https:\/\/www.blackjackinfo.com\/files\/how_would_i_deposit_and_withdraw_money-300x214.png 300w, https:\/\/www.blackjackinfo.com\/files\/how_would_i_deposit_and_withdraw_money.png 350w\" sizes=\"auto, (max-width: 300px) 100vw, 300px\" data-no-auto-translation=\"\" \/>Le leggi che regolano il settore dei casin\u00f2 online canadesi sono progressive, <a href=\"https:\/\/www.blackjackinfo.com\/online-blackjack\/is-it-legal-to-play-online-blackjack-in-the-us\/\" target=\"_blank\" rel=\"noopener\">la situazione legale negli Stati Uniti non \u00e8 cos\u00ec chiara con l'introduzione dell'UIGEA.<\/a>. Purtroppo, questo non riguarda solo i giocatori statunitensi ma anche quelli canadesi e ha avuto un effetto a catena sul modo in cui i giocatori canadesi effettuano i depositi online.<\/p>\n<p>Le banche, in particolare quelle che hanno forti legami con gli Stati Uniti, sono preoccupate per le leggi statunitensi, soprattutto quando effettuano transazioni finanziarie con le piattaforme di casin\u00f2 online. Questo ha portato a una situazione in cui alcune delle opzioni di deposito canadesi legali sono state bloccate da alcune di queste banche. Ci\u00f2 ha anche portato Skrill - un portafoglio elettronico molto diffuso tra i bookmaker e i casin\u00f2 online - a sospendere tutti i suoi servizi in Canada.<\/p>\n<h3>Due metodi bancari popolari nel 2018 per i giocatori in Canada sono:<\/h3>\n<ol>\n<li><strong>Interac,<\/strong> che \u00e8 altamente sicuro e consente di trasferire fondi da un conto bancario canadese a un altro conto bancario canadese. <a href=\"https:\/\/www.bestcasinoscanada.com\/interac-casinos\/\" target=\"_blank\" rel=\"noopener\">un casin\u00f2<\/a> senza rivelare informazioni finanziarie sensibili.<\/li>\n<li>E <strong>iDebit,<\/strong> che \u00e8 un portafoglio elettronico con sede in Canada che collega la vostra banca al vostro <a href=\"https:\/\/www.bestcasinoscanada.com\/idebit-casinos\/\" target=\"_blank\" rel=\"noopener\">conto del casin\u00f2<\/a> rendendo le transazioni tra i due soggetti rapide e sicure.<\/li>\n<\/ol>\n<p>Questa distinzione tra le leggi statunitensi e quelle canadesi \u00e8 ulteriormente spiegata in questo articolo. <a href=\"https:\/\/www.bestcasinoscanada.com\/legal\/\" target=\"_blank\" rel=\"noopener\">qui<\/a>.<\/p>\n<h2><strong>Conclusione<\/strong><\/h2>\n<p><strong>Giocare a blackjack online \u00e8 quindi legale in Canada<\/strong>a condizione che il sito del casin\u00f2 online operi al di fuori del Paese. Ci\u00f2 significa che se dovete visitare un casin\u00f2 online dal Canada, dovete assicurarvi che sia altamente rispettabile, dotato di licenza e che abbia dimostrato di offrire solo servizi sicuri e protetti.<\/p>\n<h2>Casin\u00f2 online canadesi raccomandati<\/h2>\n<ul>\n<li><a href=\"https:\/\/www.blackjackinfo.com\/casino\/bodog\/\">Bodog<\/a><\/li>\n<li><a href=\"https:\/\/www.blackjackinfo.com\/casino\/888-casino\/\">888<\/a><\/li>\n<li><a href=\"https:\/\/www.blackjackinfo.com\/casino\/casino-cruise\/\">Crociera al casin\u00f2<\/a><\/li>\n<\/ul>\n<h2>Ulteriori letture<\/h2>\n<ul>\n<li><a href=\"https:\/\/uk.practicallaw.thomsonreuters.com\/6-635-9706?transitionType=Default&amp;contextData=(sc.Default)&amp;firstPage=true&amp;comp=pluk&amp;bhcp=1\" target=\"_blank\" rel=\"noopener\">Il gioco d'azzardo in Canada: panoramica<\/a><\/li>\n<li><a href=\"https:\/\/lcb.org\/casinos\/canada\" target=\"_blank\" rel=\"noopener\">Casin\u00f2 online canadesi<\/a><\/li>\n<li><a href=\"https:\/\/thebulletin.ca\/legal-online-casino-gambling-canada\/\" target=\"_blank\" rel=\"noopener\">Informazioni sulla legalit\u00e0 del gioco d'azzardo online in Canada<\/a><\/li>\n<\/ul>","protected":false},"excerpt":{"rendered":"<p>Legality of Casinos in Canada \u2013 The Current Situation Canada is split into three territories and 10 provinces. Each one of these provinces has been tasked with the important responsibility of overseeing gambling within their boundaries \u2013 gambling both at the land-based and online casinos falls under the local jurisdiction. It\u2019s up to the provincial [&hellip;]<\/p>\n","protected":false},"author":4,"featured_media":4696,"parent":1928,"menu_order":0,"comment_status":"closed","ping_status":"closed","template":"","meta":{"_acf_changed":false,"footnotes":""},"tags":[],"class_list":["post-4273","page","type-page","status-publish","has-post-thumbnail","hentry"],"acf":[],"yoast_head":"<!-- This site is optimized with the Yoast SEO plugin v26.6 - https:\/\/yoast.com\/wordpress\/plugins\/seo\/ -->\n<title>Is it Legal to Play Online Blackjack in Canada?<\/title>\n<meta name=\"description\" content=\"Legality of Casinos in Canada \u2013 The Current Situation Canada is split into three territories and 10 provinces. Each one of these provinces has been tasked\" \/>\n<meta name=\"robots\" content=\"index, follow, max-snippet:-1, max-image-preview:large, max-video-preview:-1\" \/>\n<link rel=\"canonical\" href=\"https:\/\/www.blackjackinfo.com\/it\/blackjack-online-2\/e-legale-giocare-al-blackjack-online-in-canada\/\" \/>\n<meta property=\"og:locale\" content=\"it_IT\" \/>\n<meta property=\"og:type\" content=\"article\" \/>\n<meta property=\"og:title\" content=\"Is it Legal to Play Online Blackjack in Canada?\" \/>\n<meta property=\"og:description\" content=\"Legality of Casinos in Canada \u2013 The Current Situation Canada is split into three territories and 10 provinces. Each one of these provinces has been tasked\" \/>\n<meta property=\"og:url\" content=\"https:\/\/www.blackjackinfo.com\/it\/blackjack-online-2\/e-legale-giocare-al-blackjack-online-in-canada\/\" \/>\n<meta property=\"og:site_name\" content=\"BlackjackInfo.com\" \/>\n<meta property=\"article:modified_time\" content=\"2018-11-02T06:52:14+00:00\" \/>\n<meta property=\"og:image\" content=\"https:\/\/www.blackjackinfo.com\/files\/is_it_legal_to_play_online_blackjack_in_canada.png\" \/>\n\t<meta property=\"og:image:width\" content=\"350\" \/>\n\t<meta property=\"og:image:height\" content=\"250\" \/>\n\t<meta property=\"og:image:type\" content=\"image\/png\" \/>\n<meta name=\"twitter:label1\" content=\"Tempo di lettura stimato\" \/>\n\t<meta name=\"twitter:data1\" content=\"5 minuti\" \/>\n<script type=\"application\/ld+json\" class=\"yoast-schema-graph\">{\"@context\":\"https:\/\/schema.org\",\"@graph\":[{\"@type\":\"WebPage\",\"@id\":\"https:\/\/www.blackjackinfo.com\/online-blackjack\/is-it-legal-to-play-online-blackjack-in-canada\/\",\"url\":\"https:\/\/www.blackjackinfo.com\/online-blackjack\/is-it-legal-to-play-online-blackjack-in-canada\/\",\"name\":\"Is it Legal to Play Online Blackjack in Canada?\",\"isPartOf\":{\"@id\":\"https:\/\/www.blackjackinfo.com\/#website\"},\"primaryImageOfPage\":{\"@id\":\"https:\/\/www.blackjackinfo.com\/online-blackjack\/is-it-legal-to-play-online-blackjack-in-canada\/#primaryimage\"},\"image\":{\"@id\":\"https:\/\/www.blackjackinfo.com\/online-blackjack\/is-it-legal-to-play-online-blackjack-in-canada\/#primaryimage\"},\"thumbnailUrl\":\"https:\/\/www.blackjackinfo.com\/files\/is_it_legal_to_play_online_blackjack_in_canada.png\",\"datePublished\":\"2018-07-28T00:38:54+00:00\",\"dateModified\":\"2018-11-02T06:52:14+00:00\",\"description\":\"Legality of Casinos in Canada \u2013 The Current Situation Canada is split into three territories and 10 provinces. Each one of these provinces has been tasked\",\"breadcrumb\":{\"@id\":\"https:\/\/www.blackjackinfo.com\/online-blackjack\/is-it-legal-to-play-online-blackjack-in-canada\/#breadcrumb\"},\"inLanguage\":\"it-IT\",\"potentialAction\":[{\"@type\":\"ReadAction\",\"target\":[\"https:\/\/www.blackjackinfo.com\/online-blackjack\/is-it-legal-to-play-online-blackjack-in-canada\/\"]}]},{\"@type\":\"ImageObject\",\"inLanguage\":\"it-IT\",\"@id\":\"https:\/\/www.blackjackinfo.com\/online-blackjack\/is-it-legal-to-play-online-blackjack-in-canada\/#primaryimage\",\"url\":\"https:\/\/www.blackjackinfo.com\/files\/is_it_legal_to_play_online_blackjack_in_canada.png\",\"contentUrl\":\"https:\/\/www.blackjackinfo.com\/files\/is_it_legal_to_play_online_blackjack_in_canada.png\",\"width\":350,\"height\":250,\"caption\":\"is_it_legal_to_play_online_blackjack_in_canada\"},{\"@type\":\"BreadcrumbList\",\"@id\":\"https:\/\/www.blackjackinfo.com\/online-blackjack\/is-it-legal-to-play-online-blackjack-in-canada\/#breadcrumb\",\"itemListElement\":[{\"@type\":\"ListItem\",\"position\":1,\"name\":\"Home\",\"item\":\"https:\/\/www.blackjackinfo.com\/\"},{\"@type\":\"ListItem\",\"position\":2,\"name\":\"Online Blackjack for Real Money\",\"item\":\"https:\/\/www.blackjackinfo.com\/online-blackjack\/\"},{\"@type\":\"ListItem\",\"position\":3,\"name\":\"Is it Legal to Play Online Blackjack in Canada?\"}]},{\"@type\":\"WebSite\",\"@id\":\"https:\/\/www.blackjackinfo.com\/#website\",\"url\":\"https:\/\/www.blackjackinfo.com\/\",\"name\":\"BlackjackInfo.com\",\"description\":\"Because Winning is More Fun!\",\"potentialAction\":[{\"@type\":\"SearchAction\",\"target\":{\"@type\":\"EntryPoint\",\"urlTemplate\":\"https:\/\/www.blackjackinfo.com\/?s={search_term_string}\"},\"query-input\":{\"@type\":\"PropertyValueSpecification\",\"valueRequired\":true,\"valueName\":\"search_term_string\"}}],\"inLanguage\":\"it-IT\"}]}<\/script>\n<!-- \/ Yoast SEO plugin. -->","yoast_head_json":{"title":"\u00c8 legale giocare al blackjack online in Canada?","description":"Legalit\u00e0 dei casin\u00f2 in Canada - La situazione attuale Il Canada \u00e8 diviso in tre territori e 10 province. Ognuna di queste province ha il compito di","robots":{"index":"index","follow":"follow","max-snippet":"max-snippet:-1","max-image-preview":"max-image-preview:large","max-video-preview":"max-video-preview:-1"},"canonical":"https:\/\/www.blackjackinfo.com\/it\/blackjack-online-2\/e-legale-giocare-al-blackjack-online-in-canada\/","og_locale":"it_IT","og_type":"article","og_title":"Is it Legal to Play Online Blackjack in Canada?","og_description":"Legality of Casinos in Canada \u2013 The Current Situation Canada is split into three territories and 10 provinces. Each one of these provinces has been tasked","og_url":"https:\/\/www.blackjackinfo.com\/it\/blackjack-online-2\/e-legale-giocare-al-blackjack-online-in-canada\/","og_site_name":"BlackjackInfo.com","article_modified_time":"2018-11-02T06:52:14+00:00","og_image":[{"width":350,"height":250,"url":"https:\/\/www.blackjackinfo.com\/files\/is_it_legal_to_play_online_blackjack_in_canada.png","type":"image\/png"}],"twitter_misc":{"Tempo di lettura stimato":"5 minuti"},"schema":{"@context":"https:\/\/schema.org","@graph":[{"@type":"WebPage","@id":"https:\/\/www.blackjackinfo.com\/online-blackjack\/is-it-legal-to-play-online-blackjack-in-canada\/","url":"https:\/\/www.blackjackinfo.com\/online-blackjack\/is-it-legal-to-play-online-blackjack-in-canada\/","name":"\u00c8 legale giocare al blackjack online in Canada?","isPartOf":{"@id":"https:\/\/www.blackjackinfo.com\/#website"},"primaryImageOfPage":{"@id":"https:\/\/www.blackjackinfo.com\/online-blackjack\/is-it-legal-to-play-online-blackjack-in-canada\/#primaryimage"},"image":{"@id":"https:\/\/www.blackjackinfo.com\/online-blackjack\/is-it-legal-to-play-online-blackjack-in-canada\/#primaryimage"},"thumbnailUrl":"https:\/\/www.blackjackinfo.com\/files\/is_it_legal_to_play_online_blackjack_in_canada.png","datePublished":"2018-07-28T00:38:54+00:00","dateModified":"2018-11-02T06:52:14+00:00","description":"Legalit\u00e0 dei casin\u00f2 in Canada - La situazione attuale Il Canada \u00e8 diviso in tre territori e 10 province. Ognuna di queste province ha il compito di","breadcrumb":{"@id":"https:\/\/www.blackjackinfo.com\/online-blackjack\/is-it-legal-to-play-online-blackjack-in-canada\/#breadcrumb"},"inLanguage":"it-IT","potentialAction":[{"@type":"ReadAction","target":["https:\/\/www.blackjackinfo.com\/online-blackjack\/is-it-legal-to-play-online-blackjack-in-canada\/"]}]},{"@type":"ImageObject","inLanguage":"it-IT","@id":"https:\/\/www.blackjackinfo.com\/online-blackjack\/is-it-legal-to-play-online-blackjack-in-canada\/#primaryimage","url":"https:\/\/www.blackjackinfo.com\/files\/is_it_legal_to_play_online_blackjack_in_canada.png","contentUrl":"https:\/\/www.blackjackinfo.com\/files\/is_it_legal_to_play_online_blackjack_in_canada.png","width":350,"height":250,"caption":"is_it_legal_to_play_online_blackjack_in_canada"},{"@type":"BreadcrumbList","@id":"https:\/\/www.blackjackinfo.com\/online-blackjack\/is-it-legal-to-play-online-blackjack-in-canada\/#breadcrumb","itemListElement":[{"@type":"ListItem","position":1,"name":"Home","item":"https:\/\/www.blackjackinfo.com\/"},{"@type":"ListItem","position":2,"name":"Online Blackjack for Real Money","item":"https:\/\/www.blackjackinfo.com\/online-blackjack\/"},{"@type":"ListItem","position":3,"name":"Is it Legal to Play Online Blackjack in Canada?"}]},{"@type":"WebSite","@id":"https:\/\/www.blackjackinfo.com\/#website","url":"https:\/\/www.blackjackinfo.com\/","name":"BlackjackInfo.com","description":"Perch\u00e9 vincere \u00e8 pi\u00f9 divertente!","potentialAction":[{"@type":"SearchAction","target":{"@type":"EntryPoint","urlTemplate":"https:\/\/www.blackjackinfo.com\/?s={search_term_string}"},"query-input":{"@type":"PropertyValueSpecification","valueRequired":true,"valueName":"search_term_string"}}],"inLanguage":"it-IT"}]}},"_links":{"self":[{"href":"https:\/\/www.blackjackinfo.com\/it\/wp-json\/wp\/v2\/pages\/4273","targetHints":{"allow":["GET"]}}],"collection":[{"href":"https:\/\/www.blackjackinfo.com\/it\/wp-json\/wp\/v2\/pages"}],"about":[{"href":"https:\/\/www.blackjackinfo.com\/it\/wp-json\/wp\/v2\/types\/page"}],"author":[{"embeddable":true,"href":"https:\/\/www.blackjackinfo.com\/it\/wp-json\/wp\/v2\/users\/4"}],"replies":[{"embeddable":true,"href":"https:\/\/www.blackjackinfo.com\/it\/wp-json\/wp\/v2\/comments?post=4273"}],"version-history":[{"count":8,"href":"https:\/\/www.blackjackinfo.com\/it\/wp-json\/wp\/v2\/pages\/4273\/revisions"}],"predecessor-version":[{"id":4708,"href":"https:\/\/www.blackjackinfo.com\/it\/wp-json\/wp\/v2\/pages\/4273\/revisions\/4708"}],"up":[{"embeddable":true,"href":"https:\/\/www.blackjackinfo.com\/it\/wp-json\/wp\/v2\/pages\/1928"}],"wp:featuredmedia":[{"embeddable":true,"href":"https:\/\/www.blackjackinfo.com\/it\/wp-json\/wp\/v2\/media\/4696"}],"wp:attachment":[{"href":"https:\/\/www.blackjackinfo.com\/it\/wp-json\/wp\/v2\/media?parent=4273"}],"wp:term":[{"taxonomy":"post_tag","embeddable":true,"href":"https:\/\/www.blackjackinfo.com\/it\/wp-json\/wp\/v2\/tags?post=4273"}],"curies":[{"name":"wp","href":"https:\/\/api.w.org\/{rel}","templated":true}]}}