{"id":4594,"date":"2018-09-06T23:26:05","date_gmt":"2018-09-07T04:26:05","guid":{"rendered":"https:\/\/www.blackjackinfo.com\/?page_id=4594"},"modified":"2020-02-18T18:30:31","modified_gmt":"2020-02-19T00:30:31","slug":"casino-verite-blackjack-lo-strumento-di-pratica-definitivo","status":"publish","type":"page","link":"https:\/\/www.blackjackinfo.com\/it\/casino-verite-blackjack-the-ultimate-practice-tool\/","title":{"rendered":"Casino V\u00e9rit\u00e9 Blackjack - Lo strumento di pratica definitivo"},"content":{"rendered":"<p>Casino V\u00e9rit\u00e9 Blackjack (CVBJ) \u00e8 un software pluripremiato sviluppato da Norman Wattenberger, giocatore di vantaggio e guru della tecnologia. Norman \u00e8 un ex vicepresidente per la strategia e l'architettura di Citibank e ha giocato a carte per oltre 40 anni. Attualmente gestisce un forum sul blackjack e distribuisce software di blackjack da oltre 20 anni.<\/p>\n<p><a href=\"\/files\/cvbj-screenshot-1.jpg\"><img loading=\"lazy\" decoding=\"async\" class=\"thumbnail img-responsive center-block\" src=\"\/files\/cvbj-screenshot-1-300x161.jpg\" alt=\"\" width=\"300\" height=\"161\" data-no-auto-translation=\"\" \/><\/a><\/p>\n<h2 id=\"how-is-cvj-useful\">In che modo il CVBJ \u00e8 utile?<\/h2>\n<p>Il CVBJ \u00e8 considerato uno dei migliori strumenti di formazione per il blackjack mai creati. \u00c8 il software che io stesso e innumerevoli altri contatori di carte abbiamo usato per perfezionare le loro abilit\u00e0 di conteggio, e pu\u00f2 far risparmiare a un aspirante contatore di carte una quantit\u00e0 sostanziale di EV (valore stimato o profitto potenziale) eliminando gli errori dietro il monitor di un computer piuttosto che al tavolo da blackjack. Permettendo di tenere traccia delle proprie giocate, di riconoscere gli errori e di esercitarsi nella tecnica, il CVBJ \u00e8 un must per ogni serio giocatore di vantaggio.<br \/>\n<div class=\"row\" style=\"margin-bottom:20px\">\n    <div class=\"col-sm-12\">\n                <h2>I migliori casin\u00f2 online degli Stati Uniti <span\n                class=\"flag-icon flag-icon-us\"><\/span><\/h2>\n\n        \n                \n        <div class=\"ranking-table text-center\">\n            <div class=\"row flex ad-row\">\n                <div class=\"col-sm-3\">\n                    <div class=\"row flex\">\n\n                        <div class=\"col-sm-3\">\n                            <div class=\"ranking-number text-center\">\n\n                                1                                \n                            <\/div>\n                        <\/div>\n                        <div class=\"col-sm-9\">\n                            <img decoding=\"async\" src=\"https:\/\/www.blackjackinfo.com\/files\/bovada.png\" data-no-auto-translation=\"\">\n                        <\/div>\n                    <\/div>\n                <\/div>\n                <div class=\"col-sm-4\">\n                    <div class=\"bonus-text text-center\"><span class=\"red\">100% fino a $1.000<\/span><\/div>\n\t\t\t\t\t\n\n                <\/div>\n                <div class=\"col-sm-2\">\n                    <a class=\"btn btn-wire\" href=\"\/it\/casino\/bovada\/\">Recensione<\/a>\n\n                <\/div>\n                <div class=\"col-sm-3\">\n                    <a rel=\"nofollow\" target=\"_blank\" class=\"btn btn-blue\" href=\"\/goto\/goto\/\">Giocare\n                        Ora<\/a>\n\t\t\t\t\t\t\n\n                <\/div>\n            <\/div>\n        <\/div>\n\n\n\n        \n                \n        <div class=\"ranking-table text-center\">\n            <div class=\"row flex ad-row\">\n                <div class=\"col-sm-3\">\n                    <div class=\"row flex\">\n\n                        <div class=\"col-sm-3\">\n                            <div class=\"ranking-number text-center\">\n\n                                2                                \n                            <\/div>\n                        <\/div>\n                        <div class=\"col-sm-9\">\n                            <img decoding=\"async\" src=\"https:\/\/www.blackjackinfo.com\/files\/ignition-casino-logo.png\" data-no-auto-translation=\"\">\n                        <\/div>\n                    <\/div>\n                <\/div>\n                <div class=\"col-sm-4\">\n                    <div class=\"bonus-text text-center\"><span class=\"red\">100% fino a $1.000<\/span><\/div>\n\t\t\t\t\t\n\n                <\/div>\n                <div class=\"col-sm-2\">\n                    <a class=\"btn btn-wire\" href=\"\/it\/casino\/ignition-casino\/\">Recensione<\/a>\n\n                <\/div>\n                <div class=\"col-sm-3\">\n                    <a rel=\"nofollow\" target=\"_blank\" class=\"btn btn-blue\" href=\"\/goto\/goto\/\">Giocare\n                        Ora<\/a>\n\t\t\t\t\t\t\n\n                <\/div>\n            <\/div>\n        <\/div>\n\n\n\n        \n                \n        <div class=\"ranking-table text-center\">\n            <div class=\"row flex ad-row\">\n                <div class=\"col-sm-3\">\n                    <div class=\"row flex\">\n\n                        <div class=\"col-sm-3\">\n                            <div class=\"ranking-number text-center\">\n\n                                3                                \n                            <\/div>\n                        <\/div>\n                        <div class=\"col-sm-9\">\n                            <img decoding=\"async\" src=\"https:\/\/www.blackjackinfo.com\/files\/VipSlots-500x250_dark.svg\" data-no-auto-translation=\"\">\n                        <\/div>\n                    <\/div>\n                <\/div>\n                <div class=\"col-sm-4\">\n                    <div class=\"bonus-text text-center\"><span class=\"red\">100 SPIN GRATUITI su Vita segreta dei gatti<\/span><\/div>\n\t\t\t\t\t\n\n                <\/div>\n                <div class=\"col-sm-2\">\n                    <a class=\"btn btn-wire\" href=\"\/it\/casino\/vipslots-casino\/\">Recensione<\/a>\n\n                <\/div>\n                <div class=\"col-sm-3\">\n                    <a rel=\"nofollow\" target=\"_blank\" class=\"btn btn-blue\" href=\"\/goto\/goto\/\">Giocare\n                        Ora<\/a>\n\t\t\t\t\t\t\n\n                <\/div>\n            <\/div>\n        <\/div>\n\n\n\n        \n                \n        <div class=\"ranking-table text-center\">\n            <div class=\"row flex ad-row\">\n                <div class=\"col-sm-3\">\n                    <div class=\"row flex\">\n\n                        <div class=\"col-sm-3\">\n                            <div class=\"ranking-number text-center\">\n\n                                4                                \n                            <\/div>\n                        <\/div>\n                        <div class=\"col-sm-9\">\n                            <img decoding=\"async\" src=\"https:\/\/www.blackjackinfo.com\/files\/vegas_casino_online.png\" data-no-auto-translation=\"\">\n                        <\/div>\n                    <\/div>\n                <\/div>\n                <div class=\"col-sm-4\">\n                    <div class=\"bonus-text text-center\"><span class=\"red\">300% fino a $3.000<\/span><\/div>\n\t\t\t\t\t\n\n                <\/div>\n                <div class=\"col-sm-2\">\n                    <a class=\"btn btn-wire\" href=\"\/it\/casino\/vegas-casino-online-2\/\">Recensione<\/a>\n\n                <\/div>\n                <div class=\"col-sm-3\">\n                    <a rel=\"nofollow\" target=\"_blank\" class=\"btn btn-blue\" href=\"\/goto\/goto\/\">Giocare\n                        Ora<\/a>\n\t\t\t\t\t\t\n\n                <\/div>\n            <\/div>\n        <\/div>\n\n\n\n        \n                \n        <div class=\"ranking-table text-center\">\n            <div class=\"row flex ad-row\">\n                <div class=\"col-sm-3\">\n                    <div class=\"row flex\">\n\n                        <div class=\"col-sm-3\">\n                            <div class=\"ranking-number text-center\">\n\n                                5                                \n                            <\/div>\n                        <\/div>\n                        <div class=\"col-sm-9\">\n                            <img decoding=\"async\" src=\"https:\/\/www.blackjackinfo.com\/files\/cafe-casino-logo.svg\" data-no-auto-translation=\"\">\n                        <\/div>\n                    <\/div>\n                <\/div>\n                <div class=\"col-sm-4\">\n                    <div class=\"bonus-text text-center\"><span class=\"red\">250% fino a $1.500<\/span><\/div>\n\t\t\t\t\t\n\n                <\/div>\n                <div class=\"col-sm-2\">\n                    <a class=\"btn btn-wire\" href=\"\/it\/casino\/cafe-casino\/\">Recensione<\/a>\n\n                <\/div>\n                <div class=\"col-sm-3\">\n                    <a rel=\"nofollow\" target=\"_blank\" class=\"btn btn-blue\" href=\"\/goto\/goto\/\">Giocare\n                        Ora<\/a>\n\t\t\t\t\t\t\n\n                <\/div>\n            <\/div>\n        <\/div>\n\n\n\n            <\/div>\n<\/div><\/p>\n<h2>Cosa pu\u00f2 fare il CVBJ?<\/h2>\n<p>CVBJ consente di riconoscere ci\u00f2 che il proprio gioco ai tavoli non \u00e8 in grado di fare. Il programma vi mostra dove avete sbagliato e vi permette di correggerlo. Poich\u00e9 la deviazione standard nel gioco del blackjack pu\u00f2 far nascere un giocatore vincente da un pessimo contatore di carte o un perdente da un esperto contatore di carte ben allenato, sapere a che punto si \u00e8 \u00e8 \u00e8 fondamentale. Anche i risultati di 300 ore di gioco possono essere fuorvianti e se sperate di farcela come contatore o anche solo di giocare una buona strategia di base, dovete sapere come vi state comportando prima che il lungo periodo vi raggiunga.<\/p>\n<h2>Caratteristiche del CVBJ<\/h2>\n<p>Il CVBJ \u00e8 altamente personalizzabile per adattarsi al vostro gioco, ai vostri obiettivi e al vostro livello di abilit\u00e0. Al momento della configurazione, si crea un profilo e si seleziona un tavolo da 4 o 6 posti (che si pu\u00f2 cambiare in seguito). Si seleziona poi il proprio livello di esperienza. Il livello di esperienza non cambia le opzioni a disposizione, ma un livello di novizio rende le opzioni pi\u00f9 semplici pi\u00f9 evidenti. Si seleziona quindi la propria strategia, che si tratti di una pura strategia di base senza conteggio, del metodo di conteggio alto-basso, del KO, dello Zen o di molti altri ancora. Una volta completata l'impostazione, si pu\u00f2 iniziare automaticamente a fare pratica e a esplorare il software.<\/p>\n<p><a href=\"\/files\/cvbj-screenshot-2.jpg\"><img loading=\"lazy\" decoding=\"async\" class=\"thumbnail img-responsive center-block\" src=\"\/files\/cvbj-screenshot-2-300x221.jpg\" alt=\"\" width=\"300\" height=\"221\" data-no-auto-translation=\"\" \/><\/a><\/p>\n<h2 id=\"customization\">Personalizzazione<\/h2>\n<p>Dopo aver iniziato a esplorare le impostazioni dal menu in basso a sinistra dello schermo, noterete che \u00e8 possibile personalizzare le regole per il numero di mazzi, il livello di penetrazione, il numero di carte bruciate, regole come l'H17, il calcolo del conteggio reale, la velocit\u00e0 del banco, il numero di giocatori e i loro stili di gioco, il vostro bankroll di partenza, i bonus come il 777 che paga 2:1 e le diverse varianti del 21 come l'asso e il jack suited che pagano 2:1. Questo vi permette di creare scenari ipotetici o di esercitarvi nelle stesse condizioni del casin\u00f2 locale. Questo vi permette di creare scenari ipotetici o di esercitarvi nelle stesse identiche condizioni del vostro casin\u00f2 locale.<\/p>\n<p><a href=\"\/files\/cvbj-screenshot-3.jpg\"><img loading=\"lazy\" decoding=\"async\" class=\"thumbnail img-responsive center-block\" src=\"\/files\/cvbj-screenshot-3-300x243.jpg\" alt=\"\" width=\"300\" height=\"243\" data-no-auto-translation=\"\" \/><\/a><\/p>\n<p>V\u00e9rit\u00e9 permette anche di simulare gli errori del croupier. Questi includono errori di pagamento dell'assicurazione e del blackjack, bust mancati del dealer, giocatori che perdono un push o dealer che stanno in piedi in modo errato. Questa funzione vi permette di testare la vostra capacit\u00e0 di riconoscere gli errori del croupier in un ambiente di casin\u00f2 dal vivo, che influiranno negativamente sul vostro EV.<\/p>\n<p>Anche se ritengo che solo l'esperienza in un casin\u00f2 vi permetter\u00e0 di valutare il livello di controllo delle vostre giocate, il CVBJ dispone di un sistema di indice di calore che vi permette di riconoscere quali giocate e strategie possono attirare le ire del pitboss o del personale di sorveglianza.  L'indicatore aumenta quando si effettuano deviazioni dalla strategia, si distribuiscono drasticamente le puntate, si correggono i conteggi e si puntano importi elevati. \u00c8 possibile personalizzare completamente le opzioni che aumentano il livello di calore.<\/p>\n<h2 id=\"error-recognition\">Riconoscimento degli errori<\/h2>\n<p>Questa caratteristica fa s\u00ec che il CVBJ valga da solo il prezzo. Una volta impostata la strategia, il software si assicura che si giochi in modo corretto. Per esempio, se state giocando high-low e volete utilizzare l'indice Illustrious 18, potete selezionare questa strategia di gioco in modo che, in caso di deviazione dal gioco non corretta in base al conteggio (colpendo un 16 contro un 10 del banco con un TC di +2, per esempio), un suono di errore e una finestra pop-up vi avviseranno. \u00c8 possibile impostare gli indici in qualsiasi punto, da poche deviazioni di +1 o +2 all'intera gamma di deviazioni del conteggio esistente.<\/p>\n<p>Oltre alle notifiche di errore, \u00e8 disponibile un registro degli errori da esaminare dopo le sessioni di gioco. \u00c8 possibile consultare il registro per vedere quali errori di strategia sono stati commessi e quanto EV \u00e8 stato perso con ogni errore cumulativo. Una volta appresi gli errori che commettete costantemente, potete impostare delle esercitazioni all'interno di CVBJ per esercitarvi in quelle aree di difficolt\u00e0, risparmiandovi il costo di esercitarvi con denaro reale fino a quando non sarete finalmente pronti per il casin\u00f2.<\/p>\n<p><a href=\"\/files\/cvbj-screenshot-4.jpg\"><img loading=\"lazy\" decoding=\"async\" class=\"thumbnail img-responsive center-block\" src=\"\/files\/cvbj-screenshot-4-300x196.jpg\" alt=\"\" width=\"300\" height=\"196\" data-no-auto-translation=\"\" \/><\/a><\/p>\n<h2 id=\"practice-and-drills\">Pratica ed esercitazioni<\/h2>\n<p>Sebbene CVBJ possa essere incredibilmente utile per sedersi e giocare semplicemente al blackjack ed esercitarsi a tenere il conto, a stimare il mazzo e a convertire, il tutto confrontando i propri numeri con i calcoli di CVBJ per testare la propria accuratezza, il vero beneficio deriva dalle esclusive flashcard del programma, dal vassoio degli scarti, dalle esercitazioni di conteggio e altro ancora.<\/p>\n<p>Le esercitazioni con le flashcard consentono di testare gli indici del sistema di conteggio. Potete selezionare gli errori pi\u00f9 comuni di gioco o di esercizio, l'illustre 18 o un qualsiasi intervallo di indici. Le esercitazioni sono cronometrate e forniscono a voi due carte, al banco una carta e a voi un vero conteggio. Da qui, dovete decidere quale opzione (hit, stand, double, ecc.) \u00e8 quella corretta.<\/p>\n<p><a href=\"\/files\/cvbj-screenshot-5.jpg\"><img loading=\"lazy\" decoding=\"async\" class=\"thumbnail img-responsive center-block\" src=\"\/files\/cvbj-screenshot-5-300x144.jpg\" alt=\"\" width=\"300\" height=\"144\" data-no-auto-translation=\"\" \/><\/a><\/p>\n<p>Le esercitazioni con il vassoio degli scarti mostrano immagini di un vassoio degli scarti (scegliete voi il numero di mazzi) pieno di una variet\u00e0 di carte di diverso numero. Durante l'esercitazione a tempo, dovete scegliere quanti mazzi ritenete siano rimasti in ogni immagine. Questo \u00e8 un ottimo modo per esercitarsi nella stima dei mazzi.<\/p>\n<p><a href=\"\/files\/cvbj-screenshot-6.jpg\"><img loading=\"lazy\" decoding=\"async\" class=\"thumbnail img-responsive center-block\" src=\"\/files\/cvbj-screenshot-6-300x190.jpg\" alt=\"\" width=\"300\" height=\"190\" data-no-auto-translation=\"\" \/><\/a><\/p>\n<p>Le esercitazioni di conteggio consentono di esercitarsi nel conteggio della corsa, nel conteggio reale e in altri conteggi laterali. Sullo schermo ruotano diverse carte, a una velocit\u00e0 selezionata dall'utente. Una volta terminata l'esercitazione, \u00e8 necessario fornire il conteggio vero, laterale o di corsa in base alle specifiche di allenamento.<\/p>\n<p>Il Blackjack di Casino V\u00e9rit\u00e9 \u00e8 in assoluto il pi\u00f9 vicino alla pratica di un giocatore di vantaggio in un ambiente di casin\u00f2 dal vivo. Il software vi impedisce di sacrificare l'EV e potenzialmente centinaia o migliaia di dollari nel processo.  Anche se avete gi\u00e0 giocato molto in un ambiente live, il CVBJ \u00e8 in grado di evidenziare difetti o errori nel vostro gioco che vi costano ogni volta che mettete piede in un casin\u00f2. Il programma pu\u00f2 insegnare qualsiasi cosa, dalla strategia di base ai conteggi avanzati fino al rischio di rovina, e nessun giocatore di blackjack serio dovrebbe farne a meno. Potete acquistare CVBJ al seguente indirizzo <a href=\"https:\/\/www.blackjackinfo.com\/goto\/casino-verite\/\" target=\"\" rel=\"nofollow noopener noreferrer\">qfit.com<\/a><\/p>","protected":false},"excerpt":{"rendered":"<p>Casino V\u00e9rit\u00e9 Blackjack (CVBJ) is an award-winning software program developed by Norman Wattenberger, an advantage player and technology guru. Norman is a former Strategy and Architecture Vice President for Citibank and has been a card counter for over 40 years. He currently runs a blackjack forum, and he has been distributing Blackjack software for over [&hellip;]<\/p>\n","protected":false},"author":6,"featured_media":0,"parent":0,"menu_order":0,"comment_status":"open","ping_status":"closed","template":"page-with-sidebar.php","meta":{"_acf_changed":false,"footnotes":""},"tags":[],"class_list":["post-4594","page","type-page","status-publish","hentry"],"acf":[],"yoast_head":"<!-- This site is optimized with the Yoast SEO plugin v26.6 - https:\/\/yoast.com\/wordpress\/plugins\/seo\/ -->\n<title>Casino V\u00e9rit\u00e9 Blackjack (CVBJ) Software Review - A Must For All Serious Players!<\/title>\n<meta name=\"description\" content=\"What is CVBJ? A must have for all serious advantage players, his software will allow you to hone your skills and prepare you for the casino\" \/>\n<meta name=\"robots\" content=\"index, follow, max-snippet:-1, max-image-preview:large, max-video-preview:-1\" \/>\n<link rel=\"canonical\" href=\"https:\/\/www.blackjackinfo.com\/it\/casino-verite-blackjack-lo-strumento-di-pratica-definitivo\/\" \/>\n<meta property=\"og:locale\" content=\"it_IT\" \/>\n<meta property=\"og:type\" content=\"article\" \/>\n<meta property=\"og:title\" content=\"Casino V\u00e9rit\u00e9 Blackjack (CVBJ) Software Review - A Must For All Serious Players!\" \/>\n<meta property=\"og:description\" content=\"What is CVBJ? A must have for all serious advantage players, his software will allow you to hone your skills and prepare you for the casino\" \/>\n<meta property=\"og:url\" content=\"https:\/\/www.blackjackinfo.com\/it\/casino-verite-blackjack-lo-strumento-di-pratica-definitivo\/\" \/>\n<meta property=\"og:site_name\" content=\"BlackjackInfo.com\" \/>\n<meta property=\"article:modified_time\" content=\"2020-02-19T00:30:31+00:00\" \/>\n<meta name=\"twitter:label1\" content=\"Tempo di lettura stimato\" \/>\n\t<meta name=\"twitter:data1\" content=\"5 minuti\" \/>\n<script type=\"application\/ld+json\" class=\"yoast-schema-graph\">{\"@context\":\"https:\/\/schema.org\",\"@graph\":[{\"@type\":\"WebPage\",\"@id\":\"https:\/\/www.blackjackinfo.com\/casino-verite-blackjack-the-ultimate-practice-tool\/\",\"url\":\"https:\/\/www.blackjackinfo.com\/casino-verite-blackjack-the-ultimate-practice-tool\/\",\"name\":\"Casino V\u00e9rit\u00e9 Blackjack (CVBJ) Software Review - A Must For All Serious Players!\",\"isPartOf\":{\"@id\":\"https:\/\/www.blackjackinfo.com\/#website\"},\"datePublished\":\"2018-09-07T04:26:05+00:00\",\"dateModified\":\"2020-02-19T00:30:31+00:00\",\"description\":\"What is CVBJ? A must have for all serious advantage players, his software will allow you to hone your skills and prepare you for the casino\",\"breadcrumb\":{\"@id\":\"https:\/\/www.blackjackinfo.com\/casino-verite-blackjack-the-ultimate-practice-tool\/#breadcrumb\"},\"inLanguage\":\"it-IT\",\"potentialAction\":[{\"@type\":\"ReadAction\",\"target\":[\"https:\/\/www.blackjackinfo.com\/casino-verite-blackjack-the-ultimate-practice-tool\/\"]}]},{\"@type\":\"BreadcrumbList\",\"@id\":\"https:\/\/www.blackjackinfo.com\/casino-verite-blackjack-the-ultimate-practice-tool\/#breadcrumb\",\"itemListElement\":[{\"@type\":\"ListItem\",\"position\":1,\"name\":\"Home\",\"item\":\"https:\/\/www.blackjackinfo.com\/\"},{\"@type\":\"ListItem\",\"position\":2,\"name\":\"Casino V\u00e9rit\u00e9 Blackjack &#8211; The Ultimate Practice Tool\"}]},{\"@type\":\"WebSite\",\"@id\":\"https:\/\/www.blackjackinfo.com\/#website\",\"url\":\"https:\/\/www.blackjackinfo.com\/\",\"name\":\"BlackjackInfo.com\",\"description\":\"Because Winning is More Fun!\",\"potentialAction\":[{\"@type\":\"SearchAction\",\"target\":{\"@type\":\"EntryPoint\",\"urlTemplate\":\"https:\/\/www.blackjackinfo.com\/?s={search_term_string}\"},\"query-input\":{\"@type\":\"PropertyValueSpecification\",\"valueRequired\":true,\"valueName\":\"search_term_string\"}}],\"inLanguage\":\"it-IT\"}]}<\/script>\n<!-- \/ Yoast SEO plugin. -->","yoast_head_json":{"title":"Recensione del software Casino V\u00e9rit\u00e9 Blackjack (CVBJ) - Un must per tutti i giocatori seri!","description":"Che cos'\u00e8 il CVBJ? Un must per tutti i giocatori di vantaggio seri, il suo software vi permetter\u00e0 di affinare le vostre abilit\u00e0 e di prepararvi per il casin\u00f2.","robots":{"index":"index","follow":"follow","max-snippet":"max-snippet:-1","max-image-preview":"max-image-preview:large","max-video-preview":"max-video-preview:-1"},"canonical":"https:\/\/www.blackjackinfo.com\/it\/casino-verite-blackjack-lo-strumento-di-pratica-definitivo\/","og_locale":"it_IT","og_type":"article","og_title":"Casino V\u00e9rit\u00e9 Blackjack (CVBJ) Software Review - A Must For All Serious Players!","og_description":"What is CVBJ? A must have for all serious advantage players, his software will allow you to hone your skills and prepare you for the casino","og_url":"https:\/\/www.blackjackinfo.com\/it\/casino-verite-blackjack-lo-strumento-di-pratica-definitivo\/","og_site_name":"BlackjackInfo.com","article_modified_time":"2020-02-19T00:30:31+00:00","twitter_misc":{"Tempo di lettura stimato":"5 minuti"},"schema":{"@context":"https:\/\/schema.org","@graph":[{"@type":"WebPage","@id":"https:\/\/www.blackjackinfo.com\/casino-verite-blackjack-the-ultimate-practice-tool\/","url":"https:\/\/www.blackjackinfo.com\/casino-verite-blackjack-the-ultimate-practice-tool\/","name":"Recensione del software Casino V\u00e9rit\u00e9 Blackjack (CVBJ) - Un must per tutti i giocatori seri!","isPartOf":{"@id":"https:\/\/www.blackjackinfo.com\/#website"},"datePublished":"2018-09-07T04:26:05+00:00","dateModified":"2020-02-19T00:30:31+00:00","description":"Che cos'\u00e8 il CVBJ? Un must per tutti i giocatori di vantaggio seri, il suo software vi permetter\u00e0 di affinare le vostre abilit\u00e0 e di prepararvi per il casin\u00f2.","breadcrumb":{"@id":"https:\/\/www.blackjackinfo.com\/casino-verite-blackjack-the-ultimate-practice-tool\/#breadcrumb"},"inLanguage":"it-IT","potentialAction":[{"@type":"ReadAction","target":["https:\/\/www.blackjackinfo.com\/casino-verite-blackjack-the-ultimate-practice-tool\/"]}]},{"@type":"BreadcrumbList","@id":"https:\/\/www.blackjackinfo.com\/casino-verite-blackjack-the-ultimate-practice-tool\/#breadcrumb","itemListElement":[{"@type":"ListItem","position":1,"name":"Home","item":"https:\/\/www.blackjackinfo.com\/"},{"@type":"ListItem","position":2,"name":"Casino V\u00e9rit\u00e9 Blackjack &#8211; The Ultimate Practice Tool"}]},{"@type":"WebSite","@id":"https:\/\/www.blackjackinfo.com\/#website","url":"https:\/\/www.blackjackinfo.com\/","name":"BlackjackInfo.com","description":"Perch\u00e9 vincere \u00e8 pi\u00f9 divertente!","potentialAction":[{"@type":"SearchAction","target":{"@type":"EntryPoint","urlTemplate":"https:\/\/www.blackjackinfo.com\/?s={search_term_string}"},"query-input":{"@type":"PropertyValueSpecification","valueRequired":true,"valueName":"search_term_string"}}],"inLanguage":"it-IT"}]}},"_links":{"self":[{"href":"https:\/\/www.blackjackinfo.com\/it\/wp-json\/wp\/v2\/pages\/4594","targetHints":{"allow":["GET"]}}],"collection":[{"href":"https:\/\/www.blackjackinfo.com\/it\/wp-json\/wp\/v2\/pages"}],"about":[{"href":"https:\/\/www.blackjackinfo.com\/it\/wp-json\/wp\/v2\/types\/page"}],"author":[{"embeddable":true,"href":"https:\/\/www.blackjackinfo.com\/it\/wp-json\/wp\/v2\/users\/6"}],"replies":[{"embeddable":true,"href":"https:\/\/www.blackjackinfo.com\/it\/wp-json\/wp\/v2\/comments?post=4594"}],"version-history":[{"count":7,"href":"https:\/\/www.blackjackinfo.com\/it\/wp-json\/wp\/v2\/pages\/4594\/revisions"}],"predecessor-version":[{"id":5481,"href":"https:\/\/www.blackjackinfo.com\/it\/wp-json\/wp\/v2\/pages\/4594\/revisions\/5481"}],"wp:attachment":[{"href":"https:\/\/www.blackjackinfo.com\/it\/wp-json\/wp\/v2\/media?parent=4594"}],"wp:term":[{"taxonomy":"post_tag","embeddable":true,"href":"https:\/\/www.blackjackinfo.com\/it\/wp-json\/wp\/v2\/tags?post=4594"}],"curies":[{"name":"wp","href":"https:\/\/api.w.org\/{rel}","templated":true}]}}