{"id":4874,"date":"2018-10-04T03:59:35","date_gmt":"2018-10-04T08:59:35","guid":{"rendered":"https:\/\/www.blackjackinfo.com\/?page_id=4874"},"modified":"2024-05-18T03:08:16","modified_gmt":"2024-05-18T08:08:16","slug":"circa","status":"publish","type":"page","link":"https:\/\/www.blackjackinfo.com\/it\/about\/","title":{"rendered":"Circa"},"content":{"rendered":"<p>BlackjackInfo \u00e8 stato originariamente creato nel 1999 da Ken Smith come mezzo per fornire consigli esperti sul modo migliore di giocare a blackjack. Sebbene su Internet esistano molti siti dedicati al blackjack, Ken ha creato questa risorsa per fornire una visione credibile di come affrontare la vincita al blackjack e di come sia riuscito a trasformarla in una carriera professionale.<\/p>\n<p>Uno dei primi siti ad offrire <a href=\"https:\/\/www.blackjackinfo.com\/blackjack-basic-strategy-engine\/\">grafici della strategia del blackjack<\/a> e un <a href=\"https:\/\/www.blackjackinfo.com\/blackjack-strategy-trainer\/\">formatore strategico interattivo<\/a>BlackjackInfo \u00e8 sempre stata all'avanguardia nel fornire le migliori informazioni sul blackjack.<\/p>\n<p>Nel 2016, Ken ha venduto il sito alla rete di affiliazione per il gioco d'azzardo online <a href=\"https:\/\/lcb.org\">LCB<\/a> (precedentemente noto come Latest Casino Bonuses) ed \u00e8 ora gestito da LV Bear, un altro esperto e peso massimo tra i giocatori di blackjack.<\/p>\n<h2 class=\"purple-underline\">Contributori di BlackjackInfo<\/h2>\n<h3 id=\"who-is-ken-smith\">Chi \u00e8 Ken Smith?<\/h3>\n<p><img loading=\"lazy\" decoding=\"async\" class=\"alignright size-full wp-image-600\" src=\"\/files\/kensmith.jpg\" alt=\"ken smith\" width=\"252\" height=\"190\" data-no-auto-translation=\"\" \/>Avendo iniziato il suo primo torneo di blackjack nel lontano 1990, Ken ha iniziato rapidamente a crearsi un nome familiare, poich\u00e9 i suoi molti anni di esperienza e di analisi strategica gli hanno permesso di vincere numerosi tornei su base costante. Conosciuto come uno dei maggiori esperti di strategia nei tornei, \u00e8 stato presto ospite di diversi programmi televisivi e ha scritto rubriche per numerose riviste e siti web.<\/p>\n<p>Anche se Ken non \u00e8 pi\u00f9 proprietario di Blackjackinfo.com, troverete che si prende ancora del tempo per rispondere ai commenti e contribuire a <a href=\"https:\/\/www.blackjacktournaments.com\">blackjacktournaments.com<\/a> anche.<\/p>\n<p>Tra i risultati degni di nota ricordiamo:<\/p>\n<ul>\n<li><a href=\"https:\/\/en.wikipedia.org\/wiki\/World_Series_of_Blackjack#Season_1_results\">Raggiungere il tavolo finale delle World Series of Blackjack trasmesse in televisione<\/a><\/li>\n<li>Apparizioni successive nelle stagioni 2, 3 e 4 di WSOB<\/li>\n<li>Vincere il primo torneo della serie televisiva <a href=\"https:\/\/en.wikipedia.org\/wiki\/Ultimate_Blackjack_Tour\">Tour del Blackjack definitivo<\/a> oltre ad apparire nel Torneo delle Leggende UBT<\/li>\n<li>\u00c8 autore di 2 libri di strategia per i tornei di blackjack: <a href=\"http:\/\/www.deepnettech.com\/estore\/index.php?main_page=product_info&amp;products_id=59\">Come vincere pi\u00f9 tornei di blackjack<\/a> e <a href=\"http:\/\/deepnettech.com\/estore\/index.php?main_page=product_info&amp;products_id=84\">Come vincere ancora pi\u00f9 tornei di blackjack<\/a><\/li>\n<\/ul>\n<p>Interviste con Ken Smith:<\/p>\n<ul>\n<li><a href=\"https:\/\/youtu.be\/oPw0ba7_TgI\">Giocare d'azzardo con un vantaggio - ospite Ken Smith<\/a> - Youtube.com<\/li>\n<li><a href=\"http:\/\/www.blackjack-vegas.de\/index.php\/blackjack-tricks\/268-blackjack-interview-ken-smith-original-english.html\">L'autore di blackjack Ken Smith: Si guadagna ancora contando le carte!<\/a> - blackjack-vegas.de<\/li>\n<li><a href=\"https:\/\/thepogg.com\/thepogg-interviews-ken-smith-blackjack-tournament-expert\/\">Le interviste di ThePOGG - Ken Smith, esperto di tornei di blackjack<\/a> - thepogg.com<\/li>\n<li><a href=\"https:\/\/www.onlineblackjack.com\/blog\/ken-smith-blackjackinfo-interview\/\">INTERVISTA A KEN SMITH BLACKJACKINFO<\/a> - onlineblackjack.com<\/li>\n<li><a href=\"https:\/\/lcb.org\/news\/interviews\/interview-with-ken-of-blackjackinfo-com\">Intervista con Ken Smith di BlackjackInfo.com<\/a> - lcb.org<\/li>\n<li><a href=\"http:\/\/www.smartgaming.com\/html\/articles\/interview_with_bj_pros.htm\">INTERVISTA CON I PROFESSIONISTI DEL BLACKJACK KEN SMITH e JOE PANE<\/a> - smartgaming.com<\/li>\n<\/ul>\n<p>Per saperne di pi\u00f9 su Ken <a href=\"https:\/\/www.blackjackinfo.com\/ken-smith\/\">qui<\/a>.<\/p>\n<h3 id=\"who-is-lv-bear\">Chi \u00e8 LV Bear<\/h3>\n<p><img loading=\"lazy\" decoding=\"async\" class=\"alignright size-full wp-image-600\" src=\"\/files\/lv_bear.png\" alt=\"ken smith\" width=\"252\" height=\"190\" data-no-auto-translation=\"\" \/>Prestigioso giocatore di vantaggio che ha iniziato a perfezionare il suo mestiere a met\u00e0 degli anni '90, LV bear \u00e8 ora l'esperto residente di BlackjackInfo e porta con s\u00e9 un enorme bagaglio di esperienza essendo anche un collaboratore di <a href=\"https:\/\/www.bj21.com\">BJ21.com<\/a><\/p>\n<p>Responsabile della creazione dell'ambita newsletter di BJ21, utilizzata da molti giocatori di vantaggio, LV Bear \u00e8 uno dei giocatori di vantaggio pi\u00f9 affermati e contribuisce alla comunit\u00e0 del blackjack da molti anni.<\/p>\n<p>Ha anche un blog che si pu\u00f2 trovare all'indirizzo <a href=\"http:\/\/www.thebeargrowls.com\/\">http:\/\/www.thebeargrowls.com\/<\/a><\/p>\n<p>Interviste con LV Bear:<\/p>\n<ul>\n<li><a href=\"https:\/\/www.casinoonline.co.uk\/interviews\/las-vegas-bear\/\">Intervista con LV Bear<\/a> - casinoonline.it<\/li>\n<li><a href=\"https:\/\/www.blackjackinfo.com\/interviews\/lv-bear\/\">Intervista con LV Bear<\/a> - blackjackinfo.com<\/li>\n<\/ul>\n<p>Per saperne di pi\u00f9 sull'orso LV <a href=\"https:\/\/www.blackjackinfo.com\/about-lv-bear\/\">qui<\/a><\/p>\n<h3>Chi sono gli LCB?<\/h3>\n<p><img loading=\"lazy\" decoding=\"async\" class=\"alignright size-thumbnail wp-image-4915\" src=\"\/files\/lcb-logo-150x150.png\" alt=\"\" width=\"150\" height=\"150\" srcset=\"https:\/\/www.blackjackinfo.com\/files\/lcb-logo-150x150.png 150w, https:\/\/www.blackjackinfo.com\/files\/lcb-logo-300x300.png 300w, https:\/\/www.blackjackinfo.com\/files\/lcb-logo.png 400w\" sizes=\"auto, (max-width: 150px) 100vw, 150px\" data-no-auto-translation=\"\" \/>Il <a href=\"https:\/\/lcb.org\/network\">Rete LCB<\/a> ha iniziato nel 2006 come mezzo per fornire risorse per educare i giocatori d'azzardo che volevano giocare online. Da allora, negli ultimi 12 anni, si sono affermati come leader del settore, fornendo agli utenti informazioni che sono in grado di competere con pochissimi altri.<\/p>\n<p>Dopo l'acquisizione di BlackjackInfo.com, LCB ha ampliato il sito per includere risorse e guide per <a href=\"https:\/\/www.blackjackinfo.com\/online-blackjack\/\">giocare a blackjack online<\/a>.<\/p>\n<h3>Altri collaboratori<\/h3>\n<p><a href=\"https:\/\/www.hirequarters.com\/\">NOLEGGIO<\/a> - Questi ragazzi ci hanno aiutato a espandere i contenuti che vedete su blackjackinfo.com e sulla rete LCB.<\/p>\n<h2>Timeline di BlackjackInfo<\/h2>\n<div class=\"container\">\n<div class=\"row\">\n<div class=\"col-sm-8\">\n<div class=\"timeline-item\">\n<div class=\"row\">\n<div class=\"col-sm-6\">Viene creato BlackjackInfo<\/div>\n<div class=\"col-sm-6\">\n<div class=\"pull-right\">Gennaio 1999<\/div>\n<\/div>\n<\/div>\n<p>Ken Smith lancia Blackjackinfo.com ed \u00e8 uno dei primi siti a fornire grafici di strategia.<\/p>\n<\/div>\n<div class=\"timeline-item\">\n<div class=\"row\">\n<div class=\"col-sm-6\">Blackjackinfo.com viene venduto a LCB<\/div>\n<div class=\"col-sm-6\">\n<div class=\"pull-right\">Settembre, 2016<\/div>\n<\/div>\n<\/div>\n<p>Ken Smith vende BlackjackInfo.com alla rete LCB<\/p>\n<\/div>\n<div class=\"timeline-item\">\n<div class=\"row\">\n<div class=\"col-sm-6\">Orso LV si unisce a BJI<\/div>\n<div class=\"col-sm-6\">\n<div class=\"pull-right\">Settembre, 2016<\/div>\n<\/div>\n<\/div>\n<p><a href=\"https:\/\/www.blackjackinfo.com\/lv-bear-joins-blackjackinfo-com\/\">LV Bear assume il ruolo di esperto di blackjack residente per BlackjackInfo.com<\/a><\/p>\n<\/div>\n<\/div>\n<\/div>\n<\/div>","protected":false},"excerpt":{"rendered":"<p>BlackjackInfo was originally created in 1999 by Ken Smith as a means to provide expert advice on the best way to play blackjack. While there are many sites about blackjack on the internet, Ken created this resource to give credible insight into how to approach winning blackjack and how he managed to turn it into [&hellip;]<\/p>\n","protected":false},"author":4,"featured_media":0,"parent":0,"menu_order":0,"comment_status":"closed","ping_status":"closed","template":"","meta":{"_acf_changed":false,"footnotes":""},"tags":[],"class_list":["post-4874","page","type-page","status-publish","hentry"],"acf":[],"yoast_head":"<!-- This site is optimized with the Yoast SEO plugin v26.6 - https:\/\/yoast.com\/wordpress\/plugins\/seo\/ -->\n<title>About<\/title>\n<meta name=\"description\" content=\"BlackjackInfo was originally created in 1999 by Ken Smith as a means to provide expert advice on the best way to play blackjack. While there are many\" \/>\n<meta name=\"robots\" content=\"index, follow, max-snippet:-1, max-image-preview:large, max-video-preview:-1\" \/>\n<link rel=\"canonical\" href=\"https:\/\/www.blackjackinfo.com\/it\/circa\/\" \/>\n<meta property=\"og:locale\" content=\"it_IT\" \/>\n<meta property=\"og:type\" content=\"article\" \/>\n<meta property=\"og:title\" content=\"About\" \/>\n<meta property=\"og:description\" content=\"BlackjackInfo was originally created in 1999 by Ken Smith as a means to provide expert advice on the best way to play blackjack. While there are many\" \/>\n<meta property=\"og:url\" content=\"https:\/\/www.blackjackinfo.com\/it\/circa\/\" \/>\n<meta property=\"og:site_name\" content=\"BlackjackInfo.com\" \/>\n<meta property=\"article:modified_time\" content=\"2024-05-18T08:08:16+00:00\" \/>\n<meta name=\"twitter:label1\" content=\"Tempo di lettura stimato\" \/>\n\t<meta name=\"twitter:data1\" content=\"3 minuti\" \/>\n<script type=\"application\/ld+json\" class=\"yoast-schema-graph\">{\"@context\":\"https:\/\/schema.org\",\"@graph\":[{\"@type\":\"WebPage\",\"@id\":\"https:\/\/www.blackjackinfo.com\/about\/\",\"url\":\"https:\/\/www.blackjackinfo.com\/about\/\",\"name\":\"About\",\"isPartOf\":{\"@id\":\"https:\/\/www.blackjackinfo.com\/#website\"},\"datePublished\":\"2018-10-04T08:59:35+00:00\",\"dateModified\":\"2024-05-18T08:08:16+00:00\",\"description\":\"BlackjackInfo was originally created in 1999 by Ken Smith as a means to provide expert advice on the best way to play blackjack. While there are many\",\"breadcrumb\":{\"@id\":\"https:\/\/www.blackjackinfo.com\/about\/#breadcrumb\"},\"inLanguage\":\"it-IT\",\"potentialAction\":[{\"@type\":\"ReadAction\",\"target\":[\"https:\/\/www.blackjackinfo.com\/about\/\"]}]},{\"@type\":\"BreadcrumbList\",\"@id\":\"https:\/\/www.blackjackinfo.com\/about\/#breadcrumb\",\"itemListElement\":[{\"@type\":\"ListItem\",\"position\":1,\"name\":\"Home\",\"item\":\"https:\/\/www.blackjackinfo.com\/\"},{\"@type\":\"ListItem\",\"position\":2,\"name\":\"About\"}]},{\"@type\":\"WebSite\",\"@id\":\"https:\/\/www.blackjackinfo.com\/#website\",\"url\":\"https:\/\/www.blackjackinfo.com\/\",\"name\":\"BlackjackInfo.com\",\"description\":\"Because Winning is More Fun!\",\"potentialAction\":[{\"@type\":\"SearchAction\",\"target\":{\"@type\":\"EntryPoint\",\"urlTemplate\":\"https:\/\/www.blackjackinfo.com\/?s={search_term_string}\"},\"query-input\":{\"@type\":\"PropertyValueSpecification\",\"valueRequired\":true,\"valueName\":\"search_term_string\"}}],\"inLanguage\":\"it-IT\"}]}<\/script>\n<!-- \/ Yoast SEO plugin. -->","yoast_head_json":{"title":"Circa","description":"BlackjackInfo \u00e8 stato originariamente creato nel 1999 da Ken Smith come mezzo per fornire consigli di esperti sul modo migliore di giocare a blackjack. Anche se ci sono molti","robots":{"index":"index","follow":"follow","max-snippet":"max-snippet:-1","max-image-preview":"max-image-preview:large","max-video-preview":"max-video-preview:-1"},"canonical":"https:\/\/www.blackjackinfo.com\/it\/circa\/","og_locale":"it_IT","og_type":"article","og_title":"About","og_description":"BlackjackInfo was originally created in 1999 by Ken Smith as a means to provide expert advice on the best way to play blackjack. While there are many","og_url":"https:\/\/www.blackjackinfo.com\/it\/circa\/","og_site_name":"BlackjackInfo.com","article_modified_time":"2024-05-18T08:08:16+00:00","twitter_misc":{"Tempo di lettura stimato":"3 minuti"},"schema":{"@context":"https:\/\/schema.org","@graph":[{"@type":"WebPage","@id":"https:\/\/www.blackjackinfo.com\/about\/","url":"https:\/\/www.blackjackinfo.com\/about\/","name":"Circa","isPartOf":{"@id":"https:\/\/www.blackjackinfo.com\/#website"},"datePublished":"2018-10-04T08:59:35+00:00","dateModified":"2024-05-18T08:08:16+00:00","description":"BlackjackInfo \u00e8 stato originariamente creato nel 1999 da Ken Smith come mezzo per fornire consigli di esperti sul modo migliore di giocare a blackjack. Anche se ci sono molti","breadcrumb":{"@id":"https:\/\/www.blackjackinfo.com\/about\/#breadcrumb"},"inLanguage":"it-IT","potentialAction":[{"@type":"ReadAction","target":["https:\/\/www.blackjackinfo.com\/about\/"]}]},{"@type":"BreadcrumbList","@id":"https:\/\/www.blackjackinfo.com\/about\/#breadcrumb","itemListElement":[{"@type":"ListItem","position":1,"name":"Home","item":"https:\/\/www.blackjackinfo.com\/"},{"@type":"ListItem","position":2,"name":"About"}]},{"@type":"WebSite","@id":"https:\/\/www.blackjackinfo.com\/#website","url":"https:\/\/www.blackjackinfo.com\/","name":"BlackjackInfo.com","description":"Perch\u00e9 vincere \u00e8 pi\u00f9 divertente!","potentialAction":[{"@type":"SearchAction","target":{"@type":"EntryPoint","urlTemplate":"https:\/\/www.blackjackinfo.com\/?s={search_term_string}"},"query-input":{"@type":"PropertyValueSpecification","valueRequired":true,"valueName":"search_term_string"}}],"inLanguage":"it-IT"}]}},"_links":{"self":[{"href":"https:\/\/www.blackjackinfo.com\/it\/wp-json\/wp\/v2\/pages\/4874","targetHints":{"allow":["GET"]}}],"collection":[{"href":"https:\/\/www.blackjackinfo.com\/it\/wp-json\/wp\/v2\/pages"}],"about":[{"href":"https:\/\/www.blackjackinfo.com\/it\/wp-json\/wp\/v2\/types\/page"}],"author":[{"embeddable":true,"href":"https:\/\/www.blackjackinfo.com\/it\/wp-json\/wp\/v2\/users\/4"}],"replies":[{"embeddable":true,"href":"https:\/\/www.blackjackinfo.com\/it\/wp-json\/wp\/v2\/comments?post=4874"}],"version-history":[{"count":51,"href":"https:\/\/www.blackjackinfo.com\/it\/wp-json\/wp\/v2\/pages\/4874\/revisions"}],"predecessor-version":[{"id":5948,"href":"https:\/\/www.blackjackinfo.com\/it\/wp-json\/wp\/v2\/pages\/4874\/revisions\/5948"}],"wp:attachment":[{"href":"https:\/\/www.blackjackinfo.com\/it\/wp-json\/wp\/v2\/media?parent=4874"}],"wp:term":[{"taxonomy":"post_tag","embeddable":true,"href":"https:\/\/www.blackjackinfo.com\/it\/wp-json\/wp\/v2\/tags?post=4874"}],"curies":[{"name":"wp","href":"https:\/\/api.w.org\/{rel}","templated":true}]}}