{"id":5052,"date":"2018-11-11T18:31:55","date_gmt":"2018-11-12T00:31:55","guid":{"rendered":"https:\/\/www.blackjackinfo.com\/?page_id=5052"},"modified":"2020-02-18T18:27:05","modified_gmt":"2020-02-19T00:27:05","slug":"che-cose-il-wonging-nel-blackjack","status":"publish","type":"page","link":"https:\/\/www.blackjackinfo.com\/it\/what-is-wonging-in-blackjack\/","title":{"rendered":"Che cos'\u00e8 il Wonging (nel Blackjack)?"},"content":{"rendered":"<h2>Introduzione al Wonging<\/h2>\n<p>La strategia di gioco d'azzardo nota come \"Wonging\" ha un'applicazione ampia e variegata, ma \u00e8 strettamente legata al gioco del blackjack. Fondamentalmente, viene praticata dai giocatori che contano le carte a uno o pi\u00f9 tavoli di blackjack sulla pista del casin\u00f2 e scelgono il momento migliore, in base al loro conteggio, per entrare nel gioco.<\/p>\n<h2>Chi ha inventato il Wonging?<\/h2>\n<p>Non si pu\u00f2 dire chi sia stata la persona esatta che ha inventato la strategia Wonging, dato che i giocatori sono noti da tempo per passare da un tavolo all'altro a met\u00e0 partita. Tuttavia, l'autore del blackjack <a href=\"https:\/\/en.wikipedia.org\/wiki\/Stanford_Wong\">Jack Ferguson<\/a>, meglio conosciuto con lo pseudonimo di Stanford Wong, ha ampiamente propagato e sviluppato questa strategia nelle sue pubblicazioni, spingendo cos\u00ec la gente a chiamarlo con il suo pseudonimo.\n<\/p>\n<p><a href=\"\/interviews\/stanford-wong\/\">Nel 2014, BlackjackInfo ha condotto un'intervista con Stanford Wong che potete trovare qui. <\/a><br \/>\n<div class=\"row\" style=\"margin-bottom:20px\">\n    <div class=\"col-sm-12\">\n                <h2>I migliori casin\u00f2 online degli Stati Uniti <span\n                class=\"flag-icon flag-icon-us\"><\/span><\/h2>\n\n        \n                \n        <div class=\"ranking-table text-center\">\n            <div class=\"row flex ad-row\">\n                <div class=\"col-sm-3\">\n                    <div class=\"row flex\">\n\n                        <div class=\"col-sm-3\">\n                            <div class=\"ranking-number text-center\">\n\n                                1                                \n                            <\/div>\n                        <\/div>\n                        <div class=\"col-sm-9\">\n                            <img decoding=\"async\" src=\"https:\/\/www.blackjackinfo.com\/files\/bovada.png\" data-no-auto-translation=\"\">\n                        <\/div>\n                    <\/div>\n                <\/div>\n                <div class=\"col-sm-4\">\n                    <div class=\"bonus-text text-center\"><span class=\"red\">100% fino a $1.000<\/span><\/div>\n\t\t\t\t\t\n\n                <\/div>\n                <div class=\"col-sm-2\">\n                    <a class=\"btn btn-wire\" href=\"\/it\/casino\/bovada\/\">Recensione<\/a>\n\n                <\/div>\n                <div class=\"col-sm-3\">\n                    <a rel=\"nofollow\" target=\"_blank\" class=\"btn btn-blue\" href=\"\/goto\/goto\/\">Giocare\n                        Ora<\/a>\n\t\t\t\t\t\t\n\n                <\/div>\n            <\/div>\n        <\/div>\n\n\n\n        \n                \n        <div class=\"ranking-table text-center\">\n            <div class=\"row flex ad-row\">\n                <div class=\"col-sm-3\">\n                    <div class=\"row flex\">\n\n                        <div class=\"col-sm-3\">\n                            <div class=\"ranking-number text-center\">\n\n                                2                                \n                            <\/div>\n                        <\/div>\n                        <div class=\"col-sm-9\">\n                            <img decoding=\"async\" src=\"https:\/\/www.blackjackinfo.com\/files\/ignition-casino-logo.png\" data-no-auto-translation=\"\">\n                        <\/div>\n                    <\/div>\n                <\/div>\n                <div class=\"col-sm-4\">\n                    <div class=\"bonus-text text-center\"><span class=\"red\">100% fino a $1.000<\/span><\/div>\n\t\t\t\t\t\n\n                <\/div>\n                <div class=\"col-sm-2\">\n                    <a class=\"btn btn-wire\" href=\"\/it\/casino\/ignition-casino\/\">Recensione<\/a>\n\n                <\/div>\n                <div class=\"col-sm-3\">\n                    <a rel=\"nofollow\" target=\"_blank\" class=\"btn btn-blue\" href=\"\/goto\/goto\/\">Giocare\n                        Ora<\/a>\n\t\t\t\t\t\t\n\n                <\/div>\n            <\/div>\n        <\/div>\n\n\n\n        \n                \n        <div class=\"ranking-table text-center\">\n            <div class=\"row flex ad-row\">\n                <div class=\"col-sm-3\">\n                    <div class=\"row flex\">\n\n                        <div class=\"col-sm-3\">\n                            <div class=\"ranking-number text-center\">\n\n                                3                                \n                            <\/div>\n                        <\/div>\n                        <div class=\"col-sm-9\">\n                            <img decoding=\"async\" src=\"https:\/\/www.blackjackinfo.com\/files\/VipSlots-500x250_dark.svg\" data-no-auto-translation=\"\">\n                        <\/div>\n                    <\/div>\n                <\/div>\n                <div class=\"col-sm-4\">\n                    <div class=\"bonus-text text-center\"><span class=\"red\">100 SPIN GRATUITI su Vita segreta dei gatti<\/span><\/div>\n\t\t\t\t\t\n\n                <\/div>\n                <div class=\"col-sm-2\">\n                    <a class=\"btn btn-wire\" href=\"\/it\/casino\/vipslots-casino\/\">Recensione<\/a>\n\n                <\/div>\n                <div class=\"col-sm-3\">\n                    <a rel=\"nofollow\" target=\"_blank\" class=\"btn btn-blue\" href=\"\/goto\/goto\/\">Giocare\n                        Ora<\/a>\n\t\t\t\t\t\t\n\n                <\/div>\n            <\/div>\n        <\/div>\n\n\n\n        \n                \n        <div class=\"ranking-table text-center\">\n            <div class=\"row flex ad-row\">\n                <div class=\"col-sm-3\">\n                    <div class=\"row flex\">\n\n                        <div class=\"col-sm-3\">\n                            <div class=\"ranking-number text-center\">\n\n                                4                                \n                            <\/div>\n                        <\/div>\n                        <div class=\"col-sm-9\">\n                            <img decoding=\"async\" src=\"https:\/\/www.blackjackinfo.com\/files\/vegas_casino_online.png\" data-no-auto-translation=\"\">\n                        <\/div>\n                    <\/div>\n                <\/div>\n                <div class=\"col-sm-4\">\n                    <div class=\"bonus-text text-center\"><span class=\"red\">300% fino a $3.000<\/span><\/div>\n\t\t\t\t\t\n\n                <\/div>\n                <div class=\"col-sm-2\">\n                    <a class=\"btn btn-wire\" href=\"\/it\/casino\/vegas-casino-online-2\/\">Recensione<\/a>\n\n                <\/div>\n                <div class=\"col-sm-3\">\n                    <a rel=\"nofollow\" target=\"_blank\" class=\"btn btn-blue\" href=\"\/goto\/goto\/\">Giocare\n                        Ora<\/a>\n\t\t\t\t\t\t\n\n                <\/div>\n            <\/div>\n        <\/div>\n\n\n\n        \n                \n        <div class=\"ranking-table text-center\">\n            <div class=\"row flex ad-row\">\n                <div class=\"col-sm-3\">\n                    <div class=\"row flex\">\n\n                        <div class=\"col-sm-3\">\n                            <div class=\"ranking-number text-center\">\n\n                                5                                \n                            <\/div>\n                        <\/div>\n                        <div class=\"col-sm-9\">\n                            <img decoding=\"async\" src=\"https:\/\/www.blackjackinfo.com\/files\/cafe-casino-logo.svg\" data-no-auto-translation=\"\">\n                        <\/div>\n                    <\/div>\n                <\/div>\n                <div class=\"col-sm-4\">\n                    <div class=\"bonus-text text-center\"><span class=\"red\">250% fino a $1.500<\/span><\/div>\n\t\t\t\t\t\n\n                <\/div>\n                <div class=\"col-sm-2\">\n                    <a class=\"btn btn-wire\" href=\"\/it\/casino\/cafe-casino\/\">Recensione<\/a>\n\n                <\/div>\n                <div class=\"col-sm-3\">\n                    <a rel=\"nofollow\" target=\"_blank\" class=\"btn btn-blue\" href=\"\/goto\/goto\/\">Giocare\n                        Ora<\/a>\n\t\t\t\t\t\t\n\n                <\/div>\n            <\/div>\n        <\/div>\n\n\n\n            <\/div>\n<\/div><\/p>\n<h2>Le basi<\/h2>\n<p>La strategia del wonging pu\u00f2 essere considerata una sorta di sottotipo di conteggio delle carte, in quanto i giocatori contano le carte al tavolo di blackjack prescelto, ma senza partecipare all'azione. In questo modo i giocatori possono seguire il flusso del gioco e prendere posto ai tavoli solo quando il conteggio \u00e8 favorevole. Normalmente, i giocatori occupano una posizione meno visibile, che consente loro di vedere in anteprima le carte distribuite, e restano l\u00ec finch\u00e9 non \u00e8 il momento giusto.<\/p>\n<p>Una volta che il conteggio \u00e8 favorevole...<\/p>\n<p>... i giocatori si siedono al tavolo per trarre il massimo vantaggio quando l'azione \u00e8 calda. In questo modo risparmiano il tempo e la parte di bankroll che avrebbero altrimenti speso se fossero entrati nell'azione fin dall'inizio. I periodi freddi con conteggi negativi si alternano a quelli positivi e mantengono un certo equilibrio, ma questa particolare strategia elimina del tutto la possibilit\u00e0 di puntare i propri soldi duramente guadagnati senza ottenere una vincita.<\/p>\n<p>Tuttavia, attenzione...<\/p>\n<p>... di apparire troppo vistosi sulla pista del casin\u00f2. Il conteggio delle carte come attivit\u00e0 in s\u00e9 \u00e8 disapprovato, e la direzione del casin\u00f2 \u00e8 costantemente alla ricerca di qualsiasi comportamento evidente: fluttuazioni nelle dimensioni delle puntate, abbandoni improvvisi del tavolo o segnali di trasferimento di informazioni. Per quanto riguarda il wonging, i giocatori devono prestare particolare attenzione al modo in cui si posizionano durante il monitoraggio del tavolo.<\/p>\n<h2>Approcci diversi<\/h2>\n<p>Nel numero massiccio di <a href=\"https:\/\/wizardofodds.com\/gambling\/book-reviews\/blackjack\/\" target=\"_blank\" rel=\"noopener noreferrer\" data-saferedirecturl=\"https:\/\/www.google.com\/url?q=https:\/\/wizardofodds.com\/gambling\/book-reviews\/blackjack\/&amp;source=gmail&amp;ust=1542067350043000&amp;usg=AFQjCNHf7lTAemVEgyCCV6dickfaMrmHlg\">di libri scritti sull'argomento<\/a>Sia da Ferguson che da altri, gli esperti hanno condiviso diversi approcci per una strategia di wonging di successo.<\/p>\n<p>Alcuni \"wongers\" tendono a...<\/p>\n<p>... di comportarsi in modo indaffarato e nervoso fin dal momento in cui entrano nel casin\u00f2, come se avessero un aereo da prendere e il piano del casin\u00f2 fosse solo una tappa di passaggio fino al momento dell'imbarco. Questi tendono a mantenere il loro aspetto indaffarato per tutto il periodo di sorveglianza e durante il gioco vero e proprio al tavolo del blackjack.<\/p>\n<p>Altri bacchettoni, invece...<\/p>\n<p>... applicare una sorta di autosabotaggio. Questo deve essere fatto con attenzione, in modo che non sembri fatto apposta e usato contro l'interesse del giocatore. Nella maggior parte dei casi, i wongers entrano al tavolo in un momento di punta, giocano qualche mano mentre il gioco \u00e8 di loro gradimento e se ne vanno, ma non prima di aver rischiato parte delle loro vincite per mantenere le apparenze. Pu\u00f2 capitare che raddoppino le puntate dopo una vincita o che le aumentino durante un conteggio meno vantaggioso: in ogni caso, si tratta di qualcosa che disorienta la gestione per il tempo necessario a fuggire.<\/p>\n<h2>Fare squadra<\/h2>\n<p>Il wonging a squadre \u00e8 una terza opzione per praticare meglio questa strategia di blackjack. Pu\u00f2 essere fatto con l'approccio \"wonger - big player\", o semplicemente con un amico che pu\u00f2 giocare con l'azione quanto basta per permettere al wonger di ottenere il conteggio. Nel primo caso, il wonger \u00e8 gi\u00e0 al tavolo, sacrificando una parte del bankroll durante i periodi meno favorevoli, in modo da poter contare le carte con la massima precisione. Una volta idoneo, segnala il \"grande giocatore\" e, una volta entrato nel gioco, il wonger gli trasmette il conteggio esatto del tavolo, di solito utilizzando un codice o un'associazione.<\/p>\n<p>Quest'ultima squadra gioca in opzione...<\/p>\n<p>... richiederebbe comunque il wonger <a href=\"https:\/\/www.blackjackinfo.com\/card-counting\/\" target=\"_blank\" rel=\"noopener noreferrer\" data-saferedirecturl=\"https:\/\/www.google.com\/url?q=https:\/\/www.blackjackinfo.com\/card-counting\/&amp;source=gmail&amp;ust=1542067350043000&amp;usg=AFQjCNEfenYzg4T0vO4KAidhpAk0ciDeIA\">per fare il conteggio delle carte<\/a> ma \u00e8 molto meno evidente agli occhi dei gestori dei casin\u00f2. Una volta che il blackjack \u00e8 entrato nel grande schermo, le strategie pertinenti ivi rappresentate sono state commercializzate e applicate pi\u00f9 diffusamente, con il risultato di ridurre le percentuali di successo.<\/p>\n<p><a href=\"https:\/\/www.imdb.com\/title\/tt0478087\/\">Il film del team del MIT, 21...<\/a><\/p>\n<p>... supporta fortemente questa teoria, poich\u00e9 i personaggi che fanno il conteggio delle carte lavorerebbero con successo in squadre di wonger - strutture di grandi giocatori. Tuttavia, anche la loro tempestiva scomparsa indica la necessit\u00e0 di essere estremamente attenti durante queste trame strategiche.<\/p>\n<h2>Vantaggi del Wonging nel Blackjack<\/h2>\n<p>L'utilizzo della strategia del wonging nel gioco del blackjack ha i suoi vantaggi e svantaggi. Tuttavia, il fatto che sia ancora praticata decenni dopo essere stata spiegata pubblicamente \u00e8 una prova sufficiente del suo carattere benefico.<\/p>\n<p>Un vantaggio...<\/p>\n<p>... \u00e8 il fatto che permette ai giocatori di risparmiare il loro bankroll. Il wonging viene applicato in momenti ottimali, quando il conteggio del tavolo del blackjack \u00e8 positivo. In pratica, questo significa che i wonger vanno direttamente a vincere senza affannarsi per tutta la giornata in attesa che il conteggio del tavolo salga.<\/p>\n<p>In secondo luogo...<\/p>\n<p>... i giocatori che praticano il wonging praticano indirettamente anche la gestione del bankroll, una delle strategie pi\u00f9 consigliate per il successo del gioco d'azzardo in generale. Questa strategia limita il rischio imposto sul bankroll dei giocatori e permette loro di manovrare le dimensioni delle loro scommesse. Tutto sommato, il wonging \u00e8 un'attivit\u00e0 che porta benefici <a href=\"https:\/\/www.blackjackinfo.com\/blackjack-betting-strategies-debunked\/\" target=\"_blank\" rel=\"noopener noreferrer\" data-saferedirecturl=\"https:\/\/www.google.com\/url?q=https:\/\/www.blackjackinfo.com\/blackjack-betting-strategies-debunked\/&amp;source=gmail&amp;ust=1542067350043000&amp;usg=AFQjCNEf1bg25seibfPn2URCoyoDhzkL7Q\">strategie di scommessa giuste<\/a>.<\/p>\n<h2>Wonging corretto<\/h2>\n<p>Il conteggio delle carte, come parte di questa strategia corretta, \u00e8 reso ancora pi\u00f9 facile, anche se non richiede un know-how particolare in generale. Il fatto che, nel wonging, venga eseguito anche in un luogo a scelta del casin\u00f2, lo rende un'abilit\u00e0 ancora pi\u00f9 interessante da acquisire.<\/p>\n<p>Svantaggi<\/p>\n<p>Naturalmente, dal momento che questa strategia ribalta le probabilit\u00e0 a favore dei giocatori, \u00e8 destinata ad essere disapprovata dagli stabilimenti dei casin\u00f2. Pertanto, i giocatori possono a buon diritto ritenere che uno degli svantaggi principali sia il fatto che potrebbero facilmente essere banditi dai loro casin\u00f2 preferiti sulla base dell'ipotesi di praticare questa strategia.<\/p>\n<p>Inoltre...<\/p>\n<p>... la maggior parte degli appassionati di blackjack tende oggi a rivolgersi ai siti dei casin\u00f2 online, che offrono una maggiore accessibilit\u00e0 e una maggiore facilit\u00e0 di gioco. <a href=\"https:\/\/wizardofodds.com\/games\/blackjack\/calculator\/\" target=\"_blank\" rel=\"noopener noreferrer\" data-saferedirecturl=\"https:\/\/www.google.com\/url?q=https:\/\/wizardofodds.com\/games\/blackjack\/calculator\/&amp;source=gmail&amp;ust=1542067350043000&amp;usg=AFQjCNF9l5KJqqwiLUJ7m0nD-KZxib6bRA\">casa<\/a> bordo. Questi servizi, tuttavia, utilizzano un software per il blackjack che non \u00e8 soggetto a wonging e simili.<span style=\"color: #000000;\"> strategie di blackjack.<\/span><\/p>\n<h2>Discussioni del forum correlate<\/h2>\n<ul>\n<li><a href=\"https:\/\/www.blackjackinfo.com\/community\/threads\/wonging-out-and-got-cussed-out.56016\/\">Wonging out e sono stato sgridato.<\/a><\/li>\n<li><a href=\"https:\/\/www.blackjackinfo.com\/community\/threads\/wonging-and-how-to-abuse-it.55644\/\">Wonging e come abusarne?<\/a><\/li>\n<li><a href=\"https:\/\/www.blackjackinfo.com\/community\/threads\/wonging-vs-play-all-an-overview.54880\/\">wonging vs play all, una panoramica<\/a><\/li>\n<li><a href=\"https:\/\/www.blackjackinfo.com\/community\/threads\/wonging-in.23895\/\">Wonging In<\/a><\/li>\n<\/ul>","protected":false},"excerpt":{"rendered":"<p>Introduction to Wonging The gambling strategy known as \u2018Wonging\u2019 has a wide and varied application, but it is most tightly related to the game of blackjack. Basically, it is practiced by players counting cards at one or several blackjack tables on the casino floor, and choosing the prime moment, based on their count, to enter [&hellip;]<\/p>\n","protected":false},"author":4,"featured_media":0,"parent":0,"menu_order":0,"comment_status":"open","ping_status":"closed","template":"","meta":{"_acf_changed":false,"footnotes":""},"tags":[],"class_list":["post-5052","page","type-page","status-publish","hentry"],"acf":[],"yoast_head":"<!-- This site is optimized with the Yoast SEO plugin v26.6 - https:\/\/yoast.com\/wordpress\/plugins\/seo\/ -->\n<title>What is Wonging (in Blackjack) ?<\/title>\n<meta name=\"description\" content=\"Wonging is a largely successful blackjack strategy allowing players to enjoy gameplay at the most favorable table counts, at live and online casinos alike.\" \/>\n<meta name=\"robots\" content=\"index, follow, max-snippet:-1, max-image-preview:large, max-video-preview:-1\" \/>\n<link rel=\"canonical\" href=\"https:\/\/www.blackjackinfo.com\/it\/che-cose-il-wonging-nel-blackjack\/\" \/>\n<meta property=\"og:locale\" content=\"it_IT\" \/>\n<meta property=\"og:type\" content=\"article\" \/>\n<meta property=\"og:title\" content=\"What is Wonging (in Blackjack) ?\" \/>\n<meta property=\"og:description\" content=\"Wonging is a largely successful blackjack strategy allowing players to enjoy gameplay at the most favorable table counts, at live and online casinos alike.\" \/>\n<meta property=\"og:url\" content=\"https:\/\/www.blackjackinfo.com\/it\/che-cose-il-wonging-nel-blackjack\/\" \/>\n<meta property=\"og:site_name\" content=\"BlackjackInfo.com\" \/>\n<meta property=\"article:modified_time\" content=\"2020-02-19T00:27:05+00:00\" \/>\n<meta name=\"twitter:label1\" content=\"Tempo di lettura stimato\" \/>\n\t<meta name=\"twitter:data1\" content=\"5 minuti\" \/>\n<script type=\"application\/ld+json\" class=\"yoast-schema-graph\">{\"@context\":\"https:\/\/schema.org\",\"@graph\":[{\"@type\":\"WebPage\",\"@id\":\"https:\/\/www.blackjackinfo.com\/what-is-wonging-in-blackjack\/\",\"url\":\"https:\/\/www.blackjackinfo.com\/what-is-wonging-in-blackjack\/\",\"name\":\"What is Wonging (in Blackjack) ?\",\"isPartOf\":{\"@id\":\"https:\/\/www.blackjackinfo.com\/#website\"},\"datePublished\":\"2018-11-12T00:31:55+00:00\",\"dateModified\":\"2020-02-19T00:27:05+00:00\",\"description\":\"Wonging is a largely successful blackjack strategy allowing players to enjoy gameplay at the most favorable table counts, at live and online casinos alike.\",\"breadcrumb\":{\"@id\":\"https:\/\/www.blackjackinfo.com\/what-is-wonging-in-blackjack\/#breadcrumb\"},\"inLanguage\":\"it-IT\",\"potentialAction\":[{\"@type\":\"ReadAction\",\"target\":[\"https:\/\/www.blackjackinfo.com\/what-is-wonging-in-blackjack\/\"]}]},{\"@type\":\"BreadcrumbList\",\"@id\":\"https:\/\/www.blackjackinfo.com\/what-is-wonging-in-blackjack\/#breadcrumb\",\"itemListElement\":[{\"@type\":\"ListItem\",\"position\":1,\"name\":\"Home\",\"item\":\"https:\/\/www.blackjackinfo.com\/\"},{\"@type\":\"ListItem\",\"position\":2,\"name\":\"What is Wonging (in Blackjack) ?\"}]},{\"@type\":\"WebSite\",\"@id\":\"https:\/\/www.blackjackinfo.com\/#website\",\"url\":\"https:\/\/www.blackjackinfo.com\/\",\"name\":\"BlackjackInfo.com\",\"description\":\"Because Winning is More Fun!\",\"potentialAction\":[{\"@type\":\"SearchAction\",\"target\":{\"@type\":\"EntryPoint\",\"urlTemplate\":\"https:\/\/www.blackjackinfo.com\/?s={search_term_string}\"},\"query-input\":{\"@type\":\"PropertyValueSpecification\",\"valueRequired\":true,\"valueName\":\"search_term_string\"}}],\"inLanguage\":\"it-IT\"}]}<\/script>\n<!-- \/ Yoast SEO plugin. -->","yoast_head_json":{"title":"Che cos'\u00e8 il Wonging (nel Blackjack)?","description":"Il wonging \u00e8 una strategia di blackjack di grande successo che consente ai giocatori di giocare ai tavoli pi\u00f9 favorevoli, sia nei casin\u00f2 dal vivo che in quelli online.","robots":{"index":"index","follow":"follow","max-snippet":"max-snippet:-1","max-image-preview":"max-image-preview:large","max-video-preview":"max-video-preview:-1"},"canonical":"https:\/\/www.blackjackinfo.com\/it\/che-cose-il-wonging-nel-blackjack\/","og_locale":"it_IT","og_type":"article","og_title":"What is Wonging (in Blackjack) ?","og_description":"Wonging is a largely successful blackjack strategy allowing players to enjoy gameplay at the most favorable table counts, at live and online casinos alike.","og_url":"https:\/\/www.blackjackinfo.com\/it\/che-cose-il-wonging-nel-blackjack\/","og_site_name":"BlackjackInfo.com","article_modified_time":"2020-02-19T00:27:05+00:00","twitter_misc":{"Tempo di lettura stimato":"5 minuti"},"schema":{"@context":"https:\/\/schema.org","@graph":[{"@type":"WebPage","@id":"https:\/\/www.blackjackinfo.com\/what-is-wonging-in-blackjack\/","url":"https:\/\/www.blackjackinfo.com\/what-is-wonging-in-blackjack\/","name":"Che cos'\u00e8 il Wonging (nel Blackjack)?","isPartOf":{"@id":"https:\/\/www.blackjackinfo.com\/#website"},"datePublished":"2018-11-12T00:31:55+00:00","dateModified":"2020-02-19T00:27:05+00:00","description":"Il wonging \u00e8 una strategia di blackjack di grande successo che consente ai giocatori di giocare ai tavoli pi\u00f9 favorevoli, sia nei casin\u00f2 dal vivo che in quelli online.","breadcrumb":{"@id":"https:\/\/www.blackjackinfo.com\/what-is-wonging-in-blackjack\/#breadcrumb"},"inLanguage":"it-IT","potentialAction":[{"@type":"ReadAction","target":["https:\/\/www.blackjackinfo.com\/what-is-wonging-in-blackjack\/"]}]},{"@type":"BreadcrumbList","@id":"https:\/\/www.blackjackinfo.com\/what-is-wonging-in-blackjack\/#breadcrumb","itemListElement":[{"@type":"ListItem","position":1,"name":"Home","item":"https:\/\/www.blackjackinfo.com\/"},{"@type":"ListItem","position":2,"name":"What is Wonging (in Blackjack) ?"}]},{"@type":"WebSite","@id":"https:\/\/www.blackjackinfo.com\/#website","url":"https:\/\/www.blackjackinfo.com\/","name":"BlackjackInfo.com","description":"Perch\u00e9 vincere \u00e8 pi\u00f9 divertente!","potentialAction":[{"@type":"SearchAction","target":{"@type":"EntryPoint","urlTemplate":"https:\/\/www.blackjackinfo.com\/?s={search_term_string}"},"query-input":{"@type":"PropertyValueSpecification","valueRequired":true,"valueName":"search_term_string"}}],"inLanguage":"it-IT"}]}},"_links":{"self":[{"href":"https:\/\/www.blackjackinfo.com\/it\/wp-json\/wp\/v2\/pages\/5052","targetHints":{"allow":["GET"]}}],"collection":[{"href":"https:\/\/www.blackjackinfo.com\/it\/wp-json\/wp\/v2\/pages"}],"about":[{"href":"https:\/\/www.blackjackinfo.com\/it\/wp-json\/wp\/v2\/types\/page"}],"author":[{"embeddable":true,"href":"https:\/\/www.blackjackinfo.com\/it\/wp-json\/wp\/v2\/users\/4"}],"replies":[{"embeddable":true,"href":"https:\/\/www.blackjackinfo.com\/it\/wp-json\/wp\/v2\/comments?post=5052"}],"version-history":[{"count":6,"href":"https:\/\/www.blackjackinfo.com\/it\/wp-json\/wp\/v2\/pages\/5052\/revisions"}],"predecessor-version":[{"id":5478,"href":"https:\/\/www.blackjackinfo.com\/it\/wp-json\/wp\/v2\/pages\/5052\/revisions\/5478"}],"wp:attachment":[{"href":"https:\/\/www.blackjackinfo.com\/it\/wp-json\/wp\/v2\/media?parent=5052"}],"wp:term":[{"taxonomy":"post_tag","embeddable":true,"href":"https:\/\/www.blackjackinfo.com\/it\/wp-json\/wp\/v2\/tags?post=5052"}],"curies":[{"name":"wp","href":"https:\/\/api.w.org\/{rel}","templated":true}]}}