{"id":5245,"date":"2019-02-26T11:18:30","date_gmt":"2019-02-26T17:18:30","guid":{"rendered":"https:\/\/www.blackjackinfo.com\/?page_id=5245"},"modified":"2019-05-03T02:05:40","modified_gmt":"2019-05-03T07:05:40","slug":"gioco-del-blackjack-multiplayer","status":"publish","type":"page","link":"https:\/\/www.blackjackinfo.com\/it\/online-blackjack\/multiplayer-blackjack-game\/","title":{"rendered":"Gioco del Blackjack multigiocatore"},"content":{"rendered":"<p>Questo gioco di blackjack gratuito \u00e8 un'ottima fonte di intrattenimento gratuito che permette di esercitarsi e di imparare il gioco prima di optare per il gioco di blackjack. <a href=\"https:\/\/www.blackjackinfo.com\/online-blackjack\/\">blackjack con soldi veri<\/a> versione. <\/p>\n\n\n\n<p>Ma non\nnon \u00e8 sufficiente giocare al blackjack online multigiocatore per esercitarsi nel gioco reale.\nper il vostro gioco reale, questo \u00e8 un gioco fantastico da giocare in qualsiasi momento. Il gioco \u00e8 facile da\nimparare e facile da giocare a casa o anche sul proprio dispositivo mobile.<\/p>\n\n\n\n<h2 class=\"wp-block-heading\">Layout del tavolo del blackjack online multigiocatore<\/h2>\n\n\n\n<p>Conoscere\nConoscere la disposizione del tavolo da blackjack multigiocatore \u00e8 molto importante per la comprensione del funzionamento del gioco e il\ncapire come funziona il gioco, oltre che per il vostro divertimento generale.\ngioco. <\/p>\n\n\n\n<p>Fino a cinque\ngiocatori possono sedersi al tavolo virtuale alla volta, ognuno con il proprio quadrato di scommessa\nin cui piazzare le fiches e ricevere le carte. Nella parte inferiore dello schermo\nschermo c'\u00e8 una serie di fiches, che vanno dal minimo del tavolo di 1, 5, 10, 20 e 50 fiches,\n20 e 50. <\/p>\n\n\n\n<p>Un semplice\npulsante di distribuzione consente di piazzare in modo rapido e semplice la propria puntata nel\ncorrispondente casella di puntata. La posizione del mazziere del blackjack si trova in alto al\ncentro dello schermo e le carte vengono distribuite da una scarpa situata in alto a destra dello schermo.\ndello schermo. <\/p>\n\n\n\n<h2 class=\"wp-block-heading\">L'obiettivo del Blackjack<\/h2>\n\n\n\n<p>Il <a href=\"https:\/\/www.blackjackinfo.com\/blackjack-rules\/\">obiettivo del blackjack<\/a> \u00e8 abbastanza semplice da capire. Ogni giocatore gioca contro il banco del blackjack come individuo, e non contro l'altro come nel poker. L'idea \u00e8 quella di raggiungere un punteggio di 21 o di avvicinarsi il pi\u00f9 possibile a questo punteggio senza andare oltre (il cosiddetto bust). L'obiettivo \u00e8 anche quello di battere il banco, realizzando un blackjack o mandandolo in bancarotta. <\/p>\n\n\n\n<h2 class=\"wp-block-heading\">Come giocare a Blackjack online multigiocatore gratis<\/h2>\n\n\n\n<p>Giocare\nblackjack online multigiocatore \u00e8 facile e, anche se non avete mai giocato a blackjack, basta seguire questi semplici passi.\nprima d'ora, basta seguire questi semplici passi.<\/p>\n\n\n\n<h3 class=\"wp-block-heading\">Primo passo: prendere posto<\/h3>\n\n\n\n<p>\u00c8 sufficiente cliccare su una delle caselle dei giocatori sul pulsante \"Siediti\". Create un nome utente rapido e preparatevi a piazzare la vostra prima scommessa. <\/p>\n\n\n\n<h3 class=\"wp-block-heading\">Fase due: piazzare la scommessa<\/h3>\n\n\n\n<p>Se state giocando gratuitamente, vedrete che il gioco vi ha gi\u00e0 assegnato un bankroll con cui giocare, visualizzato nell'angolo in alto a destra dello schermo. Tenete d'occhio questo numero perch\u00e9 fluttuer\u00e0 a seconda che vinciate o perdiate le vostre scommesse. <\/p>\n\n\n\n<p>Quindi, decidere quanto si vuole scommettere selezionando la dimensione appropriata delle fiches nella parte inferiore dello schermo. Una volta selezionata, apparir\u00e0 un nuovo pulsante con la dicitura \"Pronto\". Fare clic su questo pulsante per piazzare la propria puntata. Si noter\u00e0 una finestra di conto alla rovescia che indica un limite di tempo per piazzare la puntata. Se non si \u00e8 piazzata la puntata entro la fine del conto alla rovescia, la scommessa verr\u00e0 annullata e si dovr\u00e0 ricominciare da capo.<\/p>\n\n\n\n<h3 class=\"wp-block-heading\">Terzo passo: Giocare la mano<\/h3>\n\n\n\n<p>Una volta\nCliccando sul pulsante \"pronto\", il croupier vi dar\u00e0 le prime due carte.\nApparir\u00e0 una nuova finestra con tre opzioni:<\/p>\n\n\n\n<ul class=\"wp-block-list\"><li>Colpire = Ricevere un'altra carta<\/li><li>Raddoppio = Raddoppiare la puntata e ricevere\nun'altra carta<\/li><li>Stand = Non vengono aggiunte altre carte\naggiunte alla mano corrente<\/li><\/ul>\n\n\n\n<p>Anche in questo caso, vi verr\u00e0 dato un conto alla rovescia per prendere una decisione. \u00c8 qui che la conoscenza di un po' di <a href=\"https:\/\/www.blackjackinfo.com\/blackjack-basic-strategy-engine\/\">strategia di base del blackjack<\/a> vi sar\u00e0 utile perch\u00e9 vi permetter\u00e0 di fare la scelta migliore in base alla carta scoperta del banco.<\/p>\n\n\n\n<h3 class=\"wp-block-heading\">Quarto passo: Opzioni di scommessa aggiuntive<\/h3>\n\n\n\n<p>A seconda\nIn base alle prime due carte, il croupier vi offrir\u00e0 ulteriori opzioni di scommessa.\nopzioni di scommessa. Queste includono:<\/p>\n\n\n\n<ul class=\"wp-block-list\"><li>Split = Se le prime due carte sono\ndello stesso valore, ad esempio due 8 o due Assi e cos\u00ec via. Si pu\u00f2 allora\ndividere la mano in due puntate separate, ciascuna con una puntata equivalente. Il\nIl croupier giocher\u00e0 ogni mano separatamente, chiedendo all'utente di fare delle scelte per ciascuna di esse\nin base alle opzioni di puntata standard. <\/li><li>Assicurazione = A volte il dealer\nchieder\u00e0 se si vuole fare l'assicurazione su certe mani, di solito quando la carta scoperta del\ncarta scoperta del banco \u00e8 un Asso. L'assicurazione vi rimborser\u00e0 met\u00e0 della vostra\npuntata su una scommessa perdente. <\/li><\/ul>","protected":false},"excerpt":{"rendered":"<p>This free blackjack game is a great free source of entertainment where you can enjoy practicing and learning the game prior to opting for the real money blackjack version. But you don\u2019t just have to play online multiplayer blackjack as a way to practice for your real game, this is a great game to play [&hellip;]<\/p>\n","protected":false},"author":4,"featured_media":0,"parent":1928,"menu_order":0,"comment_status":"open","ping_status":"closed","template":"page-multiplayer-blackjack.php","meta":{"_acf_changed":false,"footnotes":""},"tags":[],"class_list":["post-5245","page","type-page","status-publish","hentry"],"acf":[],"yoast_head":"<!-- This site is optimized with the Yoast SEO plugin v26.6 - https:\/\/yoast.com\/wordpress\/plugins\/seo\/ -->\n<title>Free Online Multiplayer Blackjack Game - Up to 5 Players at Once<\/title>\n<meta name=\"description\" content=\"Fancy a game of blackjack? Try our multiplayer version where you get to play alongisde 4 other players!\" \/>\n<meta name=\"robots\" content=\"index, follow, max-snippet:-1, max-image-preview:large, max-video-preview:-1\" \/>\n<link rel=\"canonical\" href=\"https:\/\/www.blackjackinfo.com\/it\/blackjack-online-2\/gioco-del-blackjack-multiplayer\/\" \/>\n<meta property=\"og:locale\" content=\"it_IT\" \/>\n<meta property=\"og:type\" content=\"article\" \/>\n<meta property=\"og:title\" content=\"Free Online Multiplayer Blackjack Game - Up to 5 Players at Once\" \/>\n<meta property=\"og:description\" content=\"Fancy a game of blackjack? Try our multiplayer version where you get to play alongisde 4 other players!\" \/>\n<meta property=\"og:url\" content=\"https:\/\/www.blackjackinfo.com\/it\/blackjack-online-2\/gioco-del-blackjack-multiplayer\/\" \/>\n<meta property=\"og:site_name\" content=\"BlackjackInfo.com\" \/>\n<meta property=\"article:modified_time\" content=\"2019-05-03T07:05:40+00:00\" \/>\n<meta name=\"twitter:label1\" content=\"Tempo di lettura stimato\" \/>\n\t<meta name=\"twitter:data1\" content=\"3 minuti\" \/>\n<script type=\"application\/ld+json\" class=\"yoast-schema-graph\">{\"@context\":\"https:\/\/schema.org\",\"@graph\":[{\"@type\":\"WebPage\",\"@id\":\"https:\/\/www.blackjackinfo.com\/online-blackjack\/multiplayer-blackjack-game\/\",\"url\":\"https:\/\/www.blackjackinfo.com\/online-blackjack\/multiplayer-blackjack-game\/\",\"name\":\"Free Online Multiplayer Blackjack Game - Up to 5 Players at Once\",\"isPartOf\":{\"@id\":\"https:\/\/www.blackjackinfo.com\/#website\"},\"datePublished\":\"2019-02-26T17:18:30+00:00\",\"dateModified\":\"2019-05-03T07:05:40+00:00\",\"description\":\"Fancy a game of blackjack? Try our multiplayer version where you get to play alongisde 4 other players!\",\"breadcrumb\":{\"@id\":\"https:\/\/www.blackjackinfo.com\/online-blackjack\/multiplayer-blackjack-game\/#breadcrumb\"},\"inLanguage\":\"it-IT\",\"potentialAction\":[{\"@type\":\"ReadAction\",\"target\":[\"https:\/\/www.blackjackinfo.com\/online-blackjack\/multiplayer-blackjack-game\/\"]}]},{\"@type\":\"BreadcrumbList\",\"@id\":\"https:\/\/www.blackjackinfo.com\/online-blackjack\/multiplayer-blackjack-game\/#breadcrumb\",\"itemListElement\":[{\"@type\":\"ListItem\",\"position\":1,\"name\":\"Home\",\"item\":\"https:\/\/www.blackjackinfo.com\/\"},{\"@type\":\"ListItem\",\"position\":2,\"name\":\"Online Blackjack for Real Money\",\"item\":\"https:\/\/www.blackjackinfo.com\/online-blackjack\/\"},{\"@type\":\"ListItem\",\"position\":3,\"name\":\"Multiplayer Blackjack Game\"}]},{\"@type\":\"WebSite\",\"@id\":\"https:\/\/www.blackjackinfo.com\/#website\",\"url\":\"https:\/\/www.blackjackinfo.com\/\",\"name\":\"BlackjackInfo.com\",\"description\":\"Because Winning is More Fun!\",\"potentialAction\":[{\"@type\":\"SearchAction\",\"target\":{\"@type\":\"EntryPoint\",\"urlTemplate\":\"https:\/\/www.blackjackinfo.com\/?s={search_term_string}\"},\"query-input\":{\"@type\":\"PropertyValueSpecification\",\"valueRequired\":true,\"valueName\":\"search_term_string\"}}],\"inLanguage\":\"it-IT\"}]}<\/script>\n<!-- \/ Yoast SEO plugin. -->","yoast_head_json":{"title":"Gioco del Blackjack multigiocatore online gratuito - Fino a 5 giocatori contemporaneamente","description":"Avete voglia di una partita a blackjack? Provate la nostra versione multigiocatore dove potrete giocare insieme ad altri 4 giocatori!","robots":{"index":"index","follow":"follow","max-snippet":"max-snippet:-1","max-image-preview":"max-image-preview:large","max-video-preview":"max-video-preview:-1"},"canonical":"https:\/\/www.blackjackinfo.com\/it\/blackjack-online-2\/gioco-del-blackjack-multiplayer\/","og_locale":"it_IT","og_type":"article","og_title":"Free Online Multiplayer Blackjack Game - Up to 5 Players at Once","og_description":"Fancy a game of blackjack? Try our multiplayer version where you get to play alongisde 4 other players!","og_url":"https:\/\/www.blackjackinfo.com\/it\/blackjack-online-2\/gioco-del-blackjack-multiplayer\/","og_site_name":"BlackjackInfo.com","article_modified_time":"2019-05-03T07:05:40+00:00","twitter_misc":{"Tempo di lettura stimato":"3 minuti"},"schema":{"@context":"https:\/\/schema.org","@graph":[{"@type":"WebPage","@id":"https:\/\/www.blackjackinfo.com\/online-blackjack\/multiplayer-blackjack-game\/","url":"https:\/\/www.blackjackinfo.com\/online-blackjack\/multiplayer-blackjack-game\/","name":"Gioco del Blackjack multigiocatore online gratuito - Fino a 5 giocatori contemporaneamente","isPartOf":{"@id":"https:\/\/www.blackjackinfo.com\/#website"},"datePublished":"2019-02-26T17:18:30+00:00","dateModified":"2019-05-03T07:05:40+00:00","description":"Avete voglia di una partita a blackjack? Provate la nostra versione multigiocatore dove potrete giocare insieme ad altri 4 giocatori!","breadcrumb":{"@id":"https:\/\/www.blackjackinfo.com\/online-blackjack\/multiplayer-blackjack-game\/#breadcrumb"},"inLanguage":"it-IT","potentialAction":[{"@type":"ReadAction","target":["https:\/\/www.blackjackinfo.com\/online-blackjack\/multiplayer-blackjack-game\/"]}]},{"@type":"BreadcrumbList","@id":"https:\/\/www.blackjackinfo.com\/online-blackjack\/multiplayer-blackjack-game\/#breadcrumb","itemListElement":[{"@type":"ListItem","position":1,"name":"Home","item":"https:\/\/www.blackjackinfo.com\/"},{"@type":"ListItem","position":2,"name":"Online Blackjack for Real Money","item":"https:\/\/www.blackjackinfo.com\/online-blackjack\/"},{"@type":"ListItem","position":3,"name":"Multiplayer Blackjack Game"}]},{"@type":"WebSite","@id":"https:\/\/www.blackjackinfo.com\/#website","url":"https:\/\/www.blackjackinfo.com\/","name":"BlackjackInfo.com","description":"Perch\u00e9 vincere \u00e8 pi\u00f9 divertente!","potentialAction":[{"@type":"SearchAction","target":{"@type":"EntryPoint","urlTemplate":"https:\/\/www.blackjackinfo.com\/?s={search_term_string}"},"query-input":{"@type":"PropertyValueSpecification","valueRequired":true,"valueName":"search_term_string"}}],"inLanguage":"it-IT"}]}},"_links":{"self":[{"href":"https:\/\/www.blackjackinfo.com\/it\/wp-json\/wp\/v2\/pages\/5245","targetHints":{"allow":["GET"]}}],"collection":[{"href":"https:\/\/www.blackjackinfo.com\/it\/wp-json\/wp\/v2\/pages"}],"about":[{"href":"https:\/\/www.blackjackinfo.com\/it\/wp-json\/wp\/v2\/types\/page"}],"author":[{"embeddable":true,"href":"https:\/\/www.blackjackinfo.com\/it\/wp-json\/wp\/v2\/users\/4"}],"replies":[{"embeddable":true,"href":"https:\/\/www.blackjackinfo.com\/it\/wp-json\/wp\/v2\/comments?post=5245"}],"version-history":[{"count":12,"href":"https:\/\/www.blackjackinfo.com\/it\/wp-json\/wp\/v2\/pages\/5245\/revisions"}],"predecessor-version":[{"id":5344,"href":"https:\/\/www.blackjackinfo.com\/it\/wp-json\/wp\/v2\/pages\/5245\/revisions\/5344"}],"up":[{"embeddable":true,"href":"https:\/\/www.blackjackinfo.com\/it\/wp-json\/wp\/v2\/pages\/1928"}],"wp:attachment":[{"href":"https:\/\/www.blackjackinfo.com\/it\/wp-json\/wp\/v2\/media?parent=5245"}],"wp:term":[{"taxonomy":"post_tag","embeddable":true,"href":"https:\/\/www.blackjackinfo.com\/it\/wp-json\/wp\/v2\/tags?post=5245"}],"curies":[{"name":"wp","href":"https:\/\/api.w.org\/{rel}","templated":true}]}}